{"id":31695,"date":"2024-07-03T11:16:30","date_gmt":"2024-07-03T09:16:30","guid":{"rendered":"https:\/\/www.maitri.pl\/?post_type=product&#038;p=31695"},"modified":"2025-03-31T14:13:55","modified_gmt":"2025-03-31T12:13:55","slug":"codzienny-obiad-kamerun","status":"publish","type":"product","link":"https:\/\/www.maitri.pl\/fr\/projekt\/codzienny-obiad-kamerun\/","title":{"rendered":"Codzienny obiad dla dzieci z przedszkola i szko\u0142y w Abong-Mbang"},"content":{"rendered":"<h4><strong>Potrzeba kontynuacji do\u017cywiania<\/strong><\/h4>\n<p>Ju\u017c od 13 lat dzieci ze szko\u0142y \u015bw. Aloys w Abong-Mbang w Kamerunie korzystaj\u0105 z do\u017cywiania. Pocz\u0105tkowo akcj\u0105 \u00ab\u00a0codzienny obiad\u00a0\u00bb obj\u0119te by\u0142y tylko dzieci ze Szko\u0142y Podstawowej, ale od 5 lat karmimy r\u00f3wnie\u017c te z przedszkola. Kupujemy i gotujemy im na zmian\u0119 ry\u017c z fasol\u0105, ryby, a czasem chleb z czekolad\u0105, kt\u00f3ry uwielbiaj\u0105, a tak\u017ce mleko. Kupujemy te\u017c olej i inne produkty. Do\u017cywianie ma wielki i bardzo pozytywny wp\u0142yw na regularne ucz\u0119szczanie dzieci do szko\u0142y. Codzienny obiad zapobiega omdleniom, uodparnia na zachorowania itp. Dla wielu dzieci jest to jedyny posi\u0142ek w ci\u0105gu dnia, rano przychodz\u0105 do szko\u0142y g\u0142odne. Karmimy r\u00f3wnie\u017c podopiecznych programu <a href=\"https:\/\/www.maitri.pl\/adopcja-serca\/\" target=\"_blank\" rel=\"noopener\">Adopcja Serca<\/a>.<\/p>\n<h4>Coraz wi\u0119cej ch\u0119tnych<\/h4>\n<p>O wp\u0142ywie do\u017cywiania \u015bwiadczy r\u00f3wnie\u017c wzrost liczby uczni\u00f3w do 420 w z szkole podstawowej\u00a0 i do 120 w przedszkolu w ubieg\u0142ym roku szkolnym. Liczymy na dalszy wzrost liczby od wrze\u015bnia 2024.\u00a0 Dzi\u0119ki temu, \u017ce dzieci otrzymuj\u0105 codzienny obiad w szkole, mo\u017cemy zapobiec zm\u0119czeniu, a tak\u017ce ich rozkojarzeniu przed zako\u0144czeniem godzin nauki. Dzi\u0119ki do\u017cywianiu dzieci nie uciekaj\u0105 ze szko\u0142y w celu poszukania czego\u015b do zjedzenia. Po wielu\u00a0 latach do\u015bwiadczenia w do\u017cywianiu dzieci w szkole widoczne s\u0105 pozytywne zmiany. Dzieci\u00a0 regularnie ucz\u0119szczaj\u0105 do szko\u0142y, co nie wyst\u0119puje w okolicznych szko\u0142ach pa\u0144stwowych, a nawet prywatnych. Wci\u0105\u017c wzrasta zaufanie rodzic\u00f3w i ich zaanga\u017cowanie w dzia\u0142ania szko\u0142y.<\/p>\n<h4>Najlepsza szko\u0142a<\/h4>\n<p>Wzrost poziomu nauczania zmieni\u0142 renom\u0119 naszej szko\u0142y. Od kilku lat jeste\u015bmy jedn\u0105 z najlepszych szk\u00f3\u0142 w miasteczku, jak r\u00f3wnie\u017c w diecezji. Dos\u0142ownie 100% uczni\u00f3w zda\u0142o egzaminy wst\u0119pne do szk\u00f3\u0142 \u015brednich i tyle samo zaliczy\u0142o egzaminy uko\u0144czenia szko\u0142y podstawowej. Codzienny obiad sprawia, \u017ce nie tylko dzieci s\u0105 mniej zm\u0119czone. R\u00f3wnie\u017c nauczyciele czuj\u0105 si\u0119 lepiej, bo im te\u017c przy okazji ofiarujemy talerz ry\u017cu b\u0105d\u017a kubek mleka. Sami co miesi\u0105c ofiaruj\u0105 ma\u0142\u0105 sum\u0119 za mo\u017cliwo\u015b\u0107 zjedzenia posi\u0142ku. Dzieci zamiast pracowa\u0107 za wszelk\u0105 cen\u0119\u00a0 na jedzenie, po\u015bwi\u0119caj\u0105 wi\u0119cej czasu na nauk\u0119. Prosimy o kontynuacj\u0119 akcji do\u017cywiania w Abong Mbang.Realizacja projektu przewidziana jest w okresie wrzesie\u0144 2024 \u2013 sierpie\u0144 2025.<\/p>\n<h4>Kosztorys:<\/h4>\n<div id=\"attachment_31696\" style=\"width: 984px\" class=\"wp-caption alignnone\"><img loading=\"lazy\" decoding=\"async\" aria-describedby=\"caption-attachment-31696\" class=\"wp-image-31696 size-full\" src=\"https:\/\/www.maitri.pl\/wp-content\/uploads\/2024\/07\/163-chrys.jpg\" alt=\"Codzienny obiad dla dzieci z Przedszkola i Szko\u0142y Podstawowej w Abong-Mbang 05\" width=\"974\" height=\"696\" srcset=\"https:\/\/www.maitri.pl\/wp-content\/uploads\/2024\/07\/163-chrys.jpg 974w, https:\/\/www.maitri.pl\/wp-content\/uploads\/2024\/07\/163-chrys-300x214.jpg 300w, https:\/\/www.maitri.pl\/wp-content\/uploads\/2024\/07\/163-chrys-768x549.jpg 768w, https:\/\/www.maitri.pl\/wp-content\/uploads\/2024\/07\/163-chrys-600x429.jpg 600w\" sizes=\"auto, (max-width: 974px) 100vw, 974px\" \/><p id=\"caption-attachment-31696\" class=\"wp-caption-text\"><em style=\"font-size: 16px;\">s. Alicja Adamska, <a href=\"http:\/\/duszajezusa.pl\/\" target=\"_blank\" rel=\"noopener noreferrer\">Zgromadzenie Si\u00f3str Naj\u015bwi\u0119tszej Duszy Chrystusa Pana<\/a><\/em><\/p><\/div>\n<p><strong>PODSUMOWANIE<\/strong> (w miejscowej walucie) &#8211; razem <strong>5 850 000 frank\u00f3w CFA<\/strong><\/p>\n<p style=\"text-align: justify;\" align=\"JUSTIFY\"><span style=\"color: #ff0000;\"><span style=\"font-size: large;\"><b>Kwota projektu: 9 290 \u20ac<br \/>\n<\/b><\/span><\/span><\/p>\n<p style=\"text-align: justify;\"><strong>Numer projektu: 163\/CHRYS <\/strong><\/p>\n<p style=\"text-align: justify;\" align=\"JUSTIFY\"><span style=\"color: #808080;\">Stowarzyszenie Ruchu\u00a0<em>Maitri<\/em>\u00a0przeznacza do 10% otrzymanych \u015brodk\u00f3w na koszty funkcjonowania biura i pozyskiwanie funduszy pomocowych.<\/span><\/p>\n<h3 style=\"text-align: justify;\" align=\"JUSTIFY\"><span style=\"color: #808080;\">Codzienny obiad dla dzieci z Przedszkola i Szko\u0142y Podstawowej w Abong-Mbang w Kamerunie<\/span><\/h3>\n","protected":false},"excerpt":{"rendered":"<p><strong>Projekt: <\/strong><em>s. Alicja Adamska, <a href=\"http:\/\/duszajezusa.pl\/\" target=\"_blank\" rel=\"noopener noreferrer\">Zgromadzenie Si\u00f3str Naj\u015bwi\u0119tszej Duszy Chrystusa Pana<\/a><\/em><br \/>\n<strong>Misja:<\/strong> Abong Mbang, <a href=\"https:\/\/www.maitri.pl\/gdzie-pomagamy\/\" target=\"_blank\" rel=\"noopener noreferrer\">Kamerun<\/a><br \/>\n<strong>Kwota projektu: <span style=\"color: #ff0000;\">9 920 \u20ac<\/span><\/strong><\/p>\n","protected":false},"featured_media":31702,"template":"","meta":[],"product_brand":[],"product_cat":[656],"product_tag":[662,676,658,659,660],"class_list":{"0":"post-31695","1":"product","2":"type-product","3":"status-publish","4":"has-post-thumbnail","6":"product_cat-bez-kategorii","7":"product_tag-abong-mbang","8":"product_tag-dozywianie","9":"product_tag-kamerun","10":"product_tag-siostra-alicja-adamska","11":"product_tag-zgromadzenie-siostr-najswietszej-duszy-chrystusa-pana","13":"first","14":"instock","15":"virtual","16":"purchasable","17":"product-type-simple"},"yoast_head":"<!-- This site is optimized with the Yoast SEO plugin v27.2 - https:\/\/yoast.com\/product\/yoast-seo-wordpress\/ -->\n<title>Codzienny obiad dla dzieci z przedszkola i szko\u0142y w Kamerunie<\/title>\n<meta name=\"description\" content=\"Codzienny obiad dla dzieci z Przedszkola i Szko\u0142y Podstawowej w Abong-Mbang w Kamerunie. O pomoc prosz\u0105 Siostry Naj\u015bw. Duszy Chrystusa Pana.\" \/>\n<meta name=\"robots\" content=\"index, follow, max-snippet:-1, max-image-preview:large, max-video-preview:-1\" \/>\n<link rel=\"canonical\" href=\"https:\/\/www.maitri.pl\/projekt\/codzienny-obiad-kamerun\/\" \/>\n<meta property=\"og:locale\" content=\"fr_FR\" \/>\n<meta property=\"og:type\" content=\"article\" \/>\n<meta property=\"og:title\" content=\"Codzienny obiad dla dzieci z przedszkola i szko\u0142y w Kamerunie\" \/>\n<meta property=\"og:description\" content=\"Codzienny obiad dla dzieci z Przedszkola i Szko\u0142y Podstawowej w Abong-Mbang w Kamerunie. O pomoc prosz\u0105 Siostry Naj\u015bw. Duszy Chrystusa Pana.\" \/>\n<meta property=\"og:url\" content=\"https:\/\/www.maitri.pl\/projekt\/codzienny-obiad-kamerun\/\" \/>\n<meta property=\"og:site_name\" content=\"Ruch Maitri - Adopcja Serca pomoc Afryce\" \/>\n<meta property=\"article:publisher\" content=\"https:\/\/www.facebook.com\/MAITRI.Adopcja.Serca.dzieci.Afryki\/\" \/>\n<meta property=\"article:modified_time\" content=\"2025-03-31T12:13:55+00:00\" \/>\n<meta property=\"og:image\" content=\"https:\/\/www.maitri.pl\/wp-content\/uploads\/2024\/07\/163-chrys-porcja-ryzu.jpg\" \/>\n\t<meta property=\"og:image:width\" content=\"1152\" \/>\n\t<meta property=\"og:image:height\" content=\"1536\" \/>\n\t<meta property=\"og:image:type\" content=\"image\/jpeg\" \/>\n<meta name=\"twitter:card\" content=\"summary_large_image\" \/>\n<meta name=\"twitter:label1\" content=\"Dur\u00e9e de lecture estim\u00e9e\" \/>\n\t<meta name=\"twitter:data1\" content=\"3 minutes\" \/>\n<script type=\"application\/ld+json\" class=\"yoast-schema-graph\">{\"@context\":\"https:\/\/schema.org\",\"@graph\":[{\"@type\":\"WebPage\",\"@id\":\"https:\/\/www.maitri.pl\/projekt\/codzienny-obiad-kamerun\/\",\"url\":\"https:\/\/www.maitri.pl\/projekt\/codzienny-obiad-kamerun\/\",\"name\":\"Codzienny obiad dla dzieci z przedszkola i szko\u0142y w Kamerunie\",\"isPartOf\":{\"@id\":\"https:\/\/www.maitri.pl\/#website\"},\"primaryImageOfPage\":{\"@id\":\"https:\/\/www.maitri.pl\/projekt\/codzienny-obiad-kamerun\/#primaryimage\"},\"image\":{\"@id\":\"https:\/\/www.maitri.pl\/projekt\/codzienny-obiad-kamerun\/#primaryimage\"},\"thumbnailUrl\":\"https:\/\/www.maitri.pl\/wp-content\/uploads\/2024\/07\/163-chrys-porcja-ryzu.jpg\",\"datePublished\":\"2024-07-03T09:16:30+00:00\",\"dateModified\":\"2025-03-31T12:13:55+00:00\",\"description\":\"Codzienny obiad dla dzieci z Przedszkola i Szko\u0142y Podstawowej w Abong-Mbang w Kamerunie. O pomoc prosz\u0105 Siostry Naj\u015bw. Duszy Chrystusa Pana.\",\"breadcrumb\":{\"@id\":\"https:\/\/www.maitri.pl\/projekt\/codzienny-obiad-kamerun\/#breadcrumb\"},\"inLanguage\":\"fr-FR\",\"potentialAction\":[{\"@type\":\"ReadAction\",\"target\":[\"https:\/\/www.maitri.pl\/projekt\/codzienny-obiad-kamerun\/\"]}]},{\"@type\":\"ImageObject\",\"inLanguage\":\"fr-FR\",\"@id\":\"https:\/\/www.maitri.pl\/projekt\/codzienny-obiad-kamerun\/#primaryimage\",\"url\":\"https:\/\/www.maitri.pl\/wp-content\/uploads\/2024\/07\/163-chrys-porcja-ryzu.jpg\",\"contentUrl\":\"https:\/\/www.maitri.pl\/wp-content\/uploads\/2024\/07\/163-chrys-porcja-ryzu.jpg\",\"width\":1152,\"height\":1536,\"caption\":\"Codzienny obiad dla dzieci z przedszkola i szko\u0142y w Abong-Mbang pomoc Afryce Maitri pomoc ubogim Adopcja Serca Adopcja Duchowa ja\u0142mu\u017cna 03\"},{\"@type\":\"BreadcrumbList\",\"@id\":\"https:\/\/www.maitri.pl\/projekt\/codzienny-obiad-kamerun\/#breadcrumb\",\"itemListElement\":[{\"@type\":\"ListItem\",\"position\":1,\"name\":\"Strona g\u0142\u00f3wna\",\"item\":\"https:\/\/www.maitri.pl\/\"},{\"@type\":\"ListItem\",\"position\":2,\"name\":\"Sklep\",\"item\":\"https:\/\/www.maitri.pl\/sklep\/\"},{\"@type\":\"ListItem\",\"position\":3,\"name\":\"Codzienny obiad dla dzieci z przedszkola i szko\u0142y w Abong-Mbang\"}]},{\"@type\":\"WebSite\",\"@id\":\"https:\/\/www.maitri.pl\/#website\",\"url\":\"https:\/\/www.maitri.pl\/\",\"name\":\"Adopcja Serca Maitri \u2013 pomoc dzieciom w Afryce\",\"description\":\"Adopcja Serca \u2013 adopcja na odleg\u0142o\u015b\u0107, pomoc Afryce, do\u017cywianie i edukacja w Afryce\",\"publisher\":{\"@id\":\"https:\/\/www.maitri.pl\/#organization\"},\"potentialAction\":[{\"@type\":\"SearchAction\",\"target\":{\"@type\":\"EntryPoint\",\"urlTemplate\":\"https:\/\/www.maitri.pl\/?s={search_term_string}\"},\"query-input\":{\"@type\":\"PropertyValueSpecification\",\"valueRequired\":true,\"valueName\":\"search_term_string\"}}],\"inLanguage\":\"fr-FR\"},{\"@type\":\"Organization\",\"@id\":\"https:\/\/www.maitri.pl\/#organization\",\"name\":\"Stowarzyszenie Ruchu Maitri\",\"url\":\"https:\/\/www.maitri.pl\/\",\"logo\":{\"@type\":\"ImageObject\",\"inLanguage\":\"fr-FR\",\"@id\":\"https:\/\/www.maitri.pl\/#\/schema\/logo\/image\/\",\"url\":\"https:\/\/www.maitri.pl\/wp-content\/uploads\/2020\/04\/duze_logo-81.png\",\"contentUrl\":\"https:\/\/www.maitri.pl\/wp-content\/uploads\/2020\/04\/duze_logo-81.png\",\"width\":339,\"height\":321,\"caption\":\"Stowarzyszenie Ruchu Maitri\"},\"image\":{\"@id\":\"https:\/\/www.maitri.pl\/#\/schema\/logo\/image\/\"},\"sameAs\":[\"https:\/\/www.facebook.com\/MAITRI.Adopcja.Serca.dzieci.Afryki\/\"]}]}<\/script>\n<!-- \/ Yoast SEO plugin. -->","yoast_head_json":{"title":"Codzienny obiad dla dzieci z przedszkola i szko\u0142y w Kamerunie","description":"Codzienny obiad dla dzieci z Przedszkola i Szko\u0142y Podstawowej w Abong-Mbang w Kamerunie. O pomoc prosz\u0105 Siostry Naj\u015bw. Duszy Chrystusa Pana.","robots":{"index":"index","follow":"follow","max-snippet":"max-snippet:-1","max-image-preview":"max-image-preview:large","max-video-preview":"max-video-preview:-1"},"canonical":"https:\/\/www.maitri.pl\/projekt\/codzienny-obiad-kamerun\/","og_locale":"fr_FR","og_type":"article","og_title":"Codzienny obiad dla dzieci z przedszkola i szko\u0142y w Kamerunie","og_description":"Codzienny obiad dla dzieci z Przedszkola i Szko\u0142y Podstawowej w Abong-Mbang w Kamerunie. O pomoc prosz\u0105 Siostry Naj\u015bw. Duszy Chrystusa Pana.","og_url":"https:\/\/www.maitri.pl\/projekt\/codzienny-obiad-kamerun\/","og_site_name":"Ruch Maitri - Adopcja Serca pomoc Afryce","article_publisher":"https:\/\/www.facebook.com\/MAITRI.Adopcja.Serca.dzieci.Afryki\/","article_modified_time":"2025-03-31T12:13:55+00:00","og_image":[{"width":1152,"height":1536,"url":"https:\/\/www.maitri.pl\/wp-content\/uploads\/2024\/07\/163-chrys-porcja-ryzu.jpg","type":"image\/jpeg"}],"twitter_card":"summary_large_image","twitter_misc":{"Dur\u00e9e de lecture estim\u00e9e":"3 minutes"},"schema":{"@context":"https:\/\/schema.org","@graph":[{"@type":"WebPage","@id":"https:\/\/www.maitri.pl\/projekt\/codzienny-obiad-kamerun\/","url":"https:\/\/www.maitri.pl\/projekt\/codzienny-obiad-kamerun\/","name":"Codzienny obiad dla dzieci z przedszkola i szko\u0142y w Kamerunie","isPartOf":{"@id":"https:\/\/www.maitri.pl\/#website"},"primaryImageOfPage":{"@id":"https:\/\/www.maitri.pl\/projekt\/codzienny-obiad-kamerun\/#primaryimage"},"image":{"@id":"https:\/\/www.maitri.pl\/projekt\/codzienny-obiad-kamerun\/#primaryimage"},"thumbnailUrl":"https:\/\/www.maitri.pl\/wp-content\/uploads\/2024\/07\/163-chrys-porcja-ryzu.jpg","datePublished":"2024-07-03T09:16:30+00:00","dateModified":"2025-03-31T12:13:55+00:00","description":"Codzienny obiad dla dzieci z Przedszkola i Szko\u0142y Podstawowej w Abong-Mbang w Kamerunie. O pomoc prosz\u0105 Siostry Naj\u015bw. Duszy Chrystusa Pana.","breadcrumb":{"@id":"https:\/\/www.maitri.pl\/projekt\/codzienny-obiad-kamerun\/#breadcrumb"},"inLanguage":"fr-FR","potentialAction":[{"@type":"ReadAction","target":["https:\/\/www.maitri.pl\/projekt\/codzienny-obiad-kamerun\/"]}]},{"@type":"ImageObject","inLanguage":"fr-FR","@id":"https:\/\/www.maitri.pl\/projekt\/codzienny-obiad-kamerun\/#primaryimage","url":"https:\/\/www.maitri.pl\/wp-content\/uploads\/2024\/07\/163-chrys-porcja-ryzu.jpg","contentUrl":"https:\/\/www.maitri.pl\/wp-content\/uploads\/2024\/07\/163-chrys-porcja-ryzu.jpg","width":1152,"height":1536,"caption":"Codzienny obiad dla dzieci z przedszkola i szko\u0142y w Abong-Mbang pomoc Afryce Maitri pomoc ubogim Adopcja Serca Adopcja Duchowa ja\u0142mu\u017cna 03"},{"@type":"BreadcrumbList","@id":"https:\/\/www.maitri.pl\/projekt\/codzienny-obiad-kamerun\/#breadcrumb","itemListElement":[{"@type":"ListItem","position":1,"name":"Strona g\u0142\u00f3wna","item":"https:\/\/www.maitri.pl\/"},{"@type":"ListItem","position":2,"name":"Sklep","item":"https:\/\/www.maitri.pl\/sklep\/"},{"@type":"ListItem","position":3,"name":"Codzienny obiad dla dzieci z przedszkola i szko\u0142y w Abong-Mbang"}]},{"@type":"WebSite","@id":"https:\/\/www.maitri.pl\/#website","url":"https:\/\/www.maitri.pl\/","name":"Adopcja Serca Maitri \u2013 pomoc dzieciom w Afryce","description":"Adopcja Serca \u2013 adopcja na odleg\u0142o\u015b\u0107, pomoc Afryce, do\u017cywianie i edukacja w Afryce","publisher":{"@id":"https:\/\/www.maitri.pl\/#organization"},"potentialAction":[{"@type":"SearchAction","target":{"@type":"EntryPoint","urlTemplate":"https:\/\/www.maitri.pl\/?s={search_term_string}"},"query-input":{"@type":"PropertyValueSpecification","valueRequired":true,"valueName":"search_term_string"}}],"inLanguage":"fr-FR"},{"@type":"Organization","@id":"https:\/\/www.maitri.pl\/#organization","name":"Stowarzyszenie Ruchu Maitri","url":"https:\/\/www.maitri.pl\/","logo":{"@type":"ImageObject","inLanguage":"fr-FR","@id":"https:\/\/www.maitri.pl\/#\/schema\/logo\/image\/","url":"https:\/\/www.maitri.pl\/wp-content\/uploads\/2020\/04\/duze_logo-81.png","contentUrl":"https:\/\/www.maitri.pl\/wp-content\/uploads\/2020\/04\/duze_logo-81.png","width":339,"height":321,"caption":"Stowarzyszenie Ruchu Maitri"},"image":{"@id":"https:\/\/www.maitri.pl\/#\/schema\/logo\/image\/"},"sameAs":["https:\/\/www.facebook.com\/MAITRI.Adopcja.Serca.dzieci.Afryki\/"]}]}},"_links":{"self":[{"href":"https:\/\/www.maitri.pl\/fr\/wp-json\/wp\/v2\/product\/31695","targetHints":{"allow":["GET"]}}],"collection":[{"href":"https:\/\/www.maitri.pl\/fr\/wp-json\/wp\/v2\/product"}],"about":[{"href":"https:\/\/www.maitri.pl\/fr\/wp-json\/wp\/v2\/types\/product"}],"wp:featuredmedia":[{"embeddable":true,"href":"https:\/\/www.maitri.pl\/fr\/wp-json\/wp\/v2\/media\/31702"}],"wp:attachment":[{"href":"https:\/\/www.maitri.pl\/fr\/wp-json\/wp\/v2\/media?parent=31695"}],"wp:term":[{"taxonomy":"product_brand","embeddable":true,"href":"https:\/\/www.maitri.pl\/fr\/wp-json\/wp\/v2\/product_brand?post=31695"},{"taxonomy":"product_cat","embeddable":true,"href":"https:\/\/www.maitri.pl\/fr\/wp-json\/wp\/v2\/product_cat?post=31695"},{"taxonomy":"product_tag","embeddable":true,"href":"https:\/\/www.maitri.pl\/fr\/wp-json\/wp\/v2\/product_tag?post=31695"}],"curies":[{"name":"wp","href":"https:\/\/api.w.org\/{rel}","templated":true}]}}