{"id":31679,"date":"2024-07-03T10:30:45","date_gmt":"2024-07-03T08:30:45","guid":{"rendered":"https:\/\/www.maitri.pl\/?post_type=product&#038;p=31679"},"modified":"2025-04-23T10:17:40","modified_gmt":"2025-04-23T08:17:40","slug":"pomoc-finansowa-abong-mbang","status":"publish","type":"product","link":"https:\/\/www.maitri.pl\/fr\/projekt\/pomoc-finansowa-abong-mbang\/","title":{"rendered":"Pomoc finansowa na organizacj\u0119 Dnia Dziecka Afryka\u0144skiego dla 520 dzieci z Abong Mbang"},"content":{"rendered":"<h4>Pami\u0119\u0107 o masakrze dzieci<\/h4>\n<p>Mi\u0119dzynarodowy Dzie\u0144 Dziecka Afryka\u0144skiego, to \u015bwi\u0119to obchodzone corocznie 16 czerwca. Dzie\u0144 ten upami\u0119tnia masakr\u0119 dzieci w RPA,\u00a0 dokonan\u0105 w 1976 roku przez tamtejszy re\u017cim, gdy tysi\u0105ce dzieci wysz\u0142o na ulic\u0119 protestuj\u0105c przeciw niskiemu poziomowi edukacji, \u017c\u0105daj\u0105c prawa do nauki w swoim j\u0119zyku. Policja zastrzeli\u0142a wtedy wiele ch\u0142opc\u00f3w i dziewcz\u0105t. Dzi\u015b pragn\u0119 wznowi\u0107 pro\u015bb\u0119 o wsparcie w organizacji uroczysto\u015bci Dnia Dziecka Afryka\u0144skiego dla 520 dzieci z naszej misji. Wielokrotnie mia\u0142am okazj\u0119 dzieli\u0107 si\u0119 z Wami\u00a0 rado\u015bci\u0105 dzieci w Abong Mbang, gdzie Wasza pomoc finansowa pozwala\u0142a nam organizowa\u0107 to \u015bwi\u0119to.<\/p>\n<h4>Dzieci\u0144stwo bez rado\u015bci<\/h4>\n<p>Z do\u015bwiadczenia 33-letniej pracy na misjach uwa\u017cam, \u017ce jest to jedyna okazja, a zarazem dobra forma dowarto\u015bciowania dziecka. M\u00f3wi si\u0119 tu popularnie \u201e dziecko bogactwem rodziny\u201d, ale to tylko slogan. Dzieci, nawet te w mie\u015bcie, nie doznaj\u0105 cho\u0107by niewielkiej namiastki rado\u015bci wynikaj\u0105cej z ich dzieci\u0144stwa. Nigdy poza nasz\u0105 szko\u0142\u0105 nie widzia\u0142am tutaj zorganizowanej formy Dnia Dziecka. W ca\u0142ym mie\u015bcie tylko w naszej szkole uwypuklane jest to \u015bwi\u0119to i to w\u0142a\u015bnie dzi\u0119ki Waszej pomocy. Przy tej okazji wynagradzamy dzieci za regularne ucz\u0119szczanie do szko\u0142y i dobre wyniki w nauce. W\u015br\u00f3d nich s\u0105 podopieczni programu <a href=\"https:\/\/www.maitri.pl\/adopcja-serca\/\" target=\"_blank\" rel=\"noopener\">Adopcja Serca<\/a>. Pomoc finansowa na organizacj\u0105 Dnia Dziecka Afryka\u0144skiego generuje mn\u00f3stwo rado\u015bci na twarzach dzieci.<\/p>\n<h4><strong>Festyn dla uczni\u00f3w<\/strong><\/h4>\n<p>Z okazji \u015bwi\u0119ta planujemy grupowy festyn. G\u0142\u00f3wne atrakcje to loteria fantowa, posi\u0142ek dla wszystkich i troch\u0119 zabawek jako nagrody dla najlepszych uczni\u00f3w w szkole. Odbywa si\u0119 w\u00f3wczas r\u00f3wnie\u017c uroczyste wr\u0119czenie dyplom\u00f3w uko\u0144czenia przedszkola i szko\u0142y podstawowej dla 6 klas. Realizacj\u0119 projektu przewiduje si\u0119 na czerwiec 2025. Dzi\u0119ki Waszemu wsparciu mog\u0119 ofiarowa\u0107 dzieciom z naszej misji rado\u015b\u0107. S\u0105 to niezapomniane wspomnienia i do\u015bwiadczenia mi\u0142ych chwil. Rado\u015b\u0107 z niesienia pomocy dzieciom udziela si\u0119 miejscowym doros\u0142ym. Dzi\u0119ki takim formom pracy promujemy r\u00f3wnie\u017c szko\u0142\u0119.\u00a0 Nie musz\u0119 ju\u017c dzisiaj wiele m\u00f3wi\u0107 o posy\u0142aniu dzieci do szko\u0142y. Jest to jedna z form zach\u0119ty dzieci do ucz\u0119szczania do szko\u0142y, wzrostu frekwencji, jak r\u00f3wnie\u017c\u00a0 obni\u017cenia procentu analfabetyzmu w spo\u0142ecze\u0144stwie.<\/p>\n<div id=\"attachment_31680\" style=\"width: 993px\" class=\"wp-caption alignnone\"><img loading=\"lazy\" decoding=\"async\" aria-describedby=\"caption-attachment-31680\" class=\"wp-image-31680 size-full\" src=\"https:\/\/www.maitri.pl\/wp-content\/uploads\/2024\/07\/165-chrys.png\" alt=\"Pomoc finansowa na organizacj\u0119 Dnia Dziecka Afryka\u0144skiego dla 520 dzieci z Abong Mbang\" width=\"983\" height=\"517\" srcset=\"https:\/\/www.maitri.pl\/wp-content\/uploads\/2024\/07\/165-chrys.png 983w, https:\/\/www.maitri.pl\/wp-content\/uploads\/2024\/07\/165-chrys-300x158.png 300w, https:\/\/www.maitri.pl\/wp-content\/uploads\/2024\/07\/165-chrys-768x404.png 768w, https:\/\/www.maitri.pl\/wp-content\/uploads\/2024\/07\/165-chrys-600x316.png 600w\" sizes=\"auto, (max-width: 983px) 100vw, 983px\" \/><p id=\"caption-attachment-31680\" class=\"wp-caption-text\"><em style=\"font-size: 16px;\">s. Alicja Adamska, <a href=\"http:\/\/duszajezusa.pl\/\" target=\"_blank\" rel=\"noopener noreferrer\">Zgromadzenie Si\u00f3str Naj\u015bwi\u0119tszej Duszy Chrystusa Pana<\/a><\/em><\/p><\/div>\n<p><strong>PODSUMOWANIE<\/strong> (w miejscowej walucie) &#8211; razem <strong>1 337 000 frank\u00f3w CFA<\/strong><\/p>\n<p style=\"text-align: justify;\" align=\"JUSTIFY\"><span style=\"color: #ff0000;\"><span style=\"font-size: large;\"><b>Kwota projektu: 2 280 \u20ac<br \/>\n<\/b><\/span><\/span><\/p>\n<p style=\"text-align: justify;\"><strong>Numer projektu: 165\/CHRYS <\/strong><\/p>\n<p style=\"text-align: justify;\" align=\"JUSTIFY\"><span style=\"color: #808080;\">Stowarzyszenie Ruchu\u00a0<em>Maitri<\/em>\u00a0przeznacza do 10% otrzymanych \u015brodk\u00f3w na koszty funkcjonowania biura i pozyskiwanie funduszy pomocowych.<\/span><\/p>\n<h3 style=\"text-align: justify;\" align=\"JUSTIFY\"><span style=\"color: #808080;\">Pomoc finansowa na organizacj\u0119 Dnia Dziecka Afryka\u0144skiego dla 520 dzieci z Abong Mbang<\/span><\/h3>\n","protected":false},"excerpt":{"rendered":"<p><strong>Projekt: <\/strong><em>s. Alicja Adamska, <a href=\"http:\/\/duszajezusa.pl\/\" target=\"_blank\" rel=\"noopener noreferrer\">Zgromadzenie Si\u00f3str Naj\u015bwi\u0119tszej Duszy Chrystusa Pana<\/a><\/em><br \/>\n<strong>Misja:<\/strong> Abong Mbang, <a href=\"https:\/\/www.maitri.pl\/gdzie-pomagamy\/\" target=\"_blank\" rel=\"noopener noreferrer\">Kamerun<\/a><br \/>\n<strong>Przekazana kwota: <span style=\"color: #ff0000;\">1 000 \u20ac<\/span><\/strong><\/p>\n","protected":false},"featured_media":31692,"template":"","meta":[],"product_brand":[],"product_cat":[674],"product_tag":[662,658,659,660],"class_list":{"0":"post-31679","1":"product","2":"type-product","3":"status-publish","4":"has-post-thumbnail","6":"product_cat-projekty-zrealizowane-w-biezacym-roku","7":"product_tag-abong-mbang","8":"product_tag-kamerun","9":"product_tag-siostra-alicja-adamska","10":"product_tag-zgromadzenie-siostr-najswietszej-duszy-chrystusa-pana","12":"first","13":"instock","14":"virtual","15":"purchasable","16":"product-type-simple"},"yoast_head":"<!-- This site is optimized with the Yoast SEO plugin v27.2 - https:\/\/yoast.com\/product\/yoast-seo-wordpress\/ -->\n<title>Pomoc finansowa na organizacj\u0119 Dnia Dziecka Afryka\u0144skiego<\/title>\n<meta name=\"description\" content=\"Pomoc finansowa na organizacj\u0119 Dnia Dziecka Afryka\u0144skiego dla 520 dzieci z Abong Mbang. O wsparcie prosz\u0105 Siostry Naj\u015bw. Duszy Chrystusa Pana.\" \/>\n<meta name=\"robots\" content=\"index, follow, max-snippet:-1, max-image-preview:large, max-video-preview:-1\" \/>\n<link rel=\"canonical\" href=\"https:\/\/www.maitri.pl\/projekt\/pomoc-finansowa-abong-mbang\/\" \/>\n<meta property=\"og:locale\" content=\"fr_FR\" \/>\n<meta property=\"og:type\" content=\"article\" \/>\n<meta property=\"og:title\" content=\"Pomoc finansowa na organizacj\u0119 Dnia Dziecka Afryka\u0144skiego\" \/>\n<meta property=\"og:description\" content=\"Pomoc finansowa na organizacj\u0119 Dnia Dziecka Afryka\u0144skiego dla 520 dzieci z Abong Mbang. O wsparcie prosz\u0105 Siostry Naj\u015bw. Duszy Chrystusa Pana.\" \/>\n<meta property=\"og:url\" content=\"https:\/\/www.maitri.pl\/projekt\/pomoc-finansowa-abong-mbang\/\" \/>\n<meta property=\"og:site_name\" content=\"Ruch Maitri - Adopcja Serca pomoc Afryce\" \/>\n<meta property=\"article:publisher\" content=\"https:\/\/www.facebook.com\/MAITRI.Adopcja.Serca.dzieci.Afryki\/\" \/>\n<meta property=\"article:modified_time\" content=\"2025-04-23T08:17:40+00:00\" \/>\n<meta property=\"og:image\" content=\"https:\/\/www.maitri.pl\/wp-content\/uploads\/2024\/07\/165-chrys-2-scaled.jpg\" \/>\n\t<meta property=\"og:image:width\" content=\"2560\" \/>\n\t<meta property=\"og:image:height\" content=\"1772\" \/>\n\t<meta property=\"og:image:type\" content=\"image\/jpeg\" \/>\n<meta name=\"twitter:card\" content=\"summary_large_image\" \/>\n<meta name=\"twitter:label1\" content=\"Dur\u00e9e de lecture estim\u00e9e\" \/>\n\t<meta name=\"twitter:data1\" content=\"3 minutes\" \/>\n<script type=\"application\/ld+json\" class=\"yoast-schema-graph\">{\"@context\":\"https:\/\/schema.org\",\"@graph\":[{\"@type\":\"WebPage\",\"@id\":\"https:\/\/www.maitri.pl\/projekt\/pomoc-finansowa-abong-mbang\/\",\"url\":\"https:\/\/www.maitri.pl\/projekt\/pomoc-finansowa-abong-mbang\/\",\"name\":\"Pomoc finansowa na organizacj\u0119 Dnia Dziecka Afryka\u0144skiego\",\"isPartOf\":{\"@id\":\"https:\/\/www.maitri.pl\/#website\"},\"primaryImageOfPage\":{\"@id\":\"https:\/\/www.maitri.pl\/projekt\/pomoc-finansowa-abong-mbang\/#primaryimage\"},\"image\":{\"@id\":\"https:\/\/www.maitri.pl\/projekt\/pomoc-finansowa-abong-mbang\/#primaryimage\"},\"thumbnailUrl\":\"https:\/\/www.maitri.pl\/wp-content\/uploads\/2024\/07\/165-chrys-2-scaled.jpg\",\"datePublished\":\"2024-07-03T08:30:45+00:00\",\"dateModified\":\"2025-04-23T08:17:40+00:00\",\"description\":\"Pomoc finansowa na organizacj\u0119 Dnia Dziecka Afryka\u0144skiego dla 520 dzieci z Abong Mbang. O wsparcie prosz\u0105 Siostry Naj\u015bw. Duszy Chrystusa Pana.\",\"breadcrumb\":{\"@id\":\"https:\/\/www.maitri.pl\/projekt\/pomoc-finansowa-abong-mbang\/#breadcrumb\"},\"inLanguage\":\"fr-FR\",\"potentialAction\":[{\"@type\":\"ReadAction\",\"target\":[\"https:\/\/www.maitri.pl\/projekt\/pomoc-finansowa-abong-mbang\/\"]}]},{\"@type\":\"ImageObject\",\"inLanguage\":\"fr-FR\",\"@id\":\"https:\/\/www.maitri.pl\/projekt\/pomoc-finansowa-abong-mbang\/#primaryimage\",\"url\":\"https:\/\/www.maitri.pl\/wp-content\/uploads\/2024\/07\/165-chrys-2-scaled.jpg\",\"contentUrl\":\"https:\/\/www.maitri.pl\/wp-content\/uploads\/2024\/07\/165-chrys-2-scaled.jpg\",\"width\":2560,\"height\":1772,\"caption\":\"Pomoc finansowa na organizacj\u0119 Dnia Dziecka Afryka\u0144skiego dla 520 dzieci z Abong Mbang pomoc Afryce pomoc ubogim ja\u0142mu\u017cna Adopcja Serca Maitri Adopcja Duchowa 01\"},{\"@type\":\"BreadcrumbList\",\"@id\":\"https:\/\/www.maitri.pl\/projekt\/pomoc-finansowa-abong-mbang\/#breadcrumb\",\"itemListElement\":[{\"@type\":\"ListItem\",\"position\":1,\"name\":\"Strona g\u0142\u00f3wna\",\"item\":\"https:\/\/www.maitri.pl\/\"},{\"@type\":\"ListItem\",\"position\":2,\"name\":\"Sklep\",\"item\":\"https:\/\/www.maitri.pl\/sklep\/\"},{\"@type\":\"ListItem\",\"position\":3,\"name\":\"Pomoc finansowa na organizacj\u0119 Dnia Dziecka Afryka\u0144skiego dla 520 dzieci z Abong Mbang\"}]},{\"@type\":\"WebSite\",\"@id\":\"https:\/\/www.maitri.pl\/#website\",\"url\":\"https:\/\/www.maitri.pl\/\",\"name\":\"Adopcja Serca Maitri \u2013 pomoc dzieciom w Afryce\",\"description\":\"Adopcja Serca \u2013 adopcja na odleg\u0142o\u015b\u0107, pomoc Afryce, do\u017cywianie i edukacja w Afryce\",\"publisher\":{\"@id\":\"https:\/\/www.maitri.pl\/#organization\"},\"potentialAction\":[{\"@type\":\"SearchAction\",\"target\":{\"@type\":\"EntryPoint\",\"urlTemplate\":\"https:\/\/www.maitri.pl\/?s={search_term_string}\"},\"query-input\":{\"@type\":\"PropertyValueSpecification\",\"valueRequired\":true,\"valueName\":\"search_term_string\"}}],\"inLanguage\":\"fr-FR\"},{\"@type\":\"Organization\",\"@id\":\"https:\/\/www.maitri.pl\/#organization\",\"name\":\"Stowarzyszenie Ruchu Maitri\",\"url\":\"https:\/\/www.maitri.pl\/\",\"logo\":{\"@type\":\"ImageObject\",\"inLanguage\":\"fr-FR\",\"@id\":\"https:\/\/www.maitri.pl\/#\/schema\/logo\/image\/\",\"url\":\"https:\/\/www.maitri.pl\/wp-content\/uploads\/2020\/04\/duze_logo-81.png\",\"contentUrl\":\"https:\/\/www.maitri.pl\/wp-content\/uploads\/2020\/04\/duze_logo-81.png\",\"width\":339,\"height\":321,\"caption\":\"Stowarzyszenie Ruchu Maitri\"},\"image\":{\"@id\":\"https:\/\/www.maitri.pl\/#\/schema\/logo\/image\/\"},\"sameAs\":[\"https:\/\/www.facebook.com\/MAITRI.Adopcja.Serca.dzieci.Afryki\/\"]}]}<\/script>\n<!-- \/ Yoast SEO plugin. -->","yoast_head_json":{"title":"Pomoc finansowa na organizacj\u0119 Dnia Dziecka Afryka\u0144skiego","description":"Pomoc finansowa na organizacj\u0119 Dnia Dziecka Afryka\u0144skiego dla 520 dzieci z Abong Mbang. O wsparcie prosz\u0105 Siostry Naj\u015bw. Duszy Chrystusa Pana.","robots":{"index":"index","follow":"follow","max-snippet":"max-snippet:-1","max-image-preview":"max-image-preview:large","max-video-preview":"max-video-preview:-1"},"canonical":"https:\/\/www.maitri.pl\/projekt\/pomoc-finansowa-abong-mbang\/","og_locale":"fr_FR","og_type":"article","og_title":"Pomoc finansowa na organizacj\u0119 Dnia Dziecka Afryka\u0144skiego","og_description":"Pomoc finansowa na organizacj\u0119 Dnia Dziecka Afryka\u0144skiego dla 520 dzieci z Abong Mbang. O wsparcie prosz\u0105 Siostry Naj\u015bw. Duszy Chrystusa Pana.","og_url":"https:\/\/www.maitri.pl\/projekt\/pomoc-finansowa-abong-mbang\/","og_site_name":"Ruch Maitri - Adopcja Serca pomoc Afryce","article_publisher":"https:\/\/www.facebook.com\/MAITRI.Adopcja.Serca.dzieci.Afryki\/","article_modified_time":"2025-04-23T08:17:40+00:00","og_image":[{"width":2560,"height":1772,"url":"https:\/\/www.maitri.pl\/wp-content\/uploads\/2024\/07\/165-chrys-2-scaled.jpg","type":"image\/jpeg"}],"twitter_card":"summary_large_image","twitter_misc":{"Dur\u00e9e de lecture estim\u00e9e":"3 minutes"},"schema":{"@context":"https:\/\/schema.org","@graph":[{"@type":"WebPage","@id":"https:\/\/www.maitri.pl\/projekt\/pomoc-finansowa-abong-mbang\/","url":"https:\/\/www.maitri.pl\/projekt\/pomoc-finansowa-abong-mbang\/","name":"Pomoc finansowa na organizacj\u0119 Dnia Dziecka Afryka\u0144skiego","isPartOf":{"@id":"https:\/\/www.maitri.pl\/#website"},"primaryImageOfPage":{"@id":"https:\/\/www.maitri.pl\/projekt\/pomoc-finansowa-abong-mbang\/#primaryimage"},"image":{"@id":"https:\/\/www.maitri.pl\/projekt\/pomoc-finansowa-abong-mbang\/#primaryimage"},"thumbnailUrl":"https:\/\/www.maitri.pl\/wp-content\/uploads\/2024\/07\/165-chrys-2-scaled.jpg","datePublished":"2024-07-03T08:30:45+00:00","dateModified":"2025-04-23T08:17:40+00:00","description":"Pomoc finansowa na organizacj\u0119 Dnia Dziecka Afryka\u0144skiego dla 520 dzieci z Abong Mbang. O wsparcie prosz\u0105 Siostry Naj\u015bw. Duszy Chrystusa Pana.","breadcrumb":{"@id":"https:\/\/www.maitri.pl\/projekt\/pomoc-finansowa-abong-mbang\/#breadcrumb"},"inLanguage":"fr-FR","potentialAction":[{"@type":"ReadAction","target":["https:\/\/www.maitri.pl\/projekt\/pomoc-finansowa-abong-mbang\/"]}]},{"@type":"ImageObject","inLanguage":"fr-FR","@id":"https:\/\/www.maitri.pl\/projekt\/pomoc-finansowa-abong-mbang\/#primaryimage","url":"https:\/\/www.maitri.pl\/wp-content\/uploads\/2024\/07\/165-chrys-2-scaled.jpg","contentUrl":"https:\/\/www.maitri.pl\/wp-content\/uploads\/2024\/07\/165-chrys-2-scaled.jpg","width":2560,"height":1772,"caption":"Pomoc finansowa na organizacj\u0119 Dnia Dziecka Afryka\u0144skiego dla 520 dzieci z Abong Mbang pomoc Afryce pomoc ubogim ja\u0142mu\u017cna Adopcja Serca Maitri Adopcja Duchowa 01"},{"@type":"BreadcrumbList","@id":"https:\/\/www.maitri.pl\/projekt\/pomoc-finansowa-abong-mbang\/#breadcrumb","itemListElement":[{"@type":"ListItem","position":1,"name":"Strona g\u0142\u00f3wna","item":"https:\/\/www.maitri.pl\/"},{"@type":"ListItem","position":2,"name":"Sklep","item":"https:\/\/www.maitri.pl\/sklep\/"},{"@type":"ListItem","position":3,"name":"Pomoc finansowa na organizacj\u0119 Dnia Dziecka Afryka\u0144skiego dla 520 dzieci z Abong Mbang"}]},{"@type":"WebSite","@id":"https:\/\/www.maitri.pl\/#website","url":"https:\/\/www.maitri.pl\/","name":"Adopcja Serca Maitri \u2013 pomoc dzieciom w Afryce","description":"Adopcja Serca \u2013 adopcja na odleg\u0142o\u015b\u0107, pomoc Afryce, do\u017cywianie i edukacja w Afryce","publisher":{"@id":"https:\/\/www.maitri.pl\/#organization"},"potentialAction":[{"@type":"SearchAction","target":{"@type":"EntryPoint","urlTemplate":"https:\/\/www.maitri.pl\/?s={search_term_string}"},"query-input":{"@type":"PropertyValueSpecification","valueRequired":true,"valueName":"search_term_string"}}],"inLanguage":"fr-FR"},{"@type":"Organization","@id":"https:\/\/www.maitri.pl\/#organization","name":"Stowarzyszenie Ruchu Maitri","url":"https:\/\/www.maitri.pl\/","logo":{"@type":"ImageObject","inLanguage":"fr-FR","@id":"https:\/\/www.maitri.pl\/#\/schema\/logo\/image\/","url":"https:\/\/www.maitri.pl\/wp-content\/uploads\/2020\/04\/duze_logo-81.png","contentUrl":"https:\/\/www.maitri.pl\/wp-content\/uploads\/2020\/04\/duze_logo-81.png","width":339,"height":321,"caption":"Stowarzyszenie Ruchu Maitri"},"image":{"@id":"https:\/\/www.maitri.pl\/#\/schema\/logo\/image\/"},"sameAs":["https:\/\/www.facebook.com\/MAITRI.Adopcja.Serca.dzieci.Afryki\/"]}]}},"_links":{"self":[{"href":"https:\/\/www.maitri.pl\/fr\/wp-json\/wp\/v2\/product\/31679","targetHints":{"allow":["GET"]}}],"collection":[{"href":"https:\/\/www.maitri.pl\/fr\/wp-json\/wp\/v2\/product"}],"about":[{"href":"https:\/\/www.maitri.pl\/fr\/wp-json\/wp\/v2\/types\/product"}],"wp:featuredmedia":[{"embeddable":true,"href":"https:\/\/www.maitri.pl\/fr\/wp-json\/wp\/v2\/media\/31692"}],"wp:attachment":[{"href":"https:\/\/www.maitri.pl\/fr\/wp-json\/wp\/v2\/media?parent=31679"}],"wp:term":[{"taxonomy":"product_brand","embeddable":true,"href":"https:\/\/www.maitri.pl\/fr\/wp-json\/wp\/v2\/product_brand?post=31679"},{"taxonomy":"product_cat","embeddable":true,"href":"https:\/\/www.maitri.pl\/fr\/wp-json\/wp\/v2\/product_cat?post=31679"},{"taxonomy":"product_tag","embeddable":true,"href":"https:\/\/www.maitri.pl\/fr\/wp-json\/wp\/v2\/product_tag?post=31679"}],"curies":[{"name":"wp","href":"https:\/\/api.w.org\/{rel}","templated":true}]}}