{"id":31669,"date":"2024-07-03T10:05:17","date_gmt":"2024-07-03T08:05:17","guid":{"rendered":"https:\/\/www.maitri.pl\/?post_type=product&#038;p=31669"},"modified":"2025-03-31T14:14:03","modified_gmt":"2025-03-31T12:14:03","slug":"dom-dla-samotnej-matki","status":"publish","type":"product","link":"https:\/\/www.maitri.pl\/fr\/projekt\/dom-dla-samotnej-matki\/","title":{"rendered":"Dom dla samotnej matki i jej 5 dzieci z Gitega Songa w Burundi"},"content":{"rendered":"<h4>Wyrzucona z domu<\/h4>\n<p>Jej imi\u0119 to Pfagutunga Blandine. Urodzi\u0142a si\u0119 w 1988 roku. Ta kobieta po\u015blubi\u0142a m\u0119\u017cczyzn\u0119 z plemienia Bugarama, innego ni\u017c jej grupa \u2013 Muramvya.\u00a0 Kiedy przyby\u0142a do nowej rodziny, wszyscy j\u0105 znienawidzili. Mimo to wytrwa\u0142a w tym \u017cyciu przez 11 lat i urodzi\u0142a 5 dzieci. Jednak wrogo\u015b\u0107 do obcej ci\u0105gle narasta\u0142a. Pojawili si\u0119 ludzie, kt\u00f3rzy chcieli zabi\u0107 j\u0105 i jej dzieci. Dlatego zdecydowa\u0142a si\u0119 opu\u015bci\u0107 ten dom i uciec. Inni ludzie pomogli jej wynaj\u0105\u0107 ma\u0142y dom w Gitega-Songa na dwa miesi\u0105ce. Patrz\u0105c na nich &#8211; \u017cycie jej\u00a0 i \u017cycie jej dzieci, jest \u017ca\u0142osne. Chcemy jej pom\u00f3c i zbudowa\u0107 dom dla samotnej matki i jej 5 dzieci.<\/p>\n<h4>Wystarczy niewiele<\/h4>\n<p>Moja pro\u015bba jest taka, \u017ce je\u015bli przypadkiem kto\u015b mo\u017ce pom\u00f3c, aby mog\u0142a otrzyma\u0107 ma\u0142\u0105 dzia\u0142k\u0119 i zbudowa\u0107 ma\u0142y, prosty dom, aby m\u00f3c przynajmniej zapewni\u0107 spok\u00f3j swoim dzieciom. Potrzebujemy dzia\u0142ki o wymiarach co najmniej 20 metr\u00f3w na 15 metr\u00f3w i troch\u0119 materia\u0142\u00f3w budowlanych. To b\u0119dzie prosta chata, w kt\u00f3rej samotna mama i jej pi\u0105tka dzieci znajdzie schronienie. Dom b\u0119dzie taki, jak wi\u0119kszo\u015b\u0107 w okolicy, czyli surowe \u015bciany z cegie\u0142 i dach z blachy. Na podmur\u00f3wk\u0119 u\u017cyjemy polnych kamieni.<\/p>\n<h4>Drogi wynajem<\/h4>\n<p>Pomoc jest potrzebna, poniewa\u017c aby rodzina mog\u0142a funkcjonowa\u0107, musi mie\u0107 dom. Aby dzieci mog\u0142y spokojnie si\u0119 uczy\u0107 i rozwija\u0107, potrzebuj\u0105 stabilno\u015bci. Nie wiemy, jaka b\u0119dzie przysz\u0142o\u015b\u0107 Blandine i jej dzieci, je\u015bli nie b\u0119d\u0105 mia\u0142y w\u0142asnego domu. Wynaj\u0119cie domu kosztuje du\u017co, a Blandine nie mo\u017ce sobie na to pozwoli\u0107. Dzi\u0119kujemy za ch\u0119\u0107 udzielenia jej pomocy. Liczymy na wasz\u0105 dobro\u0107, niech B\u00f3g was b\u0142ogos\u0142awi.<\/p>\n<h4>Kosztorys:<\/h4>\n<div id=\"attachment_31670\" style=\"width: 993px\" class=\"wp-caption alignnone\"><img loading=\"lazy\" decoding=\"async\" aria-describedby=\"caption-attachment-31670\" class=\"wp-image-31670 size-full\" src=\"https:\/\/www.maitri.pl\/wp-content\/uploads\/2024\/07\/133-karml.png\" alt=\"dom dla samotnej matki Burundi\" width=\"983\" height=\"555\" srcset=\"https:\/\/www.maitri.pl\/wp-content\/uploads\/2024\/07\/133-karml.png 983w, https:\/\/www.maitri.pl\/wp-content\/uploads\/2024\/07\/133-karml-300x169.png 300w, https:\/\/www.maitri.pl\/wp-content\/uploads\/2024\/07\/133-karml-768x434.png 768w, https:\/\/www.maitri.pl\/wp-content\/uploads\/2024\/07\/133-karml-600x339.png 600w\" sizes=\"auto, (max-width: 983px) 100vw, 983px\" \/><p id=\"caption-attachment-31670\" class=\"wp-caption-text\"><span style=\"font-size: 16px;\">Numer projektu:<\/span><strong style=\"font-size: 16px;\"> 133\/KARML<\/strong><\/p><\/div>\n<p><em>s. Marie Rose Ngendakumana<\/em>, <a href=\"https:\/\/www.karmel.pl\/rodzina-karmelu\/zgromadzenie-siostr-karmelitanek-dzieciatka-jezus\/\" target=\"_blank\" rel=\"noopener noreferrer\">Zgromadzenie Si\u00f3str Karmelitanek Dzieci\u0105tka Jezus<\/a>, Gitega Songa, <a href=\"https:\/\/www.maitri.pl\/gdzie-pomagamy\/\" target=\"_blank\" rel=\"noopener\">Burundi<\/a><\/p>\n<p style=\"text-align: justify;\"><span style=\"color: #ff0000;\"><span style=\"font-size: large;\"><b>Kwota projektu: 1 980 \u20ac<\/b><\/span><\/span><em>\u00a0<\/em><\/p>\n<p style=\"text-align: justify;\"><span style=\"font-size: large;\"><em><span style=\"color: #999999;\"><span style=\"font-size: medium;\">Stowarzyszenie Ruchu Maitri przeznacza do 10% otrzymanych \u015brodk\u00f3w na koszty funkcjonowania biura i pozyskiwanie funduszy pomocowych.<\/span><\/span><\/em><\/span><\/p>\n<h3 style=\"text-align: justify;\" align=\"JUSTIFY\"><span style=\"color: #808080;\">Dom dla samotnej matki i jej 5 dzieci z Gitega Songa w Burundi &#8211; o pomoc prosz\u0105 Siostry Karmelitanki<\/span><\/h3>\n","protected":false},"excerpt":{"rendered":"<p><strong>Projekt: <\/strong><em>s. Marie Rose Ngendakumana<\/em><strong>, <a href=\"https:\/\/www.karmel.pl\/rodzina-karmelu\/zgromadzenie-siostr-karmelitanek-dzieciatka-jezus\/\" target=\"_blank\" rel=\"noopener noreferrer\">Zgromadzenie Si\u00f3str Karmelitanek Dzieci\u0105tka Jezus<\/a><\/strong><br \/>\n<strong>Miejsce:<\/strong> Gitega Songa, <a href=\"https:\/\/www.maitri.pl\/gdzie-pomagamy\/\" target=\"_blank\" rel=\"noopener\">Burundi<\/a><br \/>\n<strong>Kwota projektu: <span style=\"color: #ff0000;\">1 980 \u20ac<\/span><\/strong><br \/>\nNazwa projektu:<strong> 133\/KARML<\/strong><\/p>\n","protected":false},"featured_media":31673,"template":"","meta":[],"product_brand":[],"product_cat":[656],"product_tag":[667,714,1002,677],"class_list":{"0":"post-31669","1":"product","2":"type-product","3":"status-publish","4":"has-post-thumbnail","6":"product_cat-bez-kategorii","7":"product_tag-burundi","8":"product_tag-gitega-songa","9":"product_tag-siostra-marie-rose-ngendakumana","10":"product_tag-zgromadzenie-siostr-karmelitanek-dzieciatka-jezus","12":"first","13":"instock","14":"virtual","15":"purchasable","16":"product-type-simple"},"yoast_head":"<!-- This site is optimized with the Yoast SEO plugin v27.2 - https:\/\/yoast.com\/product\/yoast-seo-wordpress\/ -->\n<title>Dom dla samotnej matki i jej 5 dzieci z Gitega Songa w Burundi<\/title>\n<meta name=\"description\" content=\"Dom dla samotnej matki i jej 5 dzieci z Gitega Songa w Burundi. O pomoc dla ubogiej rodziny ci\u0119\u017cko do\u015bwiadczonej przez los prosz\u0105 siostry Karmelitanki.\" \/>\n<meta name=\"robots\" content=\"index, follow, max-snippet:-1, max-image-preview:large, max-video-preview:-1\" \/>\n<link rel=\"canonical\" href=\"https:\/\/www.maitri.pl\/projekt\/dom-dla-samotnej-matki\/\" \/>\n<meta property=\"og:locale\" content=\"fr_FR\" \/>\n<meta property=\"og:type\" content=\"article\" \/>\n<meta property=\"og:title\" content=\"Dom dla samotnej matki i jej 5 dzieci z Gitega Songa w Burundi\" \/>\n<meta property=\"og:description\" content=\"Dom dla samotnej matki i jej 5 dzieci z Gitega Songa w Burundi. O pomoc dla ubogiej rodziny ci\u0119\u017cko do\u015bwiadczonej przez los prosz\u0105 siostry Karmelitanki.\" \/>\n<meta property=\"og:url\" content=\"https:\/\/www.maitri.pl\/projekt\/dom-dla-samotnej-matki\/\" \/>\n<meta property=\"og:site_name\" content=\"Ruch Maitri - Adopcja Serca pomoc Afryce\" \/>\n<meta property=\"article:publisher\" content=\"https:\/\/www.facebook.com\/MAITRI.Adopcja.Serca.dzieci.Afryki\/\" \/>\n<meta property=\"article:modified_time\" content=\"2025-03-31T12:14:03+00:00\" \/>\n<meta property=\"og:image\" content=\"https:\/\/www.maitri.pl\/wp-content\/uploads\/2024\/07\/133-karml.jpg\" \/>\n\t<meta property=\"og:image:width\" content=\"809\" \/>\n\t<meta property=\"og:image:height\" content=\"1080\" \/>\n\t<meta property=\"og:image:type\" content=\"image\/jpeg\" \/>\n<meta name=\"twitter:card\" content=\"summary_large_image\" \/>\n<meta name=\"twitter:label1\" content=\"Dur\u00e9e de lecture estim\u00e9e\" \/>\n\t<meta name=\"twitter:data1\" content=\"3 minutes\" \/>\n<script type=\"application\/ld+json\" class=\"yoast-schema-graph\">{\"@context\":\"https:\/\/schema.org\",\"@graph\":[{\"@type\":\"WebPage\",\"@id\":\"https:\/\/www.maitri.pl\/projekt\/dom-dla-samotnej-matki\/\",\"url\":\"https:\/\/www.maitri.pl\/projekt\/dom-dla-samotnej-matki\/\",\"name\":\"Dom dla samotnej matki i jej 5 dzieci z Gitega Songa w Burundi\",\"isPartOf\":{\"@id\":\"https:\/\/www.maitri.pl\/#website\"},\"primaryImageOfPage\":{\"@id\":\"https:\/\/www.maitri.pl\/projekt\/dom-dla-samotnej-matki\/#primaryimage\"},\"image\":{\"@id\":\"https:\/\/www.maitri.pl\/projekt\/dom-dla-samotnej-matki\/#primaryimage\"},\"thumbnailUrl\":\"https:\/\/www.maitri.pl\/wp-content\/uploads\/2024\/07\/133-karml.jpg\",\"datePublished\":\"2024-07-03T08:05:17+00:00\",\"dateModified\":\"2025-03-31T12:14:03+00:00\",\"description\":\"Dom dla samotnej matki i jej 5 dzieci z Gitega Songa w Burundi. O pomoc dla ubogiej rodziny ci\u0119\u017cko do\u015bwiadczonej przez los prosz\u0105 siostry Karmelitanki.\",\"breadcrumb\":{\"@id\":\"https:\/\/www.maitri.pl\/projekt\/dom-dla-samotnej-matki\/#breadcrumb\"},\"inLanguage\":\"fr-FR\",\"potentialAction\":[{\"@type\":\"ReadAction\",\"target\":[\"https:\/\/www.maitri.pl\/projekt\/dom-dla-samotnej-matki\/\"]}]},{\"@type\":\"ImageObject\",\"inLanguage\":\"fr-FR\",\"@id\":\"https:\/\/www.maitri.pl\/projekt\/dom-dla-samotnej-matki\/#primaryimage\",\"url\":\"https:\/\/www.maitri.pl\/wp-content\/uploads\/2024\/07\/133-karml.jpg\",\"contentUrl\":\"https:\/\/www.maitri.pl\/wp-content\/uploads\/2024\/07\/133-karml.jpg\",\"width\":809,\"height\":1080,\"caption\":\"Dom dla samotnej matki i jej 5 dzieci z Gitega Songa w Burundi pomoc Afryce Maitri Adopcja Serca ja\u0142mu\u017cna pomoc ubogim Adopcja duchowa 01\"},{\"@type\":\"BreadcrumbList\",\"@id\":\"https:\/\/www.maitri.pl\/projekt\/dom-dla-samotnej-matki\/#breadcrumb\",\"itemListElement\":[{\"@type\":\"ListItem\",\"position\":1,\"name\":\"Strona g\u0142\u00f3wna\",\"item\":\"https:\/\/www.maitri.pl\/\"},{\"@type\":\"ListItem\",\"position\":2,\"name\":\"Sklep\",\"item\":\"https:\/\/www.maitri.pl\/sklep\/\"},{\"@type\":\"ListItem\",\"position\":3,\"name\":\"Dom dla samotnej matki i jej 5 dzieci z Gitega Songa w Burundi\"}]},{\"@type\":\"WebSite\",\"@id\":\"https:\/\/www.maitri.pl\/#website\",\"url\":\"https:\/\/www.maitri.pl\/\",\"name\":\"Adopcja Serca Maitri \u2013 pomoc dzieciom w Afryce\",\"description\":\"Adopcja Serca \u2013 adopcja na odleg\u0142o\u015b\u0107, pomoc Afryce, do\u017cywianie i edukacja w Afryce\",\"publisher\":{\"@id\":\"https:\/\/www.maitri.pl\/#organization\"},\"potentialAction\":[{\"@type\":\"SearchAction\",\"target\":{\"@type\":\"EntryPoint\",\"urlTemplate\":\"https:\/\/www.maitri.pl\/?s={search_term_string}\"},\"query-input\":{\"@type\":\"PropertyValueSpecification\",\"valueRequired\":true,\"valueName\":\"search_term_string\"}}],\"inLanguage\":\"fr-FR\"},{\"@type\":\"Organization\",\"@id\":\"https:\/\/www.maitri.pl\/#organization\",\"name\":\"Stowarzyszenie Ruchu Maitri\",\"url\":\"https:\/\/www.maitri.pl\/\",\"logo\":{\"@type\":\"ImageObject\",\"inLanguage\":\"fr-FR\",\"@id\":\"https:\/\/www.maitri.pl\/#\/schema\/logo\/image\/\",\"url\":\"https:\/\/www.maitri.pl\/wp-content\/uploads\/2020\/04\/duze_logo-81.png\",\"contentUrl\":\"https:\/\/www.maitri.pl\/wp-content\/uploads\/2020\/04\/duze_logo-81.png\",\"width\":339,\"height\":321,\"caption\":\"Stowarzyszenie Ruchu Maitri\"},\"image\":{\"@id\":\"https:\/\/www.maitri.pl\/#\/schema\/logo\/image\/\"},\"sameAs\":[\"https:\/\/www.facebook.com\/MAITRI.Adopcja.Serca.dzieci.Afryki\/\"]}]}<\/script>\n<!-- \/ Yoast SEO plugin. -->","yoast_head_json":{"title":"Dom dla samotnej matki i jej 5 dzieci z Gitega Songa w Burundi","description":"Dom dla samotnej matki i jej 5 dzieci z Gitega Songa w Burundi. O pomoc dla ubogiej rodziny ci\u0119\u017cko do\u015bwiadczonej przez los prosz\u0105 siostry Karmelitanki.","robots":{"index":"index","follow":"follow","max-snippet":"max-snippet:-1","max-image-preview":"max-image-preview:large","max-video-preview":"max-video-preview:-1"},"canonical":"https:\/\/www.maitri.pl\/projekt\/dom-dla-samotnej-matki\/","og_locale":"fr_FR","og_type":"article","og_title":"Dom dla samotnej matki i jej 5 dzieci z Gitega Songa w Burundi","og_description":"Dom dla samotnej matki i jej 5 dzieci z Gitega Songa w Burundi. O pomoc dla ubogiej rodziny ci\u0119\u017cko do\u015bwiadczonej przez los prosz\u0105 siostry Karmelitanki.","og_url":"https:\/\/www.maitri.pl\/projekt\/dom-dla-samotnej-matki\/","og_site_name":"Ruch Maitri - Adopcja Serca pomoc Afryce","article_publisher":"https:\/\/www.facebook.com\/MAITRI.Adopcja.Serca.dzieci.Afryki\/","article_modified_time":"2025-03-31T12:14:03+00:00","og_image":[{"width":809,"height":1080,"url":"https:\/\/www.maitri.pl\/wp-content\/uploads\/2024\/07\/133-karml.jpg","type":"image\/jpeg"}],"twitter_card":"summary_large_image","twitter_misc":{"Dur\u00e9e de lecture estim\u00e9e":"3 minutes"},"schema":{"@context":"https:\/\/schema.org","@graph":[{"@type":"WebPage","@id":"https:\/\/www.maitri.pl\/projekt\/dom-dla-samotnej-matki\/","url":"https:\/\/www.maitri.pl\/projekt\/dom-dla-samotnej-matki\/","name":"Dom dla samotnej matki i jej 5 dzieci z Gitega Songa w Burundi","isPartOf":{"@id":"https:\/\/www.maitri.pl\/#website"},"primaryImageOfPage":{"@id":"https:\/\/www.maitri.pl\/projekt\/dom-dla-samotnej-matki\/#primaryimage"},"image":{"@id":"https:\/\/www.maitri.pl\/projekt\/dom-dla-samotnej-matki\/#primaryimage"},"thumbnailUrl":"https:\/\/www.maitri.pl\/wp-content\/uploads\/2024\/07\/133-karml.jpg","datePublished":"2024-07-03T08:05:17+00:00","dateModified":"2025-03-31T12:14:03+00:00","description":"Dom dla samotnej matki i jej 5 dzieci z Gitega Songa w Burundi. O pomoc dla ubogiej rodziny ci\u0119\u017cko do\u015bwiadczonej przez los prosz\u0105 siostry Karmelitanki.","breadcrumb":{"@id":"https:\/\/www.maitri.pl\/projekt\/dom-dla-samotnej-matki\/#breadcrumb"},"inLanguage":"fr-FR","potentialAction":[{"@type":"ReadAction","target":["https:\/\/www.maitri.pl\/projekt\/dom-dla-samotnej-matki\/"]}]},{"@type":"ImageObject","inLanguage":"fr-FR","@id":"https:\/\/www.maitri.pl\/projekt\/dom-dla-samotnej-matki\/#primaryimage","url":"https:\/\/www.maitri.pl\/wp-content\/uploads\/2024\/07\/133-karml.jpg","contentUrl":"https:\/\/www.maitri.pl\/wp-content\/uploads\/2024\/07\/133-karml.jpg","width":809,"height":1080,"caption":"Dom dla samotnej matki i jej 5 dzieci z Gitega Songa w Burundi pomoc Afryce Maitri Adopcja Serca ja\u0142mu\u017cna pomoc ubogim Adopcja duchowa 01"},{"@type":"BreadcrumbList","@id":"https:\/\/www.maitri.pl\/projekt\/dom-dla-samotnej-matki\/#breadcrumb","itemListElement":[{"@type":"ListItem","position":1,"name":"Strona g\u0142\u00f3wna","item":"https:\/\/www.maitri.pl\/"},{"@type":"ListItem","position":2,"name":"Sklep","item":"https:\/\/www.maitri.pl\/sklep\/"},{"@type":"ListItem","position":3,"name":"Dom dla samotnej matki i jej 5 dzieci z Gitega Songa w Burundi"}]},{"@type":"WebSite","@id":"https:\/\/www.maitri.pl\/#website","url":"https:\/\/www.maitri.pl\/","name":"Adopcja Serca Maitri \u2013 pomoc dzieciom w Afryce","description":"Adopcja Serca \u2013 adopcja na odleg\u0142o\u015b\u0107, pomoc Afryce, do\u017cywianie i edukacja w Afryce","publisher":{"@id":"https:\/\/www.maitri.pl\/#organization"},"potentialAction":[{"@type":"SearchAction","target":{"@type":"EntryPoint","urlTemplate":"https:\/\/www.maitri.pl\/?s={search_term_string}"},"query-input":{"@type":"PropertyValueSpecification","valueRequired":true,"valueName":"search_term_string"}}],"inLanguage":"fr-FR"},{"@type":"Organization","@id":"https:\/\/www.maitri.pl\/#organization","name":"Stowarzyszenie Ruchu Maitri","url":"https:\/\/www.maitri.pl\/","logo":{"@type":"ImageObject","inLanguage":"fr-FR","@id":"https:\/\/www.maitri.pl\/#\/schema\/logo\/image\/","url":"https:\/\/www.maitri.pl\/wp-content\/uploads\/2020\/04\/duze_logo-81.png","contentUrl":"https:\/\/www.maitri.pl\/wp-content\/uploads\/2020\/04\/duze_logo-81.png","width":339,"height":321,"caption":"Stowarzyszenie Ruchu Maitri"},"image":{"@id":"https:\/\/www.maitri.pl\/#\/schema\/logo\/image\/"},"sameAs":["https:\/\/www.facebook.com\/MAITRI.Adopcja.Serca.dzieci.Afryki\/"]}]}},"_links":{"self":[{"href":"https:\/\/www.maitri.pl\/fr\/wp-json\/wp\/v2\/product\/31669","targetHints":{"allow":["GET"]}}],"collection":[{"href":"https:\/\/www.maitri.pl\/fr\/wp-json\/wp\/v2\/product"}],"about":[{"href":"https:\/\/www.maitri.pl\/fr\/wp-json\/wp\/v2\/types\/product"}],"wp:featuredmedia":[{"embeddable":true,"href":"https:\/\/www.maitri.pl\/fr\/wp-json\/wp\/v2\/media\/31673"}],"wp:attachment":[{"href":"https:\/\/www.maitri.pl\/fr\/wp-json\/wp\/v2\/media?parent=31669"}],"wp:term":[{"taxonomy":"product_brand","embeddable":true,"href":"https:\/\/www.maitri.pl\/fr\/wp-json\/wp\/v2\/product_brand?post=31669"},{"taxonomy":"product_cat","embeddable":true,"href":"https:\/\/www.maitri.pl\/fr\/wp-json\/wp\/v2\/product_cat?post=31669"},{"taxonomy":"product_tag","embeddable":true,"href":"https:\/\/www.maitri.pl\/fr\/wp-json\/wp\/v2\/product_tag?post=31669"}],"curies":[{"name":"wp","href":"https:\/\/api.w.org\/{rel}","templated":true}]}}