{"id":31655,"date":"2024-07-02T17:56:39","date_gmt":"2024-07-02T15:56:39","guid":{"rendered":"https:\/\/www.maitri.pl\/?post_type=product&#038;p=31655"},"modified":"2025-03-31T14:14:10","modified_gmt":"2025-03-31T12:14:10","slug":"kanoniczki-ambulans-burundi","status":"publish","type":"product","link":"https:\/\/www.maitri.pl\/fr\/projekt\/kanoniczki-ambulans-burundi\/","title":{"rendered":"Kanoniczki prosz\u0105 o zakup opon do ambulansu dla O\u015brodka Zdrowia w Buraniro"},"content":{"rendered":"<h4>Szpital po\u015br\u00f3d wertep\u00f3w<\/h4>\n<p>Siostry Kanoniczki od lat prowadz\u0105 O\u015brodek Zdrowia przy misji w miejscowo\u015bci Buraniro w Burundi. Plac\u00f3wka \u015bwiadczy opiek\u0119 zdrowotn\u0105 dla wielu tysi\u0119cy ludzi mieszkaj\u0105cych na terenach wok\u00f3\u0142 misji. Niestety ze wzgl\u0119du na fatalny stan dr\u00f3g oraz ich brak, Siostry maj\u0105 problem z dotarciem do chorych z oddalonych wsi. Cz\u0119sto tamtejsze \u015bcie\u017cki s\u0105 zupe\u0142nie nieprzejezdne. Dlatego zwracamy si\u0119 z pro\u015bb\u0105 o pomoc w zakupie nowych opon do ambulansu dla O\u015brodka Zdrowia w Buraniro. O\u015brodek jest oddalony od drogi asfaltowej 30 km. W czasie pory deszczowej aby si\u0119 do niego dosta\u0107 trzeba jecha\u0107 drog\u0105 w b\u0142ocie i po dziurach,\u00a0 w czasie pory suchej miejscami po \u017cwirze i dalej po dziurach.<\/p>\n<h4>Auto przewozi chorych i leki<\/h4>\n<p>Ambulans opr\u00f3cz przewozu chorych do szpitala pe\u0142ni r\u00f3wnie\u017c rol\u0119 samochodu, kt\u00f3rym przewozimy zakupione lekarstwa i inne rzeczy niezb\u0119dne do funkcjonowania O\u015brodka, w kt\u00f3rym z leczenia korzysta\u00a0 do 60 tys. chorych rocznie. Siostry Kanoniczki bardzo potrzebuj\u0105 nowych opon do ambulansu. Stare opony s\u0142u\u017c\u0105 ju\u017c od 10 lat i nie przejd\u0105 nast\u0119pnej kontroli technicznej samochodu. \u00ab\u00a0Tak wygl\u0105da to nasze \u017cycie na misji, gdy trzeba wybiera\u0107 czy kwot\u0119 1000 \u20ac wyda\u0107 na leki dla chorych ludzi, czy na opony\u00a0\u00bb &#8211; m\u00f3wi siostra Ezechiela Pyszka z Buraniro. \u00ab\u00a0Jedno i drugie jest konieczne, aby dobrze wykonywa\u0107 nasz\u0105 s\u0142u\u017cb\u0119.\u00a0Serdecznie pozdrawiam i przesy\u0142am z ufno\u015bci\u0105 pro\u015bb\u0119 o wsparcie, z modlitw\u0105 s Ezechiela\u00a0\u00bb &#8211; dodaje. Apelujemy o wsparcie.<\/p>\n<h4><strong>Kosztorys:<\/strong><\/h4>\n<p>&#8211; opony &#8211; 6 283 500 FBU<\/p>\n<p>&#8211; d\u0119tki &#8211; 507 400 FBU<\/p>\n<p>Razem: 6\u00a0790\u00a0900 frank\u00f3w burundyjskich<\/p>\n<p><em><strong>Podsumowanie w miejscowej walucie: 6 790 900 frank\u00f3w burundyjskich<\/strong><\/em><\/p>\n<p><em>Siostra Ezechiela Pyszka<\/em>, <a href=\"http:\/\/kanoniczki.pl\/index.php\/pojdz-za-mna\/moje-powolanie\/260-jestem-afrykanka\"> Zgromadzenie Si\u00f3str Kanoniczek Ducha \u015awi\u0119tego de Saxia<\/a>, misja Buraniro, <a href=\"https:\/\/www.maitri.pl\/gdzie-pomagamy\/\" target=\"_blank\" rel=\"noopener\">Burundi<\/a><\/p>\n<p style=\"text-align: justify;\" align=\"JUSTIFY\"><span style=\"color: #ff0000;\"><span style=\"font-size: large;\"><b>Kwota projektu: 1 370 \u20ac<br \/>\n<\/b><\/span><\/span><\/p>\n<p style=\"text-align: justify;\"><strong>Numer projektu: 231\/DUCHA<\/strong><\/p>\n<p style=\"text-align: justify;\" align=\"JUSTIFY\"><span style=\"color: #808080;\">Stowarzyszenie Ruchu\u00a0<em>Maitri<\/em>\u00a0przeznacza do 10% otrzymanych \u015brodk\u00f3w na koszty funkcjonowania biura i pozyskiwanie funduszy pomocowych.<\/span><\/p>\n<h3 style=\"text-align: justify;\" align=\"JUSTIFY\"><span style=\"color: #808080;\"><strong>Kanoniczki prosz\u0105 o zakup opon do ambulansu dla O\u015brodka Zdrowia w Buraniro\u00a0 w Burundi<\/strong><\/span><\/h3>\n","protected":false},"excerpt":{"rendered":"<p><strong>Projekt:<\/strong> <em>Siostra Ezechiela Pyszka<\/em>, <a href=\"http:\/\/kanoniczki.pl\/index.php\/pojdz-za-mna\/moje-powolanie\/260-jestem-afrykanka\"> Zgromadzenie Si\u00f3str Kanoniczek Ducha \u015awi\u0119tego de Saxia<\/a><br \/>\n<strong>Misja:<\/strong> Buraniro, <a href=\"https:\/\/www.maitri.pl\/gdzie-pomagamy\/\" target=\"_blank\" rel=\"noopener noreferrer\">Burundi<\/a><br \/>\n<strong>Zbierana kwota: <span style=\"color: #ff0000;\">1 370 \u20ac<\/span><\/strong><\/p>\n","protected":false},"featured_media":31659,"template":"","meta":[],"product_brand":[],"product_cat":[656],"product_tag":[666,667,668,845],"class_list":{"0":"post-31655","1":"product","2":"type-product","3":"status-publish","4":"has-post-thumbnail","6":"product_cat-bez-kategorii","7":"product_tag-buraniro","8":"product_tag-burundi","9":"product_tag-siostra-ezechiela-pyszka","10":"product_tag-zgromadzenie-siostr-kanoniczek-ducha-swietego","12":"first","13":"instock","14":"virtual","15":"purchasable","16":"product-type-simple"},"yoast_head":"<!-- This site is optimized with the Yoast SEO plugin v27.2 - https:\/\/yoast.com\/product\/yoast-seo-wordpress\/ -->\n<title>Kanoniczki prosz\u0105 o zakup opon do ambulansu w misji Buraniro<\/title>\n<meta name=\"description\" content=\"Kanoniczki prosz\u0105 o zakup opon do ambulansu dla O\u015brodka Zdrowia w Buraniro. Pom\u00f3\u017cmy Siostrom dotrze\u0107 do chorych \u017cyj\u0105cych na bezdro\u017cach Burundi.\" \/>\n<meta name=\"robots\" content=\"index, follow, max-snippet:-1, max-image-preview:large, max-video-preview:-1\" \/>\n<link rel=\"canonical\" href=\"https:\/\/www.maitri.pl\/projekt\/kanoniczki-ambulans-burundi\/\" \/>\n<meta property=\"og:locale\" content=\"fr_FR\" \/>\n<meta property=\"og:type\" content=\"article\" \/>\n<meta property=\"og:title\" content=\"Kanoniczki prosz\u0105 o zakup opon do ambulansu w misji Buraniro\" \/>\n<meta property=\"og:description\" content=\"Kanoniczki prosz\u0105 o zakup opon do ambulansu dla O\u015brodka Zdrowia w Buraniro. Pom\u00f3\u017cmy Siostrom dotrze\u0107 do chorych \u017cyj\u0105cych na bezdro\u017cach Burundi.\" \/>\n<meta property=\"og:url\" content=\"https:\/\/www.maitri.pl\/projekt\/kanoniczki-ambulans-burundi\/\" \/>\n<meta property=\"og:site_name\" content=\"Ruch Maitri - Adopcja Serca pomoc Afryce\" \/>\n<meta property=\"article:publisher\" content=\"https:\/\/www.facebook.com\/MAITRI.Adopcja.Serca.dzieci.Afryki\/\" \/>\n<meta property=\"article:modified_time\" content=\"2025-03-31T12:14:10+00:00\" \/>\n<meta property=\"og:image\" content=\"https:\/\/www.maitri.pl\/wp-content\/uploads\/2024\/07\/231-ducha-1.jpg\" \/>\n\t<meta property=\"og:image:width\" content=\"1600\" \/>\n\t<meta property=\"og:image:height\" content=\"1200\" \/>\n\t<meta property=\"og:image:type\" content=\"image\/jpeg\" \/>\n<meta name=\"twitter:card\" content=\"summary_large_image\" \/>\n<meta name=\"twitter:label1\" content=\"Dur\u00e9e de lecture estim\u00e9e\" \/>\n\t<meta name=\"twitter:data1\" content=\"3 minutes\" \/>\n<script type=\"application\/ld+json\" class=\"yoast-schema-graph\">{\"@context\":\"https:\/\/schema.org\",\"@graph\":[{\"@type\":\"WebPage\",\"@id\":\"https:\/\/www.maitri.pl\/projekt\/kanoniczki-ambulans-burundi\/\",\"url\":\"https:\/\/www.maitri.pl\/projekt\/kanoniczki-ambulans-burundi\/\",\"name\":\"Kanoniczki prosz\u0105 o zakup opon do ambulansu w misji Buraniro\",\"isPartOf\":{\"@id\":\"https:\/\/www.maitri.pl\/#website\"},\"primaryImageOfPage\":{\"@id\":\"https:\/\/www.maitri.pl\/projekt\/kanoniczki-ambulans-burundi\/#primaryimage\"},\"image\":{\"@id\":\"https:\/\/www.maitri.pl\/projekt\/kanoniczki-ambulans-burundi\/#primaryimage\"},\"thumbnailUrl\":\"https:\/\/www.maitri.pl\/wp-content\/uploads\/2024\/07\/231-ducha-1.jpg\",\"datePublished\":\"2024-07-02T15:56:39+00:00\",\"dateModified\":\"2025-03-31T12:14:10+00:00\",\"description\":\"Kanoniczki prosz\u0105 o zakup opon do ambulansu dla O\u015brodka Zdrowia w Buraniro. Pom\u00f3\u017cmy Siostrom dotrze\u0107 do chorych \u017cyj\u0105cych na bezdro\u017cach Burundi.\",\"breadcrumb\":{\"@id\":\"https:\/\/www.maitri.pl\/projekt\/kanoniczki-ambulans-burundi\/#breadcrumb\"},\"inLanguage\":\"fr-FR\",\"potentialAction\":[{\"@type\":\"ReadAction\",\"target\":[\"https:\/\/www.maitri.pl\/projekt\/kanoniczki-ambulans-burundi\/\"]}]},{\"@type\":\"ImageObject\",\"inLanguage\":\"fr-FR\",\"@id\":\"https:\/\/www.maitri.pl\/projekt\/kanoniczki-ambulans-burundi\/#primaryimage\",\"url\":\"https:\/\/www.maitri.pl\/wp-content\/uploads\/2024\/07\/231-ducha-1.jpg\",\"contentUrl\":\"https:\/\/www.maitri.pl\/wp-content\/uploads\/2024\/07\/231-ducha-1.jpg\",\"width\":1600,\"height\":1200,\"caption\":\"Kanoniczki prosz\u0105 o zakup opon do ambulansu dla O\u015brodka Zdrowia w Buraniro\u00a0 w Burundi pomoc Afryce pomoc ubogim Adopcja Serca ja\u0142mu\u017cna Adopcja duchowa Maitri 01\"},{\"@type\":\"BreadcrumbList\",\"@id\":\"https:\/\/www.maitri.pl\/projekt\/kanoniczki-ambulans-burundi\/#breadcrumb\",\"itemListElement\":[{\"@type\":\"ListItem\",\"position\":1,\"name\":\"Strona g\u0142\u00f3wna\",\"item\":\"https:\/\/www.maitri.pl\/\"},{\"@type\":\"ListItem\",\"position\":2,\"name\":\"Sklep\",\"item\":\"https:\/\/www.maitri.pl\/sklep\/\"},{\"@type\":\"ListItem\",\"position\":3,\"name\":\"Kanoniczki prosz\u0105 o zakup opon do ambulansu dla O\u015brodka Zdrowia w Buraniro\"}]},{\"@type\":\"WebSite\",\"@id\":\"https:\/\/www.maitri.pl\/#website\",\"url\":\"https:\/\/www.maitri.pl\/\",\"name\":\"Adopcja Serca Maitri \u2013 pomoc dzieciom w Afryce\",\"description\":\"Adopcja Serca \u2013 adopcja na odleg\u0142o\u015b\u0107, pomoc Afryce, do\u017cywianie i edukacja w Afryce\",\"publisher\":{\"@id\":\"https:\/\/www.maitri.pl\/#organization\"},\"potentialAction\":[{\"@type\":\"SearchAction\",\"target\":{\"@type\":\"EntryPoint\",\"urlTemplate\":\"https:\/\/www.maitri.pl\/?s={search_term_string}\"},\"query-input\":{\"@type\":\"PropertyValueSpecification\",\"valueRequired\":true,\"valueName\":\"search_term_string\"}}],\"inLanguage\":\"fr-FR\"},{\"@type\":\"Organization\",\"@id\":\"https:\/\/www.maitri.pl\/#organization\",\"name\":\"Stowarzyszenie Ruchu Maitri\",\"url\":\"https:\/\/www.maitri.pl\/\",\"logo\":{\"@type\":\"ImageObject\",\"inLanguage\":\"fr-FR\",\"@id\":\"https:\/\/www.maitri.pl\/#\/schema\/logo\/image\/\",\"url\":\"https:\/\/www.maitri.pl\/wp-content\/uploads\/2020\/04\/duze_logo-81.png\",\"contentUrl\":\"https:\/\/www.maitri.pl\/wp-content\/uploads\/2020\/04\/duze_logo-81.png\",\"width\":339,\"height\":321,\"caption\":\"Stowarzyszenie Ruchu Maitri\"},\"image\":{\"@id\":\"https:\/\/www.maitri.pl\/#\/schema\/logo\/image\/\"},\"sameAs\":[\"https:\/\/www.facebook.com\/MAITRI.Adopcja.Serca.dzieci.Afryki\/\"]}]}<\/script>\n<!-- \/ Yoast SEO plugin. -->","yoast_head_json":{"title":"Kanoniczki prosz\u0105 o zakup opon do ambulansu w misji Buraniro","description":"Kanoniczki prosz\u0105 o zakup opon do ambulansu dla O\u015brodka Zdrowia w Buraniro. Pom\u00f3\u017cmy Siostrom dotrze\u0107 do chorych \u017cyj\u0105cych na bezdro\u017cach Burundi.","robots":{"index":"index","follow":"follow","max-snippet":"max-snippet:-1","max-image-preview":"max-image-preview:large","max-video-preview":"max-video-preview:-1"},"canonical":"https:\/\/www.maitri.pl\/projekt\/kanoniczki-ambulans-burundi\/","og_locale":"fr_FR","og_type":"article","og_title":"Kanoniczki prosz\u0105 o zakup opon do ambulansu w misji Buraniro","og_description":"Kanoniczki prosz\u0105 o zakup opon do ambulansu dla O\u015brodka Zdrowia w Buraniro. Pom\u00f3\u017cmy Siostrom dotrze\u0107 do chorych \u017cyj\u0105cych na bezdro\u017cach Burundi.","og_url":"https:\/\/www.maitri.pl\/projekt\/kanoniczki-ambulans-burundi\/","og_site_name":"Ruch Maitri - Adopcja Serca pomoc Afryce","article_publisher":"https:\/\/www.facebook.com\/MAITRI.Adopcja.Serca.dzieci.Afryki\/","article_modified_time":"2025-03-31T12:14:10+00:00","og_image":[{"width":1600,"height":1200,"url":"https:\/\/www.maitri.pl\/wp-content\/uploads\/2024\/07\/231-ducha-1.jpg","type":"image\/jpeg"}],"twitter_card":"summary_large_image","twitter_misc":{"Dur\u00e9e de lecture estim\u00e9e":"3 minutes"},"schema":{"@context":"https:\/\/schema.org","@graph":[{"@type":"WebPage","@id":"https:\/\/www.maitri.pl\/projekt\/kanoniczki-ambulans-burundi\/","url":"https:\/\/www.maitri.pl\/projekt\/kanoniczki-ambulans-burundi\/","name":"Kanoniczki prosz\u0105 o zakup opon do ambulansu w misji Buraniro","isPartOf":{"@id":"https:\/\/www.maitri.pl\/#website"},"primaryImageOfPage":{"@id":"https:\/\/www.maitri.pl\/projekt\/kanoniczki-ambulans-burundi\/#primaryimage"},"image":{"@id":"https:\/\/www.maitri.pl\/projekt\/kanoniczki-ambulans-burundi\/#primaryimage"},"thumbnailUrl":"https:\/\/www.maitri.pl\/wp-content\/uploads\/2024\/07\/231-ducha-1.jpg","datePublished":"2024-07-02T15:56:39+00:00","dateModified":"2025-03-31T12:14:10+00:00","description":"Kanoniczki prosz\u0105 o zakup opon do ambulansu dla O\u015brodka Zdrowia w Buraniro. Pom\u00f3\u017cmy Siostrom dotrze\u0107 do chorych \u017cyj\u0105cych na bezdro\u017cach Burundi.","breadcrumb":{"@id":"https:\/\/www.maitri.pl\/projekt\/kanoniczki-ambulans-burundi\/#breadcrumb"},"inLanguage":"fr-FR","potentialAction":[{"@type":"ReadAction","target":["https:\/\/www.maitri.pl\/projekt\/kanoniczki-ambulans-burundi\/"]}]},{"@type":"ImageObject","inLanguage":"fr-FR","@id":"https:\/\/www.maitri.pl\/projekt\/kanoniczki-ambulans-burundi\/#primaryimage","url":"https:\/\/www.maitri.pl\/wp-content\/uploads\/2024\/07\/231-ducha-1.jpg","contentUrl":"https:\/\/www.maitri.pl\/wp-content\/uploads\/2024\/07\/231-ducha-1.jpg","width":1600,"height":1200,"caption":"Kanoniczki prosz\u0105 o zakup opon do ambulansu dla O\u015brodka Zdrowia w Buraniro\u00a0 w Burundi pomoc Afryce pomoc ubogim Adopcja Serca ja\u0142mu\u017cna Adopcja duchowa Maitri 01"},{"@type":"BreadcrumbList","@id":"https:\/\/www.maitri.pl\/projekt\/kanoniczki-ambulans-burundi\/#breadcrumb","itemListElement":[{"@type":"ListItem","position":1,"name":"Strona g\u0142\u00f3wna","item":"https:\/\/www.maitri.pl\/"},{"@type":"ListItem","position":2,"name":"Sklep","item":"https:\/\/www.maitri.pl\/sklep\/"},{"@type":"ListItem","position":3,"name":"Kanoniczki prosz\u0105 o zakup opon do ambulansu dla O\u015brodka Zdrowia w Buraniro"}]},{"@type":"WebSite","@id":"https:\/\/www.maitri.pl\/#website","url":"https:\/\/www.maitri.pl\/","name":"Adopcja Serca Maitri \u2013 pomoc dzieciom w Afryce","description":"Adopcja Serca \u2013 adopcja na odleg\u0142o\u015b\u0107, pomoc Afryce, do\u017cywianie i edukacja w Afryce","publisher":{"@id":"https:\/\/www.maitri.pl\/#organization"},"potentialAction":[{"@type":"SearchAction","target":{"@type":"EntryPoint","urlTemplate":"https:\/\/www.maitri.pl\/?s={search_term_string}"},"query-input":{"@type":"PropertyValueSpecification","valueRequired":true,"valueName":"search_term_string"}}],"inLanguage":"fr-FR"},{"@type":"Organization","@id":"https:\/\/www.maitri.pl\/#organization","name":"Stowarzyszenie Ruchu Maitri","url":"https:\/\/www.maitri.pl\/","logo":{"@type":"ImageObject","inLanguage":"fr-FR","@id":"https:\/\/www.maitri.pl\/#\/schema\/logo\/image\/","url":"https:\/\/www.maitri.pl\/wp-content\/uploads\/2020\/04\/duze_logo-81.png","contentUrl":"https:\/\/www.maitri.pl\/wp-content\/uploads\/2020\/04\/duze_logo-81.png","width":339,"height":321,"caption":"Stowarzyszenie Ruchu Maitri"},"image":{"@id":"https:\/\/www.maitri.pl\/#\/schema\/logo\/image\/"},"sameAs":["https:\/\/www.facebook.com\/MAITRI.Adopcja.Serca.dzieci.Afryki\/"]}]}},"_links":{"self":[{"href":"https:\/\/www.maitri.pl\/fr\/wp-json\/wp\/v2\/product\/31655","targetHints":{"allow":["GET"]}}],"collection":[{"href":"https:\/\/www.maitri.pl\/fr\/wp-json\/wp\/v2\/product"}],"about":[{"href":"https:\/\/www.maitri.pl\/fr\/wp-json\/wp\/v2\/types\/product"}],"wp:featuredmedia":[{"embeddable":true,"href":"https:\/\/www.maitri.pl\/fr\/wp-json\/wp\/v2\/media\/31659"}],"wp:attachment":[{"href":"https:\/\/www.maitri.pl\/fr\/wp-json\/wp\/v2\/media?parent=31655"}],"wp:term":[{"taxonomy":"product_brand","embeddable":true,"href":"https:\/\/www.maitri.pl\/fr\/wp-json\/wp\/v2\/product_brand?post=31655"},{"taxonomy":"product_cat","embeddable":true,"href":"https:\/\/www.maitri.pl\/fr\/wp-json\/wp\/v2\/product_cat?post=31655"},{"taxonomy":"product_tag","embeddable":true,"href":"https:\/\/www.maitri.pl\/fr\/wp-json\/wp\/v2\/product_tag?post=31655"}],"curies":[{"name":"wp","href":"https:\/\/api.w.org\/{rel}","templated":true}]}}