{"id":31641,"date":"2024-07-02T17:26:17","date_gmt":"2024-07-02T15:26:17","guid":{"rendered":"https:\/\/www.maitri.pl\/?post_type=product&#038;p=31641"},"modified":"2025-03-31T14:14:18","modified_gmt":"2025-03-31T12:14:18","slug":"jalmuzna-boze-narodzenie","status":"publish","type":"product","link":"https:\/\/www.maitri.pl\/fr\/projekt\/jalmuzna-boze-narodzenie\/","title":{"rendered":"Ja\u0142mu\u017cna na organizacj\u0119 \u015awi\u0105t Bo\u017cego Narodzenia i pielgrzymk\u0119 dla dzieci z Kamerunu"},"content":{"rendered":"<h4>Przychylmy im nieba<\/h4>\n<p>Po wielokrotnym do\u015bwiadczeniu organizowania \u015bwi\u0119ta dla dzieci z okazji\u00a0 Bo\u017cego Narodzenia, pielgrzymek diecezjalnych oraz Dnia M\u0142odo\u015bci (co roku 11 lutego), o\u015bmielam si\u0119 zwr\u00f3ci\u0107 ponownie z moj\u0105 pro\u015bb\u0105.\u00a0Cel tej\u017ce pro\u015bby jest ci\u0105gle ten sam : <strong>uchyli\u0107 r\u0105bka nieba<\/strong> <strong>dzieciom<\/strong>. Dla <a href=\"https:\/\/www.maitri.pl\/adopcja-serca\/\" target=\"_blank\" rel=\"noopener\">dzieci z Afryki<\/a> \u015awi\u0119to to nabiera warto\u015bci chrze\u015bcija\u0144skich tylko i wy\u0142\u0105cznie dzi\u0119ki pomocy ludzi wielkich serc. Potrzebna jest ja\u0142mu\u017cna na organizacj\u0119 \u015awi\u0105t Bo\u017cego Narodzenia, pielgrzymki dla dzieci oraz Dnia M\u0142odo\u015bci.<\/p>\n<h4>Pielgrzymka i loteria fantowa<\/h4>\n<p>W Kamerunie spotykamy mn\u00f3stwo b\u0142yskotek i zabawek, ale s\u0105 one dost\u0119pne tylko dla niekt\u00f3rych. Dzi\u0119ki Waszemu wsparciu ca\u0142a nasza szko\u0142a i dzieci z parafii, a ostatnio niemal\u017ce z ca\u0142ego miasta, korzystaj\u0105 z rado\u015bci loterii fantowej. W ostatnim roku by\u0142o ponad 1000 uczestnik\u00f3w. Z kolei uroczysty posi\u0142ek Bo\u017cego Narodzenia organizujemy tylko dla szko\u0142y. Podczas loterii fantowej ka\u017cde dziecko otrzymuje jaka\u015b zabawk\u0119; skarpetki oraz s\u0142odycze. Oko\u0142o 60 dzieci uczestniczy w diecezjalnej pielgrzymce. Wasza ja\u0142mu\u017cna na zorganizowanie Dnia M\u0142odo\u015bci 11 lutego pozwoli\u0142a nam zdoby\u0107 tradycyjnie ju\u017c pierwsze miejsce w mie\u015bcie w ramach defilady szk\u00f3\u0142.<\/p>\n<h4>Bo\u017ce Narodzenie w Afryce<\/h4>\n<p>Odk\u0105d jestem\u00a0 w Kamerunie, a to ju\u017c 33 lata, zauwa\u017cy\u0142am tutaj brak tradycji prze\u017cywania \u015awi\u0105t Bo\u017cego Narodzenia, jak r\u00f3wnie\u017c zwi\u0105zanej\u00a0 z ni\u0105 rado\u015bci. Czasem niekt\u00f3rzy rodzice nie my\u015bl\u0105 o rado\u015bci dzieci, ale bardziej o sobie. W dniu tego \u015bwi\u0119ta wiele dzieci chodzi bezczynnie po ulicach i z zazdro\u015bci\u0105 patrzy na zabawki innych, bogatszych. W wielu domach nie ma \u015bwi\u0105tecznego posi\u0142ku. Czasem ten dzie\u0144 nie ro\u017cni si\u0119 od tego zwyk\u0142ego w ci\u0105gu roku. A mo\u017ce i wygl\u0105da nawet gorzej, bo rodzice s\u0105 cz\u0119sto nieobecni\u00a0 z powodu spotka\u0144 towarzyskich. Dlatego w okresie miedzy Bo\u017cym Narodzeniem i Nowym Rokiem wyje\u017cd\u017camy z dzie\u0107mi na pielgrzymk\u0119 diecezjaln\u0105 dzieci. Gdyby nie ja\u0142mu\u017cna otrzymana od Was prawdopodobnie nie by\u0142oby takiego wyjazdu. Wasza pomoc mo\u017ce ofiarowa\u0107 rado\u015b\u0107 i mi\u0142o\u015b\u0107 dzieciom. B\u0119dzie ona r\u00f3wnie\u017c powodem u\u015bmiechu na wielu twarzach dzieci\u0119cych i okazj\u0105 do\u015bwiadczenia mi\u0142o\u015bci Bo\u017cej.<\/p>\n<p><img loading=\"lazy\" decoding=\"async\" class=\"alignnone wp-image-31643 size-full\" src=\"https:\/\/www.maitri.pl\/wp-content\/uploads\/2024\/07\/164-chrys.png\" alt=\"ja\u0142mu\u017cna Kamerun\" width=\"994\" height=\"314\" srcset=\"https:\/\/www.maitri.pl\/wp-content\/uploads\/2024\/07\/164-chrys.png 994w, https:\/\/www.maitri.pl\/wp-content\/uploads\/2024\/07\/164-chrys-300x95.png 300w, https:\/\/www.maitri.pl\/wp-content\/uploads\/2024\/07\/164-chrys-768x243.png 768w, https:\/\/www.maitri.pl\/wp-content\/uploads\/2024\/07\/164-chrys-600x190.png 600w\" sizes=\"auto, (max-width: 994px) 100vw, 994px\" \/><\/p>\n<p><em>s. Alicja Adamska, <a href=\"http:\/\/duszajezusa.pl\/\" target=\"_blank\" rel=\"noopener noreferrer\">Zgromadzenie Si\u00f3str Naj\u015bwi\u0119tszej Duszy Chrystusa Pana<\/a><\/em><\/p>\n<p><strong>PODSUMOWANIE<\/strong> (w miejscowej walucie) &#8211; razem <strong>1 562 000 frank\u00f3w CFA<\/strong><\/p>\n<p style=\"text-align: justify;\" align=\"JUSTIFY\"><span style=\"color: #ff0000;\"><span style=\"font-size: large;\"><b>Kwota projektu: 2 650 \u20ac<br \/>\n<\/b><\/span><\/span><\/p>\n<p style=\"text-align: justify;\"><strong>Numer projektu: 164\/CHRYS <\/strong><\/p>\n<p style=\"text-align: justify;\" align=\"JUSTIFY\"><span style=\"color: #808080;\">Stowarzyszenie Ruchu\u00a0<em>Maitri<\/em>\u00a0przeznacza do 10% otrzymanych \u015brodk\u00f3w na koszty funkcjonowania biura i pozyskiwanie funduszy pomocowych.<\/span><\/p>\n<h3 style=\"text-align: justify;\" align=\"JUSTIFY\"><span style=\"color: #808080;\">Ja\u0142mu\u017cna na organizacj\u0119 \u015awi\u0105t Bo\u017cego Narodzenia i pielgrzymk\u0119 dla dzieci z Kamerunu<\/span><\/h3>\n","protected":false},"excerpt":{"rendered":"<p><strong>Projekt: <\/strong><em>s. Alicja Adamska, <a href=\"http:\/\/duszajezusa.pl\/\" target=\"_blank\" rel=\"noopener noreferrer\">Zgromadzenie Si\u00f3str Naj\u015bwi\u0119tszej Duszy Chrystusa Pana<\/a><\/em><br \/>\n<strong>Misja:<\/strong> Abong Mbang, <a href=\"https:\/\/www.maitri.pl\/gdzie-pomagamy\/\" target=\"_blank\" rel=\"noopener noreferrer\">Kamerun<\/a><br \/>\n<strong>Kwota projektu: <span style=\"color: #ff0000;\">2 650 \u20ac<\/span><\/strong><\/p>\n","protected":false},"featured_media":31646,"template":"","meta":[],"product_brand":[],"product_cat":[656],"product_tag":[662,658,659,660],"class_list":{"0":"post-31641","1":"product","2":"type-product","3":"status-publish","4":"has-post-thumbnail","6":"product_cat-bez-kategorii","7":"product_tag-abong-mbang","8":"product_tag-kamerun","9":"product_tag-siostra-alicja-adamska","10":"product_tag-zgromadzenie-siostr-najswietszej-duszy-chrystusa-pana","12":"first","13":"instock","14":"virtual","15":"purchasable","16":"product-type-simple"},"yoast_head":"<!-- This site is optimized with the Yoast SEO plugin v27.2 - https:\/\/yoast.com\/product\/yoast-seo-wordpress\/ -->\n<title>Ja\u0142mu\u017cna na organizacj\u0119 \u015awi\u0105t Bo\u017cego Narodzenia i pielgrzymk\u0119<\/title>\n<meta name=\"description\" content=\"Ja\u0142mu\u017cna na organizacj\u0119 \u015awi\u0105t Bo\u017cego Narodzenia i pielgrzymk\u0119 dla dzieci z Kamerunu. O pomoc prosz\u0105 Siostry Naj\u015bwi\u0119tszej Duszy Chrystusa Pana.\" \/>\n<meta name=\"robots\" content=\"index, follow, max-snippet:-1, max-image-preview:large, max-video-preview:-1\" \/>\n<link rel=\"canonical\" href=\"https:\/\/www.maitri.pl\/projekt\/jalmuzna-boze-narodzenie\/\" \/>\n<meta property=\"og:locale\" content=\"fr_FR\" \/>\n<meta property=\"og:type\" content=\"article\" \/>\n<meta property=\"og:title\" content=\"Ja\u0142mu\u017cna na organizacj\u0119 \u015awi\u0105t Bo\u017cego Narodzenia i pielgrzymk\u0119\" \/>\n<meta property=\"og:description\" content=\"Ja\u0142mu\u017cna na organizacj\u0119 \u015awi\u0105t Bo\u017cego Narodzenia i pielgrzymk\u0119 dla dzieci z Kamerunu. O pomoc prosz\u0105 Siostry Naj\u015bwi\u0119tszej Duszy Chrystusa Pana.\" \/>\n<meta property=\"og:url\" content=\"https:\/\/www.maitri.pl\/projekt\/jalmuzna-boze-narodzenie\/\" \/>\n<meta property=\"og:site_name\" content=\"Ruch Maitri - Adopcja Serca pomoc Afryce\" \/>\n<meta property=\"article:publisher\" content=\"https:\/\/www.facebook.com\/MAITRI.Adopcja.Serca.dzieci.Afryki\/\" \/>\n<meta property=\"article:modified_time\" content=\"2025-03-31T12:14:18+00:00\" \/>\n<meta property=\"og:image\" content=\"https:\/\/www.maitri.pl\/wp-content\/uploads\/2024\/07\/164-chrys-1-scaled.jpg\" \/>\n\t<meta property=\"og:image:width\" content=\"2037\" \/>\n\t<meta property=\"og:image:height\" content=\"2560\" \/>\n\t<meta property=\"og:image:type\" content=\"image\/jpeg\" \/>\n<meta name=\"twitter:card\" content=\"summary_large_image\" \/>\n<meta name=\"twitter:label1\" content=\"Dur\u00e9e de lecture estim\u00e9e\" \/>\n\t<meta name=\"twitter:data1\" content=\"3 minutes\" \/>\n<script type=\"application\/ld+json\" class=\"yoast-schema-graph\">{\"@context\":\"https:\/\/schema.org\",\"@graph\":[{\"@type\":\"WebPage\",\"@id\":\"https:\/\/www.maitri.pl\/projekt\/jalmuzna-boze-narodzenie\/\",\"url\":\"https:\/\/www.maitri.pl\/projekt\/jalmuzna-boze-narodzenie\/\",\"name\":\"Ja\u0142mu\u017cna na organizacj\u0119 \u015awi\u0105t Bo\u017cego Narodzenia i pielgrzymk\u0119\",\"isPartOf\":{\"@id\":\"https:\/\/www.maitri.pl\/#website\"},\"primaryImageOfPage\":{\"@id\":\"https:\/\/www.maitri.pl\/projekt\/jalmuzna-boze-narodzenie\/#primaryimage\"},\"image\":{\"@id\":\"https:\/\/www.maitri.pl\/projekt\/jalmuzna-boze-narodzenie\/#primaryimage\"},\"thumbnailUrl\":\"https:\/\/www.maitri.pl\/wp-content\/uploads\/2024\/07\/164-chrys-1-scaled.jpg\",\"datePublished\":\"2024-07-02T15:26:17+00:00\",\"dateModified\":\"2025-03-31T12:14:18+00:00\",\"description\":\"Ja\u0142mu\u017cna na organizacj\u0119 \u015awi\u0105t Bo\u017cego Narodzenia i pielgrzymk\u0119 dla dzieci z Kamerunu. O pomoc prosz\u0105 Siostry Naj\u015bwi\u0119tszej Duszy Chrystusa Pana.\",\"breadcrumb\":{\"@id\":\"https:\/\/www.maitri.pl\/projekt\/jalmuzna-boze-narodzenie\/#breadcrumb\"},\"inLanguage\":\"fr-FR\",\"potentialAction\":[{\"@type\":\"ReadAction\",\"target\":[\"https:\/\/www.maitri.pl\/projekt\/jalmuzna-boze-narodzenie\/\"]}]},{\"@type\":\"ImageObject\",\"inLanguage\":\"fr-FR\",\"@id\":\"https:\/\/www.maitri.pl\/projekt\/jalmuzna-boze-narodzenie\/#primaryimage\",\"url\":\"https:\/\/www.maitri.pl\/wp-content\/uploads\/2024\/07\/164-chrys-1-scaled.jpg\",\"contentUrl\":\"https:\/\/www.maitri.pl\/wp-content\/uploads\/2024\/07\/164-chrys-1-scaled.jpg\",\"width\":2037,\"height\":2560,\"caption\":\"Ja\u0142mu\u017cna na organizacj\u0119 \u015awi\u0105t Bo\u017cego Narodzenia i pielgrzymk\u0119 dla dzieci z Kamerunu pomoc Afryce Adopcja Serca Adopcja duchowa Maitri 01\"},{\"@type\":\"BreadcrumbList\",\"@id\":\"https:\/\/www.maitri.pl\/projekt\/jalmuzna-boze-narodzenie\/#breadcrumb\",\"itemListElement\":[{\"@type\":\"ListItem\",\"position\":1,\"name\":\"Strona g\u0142\u00f3wna\",\"item\":\"https:\/\/www.maitri.pl\/\"},{\"@type\":\"ListItem\",\"position\":2,\"name\":\"Sklep\",\"item\":\"https:\/\/www.maitri.pl\/sklep\/\"},{\"@type\":\"ListItem\",\"position\":3,\"name\":\"Ja\u0142mu\u017cna na organizacj\u0119 \u015awi\u0105t Bo\u017cego Narodzenia i pielgrzymk\u0119 dla dzieci z Kamerunu\"}]},{\"@type\":\"WebSite\",\"@id\":\"https:\/\/www.maitri.pl\/#website\",\"url\":\"https:\/\/www.maitri.pl\/\",\"name\":\"Adopcja Serca Maitri \u2013 pomoc dzieciom w Afryce\",\"description\":\"Adopcja Serca \u2013 adopcja na odleg\u0142o\u015b\u0107, pomoc Afryce, do\u017cywianie i edukacja w Afryce\",\"publisher\":{\"@id\":\"https:\/\/www.maitri.pl\/#organization\"},\"potentialAction\":[{\"@type\":\"SearchAction\",\"target\":{\"@type\":\"EntryPoint\",\"urlTemplate\":\"https:\/\/www.maitri.pl\/?s={search_term_string}\"},\"query-input\":{\"@type\":\"PropertyValueSpecification\",\"valueRequired\":true,\"valueName\":\"search_term_string\"}}],\"inLanguage\":\"fr-FR\"},{\"@type\":\"Organization\",\"@id\":\"https:\/\/www.maitri.pl\/#organization\",\"name\":\"Stowarzyszenie Ruchu Maitri\",\"url\":\"https:\/\/www.maitri.pl\/\",\"logo\":{\"@type\":\"ImageObject\",\"inLanguage\":\"fr-FR\",\"@id\":\"https:\/\/www.maitri.pl\/#\/schema\/logo\/image\/\",\"url\":\"https:\/\/www.maitri.pl\/wp-content\/uploads\/2020\/04\/duze_logo-81.png\",\"contentUrl\":\"https:\/\/www.maitri.pl\/wp-content\/uploads\/2020\/04\/duze_logo-81.png\",\"width\":339,\"height\":321,\"caption\":\"Stowarzyszenie Ruchu Maitri\"},\"image\":{\"@id\":\"https:\/\/www.maitri.pl\/#\/schema\/logo\/image\/\"},\"sameAs\":[\"https:\/\/www.facebook.com\/MAITRI.Adopcja.Serca.dzieci.Afryki\/\"]}]}<\/script>\n<!-- \/ Yoast SEO plugin. -->","yoast_head_json":{"title":"Ja\u0142mu\u017cna na organizacj\u0119 \u015awi\u0105t Bo\u017cego Narodzenia i pielgrzymk\u0119","description":"Ja\u0142mu\u017cna na organizacj\u0119 \u015awi\u0105t Bo\u017cego Narodzenia i pielgrzymk\u0119 dla dzieci z Kamerunu. O pomoc prosz\u0105 Siostry Naj\u015bwi\u0119tszej Duszy Chrystusa Pana.","robots":{"index":"index","follow":"follow","max-snippet":"max-snippet:-1","max-image-preview":"max-image-preview:large","max-video-preview":"max-video-preview:-1"},"canonical":"https:\/\/www.maitri.pl\/projekt\/jalmuzna-boze-narodzenie\/","og_locale":"fr_FR","og_type":"article","og_title":"Ja\u0142mu\u017cna na organizacj\u0119 \u015awi\u0105t Bo\u017cego Narodzenia i pielgrzymk\u0119","og_description":"Ja\u0142mu\u017cna na organizacj\u0119 \u015awi\u0105t Bo\u017cego Narodzenia i pielgrzymk\u0119 dla dzieci z Kamerunu. O pomoc prosz\u0105 Siostry Naj\u015bwi\u0119tszej Duszy Chrystusa Pana.","og_url":"https:\/\/www.maitri.pl\/projekt\/jalmuzna-boze-narodzenie\/","og_site_name":"Ruch Maitri - Adopcja Serca pomoc Afryce","article_publisher":"https:\/\/www.facebook.com\/MAITRI.Adopcja.Serca.dzieci.Afryki\/","article_modified_time":"2025-03-31T12:14:18+00:00","og_image":[{"width":2037,"height":2560,"url":"https:\/\/www.maitri.pl\/wp-content\/uploads\/2024\/07\/164-chrys-1-scaled.jpg","type":"image\/jpeg"}],"twitter_card":"summary_large_image","twitter_misc":{"Dur\u00e9e de lecture estim\u00e9e":"3 minutes"},"schema":{"@context":"https:\/\/schema.org","@graph":[{"@type":"WebPage","@id":"https:\/\/www.maitri.pl\/projekt\/jalmuzna-boze-narodzenie\/","url":"https:\/\/www.maitri.pl\/projekt\/jalmuzna-boze-narodzenie\/","name":"Ja\u0142mu\u017cna na organizacj\u0119 \u015awi\u0105t Bo\u017cego Narodzenia i pielgrzymk\u0119","isPartOf":{"@id":"https:\/\/www.maitri.pl\/#website"},"primaryImageOfPage":{"@id":"https:\/\/www.maitri.pl\/projekt\/jalmuzna-boze-narodzenie\/#primaryimage"},"image":{"@id":"https:\/\/www.maitri.pl\/projekt\/jalmuzna-boze-narodzenie\/#primaryimage"},"thumbnailUrl":"https:\/\/www.maitri.pl\/wp-content\/uploads\/2024\/07\/164-chrys-1-scaled.jpg","datePublished":"2024-07-02T15:26:17+00:00","dateModified":"2025-03-31T12:14:18+00:00","description":"Ja\u0142mu\u017cna na organizacj\u0119 \u015awi\u0105t Bo\u017cego Narodzenia i pielgrzymk\u0119 dla dzieci z Kamerunu. O pomoc prosz\u0105 Siostry Naj\u015bwi\u0119tszej Duszy Chrystusa Pana.","breadcrumb":{"@id":"https:\/\/www.maitri.pl\/projekt\/jalmuzna-boze-narodzenie\/#breadcrumb"},"inLanguage":"fr-FR","potentialAction":[{"@type":"ReadAction","target":["https:\/\/www.maitri.pl\/projekt\/jalmuzna-boze-narodzenie\/"]}]},{"@type":"ImageObject","inLanguage":"fr-FR","@id":"https:\/\/www.maitri.pl\/projekt\/jalmuzna-boze-narodzenie\/#primaryimage","url":"https:\/\/www.maitri.pl\/wp-content\/uploads\/2024\/07\/164-chrys-1-scaled.jpg","contentUrl":"https:\/\/www.maitri.pl\/wp-content\/uploads\/2024\/07\/164-chrys-1-scaled.jpg","width":2037,"height":2560,"caption":"Ja\u0142mu\u017cna na organizacj\u0119 \u015awi\u0105t Bo\u017cego Narodzenia i pielgrzymk\u0119 dla dzieci z Kamerunu pomoc Afryce Adopcja Serca Adopcja duchowa Maitri 01"},{"@type":"BreadcrumbList","@id":"https:\/\/www.maitri.pl\/projekt\/jalmuzna-boze-narodzenie\/#breadcrumb","itemListElement":[{"@type":"ListItem","position":1,"name":"Strona g\u0142\u00f3wna","item":"https:\/\/www.maitri.pl\/"},{"@type":"ListItem","position":2,"name":"Sklep","item":"https:\/\/www.maitri.pl\/sklep\/"},{"@type":"ListItem","position":3,"name":"Ja\u0142mu\u017cna na organizacj\u0119 \u015awi\u0105t Bo\u017cego Narodzenia i pielgrzymk\u0119 dla dzieci z Kamerunu"}]},{"@type":"WebSite","@id":"https:\/\/www.maitri.pl\/#website","url":"https:\/\/www.maitri.pl\/","name":"Adopcja Serca Maitri \u2013 pomoc dzieciom w Afryce","description":"Adopcja Serca \u2013 adopcja na odleg\u0142o\u015b\u0107, pomoc Afryce, do\u017cywianie i edukacja w Afryce","publisher":{"@id":"https:\/\/www.maitri.pl\/#organization"},"potentialAction":[{"@type":"SearchAction","target":{"@type":"EntryPoint","urlTemplate":"https:\/\/www.maitri.pl\/?s={search_term_string}"},"query-input":{"@type":"PropertyValueSpecification","valueRequired":true,"valueName":"search_term_string"}}],"inLanguage":"fr-FR"},{"@type":"Organization","@id":"https:\/\/www.maitri.pl\/#organization","name":"Stowarzyszenie Ruchu Maitri","url":"https:\/\/www.maitri.pl\/","logo":{"@type":"ImageObject","inLanguage":"fr-FR","@id":"https:\/\/www.maitri.pl\/#\/schema\/logo\/image\/","url":"https:\/\/www.maitri.pl\/wp-content\/uploads\/2020\/04\/duze_logo-81.png","contentUrl":"https:\/\/www.maitri.pl\/wp-content\/uploads\/2020\/04\/duze_logo-81.png","width":339,"height":321,"caption":"Stowarzyszenie Ruchu Maitri"},"image":{"@id":"https:\/\/www.maitri.pl\/#\/schema\/logo\/image\/"},"sameAs":["https:\/\/www.facebook.com\/MAITRI.Adopcja.Serca.dzieci.Afryki\/"]}]}},"_links":{"self":[{"href":"https:\/\/www.maitri.pl\/fr\/wp-json\/wp\/v2\/product\/31641","targetHints":{"allow":["GET"]}}],"collection":[{"href":"https:\/\/www.maitri.pl\/fr\/wp-json\/wp\/v2\/product"}],"about":[{"href":"https:\/\/www.maitri.pl\/fr\/wp-json\/wp\/v2\/types\/product"}],"wp:featuredmedia":[{"embeddable":true,"href":"https:\/\/www.maitri.pl\/fr\/wp-json\/wp\/v2\/media\/31646"}],"wp:attachment":[{"href":"https:\/\/www.maitri.pl\/fr\/wp-json\/wp\/v2\/media?parent=31641"}],"wp:term":[{"taxonomy":"product_brand","embeddable":true,"href":"https:\/\/www.maitri.pl\/fr\/wp-json\/wp\/v2\/product_brand?post=31641"},{"taxonomy":"product_cat","embeddable":true,"href":"https:\/\/www.maitri.pl\/fr\/wp-json\/wp\/v2\/product_cat?post=31641"},{"taxonomy":"product_tag","embeddable":true,"href":"https:\/\/www.maitri.pl\/fr\/wp-json\/wp\/v2\/product_tag?post=31641"}],"curies":[{"name":"wp","href":"https:\/\/api.w.org\/{rel}","templated":true}]}}