{"id":31630,"date":"2024-07-02T16:42:26","date_gmt":"2024-07-02T14:42:26","guid":{"rendered":"https:\/\/www.maitri.pl\/?post_type=product&#038;p=31630"},"modified":"2025-03-31T14:14:26","modified_gmt":"2025-03-31T12:14:26","slug":"karmelitanki-dozywianie-burundi","status":"publish","type":"product","link":"https:\/\/www.maitri.pl\/fr\/projekt\/karmelitanki-dozywianie-burundi\/","title":{"rendered":"Karmelitanki: do\u017cywianie 173 dzieci w przedszkolu \u00ab\u00a0Dzieci\u0105tka Jezus\u00a0\u00bb w Gitega Songa"},"content":{"rendered":"<h4><strong>Karmimy najbardziej potrzebuj\u0105cych<\/strong><\/h4>\n<p>Mimo trudnych czas\u00f3w, nie przestajemy karmi\u0107 tych, kt\u00f3rzy tego najbardziej potrzebuj\u0105. Od wrze\u015bnia nowego roku szkolnego w naszym przedszkolu \u201eDzieci\u0105tka Jezus\u201d mamy grup\u0119 173 dzieci w sze\u015bciu klasach. Przedszkole prowadzimy my, siostry karmelitanki. Mamy 3 poziomy, a ka\u017cdy poziom ma dwie klasy. Je\u017celi mamy na to \u015brodki, to zwykle karmimy te dzieci mi\u0119dzy zaj\u0119ciami. Chcemy je w ten spos\u00f3b zach\u0119ci\u0107 do chodzenia do szko\u0142y i nauki. Poniewa\u017c wi\u0119kszo\u015b\u0107 z nich pochodzi z biednych rodzin, to nie jedz\u0105 \u015bniadania i przychodz\u0105 do przedszkola g\u0142odni. Codzienny posi\u0142ek obejmuje chleb lub p\u0105czek (kameru\u0144ski), herbat\u0119 i mleko lub owsiank\u0119.<\/p>\n<h4>Najbiedniejszy kraj na \u015bwiecie<\/h4>\n<p>Wed\u0142ug danych za 2023 rok, Burundi by\u0142o najbiedniejszym krajem \u015bwiata. O ile w Polsce PKB na jednego mieszka\u0144ca to nieca\u0142e 17 tys. dolar\u00f3w, w Burundi to tylko 308 dolar\u00f3w. Oznacza to, \u017ce ten kraj jest biedniejszy od Polski a\u017c 55 razy. Dlatego tak wa\u017cna jest obecno\u015b\u0107 organizacji pomocowych, kt\u00f3re jak Maitri i jego darczy\u0144cy mog\u0105 op\u0142aci\u0107 nauk\u0119 dzieciom z najubo\u017cszych rodzin. Niestety nauka o pustym \u017co\u0142\u0105dku nie b\u0119dzie mia\u0142a efektu. Dzieci z przedszkola \u00ab\u00a0Dzieci\u0105tka Jezus\u00a0\u00bb musz\u0105 mie\u0107 zapewniony codzienny posi\u0142ek.<\/p>\n<h4>Oka\u017c im swoj\u0105 dobro\u0107<\/h4>\n<p>Niestety Siostry Karmelitanki nie maj\u0105 ju\u017c \u015brodk\u00f3w finansowych, by kontynuowa\u0107 akcj\u0119 do\u017cywiania. Z powodu kryzysu ekonomicznego w Burundi oraz cen rosn\u0105cych z dnia na dzie\u0144, nie jeste\u015bmy w stanie codziennie zapewni\u0107 tego posi\u0142ku dzieciom. One s\u0105 przysz\u0142o\u015bci\u0105 naszego kraju i naszego Ko\u015bcio\u0142a. Niech wzrastaj\u0105 w pokoju, mi\u0142o\u015bci i do\u015bwiadczaj\u0105 wzajemnej braterskiej pomocy ka\u017cdego dnia. Chcemy kontynuowa\u0107 ten dobry uczynek. Jeste\u015bmy wdzi\u0119czni za wasz\u0105 hojno\u015b\u0107 we wsparciu finansowym, pomaganiu naszym dzieciom i naszej misji. Dlatego prosimy Was o pomoc w do\u017cywianiu. \u0141\u0105czymy si\u0119 z Wami w modlitwie. Bardzo dzi\u0119kujemy, Siostry Karmelitanki.<\/p>\n<h4>Kosztorys:<\/h4>\n<p><img loading=\"lazy\" decoding=\"async\" class=\"alignnone wp-image-31631 size-full\" src=\"https:\/\/www.maitri.pl\/wp-content\/uploads\/2024\/07\/128-karml.png\" alt=\"\" width=\"959\" height=\"294\" srcset=\"https:\/\/www.maitri.pl\/wp-content\/uploads\/2024\/07\/128-karml.png 959w, https:\/\/www.maitri.pl\/wp-content\/uploads\/2024\/07\/128-karml-300x92.png 300w, https:\/\/www.maitri.pl\/wp-content\/uploads\/2024\/07\/128-karml-768x235.png 768w, https:\/\/www.maitri.pl\/wp-content\/uploads\/2024\/07\/128-karml-600x184.png 600w\" sizes=\"auto, (max-width: 959px) 100vw, 959px\" \/><\/p>\n<p>Nazwa projektu:<strong> 128\/KARML<\/strong><\/p>\n<p><em>s. Marie Rose Ngendakumana<\/em>, <a href=\"https:\/\/www.karmel.pl\/rodzina-karmelu\/zgromadzenie-siostr-karmelitanek-dzieciatka-jezus\/\" target=\"_blank\" rel=\"noopener noreferrer\">Zgromadzenie Si\u00f3str Karmelitanek Dzieci\u0105tka Jezus<\/a>, Gitega Songa, <a href=\"https:\/\/www.maitri.pl\/gdzie-pomagamy\/\" target=\"_blank\" rel=\"noopener\">Burundi<\/a><\/p>\n<p style=\"text-align: justify;\"><span style=\"color: #ff0000;\"><span style=\"font-size: large;\"><b>Kwota projektu: 6 200 \u20ac<\/b><\/span><\/span><em>\u00a0<\/em><\/p>\n<p style=\"text-align: justify;\"><span style=\"font-size: large;\"><em><span style=\"color: #999999;\"><span style=\"font-size: medium;\">Stowarzyszenie Ruchu Maitri przeznacza do 10% otrzymanych \u015brodk\u00f3w na koszty funkcjonowania biura i pozyskiwanie funduszy pomocowych.<\/span><\/span><\/em><\/span><\/p>\n<h3 style=\"text-align: justify;\" align=\"JUSTIFY\"><span style=\"color: #808080;\">Karmelitanki: do\u017cywianie 173 dzieci w przedszkolu \u00ab\u00a0Dzieci\u0105tka Jezus\u00a0\u00bb w Gitega Songa w Burundi<\/span><\/h3>\n","protected":false},"excerpt":{"rendered":"<p><strong>Projekt:<\/strong><em>s. Marie Rose Ngendakumana<\/em><strong>, <a href=\"https:\/\/www.karmel.pl\/rodzina-karmelu\/zgromadzenie-siostr-karmelitanek-dzieciatka-jezus\/\" target=\"_blank\" rel=\"noopener noreferrer\">Zgromadzenie Si\u00f3str Karmelitanek Dzieci\u0105tka Jezus<\/a><\/strong><br \/>\n<strong>Miejsce:<\/strong> Gitega Songa, <a href=\"https:\/\/www.maitri.pl\/gdzie-pomagamy\/\" target=\"_blank\" rel=\"noopener\">Burundi<\/a><br \/>\n<strong>Kwota projektu: <span style=\"color: #ff0000;\">6 200 \u20ac<\/span><\/strong><br \/>\nNazwa projektu:<strong> 128\/KARML<\/strong><\/p>\n","protected":false},"featured_media":31637,"template":"","meta":[],"product_brand":[],"product_cat":[656],"product_tag":[667,714,790,1002,677],"class_list":{"0":"post-31630","1":"product","2":"type-product","3":"status-publish","4":"has-post-thumbnail","6":"product_cat-bez-kategorii","7":"product_tag-burundi","8":"product_tag-gitega-songa","9":"product_tag-karmelitanki","10":"product_tag-siostra-marie-rose-ngendakumana","11":"product_tag-zgromadzenie-siostr-karmelitanek-dzieciatka-jezus","13":"first","14":"instock","15":"virtual","16":"purchasable","17":"product-type-simple"},"yoast_head":"<!-- This site is optimized with the Yoast SEO plugin v27.2 - https:\/\/yoast.com\/product\/yoast-seo-wordpress\/ -->\n<title>Karmelitanki: do\u017cywianie 173 dzieci w przedszkolu w Gitega Songa<\/title>\n<meta name=\"description\" content=\"Karmelitanki prosz\u0105 o do\u017cywianie 173 dzieci w przedszkolu &quot;Dzieci\u0105tka Jezus&quot; w Gitega Songa. Siostry karmi\u0105 potrzebuj\u0105cych przez ca\u0142y rok szkolny.\" \/>\n<meta name=\"robots\" content=\"index, follow, max-snippet:-1, max-image-preview:large, max-video-preview:-1\" \/>\n<link rel=\"canonical\" href=\"https:\/\/www.maitri.pl\/projekt\/karmelitanki-dozywianie-burundi\/\" \/>\n<meta property=\"og:locale\" content=\"fr_FR\" \/>\n<meta property=\"og:type\" content=\"article\" \/>\n<meta property=\"og:title\" content=\"Karmelitanki: do\u017cywianie 173 dzieci w przedszkolu w Gitega Songa\" \/>\n<meta property=\"og:description\" content=\"Karmelitanki prosz\u0105 o do\u017cywianie 173 dzieci w przedszkolu &quot;Dzieci\u0105tka Jezus&quot; w Gitega Songa. Siostry karmi\u0105 potrzebuj\u0105cych przez ca\u0142y rok szkolny.\" \/>\n<meta property=\"og:url\" content=\"https:\/\/www.maitri.pl\/projekt\/karmelitanki-dozywianie-burundi\/\" \/>\n<meta property=\"og:site_name\" content=\"Ruch Maitri - Adopcja Serca pomoc Afryce\" \/>\n<meta property=\"article:publisher\" content=\"https:\/\/www.facebook.com\/MAITRI.Adopcja.Serca.dzieci.Afryki\/\" \/>\n<meta property=\"article:modified_time\" content=\"2025-03-31T12:14:26+00:00\" \/>\n<meta property=\"og:image\" content=\"https:\/\/www.maitri.pl\/wp-content\/uploads\/2024\/07\/128-karml-1.jpg\" \/>\n\t<meta property=\"og:image:width\" content=\"2048\" \/>\n\t<meta property=\"og:image:height\" content=\"1152\" \/>\n\t<meta property=\"og:image:type\" content=\"image\/jpeg\" \/>\n<meta name=\"twitter:card\" content=\"summary_large_image\" \/>\n<meta name=\"twitter:label1\" content=\"Dur\u00e9e de lecture estim\u00e9e\" \/>\n\t<meta name=\"twitter:data1\" content=\"3 minutes\" \/>\n<script type=\"application\/ld+json\" class=\"yoast-schema-graph\">{\"@context\":\"https:\/\/schema.org\",\"@graph\":[{\"@type\":\"WebPage\",\"@id\":\"https:\/\/www.maitri.pl\/projekt\/karmelitanki-dozywianie-burundi\/\",\"url\":\"https:\/\/www.maitri.pl\/projekt\/karmelitanki-dozywianie-burundi\/\",\"name\":\"Karmelitanki: do\u017cywianie 173 dzieci w przedszkolu w Gitega Songa\",\"isPartOf\":{\"@id\":\"https:\/\/www.maitri.pl\/#website\"},\"primaryImageOfPage\":{\"@id\":\"https:\/\/www.maitri.pl\/projekt\/karmelitanki-dozywianie-burundi\/#primaryimage\"},\"image\":{\"@id\":\"https:\/\/www.maitri.pl\/projekt\/karmelitanki-dozywianie-burundi\/#primaryimage\"},\"thumbnailUrl\":\"https:\/\/www.maitri.pl\/wp-content\/uploads\/2024\/07\/128-karml-1.jpg\",\"datePublished\":\"2024-07-02T14:42:26+00:00\",\"dateModified\":\"2025-03-31T12:14:26+00:00\",\"description\":\"Karmelitanki prosz\u0105 o do\u017cywianie 173 dzieci w przedszkolu \\\"Dzieci\u0105tka Jezus\\\" w Gitega Songa. Siostry karmi\u0105 potrzebuj\u0105cych przez ca\u0142y rok szkolny.\",\"breadcrumb\":{\"@id\":\"https:\/\/www.maitri.pl\/projekt\/karmelitanki-dozywianie-burundi\/#breadcrumb\"},\"inLanguage\":\"fr-FR\",\"potentialAction\":[{\"@type\":\"ReadAction\",\"target\":[\"https:\/\/www.maitri.pl\/projekt\/karmelitanki-dozywianie-burundi\/\"]}]},{\"@type\":\"ImageObject\",\"inLanguage\":\"fr-FR\",\"@id\":\"https:\/\/www.maitri.pl\/projekt\/karmelitanki-dozywianie-burundi\/#primaryimage\",\"url\":\"https:\/\/www.maitri.pl\/wp-content\/uploads\/2024\/07\/128-karml-1.jpg\",\"contentUrl\":\"https:\/\/www.maitri.pl\/wp-content\/uploads\/2024\/07\/128-karml-1.jpg\",\"width\":2048,\"height\":1152,\"caption\":\"User comments\"},{\"@type\":\"BreadcrumbList\",\"@id\":\"https:\/\/www.maitri.pl\/projekt\/karmelitanki-dozywianie-burundi\/#breadcrumb\",\"itemListElement\":[{\"@type\":\"ListItem\",\"position\":1,\"name\":\"Strona g\u0142\u00f3wna\",\"item\":\"https:\/\/www.maitri.pl\/\"},{\"@type\":\"ListItem\",\"position\":2,\"name\":\"Sklep\",\"item\":\"https:\/\/www.maitri.pl\/sklep\/\"},{\"@type\":\"ListItem\",\"position\":3,\"name\":\"Karmelitanki: do\u017cywianie 173 dzieci w przedszkolu &#8222;Dzieci\u0105tka Jezus&#8221; w Gitega Songa\"}]},{\"@type\":\"WebSite\",\"@id\":\"https:\/\/www.maitri.pl\/#website\",\"url\":\"https:\/\/www.maitri.pl\/\",\"name\":\"Adopcja Serca Maitri \u2013 pomoc dzieciom w Afryce\",\"description\":\"Adopcja Serca \u2013 adopcja na odleg\u0142o\u015b\u0107, pomoc Afryce, do\u017cywianie i edukacja w Afryce\",\"publisher\":{\"@id\":\"https:\/\/www.maitri.pl\/#organization\"},\"potentialAction\":[{\"@type\":\"SearchAction\",\"target\":{\"@type\":\"EntryPoint\",\"urlTemplate\":\"https:\/\/www.maitri.pl\/?s={search_term_string}\"},\"query-input\":{\"@type\":\"PropertyValueSpecification\",\"valueRequired\":true,\"valueName\":\"search_term_string\"}}],\"inLanguage\":\"fr-FR\"},{\"@type\":\"Organization\",\"@id\":\"https:\/\/www.maitri.pl\/#organization\",\"name\":\"Stowarzyszenie Ruchu Maitri\",\"url\":\"https:\/\/www.maitri.pl\/\",\"logo\":{\"@type\":\"ImageObject\",\"inLanguage\":\"fr-FR\",\"@id\":\"https:\/\/www.maitri.pl\/#\/schema\/logo\/image\/\",\"url\":\"https:\/\/www.maitri.pl\/wp-content\/uploads\/2020\/04\/duze_logo-81.png\",\"contentUrl\":\"https:\/\/www.maitri.pl\/wp-content\/uploads\/2020\/04\/duze_logo-81.png\",\"width\":339,\"height\":321,\"caption\":\"Stowarzyszenie Ruchu Maitri\"},\"image\":{\"@id\":\"https:\/\/www.maitri.pl\/#\/schema\/logo\/image\/\"},\"sameAs\":[\"https:\/\/www.facebook.com\/MAITRI.Adopcja.Serca.dzieci.Afryki\/\"]}]}<\/script>\n<!-- \/ Yoast SEO plugin. -->","yoast_head_json":{"title":"Karmelitanki: do\u017cywianie 173 dzieci w przedszkolu w Gitega Songa","description":"Karmelitanki prosz\u0105 o do\u017cywianie 173 dzieci w przedszkolu \"Dzieci\u0105tka Jezus\" w Gitega Songa. Siostry karmi\u0105 potrzebuj\u0105cych przez ca\u0142y rok szkolny.","robots":{"index":"index","follow":"follow","max-snippet":"max-snippet:-1","max-image-preview":"max-image-preview:large","max-video-preview":"max-video-preview:-1"},"canonical":"https:\/\/www.maitri.pl\/projekt\/karmelitanki-dozywianie-burundi\/","og_locale":"fr_FR","og_type":"article","og_title":"Karmelitanki: do\u017cywianie 173 dzieci w przedszkolu w Gitega Songa","og_description":"Karmelitanki prosz\u0105 o do\u017cywianie 173 dzieci w przedszkolu \"Dzieci\u0105tka Jezus\" w Gitega Songa. Siostry karmi\u0105 potrzebuj\u0105cych przez ca\u0142y rok szkolny.","og_url":"https:\/\/www.maitri.pl\/projekt\/karmelitanki-dozywianie-burundi\/","og_site_name":"Ruch Maitri - Adopcja Serca pomoc Afryce","article_publisher":"https:\/\/www.facebook.com\/MAITRI.Adopcja.Serca.dzieci.Afryki\/","article_modified_time":"2025-03-31T12:14:26+00:00","og_image":[{"width":2048,"height":1152,"url":"https:\/\/www.maitri.pl\/wp-content\/uploads\/2024\/07\/128-karml-1.jpg","type":"image\/jpeg"}],"twitter_card":"summary_large_image","twitter_misc":{"Dur\u00e9e de lecture estim\u00e9e":"3 minutes"},"schema":{"@context":"https:\/\/schema.org","@graph":[{"@type":"WebPage","@id":"https:\/\/www.maitri.pl\/projekt\/karmelitanki-dozywianie-burundi\/","url":"https:\/\/www.maitri.pl\/projekt\/karmelitanki-dozywianie-burundi\/","name":"Karmelitanki: do\u017cywianie 173 dzieci w przedszkolu w Gitega Songa","isPartOf":{"@id":"https:\/\/www.maitri.pl\/#website"},"primaryImageOfPage":{"@id":"https:\/\/www.maitri.pl\/projekt\/karmelitanki-dozywianie-burundi\/#primaryimage"},"image":{"@id":"https:\/\/www.maitri.pl\/projekt\/karmelitanki-dozywianie-burundi\/#primaryimage"},"thumbnailUrl":"https:\/\/www.maitri.pl\/wp-content\/uploads\/2024\/07\/128-karml-1.jpg","datePublished":"2024-07-02T14:42:26+00:00","dateModified":"2025-03-31T12:14:26+00:00","description":"Karmelitanki prosz\u0105 o do\u017cywianie 173 dzieci w przedszkolu \"Dzieci\u0105tka Jezus\" w Gitega Songa. Siostry karmi\u0105 potrzebuj\u0105cych przez ca\u0142y rok szkolny.","breadcrumb":{"@id":"https:\/\/www.maitri.pl\/projekt\/karmelitanki-dozywianie-burundi\/#breadcrumb"},"inLanguage":"fr-FR","potentialAction":[{"@type":"ReadAction","target":["https:\/\/www.maitri.pl\/projekt\/karmelitanki-dozywianie-burundi\/"]}]},{"@type":"ImageObject","inLanguage":"fr-FR","@id":"https:\/\/www.maitri.pl\/projekt\/karmelitanki-dozywianie-burundi\/#primaryimage","url":"https:\/\/www.maitri.pl\/wp-content\/uploads\/2024\/07\/128-karml-1.jpg","contentUrl":"https:\/\/www.maitri.pl\/wp-content\/uploads\/2024\/07\/128-karml-1.jpg","width":2048,"height":1152,"caption":"User comments"},{"@type":"BreadcrumbList","@id":"https:\/\/www.maitri.pl\/projekt\/karmelitanki-dozywianie-burundi\/#breadcrumb","itemListElement":[{"@type":"ListItem","position":1,"name":"Strona g\u0142\u00f3wna","item":"https:\/\/www.maitri.pl\/"},{"@type":"ListItem","position":2,"name":"Sklep","item":"https:\/\/www.maitri.pl\/sklep\/"},{"@type":"ListItem","position":3,"name":"Karmelitanki: do\u017cywianie 173 dzieci w przedszkolu &#8222;Dzieci\u0105tka Jezus&#8221; w Gitega Songa"}]},{"@type":"WebSite","@id":"https:\/\/www.maitri.pl\/#website","url":"https:\/\/www.maitri.pl\/","name":"Adopcja Serca Maitri \u2013 pomoc dzieciom w Afryce","description":"Adopcja Serca \u2013 adopcja na odleg\u0142o\u015b\u0107, pomoc Afryce, do\u017cywianie i edukacja w Afryce","publisher":{"@id":"https:\/\/www.maitri.pl\/#organization"},"potentialAction":[{"@type":"SearchAction","target":{"@type":"EntryPoint","urlTemplate":"https:\/\/www.maitri.pl\/?s={search_term_string}"},"query-input":{"@type":"PropertyValueSpecification","valueRequired":true,"valueName":"search_term_string"}}],"inLanguage":"fr-FR"},{"@type":"Organization","@id":"https:\/\/www.maitri.pl\/#organization","name":"Stowarzyszenie Ruchu Maitri","url":"https:\/\/www.maitri.pl\/","logo":{"@type":"ImageObject","inLanguage":"fr-FR","@id":"https:\/\/www.maitri.pl\/#\/schema\/logo\/image\/","url":"https:\/\/www.maitri.pl\/wp-content\/uploads\/2020\/04\/duze_logo-81.png","contentUrl":"https:\/\/www.maitri.pl\/wp-content\/uploads\/2020\/04\/duze_logo-81.png","width":339,"height":321,"caption":"Stowarzyszenie Ruchu Maitri"},"image":{"@id":"https:\/\/www.maitri.pl\/#\/schema\/logo\/image\/"},"sameAs":["https:\/\/www.facebook.com\/MAITRI.Adopcja.Serca.dzieci.Afryki\/"]}]}},"_links":{"self":[{"href":"https:\/\/www.maitri.pl\/fr\/wp-json\/wp\/v2\/product\/31630","targetHints":{"allow":["GET"]}}],"collection":[{"href":"https:\/\/www.maitri.pl\/fr\/wp-json\/wp\/v2\/product"}],"about":[{"href":"https:\/\/www.maitri.pl\/fr\/wp-json\/wp\/v2\/types\/product"}],"wp:featuredmedia":[{"embeddable":true,"href":"https:\/\/www.maitri.pl\/fr\/wp-json\/wp\/v2\/media\/31637"}],"wp:attachment":[{"href":"https:\/\/www.maitri.pl\/fr\/wp-json\/wp\/v2\/media?parent=31630"}],"wp:term":[{"taxonomy":"product_brand","embeddable":true,"href":"https:\/\/www.maitri.pl\/fr\/wp-json\/wp\/v2\/product_brand?post=31630"},{"taxonomy":"product_cat","embeddable":true,"href":"https:\/\/www.maitri.pl\/fr\/wp-json\/wp\/v2\/product_cat?post=31630"},{"taxonomy":"product_tag","embeddable":true,"href":"https:\/\/www.maitri.pl\/fr\/wp-json\/wp\/v2\/product_tag?post=31630"}],"curies":[{"name":"wp","href":"https:\/\/api.w.org\/{rel}","templated":true}]}}