{"id":31568,"date":"2024-06-25T18:46:03","date_gmt":"2024-06-25T16:46:03","guid":{"rendered":"https:\/\/www.maitri.pl\/?post_type=product&#038;p=31568"},"modified":"2025-03-31T14:14:38","modified_gmt":"2025-03-31T12:14:38","slug":"zakup-lekarstw-kamerun","status":"publish","type":"product","link":"https:\/\/www.maitri.pl\/fr\/projekt\/zakup-lekarstw-kamerun\/","title":{"rendered":"Zakup lekarstw i odczynnik\u00f3w laboratoryjnych dla O\u015brodka Zdrowia w Esseng"},"content":{"rendered":"<h4>Przychodnia bez lekarza<\/h4>\n<p>O\u015brodek Zdrowia w Esseng jest o\u015brodkiem wiejskim, kt\u00f3ry dzia\u0142a od 1980 roku. Podstawow\u0105 opiek\u0105 medyczn\u0105 obejmujemy trzy wioski, razem licz\u0105ce ok. 2.000 mieszka\u0144c\u00f3w. Jednak zg\u0142aszaj\u0105 si\u0119 do nas tak\u017ce chorzy z innych miejscowo\u015bci. Nierzadko w drodze do przychodni pokonuj\u0105 odleg\u0142o\u015b\u0107 15-20 km. Nie mamy lekarza, wi\u0119c konsultacje chorych, odbieranie porod\u00f3w, hospitalizacje ci\u0119\u017cko chorych prowadzimy sami. Pracujemy w zespole 8 os\u00f3b, jest w\u015br\u00f3d nich piel\u0119gniarz, trzy pomoce piel\u0119gniarskie, dw\u00f3ch laborant\u00f3w i kasjer, kt\u00f3ry jest jednocze\u015bnie kierowc\u0105. Brakuje medykament\u00f3w, dlatego prosimy o zakup lekarstw na potrzeby pacjent\u00f3w O\u015brodka.<\/p>\n<h4>Coraz wi\u0119cej pacjent\u00f3w<\/h4>\n<p>Najbli\u017cszy szpital znajduje si\u0119 w Abong Mbang. To 75 km b\u0142otnistej drogi i czasami trudnej do pokonania w porze deszczowej. Dlatego do szpitala odsy\u0142amy tylko wtedy, kiedy chory wymaga interwencji specjalistycznej, g\u0142\u00f3wnie chirurgicznej lub transfuzji krwi. Najcz\u0119\u015bciej ludzie zg\u0142aszaj\u0105cy si\u0119 do nas choruj\u0105 na malari\u0119, cz\u0119sto po\u0142\u0105czon\u0105 z anemi\u0105, robaczyce, infekcje dr\u00f3g oddechowych, AIDS, zapalenie w\u0105troby B i C, inne infekcje przekazywane drog\u0105 p\u0142ciow\u0105. Zdarzaj\u0105 si\u0119 tak\u017ce niedo\u017cywieni i chorzy przewlekle. Coraz cz\u0119\u015bciej spotykamy choroby nowotworowe w zaawansowanym stadium. Mamy sporo chorych z obra\u017ceniami po wypadkach, kt\u00f3rych trzeba przewozi\u0107 do szpitala na zrobienie RTG i innych bada\u0144 specjalistycznych. Rocznie przyjmujemy ok. 2500 chorych, 120 porod\u00f3w, 60 dzieci z niedo\u017cywieniem, mamy ok. 600 hospitalizacji. Zakup lekarstw pozwoli nam zwi\u0119kszy\u0107 liczb\u0119 chorych otoczonych opiek\u0105.<\/p>\n<h4>Leczymy najs\u0142abszych<\/h4>\n<p>Chorzy trafiaj\u0105cy do nas s\u0105 ju\u017c zazwyczaj po wcze\u015bniejszych \u201eleczeniach\u201d tradycyjnych, s\u0105 wyniszczeni takimi kuracjami i stan ich jest ci\u0119\u017cki. Potrzebuj\u0105 podania g\u0142\u00f3wnie do\u017cylnych lek\u00f3w o szybkiej interwencji oraz nawodnienia organizmu. Potrzeba nam kropl\u00f3wek do podania chininy w przypadku malarii, a tak\u017ce lek\u00f3w i antybiotyk\u00f3w, aby jak najszybciej zapobiec rozwijaniu si\u0119 infekcji. Konieczne jest tak\u017ce \u017celazo i witaminy dla wzmocnienia ich organizmu oraz zapobiegania anemii i innych powik\u0142a\u0144. W\u015br\u00f3d pacjent\u00f3w mamy te\u017c chorych na AIDS, kt\u00f3rymi nasz o\u015brodek zajmuje si\u0119 ju\u017c od ponad dziesi\u0119ciu lat. Aktualnie z leczenia u nas korzysta ok. 300 os\u00f3b, oczywi\u015bcie ich leczenie jest darmowe, a potrzebuj\u0105 tak\u017ce lek\u00f3w na choroby towarzysz\u0105ce. Do o\u015brodka zdrowia zg\u0142aszaj\u0105 si\u0119 r\u00f3wnie\u017c sieroty i inne osoby biedne, opuszczone, samotne, kt\u00f3rym niesiemy pomoc medyczn\u0105 i nie tylko&#8230;<\/p>\n<h4>Bez lek\u00f3w nie da si\u0119 leczy\u0107<\/h4>\n<p>Coraz cz\u0119\u015bciej, niestety, spotykamy osoby w ostatnim stadium nowotworu (trzustki, w\u0105troby, piersi). Odwiedzamy ich r\u00f3wnie\u017c w domach. Kolejn\u0105 grup\u0105 pod nasz\u0105 opiek\u0105 s\u0105 kobiety przed i po porodzie oraz ich dzieci. Do przychodni trafiaj\u0105 r\u00f3wnie\u017c podopieczni programu <a href=\"https:\/\/www.maitri.pl\/adopcja-serca\/\" target=\"_blank\" rel=\"noopener\">Adopcja Serca<\/a>. Dzi\u0119ki obecno\u015bci dw\u00f3ch laborant\u00f3w poprzez badania, nasza pomoc chorym, jest bardziej wydajna i leczenie w\u0142a\u015bciwie ukierunkowane. Podstaw\u0105 leczenia w o\u015brodku zdrowia jest dobrze funkcjonuj\u0105ce laboratorium i zaopatrzona w lekarstwa apteka. Zakup lekarstw zagwarantuje leczenie setkom ludzi. Z g\u00f3ry dzi\u0119kujemy za Wasz\u0105 ofiarno\u015b\u0107.<\/p>\n<h4>Pacjenci nie maj\u0105 na \u017cycie<\/h4>\n<p>Miejscowa ludno\u015b\u0107 zajmuje si\u0119 g\u0142\u00f3wnie upraw\u0105 kakao, arachid\u00f3w i kawy oraz manioku. Ze zbior\u00f3w musz\u0105 op\u0142aci\u0107 szko\u0142\u0119 dzieciom, utrzyma\u0107 rodzin\u0119, cz\u0119sto nie wystarcza im na podstawowe potrzeby \u017cyciowe. Leczenie, zw\u0142aszcza dzieci, pozostawiaj\u0105 na ostatni\u0105 chwil\u0119, gdy stan jest ju\u017c powa\u017cny. Op\u0142aty w naszym o\u015brodku s\u0105 niewielkie, ale i te przekraczaj\u0105 ich mo\u017cliwo\u015bci. Dodatkowo pozyskane fundusze pozwalaj\u0105 na rozdawanie lek\u00f3w w\u015br\u00f3d najbiedniejszych. Dzi\u0119ki Waszej pomocy ka\u017cdy zg\u0142aszaj\u0105cy si\u0119 chory jest przyj\u0119ty i leczony. To Waszym darom i otwarto\u015bci serc zawdzi\u0119czmy fakt, \u017ce tak wiele os\u00f3b nikt nie odchodzi od nas bez pomocy.<\/p>\n<p>O\u015bmielam si\u0119 prosi\u0107 Was ponownie o wsparcie z zakupie potrzebnych lekarstw.<\/p>\n<h4>Kosztorys:<\/h4>\n<p><img loading=\"lazy\" decoding=\"async\" class=\"alignnone wp-image-31570 size-full\" src=\"https:\/\/www.maitri.pl\/wp-content\/uploads\/2024\/06\/162-aniol.png\" alt=\"\" width=\"983\" height=\"261\" srcset=\"https:\/\/www.maitri.pl\/wp-content\/uploads\/2024\/06\/162-aniol.png 983w, https:\/\/www.maitri.pl\/wp-content\/uploads\/2024\/06\/162-aniol-300x80.png 300w, https:\/\/www.maitri.pl\/wp-content\/uploads\/2024\/06\/162-aniol-768x204.png 768w, https:\/\/www.maitri.pl\/wp-content\/uploads\/2024\/06\/162-aniol-600x159.png 600w\" sizes=\"auto, (max-width: 983px) 100vw, 983px\" \/><\/p>\n<p>&nbsp;<\/p>\n<p>Siostra Barbara Pustu\u0142ka, <a href=\"https:\/\/www.karmelitanki.pl\/\" target=\"_blank\" rel=\"noopener noreferrer\">Zgromadzenie Si\u00f3str od Anio\u0142\u00f3w<\/a><\/p>\n<p><b style=\"font-size: large; color: #ff0000;\">Kwota: 3330 \u20ac <\/b><\/p>\n<p style=\"text-align: justify;\" align=\"JUSTIFY\"><span style=\"color: #808080;\">Stowarzyszenie Ruchu\u00a0<em>Maitri<\/em> przeznacza do 10% otrzymanych \u015brodk\u00f3w na koszty funkcjonowania biura i pozyskiwanie funduszy pomocowych. <\/span><\/p>\n<h2 style=\"text-align: justify;\" align=\"JUSTIFY\"><span style=\"color: #808080;\">Zakup lekarstw i odczynnik\u00f3w laboratoryjnych dla O\u015brodka Zdrowia w Esseng w Kamerunie<\/span><\/h2>\n<p>&nbsp;<\/p>\n","protected":false},"excerpt":{"rendered":"<p><strong>Projekt:<\/strong> Siostra Barbara Pustu\u0142ka, <a href=\"https:\/\/www.karmelitanki.pl\/\" target=\"_blank\" rel=\"noopener noreferrer\">Zgromadzenie Si\u00f3str od Anio\u0142\u00f3w<\/a><br \/>\n<strong>Misja:<\/strong> Esseng, <a href=\"https:\/\/www.maitri.pl\/gdzie-pomagamy\/\" target=\"_blank\" rel=\"noopener noreferrer\">Kamerun<\/a><br \/>\n<strong>Kwota projektu:<\/strong> <span style=\"color: #ff0000;\"><strong>3330 \u20ac<\/strong><\/span><\/p>\n","protected":false},"featured_media":31576,"template":"","meta":[],"product_brand":[],"product_cat":[656],"product_tag":[663,658,829,665],"class_list":{"0":"post-31568","1":"product","2":"type-product","3":"status-publish","4":"has-post-thumbnail","6":"product_cat-bez-kategorii","7":"product_tag-esseng","8":"product_tag-kamerun","9":"product_tag-siostra-barbara-pustulka","10":"product_tag-zgromadzenie-siostr-od-aniolow","12":"first","13":"instock","14":"virtual","15":"purchasable","16":"product-type-simple"},"yoast_head":"<!-- This site is optimized with the Yoast SEO plugin v27.2 - https:\/\/yoast.com\/product\/yoast-seo-wordpress\/ -->\n<title>Zakup lekarstw i odczynnik\u00f3w laboratoryjnych dla O\u015brodka Zdrowia<\/title>\n<meta name=\"description\" content=\"Zakup lekarstw i odczynnik\u00f3w laboratoryjnych dla O\u015brodka Zdrowia w Esseng w Kamerunie. O pomoc prosz\u0105 Siostry od Anio\u0142\u00f3w. Ka\u017cda z\u0142ot\u00f3wka pomaga!\" \/>\n<meta name=\"robots\" content=\"index, follow, max-snippet:-1, max-image-preview:large, max-video-preview:-1\" \/>\n<link rel=\"canonical\" href=\"https:\/\/www.maitri.pl\/projekt\/zakup-lekarstw-kamerun\/\" \/>\n<meta property=\"og:locale\" content=\"fr_FR\" \/>\n<meta property=\"og:type\" content=\"article\" \/>\n<meta property=\"og:title\" content=\"Zakup lekarstw i odczynnik\u00f3w laboratoryjnych dla O\u015brodka Zdrowia\" \/>\n<meta property=\"og:description\" content=\"Zakup lekarstw i odczynnik\u00f3w laboratoryjnych dla O\u015brodka Zdrowia w Esseng w Kamerunie. O pomoc prosz\u0105 Siostry od Anio\u0142\u00f3w. Ka\u017cda z\u0142ot\u00f3wka pomaga!\" \/>\n<meta property=\"og:url\" content=\"https:\/\/www.maitri.pl\/projekt\/zakup-lekarstw-kamerun\/\" \/>\n<meta property=\"og:site_name\" content=\"Ruch Maitri - Adopcja Serca pomoc Afryce\" \/>\n<meta property=\"article:publisher\" content=\"https:\/\/www.facebook.com\/MAITRI.Adopcja.Serca.dzieci.Afryki\/\" \/>\n<meta property=\"article:modified_time\" content=\"2025-03-31T12:14:38+00:00\" \/>\n<meta property=\"og:image\" content=\"https:\/\/www.maitri.pl\/wp-content\/uploads\/2024\/06\/162-aniol_mamy-po-porodzie.jpg\" \/>\n\t<meta property=\"og:image:width\" content=\"1024\" \/>\n\t<meta property=\"og:image:height\" content=\"768\" \/>\n\t<meta property=\"og:image:type\" content=\"image\/jpeg\" \/>\n<meta name=\"twitter:card\" content=\"summary_large_image\" \/>\n<meta name=\"twitter:label1\" content=\"Dur\u00e9e de lecture estim\u00e9e\" \/>\n\t<meta name=\"twitter:data1\" content=\"4 minutes\" \/>\n<script type=\"application\/ld+json\" class=\"yoast-schema-graph\">{\"@context\":\"https:\/\/schema.org\",\"@graph\":[{\"@type\":\"WebPage\",\"@id\":\"https:\/\/www.maitri.pl\/projekt\/zakup-lekarstw-kamerun\/\",\"url\":\"https:\/\/www.maitri.pl\/projekt\/zakup-lekarstw-kamerun\/\",\"name\":\"Zakup lekarstw i odczynnik\u00f3w laboratoryjnych dla O\u015brodka Zdrowia\",\"isPartOf\":{\"@id\":\"https:\/\/www.maitri.pl\/#website\"},\"primaryImageOfPage\":{\"@id\":\"https:\/\/www.maitri.pl\/projekt\/zakup-lekarstw-kamerun\/#primaryimage\"},\"image\":{\"@id\":\"https:\/\/www.maitri.pl\/projekt\/zakup-lekarstw-kamerun\/#primaryimage\"},\"thumbnailUrl\":\"https:\/\/www.maitri.pl\/wp-content\/uploads\/2024\/06\/162-aniol_mamy-po-porodzie.jpg\",\"datePublished\":\"2024-06-25T16:46:03+00:00\",\"dateModified\":\"2025-03-31T12:14:38+00:00\",\"description\":\"Zakup lekarstw i odczynnik\u00f3w laboratoryjnych dla O\u015brodka Zdrowia w Esseng w Kamerunie. O pomoc prosz\u0105 Siostry od Anio\u0142\u00f3w. Ka\u017cda z\u0142ot\u00f3wka pomaga!\",\"breadcrumb\":{\"@id\":\"https:\/\/www.maitri.pl\/projekt\/zakup-lekarstw-kamerun\/#breadcrumb\"},\"inLanguage\":\"fr-FR\",\"potentialAction\":[{\"@type\":\"ReadAction\",\"target\":[\"https:\/\/www.maitri.pl\/projekt\/zakup-lekarstw-kamerun\/\"]}]},{\"@type\":\"ImageObject\",\"inLanguage\":\"fr-FR\",\"@id\":\"https:\/\/www.maitri.pl\/projekt\/zakup-lekarstw-kamerun\/#primaryimage\",\"url\":\"https:\/\/www.maitri.pl\/wp-content\/uploads\/2024\/06\/162-aniol_mamy-po-porodzie.jpg\",\"contentUrl\":\"https:\/\/www.maitri.pl\/wp-content\/uploads\/2024\/06\/162-aniol_mamy-po-porodzie.jpg\",\"width\":1024,\"height\":768,\"caption\":\"dav\"},{\"@type\":\"BreadcrumbList\",\"@id\":\"https:\/\/www.maitri.pl\/projekt\/zakup-lekarstw-kamerun\/#breadcrumb\",\"itemListElement\":[{\"@type\":\"ListItem\",\"position\":1,\"name\":\"Strona g\u0142\u00f3wna\",\"item\":\"https:\/\/www.maitri.pl\/\"},{\"@type\":\"ListItem\",\"position\":2,\"name\":\"Sklep\",\"item\":\"https:\/\/www.maitri.pl\/sklep\/\"},{\"@type\":\"ListItem\",\"position\":3,\"name\":\"Zakup lekarstw i odczynnik\u00f3w laboratoryjnych dla O\u015brodka Zdrowia w Esseng\"}]},{\"@type\":\"WebSite\",\"@id\":\"https:\/\/www.maitri.pl\/#website\",\"url\":\"https:\/\/www.maitri.pl\/\",\"name\":\"Adopcja Serca Maitri \u2013 pomoc dzieciom w Afryce\",\"description\":\"Adopcja Serca \u2013 adopcja na odleg\u0142o\u015b\u0107, pomoc Afryce, do\u017cywianie i edukacja w Afryce\",\"publisher\":{\"@id\":\"https:\/\/www.maitri.pl\/#organization\"},\"potentialAction\":[{\"@type\":\"SearchAction\",\"target\":{\"@type\":\"EntryPoint\",\"urlTemplate\":\"https:\/\/www.maitri.pl\/?s={search_term_string}\"},\"query-input\":{\"@type\":\"PropertyValueSpecification\",\"valueRequired\":true,\"valueName\":\"search_term_string\"}}],\"inLanguage\":\"fr-FR\"},{\"@type\":\"Organization\",\"@id\":\"https:\/\/www.maitri.pl\/#organization\",\"name\":\"Stowarzyszenie Ruchu Maitri\",\"url\":\"https:\/\/www.maitri.pl\/\",\"logo\":{\"@type\":\"ImageObject\",\"inLanguage\":\"fr-FR\",\"@id\":\"https:\/\/www.maitri.pl\/#\/schema\/logo\/image\/\",\"url\":\"https:\/\/www.maitri.pl\/wp-content\/uploads\/2020\/04\/duze_logo-81.png\",\"contentUrl\":\"https:\/\/www.maitri.pl\/wp-content\/uploads\/2020\/04\/duze_logo-81.png\",\"width\":339,\"height\":321,\"caption\":\"Stowarzyszenie Ruchu Maitri\"},\"image\":{\"@id\":\"https:\/\/www.maitri.pl\/#\/schema\/logo\/image\/\"},\"sameAs\":[\"https:\/\/www.facebook.com\/MAITRI.Adopcja.Serca.dzieci.Afryki\/\"]}]}<\/script>\n<!-- \/ Yoast SEO plugin. -->","yoast_head_json":{"title":"Zakup lekarstw i odczynnik\u00f3w laboratoryjnych dla O\u015brodka Zdrowia","description":"Zakup lekarstw i odczynnik\u00f3w laboratoryjnych dla O\u015brodka Zdrowia w Esseng w Kamerunie. O pomoc prosz\u0105 Siostry od Anio\u0142\u00f3w. Ka\u017cda z\u0142ot\u00f3wka pomaga!","robots":{"index":"index","follow":"follow","max-snippet":"max-snippet:-1","max-image-preview":"max-image-preview:large","max-video-preview":"max-video-preview:-1"},"canonical":"https:\/\/www.maitri.pl\/projekt\/zakup-lekarstw-kamerun\/","og_locale":"fr_FR","og_type":"article","og_title":"Zakup lekarstw i odczynnik\u00f3w laboratoryjnych dla O\u015brodka Zdrowia","og_description":"Zakup lekarstw i odczynnik\u00f3w laboratoryjnych dla O\u015brodka Zdrowia w Esseng w Kamerunie. O pomoc prosz\u0105 Siostry od Anio\u0142\u00f3w. Ka\u017cda z\u0142ot\u00f3wka pomaga!","og_url":"https:\/\/www.maitri.pl\/projekt\/zakup-lekarstw-kamerun\/","og_site_name":"Ruch Maitri - Adopcja Serca pomoc Afryce","article_publisher":"https:\/\/www.facebook.com\/MAITRI.Adopcja.Serca.dzieci.Afryki\/","article_modified_time":"2025-03-31T12:14:38+00:00","og_image":[{"width":1024,"height":768,"url":"https:\/\/www.maitri.pl\/wp-content\/uploads\/2024\/06\/162-aniol_mamy-po-porodzie.jpg","type":"image\/jpeg"}],"twitter_card":"summary_large_image","twitter_misc":{"Dur\u00e9e de lecture estim\u00e9e":"4 minutes"},"schema":{"@context":"https:\/\/schema.org","@graph":[{"@type":"WebPage","@id":"https:\/\/www.maitri.pl\/projekt\/zakup-lekarstw-kamerun\/","url":"https:\/\/www.maitri.pl\/projekt\/zakup-lekarstw-kamerun\/","name":"Zakup lekarstw i odczynnik\u00f3w laboratoryjnych dla O\u015brodka Zdrowia","isPartOf":{"@id":"https:\/\/www.maitri.pl\/#website"},"primaryImageOfPage":{"@id":"https:\/\/www.maitri.pl\/projekt\/zakup-lekarstw-kamerun\/#primaryimage"},"image":{"@id":"https:\/\/www.maitri.pl\/projekt\/zakup-lekarstw-kamerun\/#primaryimage"},"thumbnailUrl":"https:\/\/www.maitri.pl\/wp-content\/uploads\/2024\/06\/162-aniol_mamy-po-porodzie.jpg","datePublished":"2024-06-25T16:46:03+00:00","dateModified":"2025-03-31T12:14:38+00:00","description":"Zakup lekarstw i odczynnik\u00f3w laboratoryjnych dla O\u015brodka Zdrowia w Esseng w Kamerunie. O pomoc prosz\u0105 Siostry od Anio\u0142\u00f3w. Ka\u017cda z\u0142ot\u00f3wka pomaga!","breadcrumb":{"@id":"https:\/\/www.maitri.pl\/projekt\/zakup-lekarstw-kamerun\/#breadcrumb"},"inLanguage":"fr-FR","potentialAction":[{"@type":"ReadAction","target":["https:\/\/www.maitri.pl\/projekt\/zakup-lekarstw-kamerun\/"]}]},{"@type":"ImageObject","inLanguage":"fr-FR","@id":"https:\/\/www.maitri.pl\/projekt\/zakup-lekarstw-kamerun\/#primaryimage","url":"https:\/\/www.maitri.pl\/wp-content\/uploads\/2024\/06\/162-aniol_mamy-po-porodzie.jpg","contentUrl":"https:\/\/www.maitri.pl\/wp-content\/uploads\/2024\/06\/162-aniol_mamy-po-porodzie.jpg","width":1024,"height":768,"caption":"dav"},{"@type":"BreadcrumbList","@id":"https:\/\/www.maitri.pl\/projekt\/zakup-lekarstw-kamerun\/#breadcrumb","itemListElement":[{"@type":"ListItem","position":1,"name":"Strona g\u0142\u00f3wna","item":"https:\/\/www.maitri.pl\/"},{"@type":"ListItem","position":2,"name":"Sklep","item":"https:\/\/www.maitri.pl\/sklep\/"},{"@type":"ListItem","position":3,"name":"Zakup lekarstw i odczynnik\u00f3w laboratoryjnych dla O\u015brodka Zdrowia w Esseng"}]},{"@type":"WebSite","@id":"https:\/\/www.maitri.pl\/#website","url":"https:\/\/www.maitri.pl\/","name":"Adopcja Serca Maitri \u2013 pomoc dzieciom w Afryce","description":"Adopcja Serca \u2013 adopcja na odleg\u0142o\u015b\u0107, pomoc Afryce, do\u017cywianie i edukacja w Afryce","publisher":{"@id":"https:\/\/www.maitri.pl\/#organization"},"potentialAction":[{"@type":"SearchAction","target":{"@type":"EntryPoint","urlTemplate":"https:\/\/www.maitri.pl\/?s={search_term_string}"},"query-input":{"@type":"PropertyValueSpecification","valueRequired":true,"valueName":"search_term_string"}}],"inLanguage":"fr-FR"},{"@type":"Organization","@id":"https:\/\/www.maitri.pl\/#organization","name":"Stowarzyszenie Ruchu Maitri","url":"https:\/\/www.maitri.pl\/","logo":{"@type":"ImageObject","inLanguage":"fr-FR","@id":"https:\/\/www.maitri.pl\/#\/schema\/logo\/image\/","url":"https:\/\/www.maitri.pl\/wp-content\/uploads\/2020\/04\/duze_logo-81.png","contentUrl":"https:\/\/www.maitri.pl\/wp-content\/uploads\/2020\/04\/duze_logo-81.png","width":339,"height":321,"caption":"Stowarzyszenie Ruchu Maitri"},"image":{"@id":"https:\/\/www.maitri.pl\/#\/schema\/logo\/image\/"},"sameAs":["https:\/\/www.facebook.com\/MAITRI.Adopcja.Serca.dzieci.Afryki\/"]}]}},"_links":{"self":[{"href":"https:\/\/www.maitri.pl\/fr\/wp-json\/wp\/v2\/product\/31568","targetHints":{"allow":["GET"]}}],"collection":[{"href":"https:\/\/www.maitri.pl\/fr\/wp-json\/wp\/v2\/product"}],"about":[{"href":"https:\/\/www.maitri.pl\/fr\/wp-json\/wp\/v2\/types\/product"}],"wp:featuredmedia":[{"embeddable":true,"href":"https:\/\/www.maitri.pl\/fr\/wp-json\/wp\/v2\/media\/31576"}],"wp:attachment":[{"href":"https:\/\/www.maitri.pl\/fr\/wp-json\/wp\/v2\/media?parent=31568"}],"wp:term":[{"taxonomy":"product_brand","embeddable":true,"href":"https:\/\/www.maitri.pl\/fr\/wp-json\/wp\/v2\/product_brand?post=31568"},{"taxonomy":"product_cat","embeddable":true,"href":"https:\/\/www.maitri.pl\/fr\/wp-json\/wp\/v2\/product_cat?post=31568"},{"taxonomy":"product_tag","embeddable":true,"href":"https:\/\/www.maitri.pl\/fr\/wp-json\/wp\/v2\/product_tag?post=31568"}],"curies":[{"name":"wp","href":"https:\/\/api.w.org\/{rel}","templated":true}]}}