{"id":31485,"date":"2024-05-28T17:44:05","date_gmt":"2024-05-28T15:44:05","guid":{"rendered":"https:\/\/www.maitri.pl\/?post_type=product&#038;p=31485"},"modified":"2025-03-31T14:19:06","modified_gmt":"2025-03-31T12:19:06","slug":"sierociniec-panele-drkongo","status":"publish","type":"product","link":"https:\/\/www.maitri.pl\/fr\/projekt\/sierociniec-panele-drkongo\/","title":{"rendered":"Sierociniec potrzebuje panele s\u0142oneczne do produkcji pr\u0105du i poboru wody"},"content":{"rendered":"<h4>Studnia bez pr\u0105du<\/h4>\n<p>Dzi\u0119ki Waszemu wsparciu uda\u0142o nam si\u0119 ju\u017c zrealizowa\u0107 wa\u017cny projekt &#8211; budow\u0119 studni\u00a0 g\u0142\u0119binowej. Odk\u0105d mamy odwiert min\u0105\u0142 prawie rok. Nie mieli\u015bmy \u017cadnych problem\u00f3w. Wr\u0119cz przeciwnie, sierociniec i ludno\u015b\u0107 mieszkaj\u0105ca w pobli\u017cu cieszyli si\u0119 z wody pitnej. Niestety od miesi\u0105ca mamy powa\u017cne problemy z dostaw\u0105 energii elektrycznej. Nie mamy pr\u0105du ca\u0142ymi dniami. Firma (SNEL), kt\u00f3ra\u00a0 powinna zapewni\u0107 energi\u0119 elektryczn\u0105, niestety nie jest w stanie prawid\u0142owo dostarcza\u0107 jej swoim abonentom. Dlatego odwiert nie mo\u017ce nam zapewni\u0107 wody, poniewa\u017c bez energii pompa nie mo\u017ce si\u0119 w\u0142\u0105czy\u0107 i podnie\u015b\u0107 wody. Chocia\u017c mamy odwiert, kt\u00f3ry jest dla nas b\u0142ogos\u0142awie\u0144stwem, nie mo\u017cemy mie\u0107 wody. To wp\u0142ywa na\u00a0 sierociniec i jego funkcjonowanie, a tak\u017ce utrudnia \u017cycie okolicznych mieszka\u0144c\u00f3w, kt\u00f3rym udost\u0119pniamy wod\u0119.<\/p>\n<h4>Energia dla sierot<\/h4>\n<p>Aby rozwi\u0105za\u0107 ten problem potrzebujemy paneli s\u0142onecznych z ca\u0142ym oprzyrz\u0105dowaniem oraz akumulatorami. Dzi\u0119ki tak uzyskanej energii, b\u0119dzie mo\u017cna uruchomi\u0107 silnik i tym samym wyposa\u017cy\u0107 w pr\u0105d sierociniec oraz studni\u0119. Energia, kt\u00f3ra zostanie wyprodukowana przez panele, pomo\u017ce obs\u0142ugiwa\u0107 pomp\u0119 w celu podniesienia wody. Opr\u00f3cz sta\u0142ego dost\u0119pu do wody bez przerw, panele pozwol\u0105 zapewni\u0107 \u015bwiat\u0142o w domu i bezpiecze\u0144stwo w porze nocnej oraz pomoc dzieciom w nauce, aby mog\u0142y osi\u0105ga\u0107 dobre wyniki.\u00a0\u00a0Zmniejszy si\u0119 r\u00f3wnie\u017c nasz bud\u017cet wydatk\u00f3w na latarki zasilane bateriami ka\u017cdego miesi\u0105ca, poniewa\u017c baterie cz\u0119sto nie wytrzymuj\u0105 tak d\u0142ugo. Ka\u017cdego miesi\u0105ca musimy kupowa\u0107 baterie do ponad 7 zasilanych latarek, a ka\u017cda z nich potrzebuje co najmniej 4 baterii. Dodatkowo produkcja w\u0142asnego pr\u0105du zapewni zasilanie urz\u0105dze\u0144 i maszyn elektrycznych, takich jak komputery, lod\u00f3wki i zamra\u017carki, a tak\u017ce ograniczy u\u017cywanie w\u0119gla drzewnego pochodz\u0105cego z wycinki drzew, co jest przyczyn\u0105 zmian klimatycznych.\u00a0Og\u00f3lnym celem projektu jest zaopatrzenie sieroci\u0144ca i ludno\u015bci w wod\u0119 za pomoc\u0105 energii s\u0142onecznej z ju\u017c posiadanego odwiertu. Dzi\u0119kuj\u0119 Maitri za to.<\/p>\n<h4>Kosztorys:<\/h4>\n<p><img loading=\"lazy\" decoding=\"async\" class=\"alignnone wp-image-31486 size-full\" src=\"https:\/\/www.maitri.pl\/wp-content\/uploads\/2024\/05\/20-parak.png\" alt=\"\" width=\"959\" height=\"550\" srcset=\"https:\/\/www.maitri.pl\/wp-content\/uploads\/2024\/05\/20-parak.png 959w, https:\/\/www.maitri.pl\/wp-content\/uploads\/2024\/05\/20-parak-300x172.png 300w, https:\/\/www.maitri.pl\/wp-content\/uploads\/2024\/05\/20-parak-768x440.png 768w, https:\/\/www.maitri.pl\/wp-content\/uploads\/2024\/05\/20-parak-600x344.png 600w\" sizes=\"auto, (max-width: 959px) 100vw, 959px\" \/><\/p>\n<p><strong>Therese Manyingu, dyrektorka sieroci\u0144ca AFEOA, parafia \u015bw. Andrzeja Kima,<a href=\"https:\/\/www.maitri.pl\/gdzie-pomagamy\/\" target=\"_blank\" rel=\"noopener noreferrer\">Lubumbashi, DR Kongo<\/a><\/strong><\/p>\n<p>Dzi\u0119kuj\u0119 za ca\u0142\u0105 wasz\u0105 wsp\u00f3\u0142prac\u0119, kt\u00f3ra bez mi\u0142o\u015bci i po\u015bwi\u0119cenia nie mog\u0142aby si\u0119 spe\u0142ni\u0107.<\/p>\n<p>Z ca\u0142ego serca dzi\u0119kujemy ofiarodawcom. Liczymy na Wasze wsparcie i tym razem<strong>.<\/strong><\/p>\n<p><b style=\"font-size: large; color: #ff0000;\">Kwota: 5 440 \u20ac <\/b><\/p>\n<p style=\"text-align: justify;\"><strong>Podsumowanie w miejscowej walucie &#8211; 14 543 800 frank\u00f3w CFA<\/strong><\/p>\n<p style=\"text-align: justify;\" align=\"JUSTIFY\">Numer projektu: <strong>20\/PARAK<\/strong><\/p>\n<p style=\"text-align: justify;\" align=\"JUSTIFY\"><span style=\"color: #808080;\">Stowarzyszenie Ruchu\u00a0<em>Maitri<\/em> przeznacza do 10% otrzymanych \u015brodk\u00f3w na koszty funkcjonowania biura i pozyskiwanie funduszy pomocowych. <\/span><\/p>\n<h3 style=\"text-align: justify;\" align=\"JUSTIFY\"><span style=\"color: #808080;\">Sierociniec potrzebuje panele s\u0142oneczne do produkcji pr\u0105du i poboru wody &#8211; Centrum AFEOA, Lubumbashi w DR Kongo &#8211; do\u017cywianie g\u0142odnych dzieci<\/span><\/h3>\n","protected":false},"excerpt":{"rendered":"<p><strong>Projekt:<\/strong> Therese Manyingu, Parafia \u015bw. Andrzeja Kima<br \/>\n<strong>Misja:<\/strong> <a href=\"https:\/\/www.maitri.pl\/gdzie-pomagamy\/\" target=\"_blank\" rel=\"noopener noreferrer\">Lubumbashi, DR Kongo<\/a><br \/>\n<strong>Kwota projektu:<\/strong> <span style=\"color: #ff0000;\"><strong>5 440 \u20ac<\/strong><\/span><\/p>\n","protected":false},"featured_media":31492,"template":"","meta":[],"product_brand":[],"product_cat":[656],"product_tag":[890,690,891,892],"class_list":{"0":"post-31485","1":"product","2":"type-product","3":"status-publish","4":"has-post-thumbnail","6":"product_cat-bez-kategorii","7":"product_tag-centrum-afeoa","8":"product_tag-dr-kongo","9":"product_tag-sierociniec","10":"product_tag-therese-manyingu","12":"first","13":"instock","14":"virtual","15":"purchasable","16":"product-type-simple"},"yoast_head":"<!-- This site is optimized with the Yoast SEO plugin v27.2 - https:\/\/yoast.com\/product\/yoast-seo-wordpress\/ -->\n<title>Sierociniec potrzebuje panele s\u0142oneczne do produkcji pr\u0105du i wody<\/title>\n<meta name=\"description\" content=\"Sierociniec potrzebuje panele s\u0142oneczne do produkcji pr\u0105du i poboru wody. Wesprzyj z nami Centrum AFEOA w Lubumbashi, DR Kongo.\" \/>\n<meta name=\"robots\" content=\"index, follow, max-snippet:-1, max-image-preview:large, max-video-preview:-1\" \/>\n<link rel=\"canonical\" href=\"https:\/\/www.maitri.pl\/projekt\/sierociniec-panele-drkongo\/\" \/>\n<meta property=\"og:locale\" content=\"fr_FR\" \/>\n<meta property=\"og:type\" content=\"article\" \/>\n<meta property=\"og:title\" content=\"Sierociniec potrzebuje panele s\u0142oneczne do produkcji pr\u0105du i wody\" \/>\n<meta property=\"og:description\" content=\"Sierociniec potrzebuje panele s\u0142oneczne do produkcji pr\u0105du i poboru wody. Wesprzyj z nami Centrum AFEOA w Lubumbashi, DR Kongo.\" \/>\n<meta property=\"og:url\" content=\"https:\/\/www.maitri.pl\/projekt\/sierociniec-panele-drkongo\/\" \/>\n<meta property=\"og:site_name\" content=\"Ruch Maitri - Adopcja Serca pomoc Afryce\" \/>\n<meta property=\"article:publisher\" content=\"https:\/\/www.facebook.com\/MAITRI.Adopcja.Serca.dzieci.Afryki\/\" \/>\n<meta property=\"article:modified_time\" content=\"2025-03-31T12:19:06+00:00\" \/>\n<meta property=\"og:image\" content=\"https:\/\/www.maitri.pl\/wp-content\/uploads\/2024\/05\/20-parak-foto2.jpg\" \/>\n\t<meta property=\"og:image:width\" content=\"540\" \/>\n\t<meta property=\"og:image:height\" content=\"1080\" \/>\n\t<meta property=\"og:image:type\" content=\"image\/jpeg\" \/>\n<meta name=\"twitter:card\" content=\"summary_large_image\" \/>\n<meta name=\"twitter:label1\" content=\"Dur\u00e9e de lecture estim\u00e9e\" \/>\n\t<meta name=\"twitter:data1\" content=\"3 minutes\" \/>\n<script type=\"application\/ld+json\" class=\"yoast-schema-graph\">{\"@context\":\"https:\/\/schema.org\",\"@graph\":[{\"@type\":\"WebPage\",\"@id\":\"https:\/\/www.maitri.pl\/projekt\/sierociniec-panele-drkongo\/\",\"url\":\"https:\/\/www.maitri.pl\/projekt\/sierociniec-panele-drkongo\/\",\"name\":\"Sierociniec potrzebuje panele s\u0142oneczne do produkcji pr\u0105du i wody\",\"isPartOf\":{\"@id\":\"https:\/\/www.maitri.pl\/#website\"},\"primaryImageOfPage\":{\"@id\":\"https:\/\/www.maitri.pl\/projekt\/sierociniec-panele-drkongo\/#primaryimage\"},\"image\":{\"@id\":\"https:\/\/www.maitri.pl\/projekt\/sierociniec-panele-drkongo\/#primaryimage\"},\"thumbnailUrl\":\"https:\/\/www.maitri.pl\/wp-content\/uploads\/2024\/05\/20-parak-foto2.jpg\",\"datePublished\":\"2024-05-28T15:44:05+00:00\",\"dateModified\":\"2025-03-31T12:19:06+00:00\",\"description\":\"Sierociniec potrzebuje panele s\u0142oneczne do produkcji pr\u0105du i poboru wody. Wesprzyj z nami Centrum AFEOA w Lubumbashi, DR Kongo.\",\"breadcrumb\":{\"@id\":\"https:\/\/www.maitri.pl\/projekt\/sierociniec-panele-drkongo\/#breadcrumb\"},\"inLanguage\":\"fr-FR\",\"potentialAction\":[{\"@type\":\"ReadAction\",\"target\":[\"https:\/\/www.maitri.pl\/projekt\/sierociniec-panele-drkongo\/\"]}]},{\"@type\":\"ImageObject\",\"inLanguage\":\"fr-FR\",\"@id\":\"https:\/\/www.maitri.pl\/projekt\/sierociniec-panele-drkongo\/#primaryimage\",\"url\":\"https:\/\/www.maitri.pl\/wp-content\/uploads\/2024\/05\/20-parak-foto2.jpg\",\"contentUrl\":\"https:\/\/www.maitri.pl\/wp-content\/uploads\/2024\/05\/20-parak-foto2.jpg\",\"width\":540,\"height\":1080,\"caption\":\"Sierociniec potrzebuje panele s\u0142oneczne do produkcji pr\u0105du i poboru wody - Centrum AFEOA, Lubumbashi w DR Kongo - do\u017cywianie g\u0142odnych dzieci Adopcja Serca Adopcja duchowa ja\u0142mu\u017cna pomoc Afryce 02\"},{\"@type\":\"BreadcrumbList\",\"@id\":\"https:\/\/www.maitri.pl\/projekt\/sierociniec-panele-drkongo\/#breadcrumb\",\"itemListElement\":[{\"@type\":\"ListItem\",\"position\":1,\"name\":\"Strona g\u0142\u00f3wna\",\"item\":\"https:\/\/www.maitri.pl\/\"},{\"@type\":\"ListItem\",\"position\":2,\"name\":\"Sklep\",\"item\":\"https:\/\/www.maitri.pl\/sklep\/\"},{\"@type\":\"ListItem\",\"position\":3,\"name\":\"Sierociniec potrzebuje panele s\u0142oneczne do produkcji pr\u0105du i poboru wody\"}]},{\"@type\":\"WebSite\",\"@id\":\"https:\/\/www.maitri.pl\/#website\",\"url\":\"https:\/\/www.maitri.pl\/\",\"name\":\"Adopcja Serca Maitri \u2013 pomoc dzieciom w Afryce\",\"description\":\"Adopcja Serca \u2013 adopcja na odleg\u0142o\u015b\u0107, pomoc Afryce, do\u017cywianie i edukacja w Afryce\",\"publisher\":{\"@id\":\"https:\/\/www.maitri.pl\/#organization\"},\"potentialAction\":[{\"@type\":\"SearchAction\",\"target\":{\"@type\":\"EntryPoint\",\"urlTemplate\":\"https:\/\/www.maitri.pl\/?s={search_term_string}\"},\"query-input\":{\"@type\":\"PropertyValueSpecification\",\"valueRequired\":true,\"valueName\":\"search_term_string\"}}],\"inLanguage\":\"fr-FR\"},{\"@type\":\"Organization\",\"@id\":\"https:\/\/www.maitri.pl\/#organization\",\"name\":\"Stowarzyszenie Ruchu Maitri\",\"url\":\"https:\/\/www.maitri.pl\/\",\"logo\":{\"@type\":\"ImageObject\",\"inLanguage\":\"fr-FR\",\"@id\":\"https:\/\/www.maitri.pl\/#\/schema\/logo\/image\/\",\"url\":\"https:\/\/www.maitri.pl\/wp-content\/uploads\/2020\/04\/duze_logo-81.png\",\"contentUrl\":\"https:\/\/www.maitri.pl\/wp-content\/uploads\/2020\/04\/duze_logo-81.png\",\"width\":339,\"height\":321,\"caption\":\"Stowarzyszenie Ruchu Maitri\"},\"image\":{\"@id\":\"https:\/\/www.maitri.pl\/#\/schema\/logo\/image\/\"},\"sameAs\":[\"https:\/\/www.facebook.com\/MAITRI.Adopcja.Serca.dzieci.Afryki\/\"]}]}<\/script>\n<!-- \/ Yoast SEO plugin. -->","yoast_head_json":{"title":"Sierociniec potrzebuje panele s\u0142oneczne do produkcji pr\u0105du i wody","description":"Sierociniec potrzebuje panele s\u0142oneczne do produkcji pr\u0105du i poboru wody. Wesprzyj z nami Centrum AFEOA w Lubumbashi, DR Kongo.","robots":{"index":"index","follow":"follow","max-snippet":"max-snippet:-1","max-image-preview":"max-image-preview:large","max-video-preview":"max-video-preview:-1"},"canonical":"https:\/\/www.maitri.pl\/projekt\/sierociniec-panele-drkongo\/","og_locale":"fr_FR","og_type":"article","og_title":"Sierociniec potrzebuje panele s\u0142oneczne do produkcji pr\u0105du i wody","og_description":"Sierociniec potrzebuje panele s\u0142oneczne do produkcji pr\u0105du i poboru wody. Wesprzyj z nami Centrum AFEOA w Lubumbashi, DR Kongo.","og_url":"https:\/\/www.maitri.pl\/projekt\/sierociniec-panele-drkongo\/","og_site_name":"Ruch Maitri - Adopcja Serca pomoc Afryce","article_publisher":"https:\/\/www.facebook.com\/MAITRI.Adopcja.Serca.dzieci.Afryki\/","article_modified_time":"2025-03-31T12:19:06+00:00","og_image":[{"width":540,"height":1080,"url":"https:\/\/www.maitri.pl\/wp-content\/uploads\/2024\/05\/20-parak-foto2.jpg","type":"image\/jpeg"}],"twitter_card":"summary_large_image","twitter_misc":{"Dur\u00e9e de lecture estim\u00e9e":"3 minutes"},"schema":{"@context":"https:\/\/schema.org","@graph":[{"@type":"WebPage","@id":"https:\/\/www.maitri.pl\/projekt\/sierociniec-panele-drkongo\/","url":"https:\/\/www.maitri.pl\/projekt\/sierociniec-panele-drkongo\/","name":"Sierociniec potrzebuje panele s\u0142oneczne do produkcji pr\u0105du i wody","isPartOf":{"@id":"https:\/\/www.maitri.pl\/#website"},"primaryImageOfPage":{"@id":"https:\/\/www.maitri.pl\/projekt\/sierociniec-panele-drkongo\/#primaryimage"},"image":{"@id":"https:\/\/www.maitri.pl\/projekt\/sierociniec-panele-drkongo\/#primaryimage"},"thumbnailUrl":"https:\/\/www.maitri.pl\/wp-content\/uploads\/2024\/05\/20-parak-foto2.jpg","datePublished":"2024-05-28T15:44:05+00:00","dateModified":"2025-03-31T12:19:06+00:00","description":"Sierociniec potrzebuje panele s\u0142oneczne do produkcji pr\u0105du i poboru wody. Wesprzyj z nami Centrum AFEOA w Lubumbashi, DR Kongo.","breadcrumb":{"@id":"https:\/\/www.maitri.pl\/projekt\/sierociniec-panele-drkongo\/#breadcrumb"},"inLanguage":"fr-FR","potentialAction":[{"@type":"ReadAction","target":["https:\/\/www.maitri.pl\/projekt\/sierociniec-panele-drkongo\/"]}]},{"@type":"ImageObject","inLanguage":"fr-FR","@id":"https:\/\/www.maitri.pl\/projekt\/sierociniec-panele-drkongo\/#primaryimage","url":"https:\/\/www.maitri.pl\/wp-content\/uploads\/2024\/05\/20-parak-foto2.jpg","contentUrl":"https:\/\/www.maitri.pl\/wp-content\/uploads\/2024\/05\/20-parak-foto2.jpg","width":540,"height":1080,"caption":"Sierociniec potrzebuje panele s\u0142oneczne do produkcji pr\u0105du i poboru wody - Centrum AFEOA, Lubumbashi w DR Kongo - do\u017cywianie g\u0142odnych dzieci Adopcja Serca Adopcja duchowa ja\u0142mu\u017cna pomoc Afryce 02"},{"@type":"BreadcrumbList","@id":"https:\/\/www.maitri.pl\/projekt\/sierociniec-panele-drkongo\/#breadcrumb","itemListElement":[{"@type":"ListItem","position":1,"name":"Strona g\u0142\u00f3wna","item":"https:\/\/www.maitri.pl\/"},{"@type":"ListItem","position":2,"name":"Sklep","item":"https:\/\/www.maitri.pl\/sklep\/"},{"@type":"ListItem","position":3,"name":"Sierociniec potrzebuje panele s\u0142oneczne do produkcji pr\u0105du i poboru wody"}]},{"@type":"WebSite","@id":"https:\/\/www.maitri.pl\/#website","url":"https:\/\/www.maitri.pl\/","name":"Adopcja Serca Maitri \u2013 pomoc dzieciom w Afryce","description":"Adopcja Serca \u2013 adopcja na odleg\u0142o\u015b\u0107, pomoc Afryce, do\u017cywianie i edukacja w Afryce","publisher":{"@id":"https:\/\/www.maitri.pl\/#organization"},"potentialAction":[{"@type":"SearchAction","target":{"@type":"EntryPoint","urlTemplate":"https:\/\/www.maitri.pl\/?s={search_term_string}"},"query-input":{"@type":"PropertyValueSpecification","valueRequired":true,"valueName":"search_term_string"}}],"inLanguage":"fr-FR"},{"@type":"Organization","@id":"https:\/\/www.maitri.pl\/#organization","name":"Stowarzyszenie Ruchu Maitri","url":"https:\/\/www.maitri.pl\/","logo":{"@type":"ImageObject","inLanguage":"fr-FR","@id":"https:\/\/www.maitri.pl\/#\/schema\/logo\/image\/","url":"https:\/\/www.maitri.pl\/wp-content\/uploads\/2020\/04\/duze_logo-81.png","contentUrl":"https:\/\/www.maitri.pl\/wp-content\/uploads\/2020\/04\/duze_logo-81.png","width":339,"height":321,"caption":"Stowarzyszenie Ruchu Maitri"},"image":{"@id":"https:\/\/www.maitri.pl\/#\/schema\/logo\/image\/"},"sameAs":["https:\/\/www.facebook.com\/MAITRI.Adopcja.Serca.dzieci.Afryki\/"]}]}},"_links":{"self":[{"href":"https:\/\/www.maitri.pl\/fr\/wp-json\/wp\/v2\/product\/31485","targetHints":{"allow":["GET"]}}],"collection":[{"href":"https:\/\/www.maitri.pl\/fr\/wp-json\/wp\/v2\/product"}],"about":[{"href":"https:\/\/www.maitri.pl\/fr\/wp-json\/wp\/v2\/types\/product"}],"wp:featuredmedia":[{"embeddable":true,"href":"https:\/\/www.maitri.pl\/fr\/wp-json\/wp\/v2\/media\/31492"}],"wp:attachment":[{"href":"https:\/\/www.maitri.pl\/fr\/wp-json\/wp\/v2\/media?parent=31485"}],"wp:term":[{"taxonomy":"product_brand","embeddable":true,"href":"https:\/\/www.maitri.pl\/fr\/wp-json\/wp\/v2\/product_brand?post=31485"},{"taxonomy":"product_cat","embeddable":true,"href":"https:\/\/www.maitri.pl\/fr\/wp-json\/wp\/v2\/product_cat?post=31485"},{"taxonomy":"product_tag","embeddable":true,"href":"https:\/\/www.maitri.pl\/fr\/wp-json\/wp\/v2\/product_tag?post=31485"}],"curies":[{"name":"wp","href":"https:\/\/api.w.org\/{rel}","templated":true}]}}