{"id":31469,"date":"2024-05-28T16:52:15","date_gmt":"2024-05-28T14:52:15","guid":{"rendered":"https:\/\/www.maitri.pl\/?post_type=product&#038;p=31469"},"modified":"2025-03-31T14:18:57","modified_gmt":"2025-03-31T12:18:57","slug":"plony-dla-sierot-pompa-kongo","status":"publish","type":"product","link":"https:\/\/www.maitri.pl\/fr\/projekt\/plony-dla-sierot-pompa-kongo\/","title":{"rendered":"Plony dla sierot: zbi\u00f3rka na zakup motopompy do nawadniania p\u00f3l"},"content":{"rendered":"<h4>Susza niszczy plony<\/h4>\n<p>Od kilku lat uprawiamy pole, kt\u00f3re zapewnia \u017cywno\u015b\u0107 dla dzieci z naszego sieroci\u0144ca. Niestety napotkali\u015bmy trudno\u015bci w porze deszczowej bie\u017c\u0105cego roku. Po rozpocz\u0119ciu prac polowych wszystko sz\u0142o dobrze, deszcze by\u0142y i ro\u015bliny kie\u0142kowa\u0142y we w\u0142a\u015bciwy spos\u00f3b. Niestety po tym przyjaznym okresie nast\u0105pi\u0142a zmiana pogody, charakteryzuj\u0105ca si\u0119 bardzo wysokimi upa\u0142ami, sucho\u015bci\u0105 gleby, a przede wszystkim ustaniem opad\u00f3w deszczu. Spowodowa\u0142o to, \u017ce bez deszczu ro\u015bliny i li\u015bcie wi\u0119d\u0142y lub zanika\u0142y. Plony dla sierot stan\u0119\u0142y pod znakiem zapytania. Sytuacja sta\u0142a si\u0119 powszechna we wszystkich zak\u0105tkach naszego regionu. To du\u017cy problem dla nas. Konieczne by\u0142o stosowanie r\u00f3\u017cnych metod, aby m\u00f3c nawadnia\u0107 pola w celu zebrania cho\u0107by cz\u0119\u015bci plon\u00f3w. To lepsze ni\u017c utrata wszystkiego.<\/p>\n<h4>Ratunek przed zniszczeniem<\/h4>\n<p>Niekt\u00f3rzy rolnicy maj\u0105 motopompy, kt\u00f3re pobieraj\u0105 wod\u0119, w celu zasilania ro\u015blin (kukurydzy, fasoli, soi&#8230;) i stosuj\u0105 do swoich upraw, aby ro\u015bliny normalnie ros\u0142y. Trzeba zap\u0142aci\u0107 tylko za motopomp\u0119 i rury, poniewa\u017c woda pochodzi z rzeki. Pod\u0105\u017caj\u0105c za tym do\u015bwiadczeniem innych, widzimy, \u017ce my r\u00f3wnie\u017c\u00a0 mo\u017cemy go zaadoptowa\u0107. Na szcz\u0119\u015bcie nasze pole znajduje si\u0119 w pobli\u017cu rzeki. Jest to to du\u017ca zaleta, poniewa\u017c mamy mo\u017cliwo\u015b\u0107 wykorzystania wody z rzeki za pomoc\u0105 motopompy. Dlatego w\u0142a\u015bnie potrzebujemy motopompy. Dostawy wody i nawadnianie uratuj\u0105 plony dla sierot.<\/p>\n<h4>Ogromne znaczenie pomocy<\/h4>\n<p>Nast\u0119pnym razem, gdy nadejdzie susza, a kt\u00f3ra ju\u017c teraz jest zapowiadana, deszcz uda si\u0119 zast\u0105pi\u0107 wod\u0105 rzeczn\u0105 za pomoc\u0105 pompy silnikowej. Inwestycja przyczyni si\u0119 to do dobrych zbior\u00f3w. Zatem nie b\u0119dzie ju\u017c niedoboru \u017cywno\u015bci, a my b\u0119dziemy mieli podstawow\u0105 \u017cywno\u015b\u0107 wyprodukowan\u0105 przez nas samych. Plony trafiaj\u0105 do sieroci\u0144ca, bez potrzeby jej kupowania. W ten spos\u00f3b dzieci mog\u0105 si\u0119 naje\u015b\u0107, a my mo\u017cemy przeznaczy\u0107 cz\u0119\u015b\u0107 zbior\u00f3w na sprzeda\u017c, aby zaspokoi\u0107 niekt\u00f3re potrzeby sieroci\u0144ca AFEOA &#8211; i kupi\u0107 \u017cywno\u015b\u0107, kt\u00f3rej nie jeste\u015bmy w stanie wyprodukowa\u0107 na polu i w ogr\u00f3dku. Dlatego to urz\u0105dzenie ma ogromne znaczenie w okresie braku deszczu.<\/p>\n<h4>Kosztorys:<\/h4>\n<p><img loading=\"lazy\" decoding=\"async\" class=\"alignnone wp-image-31470 size-full\" src=\"https:\/\/www.maitri.pl\/wp-content\/uploads\/2024\/05\/19-parak.png\" alt=\"\" width=\"959\" height=\"355\" srcset=\"https:\/\/www.maitri.pl\/wp-content\/uploads\/2024\/05\/19-parak.png 959w, https:\/\/www.maitri.pl\/wp-content\/uploads\/2024\/05\/19-parak-300x111.png 300w, https:\/\/www.maitri.pl\/wp-content\/uploads\/2024\/05\/19-parak-768x284.png 768w, https:\/\/www.maitri.pl\/wp-content\/uploads\/2024\/05\/19-parak-600x222.png 600w\" sizes=\"auto, (max-width: 959px) 100vw, 959px\" \/><\/p>\n<p><strong>Therese Manyingu, dyrektorka sieroci\u0144ca AFEOA, parafia \u015bw. Andrzeja Kima,<a href=\"https:\/\/www.maitri.pl\/gdzie-pomagamy\/\" target=\"_blank\" rel=\"noopener noreferrer\">Lubumbashi, DR Kongo<\/a><\/strong><\/p>\n<p>Dzi\u0119kuj\u0119 za ca\u0142\u0105 wasz\u0105 wsp\u00f3\u0142prac\u0119, kt\u00f3ra bez mi\u0142o\u015bci i po\u015bwi\u0119cenia nie mog\u0142aby si\u0119 spe\u0142ni\u0107.<\/p>\n<p>Z ca\u0142ego serca dzi\u0119kujemy ofiarodawcom. Liczymy na Wasze wsparcie i tym razem<strong>.<\/strong><\/p>\n<p><b style=\"font-size: large; color: #ff0000;\">Kwota: 3 990 \u20ac <\/b><\/p>\n<p style=\"text-align: justify;\"><strong>Podsumowanie w miejscowej walucie &#8211; ok. 11 000 000 FC<\/strong><\/p>\n<p style=\"text-align: justify;\" align=\"JUSTIFY\">Numer projektu: <strong>19\/PARAK<\/strong><\/p>\n<p style=\"text-align: justify;\" align=\"JUSTIFY\"><span style=\"color: #808080;\">Stowarzyszenie Ruchu\u00a0<em>Maitri<\/em> przeznacza do 10% otrzymanych \u015brodk\u00f3w na koszty funkcjonowania biura i pozyskiwanie funduszy pomocowych. <\/span><\/p>\n<h3 style=\"text-align: justify;\" align=\"JUSTIFY\"><span style=\"color: #808080;\">Plony dla sierot: zbi\u00f3rka na zakup motopompy do nawadniania p\u00f3l w DR Kongo &#8211; do\u017cywianie g\u0142odnych dzieci<\/span><\/h3>\n","protected":false},"excerpt":{"rendered":"<p><strong>Projekt:<\/strong> Therese Manyingu, Parafia \u015bw. Andrzeja Kima<br \/>\n<strong>Misja:<\/strong> <a href=\"https:\/\/www.maitri.pl\/gdzie-pomagamy\/\" target=\"_blank\" rel=\"noopener noreferrer\">Lubumbashi, DR Kongo<\/a><br \/>\n<strong>Kwota projektu:<\/strong> <span style=\"color: #ff0000;\"><strong>3 990 \u20ac<\/strong><\/span><\/p>\n","protected":false},"featured_media":31482,"template":"","meta":[],"product_brand":[],"product_cat":[656],"product_tag":[890,690,892],"class_list":{"0":"post-31469","1":"product","2":"type-product","3":"status-publish","4":"has-post-thumbnail","6":"product_cat-bez-kategorii","7":"product_tag-centrum-afeoa","8":"product_tag-dr-kongo","9":"product_tag-therese-manyingu","11":"first","12":"instock","13":"virtual","14":"purchasable","15":"product-type-simple"},"yoast_head":"<!-- This site is optimized with the Yoast SEO plugin v27.2 - https:\/\/yoast.com\/product\/yoast-seo-wordpress\/ -->\n<title>Plony dla sierot: zbi\u00f3rka na zakup motopompy do nawadniania p\u00f3l<\/title>\n<meta name=\"description\" content=\"Plony dla sierot: zbi\u00f3rka na zakup motopompy do nawadniania p\u00f3l w DR Kongo. Dzi\u0119ki uprawie pola zapewniamy \u017cywno\u015b\u0107 dla sierot z Centrum AFEOA.\" \/>\n<meta name=\"robots\" content=\"index, follow, max-snippet:-1, max-image-preview:large, max-video-preview:-1\" \/>\n<link rel=\"canonical\" href=\"https:\/\/www.maitri.pl\/projekt\/plony-dla-sierot-pompa-kongo\/\" \/>\n<meta property=\"og:locale\" content=\"fr_FR\" \/>\n<meta property=\"og:type\" content=\"article\" \/>\n<meta property=\"og:title\" content=\"Plony dla sierot: zbi\u00f3rka na zakup motopompy do nawadniania p\u00f3l\" \/>\n<meta property=\"og:description\" content=\"Plony dla sierot: zbi\u00f3rka na zakup motopompy do nawadniania p\u00f3l w DR Kongo. Dzi\u0119ki uprawie pola zapewniamy \u017cywno\u015b\u0107 dla sierot z Centrum AFEOA.\" \/>\n<meta property=\"og:url\" content=\"https:\/\/www.maitri.pl\/projekt\/plony-dla-sierot-pompa-kongo\/\" \/>\n<meta property=\"og:site_name\" content=\"Ruch Maitri - Adopcja Serca pomoc Afryce\" \/>\n<meta property=\"article:publisher\" content=\"https:\/\/www.facebook.com\/MAITRI.Adopcja.Serca.dzieci.Afryki\/\" \/>\n<meta property=\"article:modified_time\" content=\"2025-03-31T12:18:57+00:00\" \/>\n<meta property=\"og:image\" content=\"https:\/\/www.maitri.pl\/wp-content\/uploads\/2024\/05\/19-parak-foto4.jpg\" \/>\n\t<meta property=\"og:image:width\" content=\"1008\" \/>\n\t<meta property=\"og:image:height\" content=\"567\" \/>\n\t<meta property=\"og:image:type\" content=\"image\/jpeg\" \/>\n<meta name=\"twitter:card\" content=\"summary_large_image\" \/>\n<meta name=\"twitter:label1\" content=\"Dur\u00e9e de lecture estim\u00e9e\" \/>\n\t<meta name=\"twitter:data1\" content=\"3 minutes\" \/>\n<script type=\"application\/ld+json\" class=\"yoast-schema-graph\">{\"@context\":\"https:\/\/schema.org\",\"@graph\":[{\"@type\":\"WebPage\",\"@id\":\"https:\/\/www.maitri.pl\/projekt\/plony-dla-sierot-pompa-kongo\/\",\"url\":\"https:\/\/www.maitri.pl\/projekt\/plony-dla-sierot-pompa-kongo\/\",\"name\":\"Plony dla sierot: zbi\u00f3rka na zakup motopompy do nawadniania p\u00f3l\",\"isPartOf\":{\"@id\":\"https:\/\/www.maitri.pl\/#website\"},\"primaryImageOfPage\":{\"@id\":\"https:\/\/www.maitri.pl\/projekt\/plony-dla-sierot-pompa-kongo\/#primaryimage\"},\"image\":{\"@id\":\"https:\/\/www.maitri.pl\/projekt\/plony-dla-sierot-pompa-kongo\/#primaryimage\"},\"thumbnailUrl\":\"https:\/\/www.maitri.pl\/wp-content\/uploads\/2024\/05\/19-parak-foto4.jpg\",\"datePublished\":\"2024-05-28T14:52:15+00:00\",\"dateModified\":\"2025-03-31T12:18:57+00:00\",\"description\":\"Plony dla sierot: zbi\u00f3rka na zakup motopompy do nawadniania p\u00f3l w DR Kongo. Dzi\u0119ki uprawie pola zapewniamy \u017cywno\u015b\u0107 dla sierot z Centrum AFEOA.\",\"breadcrumb\":{\"@id\":\"https:\/\/www.maitri.pl\/projekt\/plony-dla-sierot-pompa-kongo\/#breadcrumb\"},\"inLanguage\":\"fr-FR\",\"potentialAction\":[{\"@type\":\"ReadAction\",\"target\":[\"https:\/\/www.maitri.pl\/projekt\/plony-dla-sierot-pompa-kongo\/\"]}]},{\"@type\":\"ImageObject\",\"inLanguage\":\"fr-FR\",\"@id\":\"https:\/\/www.maitri.pl\/projekt\/plony-dla-sierot-pompa-kongo\/#primaryimage\",\"url\":\"https:\/\/www.maitri.pl\/wp-content\/uploads\/2024\/05\/19-parak-foto4.jpg\",\"contentUrl\":\"https:\/\/www.maitri.pl\/wp-content\/uploads\/2024\/05\/19-parak-foto4.jpg\",\"width\":1008,\"height\":567,\"caption\":\"Plony dla sierot: zbi\u00f3rka na zakup motopompy do nawadniania p\u00f3l w DR Kongo - do\u017cywianie g\u0142odnych dzieci pomoc Afryce ja\u0142mu\u017cna Adopcja Serca Adopcja Duchowa 04\"},{\"@type\":\"BreadcrumbList\",\"@id\":\"https:\/\/www.maitri.pl\/projekt\/plony-dla-sierot-pompa-kongo\/#breadcrumb\",\"itemListElement\":[{\"@type\":\"ListItem\",\"position\":1,\"name\":\"Strona g\u0142\u00f3wna\",\"item\":\"https:\/\/www.maitri.pl\/\"},{\"@type\":\"ListItem\",\"position\":2,\"name\":\"Sklep\",\"item\":\"https:\/\/www.maitri.pl\/sklep\/\"},{\"@type\":\"ListItem\",\"position\":3,\"name\":\"Plony dla sierot: zbi\u00f3rka na zakup motopompy do nawadniania p\u00f3l\"}]},{\"@type\":\"WebSite\",\"@id\":\"https:\/\/www.maitri.pl\/#website\",\"url\":\"https:\/\/www.maitri.pl\/\",\"name\":\"Adopcja Serca Maitri \u2013 pomoc dzieciom w Afryce\",\"description\":\"Adopcja Serca \u2013 adopcja na odleg\u0142o\u015b\u0107, pomoc Afryce, do\u017cywianie i edukacja w Afryce\",\"publisher\":{\"@id\":\"https:\/\/www.maitri.pl\/#organization\"},\"potentialAction\":[{\"@type\":\"SearchAction\",\"target\":{\"@type\":\"EntryPoint\",\"urlTemplate\":\"https:\/\/www.maitri.pl\/?s={search_term_string}\"},\"query-input\":{\"@type\":\"PropertyValueSpecification\",\"valueRequired\":true,\"valueName\":\"search_term_string\"}}],\"inLanguage\":\"fr-FR\"},{\"@type\":\"Organization\",\"@id\":\"https:\/\/www.maitri.pl\/#organization\",\"name\":\"Stowarzyszenie Ruchu Maitri\",\"url\":\"https:\/\/www.maitri.pl\/\",\"logo\":{\"@type\":\"ImageObject\",\"inLanguage\":\"fr-FR\",\"@id\":\"https:\/\/www.maitri.pl\/#\/schema\/logo\/image\/\",\"url\":\"https:\/\/www.maitri.pl\/wp-content\/uploads\/2020\/04\/duze_logo-81.png\",\"contentUrl\":\"https:\/\/www.maitri.pl\/wp-content\/uploads\/2020\/04\/duze_logo-81.png\",\"width\":339,\"height\":321,\"caption\":\"Stowarzyszenie Ruchu Maitri\"},\"image\":{\"@id\":\"https:\/\/www.maitri.pl\/#\/schema\/logo\/image\/\"},\"sameAs\":[\"https:\/\/www.facebook.com\/MAITRI.Adopcja.Serca.dzieci.Afryki\/\"]}]}<\/script>\n<!-- \/ Yoast SEO plugin. -->","yoast_head_json":{"title":"Plony dla sierot: zbi\u00f3rka na zakup motopompy do nawadniania p\u00f3l","description":"Plony dla sierot: zbi\u00f3rka na zakup motopompy do nawadniania p\u00f3l w DR Kongo. Dzi\u0119ki uprawie pola zapewniamy \u017cywno\u015b\u0107 dla sierot z Centrum AFEOA.","robots":{"index":"index","follow":"follow","max-snippet":"max-snippet:-1","max-image-preview":"max-image-preview:large","max-video-preview":"max-video-preview:-1"},"canonical":"https:\/\/www.maitri.pl\/projekt\/plony-dla-sierot-pompa-kongo\/","og_locale":"fr_FR","og_type":"article","og_title":"Plony dla sierot: zbi\u00f3rka na zakup motopompy do nawadniania p\u00f3l","og_description":"Plony dla sierot: zbi\u00f3rka na zakup motopompy do nawadniania p\u00f3l w DR Kongo. Dzi\u0119ki uprawie pola zapewniamy \u017cywno\u015b\u0107 dla sierot z Centrum AFEOA.","og_url":"https:\/\/www.maitri.pl\/projekt\/plony-dla-sierot-pompa-kongo\/","og_site_name":"Ruch Maitri - Adopcja Serca pomoc Afryce","article_publisher":"https:\/\/www.facebook.com\/MAITRI.Adopcja.Serca.dzieci.Afryki\/","article_modified_time":"2025-03-31T12:18:57+00:00","og_image":[{"width":1008,"height":567,"url":"https:\/\/www.maitri.pl\/wp-content\/uploads\/2024\/05\/19-parak-foto4.jpg","type":"image\/jpeg"}],"twitter_card":"summary_large_image","twitter_misc":{"Dur\u00e9e de lecture estim\u00e9e":"3 minutes"},"schema":{"@context":"https:\/\/schema.org","@graph":[{"@type":"WebPage","@id":"https:\/\/www.maitri.pl\/projekt\/plony-dla-sierot-pompa-kongo\/","url":"https:\/\/www.maitri.pl\/projekt\/plony-dla-sierot-pompa-kongo\/","name":"Plony dla sierot: zbi\u00f3rka na zakup motopompy do nawadniania p\u00f3l","isPartOf":{"@id":"https:\/\/www.maitri.pl\/#website"},"primaryImageOfPage":{"@id":"https:\/\/www.maitri.pl\/projekt\/plony-dla-sierot-pompa-kongo\/#primaryimage"},"image":{"@id":"https:\/\/www.maitri.pl\/projekt\/plony-dla-sierot-pompa-kongo\/#primaryimage"},"thumbnailUrl":"https:\/\/www.maitri.pl\/wp-content\/uploads\/2024\/05\/19-parak-foto4.jpg","datePublished":"2024-05-28T14:52:15+00:00","dateModified":"2025-03-31T12:18:57+00:00","description":"Plony dla sierot: zbi\u00f3rka na zakup motopompy do nawadniania p\u00f3l w DR Kongo. Dzi\u0119ki uprawie pola zapewniamy \u017cywno\u015b\u0107 dla sierot z Centrum AFEOA.","breadcrumb":{"@id":"https:\/\/www.maitri.pl\/projekt\/plony-dla-sierot-pompa-kongo\/#breadcrumb"},"inLanguage":"fr-FR","potentialAction":[{"@type":"ReadAction","target":["https:\/\/www.maitri.pl\/projekt\/plony-dla-sierot-pompa-kongo\/"]}]},{"@type":"ImageObject","inLanguage":"fr-FR","@id":"https:\/\/www.maitri.pl\/projekt\/plony-dla-sierot-pompa-kongo\/#primaryimage","url":"https:\/\/www.maitri.pl\/wp-content\/uploads\/2024\/05\/19-parak-foto4.jpg","contentUrl":"https:\/\/www.maitri.pl\/wp-content\/uploads\/2024\/05\/19-parak-foto4.jpg","width":1008,"height":567,"caption":"Plony dla sierot: zbi\u00f3rka na zakup motopompy do nawadniania p\u00f3l w DR Kongo - do\u017cywianie g\u0142odnych dzieci pomoc Afryce ja\u0142mu\u017cna Adopcja Serca Adopcja Duchowa 04"},{"@type":"BreadcrumbList","@id":"https:\/\/www.maitri.pl\/projekt\/plony-dla-sierot-pompa-kongo\/#breadcrumb","itemListElement":[{"@type":"ListItem","position":1,"name":"Strona g\u0142\u00f3wna","item":"https:\/\/www.maitri.pl\/"},{"@type":"ListItem","position":2,"name":"Sklep","item":"https:\/\/www.maitri.pl\/sklep\/"},{"@type":"ListItem","position":3,"name":"Plony dla sierot: zbi\u00f3rka na zakup motopompy do nawadniania p\u00f3l"}]},{"@type":"WebSite","@id":"https:\/\/www.maitri.pl\/#website","url":"https:\/\/www.maitri.pl\/","name":"Adopcja Serca Maitri \u2013 pomoc dzieciom w Afryce","description":"Adopcja Serca \u2013 adopcja na odleg\u0142o\u015b\u0107, pomoc Afryce, do\u017cywianie i edukacja w Afryce","publisher":{"@id":"https:\/\/www.maitri.pl\/#organization"},"potentialAction":[{"@type":"SearchAction","target":{"@type":"EntryPoint","urlTemplate":"https:\/\/www.maitri.pl\/?s={search_term_string}"},"query-input":{"@type":"PropertyValueSpecification","valueRequired":true,"valueName":"search_term_string"}}],"inLanguage":"fr-FR"},{"@type":"Organization","@id":"https:\/\/www.maitri.pl\/#organization","name":"Stowarzyszenie Ruchu Maitri","url":"https:\/\/www.maitri.pl\/","logo":{"@type":"ImageObject","inLanguage":"fr-FR","@id":"https:\/\/www.maitri.pl\/#\/schema\/logo\/image\/","url":"https:\/\/www.maitri.pl\/wp-content\/uploads\/2020\/04\/duze_logo-81.png","contentUrl":"https:\/\/www.maitri.pl\/wp-content\/uploads\/2020\/04\/duze_logo-81.png","width":339,"height":321,"caption":"Stowarzyszenie Ruchu Maitri"},"image":{"@id":"https:\/\/www.maitri.pl\/#\/schema\/logo\/image\/"},"sameAs":["https:\/\/www.facebook.com\/MAITRI.Adopcja.Serca.dzieci.Afryki\/"]}]}},"_links":{"self":[{"href":"https:\/\/www.maitri.pl\/fr\/wp-json\/wp\/v2\/product\/31469","targetHints":{"allow":["GET"]}}],"collection":[{"href":"https:\/\/www.maitri.pl\/fr\/wp-json\/wp\/v2\/product"}],"about":[{"href":"https:\/\/www.maitri.pl\/fr\/wp-json\/wp\/v2\/types\/product"}],"wp:featuredmedia":[{"embeddable":true,"href":"https:\/\/www.maitri.pl\/fr\/wp-json\/wp\/v2\/media\/31482"}],"wp:attachment":[{"href":"https:\/\/www.maitri.pl\/fr\/wp-json\/wp\/v2\/media?parent=31469"}],"wp:term":[{"taxonomy":"product_brand","embeddable":true,"href":"https:\/\/www.maitri.pl\/fr\/wp-json\/wp\/v2\/product_brand?post=31469"},{"taxonomy":"product_cat","embeddable":true,"href":"https:\/\/www.maitri.pl\/fr\/wp-json\/wp\/v2\/product_cat?post=31469"},{"taxonomy":"product_tag","embeddable":true,"href":"https:\/\/www.maitri.pl\/fr\/wp-json\/wp\/v2\/product_tag?post=31469"}],"curies":[{"name":"wp","href":"https:\/\/api.w.org\/{rel}","templated":true}]}}