{"id":31452,"date":"2024-05-28T09:01:39","date_gmt":"2024-05-28T07:01:39","guid":{"rendered":"https:\/\/www.maitri.pl\/?post_type=product&#038;p=31452"},"modified":"2025-03-31T14:18:48","modified_gmt":"2025-03-31T12:18:48","slug":"leki-kamerun","status":"publish","type":"product","link":"https:\/\/www.maitri.pl\/fr\/projekt\/leki-kamerun\/","title":{"rendered":"Leki dla potrzebuj\u0105cych! Wesprzyj pacjent\u00f3w O\u015brodka Zdrowia w Koudandeng"},"content":{"rendered":"<h4>Leki to luksus<\/h4>\n<p>Nasz O\u015brodek Zdrowia od lat s\u0142u\u017cy pomoc\u0105 chorym z kilku s\u0105siednich wiosek. Plac\u00f3wka \u015bwiadczy ca\u0142odobow\u0105 pomoc. W naszym regionie ludzie najcz\u0119\u015bciej choruj\u0105 na malari\u0119, choroby salmonellozowe i anemi\u0119. Choroby te znacznie cz\u0119\u015bciej dotykaj\u0105 dzieci. Rodzice, z powodu braku \u015brodk\u00f3w finansowych, cz\u0119sto docieraj\u0105 do o\u015brodka zdrowia za p\u00f3\u017ano. W\u00f3wczas stan zdrowia dziecka jest zwykle bardzo ci\u0119\u017cki, a leczenie d\u0142u\u017csze i du\u017co dro\u017csze. Staramy si\u0119 u\u015bwiadamia\u0107 tutejsz\u0105 ludno\u015b\u0107, jak wa\u017cne jest to, by w por\u0119 zdiagnozowa\u0107 i zacz\u0105\u0107 leczenie. Realia s\u0105 jednak takie, \u017ce leki s\u0105 za drogie w stosunku do mo\u017cliwo\u015bci finansowych tutejszych ludzi. Ub\u00f3stwo miejscowego spo\u0142ecze\u0144stwa, kt\u00f3re utrzymuje si\u0119 jedynie z uprawy ziemi, daje o sobie zna\u0107 coraz bardziej.<\/p>\n<h4>Pom\u00f3\u017c chorym dzieciom<\/h4>\n<p>Aby nasz o\u015brodek zdrowia m\u00f3g\u0142 dobrze funkcjonowa\u0107 i udziela\u0107 pomocy ka\u017cdemu choremu, niezale\u017cnie od tego czy mo\u017ce on pokry\u0107 w ca\u0142o\u015bci koszty leczenia czy te\u017c nie, potrzebujemy rocznie na zakup lekarstw, \u015brodk\u00f3w opatrunkowych i dezynfekcyjnych oko\u0142o 21.800 euro. Roczny udzia\u0142 chorych w pokryciu koszt\u00f3w leczenia wyni\u00f3s\u0142 w ubieg\u0142ym roku oko\u0142o 17.360 \u20ac. Zwracam si\u0119 z gor\u0105c\u0105 pro\u015bb\u0105 o dofinansowanie zakupu lek\u00f3w dla przychodni. Dzi\u0119ki Waszemu wsparciu, Waszej wra\u017cliwo\u015bci i pomocy, kt\u00f3rej do\u015bwiadczamy ju\u017c od kilku lat, mo\u017cemy kontynuowa\u0107 nasz\u0105 misj\u0119 niesienia pomocy tym, kt\u00f3rzy najbardziej jej potrzebuj\u0105 &#8211;\u00a0 zw\u0142aszcza dzieciom, kt\u00f3re s\u0105 najwra\u017cliwsze i najmniej odporne na choroby. Chorzy maj\u0105c \u015bwiadomo\u015b\u0107, \u017ce zawsze zostanie im udzielona pomoc w naszym o\u015brodku zdrowia, pomimo ich ubogich \u015brodk\u00f3w finansowych, b\u0119d\u0105 mieli wi\u0119ksz\u0105 mobilizacj\u0119, aby na czas rozpocz\u0105\u0107 leczenie, gdy nie b\u0119dzie zbyt p\u00f3\u017ano.<\/p>\n<p>Dzi\u0119ki Waszej pomocy b\u0119dziemy mogli\u00a0 przyj\u015b\u0107 z pomoc\u0105 biednym, kt\u00f3rych nie sta\u0107, by zap\u0142aci\u0107 za leki.<\/p>\n<h4>Kosztorys:<\/h4>\n<p><img loading=\"lazy\" decoding=\"async\" class=\"alignnone wp-image-31453 size-full\" src=\"https:\/\/www.maitri.pl\/wp-content\/uploads\/2024\/05\/131-karml.png\" alt=\"\" width=\"983\" height=\"435\" srcset=\"https:\/\/www.maitri.pl\/wp-content\/uploads\/2024\/05\/131-karml.png 983w, https:\/\/www.maitri.pl\/wp-content\/uploads\/2024\/05\/131-karml-300x133.png 300w, https:\/\/www.maitri.pl\/wp-content\/uploads\/2024\/05\/131-karml-768x340.png 768w, https:\/\/www.maitri.pl\/wp-content\/uploads\/2024\/05\/131-karml-600x266.png 600w\" sizes=\"auto, (max-width: 983px) 100vw, 983px\" \/><\/p>\n<p>Siostra Krescencja Konderak, <a href=\"http:\/\/www.karmelitanki.pl\/\" target=\"_blank\" rel=\"noopener noreferrer\">Zgromadzenie Si\u00f3str Karmelitanek Dzieci\u0105tka Jezus<\/a><\/p>\n<p>Zwracam si\u0119 z gor\u0105c\u0105 pro\u015bb\u0105 o pomoc!<\/p>\n<p style=\"text-align: justify;\" align=\"JUSTIFY\"><span style=\"color: #ff0000;\"><span style=\"font-size: large;\"><b>Kwota projektu: 4440 \u20ac<\/b><\/span><\/span><\/p>\n<p style=\"text-align: justify;\"><strong>Numer projektu: 131\/KARML<\/strong><\/p>\n<p style=\"text-align: justify;\" align=\"JUSTIFY\"><span style=\"color: #808080;\">Stowarzyszenie Ruchu\u00a0<em>Maitri<\/em>\u00a0przeznacza do 10% otrzymanych \u015brodk\u00f3w na koszty funkcjonowania biura i pozyskiwanie funduszy pomocowych.<\/span><\/p>\n<h3 style=\"text-align: justify;\" align=\"JUSTIFY\"><span style=\"color: #808080;\">Leki dla potrzebuj\u0105cych! Wesprzyj pacjent\u00f3w O\u015brodka Zdrowia w Koudandeng w Kamerunie<\/span><\/h3>\n","protected":false},"excerpt":{"rendered":"<p><strong>Projekt:<\/strong> s. Krescencja Konderak, <a href=\"http:\/\/www.karmelitanki.pl\/\" target=\"_blank\" rel=\"noopener noreferrer\">Zgromadzenie Si\u00f3str Karmelitanek Dzieci\u0105tka Jezus<\/a><br \/>\n<strong>Misja:<\/strong> Koudadeng, <a href=\"https:\/\/www.maitri.pl\/gdzie-pomagamy\/\" target=\"_blank\" rel=\"noopener noreferrer\">Kamerun<\/a><br \/>\n<strong>Kwota projektu: <span style=\"color: #ff0000;\">4 440 \u20ac<\/span><\/strong><\/p>\n","protected":false},"featured_media":31462,"template":"","meta":[],"product_brand":[],"product_cat":[656],"product_tag":[658,710,711,677],"class_list":{"0":"post-31452","1":"product","2":"type-product","3":"status-publish","4":"has-post-thumbnail","6":"product_cat-bez-kategorii","7":"product_tag-kamerun","8":"product_tag-koudandeng","9":"product_tag-siostra-krescencja-konderak","10":"product_tag-zgromadzenie-siostr-karmelitanek-dzieciatka-jezus","12":"first","13":"instock","14":"virtual","15":"purchasable","16":"product-type-simple"},"yoast_head":"<!-- This site is optimized with the Yoast SEO plugin v27.2 - https:\/\/yoast.com\/product\/yoast-seo-wordpress\/ -->\n<title>Leki dla potrzebuj\u0105cych! Wesprzyj pacjent\u00f3w z Koudandeng w Kamerunie<\/title>\n<meta name=\"description\" content=\"Leki dla potrzebuj\u0105cych! Wesprzyj pacjent\u00f3w O\u015brodka Zdrowia w Koudandeng w Kamerunie. O pomoc prosz\u0105 Siostry Karmelitanki Dzieci\u0105tka Jezus.\" \/>\n<meta name=\"robots\" content=\"index, follow, max-snippet:-1, max-image-preview:large, max-video-preview:-1\" \/>\n<link rel=\"canonical\" href=\"https:\/\/www.maitri.pl\/projekt\/leki-kamerun\/\" \/>\n<meta property=\"og:locale\" content=\"fr_FR\" \/>\n<meta property=\"og:type\" content=\"article\" \/>\n<meta property=\"og:title\" content=\"Leki dla potrzebuj\u0105cych! Wesprzyj pacjent\u00f3w z Koudandeng w Kamerunie\" \/>\n<meta property=\"og:description\" content=\"Leki dla potrzebuj\u0105cych! Wesprzyj pacjent\u00f3w O\u015brodka Zdrowia w Koudandeng w Kamerunie. O pomoc prosz\u0105 Siostry Karmelitanki Dzieci\u0105tka Jezus.\" \/>\n<meta property=\"og:url\" content=\"https:\/\/www.maitri.pl\/projekt\/leki-kamerun\/\" \/>\n<meta property=\"og:site_name\" content=\"Ruch Maitri - Adopcja Serca pomoc Afryce\" \/>\n<meta property=\"article:publisher\" content=\"https:\/\/www.facebook.com\/MAITRI.Adopcja.Serca.dzieci.Afryki\/\" \/>\n<meta property=\"article:modified_time\" content=\"2025-03-31T12:18:48+00:00\" \/>\n<meta property=\"og:image\" content=\"https:\/\/www.maitri.pl\/wp-content\/uploads\/2024\/05\/131-karml-foto4.jpg\" \/>\n\t<meta property=\"og:image:width\" content=\"1080\" \/>\n\t<meta property=\"og:image:height\" content=\"810\" \/>\n\t<meta property=\"og:image:type\" content=\"image\/jpeg\" \/>\n<meta name=\"twitter:card\" content=\"summary_large_image\" \/>\n<meta name=\"twitter:label1\" content=\"Dur\u00e9e de lecture estim\u00e9e\" \/>\n\t<meta name=\"twitter:data1\" content=\"3 minutes\" \/>\n<script type=\"application\/ld+json\" class=\"yoast-schema-graph\">{\"@context\":\"https:\/\/schema.org\",\"@graph\":[{\"@type\":\"WebPage\",\"@id\":\"https:\/\/www.maitri.pl\/projekt\/leki-kamerun\/\",\"url\":\"https:\/\/www.maitri.pl\/projekt\/leki-kamerun\/\",\"name\":\"Leki dla potrzebuj\u0105cych! Wesprzyj pacjent\u00f3w z Koudandeng w Kamerunie\",\"isPartOf\":{\"@id\":\"https:\/\/www.maitri.pl\/#website\"},\"primaryImageOfPage\":{\"@id\":\"https:\/\/www.maitri.pl\/projekt\/leki-kamerun\/#primaryimage\"},\"image\":{\"@id\":\"https:\/\/www.maitri.pl\/projekt\/leki-kamerun\/#primaryimage\"},\"thumbnailUrl\":\"https:\/\/www.maitri.pl\/wp-content\/uploads\/2024\/05\/131-karml-foto4.jpg\",\"datePublished\":\"2024-05-28T07:01:39+00:00\",\"dateModified\":\"2025-03-31T12:18:48+00:00\",\"description\":\"Leki dla potrzebuj\u0105cych! Wesprzyj pacjent\u00f3w O\u015brodka Zdrowia w Koudandeng w Kamerunie. O pomoc prosz\u0105 Siostry Karmelitanki Dzieci\u0105tka Jezus.\",\"breadcrumb\":{\"@id\":\"https:\/\/www.maitri.pl\/projekt\/leki-kamerun\/#breadcrumb\"},\"inLanguage\":\"fr-FR\",\"potentialAction\":[{\"@type\":\"ReadAction\",\"target\":[\"https:\/\/www.maitri.pl\/projekt\/leki-kamerun\/\"]}]},{\"@type\":\"ImageObject\",\"inLanguage\":\"fr-FR\",\"@id\":\"https:\/\/www.maitri.pl\/projekt\/leki-kamerun\/#primaryimage\",\"url\":\"https:\/\/www.maitri.pl\/wp-content\/uploads\/2024\/05\/131-karml-foto4.jpg\",\"contentUrl\":\"https:\/\/www.maitri.pl\/wp-content\/uploads\/2024\/05\/131-karml-foto4.jpg\",\"width\":1080,\"height\":810,\"caption\":\"Leki dla potrzebuj\u0105cych! Wesprzyj pacjent\u00f3w O\u015brodka Zdrowia w Koudandeng, Kamerun pomoc Afryce Adopcja Serca Maitri ja\u0142mu\u017cna Adopcja duchowa 01\"},{\"@type\":\"BreadcrumbList\",\"@id\":\"https:\/\/www.maitri.pl\/projekt\/leki-kamerun\/#breadcrumb\",\"itemListElement\":[{\"@type\":\"ListItem\",\"position\":1,\"name\":\"Strona g\u0142\u00f3wna\",\"item\":\"https:\/\/www.maitri.pl\/\"},{\"@type\":\"ListItem\",\"position\":2,\"name\":\"Sklep\",\"item\":\"https:\/\/www.maitri.pl\/sklep\/\"},{\"@type\":\"ListItem\",\"position\":3,\"name\":\"Leki dla potrzebuj\u0105cych! Wesprzyj pacjent\u00f3w O\u015brodka Zdrowia w Koudandeng\"}]},{\"@type\":\"WebSite\",\"@id\":\"https:\/\/www.maitri.pl\/#website\",\"url\":\"https:\/\/www.maitri.pl\/\",\"name\":\"Adopcja Serca Maitri \u2013 pomoc dzieciom w Afryce\",\"description\":\"Adopcja Serca \u2013 adopcja na odleg\u0142o\u015b\u0107, pomoc Afryce, do\u017cywianie i edukacja w Afryce\",\"publisher\":{\"@id\":\"https:\/\/www.maitri.pl\/#organization\"},\"potentialAction\":[{\"@type\":\"SearchAction\",\"target\":{\"@type\":\"EntryPoint\",\"urlTemplate\":\"https:\/\/www.maitri.pl\/?s={search_term_string}\"},\"query-input\":{\"@type\":\"PropertyValueSpecification\",\"valueRequired\":true,\"valueName\":\"search_term_string\"}}],\"inLanguage\":\"fr-FR\"},{\"@type\":\"Organization\",\"@id\":\"https:\/\/www.maitri.pl\/#organization\",\"name\":\"Stowarzyszenie Ruchu Maitri\",\"url\":\"https:\/\/www.maitri.pl\/\",\"logo\":{\"@type\":\"ImageObject\",\"inLanguage\":\"fr-FR\",\"@id\":\"https:\/\/www.maitri.pl\/#\/schema\/logo\/image\/\",\"url\":\"https:\/\/www.maitri.pl\/wp-content\/uploads\/2020\/04\/duze_logo-81.png\",\"contentUrl\":\"https:\/\/www.maitri.pl\/wp-content\/uploads\/2020\/04\/duze_logo-81.png\",\"width\":339,\"height\":321,\"caption\":\"Stowarzyszenie Ruchu Maitri\"},\"image\":{\"@id\":\"https:\/\/www.maitri.pl\/#\/schema\/logo\/image\/\"},\"sameAs\":[\"https:\/\/www.facebook.com\/MAITRI.Adopcja.Serca.dzieci.Afryki\/\"]}]}<\/script>\n<!-- \/ Yoast SEO plugin. -->","yoast_head_json":{"title":"Leki dla potrzebuj\u0105cych! Wesprzyj pacjent\u00f3w z Koudandeng w Kamerunie","description":"Leki dla potrzebuj\u0105cych! Wesprzyj pacjent\u00f3w O\u015brodka Zdrowia w Koudandeng w Kamerunie. O pomoc prosz\u0105 Siostry Karmelitanki Dzieci\u0105tka Jezus.","robots":{"index":"index","follow":"follow","max-snippet":"max-snippet:-1","max-image-preview":"max-image-preview:large","max-video-preview":"max-video-preview:-1"},"canonical":"https:\/\/www.maitri.pl\/projekt\/leki-kamerun\/","og_locale":"fr_FR","og_type":"article","og_title":"Leki dla potrzebuj\u0105cych! Wesprzyj pacjent\u00f3w z Koudandeng w Kamerunie","og_description":"Leki dla potrzebuj\u0105cych! Wesprzyj pacjent\u00f3w O\u015brodka Zdrowia w Koudandeng w Kamerunie. O pomoc prosz\u0105 Siostry Karmelitanki Dzieci\u0105tka Jezus.","og_url":"https:\/\/www.maitri.pl\/projekt\/leki-kamerun\/","og_site_name":"Ruch Maitri - Adopcja Serca pomoc Afryce","article_publisher":"https:\/\/www.facebook.com\/MAITRI.Adopcja.Serca.dzieci.Afryki\/","article_modified_time":"2025-03-31T12:18:48+00:00","og_image":[{"width":1080,"height":810,"url":"https:\/\/www.maitri.pl\/wp-content\/uploads\/2024\/05\/131-karml-foto4.jpg","type":"image\/jpeg"}],"twitter_card":"summary_large_image","twitter_misc":{"Dur\u00e9e de lecture estim\u00e9e":"3 minutes"},"schema":{"@context":"https:\/\/schema.org","@graph":[{"@type":"WebPage","@id":"https:\/\/www.maitri.pl\/projekt\/leki-kamerun\/","url":"https:\/\/www.maitri.pl\/projekt\/leki-kamerun\/","name":"Leki dla potrzebuj\u0105cych! Wesprzyj pacjent\u00f3w z Koudandeng w Kamerunie","isPartOf":{"@id":"https:\/\/www.maitri.pl\/#website"},"primaryImageOfPage":{"@id":"https:\/\/www.maitri.pl\/projekt\/leki-kamerun\/#primaryimage"},"image":{"@id":"https:\/\/www.maitri.pl\/projekt\/leki-kamerun\/#primaryimage"},"thumbnailUrl":"https:\/\/www.maitri.pl\/wp-content\/uploads\/2024\/05\/131-karml-foto4.jpg","datePublished":"2024-05-28T07:01:39+00:00","dateModified":"2025-03-31T12:18:48+00:00","description":"Leki dla potrzebuj\u0105cych! Wesprzyj pacjent\u00f3w O\u015brodka Zdrowia w Koudandeng w Kamerunie. O pomoc prosz\u0105 Siostry Karmelitanki Dzieci\u0105tka Jezus.","breadcrumb":{"@id":"https:\/\/www.maitri.pl\/projekt\/leki-kamerun\/#breadcrumb"},"inLanguage":"fr-FR","potentialAction":[{"@type":"ReadAction","target":["https:\/\/www.maitri.pl\/projekt\/leki-kamerun\/"]}]},{"@type":"ImageObject","inLanguage":"fr-FR","@id":"https:\/\/www.maitri.pl\/projekt\/leki-kamerun\/#primaryimage","url":"https:\/\/www.maitri.pl\/wp-content\/uploads\/2024\/05\/131-karml-foto4.jpg","contentUrl":"https:\/\/www.maitri.pl\/wp-content\/uploads\/2024\/05\/131-karml-foto4.jpg","width":1080,"height":810,"caption":"Leki dla potrzebuj\u0105cych! Wesprzyj pacjent\u00f3w O\u015brodka Zdrowia w Koudandeng, Kamerun pomoc Afryce Adopcja Serca Maitri ja\u0142mu\u017cna Adopcja duchowa 01"},{"@type":"BreadcrumbList","@id":"https:\/\/www.maitri.pl\/projekt\/leki-kamerun\/#breadcrumb","itemListElement":[{"@type":"ListItem","position":1,"name":"Strona g\u0142\u00f3wna","item":"https:\/\/www.maitri.pl\/"},{"@type":"ListItem","position":2,"name":"Sklep","item":"https:\/\/www.maitri.pl\/sklep\/"},{"@type":"ListItem","position":3,"name":"Leki dla potrzebuj\u0105cych! Wesprzyj pacjent\u00f3w O\u015brodka Zdrowia w Koudandeng"}]},{"@type":"WebSite","@id":"https:\/\/www.maitri.pl\/#website","url":"https:\/\/www.maitri.pl\/","name":"Adopcja Serca Maitri \u2013 pomoc dzieciom w Afryce","description":"Adopcja Serca \u2013 adopcja na odleg\u0142o\u015b\u0107, pomoc Afryce, do\u017cywianie i edukacja w Afryce","publisher":{"@id":"https:\/\/www.maitri.pl\/#organization"},"potentialAction":[{"@type":"SearchAction","target":{"@type":"EntryPoint","urlTemplate":"https:\/\/www.maitri.pl\/?s={search_term_string}"},"query-input":{"@type":"PropertyValueSpecification","valueRequired":true,"valueName":"search_term_string"}}],"inLanguage":"fr-FR"},{"@type":"Organization","@id":"https:\/\/www.maitri.pl\/#organization","name":"Stowarzyszenie Ruchu Maitri","url":"https:\/\/www.maitri.pl\/","logo":{"@type":"ImageObject","inLanguage":"fr-FR","@id":"https:\/\/www.maitri.pl\/#\/schema\/logo\/image\/","url":"https:\/\/www.maitri.pl\/wp-content\/uploads\/2020\/04\/duze_logo-81.png","contentUrl":"https:\/\/www.maitri.pl\/wp-content\/uploads\/2020\/04\/duze_logo-81.png","width":339,"height":321,"caption":"Stowarzyszenie Ruchu Maitri"},"image":{"@id":"https:\/\/www.maitri.pl\/#\/schema\/logo\/image\/"},"sameAs":["https:\/\/www.facebook.com\/MAITRI.Adopcja.Serca.dzieci.Afryki\/"]}]}},"_links":{"self":[{"href":"https:\/\/www.maitri.pl\/fr\/wp-json\/wp\/v2\/product\/31452","targetHints":{"allow":["GET"]}}],"collection":[{"href":"https:\/\/www.maitri.pl\/fr\/wp-json\/wp\/v2\/product"}],"about":[{"href":"https:\/\/www.maitri.pl\/fr\/wp-json\/wp\/v2\/types\/product"}],"wp:featuredmedia":[{"embeddable":true,"href":"https:\/\/www.maitri.pl\/fr\/wp-json\/wp\/v2\/media\/31462"}],"wp:attachment":[{"href":"https:\/\/www.maitri.pl\/fr\/wp-json\/wp\/v2\/media?parent=31452"}],"wp:term":[{"taxonomy":"product_brand","embeddable":true,"href":"https:\/\/www.maitri.pl\/fr\/wp-json\/wp\/v2\/product_brand?post=31452"},{"taxonomy":"product_cat","embeddable":true,"href":"https:\/\/www.maitri.pl\/fr\/wp-json\/wp\/v2\/product_cat?post=31452"},{"taxonomy":"product_tag","embeddable":true,"href":"https:\/\/www.maitri.pl\/fr\/wp-json\/wp\/v2\/product_tag?post=31452"}],"curies":[{"name":"wp","href":"https:\/\/api.w.org\/{rel}","templated":true}]}}