{"id":30981,"date":"2024-03-05T23:03:52","date_gmt":"2024-03-05T22:03:52","guid":{"rendered":"https:\/\/www.maitri.pl\/?post_type=product&#038;p=30981"},"modified":"2025-03-31T14:18:22","modified_gmt":"2025-03-31T12:18:22","slug":"leczenie-kamerun","status":"publish","type":"product","link":"https:\/\/www.maitri.pl\/fr\/projekt\/leczenie-kamerun\/","title":{"rendered":"Leczenie i transport chorych do przychodni zdrowia w Djouth w Kamerunie"},"content":{"rendered":"<h4>Wiele kilometr\u00f3w bez dr\u00f3g<\/h4>\n<p>Kontynuujemy projekt pomocy ludziom ubogim, kt\u00f3rych nie sta\u0107 na leczenie szpitalne i pokrycie koszt\u00f3w transportu do szpitala. Wielokrotnie zwraca\u0142am si\u0119 z pro\u015bb\u0105 o pomoc na ten cel ze wzgl\u0119du na okoliczno\u015bci po\u0142o\u017cenia naszej misji. Djouth le\u017cy w du\u017cej odleg\u0142o\u015bci od szpitali w du\u017cych miastach. Odleg\u0142o\u015b\u0107 z Djouth do Bertoua to ok. 120 km, do Batouri ok. 100 km w jedn\u0105 stron\u0119. Na przebycie tego odcinka potrzebujemy ok. 2 godzin autem. Droga jest zaniedbana, opuszczona, podziurawiona. Nikt nie naprawia jej ju\u017c od 2 lat. Sp\u00f3\u0142ki le\u015bne, kt\u00f3re wcze\u015bniej si\u0119 tym zajmowa\u0142y, ju\u017c dawno upad\u0142y. W konsekwencji nie ma tu prawie \u017cadnej komunikacji.<\/p>\n<h4>Skazani na \u015bmier\u0107<\/h4>\n<p>Chorzy, kt\u00f3rzy przychodz\u0105 do naszej przychodni, pokonuj\u0105 niejednokrotnie nawet 40-80 km. Zwykle robi\u0105 to pieszo lub motorem, aby otrzyma\u0107 pomoc i zacz\u0105\u0107 leczenie. Wi\u0119kszo\u015b\u0107 to ludzie z wiosek lub Pigmeje Baka. Tylko nieliczni s\u0105 w stanie op\u0142aci\u0107 zakup podstawowych lekarstw.\u00a0 Natomiast w momencie zagro\u017cenia \u017cycia, a zw\u0142aszcza konieczno\u015bci interwencji chirurgicznej, tylko nieliczni s\u0105 w stanie sobie poradzi\u0107 i zorganizowa\u0107 transport. Tak jak ju\u017c wspomnia\u0142am, chorzy wymagaj\u0105cy ewakuacji do szpitala w mie\u015bcie, cz\u0119sto nie s\u0105 w stanie pokry\u0107 ani koszt\u00f3w leczenia, ani transportu do odleg\u0142ego szpitala. Bez tej pomocy niejednokrotnie s\u0105 skazani na \u015bmier\u0107.<\/p>\n<h4>Leczenie i transport<\/h4>\n<p>Przeci\u0119tnie co roku z naszego transportu korzysta ok. 50 do 70 chorych, kt\u00f3rzy wymagaj\u0105 konsultacji oraz leczenia specjalistycznego w odleg\u0142ej plac\u00f3wce. Z tego ok. 5 do 6 os\u00f3b na miesi\u0105c bywa ewakuowana do szpitala w mie\u015bcie w celu zapewnienia lepszej diagnostyki i opieki medycznej. St\u0105d moja pro\u015bba na pomoc w finansowaniu leczenia i przewozu chorych do szpitala.<\/p>\n<p><img loading=\"lazy\" decoding=\"async\" class=\"wp-image-30982 size-full alignleft\" src=\"https:\/\/www.maitri.pl\/wp-content\/uploads\/2024\/03\/162-crys.png\" alt=\"\" width=\"952\" height=\"280\" srcset=\"https:\/\/www.maitri.pl\/wp-content\/uploads\/2024\/03\/162-crys.png 952w, https:\/\/www.maitri.pl\/wp-content\/uploads\/2024\/03\/162-crys-300x88.png 300w, https:\/\/www.maitri.pl\/wp-content\/uploads\/2024\/03\/162-crys-768x226.png 768w, https:\/\/www.maitri.pl\/wp-content\/uploads\/2024\/03\/162-crys-600x176.png 600w\" sizes=\"auto, (max-width: 952px) 100vw, 952px\" \/><\/p>\n<p>Siostra Donata Zofia Krupa<em>, <a href=\"https:\/\/www.zyciezakonne.pl\/informator\/zakony-zenskie\/zgromadzenie-siostr-najswietszej-duszy-chrystusa-pana-525\/\" target=\"_blank\" rel=\"noopener noreferrer\">Zgromadzenie Si\u00f3str Naj\u015bwi\u0119tszej Duszy Chrystusa Pana<\/a><\/em><\/p>\n<p><strong>Podsumowanie w miejscowej walucie: 2 075 000 frank\u00f3w CFA<\/strong><\/p>\n<p style=\"text-align: justify;\" align=\"JUSTIFY\"><span style=\"color: #ff0000;\"><span style=\"font-size: large;\"><b>Kwota projektu: 4 780 \u20ac<br \/>\n<\/b><\/span><\/span><\/p>\n<p style=\"text-align: justify;\"><strong>Numer projektu: 162\/CHRYS<\/strong><\/p>\n<p style=\"text-align: justify;\" align=\"JUSTIFY\"><span style=\"color: #808080;\">Stowarzyszenie Ruchu\u00a0<em>Maitri<\/em>\u00a0przeznacza do 10% otrzymanych \u015brodk\u00f3w na koszty funkcjonowania biura i pozyskiwanie funduszy pomocowych.<\/span><\/p>\n<h3 style=\"text-align: justify;\" align=\"JUSTIFY\"><span style=\"color: #808080;\">Leczenie i transport chorych w przychodni zdrowia w Djouth w Kamerunie<\/span><\/h3>\n","protected":false},"excerpt":{"rendered":"<p><strong>Projekt:\u00a0<\/strong> <em>s. Donata Zofia Krupa, <a href=\"https:\/\/www.zyciezakonne.pl\/informator\/zakony-zenskie\/zgromadzenie-siostr-najswietszej-duszy-chrystusa-pana-525\/\" target=\"_blank\" rel=\"noopener noreferrer\">Zgromadzenie Si\u00f3str Naj\u015bwi\u0119tszej Duszy Chrystusa Pana<\/a><\/em><br \/>\n<strong>Misja:<\/strong> Djouth, <a href=\"https:\/\/www.maitri.pl\/gdzie-pomagamy\/\" target=\"_blank\" rel=\"noopener noreferrer\">Kamerun<\/a><br \/>\n<strong>Kwota projektu: <span style=\"color: #ff0000;\">4 780 \u20ac<\/span><\/strong><\/p>\n","protected":false},"featured_media":30988,"template":"","meta":[],"product_brand":[],"product_cat":[656],"product_tag":[730,658,991,660],"class_list":{"0":"post-30981","1":"product","2":"type-product","3":"status-publish","4":"has-post-thumbnail","6":"product_cat-bez-kategorii","7":"product_tag-djouth","8":"product_tag-kamerun","9":"product_tag-siostra-donata-zofia-krupa","10":"product_tag-zgromadzenie-siostr-najswietszej-duszy-chrystusa-pana","12":"first","13":"instock","14":"virtual","15":"purchasable","16":"product-type-simple"},"yoast_head":"<!-- This site is optimized with the Yoast SEO plugin v27.2 - https:\/\/yoast.com\/product\/yoast-seo-wordpress\/ -->\n<title>Leczenie i transport chorych do przychodni zdrowia w Djouth w Kamerunie<\/title>\n<meta name=\"description\" content=\"Leczenie i transport chorych do przychodni zdrowia w Djouth w Kamerunie. O pomoc prosz\u0105 Siostry Kanoniczki Ducha \u015aw. Ka\u017cda z\u0142ot\u00f3wka pomaga!\" \/>\n<meta name=\"robots\" content=\"index, follow, max-snippet:-1, max-image-preview:large, max-video-preview:-1\" \/>\n<link rel=\"canonical\" href=\"https:\/\/www.maitri.pl\/projekt\/leczenie-kamerun\/\" \/>\n<meta property=\"og:locale\" content=\"fr_FR\" \/>\n<meta property=\"og:type\" content=\"article\" \/>\n<meta property=\"og:title\" content=\"Leczenie i transport chorych do przychodni zdrowia w Djouth w Kamerunie\" \/>\n<meta property=\"og:description\" content=\"Leczenie i transport chorych do przychodni zdrowia w Djouth w Kamerunie. O pomoc prosz\u0105 Siostry Kanoniczki Ducha \u015aw. Ka\u017cda z\u0142ot\u00f3wka pomaga!\" \/>\n<meta property=\"og:url\" content=\"https:\/\/www.maitri.pl\/projekt\/leczenie-kamerun\/\" \/>\n<meta property=\"og:site_name\" content=\"Ruch Maitri - Adopcja Serca pomoc Afryce\" \/>\n<meta property=\"article:publisher\" content=\"https:\/\/www.facebook.com\/MAITRI.Adopcja.Serca.dzieci.Afryki\/\" \/>\n<meta property=\"article:modified_time\" content=\"2025-03-31T12:18:22+00:00\" \/>\n<meta property=\"og:image\" content=\"https:\/\/www.maitri.pl\/wp-content\/uploads\/2024\/03\/162-chrys-2.jpg\" \/>\n\t<meta property=\"og:image:width\" content=\"1599\" \/>\n\t<meta property=\"og:image:height\" content=\"1200\" \/>\n\t<meta property=\"og:image:type\" content=\"image\/jpeg\" \/>\n<meta name=\"twitter:card\" content=\"summary_large_image\" \/>\n<meta name=\"twitter:label1\" content=\"Dur\u00e9e de lecture estim\u00e9e\" \/>\n\t<meta name=\"twitter:data1\" content=\"3 minutes\" \/>\n<script type=\"application\/ld+json\" class=\"yoast-schema-graph\">{\"@context\":\"https:\/\/schema.org\",\"@graph\":[{\"@type\":\"WebPage\",\"@id\":\"https:\/\/www.maitri.pl\/projekt\/leczenie-kamerun\/\",\"url\":\"https:\/\/www.maitri.pl\/projekt\/leczenie-kamerun\/\",\"name\":\"Leczenie i transport chorych do przychodni zdrowia w Djouth w Kamerunie\",\"isPartOf\":{\"@id\":\"https:\/\/www.maitri.pl\/#website\"},\"primaryImageOfPage\":{\"@id\":\"https:\/\/www.maitri.pl\/projekt\/leczenie-kamerun\/#primaryimage\"},\"image\":{\"@id\":\"https:\/\/www.maitri.pl\/projekt\/leczenie-kamerun\/#primaryimage\"},\"thumbnailUrl\":\"https:\/\/www.maitri.pl\/wp-content\/uploads\/2024\/03\/162-chrys-2.jpg\",\"datePublished\":\"2024-03-05T22:03:52+00:00\",\"dateModified\":\"2025-03-31T12:18:22+00:00\",\"description\":\"Leczenie i transport chorych do przychodni zdrowia w Djouth w Kamerunie. O pomoc prosz\u0105 Siostry Kanoniczki Ducha \u015aw. Ka\u017cda z\u0142ot\u00f3wka pomaga!\",\"breadcrumb\":{\"@id\":\"https:\/\/www.maitri.pl\/projekt\/leczenie-kamerun\/#breadcrumb\"},\"inLanguage\":\"fr-FR\",\"potentialAction\":[{\"@type\":\"ReadAction\",\"target\":[\"https:\/\/www.maitri.pl\/projekt\/leczenie-kamerun\/\"]}]},{\"@type\":\"ImageObject\",\"inLanguage\":\"fr-FR\",\"@id\":\"https:\/\/www.maitri.pl\/projekt\/leczenie-kamerun\/#primaryimage\",\"url\":\"https:\/\/www.maitri.pl\/wp-content\/uploads\/2024\/03\/162-chrys-2.jpg\",\"contentUrl\":\"https:\/\/www.maitri.pl\/wp-content\/uploads\/2024\/03\/162-chrys-2.jpg\",\"width\":1599,\"height\":1200,\"caption\":\"Leczenie i transport chorych do przychodni zdrowia w Djouth w Kamerunie pomoc Afryce Adopcja Serca Maitri 01\"},{\"@type\":\"BreadcrumbList\",\"@id\":\"https:\/\/www.maitri.pl\/projekt\/leczenie-kamerun\/#breadcrumb\",\"itemListElement\":[{\"@type\":\"ListItem\",\"position\":1,\"name\":\"Strona g\u0142\u00f3wna\",\"item\":\"https:\/\/www.maitri.pl\/\"},{\"@type\":\"ListItem\",\"position\":2,\"name\":\"Sklep\",\"item\":\"https:\/\/www.maitri.pl\/sklep\/\"},{\"@type\":\"ListItem\",\"position\":3,\"name\":\"Leczenie i transport chorych do przychodni zdrowia w Djouth w Kamerunie\"}]},{\"@type\":\"WebSite\",\"@id\":\"https:\/\/www.maitri.pl\/#website\",\"url\":\"https:\/\/www.maitri.pl\/\",\"name\":\"Adopcja Serca Maitri \u2013 pomoc dzieciom w Afryce\",\"description\":\"Adopcja Serca \u2013 adopcja na odleg\u0142o\u015b\u0107, pomoc Afryce, do\u017cywianie i edukacja w Afryce\",\"publisher\":{\"@id\":\"https:\/\/www.maitri.pl\/#organization\"},\"potentialAction\":[{\"@type\":\"SearchAction\",\"target\":{\"@type\":\"EntryPoint\",\"urlTemplate\":\"https:\/\/www.maitri.pl\/?s={search_term_string}\"},\"query-input\":{\"@type\":\"PropertyValueSpecification\",\"valueRequired\":true,\"valueName\":\"search_term_string\"}}],\"inLanguage\":\"fr-FR\"},{\"@type\":\"Organization\",\"@id\":\"https:\/\/www.maitri.pl\/#organization\",\"name\":\"Stowarzyszenie Ruchu Maitri\",\"url\":\"https:\/\/www.maitri.pl\/\",\"logo\":{\"@type\":\"ImageObject\",\"inLanguage\":\"fr-FR\",\"@id\":\"https:\/\/www.maitri.pl\/#\/schema\/logo\/image\/\",\"url\":\"https:\/\/www.maitri.pl\/wp-content\/uploads\/2020\/04\/duze_logo-81.png\",\"contentUrl\":\"https:\/\/www.maitri.pl\/wp-content\/uploads\/2020\/04\/duze_logo-81.png\",\"width\":339,\"height\":321,\"caption\":\"Stowarzyszenie Ruchu Maitri\"},\"image\":{\"@id\":\"https:\/\/www.maitri.pl\/#\/schema\/logo\/image\/\"},\"sameAs\":[\"https:\/\/www.facebook.com\/MAITRI.Adopcja.Serca.dzieci.Afryki\/\"]}]}<\/script>\n<!-- \/ Yoast SEO plugin. -->","yoast_head_json":{"title":"Leczenie i transport chorych do przychodni zdrowia w Djouth w Kamerunie","description":"Leczenie i transport chorych do przychodni zdrowia w Djouth w Kamerunie. O pomoc prosz\u0105 Siostry Kanoniczki Ducha \u015aw. Ka\u017cda z\u0142ot\u00f3wka pomaga!","robots":{"index":"index","follow":"follow","max-snippet":"max-snippet:-1","max-image-preview":"max-image-preview:large","max-video-preview":"max-video-preview:-1"},"canonical":"https:\/\/www.maitri.pl\/projekt\/leczenie-kamerun\/","og_locale":"fr_FR","og_type":"article","og_title":"Leczenie i transport chorych do przychodni zdrowia w Djouth w Kamerunie","og_description":"Leczenie i transport chorych do przychodni zdrowia w Djouth w Kamerunie. O pomoc prosz\u0105 Siostry Kanoniczki Ducha \u015aw. Ka\u017cda z\u0142ot\u00f3wka pomaga!","og_url":"https:\/\/www.maitri.pl\/projekt\/leczenie-kamerun\/","og_site_name":"Ruch Maitri - Adopcja Serca pomoc Afryce","article_publisher":"https:\/\/www.facebook.com\/MAITRI.Adopcja.Serca.dzieci.Afryki\/","article_modified_time":"2025-03-31T12:18:22+00:00","og_image":[{"width":1599,"height":1200,"url":"https:\/\/www.maitri.pl\/wp-content\/uploads\/2024\/03\/162-chrys-2.jpg","type":"image\/jpeg"}],"twitter_card":"summary_large_image","twitter_misc":{"Dur\u00e9e de lecture estim\u00e9e":"3 minutes"},"schema":{"@context":"https:\/\/schema.org","@graph":[{"@type":"WebPage","@id":"https:\/\/www.maitri.pl\/projekt\/leczenie-kamerun\/","url":"https:\/\/www.maitri.pl\/projekt\/leczenie-kamerun\/","name":"Leczenie i transport chorych do przychodni zdrowia w Djouth w Kamerunie","isPartOf":{"@id":"https:\/\/www.maitri.pl\/#website"},"primaryImageOfPage":{"@id":"https:\/\/www.maitri.pl\/projekt\/leczenie-kamerun\/#primaryimage"},"image":{"@id":"https:\/\/www.maitri.pl\/projekt\/leczenie-kamerun\/#primaryimage"},"thumbnailUrl":"https:\/\/www.maitri.pl\/wp-content\/uploads\/2024\/03\/162-chrys-2.jpg","datePublished":"2024-03-05T22:03:52+00:00","dateModified":"2025-03-31T12:18:22+00:00","description":"Leczenie i transport chorych do przychodni zdrowia w Djouth w Kamerunie. O pomoc prosz\u0105 Siostry Kanoniczki Ducha \u015aw. Ka\u017cda z\u0142ot\u00f3wka pomaga!","breadcrumb":{"@id":"https:\/\/www.maitri.pl\/projekt\/leczenie-kamerun\/#breadcrumb"},"inLanguage":"fr-FR","potentialAction":[{"@type":"ReadAction","target":["https:\/\/www.maitri.pl\/projekt\/leczenie-kamerun\/"]}]},{"@type":"ImageObject","inLanguage":"fr-FR","@id":"https:\/\/www.maitri.pl\/projekt\/leczenie-kamerun\/#primaryimage","url":"https:\/\/www.maitri.pl\/wp-content\/uploads\/2024\/03\/162-chrys-2.jpg","contentUrl":"https:\/\/www.maitri.pl\/wp-content\/uploads\/2024\/03\/162-chrys-2.jpg","width":1599,"height":1200,"caption":"Leczenie i transport chorych do przychodni zdrowia w Djouth w Kamerunie pomoc Afryce Adopcja Serca Maitri 01"},{"@type":"BreadcrumbList","@id":"https:\/\/www.maitri.pl\/projekt\/leczenie-kamerun\/#breadcrumb","itemListElement":[{"@type":"ListItem","position":1,"name":"Strona g\u0142\u00f3wna","item":"https:\/\/www.maitri.pl\/"},{"@type":"ListItem","position":2,"name":"Sklep","item":"https:\/\/www.maitri.pl\/sklep\/"},{"@type":"ListItem","position":3,"name":"Leczenie i transport chorych do przychodni zdrowia w Djouth w Kamerunie"}]},{"@type":"WebSite","@id":"https:\/\/www.maitri.pl\/#website","url":"https:\/\/www.maitri.pl\/","name":"Adopcja Serca Maitri \u2013 pomoc dzieciom w Afryce","description":"Adopcja Serca \u2013 adopcja na odleg\u0142o\u015b\u0107, pomoc Afryce, do\u017cywianie i edukacja w Afryce","publisher":{"@id":"https:\/\/www.maitri.pl\/#organization"},"potentialAction":[{"@type":"SearchAction","target":{"@type":"EntryPoint","urlTemplate":"https:\/\/www.maitri.pl\/?s={search_term_string}"},"query-input":{"@type":"PropertyValueSpecification","valueRequired":true,"valueName":"search_term_string"}}],"inLanguage":"fr-FR"},{"@type":"Organization","@id":"https:\/\/www.maitri.pl\/#organization","name":"Stowarzyszenie Ruchu Maitri","url":"https:\/\/www.maitri.pl\/","logo":{"@type":"ImageObject","inLanguage":"fr-FR","@id":"https:\/\/www.maitri.pl\/#\/schema\/logo\/image\/","url":"https:\/\/www.maitri.pl\/wp-content\/uploads\/2020\/04\/duze_logo-81.png","contentUrl":"https:\/\/www.maitri.pl\/wp-content\/uploads\/2020\/04\/duze_logo-81.png","width":339,"height":321,"caption":"Stowarzyszenie Ruchu Maitri"},"image":{"@id":"https:\/\/www.maitri.pl\/#\/schema\/logo\/image\/"},"sameAs":["https:\/\/www.facebook.com\/MAITRI.Adopcja.Serca.dzieci.Afryki\/"]}]}},"_links":{"self":[{"href":"https:\/\/www.maitri.pl\/fr\/wp-json\/wp\/v2\/product\/30981","targetHints":{"allow":["GET"]}}],"collection":[{"href":"https:\/\/www.maitri.pl\/fr\/wp-json\/wp\/v2\/product"}],"about":[{"href":"https:\/\/www.maitri.pl\/fr\/wp-json\/wp\/v2\/types\/product"}],"wp:featuredmedia":[{"embeddable":true,"href":"https:\/\/www.maitri.pl\/fr\/wp-json\/wp\/v2\/media\/30988"}],"wp:attachment":[{"href":"https:\/\/www.maitri.pl\/fr\/wp-json\/wp\/v2\/media?parent=30981"}],"wp:term":[{"taxonomy":"product_brand","embeddable":true,"href":"https:\/\/www.maitri.pl\/fr\/wp-json\/wp\/v2\/product_brand?post=30981"},{"taxonomy":"product_cat","embeddable":true,"href":"https:\/\/www.maitri.pl\/fr\/wp-json\/wp\/v2\/product_cat?post=30981"},{"taxonomy":"product_tag","embeddable":true,"href":"https:\/\/www.maitri.pl\/fr\/wp-json\/wp\/v2\/product_tag?post=30981"}],"curies":[{"name":"wp","href":"https:\/\/api.w.org\/{rel}","templated":true}]}}