{"id":30971,"date":"2024-03-05T22:07:30","date_gmt":"2024-03-05T21:07:30","guid":{"rendered":"https:\/\/www.maitri.pl\/?post_type=product&#038;p=30971"},"modified":"2025-03-31T14:18:14","modified_gmt":"2025-03-31T12:18:14","slug":"narzedzia-pracy-burundi","status":"publish","type":"product","link":"https:\/\/www.maitri.pl\/fr\/projekt\/narzedzia-pracy-burundi\/","title":{"rendered":"Narz\u0119dzia pracy dla absolwent\u00f3w szko\u0142y zawodowej w Buraniro"},"content":{"rendered":"<h4>Same umiej\u0119tno\u015bci nie wystarcz\u0105<\/h4>\n<p>Jak co roku zwracamy si\u0119 z gor\u0105c\u0105 pro\u015bb\u0105 o sfinansowanie narz\u0119dzi w podarunku dla absolwent\u00f3w naszej szko\u0142y zawodowej. Ta dodatkowa pomoc dla podopiecznych programu <a href=\"https:\/\/www.maitri.pl\/adopcja-serca\/\" target=\"_blank\" rel=\"noopener\">Adopcja Serca<\/a> misji Buraniro jest bardzo potrzebna. Szko\u0142a zawodowa pomaga zdoby\u0107 zaw\u00f3d. Niestety nie ma mo\u017cliwo\u015bci sfinansowania zakupu narz\u0119dzi dla uczni\u00f3w, kt\u00f3rzy uko\u0144czyli nauk\u0119, aby mogli otrzyma\u0107 je na w\u0142asno\u015b\u0107 i zabra\u0107 do domu. Ci, kt\u00f3rzy ko\u0144cz\u0105 nauk\u0119 zawodu w r\u00f3\u017cnych specjalizacjach, potrzebuj\u0105 sprz\u0119tu. Bez niego nie otworz\u0105 swoich warsztat\u00f3w. To zdolni ludzie, szybko opanowali sw\u00f3j fach. Dobre narz\u0119dzia to podstawa dla ka\u017cdego fachowca. Jednak umiej\u0119tno\u015bci nie wystarcz\u0105, gdy nie ma sprz\u0119tu.<\/p>\n<h4>Narz\u0119dzia pracy potrzebne od zaraz<\/h4>\n<p>W tym roku Szko\u0142\u0119 \u017bycia uko\u0144czy 24 uczni\u00f3w. Potrzebuj\u0105 w\u0142asnych narz\u0119dzi, by m\u00f3c praktykowa\u0107 i zarobi\u0107 na \u017cycie po uko\u0144czeniu nauki. Pomoc, kt\u00f3r\u0105 otrzymuj\u0105 na nauk\u0119, wystarcza na bie\u017c\u0105ce wydatki, op\u0142at\u0119 nauczyciela, zakup materia\u0142\u00f3w do nauki. M\u0142odzie\u017c otrzyma te\u017c sto\u0142y, krzes\u0142a i \u0142\u00f3\u017cka. Nasza szko\u0142a pomaga zdoby\u0107 zaw\u00f3d, ale nie ma mo\u017cliwo\u015bci zapewnienia sprz\u0119tu uczniom.\u00a0Jak co roku zwracamy si\u0119 z gor\u0105c\u0105 pro\u015bb\u0105 o sfinansowanie narz\u0119dzi dla absolwent\u00f3w naszej szko\u0142y zawodowej. To wa\u017cne dla tej m\u0142odzie\u017cy, by mogli zarabia\u0107 i utrzymywa\u0107 siebie \u00a0i swoje rodziny z w\u0142asnej pracy.<\/p>\n<h4>Pom\u00f3\u017c im wystartowa\u0107<\/h4>\n<p>Potrzebne s\u0105 r\u00f3\u017cne narz\u0119dzia pracy. Ch\u0142opcy, kt\u00f3rzy uko\u0144cz\u0105 nauk\u0119 stolarza potrzebuj\u0105 hebel, d\u0142uta, m\u0142otek, pi\u0142a r\u0119czna, wiertark\u0119 r\u0119czn\u0105, wiert\u0142a, obc\u0119gi, pilniki. Z kolei dla dziewcz\u0105t po szkole krawieckiej potrzebne s\u0105 maszyny do szycia, no\u017cyce, centymetr krawiecki, nici i inne akcesoria krawieckie. Wa\u017cne dla tych m\u0142odych ludzi jest, by po szkole usamodzielnili si\u0119 i nie pozostawali bez pracy.<\/p>\n<p><img loading=\"lazy\" decoding=\"async\" class=\"alignnone wp-image-30972 size-full\" src=\"https:\/\/www.maitri.pl\/wp-content\/uploads\/2024\/03\/227-ducha.png\" alt=\"\" width=\"972\" height=\"163\" srcset=\"https:\/\/www.maitri.pl\/wp-content\/uploads\/2024\/03\/227-ducha.png 972w, https:\/\/www.maitri.pl\/wp-content\/uploads\/2024\/03\/227-ducha-300x50.png 300w, https:\/\/www.maitri.pl\/wp-content\/uploads\/2024\/03\/227-ducha-768x129.png 768w, https:\/\/www.maitri.pl\/wp-content\/uploads\/2024\/03\/227-ducha-600x101.png 600w\" sizes=\"auto, (max-width: 972px) 100vw, 972px\" \/><\/p>\n<p><em><strong>Podsumowanie w miejscowej walucie: 13 680 000 frank\u00f3w burundyjskich<\/strong><\/em><\/p>\n<p><em>Siostra Ezechiela Pyszka<\/em>, <a href=\"http:\/\/kanoniczki.pl\/index.php\/pojdz-za-mna\/moje-powolanie\/260-jestem-afrykanka\"> Zgromadzenie Si\u00f3str Kanoniczek Ducha \u015awi\u0119tego de Saxia<\/a>, misja Buraniro, <a href=\"https:\/\/www.maitri.pl\/gdzie-pomagamy\/\" target=\"_blank\" rel=\"noopener\">Burundi<\/a><\/p>\n<p style=\"text-align: justify;\" align=\"JUSTIFY\"><span style=\"color: #ff0000;\"><span style=\"font-size: large;\"><b>Kwota projektu: 4 175 \u20ac<br \/>\n<\/b><\/span><\/span><\/p>\n<p style=\"text-align: justify;\"><strong>Numer projektu: 227\/DUCHA<\/strong><\/p>\n<p style=\"text-align: justify;\" align=\"JUSTIFY\"><span style=\"color: #808080;\">Stowarzyszenie Ruchu\u00a0<em>Maitri<\/em>\u00a0przeznacza do 10% otrzymanych \u015brodk\u00f3w na koszty funkcjonowania biura i pozyskiwanie funduszy pomocowych.<\/span><\/p>\n<h3 style=\"text-align: justify;\" align=\"JUSTIFY\"><span style=\"color: #808080;\"><strong>Narz\u0119dzia pracy dla absolwent\u00f3w szko\u0142y zawodowej w Buraniro, Burundi<\/strong><\/span><\/h3>\n","protected":false},"excerpt":{"rendered":"<p><strong>Projekt:<\/strong> <em>Siostra Ezechiela Pyszka<\/em>, <a href=\"http:\/\/kanoniczki.pl\/index.php\/pojdz-za-mna\/moje-powolanie\/260-jestem-afrykanka\"> Zgromadzenie Si\u00f3str Kanoniczek Ducha \u015awi\u0119tego de Saxia<\/a><br \/>\n<strong>Misja:<\/strong> Buraniro, <a href=\"https:\/\/www.maitri.pl\/gdzie-pomagamy\/\" target=\"_blank\" rel=\"noopener noreferrer\">Burundi<\/a><br \/>\n<strong>Zbierana kwota: <span style=\"color: #ff0000;\">4 175 \u20ac<\/span><\/strong><\/p>\n","protected":false},"featured_media":30975,"template":"","meta":[],"product_brand":[],"product_cat":[656],"product_tag":[666,667,668,845],"class_list":{"0":"post-30971","1":"product","2":"type-product","3":"status-publish","4":"has-post-thumbnail","6":"product_cat-bez-kategorii","7":"product_tag-buraniro","8":"product_tag-burundi","9":"product_tag-siostra-ezechiela-pyszka","10":"product_tag-zgromadzenie-siostr-kanoniczek-ducha-swietego","12":"first","13":"instock","14":"virtual","15":"purchasable","16":"product-type-simple"},"yoast_head":"<!-- This site is optimized with the Yoast SEO plugin v27.2 - https:\/\/yoast.com\/product\/yoast-seo-wordpress\/ -->\n<title>Narz\u0119dzia pracy dla absolwent\u00f3w szko\u0142y zawodowej w Buraniro<\/title>\n<meta name=\"description\" content=\"Narz\u0119dzia pracy dla absolwent\u00f3w szko\u0142y zawodowej w Buraniro, Burundi. O pomoc prosz\u0105 Siostry Kanoniczki Ducha \u015aw. Ka\u017cda z\u0142ot\u00f3wka pomaga!\" \/>\n<meta name=\"robots\" content=\"index, follow, max-snippet:-1, max-image-preview:large, max-video-preview:-1\" \/>\n<link rel=\"canonical\" href=\"https:\/\/www.maitri.pl\/projekt\/narzedzia-pracy-burundi\/\" \/>\n<meta property=\"og:locale\" content=\"fr_FR\" \/>\n<meta property=\"og:type\" content=\"article\" \/>\n<meta property=\"og:title\" content=\"Narz\u0119dzia pracy dla absolwent\u00f3w szko\u0142y zawodowej w Buraniro\" \/>\n<meta property=\"og:description\" content=\"Narz\u0119dzia pracy dla absolwent\u00f3w szko\u0142y zawodowej w Buraniro, Burundi. O pomoc prosz\u0105 Siostry Kanoniczki Ducha \u015aw. Ka\u017cda z\u0142ot\u00f3wka pomaga!\" \/>\n<meta property=\"og:url\" content=\"https:\/\/www.maitri.pl\/projekt\/narzedzia-pracy-burundi\/\" \/>\n<meta property=\"og:site_name\" content=\"Ruch Maitri - Adopcja Serca pomoc Afryce\" \/>\n<meta property=\"article:publisher\" content=\"https:\/\/www.facebook.com\/MAITRI.Adopcja.Serca.dzieci.Afryki\/\" \/>\n<meta property=\"article:modified_time\" content=\"2025-03-31T12:18:14+00:00\" \/>\n<meta property=\"og:image\" content=\"https:\/\/www.maitri.pl\/wp-content\/uploads\/2024\/03\/227-ducha-2.jpg\" \/>\n\t<meta property=\"og:image:width\" content=\"2048\" \/>\n\t<meta property=\"og:image:height\" content=\"1536\" \/>\n\t<meta property=\"og:image:type\" content=\"image\/jpeg\" \/>\n<meta name=\"twitter:card\" content=\"summary_large_image\" \/>\n<meta name=\"twitter:label1\" content=\"Dur\u00e9e de lecture estim\u00e9e\" \/>\n\t<meta name=\"twitter:data1\" content=\"3 minutes\" \/>\n<script type=\"application\/ld+json\" class=\"yoast-schema-graph\">{\"@context\":\"https:\/\/schema.org\",\"@graph\":[{\"@type\":\"WebPage\",\"@id\":\"https:\/\/www.maitri.pl\/projekt\/narzedzia-pracy-burundi\/\",\"url\":\"https:\/\/www.maitri.pl\/projekt\/narzedzia-pracy-burundi\/\",\"name\":\"Narz\u0119dzia pracy dla absolwent\u00f3w szko\u0142y zawodowej w Buraniro\",\"isPartOf\":{\"@id\":\"https:\/\/www.maitri.pl\/#website\"},\"primaryImageOfPage\":{\"@id\":\"https:\/\/www.maitri.pl\/projekt\/narzedzia-pracy-burundi\/#primaryimage\"},\"image\":{\"@id\":\"https:\/\/www.maitri.pl\/projekt\/narzedzia-pracy-burundi\/#primaryimage\"},\"thumbnailUrl\":\"https:\/\/www.maitri.pl\/wp-content\/uploads\/2024\/03\/227-ducha-2.jpg\",\"datePublished\":\"2024-03-05T21:07:30+00:00\",\"dateModified\":\"2025-03-31T12:18:14+00:00\",\"description\":\"Narz\u0119dzia pracy dla absolwent\u00f3w szko\u0142y zawodowej w Buraniro, Burundi. O pomoc prosz\u0105 Siostry Kanoniczki Ducha \u015aw. Ka\u017cda z\u0142ot\u00f3wka pomaga!\",\"breadcrumb\":{\"@id\":\"https:\/\/www.maitri.pl\/projekt\/narzedzia-pracy-burundi\/#breadcrumb\"},\"inLanguage\":\"fr-FR\",\"potentialAction\":[{\"@type\":\"ReadAction\",\"target\":[\"https:\/\/www.maitri.pl\/projekt\/narzedzia-pracy-burundi\/\"]}]},{\"@type\":\"ImageObject\",\"inLanguage\":\"fr-FR\",\"@id\":\"https:\/\/www.maitri.pl\/projekt\/narzedzia-pracy-burundi\/#primaryimage\",\"url\":\"https:\/\/www.maitri.pl\/wp-content\/uploads\/2024\/03\/227-ducha-2.jpg\",\"contentUrl\":\"https:\/\/www.maitri.pl\/wp-content\/uploads\/2024\/03\/227-ducha-2.jpg\",\"width\":2048,\"height\":1536,\"caption\":\"Narz\u0119dzia pracy dla absolwent\u00f3w szko\u0142y zawodowej w Buraniro pomoc Afryce Adopcja Serca 01\"},{\"@type\":\"BreadcrumbList\",\"@id\":\"https:\/\/www.maitri.pl\/projekt\/narzedzia-pracy-burundi\/#breadcrumb\",\"itemListElement\":[{\"@type\":\"ListItem\",\"position\":1,\"name\":\"Strona g\u0142\u00f3wna\",\"item\":\"https:\/\/www.maitri.pl\/\"},{\"@type\":\"ListItem\",\"position\":2,\"name\":\"Sklep\",\"item\":\"https:\/\/www.maitri.pl\/sklep\/\"},{\"@type\":\"ListItem\",\"position\":3,\"name\":\"Narz\u0119dzia pracy dla absolwent\u00f3w szko\u0142y zawodowej w Buraniro\"}]},{\"@type\":\"WebSite\",\"@id\":\"https:\/\/www.maitri.pl\/#website\",\"url\":\"https:\/\/www.maitri.pl\/\",\"name\":\"Adopcja Serca Maitri \u2013 pomoc dzieciom w Afryce\",\"description\":\"Adopcja Serca \u2013 adopcja na odleg\u0142o\u015b\u0107, pomoc Afryce, do\u017cywianie i edukacja w Afryce\",\"publisher\":{\"@id\":\"https:\/\/www.maitri.pl\/#organization\"},\"potentialAction\":[{\"@type\":\"SearchAction\",\"target\":{\"@type\":\"EntryPoint\",\"urlTemplate\":\"https:\/\/www.maitri.pl\/?s={search_term_string}\"},\"query-input\":{\"@type\":\"PropertyValueSpecification\",\"valueRequired\":true,\"valueName\":\"search_term_string\"}}],\"inLanguage\":\"fr-FR\"},{\"@type\":\"Organization\",\"@id\":\"https:\/\/www.maitri.pl\/#organization\",\"name\":\"Stowarzyszenie Ruchu Maitri\",\"url\":\"https:\/\/www.maitri.pl\/\",\"logo\":{\"@type\":\"ImageObject\",\"inLanguage\":\"fr-FR\",\"@id\":\"https:\/\/www.maitri.pl\/#\/schema\/logo\/image\/\",\"url\":\"https:\/\/www.maitri.pl\/wp-content\/uploads\/2020\/04\/duze_logo-81.png\",\"contentUrl\":\"https:\/\/www.maitri.pl\/wp-content\/uploads\/2020\/04\/duze_logo-81.png\",\"width\":339,\"height\":321,\"caption\":\"Stowarzyszenie Ruchu Maitri\"},\"image\":{\"@id\":\"https:\/\/www.maitri.pl\/#\/schema\/logo\/image\/\"},\"sameAs\":[\"https:\/\/www.facebook.com\/MAITRI.Adopcja.Serca.dzieci.Afryki\/\"]}]}<\/script>\n<!-- \/ Yoast SEO plugin. -->","yoast_head_json":{"title":"Narz\u0119dzia pracy dla absolwent\u00f3w szko\u0142y zawodowej w Buraniro","description":"Narz\u0119dzia pracy dla absolwent\u00f3w szko\u0142y zawodowej w Buraniro, Burundi. O pomoc prosz\u0105 Siostry Kanoniczki Ducha \u015aw. Ka\u017cda z\u0142ot\u00f3wka pomaga!","robots":{"index":"index","follow":"follow","max-snippet":"max-snippet:-1","max-image-preview":"max-image-preview:large","max-video-preview":"max-video-preview:-1"},"canonical":"https:\/\/www.maitri.pl\/projekt\/narzedzia-pracy-burundi\/","og_locale":"fr_FR","og_type":"article","og_title":"Narz\u0119dzia pracy dla absolwent\u00f3w szko\u0142y zawodowej w Buraniro","og_description":"Narz\u0119dzia pracy dla absolwent\u00f3w szko\u0142y zawodowej w Buraniro, Burundi. O pomoc prosz\u0105 Siostry Kanoniczki Ducha \u015aw. Ka\u017cda z\u0142ot\u00f3wka pomaga!","og_url":"https:\/\/www.maitri.pl\/projekt\/narzedzia-pracy-burundi\/","og_site_name":"Ruch Maitri - Adopcja Serca pomoc Afryce","article_publisher":"https:\/\/www.facebook.com\/MAITRI.Adopcja.Serca.dzieci.Afryki\/","article_modified_time":"2025-03-31T12:18:14+00:00","og_image":[{"width":2048,"height":1536,"url":"https:\/\/www.maitri.pl\/wp-content\/uploads\/2024\/03\/227-ducha-2.jpg","type":"image\/jpeg"}],"twitter_card":"summary_large_image","twitter_misc":{"Dur\u00e9e de lecture estim\u00e9e":"3 minutes"},"schema":{"@context":"https:\/\/schema.org","@graph":[{"@type":"WebPage","@id":"https:\/\/www.maitri.pl\/projekt\/narzedzia-pracy-burundi\/","url":"https:\/\/www.maitri.pl\/projekt\/narzedzia-pracy-burundi\/","name":"Narz\u0119dzia pracy dla absolwent\u00f3w szko\u0142y zawodowej w Buraniro","isPartOf":{"@id":"https:\/\/www.maitri.pl\/#website"},"primaryImageOfPage":{"@id":"https:\/\/www.maitri.pl\/projekt\/narzedzia-pracy-burundi\/#primaryimage"},"image":{"@id":"https:\/\/www.maitri.pl\/projekt\/narzedzia-pracy-burundi\/#primaryimage"},"thumbnailUrl":"https:\/\/www.maitri.pl\/wp-content\/uploads\/2024\/03\/227-ducha-2.jpg","datePublished":"2024-03-05T21:07:30+00:00","dateModified":"2025-03-31T12:18:14+00:00","description":"Narz\u0119dzia pracy dla absolwent\u00f3w szko\u0142y zawodowej w Buraniro, Burundi. O pomoc prosz\u0105 Siostry Kanoniczki Ducha \u015aw. Ka\u017cda z\u0142ot\u00f3wka pomaga!","breadcrumb":{"@id":"https:\/\/www.maitri.pl\/projekt\/narzedzia-pracy-burundi\/#breadcrumb"},"inLanguage":"fr-FR","potentialAction":[{"@type":"ReadAction","target":["https:\/\/www.maitri.pl\/projekt\/narzedzia-pracy-burundi\/"]}]},{"@type":"ImageObject","inLanguage":"fr-FR","@id":"https:\/\/www.maitri.pl\/projekt\/narzedzia-pracy-burundi\/#primaryimage","url":"https:\/\/www.maitri.pl\/wp-content\/uploads\/2024\/03\/227-ducha-2.jpg","contentUrl":"https:\/\/www.maitri.pl\/wp-content\/uploads\/2024\/03\/227-ducha-2.jpg","width":2048,"height":1536,"caption":"Narz\u0119dzia pracy dla absolwent\u00f3w szko\u0142y zawodowej w Buraniro pomoc Afryce Adopcja Serca 01"},{"@type":"BreadcrumbList","@id":"https:\/\/www.maitri.pl\/projekt\/narzedzia-pracy-burundi\/#breadcrumb","itemListElement":[{"@type":"ListItem","position":1,"name":"Strona g\u0142\u00f3wna","item":"https:\/\/www.maitri.pl\/"},{"@type":"ListItem","position":2,"name":"Sklep","item":"https:\/\/www.maitri.pl\/sklep\/"},{"@type":"ListItem","position":3,"name":"Narz\u0119dzia pracy dla absolwent\u00f3w szko\u0142y zawodowej w Buraniro"}]},{"@type":"WebSite","@id":"https:\/\/www.maitri.pl\/#website","url":"https:\/\/www.maitri.pl\/","name":"Adopcja Serca Maitri \u2013 pomoc dzieciom w Afryce","description":"Adopcja Serca \u2013 adopcja na odleg\u0142o\u015b\u0107, pomoc Afryce, do\u017cywianie i edukacja w Afryce","publisher":{"@id":"https:\/\/www.maitri.pl\/#organization"},"potentialAction":[{"@type":"SearchAction","target":{"@type":"EntryPoint","urlTemplate":"https:\/\/www.maitri.pl\/?s={search_term_string}"},"query-input":{"@type":"PropertyValueSpecification","valueRequired":true,"valueName":"search_term_string"}}],"inLanguage":"fr-FR"},{"@type":"Organization","@id":"https:\/\/www.maitri.pl\/#organization","name":"Stowarzyszenie Ruchu Maitri","url":"https:\/\/www.maitri.pl\/","logo":{"@type":"ImageObject","inLanguage":"fr-FR","@id":"https:\/\/www.maitri.pl\/#\/schema\/logo\/image\/","url":"https:\/\/www.maitri.pl\/wp-content\/uploads\/2020\/04\/duze_logo-81.png","contentUrl":"https:\/\/www.maitri.pl\/wp-content\/uploads\/2020\/04\/duze_logo-81.png","width":339,"height":321,"caption":"Stowarzyszenie Ruchu Maitri"},"image":{"@id":"https:\/\/www.maitri.pl\/#\/schema\/logo\/image\/"},"sameAs":["https:\/\/www.facebook.com\/MAITRI.Adopcja.Serca.dzieci.Afryki\/"]}]}},"_links":{"self":[{"href":"https:\/\/www.maitri.pl\/fr\/wp-json\/wp\/v2\/product\/30971","targetHints":{"allow":["GET"]}}],"collection":[{"href":"https:\/\/www.maitri.pl\/fr\/wp-json\/wp\/v2\/product"}],"about":[{"href":"https:\/\/www.maitri.pl\/fr\/wp-json\/wp\/v2\/types\/product"}],"wp:featuredmedia":[{"embeddable":true,"href":"https:\/\/www.maitri.pl\/fr\/wp-json\/wp\/v2\/media\/30975"}],"wp:attachment":[{"href":"https:\/\/www.maitri.pl\/fr\/wp-json\/wp\/v2\/media?parent=30971"}],"wp:term":[{"taxonomy":"product_brand","embeddable":true,"href":"https:\/\/www.maitri.pl\/fr\/wp-json\/wp\/v2\/product_brand?post=30971"},{"taxonomy":"product_cat","embeddable":true,"href":"https:\/\/www.maitri.pl\/fr\/wp-json\/wp\/v2\/product_cat?post=30971"},{"taxonomy":"product_tag","embeddable":true,"href":"https:\/\/www.maitri.pl\/fr\/wp-json\/wp\/v2\/product_tag?post=30971"}],"curies":[{"name":"wp","href":"https:\/\/api.w.org\/{rel}","templated":true}]}}