{"id":30922,"date":"2024-02-23T09:56:50","date_gmt":"2024-02-23T08:56:50","guid":{"rendered":"https:\/\/www.maitri.pl\/?post_type=product&#038;p=30922"},"modified":"2024-09-17T08:56:22","modified_gmt":"2024-09-17T06:56:22","slug":"zywnosc-kamerun","status":"publish","type":"product","link":"https:\/\/www.maitri.pl\/fr\/projekt\/zywnosc-kamerun\/","title":{"rendered":"\u017bywno\u015b\u0107, leki i ubrania dla osadzonych w wi\u0119zieniu, w tym 15 kobiet i 32 dzieci"},"content":{"rendered":"<h4>T\u0142ok, upa\u0142 i g\u0142\u00f3d<\/h4>\n<p>W wi\u0119zieniach kameru\u0144skich, podobnie jak w wielu innych wi\u0119zieniach afryka\u0144skich, osadzeni \u017cyj\u0105 razem niezale\u017cnie od pope\u0142nionych przest\u0119pstw, wyrok\u00f3w czy wieku. W celach przebywaj\u0105 w liczbie znacznie wi\u0119kszej ni\u017c ta, dla kt\u00f3rej przeznaczone s\u0105 te pomieszczenia. Bardzo trudne warunki w wi\u0119zieniach zwi\u0105zane s\u0105 z przeludnieniem, upa\u0142ami, niedostatkiem wody i \u017cywno\u015bci. Bardzo utrudniaj\u0105 \u017cycie osadzonych, a tak\u017ce sprzyjaj\u0105 powstawaniu i rozprzestrzenianiu si\u0119 wielu chor\u00f3b.\u00a0Moj\u0105 trosk\u0105 jest polepszenie ci\u0119\u017ckiej sytuacji ludzi osadzonych w wi\u0119zieniu w Kamerunie, dlatego apeluj\u0119 o \u015brodki na \u017cywno\u015b\u0107, leki i ubrania.<\/p>\n<h4>Kobiety i dzieci w wi\u0119zieniu<\/h4>\n<p>Pos\u0142uguj\u0119 w wi\u0119zieniu, w kt\u00f3rym na dzie\u0144 dzisiejszy przebywa 500 os\u00f3b, w tym 15 kobiet i 32 dzieci. Tu nie ma poprawczak\u00f3w, w razie pope\u0142nienia przest\u0119pstwa od razu trafia si\u0119 do wi\u0119zienia niezale\u017cnie od wieku. Plac\u00f3wka zapewnia skazanym jedzenie tylko raz dziennie. Zawsze jest to posi\u0142ek w postaci kaszy z manioku w ilo\u015bci ok. 250 ml na osob\u0119. Na terenie zak\u0142adu nie ma studni. W porze suchej brakuje wody pitnej. Skazani prac\u0105 w\u0142asnych r\u0105k zarabiaj\u0105 na zakup jedzenia, ale to nie wystarcza i cierpi\u0105 g\u0142\u00f3d. Raz w tygodniu zawo\u017c\u0119 tym ludziom produkty spo\u017cywcze i wod\u0119. \u017bywno\u015b\u0107 to ich najwi\u0119ksza potrzeba.<\/p>\n<h4>Los skazanych w r\u0119kach misjonarzy<\/h4>\n<p>Na chwil\u0119 obecn\u0105 osoby przebywaj\u0105ce w wi\u0119zieniu najbardziej potrzebuj\u0105 jedzenia i wody. Mamy por\u0119 such\u0105, wi\u0119c problem jeszcze bardziej nasili\u0142 si\u0119. Tak jak w ka\u017cdym zak\u0142adzie karnym w tym kraju, los skazanych jest w r\u0119kach misjonarzy. To od nas otrzymuj\u0105 niezb\u0119dn\u0105 pomoc humanitarn\u0105. Darujemy im leki i \u017cywno\u015b\u0107, a cz\u0119sto r\u00f3wnie\u017c ubrania. Osadzeni nie maj\u0105 pieni\u0119dzy i mo\u017cliwo\u015bci wyj\u015bcia poza bramy zak\u0142adu, wi\u0119c cierpi\u0105 g\u0142\u00f3d i choroby.\u00a0Dop\u00f3ki jestem w Bofoussam chcia\u0142abym pomaga\u0107 tym ludziom. Przynajmniej raz w tygodniu zawo\u017c\u0119 im ry\u017c, olej, pomidory, wod\u0119. Oko\u0142o 100 osadzonych to chrze\u015bcijanie. Potrzebuj\u0105 oni ksi\u0105\u017cek religijnych, pisma \u015bw. w j\u0119zyku francuskim lub angielskim. Nie os\u0105dzam ich za ich przesz\u0142o\u015b\u0107, a raczej towarzysz\u0119 im w tera\u017aniejszo\u015bci i w perspektywie przysz\u0142o\u015bci, pomagam i ukazuj\u0119 im pi\u0119kno Ewangelii. Dzi\u0119kuj\u0119 za wsparcie darczy\u0144c\u00f3w <a href=\"https:\/\/www.maitri.pl\/projekty-pomocowe\/\" target=\"_blank\" rel=\"noopener\">Maitri<\/a>.<\/p>\n<p>Przewidywany okres realizacji projektu: do ko\u0144ca grudnia 2024 r.<\/p>\n<h4>Kosztorys:<\/h4>\n<p><img loading=\"lazy\" decoding=\"async\" class=\"alignnone wp-image-30923 size-full\" src=\"https:\/\/www.maitri.pl\/wp-content\/uploads\/2024\/02\/405-palls.png\" alt=\"\" width=\"959\" height=\"456\" srcset=\"https:\/\/www.maitri.pl\/wp-content\/uploads\/2024\/02\/405-palls.png 959w, https:\/\/www.maitri.pl\/wp-content\/uploads\/2024\/02\/405-palls-300x143.png 300w, https:\/\/www.maitri.pl\/wp-content\/uploads\/2024\/02\/405-palls-768x365.png 768w, https:\/\/www.maitri.pl\/wp-content\/uploads\/2024\/02\/405-palls-600x285.png 600w\" sizes=\"auto, (max-width: 959px) 100vw, 959px\" \/><\/p>\n<p><em>s. Anita \u0141uka, <a href=\"http:\/\/www.pallotynki.pl\/\" target=\"_blank\" rel=\"noopener noreferrer\">Zgromadzenie Si\u00f3str Apostolstwa Katolickiego (Pallotynki)<\/a>, misja Bafoussam, Kamerun<\/em><\/p>\n<p style=\"text-align: justify;\" align=\"JUSTIFY\"><strong>Numer projektu 405\/PALLS<\/strong><\/p>\n<p style=\"text-align: justify;\" align=\"JUSTIFY\"><span style=\"color: #ff0000;\"><span style=\"font-size: large;\"><b>Kwota projektu: 4440 \u20ac<br \/>\n<\/b><\/span><\/span><\/p>\n<p style=\"text-align: justify;\" align=\"JUSTIFY\"><span style=\"color: #808080;\">Stowarzyszenie Ruchu\u00a0<em>Maitri<\/em>\u00a0przeznacza do 10% otrzymanych \u015brodk\u00f3w na koszty funkcjonowania biura i pozyskiwanie funduszy pomocowych.<\/span><\/p>\n<h3 style=\"text-align: justify;\" align=\"JUSTIFY\"><span style=\"color: #808080;\">\u017bywno\u015b\u0107, leki i ubrania dla osadzonych w wi\u0119zieniu w Bafoussam w Kamerunie, w tym 15 kobiet i 32 dzieci<\/span><\/h3>\n","protected":false},"excerpt":{"rendered":"<p><strong>Projekt:\u00a0<\/strong> S. Anita \u0141uka, <a href=\"http:\/\/www.pallotynki.pl\/\" target=\"_blank\" rel=\"noopener noreferrer\">Zgromadzenie Si\u00f3str Misjonarek Apostolstwa Katolickiego<\/a><br \/>\n<strong>Misja:<\/strong> Bafoussam, <a href=\"https:\/\/www.maitri.pl\/gdzie-pomagamy\/\" target=\"_blank\" rel=\"noopener noreferrer\">Kamerun<\/a><br \/>\n<strong>Kwota projektu: <span style=\"color: #ff0000;\">4440 \u20ac<\/span><\/strong><\/p>\n","protected":false},"featured_media":31234,"template":"","meta":[],"product_brand":[],"product_cat":[656],"product_tag":[992,658,847,993,689],"class_list":{"0":"post-30922","1":"product","2":"type-product","3":"status-publish","4":"has-post-thumbnail","6":"product_cat-bez-kategorii","7":"product_tag-bafoussam","8":"product_tag-kamerun","9":"product_tag-pallotynki","10":"product_tag-siostra-anita-luka","11":"product_tag-zgromadzenie-siostr-misjonarek-apostolstwa-katolickiego","13":"first","14":"instock","15":"virtual","16":"purchasable","17":"product-type-simple"},"yoast_head":"<!-- This site is optimized with the Yoast SEO plugin v27.2 - https:\/\/yoast.com\/product\/yoast-seo-wordpress\/ -->\n<title>\u017bywno\u015b\u0107, leki i ubrania dla osadzonych, w tym kobiet i dzieci<\/title>\n<meta name=\"description\" content=\"\u017bywno\u015b\u0107, leki i ubrania dla osadzonych w wi\u0119zieniu, w tym kobiet i dzieci. O pomoc prosz\u0105 Siostry Pallotynki z Bafoussam w Kamerunie. Apelujemy o wsparcie!\" \/>\n<meta name=\"robots\" content=\"index, follow, max-snippet:-1, max-image-preview:large, max-video-preview:-1\" \/>\n<link rel=\"canonical\" href=\"https:\/\/www.maitri.pl\/projekt\/zywnosc-kamerun\/\" \/>\n<meta property=\"og:locale\" content=\"fr_FR\" \/>\n<meta property=\"og:type\" content=\"article\" \/>\n<meta property=\"og:title\" content=\"\u017bywno\u015b\u0107, leki i ubrania dla osadzonych, w tym kobiet i dzieci\" \/>\n<meta property=\"og:description\" content=\"\u017bywno\u015b\u0107, leki i ubrania dla osadzonych w wi\u0119zieniu, w tym kobiet i dzieci. O pomoc prosz\u0105 Siostry Pallotynki z Bafoussam w Kamerunie. Apelujemy o wsparcie!\" \/>\n<meta property=\"og:url\" content=\"https:\/\/www.maitri.pl\/projekt\/zywnosc-kamerun\/\" \/>\n<meta property=\"og:site_name\" content=\"Ruch Maitri - Adopcja Serca pomoc Afryce\" \/>\n<meta property=\"article:publisher\" content=\"https:\/\/www.facebook.com\/MAITRI.Adopcja.Serca.dzieci.Afryki\/\" \/>\n<meta property=\"article:modified_time\" content=\"2024-09-17T06:56:22+00:00\" \/>\n<meta property=\"og:image\" content=\"https:\/\/www.maitri.pl\/wp-content\/uploads\/2024\/02\/DSCN4830.jpg\" \/>\n\t<meta property=\"og:image:width\" content=\"1024\" \/>\n\t<meta property=\"og:image:height\" content=\"768\" \/>\n\t<meta property=\"og:image:type\" content=\"image\/jpeg\" \/>\n<meta name=\"twitter:card\" content=\"summary_large_image\" \/>\n<meta name=\"twitter:label1\" content=\"Dur\u00e9e de lecture estim\u00e9e\" \/>\n\t<meta name=\"twitter:data1\" content=\"3 minutes\" \/>\n<script type=\"application\/ld+json\" class=\"yoast-schema-graph\">{\"@context\":\"https:\/\/schema.org\",\"@graph\":[{\"@type\":\"WebPage\",\"@id\":\"https:\/\/www.maitri.pl\/projekt\/zywnosc-kamerun\/\",\"url\":\"https:\/\/www.maitri.pl\/projekt\/zywnosc-kamerun\/\",\"name\":\"\u017bywno\u015b\u0107, leki i ubrania dla osadzonych, w tym kobiet i dzieci\",\"isPartOf\":{\"@id\":\"https:\/\/www.maitri.pl\/#website\"},\"primaryImageOfPage\":{\"@id\":\"https:\/\/www.maitri.pl\/projekt\/zywnosc-kamerun\/#primaryimage\"},\"image\":{\"@id\":\"https:\/\/www.maitri.pl\/projekt\/zywnosc-kamerun\/#primaryimage\"},\"thumbnailUrl\":\"https:\/\/www.maitri.pl\/wp-content\/uploads\/2024\/02\/DSCN4830.jpg\",\"datePublished\":\"2024-02-23T08:56:50+00:00\",\"dateModified\":\"2024-09-17T06:56:22+00:00\",\"description\":\"\u017bywno\u015b\u0107, leki i ubrania dla osadzonych w wi\u0119zieniu, w tym kobiet i dzieci. O pomoc prosz\u0105 Siostry Pallotynki z Bafoussam w Kamerunie. Apelujemy o wsparcie!\",\"breadcrumb\":{\"@id\":\"https:\/\/www.maitri.pl\/projekt\/zywnosc-kamerun\/#breadcrumb\"},\"inLanguage\":\"fr-FR\",\"potentialAction\":[{\"@type\":\"ReadAction\",\"target\":[\"https:\/\/www.maitri.pl\/projekt\/zywnosc-kamerun\/\"]}]},{\"@type\":\"ImageObject\",\"inLanguage\":\"fr-FR\",\"@id\":\"https:\/\/www.maitri.pl\/projekt\/zywnosc-kamerun\/#primaryimage\",\"url\":\"https:\/\/www.maitri.pl\/wp-content\/uploads\/2024\/02\/DSCN4830.jpg\",\"contentUrl\":\"https:\/\/www.maitri.pl\/wp-content\/uploads\/2024\/02\/DSCN4830.jpg\",\"width\":1024,\"height\":768},{\"@type\":\"BreadcrumbList\",\"@id\":\"https:\/\/www.maitri.pl\/projekt\/zywnosc-kamerun\/#breadcrumb\",\"itemListElement\":[{\"@type\":\"ListItem\",\"position\":1,\"name\":\"Strona g\u0142\u00f3wna\",\"item\":\"https:\/\/www.maitri.pl\/\"},{\"@type\":\"ListItem\",\"position\":2,\"name\":\"Sklep\",\"item\":\"https:\/\/www.maitri.pl\/sklep\/\"},{\"@type\":\"ListItem\",\"position\":3,\"name\":\"\u017bywno\u015b\u0107, leki i ubrania dla osadzonych w wi\u0119zieniu, w tym 15 kobiet i 32 dzieci\"}]},{\"@type\":\"WebSite\",\"@id\":\"https:\/\/www.maitri.pl\/#website\",\"url\":\"https:\/\/www.maitri.pl\/\",\"name\":\"Adopcja Serca Maitri \u2013 pomoc dzieciom w Afryce\",\"description\":\"Adopcja Serca \u2013 adopcja na odleg\u0142o\u015b\u0107, pomoc Afryce, do\u017cywianie i edukacja w Afryce\",\"publisher\":{\"@id\":\"https:\/\/www.maitri.pl\/#organization\"},\"potentialAction\":[{\"@type\":\"SearchAction\",\"target\":{\"@type\":\"EntryPoint\",\"urlTemplate\":\"https:\/\/www.maitri.pl\/?s={search_term_string}\"},\"query-input\":{\"@type\":\"PropertyValueSpecification\",\"valueRequired\":true,\"valueName\":\"search_term_string\"}}],\"inLanguage\":\"fr-FR\"},{\"@type\":\"Organization\",\"@id\":\"https:\/\/www.maitri.pl\/#organization\",\"name\":\"Stowarzyszenie Ruchu Maitri\",\"url\":\"https:\/\/www.maitri.pl\/\",\"logo\":{\"@type\":\"ImageObject\",\"inLanguage\":\"fr-FR\",\"@id\":\"https:\/\/www.maitri.pl\/#\/schema\/logo\/image\/\",\"url\":\"https:\/\/www.maitri.pl\/wp-content\/uploads\/2020\/04\/duze_logo-81.png\",\"contentUrl\":\"https:\/\/www.maitri.pl\/wp-content\/uploads\/2020\/04\/duze_logo-81.png\",\"width\":339,\"height\":321,\"caption\":\"Stowarzyszenie Ruchu Maitri\"},\"image\":{\"@id\":\"https:\/\/www.maitri.pl\/#\/schema\/logo\/image\/\"},\"sameAs\":[\"https:\/\/www.facebook.com\/MAITRI.Adopcja.Serca.dzieci.Afryki\/\"]}]}<\/script>\n<!-- \/ Yoast SEO plugin. -->","yoast_head_json":{"title":"\u017bywno\u015b\u0107, leki i ubrania dla osadzonych, w tym kobiet i dzieci","description":"\u017bywno\u015b\u0107, leki i ubrania dla osadzonych w wi\u0119zieniu, w tym kobiet i dzieci. O pomoc prosz\u0105 Siostry Pallotynki z Bafoussam w Kamerunie. Apelujemy o wsparcie!","robots":{"index":"index","follow":"follow","max-snippet":"max-snippet:-1","max-image-preview":"max-image-preview:large","max-video-preview":"max-video-preview:-1"},"canonical":"https:\/\/www.maitri.pl\/projekt\/zywnosc-kamerun\/","og_locale":"fr_FR","og_type":"article","og_title":"\u017bywno\u015b\u0107, leki i ubrania dla osadzonych, w tym kobiet i dzieci","og_description":"\u017bywno\u015b\u0107, leki i ubrania dla osadzonych w wi\u0119zieniu, w tym kobiet i dzieci. O pomoc prosz\u0105 Siostry Pallotynki z Bafoussam w Kamerunie. Apelujemy o wsparcie!","og_url":"https:\/\/www.maitri.pl\/projekt\/zywnosc-kamerun\/","og_site_name":"Ruch Maitri - Adopcja Serca pomoc Afryce","article_publisher":"https:\/\/www.facebook.com\/MAITRI.Adopcja.Serca.dzieci.Afryki\/","article_modified_time":"2024-09-17T06:56:22+00:00","og_image":[{"width":1024,"height":768,"url":"https:\/\/www.maitri.pl\/wp-content\/uploads\/2024\/02\/DSCN4830.jpg","type":"image\/jpeg"}],"twitter_card":"summary_large_image","twitter_misc":{"Dur\u00e9e de lecture estim\u00e9e":"3 minutes"},"schema":{"@context":"https:\/\/schema.org","@graph":[{"@type":"WebPage","@id":"https:\/\/www.maitri.pl\/projekt\/zywnosc-kamerun\/","url":"https:\/\/www.maitri.pl\/projekt\/zywnosc-kamerun\/","name":"\u017bywno\u015b\u0107, leki i ubrania dla osadzonych, w tym kobiet i dzieci","isPartOf":{"@id":"https:\/\/www.maitri.pl\/#website"},"primaryImageOfPage":{"@id":"https:\/\/www.maitri.pl\/projekt\/zywnosc-kamerun\/#primaryimage"},"image":{"@id":"https:\/\/www.maitri.pl\/projekt\/zywnosc-kamerun\/#primaryimage"},"thumbnailUrl":"https:\/\/www.maitri.pl\/wp-content\/uploads\/2024\/02\/DSCN4830.jpg","datePublished":"2024-02-23T08:56:50+00:00","dateModified":"2024-09-17T06:56:22+00:00","description":"\u017bywno\u015b\u0107, leki i ubrania dla osadzonych w wi\u0119zieniu, w tym kobiet i dzieci. O pomoc prosz\u0105 Siostry Pallotynki z Bafoussam w Kamerunie. Apelujemy o wsparcie!","breadcrumb":{"@id":"https:\/\/www.maitri.pl\/projekt\/zywnosc-kamerun\/#breadcrumb"},"inLanguage":"fr-FR","potentialAction":[{"@type":"ReadAction","target":["https:\/\/www.maitri.pl\/projekt\/zywnosc-kamerun\/"]}]},{"@type":"ImageObject","inLanguage":"fr-FR","@id":"https:\/\/www.maitri.pl\/projekt\/zywnosc-kamerun\/#primaryimage","url":"https:\/\/www.maitri.pl\/wp-content\/uploads\/2024\/02\/DSCN4830.jpg","contentUrl":"https:\/\/www.maitri.pl\/wp-content\/uploads\/2024\/02\/DSCN4830.jpg","width":1024,"height":768},{"@type":"BreadcrumbList","@id":"https:\/\/www.maitri.pl\/projekt\/zywnosc-kamerun\/#breadcrumb","itemListElement":[{"@type":"ListItem","position":1,"name":"Strona g\u0142\u00f3wna","item":"https:\/\/www.maitri.pl\/"},{"@type":"ListItem","position":2,"name":"Sklep","item":"https:\/\/www.maitri.pl\/sklep\/"},{"@type":"ListItem","position":3,"name":"\u017bywno\u015b\u0107, leki i ubrania dla osadzonych w wi\u0119zieniu, w tym 15 kobiet i 32 dzieci"}]},{"@type":"WebSite","@id":"https:\/\/www.maitri.pl\/#website","url":"https:\/\/www.maitri.pl\/","name":"Adopcja Serca Maitri \u2013 pomoc dzieciom w Afryce","description":"Adopcja Serca \u2013 adopcja na odleg\u0142o\u015b\u0107, pomoc Afryce, do\u017cywianie i edukacja w Afryce","publisher":{"@id":"https:\/\/www.maitri.pl\/#organization"},"potentialAction":[{"@type":"SearchAction","target":{"@type":"EntryPoint","urlTemplate":"https:\/\/www.maitri.pl\/?s={search_term_string}"},"query-input":{"@type":"PropertyValueSpecification","valueRequired":true,"valueName":"search_term_string"}}],"inLanguage":"fr-FR"},{"@type":"Organization","@id":"https:\/\/www.maitri.pl\/#organization","name":"Stowarzyszenie Ruchu Maitri","url":"https:\/\/www.maitri.pl\/","logo":{"@type":"ImageObject","inLanguage":"fr-FR","@id":"https:\/\/www.maitri.pl\/#\/schema\/logo\/image\/","url":"https:\/\/www.maitri.pl\/wp-content\/uploads\/2020\/04\/duze_logo-81.png","contentUrl":"https:\/\/www.maitri.pl\/wp-content\/uploads\/2020\/04\/duze_logo-81.png","width":339,"height":321,"caption":"Stowarzyszenie Ruchu Maitri"},"image":{"@id":"https:\/\/www.maitri.pl\/#\/schema\/logo\/image\/"},"sameAs":["https:\/\/www.facebook.com\/MAITRI.Adopcja.Serca.dzieci.Afryki\/"]}]}},"_links":{"self":[{"href":"https:\/\/www.maitri.pl\/fr\/wp-json\/wp\/v2\/product\/30922","targetHints":{"allow":["GET"]}}],"collection":[{"href":"https:\/\/www.maitri.pl\/fr\/wp-json\/wp\/v2\/product"}],"about":[{"href":"https:\/\/www.maitri.pl\/fr\/wp-json\/wp\/v2\/types\/product"}],"wp:featuredmedia":[{"embeddable":true,"href":"https:\/\/www.maitri.pl\/fr\/wp-json\/wp\/v2\/media\/31234"}],"wp:attachment":[{"href":"https:\/\/www.maitri.pl\/fr\/wp-json\/wp\/v2\/media?parent=30922"}],"wp:term":[{"taxonomy":"product_brand","embeddable":true,"href":"https:\/\/www.maitri.pl\/fr\/wp-json\/wp\/v2\/product_brand?post=30922"},{"taxonomy":"product_cat","embeddable":true,"href":"https:\/\/www.maitri.pl\/fr\/wp-json\/wp\/v2\/product_cat?post=30922"},{"taxonomy":"product_tag","embeddable":true,"href":"https:\/\/www.maitri.pl\/fr\/wp-json\/wp\/v2\/product_tag?post=30922"}],"curies":[{"name":"wp","href":"https:\/\/api.w.org\/{rel}","templated":true}]}}