{"id":30895,"date":"2024-02-22T22:49:10","date_gmt":"2024-02-22T21:49:10","guid":{"rendered":"https:\/\/www.maitri.pl\/?post_type=product&#038;p=30895"},"modified":"2025-03-31T14:18:06","modified_gmt":"2025-03-31T12:18:06","slug":"dofinansowanie-lekow-djouth","status":"publish","type":"product","link":"https:\/\/www.maitri.pl\/fr\/projekt\/dofinansowanie-lekow-djouth\/","title":{"rendered":"Dofinansowanie zakupu lek\u00f3w dla przychodni zdrowia w Djouth w Kamerunie"},"content":{"rendered":"<h4>Przychodnia w d\u017cungli<\/h4>\n<p>Ci\u0119\u017cko do nas dotrze\u0107, bo jeste\u015bmy w \u015brodku d\u017cungli, ale liczymy, \u017ce us\u0142yszycie nasze wo\u0142anie o pomoc. Pragn\u0119 prosi\u0107 o pomoc w zakupie lek\u00f3w dla Przychodni Katolickiej w Djouth. Od ponad 23 lat pracuj\u0119 w misji Djouth w diecezja Batouri w Kamerunie. Nasza misja jest daleko od miasta. Wok\u00f3\u0142 jest busz. Znaczna liczba ludzi lecz\u0105cych si\u0119 w naszej przychodni to ludzie z wiosek lub Pigmeje Baka. \u015arednio miesi\u0119cznie obs\u0142ugujemy oko\u0142o 450-500 chorych. Tylko nieliczni s\u0105 w stanie op\u0142aci\u0107 zakup lekarstw. St\u0105d moja pro\u015bba o wsparcie na ten cel i dofinansowanie zakupu lek\u00f3w.<\/p>\n<h4>Podarujmy rado\u015b\u0107 chorym<\/h4>\n<p>Planujemy zakupi\u0107 najbardziej potrzebne lekarstwa. Najwi\u0119ksze zapotrzebowanie jest na medykamenty, kt\u00f3re pomog\u0105 w leczeniu malarii, robaczycy, wrzod\u00f3w, zapalenie dr\u00f3g oddechowych i inne. Okoliczna ludno\u015b\u0107 cierpi na choroby, kt\u00f3re w Europie s\u0105 rzadkie lub niegro\u017ane. Niestety z braku lek\u00f3w ci\u0119\u017cko walczy\u0107 z grzybic\u0105, czy wrzodami, a <a href=\"https:\/\/www.maitri.pl\/projekt\/srodki-dezynfekujace-kamerun\/\" target=\"_blank\" rel=\"noopener\">kiepska higiena<\/a> powoduje robaczyc\u0119. Dzi\u0119ki Waszemu wsparciu mog\u0142am w poprzednich latach wielokrotnie ofiarowa\u0107 pomoc wielu chorym. Wspominam rado\u015b\u0107 tych ludzi opuszczaj\u0105cych nasz\u0105 przychodni\u0119, gdy uzyskali tu pomoc. To dla nich prosimy o dofinansowanie. \u015arodki zebrane przez darczy\u0144c\u00f3w z Polski pomog\u0105 chorym znale\u017a\u0107 cierpienie.<\/p>\n<h4>Jedyna przychodnia<\/h4>\n<p>Jednocze\u015bnie pragn\u0119 zaznaczy\u0107 ze w okolicy nie ma \u017cadnej innej przychodni katolickiej. Leczenie chorych w naszej przychodni to nie tylko leczenie cia\u0142a, ale r\u00f3wnie\u017c duszy. Spotkanie z chorymi umo\u017cliwia jednocze\u015bnie ich ewangelizacj\u0119. Realizacj\u0119 projektu przewiduj\u0119 w okresie: wrzesie\u0144 2024 do czerwiec 2025. Jestem wdzi\u0119czna za ka\u017cde udzielone wsparcie. W poprzednich latach zawsze mog\u0142y\u015bmy na Was liczy\u0107, niech i tym razem b\u0119dzie podobnie. B\u00f3g zap\u0142a\u0107!<\/p>\n<h4>Kosztorys:<\/h4>\n<p><img loading=\"lazy\" decoding=\"async\" class=\"alignnone wp-image-30897 size-full\" src=\"https:\/\/www.maitri.pl\/wp-content\/uploads\/2024\/02\/161-chrys.png\" alt=\"\" width=\"959\" height=\"739\" srcset=\"https:\/\/www.maitri.pl\/wp-content\/uploads\/2024\/02\/161-chrys.png 959w, https:\/\/www.maitri.pl\/wp-content\/uploads\/2024\/02\/161-chrys-300x231.png 300w, https:\/\/www.maitri.pl\/wp-content\/uploads\/2024\/02\/161-chrys-768x592.png 768w, https:\/\/www.maitri.pl\/wp-content\/uploads\/2024\/02\/161-chrys-600x462.png 600w\" sizes=\"auto, (max-width: 959px) 100vw, 959px\" \/><\/p>\n<p>Siostra Donata Zofia Krupa<em>, <a href=\"https:\/\/www.zyciezakonne.pl\/informator\/zakony-zenskie\/zgromadzenie-siostr-najswietszej-duszy-chrystusa-pana-525\/\" target=\"_blank\" rel=\"noopener noreferrer\">Zgromadzenie Si\u00f3str Naj\u015bwi\u0119tszej Duszy Chrystusa Pana<\/a><\/em><\/p>\n<p><strong>Podsumowanie w miejscowej walucie: 2 075 000 frank\u00f3w CFA<\/strong><\/p>\n<p style=\"text-align: justify;\" align=\"JUSTIFY\"><span style=\"color: #ff0000;\"><span style=\"font-size: large;\"><b>Kwota projektu: 3330 \u20ac<br \/>\n<\/b><\/span><\/span><\/p>\n<p style=\"text-align: justify;\"><strong>Numer projektu: 161\/CHRYS<\/strong><\/p>\n<p style=\"text-align: justify;\" align=\"JUSTIFY\"><span style=\"color: #808080;\">Stowarzyszenie Ruchu\u00a0<em>Maitri<\/em>\u00a0przeznacza do 10% otrzymanych \u015brodk\u00f3w na koszty funkcjonowania biura i pozyskiwanie funduszy pomocowych.<\/span><\/p>\n<h3 style=\"text-align: justify;\" align=\"JUSTIFY\"><span style=\"color: #808080;\">Dofinansowanie zakupu lek\u00f3w dla przychodni zdrowia w Djouth w Kamerunie<\/span><\/h3>\n","protected":false},"excerpt":{"rendered":"<p><strong>Projekt:\u00a0<\/strong> <em>s. Donata Zofia Krupa, <a href=\"https:\/\/www.zyciezakonne.pl\/informator\/zakony-zenskie\/zgromadzenie-siostr-najswietszej-duszy-chrystusa-pana-525\/\" target=\"_blank\" rel=\"noopener noreferrer\">Zgromadzenie Si\u00f3str Naj\u015bwi\u0119tszej Duszy Chrystusa Pana<\/a><\/em><br \/>\n<strong>Misja:<\/strong> Djouth, <a href=\"https:\/\/www.maitri.pl\/gdzie-pomagamy\/\" target=\"_blank\" rel=\"noopener noreferrer\">Kamerun<\/a><br \/>\n<strong>Kwota projektu: <span style=\"color: #ff0000;\">3330 \u20ac<\/span><\/strong><\/p>\n","protected":false},"featured_media":30931,"template":"","meta":[],"product_brand":[],"product_cat":[656],"product_tag":[730,658,991,660],"class_list":{"0":"post-30895","1":"product","2":"type-product","3":"status-publish","4":"has-post-thumbnail","6":"product_cat-bez-kategorii","7":"product_tag-djouth","8":"product_tag-kamerun","9":"product_tag-siostra-donata-zofia-krupa","10":"product_tag-zgromadzenie-siostr-najswietszej-duszy-chrystusa-pana","12":"first","13":"instock","14":"virtual","15":"purchasable","16":"product-type-simple"},"yoast_head":"<!-- This site is optimized with the Yoast SEO plugin v27.2 - https:\/\/yoast.com\/product\/yoast-seo-wordpress\/ -->\n<title>Dofinansowanie zakupu lek\u00f3w dla przychodni zdrowia w Djouth<\/title>\n<meta name=\"description\" content=\"Dofinansowanie zakupu lek\u00f3w dla przychodni zdrowia w Djouth w Kamerunie. O pomoc prosz\u0105 misjonarki ze Zgromadzenia Si\u00f3str Naj\u015bw. Duszy Chrystusa Pana.\" \/>\n<meta name=\"robots\" content=\"index, follow, max-snippet:-1, max-image-preview:large, max-video-preview:-1\" \/>\n<link rel=\"canonical\" href=\"https:\/\/www.maitri.pl\/projekt\/dofinansowanie-lekow-djouth\/\" \/>\n<meta property=\"og:locale\" content=\"fr_FR\" \/>\n<meta property=\"og:type\" content=\"article\" \/>\n<meta property=\"og:title\" content=\"Dofinansowanie zakupu lek\u00f3w dla przychodni zdrowia w Djouth\" \/>\n<meta property=\"og:description\" content=\"Dofinansowanie zakupu lek\u00f3w dla przychodni zdrowia w Djouth w Kamerunie. O pomoc prosz\u0105 misjonarki ze Zgromadzenia Si\u00f3str Naj\u015bw. Duszy Chrystusa Pana.\" \/>\n<meta property=\"og:url\" content=\"https:\/\/www.maitri.pl\/projekt\/dofinansowanie-lekow-djouth\/\" \/>\n<meta property=\"og:site_name\" content=\"Ruch Maitri - Adopcja Serca pomoc Afryce\" \/>\n<meta property=\"article:publisher\" content=\"https:\/\/www.facebook.com\/MAITRI.Adopcja.Serca.dzieci.Afryki\/\" \/>\n<meta property=\"article:modified_time\" content=\"2025-03-31T12:18:06+00:00\" \/>\n<meta property=\"og:image\" content=\"https:\/\/www.maitri.pl\/wp-content\/uploads\/2024\/02\/161-chrys.jpeg\" \/>\n\t<meta property=\"og:image:width\" content=\"1200\" \/>\n\t<meta property=\"og:image:height\" content=\"1600\" \/>\n\t<meta property=\"og:image:type\" content=\"image\/jpeg\" \/>\n<meta name=\"twitter:card\" content=\"summary_large_image\" \/>\n<meta name=\"twitter:label1\" content=\"Dur\u00e9e de lecture estim\u00e9e\" \/>\n\t<meta name=\"twitter:data1\" content=\"3 minutes\" \/>\n<script type=\"application\/ld+json\" class=\"yoast-schema-graph\">{\"@context\":\"https:\/\/schema.org\",\"@graph\":[{\"@type\":\"WebPage\",\"@id\":\"https:\/\/www.maitri.pl\/projekt\/dofinansowanie-lekow-djouth\/\",\"url\":\"https:\/\/www.maitri.pl\/projekt\/dofinansowanie-lekow-djouth\/\",\"name\":\"Dofinansowanie zakupu lek\u00f3w dla przychodni zdrowia w Djouth\",\"isPartOf\":{\"@id\":\"https:\/\/www.maitri.pl\/#website\"},\"primaryImageOfPage\":{\"@id\":\"https:\/\/www.maitri.pl\/projekt\/dofinansowanie-lekow-djouth\/#primaryimage\"},\"image\":{\"@id\":\"https:\/\/www.maitri.pl\/projekt\/dofinansowanie-lekow-djouth\/#primaryimage\"},\"thumbnailUrl\":\"https:\/\/www.maitri.pl\/wp-content\/uploads\/2024\/02\/161-chrys.jpeg\",\"datePublished\":\"2024-02-22T21:49:10+00:00\",\"dateModified\":\"2025-03-31T12:18:06+00:00\",\"description\":\"Dofinansowanie zakupu lek\u00f3w dla przychodni zdrowia w Djouth w Kamerunie. O pomoc prosz\u0105 misjonarki ze Zgromadzenia Si\u00f3str Naj\u015bw. Duszy Chrystusa Pana.\",\"breadcrumb\":{\"@id\":\"https:\/\/www.maitri.pl\/projekt\/dofinansowanie-lekow-djouth\/#breadcrumb\"},\"inLanguage\":\"fr-FR\",\"potentialAction\":[{\"@type\":\"ReadAction\",\"target\":[\"https:\/\/www.maitri.pl\/projekt\/dofinansowanie-lekow-djouth\/\"]}]},{\"@type\":\"ImageObject\",\"inLanguage\":\"fr-FR\",\"@id\":\"https:\/\/www.maitri.pl\/projekt\/dofinansowanie-lekow-djouth\/#primaryimage\",\"url\":\"https:\/\/www.maitri.pl\/wp-content\/uploads\/2024\/02\/161-chrys.jpeg\",\"contentUrl\":\"https:\/\/www.maitri.pl\/wp-content\/uploads\/2024\/02\/161-chrys.jpeg\",\"width\":1200,\"height\":1600,\"caption\":\"Dofinansowanie zakupu lek\u00f3w dla przychodni zdrowia w Djouth w Kamerunie Adopcja Serca Maitri Adopcja Duchowa pomoc Afryce 08\"},{\"@type\":\"BreadcrumbList\",\"@id\":\"https:\/\/www.maitri.pl\/projekt\/dofinansowanie-lekow-djouth\/#breadcrumb\",\"itemListElement\":[{\"@type\":\"ListItem\",\"position\":1,\"name\":\"Strona g\u0142\u00f3wna\",\"item\":\"https:\/\/www.maitri.pl\/\"},{\"@type\":\"ListItem\",\"position\":2,\"name\":\"Sklep\",\"item\":\"https:\/\/www.maitri.pl\/sklep\/\"},{\"@type\":\"ListItem\",\"position\":3,\"name\":\"Dofinansowanie zakupu lek\u00f3w dla przychodni zdrowia w Djouth w Kamerunie\"}]},{\"@type\":\"WebSite\",\"@id\":\"https:\/\/www.maitri.pl\/#website\",\"url\":\"https:\/\/www.maitri.pl\/\",\"name\":\"Adopcja Serca Maitri \u2013 pomoc dzieciom w Afryce\",\"description\":\"Adopcja Serca \u2013 adopcja na odleg\u0142o\u015b\u0107, pomoc Afryce, do\u017cywianie i edukacja w Afryce\",\"publisher\":{\"@id\":\"https:\/\/www.maitri.pl\/#organization\"},\"potentialAction\":[{\"@type\":\"SearchAction\",\"target\":{\"@type\":\"EntryPoint\",\"urlTemplate\":\"https:\/\/www.maitri.pl\/?s={search_term_string}\"},\"query-input\":{\"@type\":\"PropertyValueSpecification\",\"valueRequired\":true,\"valueName\":\"search_term_string\"}}],\"inLanguage\":\"fr-FR\"},{\"@type\":\"Organization\",\"@id\":\"https:\/\/www.maitri.pl\/#organization\",\"name\":\"Stowarzyszenie Ruchu Maitri\",\"url\":\"https:\/\/www.maitri.pl\/\",\"logo\":{\"@type\":\"ImageObject\",\"inLanguage\":\"fr-FR\",\"@id\":\"https:\/\/www.maitri.pl\/#\/schema\/logo\/image\/\",\"url\":\"https:\/\/www.maitri.pl\/wp-content\/uploads\/2020\/04\/duze_logo-81.png\",\"contentUrl\":\"https:\/\/www.maitri.pl\/wp-content\/uploads\/2020\/04\/duze_logo-81.png\",\"width\":339,\"height\":321,\"caption\":\"Stowarzyszenie Ruchu Maitri\"},\"image\":{\"@id\":\"https:\/\/www.maitri.pl\/#\/schema\/logo\/image\/\"},\"sameAs\":[\"https:\/\/www.facebook.com\/MAITRI.Adopcja.Serca.dzieci.Afryki\/\"]}]}<\/script>\n<!-- \/ Yoast SEO plugin. -->","yoast_head_json":{"title":"Dofinansowanie zakupu lek\u00f3w dla przychodni zdrowia w Djouth","description":"Dofinansowanie zakupu lek\u00f3w dla przychodni zdrowia w Djouth w Kamerunie. O pomoc prosz\u0105 misjonarki ze Zgromadzenia Si\u00f3str Naj\u015bw. Duszy Chrystusa Pana.","robots":{"index":"index","follow":"follow","max-snippet":"max-snippet:-1","max-image-preview":"max-image-preview:large","max-video-preview":"max-video-preview:-1"},"canonical":"https:\/\/www.maitri.pl\/projekt\/dofinansowanie-lekow-djouth\/","og_locale":"fr_FR","og_type":"article","og_title":"Dofinansowanie zakupu lek\u00f3w dla przychodni zdrowia w Djouth","og_description":"Dofinansowanie zakupu lek\u00f3w dla przychodni zdrowia w Djouth w Kamerunie. O pomoc prosz\u0105 misjonarki ze Zgromadzenia Si\u00f3str Naj\u015bw. Duszy Chrystusa Pana.","og_url":"https:\/\/www.maitri.pl\/projekt\/dofinansowanie-lekow-djouth\/","og_site_name":"Ruch Maitri - Adopcja Serca pomoc Afryce","article_publisher":"https:\/\/www.facebook.com\/MAITRI.Adopcja.Serca.dzieci.Afryki\/","article_modified_time":"2025-03-31T12:18:06+00:00","og_image":[{"width":1200,"height":1600,"url":"https:\/\/www.maitri.pl\/wp-content\/uploads\/2024\/02\/161-chrys.jpeg","type":"image\/jpeg"}],"twitter_card":"summary_large_image","twitter_misc":{"Dur\u00e9e de lecture estim\u00e9e":"3 minutes"},"schema":{"@context":"https:\/\/schema.org","@graph":[{"@type":"WebPage","@id":"https:\/\/www.maitri.pl\/projekt\/dofinansowanie-lekow-djouth\/","url":"https:\/\/www.maitri.pl\/projekt\/dofinansowanie-lekow-djouth\/","name":"Dofinansowanie zakupu lek\u00f3w dla przychodni zdrowia w Djouth","isPartOf":{"@id":"https:\/\/www.maitri.pl\/#website"},"primaryImageOfPage":{"@id":"https:\/\/www.maitri.pl\/projekt\/dofinansowanie-lekow-djouth\/#primaryimage"},"image":{"@id":"https:\/\/www.maitri.pl\/projekt\/dofinansowanie-lekow-djouth\/#primaryimage"},"thumbnailUrl":"https:\/\/www.maitri.pl\/wp-content\/uploads\/2024\/02\/161-chrys.jpeg","datePublished":"2024-02-22T21:49:10+00:00","dateModified":"2025-03-31T12:18:06+00:00","description":"Dofinansowanie zakupu lek\u00f3w dla przychodni zdrowia w Djouth w Kamerunie. O pomoc prosz\u0105 misjonarki ze Zgromadzenia Si\u00f3str Naj\u015bw. Duszy Chrystusa Pana.","breadcrumb":{"@id":"https:\/\/www.maitri.pl\/projekt\/dofinansowanie-lekow-djouth\/#breadcrumb"},"inLanguage":"fr-FR","potentialAction":[{"@type":"ReadAction","target":["https:\/\/www.maitri.pl\/projekt\/dofinansowanie-lekow-djouth\/"]}]},{"@type":"ImageObject","inLanguage":"fr-FR","@id":"https:\/\/www.maitri.pl\/projekt\/dofinansowanie-lekow-djouth\/#primaryimage","url":"https:\/\/www.maitri.pl\/wp-content\/uploads\/2024\/02\/161-chrys.jpeg","contentUrl":"https:\/\/www.maitri.pl\/wp-content\/uploads\/2024\/02\/161-chrys.jpeg","width":1200,"height":1600,"caption":"Dofinansowanie zakupu lek\u00f3w dla przychodni zdrowia w Djouth w Kamerunie Adopcja Serca Maitri Adopcja Duchowa pomoc Afryce 08"},{"@type":"BreadcrumbList","@id":"https:\/\/www.maitri.pl\/projekt\/dofinansowanie-lekow-djouth\/#breadcrumb","itemListElement":[{"@type":"ListItem","position":1,"name":"Strona g\u0142\u00f3wna","item":"https:\/\/www.maitri.pl\/"},{"@type":"ListItem","position":2,"name":"Sklep","item":"https:\/\/www.maitri.pl\/sklep\/"},{"@type":"ListItem","position":3,"name":"Dofinansowanie zakupu lek\u00f3w dla przychodni zdrowia w Djouth w Kamerunie"}]},{"@type":"WebSite","@id":"https:\/\/www.maitri.pl\/#website","url":"https:\/\/www.maitri.pl\/","name":"Adopcja Serca Maitri \u2013 pomoc dzieciom w Afryce","description":"Adopcja Serca \u2013 adopcja na odleg\u0142o\u015b\u0107, pomoc Afryce, do\u017cywianie i edukacja w Afryce","publisher":{"@id":"https:\/\/www.maitri.pl\/#organization"},"potentialAction":[{"@type":"SearchAction","target":{"@type":"EntryPoint","urlTemplate":"https:\/\/www.maitri.pl\/?s={search_term_string}"},"query-input":{"@type":"PropertyValueSpecification","valueRequired":true,"valueName":"search_term_string"}}],"inLanguage":"fr-FR"},{"@type":"Organization","@id":"https:\/\/www.maitri.pl\/#organization","name":"Stowarzyszenie Ruchu Maitri","url":"https:\/\/www.maitri.pl\/","logo":{"@type":"ImageObject","inLanguage":"fr-FR","@id":"https:\/\/www.maitri.pl\/#\/schema\/logo\/image\/","url":"https:\/\/www.maitri.pl\/wp-content\/uploads\/2020\/04\/duze_logo-81.png","contentUrl":"https:\/\/www.maitri.pl\/wp-content\/uploads\/2020\/04\/duze_logo-81.png","width":339,"height":321,"caption":"Stowarzyszenie Ruchu Maitri"},"image":{"@id":"https:\/\/www.maitri.pl\/#\/schema\/logo\/image\/"},"sameAs":["https:\/\/www.facebook.com\/MAITRI.Adopcja.Serca.dzieci.Afryki\/"]}]}},"_links":{"self":[{"href":"https:\/\/www.maitri.pl\/fr\/wp-json\/wp\/v2\/product\/30895","targetHints":{"allow":["GET"]}}],"collection":[{"href":"https:\/\/www.maitri.pl\/fr\/wp-json\/wp\/v2\/product"}],"about":[{"href":"https:\/\/www.maitri.pl\/fr\/wp-json\/wp\/v2\/types\/product"}],"wp:featuredmedia":[{"embeddable":true,"href":"https:\/\/www.maitri.pl\/fr\/wp-json\/wp\/v2\/media\/30931"}],"wp:attachment":[{"href":"https:\/\/www.maitri.pl\/fr\/wp-json\/wp\/v2\/media?parent=30895"}],"wp:term":[{"taxonomy":"product_brand","embeddable":true,"href":"https:\/\/www.maitri.pl\/fr\/wp-json\/wp\/v2\/product_brand?post=30895"},{"taxonomy":"product_cat","embeddable":true,"href":"https:\/\/www.maitri.pl\/fr\/wp-json\/wp\/v2\/product_cat?post=30895"},{"taxonomy":"product_tag","embeddable":true,"href":"https:\/\/www.maitri.pl\/fr\/wp-json\/wp\/v2\/product_tag?post=30895"}],"curies":[{"name":"wp","href":"https:\/\/api.w.org\/{rel}","templated":true}]}}