{"id":30878,"date":"2024-02-22T20:04:04","date_gmt":"2024-02-22T19:04:04","guid":{"rendered":"https:\/\/www.maitri.pl\/?post_type=product&#038;p=30878"},"modified":"2025-03-31T14:17:57","modified_gmt":"2025-03-31T12:17:57","slug":"srodki-dezynfekujace-kamerun","status":"publish","type":"product","link":"https:\/\/www.maitri.pl\/fr\/projekt\/srodki-dezynfekujace-kamerun\/","title":{"rendered":"\u015arodki dezynfekuj\u0105ce, higieniczne oraz \u017cywno\u015b\u0107 dla przychodni w Djouth w Kamerunie"},"content":{"rendered":"<h4>W trosce o pacjent\u00f3w<\/h4>\n<p>Siostra Donata Zofia Krupa przebywa w Kamerunie od 2002 roku. Pracuje w misji Zgromadzenia Si\u00f3str od Anio\u0142\u00f3w. Siostra Krupa prowadzi misyjn\u0105 przychodni\u0119, kt\u00f3ra \u015bwiadczy opiek\u0119 zdrowotn\u0105 dla mieszka\u0144c\u00f3w okolicznych wiosek. Nierzadko <a href=\"https:\/\/www.maitri.pl\/projekt\/fundusz-pomocy-ubogim-wplata-na-dowolny-projekt\/\" target=\"_blank\" rel=\"noopener\">chorzy<\/a> przybywaj\u0105 do misji z odleg\u0142ych teren\u00f3w. To ubogi region. Dlatego Siostra Krupa zwr\u00f3ci\u0142a si\u0119 do nas z pro\u015bb\u0105 o pomoc w utrzymaniu higieny na terenie przychodni. W tym celu organizujemy zbi\u00f3rk\u0119 na \u015brodki dezynfekuj\u0105ce, higieniczne oraz \u017cywno\u015b\u0107 dla przychodni w Djouth w Kamerunie. W\u015br\u00f3d niezb\u0119dnych \u015brodk\u00f3w jest m.in. myd\u0142o, \u017cel do dezynfekcji r\u0105k oraz \u015brodki czysto\u015bci. W trosce o zdrowie pacjent\u00f3w bardzo potrzebne jest tak\u017ce do\u017cywianie chorych.<\/p>\n<h4>Um\u0119czeni i g\u0142odni<\/h4>\n<p>Do przychodni w Djouth chorzy przychodz\u0105 z odleg\u0142ych wiosek. Po d\u0142ugiej podr\u00f3\u017cy na pieszo s\u0105 um\u0119czeni, g\u0142odni i pokryci kurzem. Staramy si\u0119 jak mo\u017cemy, by oferowa\u0107 pos\u0142ug\u0119 chorym. Jednak wymagaj\u0105 oni nie tylko opieki medycznej, ale r\u00f3wnie\u017c tej ludzkiej. Chodzi tu w\u0142a\u015bnie o umycie si\u0119, otrzymania czego\u015b do zjedzenia, ciep\u0142ego posi\u0142ku. St\u0105d pro\u015bba o \u015brodki dezynfekuj\u0105ce, higieniczne oraz \u017cywno\u015b\u0107 dla przychodni w Djouth w Kamerunie. Zbi\u00f3rka pieni\u0119dzy na zakup \u015brodk\u00f3w i \u017cywno\u015bci pomo\u017ce ul\u017cy\u0107 w cierpieniu wielu ludziom, w tym przede wszystkim najbardziej potrzebuj\u0105cym.<\/p>\n<h4>Niezb\u0119dna jest pomoc<\/h4>\n<p>Planujemy zakupi\u0107 najbardziej niezb\u0119dne \u015brodki dezynfekcyjne: chlor, \u017cele do r\u0105k, myd\u0142o, wiadra. Obserwuj\u0105c sytuacj\u0119 w Kamerunie, kt\u00f3ra stale si\u0119 pogarsza, mam obaw\u0119, \u017ce wkr\u00f3tce pojawi si\u0119 problem niedo\u017cywienia u dzieci. Wynika to z ci\u0105g\u0142ego podwy\u017cszania cen towar\u00f3w takich, jak: ry\u017c, olej i inne produkty \u017cywno\u015bciowe. Dzi\u0119ki wsparciu Waszej Fundacji mog\u0119 liczy\u0107 na mo\u017cliwo\u015bci niesienia pomocy dla najm\u0142odszych (dzieci) oraz tych kt\u00f3rzy wielekro\u0107 s\u0105 pozostawieni sami sobie &#8211; ludzi starszych. Wci\u0105\u017c jeste\u015bmy jedynym punktem w okolicy, gdzie ludzie mog\u0105 przyj\u015b\u0107 z nadziej\u0105 lepszego jutra i prze\u017cycia. Realizacj\u0119 projektu przewiduje si\u0119 na okres od wrze\u015bnia 2024 do czerwca 2025. Ufam, \u017ce pozytywnie przyjmiecie moj\u0105 pro\u015bb\u0119 o pomoc. Tak, jak w poprzednich latach, bardzo nam wtedy pomogli\u015bcie. Jestem wdzi\u0119czna za ka\u017cde udzielone przez Was wsparcie!<\/p>\n<p><img loading=\"lazy\" decoding=\"async\" class=\"alignnone wp-image-30879 size-full\" src=\"https:\/\/www.maitri.pl\/wp-content\/uploads\/2024\/02\/160-chrys.png\" alt=\"\" width=\"959\" height=\"510\" srcset=\"https:\/\/www.maitri.pl\/wp-content\/uploads\/2024\/02\/160-chrys.png 959w, https:\/\/www.maitri.pl\/wp-content\/uploads\/2024\/02\/160-chrys-300x160.png 300w, https:\/\/www.maitri.pl\/wp-content\/uploads\/2024\/02\/160-chrys-768x408.png 768w, https:\/\/www.maitri.pl\/wp-content\/uploads\/2024\/02\/160-chrys-600x319.png 600w\" sizes=\"auto, (max-width: 959px) 100vw, 959px\" \/><\/p>\n<p>Siostra Donata Zofia Krupa<em>, <a href=\"https:\/\/www.zyciezakonne.pl\/informator\/zakony-zenskie\/zgromadzenie-siostr-najswietszej-duszy-chrystusa-pana-525\/\" target=\"_blank\" rel=\"noopener noreferrer\">Zgromadzenie Si\u00f3str Naj\u015bwi\u0119tszej Duszy Chrystusa Pana<\/a><\/em><\/p>\n<p><strong>Podsumowanie w miejscowej walucie: 2 075 000 frank\u00f3w CFA<\/strong><\/p>\n<p style=\"text-align: justify;\" align=\"JUSTIFY\"><span style=\"color: #ff0000;\"><span style=\"font-size: large;\"><b>Kwota projektu: 3560 \u20ac<br \/>\n<\/b><\/span><\/span><\/p>\n<p style=\"text-align: justify;\"><strong>Numer projektu: 160\/CHRYS<\/strong><\/p>\n<p style=\"text-align: justify;\" align=\"JUSTIFY\"><span style=\"color: #808080;\">Stowarzyszenie Ruchu\u00a0<em>Maitri<\/em>\u00a0przeznacza do 10% otrzymanych \u015brodk\u00f3w na koszty funkcjonowania biura i pozyskiwanie funduszy pomocowych.<\/span><\/p>\n<h3 style=\"text-align: justify;\" align=\"JUSTIFY\"><span style=\"color: #808080;\">\u015arodki dezynfekuj\u0105ce, higieniczne oraz \u017cywno\u015b\u0107 dla przychodni w Djouth w Kamerunie<\/span><\/h3>\n<p>&nbsp;<\/p>\n","protected":false},"excerpt":{"rendered":"<p><strong>Projekt:\u00a0<\/strong> <em>s. Donata Zofia Krupa, <a href=\"https:\/\/www.zyciezakonne.pl\/informator\/zakony-zenskie\/zgromadzenie-siostr-najswietszej-duszy-chrystusa-pana-525\/\" target=\"_blank\" rel=\"noopener noreferrer\">Zgromadzenie Si\u00f3str Naj\u015bwi\u0119tszej Duszy Chrystusa Pana<\/a><\/em><br \/>\n<strong>Misja:<\/strong> Djouth, <a href=\"https:\/\/www.maitri.pl\/gdzie-pomagamy\/\" target=\"_blank\" rel=\"noopener noreferrer\">Kamerun<\/a><br \/>\n<strong>Kwota projektu: <span style=\"color: #ff0000;\">3560 \u20ac<\/span><\/strong><\/p>\n","protected":false},"featured_media":30892,"template":"","meta":[],"product_brand":[],"product_cat":[656],"product_tag":[730,658,874,660],"class_list":{"0":"post-30878","1":"product","2":"type-product","3":"status-publish","4":"has-post-thumbnail","6":"product_cat-bez-kategorii","7":"product_tag-djouth","8":"product_tag-kamerun","9":"product_tag-siostra-donata-krupa","10":"product_tag-zgromadzenie-siostr-najswietszej-duszy-chrystusa-pana","12":"first","13":"instock","14":"virtual","15":"purchasable","16":"product-type-simple"},"yoast_head":"<!-- This site is optimized with the Yoast SEO plugin v27.2 - https:\/\/yoast.com\/product\/yoast-seo-wordpress\/ -->\n<title>\u015arodki dezynfekuj\u0105ce, higieny oraz \u017cywno\u015b\u0107 dla pacjent\u00f3w z Djouth<\/title>\n<meta name=\"description\" content=\"\u015arodki dezynfekuj\u0105ce, higieniczne oraz \u017cywno\u015b\u0107 dla pacjent\u00f3w przychodni w Djouth w Kamerunie. O pomoc prosz\u0105 Siostry Naj\u015bw. Duszy Chrystusa Pana.\" \/>\n<meta name=\"robots\" content=\"index, follow, max-snippet:-1, max-image-preview:large, max-video-preview:-1\" \/>\n<link rel=\"canonical\" href=\"https:\/\/www.maitri.pl\/projekt\/srodki-dezynfekujace-kamerun\/\" \/>\n<meta property=\"og:locale\" content=\"fr_FR\" \/>\n<meta property=\"og:type\" content=\"article\" \/>\n<meta property=\"og:title\" content=\"\u015arodki dezynfekuj\u0105ce, higieny oraz \u017cywno\u015b\u0107 dla pacjent\u00f3w z Djouth\" \/>\n<meta property=\"og:description\" content=\"\u015arodki dezynfekuj\u0105ce, higieniczne oraz \u017cywno\u015b\u0107 dla pacjent\u00f3w przychodni w Djouth w Kamerunie. O pomoc prosz\u0105 Siostry Naj\u015bw. Duszy Chrystusa Pana.\" \/>\n<meta property=\"og:url\" content=\"https:\/\/www.maitri.pl\/projekt\/srodki-dezynfekujace-kamerun\/\" \/>\n<meta property=\"og:site_name\" content=\"Ruch Maitri - Adopcja Serca pomoc Afryce\" \/>\n<meta property=\"article:publisher\" content=\"https:\/\/www.facebook.com\/MAITRI.Adopcja.Serca.dzieci.Afryki\/\" \/>\n<meta property=\"article:modified_time\" content=\"2025-03-31T12:17:57+00:00\" \/>\n<meta property=\"og:image\" content=\"https:\/\/www.maitri.pl\/wp-content\/uploads\/2024\/02\/20121127-LS-05914.jpg\" \/>\n\t<meta property=\"og:image:width\" content=\"1000\" \/>\n\t<meta property=\"og:image:height\" content=\"665\" \/>\n\t<meta property=\"og:image:type\" content=\"image\/jpeg\" \/>\n<meta name=\"twitter:card\" content=\"summary_large_image\" \/>\n<meta name=\"twitter:label1\" content=\"Dur\u00e9e de lecture estim\u00e9e\" \/>\n\t<meta name=\"twitter:data1\" content=\"3 minutes\" \/>\n<script type=\"application\/ld+json\" class=\"yoast-schema-graph\">{\"@context\":\"https:\/\/schema.org\",\"@graph\":[{\"@type\":\"WebPage\",\"@id\":\"https:\/\/www.maitri.pl\/projekt\/srodki-dezynfekujace-kamerun\/\",\"url\":\"https:\/\/www.maitri.pl\/projekt\/srodki-dezynfekujace-kamerun\/\",\"name\":\"\u015arodki dezynfekuj\u0105ce, higieny oraz \u017cywno\u015b\u0107 dla pacjent\u00f3w z Djouth\",\"isPartOf\":{\"@id\":\"https:\/\/www.maitri.pl\/#website\"},\"primaryImageOfPage\":{\"@id\":\"https:\/\/www.maitri.pl\/projekt\/srodki-dezynfekujace-kamerun\/#primaryimage\"},\"image\":{\"@id\":\"https:\/\/www.maitri.pl\/projekt\/srodki-dezynfekujace-kamerun\/#primaryimage\"},\"thumbnailUrl\":\"https:\/\/www.maitri.pl\/wp-content\/uploads\/2024\/02\/20121127-LS-05914.jpg\",\"datePublished\":\"2024-02-22T19:04:04+00:00\",\"dateModified\":\"2025-03-31T12:17:57+00:00\",\"description\":\"\u015arodki dezynfekuj\u0105ce, higieniczne oraz \u017cywno\u015b\u0107 dla pacjent\u00f3w przychodni w Djouth w Kamerunie. O pomoc prosz\u0105 Siostry Naj\u015bw. Duszy Chrystusa Pana.\",\"breadcrumb\":{\"@id\":\"https:\/\/www.maitri.pl\/projekt\/srodki-dezynfekujace-kamerun\/#breadcrumb\"},\"inLanguage\":\"fr-FR\",\"potentialAction\":[{\"@type\":\"ReadAction\",\"target\":[\"https:\/\/www.maitri.pl\/projekt\/srodki-dezynfekujace-kamerun\/\"]}]},{\"@type\":\"ImageObject\",\"inLanguage\":\"fr-FR\",\"@id\":\"https:\/\/www.maitri.pl\/projekt\/srodki-dezynfekujace-kamerun\/#primaryimage\",\"url\":\"https:\/\/www.maitri.pl\/wp-content\/uploads\/2024\/02\/20121127-LS-05914.jpg\",\"contentUrl\":\"https:\/\/www.maitri.pl\/wp-content\/uploads\/2024\/02\/20121127-LS-05914.jpg\",\"width\":1000,\"height\":665,\"caption\":\"\u015arodki dezynfekuj\u0105ce, higieniczne oraz \u017cywno\u015b\u0107 dla przychodni w Djouth w Kamerunie pomoc Afryce Adopcja Serca Adopcja Duchowa Maitri 01\"},{\"@type\":\"BreadcrumbList\",\"@id\":\"https:\/\/www.maitri.pl\/projekt\/srodki-dezynfekujace-kamerun\/#breadcrumb\",\"itemListElement\":[{\"@type\":\"ListItem\",\"position\":1,\"name\":\"Strona g\u0142\u00f3wna\",\"item\":\"https:\/\/www.maitri.pl\/\"},{\"@type\":\"ListItem\",\"position\":2,\"name\":\"Sklep\",\"item\":\"https:\/\/www.maitri.pl\/sklep\/\"},{\"@type\":\"ListItem\",\"position\":3,\"name\":\"\u015arodki dezynfekuj\u0105ce, higieniczne oraz \u017cywno\u015b\u0107 dla przychodni w Djouth w Kamerunie\"}]},{\"@type\":\"WebSite\",\"@id\":\"https:\/\/www.maitri.pl\/#website\",\"url\":\"https:\/\/www.maitri.pl\/\",\"name\":\"Adopcja Serca Maitri \u2013 pomoc dzieciom w Afryce\",\"description\":\"Adopcja Serca \u2013 adopcja na odleg\u0142o\u015b\u0107, pomoc Afryce, do\u017cywianie i edukacja w Afryce\",\"publisher\":{\"@id\":\"https:\/\/www.maitri.pl\/#organization\"},\"potentialAction\":[{\"@type\":\"SearchAction\",\"target\":{\"@type\":\"EntryPoint\",\"urlTemplate\":\"https:\/\/www.maitri.pl\/?s={search_term_string}\"},\"query-input\":{\"@type\":\"PropertyValueSpecification\",\"valueRequired\":true,\"valueName\":\"search_term_string\"}}],\"inLanguage\":\"fr-FR\"},{\"@type\":\"Organization\",\"@id\":\"https:\/\/www.maitri.pl\/#organization\",\"name\":\"Stowarzyszenie Ruchu Maitri\",\"url\":\"https:\/\/www.maitri.pl\/\",\"logo\":{\"@type\":\"ImageObject\",\"inLanguage\":\"fr-FR\",\"@id\":\"https:\/\/www.maitri.pl\/#\/schema\/logo\/image\/\",\"url\":\"https:\/\/www.maitri.pl\/wp-content\/uploads\/2020\/04\/duze_logo-81.png\",\"contentUrl\":\"https:\/\/www.maitri.pl\/wp-content\/uploads\/2020\/04\/duze_logo-81.png\",\"width\":339,\"height\":321,\"caption\":\"Stowarzyszenie Ruchu Maitri\"},\"image\":{\"@id\":\"https:\/\/www.maitri.pl\/#\/schema\/logo\/image\/\"},\"sameAs\":[\"https:\/\/www.facebook.com\/MAITRI.Adopcja.Serca.dzieci.Afryki\/\"]}]}<\/script>\n<!-- \/ Yoast SEO plugin. -->","yoast_head_json":{"title":"\u015arodki dezynfekuj\u0105ce, higieny oraz \u017cywno\u015b\u0107 dla pacjent\u00f3w z Djouth","description":"\u015arodki dezynfekuj\u0105ce, higieniczne oraz \u017cywno\u015b\u0107 dla pacjent\u00f3w przychodni w Djouth w Kamerunie. O pomoc prosz\u0105 Siostry Naj\u015bw. Duszy Chrystusa Pana.","robots":{"index":"index","follow":"follow","max-snippet":"max-snippet:-1","max-image-preview":"max-image-preview:large","max-video-preview":"max-video-preview:-1"},"canonical":"https:\/\/www.maitri.pl\/projekt\/srodki-dezynfekujace-kamerun\/","og_locale":"fr_FR","og_type":"article","og_title":"\u015arodki dezynfekuj\u0105ce, higieny oraz \u017cywno\u015b\u0107 dla pacjent\u00f3w z Djouth","og_description":"\u015arodki dezynfekuj\u0105ce, higieniczne oraz \u017cywno\u015b\u0107 dla pacjent\u00f3w przychodni w Djouth w Kamerunie. O pomoc prosz\u0105 Siostry Naj\u015bw. Duszy Chrystusa Pana.","og_url":"https:\/\/www.maitri.pl\/projekt\/srodki-dezynfekujace-kamerun\/","og_site_name":"Ruch Maitri - Adopcja Serca pomoc Afryce","article_publisher":"https:\/\/www.facebook.com\/MAITRI.Adopcja.Serca.dzieci.Afryki\/","article_modified_time":"2025-03-31T12:17:57+00:00","og_image":[{"width":1000,"height":665,"url":"https:\/\/www.maitri.pl\/wp-content\/uploads\/2024\/02\/20121127-LS-05914.jpg","type":"image\/jpeg"}],"twitter_card":"summary_large_image","twitter_misc":{"Dur\u00e9e de lecture estim\u00e9e":"3 minutes"},"schema":{"@context":"https:\/\/schema.org","@graph":[{"@type":"WebPage","@id":"https:\/\/www.maitri.pl\/projekt\/srodki-dezynfekujace-kamerun\/","url":"https:\/\/www.maitri.pl\/projekt\/srodki-dezynfekujace-kamerun\/","name":"\u015arodki dezynfekuj\u0105ce, higieny oraz \u017cywno\u015b\u0107 dla pacjent\u00f3w z Djouth","isPartOf":{"@id":"https:\/\/www.maitri.pl\/#website"},"primaryImageOfPage":{"@id":"https:\/\/www.maitri.pl\/projekt\/srodki-dezynfekujace-kamerun\/#primaryimage"},"image":{"@id":"https:\/\/www.maitri.pl\/projekt\/srodki-dezynfekujace-kamerun\/#primaryimage"},"thumbnailUrl":"https:\/\/www.maitri.pl\/wp-content\/uploads\/2024\/02\/20121127-LS-05914.jpg","datePublished":"2024-02-22T19:04:04+00:00","dateModified":"2025-03-31T12:17:57+00:00","description":"\u015arodki dezynfekuj\u0105ce, higieniczne oraz \u017cywno\u015b\u0107 dla pacjent\u00f3w przychodni w Djouth w Kamerunie. O pomoc prosz\u0105 Siostry Naj\u015bw. Duszy Chrystusa Pana.","breadcrumb":{"@id":"https:\/\/www.maitri.pl\/projekt\/srodki-dezynfekujace-kamerun\/#breadcrumb"},"inLanguage":"fr-FR","potentialAction":[{"@type":"ReadAction","target":["https:\/\/www.maitri.pl\/projekt\/srodki-dezynfekujace-kamerun\/"]}]},{"@type":"ImageObject","inLanguage":"fr-FR","@id":"https:\/\/www.maitri.pl\/projekt\/srodki-dezynfekujace-kamerun\/#primaryimage","url":"https:\/\/www.maitri.pl\/wp-content\/uploads\/2024\/02\/20121127-LS-05914.jpg","contentUrl":"https:\/\/www.maitri.pl\/wp-content\/uploads\/2024\/02\/20121127-LS-05914.jpg","width":1000,"height":665,"caption":"\u015arodki dezynfekuj\u0105ce, higieniczne oraz \u017cywno\u015b\u0107 dla przychodni w Djouth w Kamerunie pomoc Afryce Adopcja Serca Adopcja Duchowa Maitri 01"},{"@type":"BreadcrumbList","@id":"https:\/\/www.maitri.pl\/projekt\/srodki-dezynfekujace-kamerun\/#breadcrumb","itemListElement":[{"@type":"ListItem","position":1,"name":"Strona g\u0142\u00f3wna","item":"https:\/\/www.maitri.pl\/"},{"@type":"ListItem","position":2,"name":"Sklep","item":"https:\/\/www.maitri.pl\/sklep\/"},{"@type":"ListItem","position":3,"name":"\u015arodki dezynfekuj\u0105ce, higieniczne oraz \u017cywno\u015b\u0107 dla przychodni w Djouth w Kamerunie"}]},{"@type":"WebSite","@id":"https:\/\/www.maitri.pl\/#website","url":"https:\/\/www.maitri.pl\/","name":"Adopcja Serca Maitri \u2013 pomoc dzieciom w Afryce","description":"Adopcja Serca \u2013 adopcja na odleg\u0142o\u015b\u0107, pomoc Afryce, do\u017cywianie i edukacja w Afryce","publisher":{"@id":"https:\/\/www.maitri.pl\/#organization"},"potentialAction":[{"@type":"SearchAction","target":{"@type":"EntryPoint","urlTemplate":"https:\/\/www.maitri.pl\/?s={search_term_string}"},"query-input":{"@type":"PropertyValueSpecification","valueRequired":true,"valueName":"search_term_string"}}],"inLanguage":"fr-FR"},{"@type":"Organization","@id":"https:\/\/www.maitri.pl\/#organization","name":"Stowarzyszenie Ruchu Maitri","url":"https:\/\/www.maitri.pl\/","logo":{"@type":"ImageObject","inLanguage":"fr-FR","@id":"https:\/\/www.maitri.pl\/#\/schema\/logo\/image\/","url":"https:\/\/www.maitri.pl\/wp-content\/uploads\/2020\/04\/duze_logo-81.png","contentUrl":"https:\/\/www.maitri.pl\/wp-content\/uploads\/2020\/04\/duze_logo-81.png","width":339,"height":321,"caption":"Stowarzyszenie Ruchu Maitri"},"image":{"@id":"https:\/\/www.maitri.pl\/#\/schema\/logo\/image\/"},"sameAs":["https:\/\/www.facebook.com\/MAITRI.Adopcja.Serca.dzieci.Afryki\/"]}]}},"_links":{"self":[{"href":"https:\/\/www.maitri.pl\/fr\/wp-json\/wp\/v2\/product\/30878","targetHints":{"allow":["GET"]}}],"collection":[{"href":"https:\/\/www.maitri.pl\/fr\/wp-json\/wp\/v2\/product"}],"about":[{"href":"https:\/\/www.maitri.pl\/fr\/wp-json\/wp\/v2\/types\/product"}],"wp:featuredmedia":[{"embeddable":true,"href":"https:\/\/www.maitri.pl\/fr\/wp-json\/wp\/v2\/media\/30892"}],"wp:attachment":[{"href":"https:\/\/www.maitri.pl\/fr\/wp-json\/wp\/v2\/media?parent=30878"}],"wp:term":[{"taxonomy":"product_brand","embeddable":true,"href":"https:\/\/www.maitri.pl\/fr\/wp-json\/wp\/v2\/product_brand?post=30878"},{"taxonomy":"product_cat","embeddable":true,"href":"https:\/\/www.maitri.pl\/fr\/wp-json\/wp\/v2\/product_cat?post=30878"},{"taxonomy":"product_tag","embeddable":true,"href":"https:\/\/www.maitri.pl\/fr\/wp-json\/wp\/v2\/product_tag?post=30878"}],"curies":[{"name":"wp","href":"https:\/\/api.w.org\/{rel}","templated":true}]}}