{"id":30740,"date":"2024-02-08T10:38:04","date_gmt":"2024-02-08T09:38:04","guid":{"rendered":"https:\/\/www.maitri.pl\/?post_type=product&#038;p=30740"},"modified":"2025-03-31T14:17:19","modified_gmt":"2025-03-31T12:17:19","slug":"pomoc-chorym-zbiorka-na-zakup-lekow-dla-osrodka-zdrowia-w-buraniro","status":"publish","type":"product","link":"https:\/\/www.maitri.pl\/fr\/projekt\/pomoc-chorym-zbiorka-na-zakup-lekow-dla-osrodka-zdrowia-w-buraniro\/","title":{"rendered":"Pomoc chorym: zbi\u00f3rka na zakup lek\u00f3w dla O\u015brodka Zdrowia w Buraniro"},"content":{"rendered":"<h4>Ub\u00f3stwo wzrusza serce<\/h4>\n<p>Przez ostatni rok kraj zubo\u017ca\u0142 jeszcze bardziej. Wstyd mi o tym ci\u0105gle pisa\u0107, ale tak jest naprawd\u0119, gdy\u017c wszystko dro\u017ceje z miesi\u0105ca na miesi\u0105c. Panuje te\u017c ogromna dewaluacja pieni\u0105dza. Gdy por\u00f3wnuj\u0119 ceny z pocz\u0105tku roku 2023, a te ze stycznia 2024, to stwierdzam, \u017ce ceny produkt\u00f3w s\u0105 2 lub 3 razy wi\u0119ksze. Sytuacja finansowa ludzi nie uleg\u0142a poprawie, a wr\u0119cz przeciwnie. Ludzie s\u0105 coraz biedniejsi i wida\u0107 to zw\u0142aszcza na wsiach jeszcze wyra\u017aniej po ubiorach i wygl\u0105dzie zewn\u0119trznym. Mieszka\u0144cy s\u0105 coraz bardziej chudzi i cz\u0119sto prosz\u0105 o leczenie darmowe lub za prac\u0119. Prosz\u0105 tak\u017ce o jedzenie, m\u00f3wi\u0105c \u017ce s\u0105 g\u0142odni. To nie jest przesada, a wzrusza serce bo pozostaje nag\u0105 prawd\u0105. W tych warunkach prosimy o przyj\u015bcie na pomoc chorym z Buraniro.<\/p>\n<h4>Dro\u017cyzna i choroby<\/h4>\n<p>Wszelkie op\u0142aty wzros\u0142y i nawet ci\u00a0 najbardziej ubodzy nie s\u0105 z nich zwolnieni. Ceny lek\u00f3w ci\u0105gle rosn\u0105. Dlatego chorzy nie zawsze s\u0105 w stanie\u00a0 zap\u0142aci\u0107 za podstawowe leczenie. Na szcz\u0119\u015bcie malaria jest ju\u017c prawie opanowana, bo w ostatnich latach rozdano rodzinom\u00a0 moskitiery. Jednak nadal najbardziej potrzebuj\u0105cy to ci, kt\u00f3rzy wymagaj\u0105 leczenia w szpitalu. Faktury dochodz\u0105 w\u00f3wczas do 45 tys. frank\u00f3w burundyjskich i wi\u0119cej, a wynika to w\u0142a\u015bnie z rosn\u0105cych cen lek\u00f3w. Leczenie ambulatoryjne \u015brednio kosztuje od 5 do 10 tys. frank\u00f3w burundyjskich, a dni\u00f3wka pracy to tylko 2,5 tys. frank\u00f3w burundyjskich. Dla por\u00f3wnania cena kilograma fasoli to 2,8-3 tys. frank\u00f3w burundyjskich. Ludzie niedo\u017cywieni cz\u0119\u015bciej zapadaj\u0105 na choroby spo\u0142eczne jak gru\u017alica, czy cz\u0119ste przezi\u0119bienia, a ostatnio panuje w regionie jaka\u015b wirusowa gor\u0105czka (39-40\u00ba C). W leczeniu szpitalnym chorzy dostaj\u0105 drogie antybiotyki. W konsekwencji koszt dziennego pobytu mo\u017ce dochodzi\u0107 nawet do 6 tys. dziennie, a najkr\u00f3tsze leczenie antybiotykami wynosi najmniej 5 dni.<\/p>\n<h4>Malaria, biegunka, gru\u017alica<\/h4>\n<p>Z otrzymanej kwoty mo\u017cna b\u0119dzie pom\u00f3c oko\u0142o 3200 chorym, a mo\u017ce i wi\u0119cej. Ca\u0142o\u015b\u0107 projektu jest przewidziana na ca\u0142y rok 2024, czyli na 12 miesi\u0119cy. Nie mo\u017cemy pom\u00f3c wszystkim chorym, ale chocia\u017c tym najbardziej potrzebuj\u0105cym. W ubieg\u0142ym roku na leki wyda\u0142am 132 000 000 frank\u00f3w burundyjskich, a na pensje dla pracownik\u00f3w 228 487 527 frbu. Z opieki szpitalnej skorzysta\u0142o 8920 os\u00f3b, w tym\u00a0 dzieci. Z tych os\u00f3b a\u017c 80% to chorzy na zapalenie g\u00f3rnych i dolnych dr\u00f3g oddechowych oraz na biegunk\u0119, na kt\u00f3re cierpia\u0142y zw\u0142aszcza dzieci do lat 5. Liczne by\u0142y tak\u017ce przypadki skomplikowanej malarii i gru\u017alicy, a a\u017c 49 582 os\u00f3b skorzysta\u0142o z leczenia ambulatoryjnego. Jak widzicie, pomoc chorym wymaga sporych \u015brodk\u00f3w i dlatego Was o nie prosimy.\u00a0Za ka\u017cdy gest \u017cyczliwo\u015bci w imieniu chorych m\u00f3wimy B\u00f3g Zap\u0142a\u0107. W duchu wdzi\u0119czno\u015bci kilka razy w ci\u0105gu roku w kaplicy szpitalnej jest odprawiana Msza \u015bw. za dobrodziej\u00f3w z Polski.<\/p>\n<h4>Kosztorys:<\/h4>\n<p><img loading=\"lazy\" decoding=\"async\" class=\"alignnone wp-image-30741 size-full\" src=\"https:\/\/www.maitri.pl\/wp-content\/uploads\/2024\/02\/226ducha.png\" alt=\"\" width=\"975\" height=\"789\" srcset=\"https:\/\/www.maitri.pl\/wp-content\/uploads\/2024\/02\/226ducha.png 975w, https:\/\/www.maitri.pl\/wp-content\/uploads\/2024\/02\/226ducha-300x243.png 300w, https:\/\/www.maitri.pl\/wp-content\/uploads\/2024\/02\/226ducha-768x621.png 768w, https:\/\/www.maitri.pl\/wp-content\/uploads\/2024\/02\/226ducha-600x486.png 600w\" sizes=\"auto, (max-width: 975px) 100vw, 975px\" \/><\/p>\n<p><em><strong>Podsumowanie w miejscowej walucie: 17 875 000 frank\u00f3w burundyjskich<\/strong><\/em><\/p>\n<p><em>Siostra Janina Zakrzewska<\/em>, <a href=\"http:\/\/kanoniczki.pl\/index.php\/pojdz-za-mna\/moje-powolanie\/260-jestem-afrykanka\"> Zgromadzenie Si\u00f3str Kanoniczek Ducha \u015awi\u0119tego de Saxia<\/a>, misja Buraniro, <a href=\"https:\/\/www.maitri.pl\/gdzie-pomagamy\/\" target=\"_blank\" rel=\"noopener\">Burundi<\/a><\/p>\n<p style=\"text-align: justify;\" align=\"JUSTIFY\"><span style=\"color: #ff0000;\"><span style=\"font-size: large;\"><b>Kwota projektu: 4 970 \u20ac<br \/>\n<\/b><\/span><\/span><\/p>\n<p style=\"text-align: justify;\"><strong>Numer projektu: 226\/DUCHA<\/strong><\/p>\n<p style=\"text-align: justify;\" align=\"JUSTIFY\"><span style=\"color: #808080;\">Stowarzyszenie Ruchu\u00a0<em>Maitri<\/em>\u00a0przeznacza do 10% otrzymanych \u015brodk\u00f3w na koszty funkcjonowania biura i pozyskiwanie funduszy pomocowych.<\/span><\/p>\n<h3 style=\"text-align: justify;\" align=\"JUSTIFY\"><span style=\"color: #808080;\"><strong>Pomoc chorym: zbi\u00f3rka na zakup lek\u00f3w dla O\u015brodka Zdrowia w Buraniro, Burundi<\/strong><\/span><\/h3>\n","protected":false},"excerpt":{"rendered":"<p><strong>Projekt:<\/strong> <em>Siostra Janina Zakrzewska<\/em>, <a href=\"http:\/\/kanoniczki.pl\/index.php\/pojdz-za-mna\/moje-powolanie\/260-jestem-afrykanka\"> Zgromadzenie Si\u00f3str Kanoniczek Ducha \u015awi\u0119tego de Saxia<\/a><br \/>\n<strong>Misja:<\/strong> Buraniro, <a href=\"https:\/\/www.maitri.pl\/gdzie-pomagamy\/\" target=\"_blank\" rel=\"noopener noreferrer\">Burundi<\/a><br \/>\n<strong>Zbierana kwota: <span style=\"color: #ff0000;\">4970 \u20ac<\/span><\/strong><\/p>\n","protected":false},"featured_media":30745,"template":"","meta":[],"product_brand":[],"product_cat":[656],"product_tag":[666],"class_list":{"0":"post-30740","1":"product","2":"type-product","3":"status-publish","4":"has-post-thumbnail","6":"product_cat-bez-kategorii","7":"product_tag-buraniro","9":"first","10":"instock","11":"virtual","12":"purchasable","13":"product-type-simple"},"yoast_head":"<!-- This site is optimized with the Yoast SEO plugin v27.2 - https:\/\/yoast.com\/product\/yoast-seo-wordpress\/ -->\n<title>Pomoc chorym: zbi\u00f3rka na zakup lek\u00f3w dla O\u015brodka Zdrowia<\/title>\n<meta name=\"description\" content=\"Pomoc chorym: zbi\u00f3rka na zakup lek\u00f3w dla O\u015brodka Zdrowia w Buraniro, Burundi. O pomoc prosz\u0105 Siostry Kanoniczki Ducha \u015aw. Ka\u017cda z\u0142ot\u00f3wka pomaga!\" \/>\n<meta name=\"robots\" content=\"index, follow, max-snippet:-1, max-image-preview:large, max-video-preview:-1\" \/>\n<link rel=\"canonical\" href=\"https:\/\/www.maitri.pl\/projekt\/pomoc-chorym-zbiorka-na-zakup-lekow-dla-osrodka-zdrowia-w-buraniro\/\" \/>\n<meta property=\"og:locale\" content=\"fr_FR\" \/>\n<meta property=\"og:type\" content=\"article\" \/>\n<meta property=\"og:title\" content=\"Pomoc chorym: zbi\u00f3rka na zakup lek\u00f3w dla O\u015brodka Zdrowia\" \/>\n<meta property=\"og:description\" content=\"Pomoc chorym: zbi\u00f3rka na zakup lek\u00f3w dla O\u015brodka Zdrowia w Buraniro, Burundi. O pomoc prosz\u0105 Siostry Kanoniczki Ducha \u015aw. Ka\u017cda z\u0142ot\u00f3wka pomaga!\" \/>\n<meta property=\"og:url\" content=\"https:\/\/www.maitri.pl\/projekt\/pomoc-chorym-zbiorka-na-zakup-lekow-dla-osrodka-zdrowia-w-buraniro\/\" \/>\n<meta property=\"og:site_name\" content=\"Ruch Maitri - Adopcja Serca pomoc Afryce\" \/>\n<meta property=\"article:publisher\" content=\"https:\/\/www.facebook.com\/MAITRI.Adopcja.Serca.dzieci.Afryki\/\" \/>\n<meta property=\"article:modified_time\" content=\"2025-03-31T12:17:19+00:00\" \/>\n<meta property=\"og:image\" content=\"https:\/\/www.maitri.pl\/wp-content\/uploads\/2024\/02\/DSCF1578.jpg\" \/>\n\t<meta property=\"og:image:width\" content=\"2106\" \/>\n\t<meta property=\"og:image:height\" content=\"1404\" \/>\n\t<meta property=\"og:image:type\" content=\"image\/jpeg\" \/>\n<meta name=\"twitter:card\" content=\"summary_large_image\" \/>\n<meta name=\"twitter:label1\" content=\"Dur\u00e9e de lecture estim\u00e9e\" \/>\n\t<meta name=\"twitter:data1\" content=\"4 minutes\" \/>\n<script type=\"application\/ld+json\" class=\"yoast-schema-graph\">{\"@context\":\"https:\/\/schema.org\",\"@graph\":[{\"@type\":\"WebPage\",\"@id\":\"https:\/\/www.maitri.pl\/projekt\/pomoc-chorym-zbiorka-na-zakup-lekow-dla-osrodka-zdrowia-w-buraniro\/\",\"url\":\"https:\/\/www.maitri.pl\/projekt\/pomoc-chorym-zbiorka-na-zakup-lekow-dla-osrodka-zdrowia-w-buraniro\/\",\"name\":\"Pomoc chorym: zbi\u00f3rka na zakup lek\u00f3w dla O\u015brodka Zdrowia\",\"isPartOf\":{\"@id\":\"https:\/\/www.maitri.pl\/#website\"},\"primaryImageOfPage\":{\"@id\":\"https:\/\/www.maitri.pl\/projekt\/pomoc-chorym-zbiorka-na-zakup-lekow-dla-osrodka-zdrowia-w-buraniro\/#primaryimage\"},\"image\":{\"@id\":\"https:\/\/www.maitri.pl\/projekt\/pomoc-chorym-zbiorka-na-zakup-lekow-dla-osrodka-zdrowia-w-buraniro\/#primaryimage\"},\"thumbnailUrl\":\"https:\/\/www.maitri.pl\/wp-content\/uploads\/2024\/02\/DSCF1578.jpg\",\"datePublished\":\"2024-02-08T09:38:04+00:00\",\"dateModified\":\"2025-03-31T12:17:19+00:00\",\"description\":\"Pomoc chorym: zbi\u00f3rka na zakup lek\u00f3w dla O\u015brodka Zdrowia w Buraniro, Burundi. O pomoc prosz\u0105 Siostry Kanoniczki Ducha \u015aw. Ka\u017cda z\u0142ot\u00f3wka pomaga!\",\"breadcrumb\":{\"@id\":\"https:\/\/www.maitri.pl\/projekt\/pomoc-chorym-zbiorka-na-zakup-lekow-dla-osrodka-zdrowia-w-buraniro\/#breadcrumb\"},\"inLanguage\":\"fr-FR\",\"potentialAction\":[{\"@type\":\"ReadAction\",\"target\":[\"https:\/\/www.maitri.pl\/projekt\/pomoc-chorym-zbiorka-na-zakup-lekow-dla-osrodka-zdrowia-w-buraniro\/\"]}]},{\"@type\":\"ImageObject\",\"inLanguage\":\"fr-FR\",\"@id\":\"https:\/\/www.maitri.pl\/projekt\/pomoc-chorym-zbiorka-na-zakup-lekow-dla-osrodka-zdrowia-w-buraniro\/#primaryimage\",\"url\":\"https:\/\/www.maitri.pl\/wp-content\/uploads\/2024\/02\/DSCF1578.jpg\",\"contentUrl\":\"https:\/\/www.maitri.pl\/wp-content\/uploads\/2024\/02\/DSCF1578.jpg\",\"width\":2106,\"height\":1404,\"caption\":\"Pomoc chorym: zbi\u00f3rka na zakup lek\u00f3w dla O\u015brodka Zdrowia w Buraniro Adopcja Serca Maitri Adopcja duchowa 06\"},{\"@type\":\"BreadcrumbList\",\"@id\":\"https:\/\/www.maitri.pl\/projekt\/pomoc-chorym-zbiorka-na-zakup-lekow-dla-osrodka-zdrowia-w-buraniro\/#breadcrumb\",\"itemListElement\":[{\"@type\":\"ListItem\",\"position\":1,\"name\":\"Strona g\u0142\u00f3wna\",\"item\":\"https:\/\/www.maitri.pl\/\"},{\"@type\":\"ListItem\",\"position\":2,\"name\":\"Sklep\",\"item\":\"https:\/\/www.maitri.pl\/sklep\/\"},{\"@type\":\"ListItem\",\"position\":3,\"name\":\"Pomoc chorym: zbi\u00f3rka na zakup lek\u00f3w dla O\u015brodka Zdrowia w Buraniro\"}]},{\"@type\":\"WebSite\",\"@id\":\"https:\/\/www.maitri.pl\/#website\",\"url\":\"https:\/\/www.maitri.pl\/\",\"name\":\"Adopcja Serca Maitri \u2013 pomoc dzieciom w Afryce\",\"description\":\"Adopcja Serca \u2013 adopcja na odleg\u0142o\u015b\u0107, pomoc Afryce, do\u017cywianie i edukacja w Afryce\",\"publisher\":{\"@id\":\"https:\/\/www.maitri.pl\/#organization\"},\"potentialAction\":[{\"@type\":\"SearchAction\",\"target\":{\"@type\":\"EntryPoint\",\"urlTemplate\":\"https:\/\/www.maitri.pl\/?s={search_term_string}\"},\"query-input\":{\"@type\":\"PropertyValueSpecification\",\"valueRequired\":true,\"valueName\":\"search_term_string\"}}],\"inLanguage\":\"fr-FR\"},{\"@type\":\"Organization\",\"@id\":\"https:\/\/www.maitri.pl\/#organization\",\"name\":\"Stowarzyszenie Ruchu Maitri\",\"url\":\"https:\/\/www.maitri.pl\/\",\"logo\":{\"@type\":\"ImageObject\",\"inLanguage\":\"fr-FR\",\"@id\":\"https:\/\/www.maitri.pl\/#\/schema\/logo\/image\/\",\"url\":\"https:\/\/www.maitri.pl\/wp-content\/uploads\/2020\/04\/duze_logo-81.png\",\"contentUrl\":\"https:\/\/www.maitri.pl\/wp-content\/uploads\/2020\/04\/duze_logo-81.png\",\"width\":339,\"height\":321,\"caption\":\"Stowarzyszenie Ruchu Maitri\"},\"image\":{\"@id\":\"https:\/\/www.maitri.pl\/#\/schema\/logo\/image\/\"},\"sameAs\":[\"https:\/\/www.facebook.com\/MAITRI.Adopcja.Serca.dzieci.Afryki\/\"]}]}<\/script>\n<!-- \/ Yoast SEO plugin. -->","yoast_head_json":{"title":"Pomoc chorym: zbi\u00f3rka na zakup lek\u00f3w dla O\u015brodka Zdrowia","description":"Pomoc chorym: zbi\u00f3rka na zakup lek\u00f3w dla O\u015brodka Zdrowia w Buraniro, Burundi. O pomoc prosz\u0105 Siostry Kanoniczki Ducha \u015aw. Ka\u017cda z\u0142ot\u00f3wka pomaga!","robots":{"index":"index","follow":"follow","max-snippet":"max-snippet:-1","max-image-preview":"max-image-preview:large","max-video-preview":"max-video-preview:-1"},"canonical":"https:\/\/www.maitri.pl\/projekt\/pomoc-chorym-zbiorka-na-zakup-lekow-dla-osrodka-zdrowia-w-buraniro\/","og_locale":"fr_FR","og_type":"article","og_title":"Pomoc chorym: zbi\u00f3rka na zakup lek\u00f3w dla O\u015brodka Zdrowia","og_description":"Pomoc chorym: zbi\u00f3rka na zakup lek\u00f3w dla O\u015brodka Zdrowia w Buraniro, Burundi. O pomoc prosz\u0105 Siostry Kanoniczki Ducha \u015aw. Ka\u017cda z\u0142ot\u00f3wka pomaga!","og_url":"https:\/\/www.maitri.pl\/projekt\/pomoc-chorym-zbiorka-na-zakup-lekow-dla-osrodka-zdrowia-w-buraniro\/","og_site_name":"Ruch Maitri - Adopcja Serca pomoc Afryce","article_publisher":"https:\/\/www.facebook.com\/MAITRI.Adopcja.Serca.dzieci.Afryki\/","article_modified_time":"2025-03-31T12:17:19+00:00","og_image":[{"width":2106,"height":1404,"url":"https:\/\/www.maitri.pl\/wp-content\/uploads\/2024\/02\/DSCF1578.jpg","type":"image\/jpeg"}],"twitter_card":"summary_large_image","twitter_misc":{"Dur\u00e9e de lecture estim\u00e9e":"4 minutes"},"schema":{"@context":"https:\/\/schema.org","@graph":[{"@type":"WebPage","@id":"https:\/\/www.maitri.pl\/projekt\/pomoc-chorym-zbiorka-na-zakup-lekow-dla-osrodka-zdrowia-w-buraniro\/","url":"https:\/\/www.maitri.pl\/projekt\/pomoc-chorym-zbiorka-na-zakup-lekow-dla-osrodka-zdrowia-w-buraniro\/","name":"Pomoc chorym: zbi\u00f3rka na zakup lek\u00f3w dla O\u015brodka Zdrowia","isPartOf":{"@id":"https:\/\/www.maitri.pl\/#website"},"primaryImageOfPage":{"@id":"https:\/\/www.maitri.pl\/projekt\/pomoc-chorym-zbiorka-na-zakup-lekow-dla-osrodka-zdrowia-w-buraniro\/#primaryimage"},"image":{"@id":"https:\/\/www.maitri.pl\/projekt\/pomoc-chorym-zbiorka-na-zakup-lekow-dla-osrodka-zdrowia-w-buraniro\/#primaryimage"},"thumbnailUrl":"https:\/\/www.maitri.pl\/wp-content\/uploads\/2024\/02\/DSCF1578.jpg","datePublished":"2024-02-08T09:38:04+00:00","dateModified":"2025-03-31T12:17:19+00:00","description":"Pomoc chorym: zbi\u00f3rka na zakup lek\u00f3w dla O\u015brodka Zdrowia w Buraniro, Burundi. O pomoc prosz\u0105 Siostry Kanoniczki Ducha \u015aw. Ka\u017cda z\u0142ot\u00f3wka pomaga!","breadcrumb":{"@id":"https:\/\/www.maitri.pl\/projekt\/pomoc-chorym-zbiorka-na-zakup-lekow-dla-osrodka-zdrowia-w-buraniro\/#breadcrumb"},"inLanguage":"fr-FR","potentialAction":[{"@type":"ReadAction","target":["https:\/\/www.maitri.pl\/projekt\/pomoc-chorym-zbiorka-na-zakup-lekow-dla-osrodka-zdrowia-w-buraniro\/"]}]},{"@type":"ImageObject","inLanguage":"fr-FR","@id":"https:\/\/www.maitri.pl\/projekt\/pomoc-chorym-zbiorka-na-zakup-lekow-dla-osrodka-zdrowia-w-buraniro\/#primaryimage","url":"https:\/\/www.maitri.pl\/wp-content\/uploads\/2024\/02\/DSCF1578.jpg","contentUrl":"https:\/\/www.maitri.pl\/wp-content\/uploads\/2024\/02\/DSCF1578.jpg","width":2106,"height":1404,"caption":"Pomoc chorym: zbi\u00f3rka na zakup lek\u00f3w dla O\u015brodka Zdrowia w Buraniro Adopcja Serca Maitri Adopcja duchowa 06"},{"@type":"BreadcrumbList","@id":"https:\/\/www.maitri.pl\/projekt\/pomoc-chorym-zbiorka-na-zakup-lekow-dla-osrodka-zdrowia-w-buraniro\/#breadcrumb","itemListElement":[{"@type":"ListItem","position":1,"name":"Strona g\u0142\u00f3wna","item":"https:\/\/www.maitri.pl\/"},{"@type":"ListItem","position":2,"name":"Sklep","item":"https:\/\/www.maitri.pl\/sklep\/"},{"@type":"ListItem","position":3,"name":"Pomoc chorym: zbi\u00f3rka na zakup lek\u00f3w dla O\u015brodka Zdrowia w Buraniro"}]},{"@type":"WebSite","@id":"https:\/\/www.maitri.pl\/#website","url":"https:\/\/www.maitri.pl\/","name":"Adopcja Serca Maitri \u2013 pomoc dzieciom w Afryce","description":"Adopcja Serca \u2013 adopcja na odleg\u0142o\u015b\u0107, pomoc Afryce, do\u017cywianie i edukacja w Afryce","publisher":{"@id":"https:\/\/www.maitri.pl\/#organization"},"potentialAction":[{"@type":"SearchAction","target":{"@type":"EntryPoint","urlTemplate":"https:\/\/www.maitri.pl\/?s={search_term_string}"},"query-input":{"@type":"PropertyValueSpecification","valueRequired":true,"valueName":"search_term_string"}}],"inLanguage":"fr-FR"},{"@type":"Organization","@id":"https:\/\/www.maitri.pl\/#organization","name":"Stowarzyszenie Ruchu Maitri","url":"https:\/\/www.maitri.pl\/","logo":{"@type":"ImageObject","inLanguage":"fr-FR","@id":"https:\/\/www.maitri.pl\/#\/schema\/logo\/image\/","url":"https:\/\/www.maitri.pl\/wp-content\/uploads\/2020\/04\/duze_logo-81.png","contentUrl":"https:\/\/www.maitri.pl\/wp-content\/uploads\/2020\/04\/duze_logo-81.png","width":339,"height":321,"caption":"Stowarzyszenie Ruchu Maitri"},"image":{"@id":"https:\/\/www.maitri.pl\/#\/schema\/logo\/image\/"},"sameAs":["https:\/\/www.facebook.com\/MAITRI.Adopcja.Serca.dzieci.Afryki\/"]}]}},"_links":{"self":[{"href":"https:\/\/www.maitri.pl\/fr\/wp-json\/wp\/v2\/product\/30740","targetHints":{"allow":["GET"]}}],"collection":[{"href":"https:\/\/www.maitri.pl\/fr\/wp-json\/wp\/v2\/product"}],"about":[{"href":"https:\/\/www.maitri.pl\/fr\/wp-json\/wp\/v2\/types\/product"}],"wp:featuredmedia":[{"embeddable":true,"href":"https:\/\/www.maitri.pl\/fr\/wp-json\/wp\/v2\/media\/30745"}],"wp:attachment":[{"href":"https:\/\/www.maitri.pl\/fr\/wp-json\/wp\/v2\/media?parent=30740"}],"wp:term":[{"taxonomy":"product_brand","embeddable":true,"href":"https:\/\/www.maitri.pl\/fr\/wp-json\/wp\/v2\/product_brand?post=30740"},{"taxonomy":"product_cat","embeddable":true,"href":"https:\/\/www.maitri.pl\/fr\/wp-json\/wp\/v2\/product_cat?post=30740"},{"taxonomy":"product_tag","embeddable":true,"href":"https:\/\/www.maitri.pl\/fr\/wp-json\/wp\/v2\/product_tag?post=30740"}],"curies":[{"name":"wp","href":"https:\/\/api.w.org\/{rel}","templated":true}]}}