{"id":30728,"date":"2024-02-07T21:33:33","date_gmt":"2024-02-07T20:33:33","guid":{"rendered":"https:\/\/www.maitri.pl\/?post_type=product&#038;p=30728"},"modified":"2025-03-31T14:17:10","modified_gmt":"2025-03-31T12:17:10","slug":"dozywianie-niemowlat-burundi","status":"publish","type":"product","link":"https:\/\/www.maitri.pl\/fr\/projekt\/dozywianie-niemowlat-burundi\/","title":{"rendered":"Do\u017cywianie osieroconych niemowl\u0105t i chorych pacjent\u00f3w w O\u015brodku Zdrowia w Buraniro"},"content":{"rendered":"<h4>\u017bycie bez mamy<\/h4>\n<p>W naszym o\u015brodku zdrowia w ci\u0105gu ostatniego roku zauwa\u017cy\u0142y\u015bmy wzrost zapotrzebowania na mleko w proszku dla ma\u0142ych dzieci. To pilna potrzeba, poniewa\u017c mia\u0142y\u015bmy ze szpitala pa\u0144stwowego sporo noworodk\u00f3w po \u015bmierci matki w wyniku cesarskiego ci\u0119cia, a tak\u017ce niemowlak\u00f3w po \u015bmieci matek na r\u00f3\u017cne choroby. Dzi\u0119ki pomocy darczy\u0144c\u00f3w z Polski uda\u0142o si\u0119 uratowa\u0107 w zesz\u0142ym roku 35 dzieci. Jak do tej pory ka\u017cde dziecko dostawa\u0142o 1 kg mleka w proszku na dwa tygodnie. Do\u017cywianie niemowl\u0105t to pilna potrzeba &#8211; prosimy o wsparcie.<\/p>\n<h4>Tam jedzenie to luksus<\/h4>\n<p>Obecnie najwi\u0119kszym problemem finansowym jest konieczno\u015b\u0107 zakupu mieszanki od\u017cywczej. To mieszanka r\u00f3\u017cnych zb\u00f3\u017c, kt\u00f3ra pomaga rodzinie w dokarmianiu tych dzieci po 7 miesi\u0105cu \u017cycia. Z przewidzianych zakup\u00f3w przygotujemy 1200 kg mieszanki kt\u00f3ra pomo\u017ce dzieciom rosn\u0105\u0107 zdrowo i przybiera\u0107 na wadze. Oczywi\u015bcie przyda\u0142oby si\u0119 tak\u017ce jedzenie dla chorych. Zdaj\u0119 sobie spraw\u0119, \u017ce to wszystko jest niestety bardzo drogie. Zapotrzebowanie na jedno dziecko w wieku od 7 do 12 miesi\u0105ca b\u0119dzie wynosi\u0142o 10 kg, dlatego z wy\u0142aniaj\u0105cego si\u0119 problemu stawiam go na 2 miejscu. Najpierw do\u017cywianie niemowl\u0105t. Przyczyna to rosn\u0105ce zubo\u017cenie kraju.<\/p>\n<h4>Coraz biedniej wok\u00f3\u0142<\/h4>\n<p>Wszelkie op\u0142aty rosn\u0105. Ceny \u017cywno\u015bciowe r\u00f3wnie\u017c pozostaj\u0105 bardzo wysokie. Chorzy przewa\u017cnie z dalszych okolic, ale i ci najbli\u017cej mieszkaj\u0105cy, nie zawsze s\u0105 w stanie zakupi\u0107 jedzenie w okolicy, za\u015b w chorobie cierpi\u0105 na brak apetytu. Pomoc w postaci mieszanki od\u017cywczej przygotowanej z r\u00f3\u017cnego rodzaju m\u0105k, po\u0142\u0105czonej z mlekiem i cukrem, okazuje si\u0119 bardzo praktyczna i pomaga w powrocie do zdrowia w czasie leczenia i rekonwalescencji. Dlatego b\u0119d\u0119 prosi\u0107 cho\u0107 o symboliczn\u0105 sum\u0119 na zakup mieszanki dla najbardziej potrzebuj\u0105cych. Planujemy zakupi\u0107 mleko w proszku, m\u0105k\u0119 kukurydzian\u0105, m\u0105k\u0119 sorgow\u0105 cukier i m\u0105k\u0119 zbo\u017cow\u0105.<\/p>\n<h4>Nakarm z nami chorych i potrzebuj\u0105cych<\/h4>\n<p>Z tych zakupionych produkt\u00f3w otrzymamy 1200 kg mieszanki od\u017cywczej. Dzieci starsze ni\u017c 7 miesi\u0119cy otrzymaj\u0105 j\u0105 co drugi tydzie\u0144 po kg na dziecko. Prowadzona jest kartoteka dziecka z kontrol\u0105 wagi dziecka przy ka\u017cdorazowym kontakcie. Chorym przebywaj\u0105cym w szpitalu i na porod\u00f3wce (ok. 140 dziennie) b\u0119dzie udzielana pomoc indywidualna wg potrzeb. Chorym na gru\u017alic\u0119 podamy po 1 kg mieszanki raz na 2 tygodnie przez okres leczenia &#8211; przez 6 miesi\u0119cy. Przewidujemy pomoc dla 53 pacjent\u00f3w chorych na TBC w ilo\u015bci ok. 636 kg mieszanki. Reszta, czyli 214 kg, rozdana zostanie w szpitalu najbardziej potrzebuj\u0105cym chorym.<\/p>\n<h4>Wdzi\u0119czni za pomoc<\/h4>\n<p>Tutejsi ludzie nie s\u0105 w stanie zakupi\u0107 \u017cywno\u015bci, a zw\u0142aszcza mleka, kt\u00f3re jest bardzo drogie. W tutejszych sklepach 1 kg kosztuje 5 tysi\u0119cy frank\u00f3w, czyli prawie 1,25 euro. Przeci\u0119tny, dzienny zarobek to 0.8 euro. Jako wyraz wdzi\u0119czno\u015bci w tym okresie jest te\u017c odprawiana Msza \u015bw. wraz z chorymi w intencji dobrodziej\u00f3w. Og\u00f3lnie pomoc\u0105 z wnioskowanej sumy pieni\u0119\u017cnej zostan\u0105 obj\u0119te 302 osoby przez okres ca\u0142ego roku (12 miesi\u0119cy). Pro\u015bb\u0119 sw\u0105 motywuj\u0119 tym, \u017ce b\u0119dzie to wielka pomoc dla rodzin i dzieci, kt\u00f3re utraci\u0142y matk\u0119. Do\u017cywianie niemowl\u0105t i chorych sierot jest niezb\u0119dne, bo inaczej te dzieci nie mia\u0142yby co je\u015b\u0107. Dzi\u0119kujemy za wsparcie.<\/p>\n<h4>Kosztorys:<\/h4>\n<p><img loading=\"lazy\" decoding=\"async\" class=\"alignnone wp-image-30729 size-full\" src=\"https:\/\/www.maitri.pl\/wp-content\/uploads\/2024\/02\/225-ducha.png\" alt=\"\" width=\"983\" height=\"342\" srcset=\"https:\/\/www.maitri.pl\/wp-content\/uploads\/2024\/02\/225-ducha.png 983w, https:\/\/www.maitri.pl\/wp-content\/uploads\/2024\/02\/225-ducha-300x104.png 300w, https:\/\/www.maitri.pl\/wp-content\/uploads\/2024\/02\/225-ducha-768x267.png 768w, https:\/\/www.maitri.pl\/wp-content\/uploads\/2024\/02\/225-ducha-600x209.png 600w\" sizes=\"auto, (max-width: 983px) 100vw, 983px\" \/><\/p>\n<p><em><strong>Podsumowanie w miejscowej walucie: 9 525 000 frank\u00f3w burundyjskich<\/strong><\/em><\/p>\n<p><em>Siostra Janina Zakrzewska<\/em>, <a href=\"http:\/\/kanoniczki.pl\/index.php\/pojdz-za-mna\/moje-powolanie\/260-jestem-afrykanka\"> Zgromadzenie Si\u00f3str Kanoniczek Ducha \u015awi\u0119tego de Saxia<\/a>, misja Buraniro, <a href=\"https:\/\/www.maitri.pl\/gdzie-pomagamy\/\" target=\"_blank\" rel=\"noopener\">Burundi<\/a><\/p>\n<p style=\"text-align: justify;\" align=\"JUSTIFY\"><span style=\"color: #ff0000;\"><span style=\"font-size: large;\"><b>Kwota projektu: 2530 \u20ac<br \/>\n<\/b><\/span><\/span><\/p>\n<p style=\"text-align: justify;\"><strong>Numer projektu: 225\/DUCHA<\/strong><\/p>\n<p style=\"text-align: justify;\" align=\"JUSTIFY\"><span style=\"color: #808080;\">Stowarzyszenie Ruchu\u00a0<em>Maitri<\/em>\u00a0przeznacza do 10% otrzymanych \u015brodk\u00f3w na koszty funkcjonowania biura i pozyskiwanie funduszy pomocowych.<\/span><\/p>\n<h3 style=\"text-align: justify;\" align=\"JUSTIFY\"><span style=\"color: #808080;\"><strong>Do\u017cywianie niemowl\u0105t oraz chorych sierot w O\u015brodku Zdrowia w Buraniro, Burundi<\/strong><\/span><\/h3>\n","protected":false},"excerpt":{"rendered":"<p><strong>Projekt:<\/strong> <em>Siostra Janina Zakrzewska<\/em>, <a href=\"http:\/\/kanoniczki.pl\/index.php\/pojdz-za-mna\/moje-powolanie\/260-jestem-afrykanka\"> Zgromadzenie Si\u00f3str Kanoniczek Ducha \u015awi\u0119tego de Saxia<\/a><br \/>\n<strong>Misja:<\/strong> Buraniro, <a href=\"https:\/\/www.maitri.pl\/gdzie-pomagamy\/\" target=\"_blank\" rel=\"noopener noreferrer\">Burundi<\/a><br \/>\n<strong>Zbierana kwota: <span style=\"color: #ff0000;\">2530 \u20ac<\/span><\/strong><\/p>\n","protected":false},"featured_media":30735,"template":"","meta":[],"product_brand":[],"product_cat":[656],"product_tag":[666,667,676,847,854,845],"class_list":{"0":"post-30728","1":"product","2":"type-product","3":"status-publish","4":"has-post-thumbnail","6":"product_cat-bez-kategorii","7":"product_tag-buraniro","8":"product_tag-burundi","9":"product_tag-dozywianie","10":"product_tag-pallotynki","11":"product_tag-siostra-janina-zakrzewska","12":"product_tag-zgromadzenie-siostr-kanoniczek-ducha-swietego","14":"first","15":"instock","16":"virtual","17":"purchasable","18":"product-type-simple"},"yoast_head":"<!-- This site is optimized with the Yoast SEO plugin v27.2 - https:\/\/yoast.com\/product\/yoast-seo-wordpress\/ -->\n<title>Do\u017cywianie osieroconych niemowl\u0105t i chorych pacjent\u00f3w w Buraniro<\/title>\n<meta name=\"description\" content=\"Do\u017cywianie niemowl\u0105t oraz chorych sierot w O\u015brodku Zdrowia w Buraniro, Burundi. O pomoc prosz\u0105 Siostry Kanoniczki Ducha \u015aw. Ka\u017cda z\u0142ot\u00f3wka pomaga!\" \/>\n<meta name=\"robots\" content=\"index, follow, max-snippet:-1, max-image-preview:large, max-video-preview:-1\" \/>\n<link rel=\"canonical\" href=\"https:\/\/www.maitri.pl\/projekt\/dozywianie-niemowlat-burundi\/\" \/>\n<meta property=\"og:locale\" content=\"fr_FR\" \/>\n<meta property=\"og:type\" content=\"article\" \/>\n<meta property=\"og:title\" content=\"Do\u017cywianie osieroconych niemowl\u0105t i chorych pacjent\u00f3w w Buraniro\" \/>\n<meta property=\"og:description\" content=\"Do\u017cywianie niemowl\u0105t oraz chorych sierot w O\u015brodku Zdrowia w Buraniro, Burundi. O pomoc prosz\u0105 Siostry Kanoniczki Ducha \u015aw. Ka\u017cda z\u0142ot\u00f3wka pomaga!\" \/>\n<meta property=\"og:url\" content=\"https:\/\/www.maitri.pl\/projekt\/dozywianie-niemowlat-burundi\/\" \/>\n<meta property=\"og:site_name\" content=\"Ruch Maitri - Adopcja Serca pomoc Afryce\" \/>\n<meta property=\"article:publisher\" content=\"https:\/\/www.facebook.com\/MAITRI.Adopcja.Serca.dzieci.Afryki\/\" \/>\n<meta property=\"article:modified_time\" content=\"2025-03-31T12:17:10+00:00\" \/>\n<meta property=\"og:image\" content=\"https:\/\/www.maitri.pl\/wp-content\/uploads\/2024\/02\/225-ducha.jpg\" \/>\n\t<meta property=\"og:image:width\" content=\"2476\" \/>\n\t<meta property=\"og:image:height\" content=\"1393\" \/>\n\t<meta property=\"og:image:type\" content=\"image\/jpeg\" \/>\n<meta name=\"twitter:card\" content=\"summary_large_image\" \/>\n<meta name=\"twitter:label1\" content=\"Dur\u00e9e de lecture estim\u00e9e\" \/>\n\t<meta name=\"twitter:data1\" content=\"4 minutes\" \/>\n<script type=\"application\/ld+json\" class=\"yoast-schema-graph\">{\"@context\":\"https:\/\/schema.org\",\"@graph\":[{\"@type\":\"WebPage\",\"@id\":\"https:\/\/www.maitri.pl\/projekt\/dozywianie-niemowlat-burundi\/\",\"url\":\"https:\/\/www.maitri.pl\/projekt\/dozywianie-niemowlat-burundi\/\",\"name\":\"Do\u017cywianie osieroconych niemowl\u0105t i chorych pacjent\u00f3w w Buraniro\",\"isPartOf\":{\"@id\":\"https:\/\/www.maitri.pl\/#website\"},\"primaryImageOfPage\":{\"@id\":\"https:\/\/www.maitri.pl\/projekt\/dozywianie-niemowlat-burundi\/#primaryimage\"},\"image\":{\"@id\":\"https:\/\/www.maitri.pl\/projekt\/dozywianie-niemowlat-burundi\/#primaryimage\"},\"thumbnailUrl\":\"https:\/\/www.maitri.pl\/wp-content\/uploads\/2024\/02\/225-ducha.jpg\",\"datePublished\":\"2024-02-07T20:33:33+00:00\",\"dateModified\":\"2025-03-31T12:17:10+00:00\",\"description\":\"Do\u017cywianie niemowl\u0105t oraz chorych sierot w O\u015brodku Zdrowia w Buraniro, Burundi. O pomoc prosz\u0105 Siostry Kanoniczki Ducha \u015aw. Ka\u017cda z\u0142ot\u00f3wka pomaga!\",\"breadcrumb\":{\"@id\":\"https:\/\/www.maitri.pl\/projekt\/dozywianie-niemowlat-burundi\/#breadcrumb\"},\"inLanguage\":\"fr-FR\",\"potentialAction\":[{\"@type\":\"ReadAction\",\"target\":[\"https:\/\/www.maitri.pl\/projekt\/dozywianie-niemowlat-burundi\/\"]}]},{\"@type\":\"ImageObject\",\"inLanguage\":\"fr-FR\",\"@id\":\"https:\/\/www.maitri.pl\/projekt\/dozywianie-niemowlat-burundi\/#primaryimage\",\"url\":\"https:\/\/www.maitri.pl\/wp-content\/uploads\/2024\/02\/225-ducha.jpg\",\"contentUrl\":\"https:\/\/www.maitri.pl\/wp-content\/uploads\/2024\/02\/225-ducha.jpg\",\"width\":2476,\"height\":1393,\"caption\":\"Do\u017cywianie niemowl\u0105t oraz chorych sierot w O\u015brodku Zdrowia w Buraniro\"},{\"@type\":\"BreadcrumbList\",\"@id\":\"https:\/\/www.maitri.pl\/projekt\/dozywianie-niemowlat-burundi\/#breadcrumb\",\"itemListElement\":[{\"@type\":\"ListItem\",\"position\":1,\"name\":\"Strona g\u0142\u00f3wna\",\"item\":\"https:\/\/www.maitri.pl\/\"},{\"@type\":\"ListItem\",\"position\":2,\"name\":\"Sklep\",\"item\":\"https:\/\/www.maitri.pl\/sklep\/\"},{\"@type\":\"ListItem\",\"position\":3,\"name\":\"Do\u017cywianie osieroconych niemowl\u0105t i chorych pacjent\u00f3w w O\u015brodku Zdrowia w Buraniro\"}]},{\"@type\":\"WebSite\",\"@id\":\"https:\/\/www.maitri.pl\/#website\",\"url\":\"https:\/\/www.maitri.pl\/\",\"name\":\"Adopcja Serca Maitri \u2013 pomoc dzieciom w Afryce\",\"description\":\"Adopcja Serca \u2013 adopcja na odleg\u0142o\u015b\u0107, pomoc Afryce, do\u017cywianie i edukacja w Afryce\",\"publisher\":{\"@id\":\"https:\/\/www.maitri.pl\/#organization\"},\"potentialAction\":[{\"@type\":\"SearchAction\",\"target\":{\"@type\":\"EntryPoint\",\"urlTemplate\":\"https:\/\/www.maitri.pl\/?s={search_term_string}\"},\"query-input\":{\"@type\":\"PropertyValueSpecification\",\"valueRequired\":true,\"valueName\":\"search_term_string\"}}],\"inLanguage\":\"fr-FR\"},{\"@type\":\"Organization\",\"@id\":\"https:\/\/www.maitri.pl\/#organization\",\"name\":\"Stowarzyszenie Ruchu Maitri\",\"url\":\"https:\/\/www.maitri.pl\/\",\"logo\":{\"@type\":\"ImageObject\",\"inLanguage\":\"fr-FR\",\"@id\":\"https:\/\/www.maitri.pl\/#\/schema\/logo\/image\/\",\"url\":\"https:\/\/www.maitri.pl\/wp-content\/uploads\/2020\/04\/duze_logo-81.png\",\"contentUrl\":\"https:\/\/www.maitri.pl\/wp-content\/uploads\/2020\/04\/duze_logo-81.png\",\"width\":339,\"height\":321,\"caption\":\"Stowarzyszenie Ruchu Maitri\"},\"image\":{\"@id\":\"https:\/\/www.maitri.pl\/#\/schema\/logo\/image\/\"},\"sameAs\":[\"https:\/\/www.facebook.com\/MAITRI.Adopcja.Serca.dzieci.Afryki\/\"]}]}<\/script>\n<!-- \/ Yoast SEO plugin. -->","yoast_head_json":{"title":"Do\u017cywianie osieroconych niemowl\u0105t i chorych pacjent\u00f3w w Buraniro","description":"Do\u017cywianie niemowl\u0105t oraz chorych sierot w O\u015brodku Zdrowia w Buraniro, Burundi. O pomoc prosz\u0105 Siostry Kanoniczki Ducha \u015aw. Ka\u017cda z\u0142ot\u00f3wka pomaga!","robots":{"index":"index","follow":"follow","max-snippet":"max-snippet:-1","max-image-preview":"max-image-preview:large","max-video-preview":"max-video-preview:-1"},"canonical":"https:\/\/www.maitri.pl\/projekt\/dozywianie-niemowlat-burundi\/","og_locale":"fr_FR","og_type":"article","og_title":"Do\u017cywianie osieroconych niemowl\u0105t i chorych pacjent\u00f3w w Buraniro","og_description":"Do\u017cywianie niemowl\u0105t oraz chorych sierot w O\u015brodku Zdrowia w Buraniro, Burundi. O pomoc prosz\u0105 Siostry Kanoniczki Ducha \u015aw. Ka\u017cda z\u0142ot\u00f3wka pomaga!","og_url":"https:\/\/www.maitri.pl\/projekt\/dozywianie-niemowlat-burundi\/","og_site_name":"Ruch Maitri - Adopcja Serca pomoc Afryce","article_publisher":"https:\/\/www.facebook.com\/MAITRI.Adopcja.Serca.dzieci.Afryki\/","article_modified_time":"2025-03-31T12:17:10+00:00","og_image":[{"width":2476,"height":1393,"url":"https:\/\/www.maitri.pl\/wp-content\/uploads\/2024\/02\/225-ducha.jpg","type":"image\/jpeg"}],"twitter_card":"summary_large_image","twitter_misc":{"Dur\u00e9e de lecture estim\u00e9e":"4 minutes"},"schema":{"@context":"https:\/\/schema.org","@graph":[{"@type":"WebPage","@id":"https:\/\/www.maitri.pl\/projekt\/dozywianie-niemowlat-burundi\/","url":"https:\/\/www.maitri.pl\/projekt\/dozywianie-niemowlat-burundi\/","name":"Do\u017cywianie osieroconych niemowl\u0105t i chorych pacjent\u00f3w w Buraniro","isPartOf":{"@id":"https:\/\/www.maitri.pl\/#website"},"primaryImageOfPage":{"@id":"https:\/\/www.maitri.pl\/projekt\/dozywianie-niemowlat-burundi\/#primaryimage"},"image":{"@id":"https:\/\/www.maitri.pl\/projekt\/dozywianie-niemowlat-burundi\/#primaryimage"},"thumbnailUrl":"https:\/\/www.maitri.pl\/wp-content\/uploads\/2024\/02\/225-ducha.jpg","datePublished":"2024-02-07T20:33:33+00:00","dateModified":"2025-03-31T12:17:10+00:00","description":"Do\u017cywianie niemowl\u0105t oraz chorych sierot w O\u015brodku Zdrowia w Buraniro, Burundi. O pomoc prosz\u0105 Siostry Kanoniczki Ducha \u015aw. Ka\u017cda z\u0142ot\u00f3wka pomaga!","breadcrumb":{"@id":"https:\/\/www.maitri.pl\/projekt\/dozywianie-niemowlat-burundi\/#breadcrumb"},"inLanguage":"fr-FR","potentialAction":[{"@type":"ReadAction","target":["https:\/\/www.maitri.pl\/projekt\/dozywianie-niemowlat-burundi\/"]}]},{"@type":"ImageObject","inLanguage":"fr-FR","@id":"https:\/\/www.maitri.pl\/projekt\/dozywianie-niemowlat-burundi\/#primaryimage","url":"https:\/\/www.maitri.pl\/wp-content\/uploads\/2024\/02\/225-ducha.jpg","contentUrl":"https:\/\/www.maitri.pl\/wp-content\/uploads\/2024\/02\/225-ducha.jpg","width":2476,"height":1393,"caption":"Do\u017cywianie niemowl\u0105t oraz chorych sierot w O\u015brodku Zdrowia w Buraniro"},{"@type":"BreadcrumbList","@id":"https:\/\/www.maitri.pl\/projekt\/dozywianie-niemowlat-burundi\/#breadcrumb","itemListElement":[{"@type":"ListItem","position":1,"name":"Strona g\u0142\u00f3wna","item":"https:\/\/www.maitri.pl\/"},{"@type":"ListItem","position":2,"name":"Sklep","item":"https:\/\/www.maitri.pl\/sklep\/"},{"@type":"ListItem","position":3,"name":"Do\u017cywianie osieroconych niemowl\u0105t i chorych pacjent\u00f3w w O\u015brodku Zdrowia w Buraniro"}]},{"@type":"WebSite","@id":"https:\/\/www.maitri.pl\/#website","url":"https:\/\/www.maitri.pl\/","name":"Adopcja Serca Maitri \u2013 pomoc dzieciom w Afryce","description":"Adopcja Serca \u2013 adopcja na odleg\u0142o\u015b\u0107, pomoc Afryce, do\u017cywianie i edukacja w Afryce","publisher":{"@id":"https:\/\/www.maitri.pl\/#organization"},"potentialAction":[{"@type":"SearchAction","target":{"@type":"EntryPoint","urlTemplate":"https:\/\/www.maitri.pl\/?s={search_term_string}"},"query-input":{"@type":"PropertyValueSpecification","valueRequired":true,"valueName":"search_term_string"}}],"inLanguage":"fr-FR"},{"@type":"Organization","@id":"https:\/\/www.maitri.pl\/#organization","name":"Stowarzyszenie Ruchu Maitri","url":"https:\/\/www.maitri.pl\/","logo":{"@type":"ImageObject","inLanguage":"fr-FR","@id":"https:\/\/www.maitri.pl\/#\/schema\/logo\/image\/","url":"https:\/\/www.maitri.pl\/wp-content\/uploads\/2020\/04\/duze_logo-81.png","contentUrl":"https:\/\/www.maitri.pl\/wp-content\/uploads\/2020\/04\/duze_logo-81.png","width":339,"height":321,"caption":"Stowarzyszenie Ruchu Maitri"},"image":{"@id":"https:\/\/www.maitri.pl\/#\/schema\/logo\/image\/"},"sameAs":["https:\/\/www.facebook.com\/MAITRI.Adopcja.Serca.dzieci.Afryki\/"]}]}},"_links":{"self":[{"href":"https:\/\/www.maitri.pl\/fr\/wp-json\/wp\/v2\/product\/30728","targetHints":{"allow":["GET"]}}],"collection":[{"href":"https:\/\/www.maitri.pl\/fr\/wp-json\/wp\/v2\/product"}],"about":[{"href":"https:\/\/www.maitri.pl\/fr\/wp-json\/wp\/v2\/types\/product"}],"wp:featuredmedia":[{"embeddable":true,"href":"https:\/\/www.maitri.pl\/fr\/wp-json\/wp\/v2\/media\/30735"}],"wp:attachment":[{"href":"https:\/\/www.maitri.pl\/fr\/wp-json\/wp\/v2\/media?parent=30728"}],"wp:term":[{"taxonomy":"product_brand","embeddable":true,"href":"https:\/\/www.maitri.pl\/fr\/wp-json\/wp\/v2\/product_brand?post=30728"},{"taxonomy":"product_cat","embeddable":true,"href":"https:\/\/www.maitri.pl\/fr\/wp-json\/wp\/v2\/product_cat?post=30728"},{"taxonomy":"product_tag","embeddable":true,"href":"https:\/\/www.maitri.pl\/fr\/wp-json\/wp\/v2\/product_tag?post=30728"}],"curies":[{"name":"wp","href":"https:\/\/api.w.org\/{rel}","templated":true}]}}