{"id":30630,"date":"2024-01-12T16:00:11","date_gmt":"2024-01-12T15:00:11","guid":{"rendered":"https:\/\/www.maitri.pl\/?post_type=product&#038;p=30630"},"modified":"2025-03-31T14:16:53","modified_gmt":"2025-03-31T12:16:53","slug":"pomoc-swiateczna-kamerun","status":"publish","type":"product","link":"https:\/\/www.maitri.pl\/fr\/projekt\/pomoc-swiateczna-kamerun\/","title":{"rendered":"Pomoc \u015bwi\u0105teczna i do\u017cywianie dzieci ze szko\u0142y w Doume w Kamerunie"},"content":{"rendered":"<h4>Tydzie\u0144 bez jedzenia<\/h4>\n<p>W imieniu ludno\u015bci ze wschodniego Kamerunu, kt\u00f3ra nale\u017cy do bardzo biednych, prosz\u0119 o pomoc w zakupie \u017cywno\u015bci dla dzieci z przedszkola \u015aw. Jana Bosco. Na co dzie\u0144 do przedszkola przychodzi prawie 200 uczni\u00f3w, kt\u00f3rym od lat dajemy trzy razy w tygodniu ciep\u0142\u0105 straw\u0119, tak by b\u0119d\u0105c w przedszkolu nie by\u0142y g\u0142odne. Jestem 25 lat na misjach w Doume i rozumiem coraz lepiej najwi\u0119ksze potrzeby ludzi tego regionu. Najbardziej niepokoj\u0105ca jest sytuacja dzieci, kt\u00f3re nie maj\u0105 sta\u0142ego dobrego po\u017cywienia. Rodzice i dziadkowie id\u0105 pracowa\u0107 na pola. Czasem wracaj\u0105 par\u0119 kilometr\u00f3w, by przyrz\u0105dzi\u0107 wieczorn\u0105 straw\u0119, a czasem pozostaj\u0105 tam gdzie pracuj\u0105 przez ca\u0142y tydzie\u0144. Dzieci nie przynosz\u0105 ze sob\u0105 kanapek do przedszkola, wiele z nich przed wyj\u015bciem nic nie je. W\u0142a\u015bnie dlatego potrzebna jest pomoc \u017cywno\u015bciowa dla uczni\u00f3w szko\u0142y.<\/p>\n<h4>Prezent na \u015bwi\u0119ta<\/h4>\n<p>Zale\u017cy mi tak\u017ce na udzieleniu pomocy \u015bwi\u0105tecznej dla 50 najbiedniejszych dzieci. Chcemy, aby i one mog\u0142y cieszy\u0107 si\u0119 drobn\u0105 zabawk\u0105 i \u015bwi\u0105tecznym strojem i nie patrzy\u0142y z zazdro\u015bci\u0105 na inne dzieci. Trzeci problem to konieczno\u015b\u0107 zakupu specjalnych myde\u0142 dla dzieci, co maj\u0105 \u0142uszczyc\u0119, kt\u00f3ra z \u0142atwo\u015bci\u0105 przenosi si\u0119 na inne dzieci. Uwa\u017cam ten problem za pilny i wa\u017cny w przedszkolu\u00a0 i bardzo prosz\u0119 o \u015brodki na ten cel.<\/p>\n<h4>Apel do czyni\u0105cych dobro<\/h4>\n<p>Za t\u0105 jedno\u015b\u0107 z nami i pomoc ju\u017c otrzyman\u0105 oraz t\u0119, na kt\u00f3r\u0105 teraz liczymy chc\u0119 serdecznie podzi\u0119kowa\u0107, bo to pomaga wierzy\u0107, \u017ce s\u0105 ludzie, kt\u00f3rych mi\u0142o\u015b\u0107 Bo\u017ca poci\u0105ga do czynienia dobra, do podzielenia si\u0119. Polecam mi\u0142osiernemu Bogu osobi\u015bcie i ze wszystkimi dzie\u0107mi ka\u017cdego Dobroczy\u0144c\u0119.<\/p>\n<p>Wraz z darem modlitwy &#8211; Siostra Fabiana<\/p>\n<p><img loading=\"lazy\" decoding=\"async\" class=\"alignnone wp-image-30631 size-full\" src=\"https:\/\/www.maitri.pl\/wp-content\/uploads\/2024\/01\/398-palls.png\" alt=\"\" width=\"959\" height=\"766\" srcset=\"https:\/\/www.maitri.pl\/wp-content\/uploads\/2024\/01\/398-palls.png 959w, https:\/\/www.maitri.pl\/wp-content\/uploads\/2024\/01\/398-palls-300x240.png 300w, https:\/\/www.maitri.pl\/wp-content\/uploads\/2024\/01\/398-palls-768x613.png 768w, https:\/\/www.maitri.pl\/wp-content\/uploads\/2024\/01\/398-palls-600x479.png 600w\" sizes=\"auto, (max-width: 959px) 100vw, 959px\" \/><\/p>\n<p><em>Siostra Fabiana Leitgbeer, <a href=\"http:\/\/www.u-pallotynek.pl\/\" target=\"_blank\" rel=\"noopener\">Zgromadzenie Si\u00f3str Misjonarek Apostolstwa Katolickiego<\/a><\/em><\/p>\n<p><b style=\"font-size: large; color: #ff0000;\">Kwota: 6540 \u20ac <\/b><\/p>\n<p style=\"text-align: justify;\"><strong>Podsumowanie w miejscowej walucie &#8211; 3 677 000 frank\u00f3w CFA<\/strong><\/p>\n<p style=\"text-align: justify;\" align=\"JUSTIFY\"><span style=\"color: #808080;\">Stowarzyszenie Ruchu\u00a0<em>Maitri<\/em> przeznacza do 10% otrzymanych \u015brodk\u00f3w na koszty funkcjonowania biura i pozyskiwanie funduszy pomocowych. <\/span><\/p>\n<h3 style=\"text-align: justify;\" align=\"JUSTIFY\"><span style=\"color: #808080;\">Pomoc \u015bwi\u0105teczna i do\u017cywianie dla dzieci z Doume w Kamerunie<\/span><\/h3>\n","protected":false},"excerpt":{"rendered":"<p><strong>Projekt:<\/strong> Siostra Fabiana Leitgeber, <a href=\"http:\/\/www.u-pallotynek.pl\/\" target=\"_blank\" rel=\"noopener\">Zgromadzenie Si\u00f3str Misjonarek Apostolstwa Katolickiego<\/a><br \/>\n<strong>Misja:<\/strong> Doume, <a href=\"https:\/\/www.maitri.pl\/gdzie-pomagamy\/\" target=\"_blank\" rel=\"noopener noreferrer\">Kamerun<\/a><br \/>\n<strong>Zbierana kwota:<\/strong> <span style=\"color: #ff0000;\"><strong>6540 \u20ac<\/strong><\/span><\/p>\n","protected":false},"featured_media":30649,"template":"","meta":[],"product_brand":[],"product_cat":[656],"product_tag":[687,676,658,847,867,689],"class_list":{"0":"post-30630","1":"product","2":"type-product","3":"status-publish","4":"has-post-thumbnail","6":"product_cat-bez-kategorii","7":"product_tag-doume","8":"product_tag-dozywianie","9":"product_tag-kamerun","10":"product_tag-pallotynki","11":"product_tag-siostra-fabiana-leitgeber","12":"product_tag-zgromadzenie-siostr-misjonarek-apostolstwa-katolickiego","14":"first","15":"instock","16":"virtual","17":"purchasable","18":"product-type-simple"},"yoast_head":"<!-- This site is optimized with the Yoast SEO plugin v27.2 - https:\/\/yoast.com\/product\/yoast-seo-wordpress\/ -->\n<title>Pomoc \u015bwi\u0105teczna i do\u017cywianie dla dzieci z Doume w Kamerunie<\/title>\n<meta name=\"description\" content=\"Pomoc \u015bwi\u0105teczna i do\u017cywianie dla dzieci z Doume w Kamerunie. O wsparcie prosz\u0105 Siostry Pallotynki. Ka\u017cda z\u0142ot\u00f3wka pomaga!\" \/>\n<meta name=\"robots\" content=\"index, follow, max-snippet:-1, max-image-preview:large, max-video-preview:-1\" \/>\n<link rel=\"canonical\" href=\"https:\/\/www.maitri.pl\/projekt\/pomoc-swiateczna-kamerun\/\" \/>\n<meta property=\"og:locale\" content=\"fr_FR\" \/>\n<meta property=\"og:type\" content=\"article\" \/>\n<meta property=\"og:title\" content=\"Pomoc \u015bwi\u0105teczna i do\u017cywianie dla dzieci z Doume w Kamerunie\" \/>\n<meta property=\"og:description\" content=\"Pomoc \u015bwi\u0105teczna i do\u017cywianie dla dzieci z Doume w Kamerunie. O wsparcie prosz\u0105 Siostry Pallotynki. Ka\u017cda z\u0142ot\u00f3wka pomaga!\" \/>\n<meta property=\"og:url\" content=\"https:\/\/www.maitri.pl\/projekt\/pomoc-swiateczna-kamerun\/\" \/>\n<meta property=\"og:site_name\" content=\"Ruch Maitri - Adopcja Serca pomoc Afryce\" \/>\n<meta property=\"article:publisher\" content=\"https:\/\/www.facebook.com\/MAITRI.Adopcja.Serca.dzieci.Afryki\/\" \/>\n<meta property=\"article:modified_time\" content=\"2025-03-31T12:16:53+00:00\" \/>\n<meta property=\"og:image\" content=\"https:\/\/www.maitri.pl\/wp-content\/uploads\/2024\/01\/IMG-20211214-WA0006.jpg\" \/>\n\t<meta property=\"og:image:width\" content=\"960\" \/>\n\t<meta property=\"og:image:height\" content=\"1280\" \/>\n\t<meta property=\"og:image:type\" content=\"image\/jpeg\" \/>\n<meta name=\"twitter:card\" content=\"summary_large_image\" \/>\n<meta name=\"twitter:label1\" content=\"Dur\u00e9e de lecture estim\u00e9e\" \/>\n\t<meta name=\"twitter:data1\" content=\"3 minutes\" \/>\n<script type=\"application\/ld+json\" class=\"yoast-schema-graph\">{\"@context\":\"https:\/\/schema.org\",\"@graph\":[{\"@type\":\"WebPage\",\"@id\":\"https:\/\/www.maitri.pl\/projekt\/pomoc-swiateczna-kamerun\/\",\"url\":\"https:\/\/www.maitri.pl\/projekt\/pomoc-swiateczna-kamerun\/\",\"name\":\"Pomoc \u015bwi\u0105teczna i do\u017cywianie dla dzieci z Doume w Kamerunie\",\"isPartOf\":{\"@id\":\"https:\/\/www.maitri.pl\/#website\"},\"primaryImageOfPage\":{\"@id\":\"https:\/\/www.maitri.pl\/projekt\/pomoc-swiateczna-kamerun\/#primaryimage\"},\"image\":{\"@id\":\"https:\/\/www.maitri.pl\/projekt\/pomoc-swiateczna-kamerun\/#primaryimage\"},\"thumbnailUrl\":\"https:\/\/www.maitri.pl\/wp-content\/uploads\/2024\/01\/IMG-20211214-WA0006.jpg\",\"datePublished\":\"2024-01-12T15:00:11+00:00\",\"dateModified\":\"2025-03-31T12:16:53+00:00\",\"description\":\"Pomoc \u015bwi\u0105teczna i do\u017cywianie dla dzieci z Doume w Kamerunie. O wsparcie prosz\u0105 Siostry Pallotynki. Ka\u017cda z\u0142ot\u00f3wka pomaga!\",\"breadcrumb\":{\"@id\":\"https:\/\/www.maitri.pl\/projekt\/pomoc-swiateczna-kamerun\/#breadcrumb\"},\"inLanguage\":\"fr-FR\",\"potentialAction\":[{\"@type\":\"ReadAction\",\"target\":[\"https:\/\/www.maitri.pl\/projekt\/pomoc-swiateczna-kamerun\/\"]}]},{\"@type\":\"ImageObject\",\"inLanguage\":\"fr-FR\",\"@id\":\"https:\/\/www.maitri.pl\/projekt\/pomoc-swiateczna-kamerun\/#primaryimage\",\"url\":\"https:\/\/www.maitri.pl\/wp-content\/uploads\/2024\/01\/IMG-20211214-WA0006.jpg\",\"contentUrl\":\"https:\/\/www.maitri.pl\/wp-content\/uploads\/2024\/01\/IMG-20211214-WA0006.jpg\",\"width\":960,\"height\":1280,\"caption\":\"Pomoc \u015bwi\u0105teczna i do\u017cywianie dzieci ze szko\u0142y w Doume w Kamerunie Adopcja Serca Maitri 01\"},{\"@type\":\"BreadcrumbList\",\"@id\":\"https:\/\/www.maitri.pl\/projekt\/pomoc-swiateczna-kamerun\/#breadcrumb\",\"itemListElement\":[{\"@type\":\"ListItem\",\"position\":1,\"name\":\"Strona g\u0142\u00f3wna\",\"item\":\"https:\/\/www.maitri.pl\/\"},{\"@type\":\"ListItem\",\"position\":2,\"name\":\"Sklep\",\"item\":\"https:\/\/www.maitri.pl\/sklep\/\"},{\"@type\":\"ListItem\",\"position\":3,\"name\":\"Pomoc \u015bwi\u0105teczna i do\u017cywianie dzieci ze szko\u0142y w Doume w Kamerunie\"}]},{\"@type\":\"WebSite\",\"@id\":\"https:\/\/www.maitri.pl\/#website\",\"url\":\"https:\/\/www.maitri.pl\/\",\"name\":\"Adopcja Serca Maitri \u2013 pomoc dzieciom w Afryce\",\"description\":\"Adopcja Serca \u2013 adopcja na odleg\u0142o\u015b\u0107, pomoc Afryce, do\u017cywianie i edukacja w Afryce\",\"publisher\":{\"@id\":\"https:\/\/www.maitri.pl\/#organization\"},\"potentialAction\":[{\"@type\":\"SearchAction\",\"target\":{\"@type\":\"EntryPoint\",\"urlTemplate\":\"https:\/\/www.maitri.pl\/?s={search_term_string}\"},\"query-input\":{\"@type\":\"PropertyValueSpecification\",\"valueRequired\":true,\"valueName\":\"search_term_string\"}}],\"inLanguage\":\"fr-FR\"},{\"@type\":\"Organization\",\"@id\":\"https:\/\/www.maitri.pl\/#organization\",\"name\":\"Stowarzyszenie Ruchu Maitri\",\"url\":\"https:\/\/www.maitri.pl\/\",\"logo\":{\"@type\":\"ImageObject\",\"inLanguage\":\"fr-FR\",\"@id\":\"https:\/\/www.maitri.pl\/#\/schema\/logo\/image\/\",\"url\":\"https:\/\/www.maitri.pl\/wp-content\/uploads\/2020\/04\/duze_logo-81.png\",\"contentUrl\":\"https:\/\/www.maitri.pl\/wp-content\/uploads\/2020\/04\/duze_logo-81.png\",\"width\":339,\"height\":321,\"caption\":\"Stowarzyszenie Ruchu Maitri\"},\"image\":{\"@id\":\"https:\/\/www.maitri.pl\/#\/schema\/logo\/image\/\"},\"sameAs\":[\"https:\/\/www.facebook.com\/MAITRI.Adopcja.Serca.dzieci.Afryki\/\"]}]}<\/script>\n<!-- \/ Yoast SEO plugin. -->","yoast_head_json":{"title":"Pomoc \u015bwi\u0105teczna i do\u017cywianie dla dzieci z Doume w Kamerunie","description":"Pomoc \u015bwi\u0105teczna i do\u017cywianie dla dzieci z Doume w Kamerunie. O wsparcie prosz\u0105 Siostry Pallotynki. Ka\u017cda z\u0142ot\u00f3wka pomaga!","robots":{"index":"index","follow":"follow","max-snippet":"max-snippet:-1","max-image-preview":"max-image-preview:large","max-video-preview":"max-video-preview:-1"},"canonical":"https:\/\/www.maitri.pl\/projekt\/pomoc-swiateczna-kamerun\/","og_locale":"fr_FR","og_type":"article","og_title":"Pomoc \u015bwi\u0105teczna i do\u017cywianie dla dzieci z Doume w Kamerunie","og_description":"Pomoc \u015bwi\u0105teczna i do\u017cywianie dla dzieci z Doume w Kamerunie. O wsparcie prosz\u0105 Siostry Pallotynki. Ka\u017cda z\u0142ot\u00f3wka pomaga!","og_url":"https:\/\/www.maitri.pl\/projekt\/pomoc-swiateczna-kamerun\/","og_site_name":"Ruch Maitri - Adopcja Serca pomoc Afryce","article_publisher":"https:\/\/www.facebook.com\/MAITRI.Adopcja.Serca.dzieci.Afryki\/","article_modified_time":"2025-03-31T12:16:53+00:00","og_image":[{"width":960,"height":1280,"url":"https:\/\/www.maitri.pl\/wp-content\/uploads\/2024\/01\/IMG-20211214-WA0006.jpg","type":"image\/jpeg"}],"twitter_card":"summary_large_image","twitter_misc":{"Dur\u00e9e de lecture estim\u00e9e":"3 minutes"},"schema":{"@context":"https:\/\/schema.org","@graph":[{"@type":"WebPage","@id":"https:\/\/www.maitri.pl\/projekt\/pomoc-swiateczna-kamerun\/","url":"https:\/\/www.maitri.pl\/projekt\/pomoc-swiateczna-kamerun\/","name":"Pomoc \u015bwi\u0105teczna i do\u017cywianie dla dzieci z Doume w Kamerunie","isPartOf":{"@id":"https:\/\/www.maitri.pl\/#website"},"primaryImageOfPage":{"@id":"https:\/\/www.maitri.pl\/projekt\/pomoc-swiateczna-kamerun\/#primaryimage"},"image":{"@id":"https:\/\/www.maitri.pl\/projekt\/pomoc-swiateczna-kamerun\/#primaryimage"},"thumbnailUrl":"https:\/\/www.maitri.pl\/wp-content\/uploads\/2024\/01\/IMG-20211214-WA0006.jpg","datePublished":"2024-01-12T15:00:11+00:00","dateModified":"2025-03-31T12:16:53+00:00","description":"Pomoc \u015bwi\u0105teczna i do\u017cywianie dla dzieci z Doume w Kamerunie. O wsparcie prosz\u0105 Siostry Pallotynki. Ka\u017cda z\u0142ot\u00f3wka pomaga!","breadcrumb":{"@id":"https:\/\/www.maitri.pl\/projekt\/pomoc-swiateczna-kamerun\/#breadcrumb"},"inLanguage":"fr-FR","potentialAction":[{"@type":"ReadAction","target":["https:\/\/www.maitri.pl\/projekt\/pomoc-swiateczna-kamerun\/"]}]},{"@type":"ImageObject","inLanguage":"fr-FR","@id":"https:\/\/www.maitri.pl\/projekt\/pomoc-swiateczna-kamerun\/#primaryimage","url":"https:\/\/www.maitri.pl\/wp-content\/uploads\/2024\/01\/IMG-20211214-WA0006.jpg","contentUrl":"https:\/\/www.maitri.pl\/wp-content\/uploads\/2024\/01\/IMG-20211214-WA0006.jpg","width":960,"height":1280,"caption":"Pomoc \u015bwi\u0105teczna i do\u017cywianie dzieci ze szko\u0142y w Doume w Kamerunie Adopcja Serca Maitri 01"},{"@type":"BreadcrumbList","@id":"https:\/\/www.maitri.pl\/projekt\/pomoc-swiateczna-kamerun\/#breadcrumb","itemListElement":[{"@type":"ListItem","position":1,"name":"Strona g\u0142\u00f3wna","item":"https:\/\/www.maitri.pl\/"},{"@type":"ListItem","position":2,"name":"Sklep","item":"https:\/\/www.maitri.pl\/sklep\/"},{"@type":"ListItem","position":3,"name":"Pomoc \u015bwi\u0105teczna i do\u017cywianie dzieci ze szko\u0142y w Doume w Kamerunie"}]},{"@type":"WebSite","@id":"https:\/\/www.maitri.pl\/#website","url":"https:\/\/www.maitri.pl\/","name":"Adopcja Serca Maitri \u2013 pomoc dzieciom w Afryce","description":"Adopcja Serca \u2013 adopcja na odleg\u0142o\u015b\u0107, pomoc Afryce, do\u017cywianie i edukacja w Afryce","publisher":{"@id":"https:\/\/www.maitri.pl\/#organization"},"potentialAction":[{"@type":"SearchAction","target":{"@type":"EntryPoint","urlTemplate":"https:\/\/www.maitri.pl\/?s={search_term_string}"},"query-input":{"@type":"PropertyValueSpecification","valueRequired":true,"valueName":"search_term_string"}}],"inLanguage":"fr-FR"},{"@type":"Organization","@id":"https:\/\/www.maitri.pl\/#organization","name":"Stowarzyszenie Ruchu Maitri","url":"https:\/\/www.maitri.pl\/","logo":{"@type":"ImageObject","inLanguage":"fr-FR","@id":"https:\/\/www.maitri.pl\/#\/schema\/logo\/image\/","url":"https:\/\/www.maitri.pl\/wp-content\/uploads\/2020\/04\/duze_logo-81.png","contentUrl":"https:\/\/www.maitri.pl\/wp-content\/uploads\/2020\/04\/duze_logo-81.png","width":339,"height":321,"caption":"Stowarzyszenie Ruchu Maitri"},"image":{"@id":"https:\/\/www.maitri.pl\/#\/schema\/logo\/image\/"},"sameAs":["https:\/\/www.facebook.com\/MAITRI.Adopcja.Serca.dzieci.Afryki\/"]}]}},"_links":{"self":[{"href":"https:\/\/www.maitri.pl\/fr\/wp-json\/wp\/v2\/product\/30630","targetHints":{"allow":["GET"]}}],"collection":[{"href":"https:\/\/www.maitri.pl\/fr\/wp-json\/wp\/v2\/product"}],"about":[{"href":"https:\/\/www.maitri.pl\/fr\/wp-json\/wp\/v2\/types\/product"}],"wp:featuredmedia":[{"embeddable":true,"href":"https:\/\/www.maitri.pl\/fr\/wp-json\/wp\/v2\/media\/30649"}],"wp:attachment":[{"href":"https:\/\/www.maitri.pl\/fr\/wp-json\/wp\/v2\/media?parent=30630"}],"wp:term":[{"taxonomy":"product_brand","embeddable":true,"href":"https:\/\/www.maitri.pl\/fr\/wp-json\/wp\/v2\/product_brand?post=30630"},{"taxonomy":"product_cat","embeddable":true,"href":"https:\/\/www.maitri.pl\/fr\/wp-json\/wp\/v2\/product_cat?post=30630"},{"taxonomy":"product_tag","embeddable":true,"href":"https:\/\/www.maitri.pl\/fr\/wp-json\/wp\/v2\/product_tag?post=30630"}],"curies":[{"name":"wp","href":"https:\/\/api.w.org\/{rel}","templated":true}]}}