{"id":30611,"date":"2024-01-12T15:30:10","date_gmt":"2024-01-12T14:30:10","guid":{"rendered":"https:\/\/www.maitri.pl\/?post_type=product&#038;p=30611"},"modified":"2025-03-31T14:16:46","modified_gmt":"2025-03-31T12:16:46","slug":"dozywianie-dzieci-kamerun-4","status":"publish","type":"product","link":"https:\/\/www.maitri.pl\/fr\/projekt\/dozywianie-dzieci-kamerun-4\/","title":{"rendered":"Do\u017cywianie 200 dzieci ze szko\u0142y podstawowej w Nkoum w Kamerunie"},"content":{"rendered":"<h4>Dzieci z pustymi \u017co\u0142\u0105dkami<\/h4>\n<p>Jako siostra misjonarka odpowiadam za Szko\u0142\u0119 Podstawow\u0105 \u015bw. Paw\u0142a w Nkoum w Kamerunie. Ucz\u0119szcza do niej 200 dzieci w wieku od 6 do 12 lat. Miejscowo\u015b\u0107 ta oddalona jest o 25 km od Doume, gdzie mieszkam. Do szko\u0142y doje\u017cd\u017cam kilka razy w tygodniu. Zawsze moim pragnieniem by\u0142o i jest ofiarowanie dzieciom ciep\u0142ej strawy. Pilnujemy, by uczniowie otrzymywali obiad przynajmniej trzy razy w tygodniu. Boli nas, gdy siedz\u0105 w klasach z pustymi \u017co\u0142\u0105dkami, gdy\u017c to utrudnia ich koncentracj\u0119 podczas lekcji. Do\u017cywianie w szkole sprawia, \u017ce ch\u0119tnie chodz\u0105 do szko\u0142y i kojarzy si\u0119 im ona pozytywnie.<\/p>\n<h4>Marzenia o pe\u0142nym talerzu<\/h4>\n<p>Prosimy Was o \u015brodki na do\u017cywianie dzieci ze szko\u0142y w Nkoum. Przede wszystkim chodzi mi o zakup \u017cywno\u015bci podstawowej, z kt\u00f3rej naj\u0142atwiej przygotowa\u0107 ciep\u0142y posi\u0142ek dla tych uczni\u00f3w: ry\u017c, olej, banany (plantains), maniok. Z racji \u015bwi\u0105t przyda\u0142oby si\u0119 te\u017c po kawa\u0142ku mi\u0119sa, ryby, jajka, orzeszki ziemne, troch\u0119 s\u0142odyczy. To \u017cywno\u015bciowe minimum,\u00a0 kt\u00f3re chcemy zapewni\u0107 dzieciom z wioski po to, by mog\u0142y si\u0119 uczy\u0107, zdobywa\u0107 wiedz\u0119 i poznawa\u0107 dobro\u0107 oraz mi\u0142o\u015b\u0107 Boga. To dzi\u0119ki Wam mo\u017cemy im ofiarowa\u0107 pomoc w postaci posi\u0142ku. Do\u017cywianie w szkole to dla nich wielki dar.<\/p>\n<h4>Wielka warto\u015b\u0107 do\u017cywiania<\/h4>\n<p>Szanowni Dobrodzieje, w mojej pro\u015bbie pragn\u0119 wyrazi\u0107 tak\u017ce wdzi\u0119czno\u015b\u0107 za Wasz\u0105 opiek\u0119 i wspieranie naszej szko\u0142y, gdzie wiele dzieci przychodzi na lekcje zzi\u0119bni\u0119tych i g\u0142odnych. W\u015br\u00f3d nich s\u0105 podopieczni programu <a href=\"https:\/\/www.maitri.pl\/adopcja-serca\/\" target=\"_blank\" rel=\"noopener\">Adopcja Serca<\/a>. Dlatego do\u017cywianie w szkole w trakcie lekcji i ten gwarantowany, codzienny ciep\u0142y posi\u0142ek maj\u0105 tak wielk\u0105 warto\u015b\u0107. Trzeba zobaczy\u0107 te u\u015bmiechni\u0119te bu\u017aki! Niech dobry B\u00f3g obdarza Was swoimi \u0142askami, tak jak i Wy obdarzacie nasze dzieci trosk\u0105. Dzi\u0119kujemy za ka\u017cde wsparcie!<\/p>\n<p><em>s. Hanna Teresa Gnatowska, <a href=\"http:\/\/www.pallotynki.pl\/\" target=\"_blank\" rel=\"noopener noreferrer\">Zgromadzenie Si\u00f3str Apostolstwa Katolickiego (Pallotynki)<\/a>, misja Nkoum, Kamerun<\/em><\/p>\n<h4>Kosztorys<\/h4>\n<p><img loading=\"lazy\" decoding=\"async\" class=\"alignnone wp-image-30612 size-full\" src=\"https:\/\/www.maitri.pl\/wp-content\/uploads\/2024\/01\/397-palls.png\" alt=\"\" width=\"959\" height=\"782\" srcset=\"https:\/\/www.maitri.pl\/wp-content\/uploads\/2024\/01\/397-palls.png 959w, https:\/\/www.maitri.pl\/wp-content\/uploads\/2024\/01\/397-palls-300x245.png 300w, https:\/\/www.maitri.pl\/wp-content\/uploads\/2024\/01\/397-palls-768x626.png 768w, https:\/\/www.maitri.pl\/wp-content\/uploads\/2024\/01\/397-palls-600x489.png 600w\" sizes=\"auto, (max-width: 959px) 100vw, 959px\" \/><\/p>\n<p style=\"text-align: justify;\" align=\"JUSTIFY\"><strong>Numer projektu 401\/PALLS<\/strong><\/p>\n<p style=\"text-align: justify;\" align=\"JUSTIFY\"><span style=\"color: #ff0000;\"><span style=\"font-size: large;\"><b>Kwota projektu: 3890 \u20ac<br \/>\n<\/b><\/span><\/span><\/p>\n<p style=\"text-align: justify;\" align=\"JUSTIFY\"><span style=\"color: #808080;\">Stowarzyszenie Ruchu\u00a0<em>Maitri<\/em>\u00a0przeznacza do 10% otrzymanych \u015brodk\u00f3w na koszty funkcjonowania biura i pozyskiwanie funduszy pomocowych.<\/span><\/p>\n<h3 style=\"text-align: justify;\" align=\"JUSTIFY\"><span style=\"color: #808080;\">Do\u017cywianie 200 dzieci ze szko\u0142y podstawowej w Nkoum w Kamerunie<\/span><\/h3>\n","protected":false},"excerpt":{"rendered":"<p><strong>Projekt:\u00a0<\/strong> S. Hanna Teresa Gnatowska, <a href=\"http:\/\/www.pallotynki.pl\/\" target=\"_blank\" rel=\"noopener noreferrer\">Zgromadzenie Si\u00f3str Misjonarek Apostolstwa Katolickiego<\/a><br \/>\n<strong>Misja:<\/strong> Nkoum, <a href=\"https:\/\/www.maitri.pl\/gdzie-pomagamy\/\" target=\"_blank\" rel=\"noopener noreferrer\">Kamerun<\/a><br \/>\n<strong>Kwota projektu: <span style=\"color: #ff0000;\">3890 \u20ac<\/span><\/strong><\/p>\n","protected":false},"featured_media":30615,"template":"","meta":[],"product_brand":[],"product_cat":[656],"product_tag":[676,658,776,847,913,689],"class_list":{"0":"post-30611","1":"product","2":"type-product","3":"status-publish","4":"has-post-thumbnail","6":"product_cat-bez-kategorii","7":"product_tag-dozywianie","8":"product_tag-kamerun","9":"product_tag-nkoum","10":"product_tag-pallotynki","11":"product_tag-siostra-hanna-teresa-gnatowska","12":"product_tag-zgromadzenie-siostr-misjonarek-apostolstwa-katolickiego","14":"first","15":"instock","16":"virtual","17":"purchasable","18":"product-type-simple"},"yoast_head":"<!-- This site is optimized with the Yoast SEO plugin v27.2 - https:\/\/yoast.com\/product\/yoast-seo-wordpress\/ -->\n<title>Do\u017cywianie 200 dzieci ze szko\u0142y podstawowej w Kamerunie<\/title>\n<meta name=\"description\" content=\"Do\u017cywianie 200 dzieci ze szko\u0142y podstawowej w Nkoum w Kamerunie. O pomoc prosz\u0105 Siostry Pallotynki. Akcja potrwa ca\u0142y rok.\" \/>\n<meta name=\"robots\" content=\"index, follow, max-snippet:-1, max-image-preview:large, max-video-preview:-1\" \/>\n<link rel=\"canonical\" href=\"https:\/\/www.maitri.pl\/projekt\/dozywianie-dzieci-kamerun-4\/\" \/>\n<meta property=\"og:locale\" content=\"fr_FR\" \/>\n<meta property=\"og:type\" content=\"article\" \/>\n<meta property=\"og:title\" content=\"Do\u017cywianie 200 dzieci ze szko\u0142y podstawowej w Kamerunie\" \/>\n<meta property=\"og:description\" content=\"Do\u017cywianie 200 dzieci ze szko\u0142y podstawowej w Nkoum w Kamerunie. O pomoc prosz\u0105 Siostry Pallotynki. Akcja potrwa ca\u0142y rok.\" \/>\n<meta property=\"og:url\" content=\"https:\/\/www.maitri.pl\/projekt\/dozywianie-dzieci-kamerun-4\/\" \/>\n<meta property=\"og:site_name\" content=\"Ruch Maitri - Adopcja Serca pomoc Afryce\" \/>\n<meta property=\"article:publisher\" content=\"https:\/\/www.facebook.com\/MAITRI.Adopcja.Serca.dzieci.Afryki\/\" \/>\n<meta property=\"article:modified_time\" content=\"2025-03-31T12:16:46+00:00\" \/>\n<meta property=\"og:image\" content=\"https:\/\/www.maitri.pl\/wp-content\/uploads\/2024\/01\/397-palls-scaled.jpg\" \/>\n\t<meta property=\"og:image:width\" content=\"2560\" \/>\n\t<meta property=\"og:image:height\" content=\"1920\" \/>\n\t<meta property=\"og:image:type\" content=\"image\/jpeg\" \/>\n<meta name=\"twitter:card\" content=\"summary_large_image\" \/>\n<meta name=\"twitter:label1\" content=\"Dur\u00e9e de lecture estim\u00e9e\" \/>\n\t<meta name=\"twitter:data1\" content=\"3 minutes\" \/>\n<script type=\"application\/ld+json\" class=\"yoast-schema-graph\">{\"@context\":\"https:\/\/schema.org\",\"@graph\":[{\"@type\":\"WebPage\",\"@id\":\"https:\/\/www.maitri.pl\/projekt\/dozywianie-dzieci-kamerun-4\/\",\"url\":\"https:\/\/www.maitri.pl\/projekt\/dozywianie-dzieci-kamerun-4\/\",\"name\":\"Do\u017cywianie 200 dzieci ze szko\u0142y podstawowej w Kamerunie\",\"isPartOf\":{\"@id\":\"https:\/\/www.maitri.pl\/#website\"},\"primaryImageOfPage\":{\"@id\":\"https:\/\/www.maitri.pl\/projekt\/dozywianie-dzieci-kamerun-4\/#primaryimage\"},\"image\":{\"@id\":\"https:\/\/www.maitri.pl\/projekt\/dozywianie-dzieci-kamerun-4\/#primaryimage\"},\"thumbnailUrl\":\"https:\/\/www.maitri.pl\/wp-content\/uploads\/2024\/01\/397-palls-scaled.jpg\",\"datePublished\":\"2024-01-12T14:30:10+00:00\",\"dateModified\":\"2025-03-31T12:16:46+00:00\",\"description\":\"Do\u017cywianie 200 dzieci ze szko\u0142y podstawowej w Nkoum w Kamerunie. O pomoc prosz\u0105 Siostry Pallotynki. Akcja potrwa ca\u0142y rok.\",\"breadcrumb\":{\"@id\":\"https:\/\/www.maitri.pl\/projekt\/dozywianie-dzieci-kamerun-4\/#breadcrumb\"},\"inLanguage\":\"fr-FR\",\"potentialAction\":[{\"@type\":\"ReadAction\",\"target\":[\"https:\/\/www.maitri.pl\/projekt\/dozywianie-dzieci-kamerun-4\/\"]}]},{\"@type\":\"ImageObject\",\"inLanguage\":\"fr-FR\",\"@id\":\"https:\/\/www.maitri.pl\/projekt\/dozywianie-dzieci-kamerun-4\/#primaryimage\",\"url\":\"https:\/\/www.maitri.pl\/wp-content\/uploads\/2024\/01\/397-palls-scaled.jpg\",\"contentUrl\":\"https:\/\/www.maitri.pl\/wp-content\/uploads\/2024\/01\/397-palls-scaled.jpg\",\"width\":2560,\"height\":1920,\"caption\":\"Do\u017cywianie 200 dzieci ze szko\u0142y podstawowej w Nkoum w Kamerunie Adopcja Serca Maitri Adopcja duchowa pomoc Afryce pomoc ubogim 01\"},{\"@type\":\"BreadcrumbList\",\"@id\":\"https:\/\/www.maitri.pl\/projekt\/dozywianie-dzieci-kamerun-4\/#breadcrumb\",\"itemListElement\":[{\"@type\":\"ListItem\",\"position\":1,\"name\":\"Strona g\u0142\u00f3wna\",\"item\":\"https:\/\/www.maitri.pl\/\"},{\"@type\":\"ListItem\",\"position\":2,\"name\":\"Sklep\",\"item\":\"https:\/\/www.maitri.pl\/sklep\/\"},{\"@type\":\"ListItem\",\"position\":3,\"name\":\"Do\u017cywianie 200 dzieci ze szko\u0142y podstawowej w Nkoum w Kamerunie\"}]},{\"@type\":\"WebSite\",\"@id\":\"https:\/\/www.maitri.pl\/#website\",\"url\":\"https:\/\/www.maitri.pl\/\",\"name\":\"Adopcja Serca Maitri \u2013 pomoc dzieciom w Afryce\",\"description\":\"Adopcja Serca \u2013 adopcja na odleg\u0142o\u015b\u0107, pomoc Afryce, do\u017cywianie i edukacja w Afryce\",\"publisher\":{\"@id\":\"https:\/\/www.maitri.pl\/#organization\"},\"potentialAction\":[{\"@type\":\"SearchAction\",\"target\":{\"@type\":\"EntryPoint\",\"urlTemplate\":\"https:\/\/www.maitri.pl\/?s={search_term_string}\"},\"query-input\":{\"@type\":\"PropertyValueSpecification\",\"valueRequired\":true,\"valueName\":\"search_term_string\"}}],\"inLanguage\":\"fr-FR\"},{\"@type\":\"Organization\",\"@id\":\"https:\/\/www.maitri.pl\/#organization\",\"name\":\"Stowarzyszenie Ruchu Maitri\",\"url\":\"https:\/\/www.maitri.pl\/\",\"logo\":{\"@type\":\"ImageObject\",\"inLanguage\":\"fr-FR\",\"@id\":\"https:\/\/www.maitri.pl\/#\/schema\/logo\/image\/\",\"url\":\"https:\/\/www.maitri.pl\/wp-content\/uploads\/2020\/04\/duze_logo-81.png\",\"contentUrl\":\"https:\/\/www.maitri.pl\/wp-content\/uploads\/2020\/04\/duze_logo-81.png\",\"width\":339,\"height\":321,\"caption\":\"Stowarzyszenie Ruchu Maitri\"},\"image\":{\"@id\":\"https:\/\/www.maitri.pl\/#\/schema\/logo\/image\/\"},\"sameAs\":[\"https:\/\/www.facebook.com\/MAITRI.Adopcja.Serca.dzieci.Afryki\/\"]}]}<\/script>\n<!-- \/ Yoast SEO plugin. -->","yoast_head_json":{"title":"Do\u017cywianie 200 dzieci ze szko\u0142y podstawowej w Kamerunie","description":"Do\u017cywianie 200 dzieci ze szko\u0142y podstawowej w Nkoum w Kamerunie. O pomoc prosz\u0105 Siostry Pallotynki. Akcja potrwa ca\u0142y rok.","robots":{"index":"index","follow":"follow","max-snippet":"max-snippet:-1","max-image-preview":"max-image-preview:large","max-video-preview":"max-video-preview:-1"},"canonical":"https:\/\/www.maitri.pl\/projekt\/dozywianie-dzieci-kamerun-4\/","og_locale":"fr_FR","og_type":"article","og_title":"Do\u017cywianie 200 dzieci ze szko\u0142y podstawowej w Kamerunie","og_description":"Do\u017cywianie 200 dzieci ze szko\u0142y podstawowej w Nkoum w Kamerunie. O pomoc prosz\u0105 Siostry Pallotynki. Akcja potrwa ca\u0142y rok.","og_url":"https:\/\/www.maitri.pl\/projekt\/dozywianie-dzieci-kamerun-4\/","og_site_name":"Ruch Maitri - Adopcja Serca pomoc Afryce","article_publisher":"https:\/\/www.facebook.com\/MAITRI.Adopcja.Serca.dzieci.Afryki\/","article_modified_time":"2025-03-31T12:16:46+00:00","og_image":[{"width":2560,"height":1920,"url":"https:\/\/www.maitri.pl\/wp-content\/uploads\/2024\/01\/397-palls-scaled.jpg","type":"image\/jpeg"}],"twitter_card":"summary_large_image","twitter_misc":{"Dur\u00e9e de lecture estim\u00e9e":"3 minutes"},"schema":{"@context":"https:\/\/schema.org","@graph":[{"@type":"WebPage","@id":"https:\/\/www.maitri.pl\/projekt\/dozywianie-dzieci-kamerun-4\/","url":"https:\/\/www.maitri.pl\/projekt\/dozywianie-dzieci-kamerun-4\/","name":"Do\u017cywianie 200 dzieci ze szko\u0142y podstawowej w Kamerunie","isPartOf":{"@id":"https:\/\/www.maitri.pl\/#website"},"primaryImageOfPage":{"@id":"https:\/\/www.maitri.pl\/projekt\/dozywianie-dzieci-kamerun-4\/#primaryimage"},"image":{"@id":"https:\/\/www.maitri.pl\/projekt\/dozywianie-dzieci-kamerun-4\/#primaryimage"},"thumbnailUrl":"https:\/\/www.maitri.pl\/wp-content\/uploads\/2024\/01\/397-palls-scaled.jpg","datePublished":"2024-01-12T14:30:10+00:00","dateModified":"2025-03-31T12:16:46+00:00","description":"Do\u017cywianie 200 dzieci ze szko\u0142y podstawowej w Nkoum w Kamerunie. O pomoc prosz\u0105 Siostry Pallotynki. Akcja potrwa ca\u0142y rok.","breadcrumb":{"@id":"https:\/\/www.maitri.pl\/projekt\/dozywianie-dzieci-kamerun-4\/#breadcrumb"},"inLanguage":"fr-FR","potentialAction":[{"@type":"ReadAction","target":["https:\/\/www.maitri.pl\/projekt\/dozywianie-dzieci-kamerun-4\/"]}]},{"@type":"ImageObject","inLanguage":"fr-FR","@id":"https:\/\/www.maitri.pl\/projekt\/dozywianie-dzieci-kamerun-4\/#primaryimage","url":"https:\/\/www.maitri.pl\/wp-content\/uploads\/2024\/01\/397-palls-scaled.jpg","contentUrl":"https:\/\/www.maitri.pl\/wp-content\/uploads\/2024\/01\/397-palls-scaled.jpg","width":2560,"height":1920,"caption":"Do\u017cywianie 200 dzieci ze szko\u0142y podstawowej w Nkoum w Kamerunie Adopcja Serca Maitri Adopcja duchowa pomoc Afryce pomoc ubogim 01"},{"@type":"BreadcrumbList","@id":"https:\/\/www.maitri.pl\/projekt\/dozywianie-dzieci-kamerun-4\/#breadcrumb","itemListElement":[{"@type":"ListItem","position":1,"name":"Strona g\u0142\u00f3wna","item":"https:\/\/www.maitri.pl\/"},{"@type":"ListItem","position":2,"name":"Sklep","item":"https:\/\/www.maitri.pl\/sklep\/"},{"@type":"ListItem","position":3,"name":"Do\u017cywianie 200 dzieci ze szko\u0142y podstawowej w Nkoum w Kamerunie"}]},{"@type":"WebSite","@id":"https:\/\/www.maitri.pl\/#website","url":"https:\/\/www.maitri.pl\/","name":"Adopcja Serca Maitri \u2013 pomoc dzieciom w Afryce","description":"Adopcja Serca \u2013 adopcja na odleg\u0142o\u015b\u0107, pomoc Afryce, do\u017cywianie i edukacja w Afryce","publisher":{"@id":"https:\/\/www.maitri.pl\/#organization"},"potentialAction":[{"@type":"SearchAction","target":{"@type":"EntryPoint","urlTemplate":"https:\/\/www.maitri.pl\/?s={search_term_string}"},"query-input":{"@type":"PropertyValueSpecification","valueRequired":true,"valueName":"search_term_string"}}],"inLanguage":"fr-FR"},{"@type":"Organization","@id":"https:\/\/www.maitri.pl\/#organization","name":"Stowarzyszenie Ruchu Maitri","url":"https:\/\/www.maitri.pl\/","logo":{"@type":"ImageObject","inLanguage":"fr-FR","@id":"https:\/\/www.maitri.pl\/#\/schema\/logo\/image\/","url":"https:\/\/www.maitri.pl\/wp-content\/uploads\/2020\/04\/duze_logo-81.png","contentUrl":"https:\/\/www.maitri.pl\/wp-content\/uploads\/2020\/04\/duze_logo-81.png","width":339,"height":321,"caption":"Stowarzyszenie Ruchu Maitri"},"image":{"@id":"https:\/\/www.maitri.pl\/#\/schema\/logo\/image\/"},"sameAs":["https:\/\/www.facebook.com\/MAITRI.Adopcja.Serca.dzieci.Afryki\/"]}]}},"_links":{"self":[{"href":"https:\/\/www.maitri.pl\/fr\/wp-json\/wp\/v2\/product\/30611","targetHints":{"allow":["GET"]}}],"collection":[{"href":"https:\/\/www.maitri.pl\/fr\/wp-json\/wp\/v2\/product"}],"about":[{"href":"https:\/\/www.maitri.pl\/fr\/wp-json\/wp\/v2\/types\/product"}],"wp:featuredmedia":[{"embeddable":true,"href":"https:\/\/www.maitri.pl\/fr\/wp-json\/wp\/v2\/media\/30615"}],"wp:attachment":[{"href":"https:\/\/www.maitri.pl\/fr\/wp-json\/wp\/v2\/media?parent=30611"}],"wp:term":[{"taxonomy":"product_brand","embeddable":true,"href":"https:\/\/www.maitri.pl\/fr\/wp-json\/wp\/v2\/product_brand?post=30611"},{"taxonomy":"product_cat","embeddable":true,"href":"https:\/\/www.maitri.pl\/fr\/wp-json\/wp\/v2\/product_cat?post=30611"},{"taxonomy":"product_tag","embeddable":true,"href":"https:\/\/www.maitri.pl\/fr\/wp-json\/wp\/v2\/product_tag?post=30611"}],"curies":[{"name":"wp","href":"https:\/\/api.w.org\/{rel}","templated":true}]}}