{"id":30459,"date":"2023-12-22T09:44:40","date_gmt":"2023-12-22T08:44:40","guid":{"rendered":"https:\/\/www.maitri.pl\/?post_type=product&#038;p=30459"},"modified":"2025-03-31T14:16:34","modified_gmt":"2025-03-31T12:16:34","slug":"przygotowanie-pola-drkongo","status":"publish","type":"product","link":"https:\/\/www.maitri.pl\/fr\/projekt\/przygotowanie-pola-drkongo\/","title":{"rendered":"Przygotowanie pola i siew w DR Kongo &#8211; do\u017cywianie g\u0142odnych dzieci"},"content":{"rendered":"<h4>G\u0142\u00f3d mimo dobrej ziemi<\/h4>\n<p>Ludno\u015b\u0107 \u017cyj\u0105ca wok\u00f3\u0142 miasta Dilolo w DR Kongo utrzymuje si\u0119 g\u0142\u00f3wnie z rolnictwa i pasterstwa. Podstawowe narz\u0119dzia, kt\u00f3re ma w zasi\u0119gu r\u0119ki to motyka, top\u00f3r i maczeta. Niestety wykonane s\u0105 ze stali o niskiej wytrzyma\u0142o\u015bci i wykonywane prace rolne s\u0105 s\u0142abej jako\u015bci. W rezultacie plon nie zaspokaja potrzeb ludno\u015bci i gospodarstw domowych. W\u015br\u00f3d mieszka\u0144c\u00f3w regionu panuje g\u0142\u00f3d i powa\u017cne niedo\u017cywienie. Ludno\u015b\u0107 wiejska pozostaje w izolacji, wszystko jest regulowane przez nawyki i zwyczaje, a kobiety i dzieci s\u0105 marginalizowane. Na <a href=\"https:\/\/www.maitri.pl\/projekt\/fundusz-dozywianie-glodujacych-dzieci-2\/\" target=\"_blank\" rel=\"noopener\">g\u0142\u00f3d<\/a> najbardziej nara\u017cone s\u0105 w\u0142a\u015bnie kobiety i dzieci. Powszechnie brakuje \u017cywno\u015bci, podczas gdy na tym terytorium znajduj\u0105 si\u0119 niewykorzystane grunty orne z gigantycznymi strumieniami. Potrzebne jest profesjonalne przygotowanie pola i siew, a p\u00f3\u017aniej zbiory. Plony zostan\u0105 przekazane niedo\u017cywionym dzieciom.<\/p>\n<h4>Plony dla niedo\u017cywionych<\/h4>\n<p>Prowincja Lualaba, gdzie le\u017cy miasto Dilolo oraz miasto Kasaji i okolice, to jeden z obszar\u00f3w, gdzie panuje powa\u017cne niedo\u017cywienie. G\u0142\u00f3d wyst\u0119puje w\u015br\u00f3d niemowl\u0105t, kobiet karmi\u0105cych piersi\u0105 i dzieci w wieku szkolnym, a nawet w\u015br\u00f3d niekt\u00f3rych doros\u0142ych. Aby poprawi\u0107 sytuacj\u0119 ludno\u015bci fundacja LADY OF RELIEF postanowi\u0142a wdro\u017cy\u0107 na tych terenach projekt rolny.\u00a0Dla nakarmienia 40 niedo\u017cywionych dzieci potrzeba 7,2 tony soi rocznie (500 g na dzie\u0144). Aby wyprodukowa\u0107 tak\u0105 ilo\u015b\u0107, nale\u017cy uprawia\u0107 5 hektar\u00f3w, poniewa\u017c z 1 ha mo\u017cna wyprodukowa\u0107 od 1,5 tony do 2,4 tony.<\/p>\n<h4>Planowane prace<\/h4>\n<p>Prosimy o wsparcie tej inicjatywy. W ramach projektu przeprowadzone zostanie przygotowanie pola i siew oraz<\/p>\n<ul>\n<li>Wyznaczanie grunt\u00f3w &#8211; 5 ha pod upraw\u0119 soi<\/li>\n<li>Skup nasion<\/li>\n<li>Rekultywacja grunt\u00f3w<\/li>\n<li>Uprawa p\u00f3l: koszenie, orka, siew, piel\u0119gnacja, zbi\u00f3r<\/li>\n<li>Transport, magazynowanie, dystrybucja i sprzeda\u017c.<\/li>\n<\/ul>\n<p><strong>Szacowana produkcja : <\/strong><br \/>\nRoczna produkcja w latach 2023-2024 &#8211; 12 000 kg :<br \/>\n&#8211; 7 200 kg \u017cywno\u015b\u0107 dla dzieci<br \/>\n&#8211; 600 kg produkcja do dystrybucji w\u015br\u00f3d rodzin na w\u0142asne uprawy<br \/>\n&#8211; 2 700 kg na przysz\u0142oroczne nasiona<br \/>\n&#8211; 1 500 kg na sprzeda\u017c<\/p>\n<h4>Pe\u0142nowarto\u015bciowa \u017cywno\u015b\u0107 dla najubo\u017cszych<\/h4>\n<p>Dzi\u0119ki pieni\u0105dzom ze sprzeda\u017cy fundacja b\u0119dzie mia\u0142a wystarczaj\u0105ce \u015brodki, aby zap\u0142aci\u0107 za nasiona na dodatkowy 1 hektar i pokry\u0107 nieprzewidziane wydatki. Projekt zwi\u0119kszy r\u00f3wnie\u017c liczb\u0119 produkowanego zbo\u017ca w kolejnym roku. Sama soja nie wystarczy do dobrego od\u017cywiania dzieci, dlatego fundacja przekazuje dodatkowy hektar pod upraw\u0119 kukurydzy i ananas\u00f3w, kt\u00f3re p\u00f3\u017aniej pos\u0142u\u017c\u0105 w celu wyciskania soku dla dzieci i spo\u017cywania owoc\u00f3w. Kasaji ma dobr\u0105 ziemi\u0119 pod upraw\u0119 ananas\u00f3w i kukurydzy. Za pieni\u0105dze ze sprzeda\u017cy fundacja kupi r\u00f3wnie\u017c inn\u0105 dodatkow\u0105 \u017cywno\u015b\u0107 (g\u0105sienice, ryby) i op\u0142aci rachunki za opiek\u0119 nad chorymi dzie\u0107mi. Czas trwania projektu: Od 20 listopada 2023 r. do 20 listopada 2024 r.<\/p>\n<p><strong>\u00a0Kosztorys:<\/strong><\/p>\n<p><img loading=\"lazy\" decoding=\"async\" class=\"alignnone wp-image-30460 size-full\" src=\"https:\/\/www.maitri.pl\/wp-content\/uploads\/2023\/12\/parak.png\" alt=\"\" width=\"962\" height=\"846\" srcset=\"https:\/\/www.maitri.pl\/wp-content\/uploads\/2023\/12\/parak.png 962w, https:\/\/www.maitri.pl\/wp-content\/uploads\/2023\/12\/parak-300x264.png 300w, https:\/\/www.maitri.pl\/wp-content\/uploads\/2023\/12\/parak-768x675.png 768w, https:\/\/www.maitri.pl\/wp-content\/uploads\/2023\/12\/parak-600x528.png 600w\" sizes=\"auto, (max-width: 962px) 100vw, 962px\" \/><\/p>\n<p><strong>Therese Manyingu, dyrektorka sieroci\u0144ca AFEOA, parafia \u015bw. Andrzeja Kima,<a href=\"https:\/\/www.maitri.pl\/gdzie-pomagamy\/\" target=\"_blank\" rel=\"noopener noreferrer\">Lubumbashi, DR Kongo<\/a><\/strong><\/p>\n<p>Dzi\u0119kuj\u0119 za ca\u0142\u0105 wasz\u0105 wsp\u00f3\u0142prac\u0119, kt\u00f3ra bez mi\u0142o\u015bci i po\u015bwi\u0119cenia nie mog\u0142aby si\u0119 spe\u0142ni\u0107.<\/p>\n<p>Z ca\u0142ego serca dzi\u0119kujemy ofiarodawcom. Liczymy na Wasze wsparcie i tym razem<strong>.<\/strong><\/p>\n<p><b style=\"font-size: large; color: #ff0000;\">Kwota: 15 060 \u20ac <\/b><\/p>\n<p style=\"text-align: justify;\"><strong>Podsumowanie w miejscowej walucie &#8211; 36 665 820 FC<\/strong><\/p>\n<p style=\"text-align: justify;\" align=\"JUSTIFY\">Numer projektu: <strong>16\/PARAK<\/strong><\/p>\n<p style=\"text-align: justify;\" align=\"JUSTIFY\"><span style=\"color: #808080;\">Stowarzyszenie Ruchu\u00a0<em>Maitri<\/em> przeznacza do 10% otrzymanych \u015brodk\u00f3w na koszty funkcjonowania biura i pozyskiwanie funduszy pomocowych. <\/span><\/p>\n<h3 style=\"text-align: justify;\" align=\"JUSTIFY\"><span style=\"color: #808080;\">Przygotowanie pola i siew w DR Kongo &#8211; do\u017cywianie g\u0142odnych dzieci<\/span><\/h3>\n","protected":false},"excerpt":{"rendered":"<p><strong>Projekt:<\/strong> Therese Manyingu, Parafia \u015bw. Andrzeja Kima<br \/>\n<strong>Misja:<\/strong> <a href=\"https:\/\/www.maitri.pl\/gdzie-pomagamy\/\" target=\"_blank\" rel=\"noopener noreferrer\">Lubumbashi, DR Kongo<\/a><br \/>\n<strong>Kwota projektu:<\/strong> <span style=\"color: #ff0000;\"><strong>15060 \u20ac<\/strong><\/span><\/p>\n","protected":false},"featured_media":30472,"template":"","meta":[],"product_brand":[],"product_cat":[656],"product_tag":[812,890,690,989,891],"class_list":{"0":"post-30459","1":"product","2":"type-product","3":"status-publish","4":"has-post-thumbnail","6":"product_cat-bez-kategorii","7":"product_tag-afeoa","8":"product_tag-centrum-afeoa","9":"product_tag-dr-kongo","10":"product_tag-lumumbashi","11":"product_tag-sierociniec","13":"first","14":"instock","15":"virtual","16":"purchasable","17":"product-type-simple"},"yoast_head":"<!-- This site is optimized with the Yoast SEO plugin v27.2 - https:\/\/yoast.com\/product\/yoast-seo-wordpress\/ -->\n<title>Przygotowanie pola i siew w DR Kongo - do\u017cywianie g\u0142odnych dzieci<\/title>\n<meta name=\"description\" content=\"Przygotowanie pola i siew oraz zbiory plon\u00f3w w DR Kongo. Efekty zostan\u0105 przekazane na potrzeby 40 niedo\u017cywionych dzieci z Kasaji. Prosimy o wsparcie.\" \/>\n<meta name=\"robots\" content=\"index, follow, max-snippet:-1, max-image-preview:large, max-video-preview:-1\" \/>\n<link rel=\"canonical\" href=\"https:\/\/www.maitri.pl\/projekt\/przygotowanie-pola-drkongo\/\" \/>\n<meta property=\"og:locale\" content=\"fr_FR\" \/>\n<meta property=\"og:type\" content=\"article\" \/>\n<meta property=\"og:title\" content=\"Przygotowanie pola i siew w DR Kongo - do\u017cywianie g\u0142odnych dzieci\" \/>\n<meta property=\"og:description\" content=\"Przygotowanie pola i siew oraz zbiory plon\u00f3w w DR Kongo. Efekty zostan\u0105 przekazane na potrzeby 40 niedo\u017cywionych dzieci z Kasaji. Prosimy o wsparcie.\" \/>\n<meta property=\"og:url\" content=\"https:\/\/www.maitri.pl\/projekt\/przygotowanie-pola-drkongo\/\" \/>\n<meta property=\"og:site_name\" content=\"Ruch Maitri - Adopcja Serca pomoc Afryce\" \/>\n<meta property=\"article:publisher\" content=\"https:\/\/www.facebook.com\/MAITRI.Adopcja.Serca.dzieci.Afryki\/\" \/>\n<meta property=\"article:modified_time\" content=\"2025-03-31T12:16:34+00:00\" \/>\n<meta property=\"og:image\" content=\"https:\/\/www.maitri.pl\/wp-content\/uploads\/2023\/12\/IMG-20230306-WA0006.jpg\" \/>\n\t<meta property=\"og:image:width\" content=\"1280\" \/>\n\t<meta property=\"og:image:height\" content=\"720\" \/>\n\t<meta property=\"og:image:type\" content=\"image\/jpeg\" \/>\n<meta name=\"twitter:card\" content=\"summary_large_image\" \/>\n<meta name=\"twitter:label1\" content=\"Dur\u00e9e de lecture estim\u00e9e\" \/>\n\t<meta name=\"twitter:data1\" content=\"4 minutes\" \/>\n<script type=\"application\/ld+json\" class=\"yoast-schema-graph\">{\"@context\":\"https:\/\/schema.org\",\"@graph\":[{\"@type\":\"WebPage\",\"@id\":\"https:\/\/www.maitri.pl\/projekt\/przygotowanie-pola-drkongo\/\",\"url\":\"https:\/\/www.maitri.pl\/projekt\/przygotowanie-pola-drkongo\/\",\"name\":\"Przygotowanie pola i siew w DR Kongo - do\u017cywianie g\u0142odnych dzieci\",\"isPartOf\":{\"@id\":\"https:\/\/www.maitri.pl\/#website\"},\"primaryImageOfPage\":{\"@id\":\"https:\/\/www.maitri.pl\/projekt\/przygotowanie-pola-drkongo\/#primaryimage\"},\"image\":{\"@id\":\"https:\/\/www.maitri.pl\/projekt\/przygotowanie-pola-drkongo\/#primaryimage\"},\"thumbnailUrl\":\"https:\/\/www.maitri.pl\/wp-content\/uploads\/2023\/12\/IMG-20230306-WA0006.jpg\",\"datePublished\":\"2023-12-22T08:44:40+00:00\",\"dateModified\":\"2025-03-31T12:16:34+00:00\",\"description\":\"Przygotowanie pola i siew oraz zbiory plon\u00f3w w DR Kongo. Efekty zostan\u0105 przekazane na potrzeby 40 niedo\u017cywionych dzieci z Kasaji. Prosimy o wsparcie.\",\"breadcrumb\":{\"@id\":\"https:\/\/www.maitri.pl\/projekt\/przygotowanie-pola-drkongo\/#breadcrumb\"},\"inLanguage\":\"fr-FR\",\"potentialAction\":[{\"@type\":\"ReadAction\",\"target\":[\"https:\/\/www.maitri.pl\/projekt\/przygotowanie-pola-drkongo\/\"]}]},{\"@type\":\"ImageObject\",\"inLanguage\":\"fr-FR\",\"@id\":\"https:\/\/www.maitri.pl\/projekt\/przygotowanie-pola-drkongo\/#primaryimage\",\"url\":\"https:\/\/www.maitri.pl\/wp-content\/uploads\/2023\/12\/IMG-20230306-WA0006.jpg\",\"contentUrl\":\"https:\/\/www.maitri.pl\/wp-content\/uploads\/2023\/12\/IMG-20230306-WA0006.jpg\",\"width\":1280,\"height\":720,\"caption\":\"Przygotowanie pola i siew w DR Kongo - do\u017cywianie g\u0142odnych dzieci Adopcja Serca Maitri pomoc Afryce pomoc ubogim do\u017cywianie sierot 4\"},{\"@type\":\"BreadcrumbList\",\"@id\":\"https:\/\/www.maitri.pl\/projekt\/przygotowanie-pola-drkongo\/#breadcrumb\",\"itemListElement\":[{\"@type\":\"ListItem\",\"position\":1,\"name\":\"Strona g\u0142\u00f3wna\",\"item\":\"https:\/\/www.maitri.pl\/\"},{\"@type\":\"ListItem\",\"position\":2,\"name\":\"Sklep\",\"item\":\"https:\/\/www.maitri.pl\/sklep\/\"},{\"@type\":\"ListItem\",\"position\":3,\"name\":\"Przygotowanie pola i siew w DR Kongo &#8211; do\u017cywianie g\u0142odnych dzieci\"}]},{\"@type\":\"WebSite\",\"@id\":\"https:\/\/www.maitri.pl\/#website\",\"url\":\"https:\/\/www.maitri.pl\/\",\"name\":\"Adopcja Serca Maitri \u2013 pomoc dzieciom w Afryce\",\"description\":\"Adopcja Serca \u2013 adopcja na odleg\u0142o\u015b\u0107, pomoc Afryce, do\u017cywianie i edukacja w Afryce\",\"publisher\":{\"@id\":\"https:\/\/www.maitri.pl\/#organization\"},\"potentialAction\":[{\"@type\":\"SearchAction\",\"target\":{\"@type\":\"EntryPoint\",\"urlTemplate\":\"https:\/\/www.maitri.pl\/?s={search_term_string}\"},\"query-input\":{\"@type\":\"PropertyValueSpecification\",\"valueRequired\":true,\"valueName\":\"search_term_string\"}}],\"inLanguage\":\"fr-FR\"},{\"@type\":\"Organization\",\"@id\":\"https:\/\/www.maitri.pl\/#organization\",\"name\":\"Stowarzyszenie Ruchu Maitri\",\"url\":\"https:\/\/www.maitri.pl\/\",\"logo\":{\"@type\":\"ImageObject\",\"inLanguage\":\"fr-FR\",\"@id\":\"https:\/\/www.maitri.pl\/#\/schema\/logo\/image\/\",\"url\":\"https:\/\/www.maitri.pl\/wp-content\/uploads\/2020\/04\/duze_logo-81.png\",\"contentUrl\":\"https:\/\/www.maitri.pl\/wp-content\/uploads\/2020\/04\/duze_logo-81.png\",\"width\":339,\"height\":321,\"caption\":\"Stowarzyszenie Ruchu Maitri\"},\"image\":{\"@id\":\"https:\/\/www.maitri.pl\/#\/schema\/logo\/image\/\"},\"sameAs\":[\"https:\/\/www.facebook.com\/MAITRI.Adopcja.Serca.dzieci.Afryki\/\"]}]}<\/script>\n<!-- \/ Yoast SEO plugin. -->","yoast_head_json":{"title":"Przygotowanie pola i siew w DR Kongo - do\u017cywianie g\u0142odnych dzieci","description":"Przygotowanie pola i siew oraz zbiory plon\u00f3w w DR Kongo. Efekty zostan\u0105 przekazane na potrzeby 40 niedo\u017cywionych dzieci z Kasaji. Prosimy o wsparcie.","robots":{"index":"index","follow":"follow","max-snippet":"max-snippet:-1","max-image-preview":"max-image-preview:large","max-video-preview":"max-video-preview:-1"},"canonical":"https:\/\/www.maitri.pl\/projekt\/przygotowanie-pola-drkongo\/","og_locale":"fr_FR","og_type":"article","og_title":"Przygotowanie pola i siew w DR Kongo - do\u017cywianie g\u0142odnych dzieci","og_description":"Przygotowanie pola i siew oraz zbiory plon\u00f3w w DR Kongo. Efekty zostan\u0105 przekazane na potrzeby 40 niedo\u017cywionych dzieci z Kasaji. Prosimy o wsparcie.","og_url":"https:\/\/www.maitri.pl\/projekt\/przygotowanie-pola-drkongo\/","og_site_name":"Ruch Maitri - Adopcja Serca pomoc Afryce","article_publisher":"https:\/\/www.facebook.com\/MAITRI.Adopcja.Serca.dzieci.Afryki\/","article_modified_time":"2025-03-31T12:16:34+00:00","og_image":[{"width":1280,"height":720,"url":"https:\/\/www.maitri.pl\/wp-content\/uploads\/2023\/12\/IMG-20230306-WA0006.jpg","type":"image\/jpeg"}],"twitter_card":"summary_large_image","twitter_misc":{"Dur\u00e9e de lecture estim\u00e9e":"4 minutes"},"schema":{"@context":"https:\/\/schema.org","@graph":[{"@type":"WebPage","@id":"https:\/\/www.maitri.pl\/projekt\/przygotowanie-pola-drkongo\/","url":"https:\/\/www.maitri.pl\/projekt\/przygotowanie-pola-drkongo\/","name":"Przygotowanie pola i siew w DR Kongo - do\u017cywianie g\u0142odnych dzieci","isPartOf":{"@id":"https:\/\/www.maitri.pl\/#website"},"primaryImageOfPage":{"@id":"https:\/\/www.maitri.pl\/projekt\/przygotowanie-pola-drkongo\/#primaryimage"},"image":{"@id":"https:\/\/www.maitri.pl\/projekt\/przygotowanie-pola-drkongo\/#primaryimage"},"thumbnailUrl":"https:\/\/www.maitri.pl\/wp-content\/uploads\/2023\/12\/IMG-20230306-WA0006.jpg","datePublished":"2023-12-22T08:44:40+00:00","dateModified":"2025-03-31T12:16:34+00:00","description":"Przygotowanie pola i siew oraz zbiory plon\u00f3w w DR Kongo. Efekty zostan\u0105 przekazane na potrzeby 40 niedo\u017cywionych dzieci z Kasaji. Prosimy o wsparcie.","breadcrumb":{"@id":"https:\/\/www.maitri.pl\/projekt\/przygotowanie-pola-drkongo\/#breadcrumb"},"inLanguage":"fr-FR","potentialAction":[{"@type":"ReadAction","target":["https:\/\/www.maitri.pl\/projekt\/przygotowanie-pola-drkongo\/"]}]},{"@type":"ImageObject","inLanguage":"fr-FR","@id":"https:\/\/www.maitri.pl\/projekt\/przygotowanie-pola-drkongo\/#primaryimage","url":"https:\/\/www.maitri.pl\/wp-content\/uploads\/2023\/12\/IMG-20230306-WA0006.jpg","contentUrl":"https:\/\/www.maitri.pl\/wp-content\/uploads\/2023\/12\/IMG-20230306-WA0006.jpg","width":1280,"height":720,"caption":"Przygotowanie pola i siew w DR Kongo - do\u017cywianie g\u0142odnych dzieci Adopcja Serca Maitri pomoc Afryce pomoc ubogim do\u017cywianie sierot 4"},{"@type":"BreadcrumbList","@id":"https:\/\/www.maitri.pl\/projekt\/przygotowanie-pola-drkongo\/#breadcrumb","itemListElement":[{"@type":"ListItem","position":1,"name":"Strona g\u0142\u00f3wna","item":"https:\/\/www.maitri.pl\/"},{"@type":"ListItem","position":2,"name":"Sklep","item":"https:\/\/www.maitri.pl\/sklep\/"},{"@type":"ListItem","position":3,"name":"Przygotowanie pola i siew w DR Kongo &#8211; do\u017cywianie g\u0142odnych dzieci"}]},{"@type":"WebSite","@id":"https:\/\/www.maitri.pl\/#website","url":"https:\/\/www.maitri.pl\/","name":"Adopcja Serca Maitri \u2013 pomoc dzieciom w Afryce","description":"Adopcja Serca \u2013 adopcja na odleg\u0142o\u015b\u0107, pomoc Afryce, do\u017cywianie i edukacja w Afryce","publisher":{"@id":"https:\/\/www.maitri.pl\/#organization"},"potentialAction":[{"@type":"SearchAction","target":{"@type":"EntryPoint","urlTemplate":"https:\/\/www.maitri.pl\/?s={search_term_string}"},"query-input":{"@type":"PropertyValueSpecification","valueRequired":true,"valueName":"search_term_string"}}],"inLanguage":"fr-FR"},{"@type":"Organization","@id":"https:\/\/www.maitri.pl\/#organization","name":"Stowarzyszenie Ruchu Maitri","url":"https:\/\/www.maitri.pl\/","logo":{"@type":"ImageObject","inLanguage":"fr-FR","@id":"https:\/\/www.maitri.pl\/#\/schema\/logo\/image\/","url":"https:\/\/www.maitri.pl\/wp-content\/uploads\/2020\/04\/duze_logo-81.png","contentUrl":"https:\/\/www.maitri.pl\/wp-content\/uploads\/2020\/04\/duze_logo-81.png","width":339,"height":321,"caption":"Stowarzyszenie Ruchu Maitri"},"image":{"@id":"https:\/\/www.maitri.pl\/#\/schema\/logo\/image\/"},"sameAs":["https:\/\/www.facebook.com\/MAITRI.Adopcja.Serca.dzieci.Afryki\/"]}]}},"_links":{"self":[{"href":"https:\/\/www.maitri.pl\/fr\/wp-json\/wp\/v2\/product\/30459","targetHints":{"allow":["GET"]}}],"collection":[{"href":"https:\/\/www.maitri.pl\/fr\/wp-json\/wp\/v2\/product"}],"about":[{"href":"https:\/\/www.maitri.pl\/fr\/wp-json\/wp\/v2\/types\/product"}],"wp:featuredmedia":[{"embeddable":true,"href":"https:\/\/www.maitri.pl\/fr\/wp-json\/wp\/v2\/media\/30472"}],"wp:attachment":[{"href":"https:\/\/www.maitri.pl\/fr\/wp-json\/wp\/v2\/media?parent=30459"}],"wp:term":[{"taxonomy":"product_brand","embeddable":true,"href":"https:\/\/www.maitri.pl\/fr\/wp-json\/wp\/v2\/product_brand?post=30459"},{"taxonomy":"product_cat","embeddable":true,"href":"https:\/\/www.maitri.pl\/fr\/wp-json\/wp\/v2\/product_cat?post=30459"},{"taxonomy":"product_tag","embeddable":true,"href":"https:\/\/www.maitri.pl\/fr\/wp-json\/wp\/v2\/product_tag?post=30459"}],"curies":[{"name":"wp","href":"https:\/\/api.w.org\/{rel}","templated":true}]}}