{"id":30434,"date":"2023-12-22T08:41:40","date_gmt":"2023-12-22T07:41:40","guid":{"rendered":"https:\/\/www.maitri.pl\/?post_type=product&#038;p=30434"},"modified":"2025-03-31T14:16:11","modified_gmt":"2025-03-31T12:16:11","slug":"budowa-kuchni-madagaskar","status":"publish","type":"product","link":"https:\/\/www.maitri.pl\/fr\/projekt\/budowa-kuchni-madagaskar\/","title":{"rendered":"Budowa kuchni oraz dost\u0119p do czystej wody dla dzieci ze szko\u0142y \u015bw. \u0141ukasza"},"content":{"rendered":"<h4>Walka z analfabetyzmem<\/h4>\n<p>Szko\u0142a \u015bw. \u0141ukasza w diecezji Mananjary w Madagaskarze istnieje od kilku lat. W tym roku zbudowali\u015bmy nowy budynek oraz internat. Liczba dzieci wzros\u0142a ze 160 w poprzednim roku do 254 w bie\u017c\u0105cym. W bursie mamy 36 dzieci. W\u015br\u00f3d nich s\u0105 podopieczni programu <a href=\"https:\/\/www.maitri.pl\/adopcja-serca\/\" target=\"_blank\" rel=\"noopener\">Adopcja Serca<\/a>. Niestety nie maj\u0105 oni miejsca, by gotowa\u0107 tam jedzenie. Nie posiadaj\u0105 te\u017c dost\u0119pu do czystej wody. P\u00f3ki co bior\u0105 j\u0105 z rzeki. Chcemy to zmieni\u0107. Budowa kuchni umo\u017cliwi dzieciom gotowanie w miejscu, w kt\u00f3rym mieszkaj\u0105, a cysterna da dost\u0119p do wody.<\/p>\n<h4>Miejsce gotowania i spotka\u0144<\/h4>\n<p>Kuchnia powstanie na terenie szko\u0142y. B\u0119dzie po\u0142\u0105czona poprzez rynny z burs\u0105. W ten prosty spos\u00f3b zapewnimy dzieciom dost\u0119p do wody pitnej przez cystern\u0119, kt\u00f3ra b\u0119dzie umieszczona nad kuchni\u0105. Pomieszczenie b\u0119dzie s\u0142u\u017cy\u0107 bursie i szkole. Jednak w\u015br\u00f3d os\u00f3b korzystaj\u0105cych z niej b\u0119d\u0105 tak\u017ce dzieci spoza szko\u0142y, zw\u0142aszcza wtedy, gdy b\u0119d\u0105 odbywa\u0107 si\u0119 tam spotkania dla dzieci i m\u0142odzie\u017cy. Budowa kuchni to bardzo potrzebny projekt. Obecnie w bursie zamieszkuje 36 uczni\u00f3w, a w ca\u0142ej szkole uczy si\u0119 254 dzieci. Natomiast w spotkaniach uczestniczy a\u017c 500-600 os\u00f3b. Budowa kuchni potrwa ok. jednego miesi\u0105ca i jest planowana na kwiecie\u0144 2024 roku, zaraz po porze deszczowej.<\/p>\n<h4>Pom\u00f3\u017c uczniom<\/h4>\n<p>Budowa kuchni przyczyni si\u0119 do zwi\u0119kszenia liczby dzieci w szkole i w bursie. Mo\u017cliwo\u015b\u0107 przyrz\u0105dzania ciep\u0142ych posi\u0142k\u00f3w na miejscu poprawi zdrowie dzieci. W oczywisty spos\u00f3b r\u00f3wnie korzystnie wp\u0142ynie dost\u0119p do czystej wody. W\u015br\u00f3d licznych korzy\u015bci jest nie tylko zaoszcz\u0119dzenie czasu na nauk\u0119 przez blisko\u015b\u0107 kuchni, ale tak\u017ce ograniczenie chor\u00f3b paso\u017cytniczych oraz biegunki krwistej.\u00a0Skorzystaj\u0105 na tym dzieci i m\u0142odzie\u017c, zw\u0142aszcza ucz\u0105ce si\u0119 w szkole \u015bw. \u0141ukasza. Z g\u00f3ry dzi\u0119kujemy za pomoc!<\/p>\n<p>&nbsp;<\/p>\n<p><img loading=\"lazy\" decoding=\"async\" class=\"alignnone wp-image-30438 size-full\" src=\"https:\/\/www.maitri.pl\/wp-content\/uploads\/2023\/12\/05diema-1.png\" alt=\"\" width=\"983\" height=\"321\" srcset=\"https:\/\/www.maitri.pl\/wp-content\/uploads\/2023\/12\/05diema-1.png 983w, https:\/\/www.maitri.pl\/wp-content\/uploads\/2023\/12\/05diema-1-300x98.png 300w, https:\/\/www.maitri.pl\/wp-content\/uploads\/2023\/12\/05diema-1-768x251.png 768w, https:\/\/www.maitri.pl\/wp-content\/uploads\/2023\/12\/05diema-1-600x196.png 600w\" sizes=\"auto, (max-width: 983px) 100vw, 983px\" \/><\/p>\n<p>o. Adam Brodzik SVD<em>, <\/em><a href=\"https:\/\/werbisci.pl\/index.php\/pl\/\" target=\"_blank\" rel=\"noopener\">Zgromadzenie Ksi\u0119\u017cy Werbist\u00f3w<\/a><\/p>\n<p style=\"text-align: justify;\" align=\"JUSTIFY\"><span style=\"color: #ff0000;\"><span style=\"font-size: large;\"><b>Ca\u0142kowity koszt projektu: 5 720 \u20ac<\/b><\/span><\/span><\/p>\n<p style=\"text-align: justify;\" align=\"JUSTIFY\">Numer projektu: <strong>05\/DIEMA<\/strong><\/p>\n<p style=\"text-align: justify;\" align=\"JUSTIFY\"><span style=\"color: #808080;\">Stowarzyszenie Ruchu\u00a0<em>Maitri<\/em> przeznacza do 10% otrzymanych \u015brodk\u00f3w na koszty funkcjonowania biura i pozyskiwanie funduszy pomocowych. <\/span><\/p>\n<h3 style=\"text-align: justify;\" align=\"JUSTIFY\"><span style=\"color: #808080;\">Budowa kuchni oraz dost\u0119p do czystej wody dla dzieci ze szko\u0142y \u015bw. \u0141ukasza<\/span><\/h3>\n","protected":false},"excerpt":{"rendered":"<p><strong>Projekt:<\/strong>\u00a0<em>o. Adam Brodzik SVD, <\/em><a href=\"https:\/\/werbisci.pl\/index.php\/pl\/\" target=\"_blank\" rel=\"noopener\">Zgromadzenie Ksi\u0119\u017cy Werbist\u00f3w<\/a><br \/>\n<strong>Misja:<\/strong> Mananjary, <a href=\"https:\/\/www.maitri.pl\/gdzie-pomagamy\/\" target=\"_blank\" rel=\"noopener\">Madagaskar<\/a><br \/>\n<strong>Kwota projektu: <span style=\"color: #ff0000;\">5720 \u20ac<\/span><\/strong><\/p>\n","protected":false},"featured_media":30453,"template":"","meta":[],"product_brand":[],"product_cat":[656],"product_tag":[966,693,695,957,872],"class_list":{"0":"post-30434","1":"product","2":"type-product","3":"status-publish","4":"has-post-thumbnail","6":"product_cat-bez-kategorii","7":"product_tag-ks-adam-brodzik","8":"product_tag-madagaskar","9":"product_tag-o-adam-brodzik-svd","10":"product_tag-szkola","11":"product_tag-werbisci","13":"first","14":"instock","15":"virtual","16":"purchasable","17":"product-type-simple"},"yoast_head":"<!-- This site is optimized with the Yoast SEO plugin v27.2 - https:\/\/yoast.com\/product\/yoast-seo-wordpress\/ -->\n<title>Budowa kuchni i dost\u0119p do czystej wody w szkole z Madagaskaru<\/title>\n<meta name=\"description\" content=\"Budowa kuchni oraz dost\u0119p do czystej wody dla dzieci ze szko\u0142y \u015bw. \u0141ukasza i misyjnej bursy na Madagaskarze. Ka\u017cda z\u0142ot\u00f3wka pomaga!\" \/>\n<meta name=\"robots\" content=\"index, follow, max-snippet:-1, max-image-preview:large, max-video-preview:-1\" \/>\n<link rel=\"canonical\" href=\"https:\/\/www.maitri.pl\/projekt\/budowa-kuchni-madagaskar\/\" \/>\n<meta property=\"og:locale\" content=\"fr_FR\" \/>\n<meta property=\"og:type\" content=\"article\" \/>\n<meta property=\"og:title\" content=\"Budowa kuchni i dost\u0119p do czystej wody w szkole z Madagaskaru\" \/>\n<meta property=\"og:description\" content=\"Budowa kuchni oraz dost\u0119p do czystej wody dla dzieci ze szko\u0142y \u015bw. \u0141ukasza i misyjnej bursy na Madagaskarze. Ka\u017cda z\u0142ot\u00f3wka pomaga!\" \/>\n<meta property=\"og:url\" content=\"https:\/\/www.maitri.pl\/projekt\/budowa-kuchni-madagaskar\/\" \/>\n<meta property=\"og:site_name\" content=\"Ruch Maitri - Adopcja Serca pomoc Afryce\" \/>\n<meta property=\"article:publisher\" content=\"https:\/\/www.facebook.com\/MAITRI.Adopcja.Serca.dzieci.Afryki\/\" \/>\n<meta property=\"article:modified_time\" content=\"2025-03-31T12:16:11+00:00\" \/>\n<meta property=\"og:image\" content=\"https:\/\/www.maitri.pl\/wp-content\/uploads\/2023\/12\/IMG-20230127-WA0005.jpg\" \/>\n\t<meta property=\"og:image:width\" content=\"1600\" \/>\n\t<meta property=\"og:image:height\" content=\"738\" \/>\n\t<meta property=\"og:image:type\" content=\"image\/jpeg\" \/>\n<meta name=\"twitter:card\" content=\"summary_large_image\" \/>\n<meta name=\"twitter:label1\" content=\"Dur\u00e9e de lecture estim\u00e9e\" \/>\n\t<meta name=\"twitter:data1\" content=\"3 minutes\" \/>\n<script type=\"application\/ld+json\" class=\"yoast-schema-graph\">{\"@context\":\"https:\/\/schema.org\",\"@graph\":[{\"@type\":\"WebPage\",\"@id\":\"https:\/\/www.maitri.pl\/projekt\/budowa-kuchni-madagaskar\/\",\"url\":\"https:\/\/www.maitri.pl\/projekt\/budowa-kuchni-madagaskar\/\",\"name\":\"Budowa kuchni i dost\u0119p do czystej wody w szkole z Madagaskaru\",\"isPartOf\":{\"@id\":\"https:\/\/www.maitri.pl\/#website\"},\"primaryImageOfPage\":{\"@id\":\"https:\/\/www.maitri.pl\/projekt\/budowa-kuchni-madagaskar\/#primaryimage\"},\"image\":{\"@id\":\"https:\/\/www.maitri.pl\/projekt\/budowa-kuchni-madagaskar\/#primaryimage\"},\"thumbnailUrl\":\"https:\/\/www.maitri.pl\/wp-content\/uploads\/2023\/12\/IMG-20230127-WA0005.jpg\",\"datePublished\":\"2023-12-22T07:41:40+00:00\",\"dateModified\":\"2025-03-31T12:16:11+00:00\",\"description\":\"Budowa kuchni oraz dost\u0119p do czystej wody dla dzieci ze szko\u0142y \u015bw. \u0141ukasza i misyjnej bursy na Madagaskarze. Ka\u017cda z\u0142ot\u00f3wka pomaga!\",\"breadcrumb\":{\"@id\":\"https:\/\/www.maitri.pl\/projekt\/budowa-kuchni-madagaskar\/#breadcrumb\"},\"inLanguage\":\"fr-FR\",\"potentialAction\":[{\"@type\":\"ReadAction\",\"target\":[\"https:\/\/www.maitri.pl\/projekt\/budowa-kuchni-madagaskar\/\"]}]},{\"@type\":\"ImageObject\",\"inLanguage\":\"fr-FR\",\"@id\":\"https:\/\/www.maitri.pl\/projekt\/budowa-kuchni-madagaskar\/#primaryimage\",\"url\":\"https:\/\/www.maitri.pl\/wp-content\/uploads\/2023\/12\/IMG-20230127-WA0005.jpg\",\"contentUrl\":\"https:\/\/www.maitri.pl\/wp-content\/uploads\/2023\/12\/IMG-20230127-WA0005.jpg\",\"width\":1600,\"height\":738,\"caption\":\"Budowa kuchni i dost\u0119p do czystej wody w szkole z Madagaskaru - Adopcja Serca Maitri werbi\u015bci pomoc Afryce pomoc ubogim Adopcja Duchowa 05\"},{\"@type\":\"BreadcrumbList\",\"@id\":\"https:\/\/www.maitri.pl\/projekt\/budowa-kuchni-madagaskar\/#breadcrumb\",\"itemListElement\":[{\"@type\":\"ListItem\",\"position\":1,\"name\":\"Strona g\u0142\u00f3wna\",\"item\":\"https:\/\/www.maitri.pl\/\"},{\"@type\":\"ListItem\",\"position\":2,\"name\":\"Sklep\",\"item\":\"https:\/\/www.maitri.pl\/sklep\/\"},{\"@type\":\"ListItem\",\"position\":3,\"name\":\"Budowa kuchni oraz dost\u0119p do czystej wody dla dzieci ze szko\u0142y \u015bw. \u0141ukasza\"}]},{\"@type\":\"WebSite\",\"@id\":\"https:\/\/www.maitri.pl\/#website\",\"url\":\"https:\/\/www.maitri.pl\/\",\"name\":\"Adopcja Serca Maitri \u2013 pomoc dzieciom w Afryce\",\"description\":\"Adopcja Serca \u2013 adopcja na odleg\u0142o\u015b\u0107, pomoc Afryce, do\u017cywianie i edukacja w Afryce\",\"publisher\":{\"@id\":\"https:\/\/www.maitri.pl\/#organization\"},\"potentialAction\":[{\"@type\":\"SearchAction\",\"target\":{\"@type\":\"EntryPoint\",\"urlTemplate\":\"https:\/\/www.maitri.pl\/?s={search_term_string}\"},\"query-input\":{\"@type\":\"PropertyValueSpecification\",\"valueRequired\":true,\"valueName\":\"search_term_string\"}}],\"inLanguage\":\"fr-FR\"},{\"@type\":\"Organization\",\"@id\":\"https:\/\/www.maitri.pl\/#organization\",\"name\":\"Stowarzyszenie Ruchu Maitri\",\"url\":\"https:\/\/www.maitri.pl\/\",\"logo\":{\"@type\":\"ImageObject\",\"inLanguage\":\"fr-FR\",\"@id\":\"https:\/\/www.maitri.pl\/#\/schema\/logo\/image\/\",\"url\":\"https:\/\/www.maitri.pl\/wp-content\/uploads\/2020\/04\/duze_logo-81.png\",\"contentUrl\":\"https:\/\/www.maitri.pl\/wp-content\/uploads\/2020\/04\/duze_logo-81.png\",\"width\":339,\"height\":321,\"caption\":\"Stowarzyszenie Ruchu Maitri\"},\"image\":{\"@id\":\"https:\/\/www.maitri.pl\/#\/schema\/logo\/image\/\"},\"sameAs\":[\"https:\/\/www.facebook.com\/MAITRI.Adopcja.Serca.dzieci.Afryki\/\"]}]}<\/script>\n<!-- \/ Yoast SEO plugin. -->","yoast_head_json":{"title":"Budowa kuchni i dost\u0119p do czystej wody w szkole z Madagaskaru","description":"Budowa kuchni oraz dost\u0119p do czystej wody dla dzieci ze szko\u0142y \u015bw. \u0141ukasza i misyjnej bursy na Madagaskarze. Ka\u017cda z\u0142ot\u00f3wka pomaga!","robots":{"index":"index","follow":"follow","max-snippet":"max-snippet:-1","max-image-preview":"max-image-preview:large","max-video-preview":"max-video-preview:-1"},"canonical":"https:\/\/www.maitri.pl\/projekt\/budowa-kuchni-madagaskar\/","og_locale":"fr_FR","og_type":"article","og_title":"Budowa kuchni i dost\u0119p do czystej wody w szkole z Madagaskaru","og_description":"Budowa kuchni oraz dost\u0119p do czystej wody dla dzieci ze szko\u0142y \u015bw. \u0141ukasza i misyjnej bursy na Madagaskarze. Ka\u017cda z\u0142ot\u00f3wka pomaga!","og_url":"https:\/\/www.maitri.pl\/projekt\/budowa-kuchni-madagaskar\/","og_site_name":"Ruch Maitri - Adopcja Serca pomoc Afryce","article_publisher":"https:\/\/www.facebook.com\/MAITRI.Adopcja.Serca.dzieci.Afryki\/","article_modified_time":"2025-03-31T12:16:11+00:00","og_image":[{"width":1600,"height":738,"url":"https:\/\/www.maitri.pl\/wp-content\/uploads\/2023\/12\/IMG-20230127-WA0005.jpg","type":"image\/jpeg"}],"twitter_card":"summary_large_image","twitter_misc":{"Dur\u00e9e de lecture estim\u00e9e":"3 minutes"},"schema":{"@context":"https:\/\/schema.org","@graph":[{"@type":"WebPage","@id":"https:\/\/www.maitri.pl\/projekt\/budowa-kuchni-madagaskar\/","url":"https:\/\/www.maitri.pl\/projekt\/budowa-kuchni-madagaskar\/","name":"Budowa kuchni i dost\u0119p do czystej wody w szkole z Madagaskaru","isPartOf":{"@id":"https:\/\/www.maitri.pl\/#website"},"primaryImageOfPage":{"@id":"https:\/\/www.maitri.pl\/projekt\/budowa-kuchni-madagaskar\/#primaryimage"},"image":{"@id":"https:\/\/www.maitri.pl\/projekt\/budowa-kuchni-madagaskar\/#primaryimage"},"thumbnailUrl":"https:\/\/www.maitri.pl\/wp-content\/uploads\/2023\/12\/IMG-20230127-WA0005.jpg","datePublished":"2023-12-22T07:41:40+00:00","dateModified":"2025-03-31T12:16:11+00:00","description":"Budowa kuchni oraz dost\u0119p do czystej wody dla dzieci ze szko\u0142y \u015bw. \u0141ukasza i misyjnej bursy na Madagaskarze. Ka\u017cda z\u0142ot\u00f3wka pomaga!","breadcrumb":{"@id":"https:\/\/www.maitri.pl\/projekt\/budowa-kuchni-madagaskar\/#breadcrumb"},"inLanguage":"fr-FR","potentialAction":[{"@type":"ReadAction","target":["https:\/\/www.maitri.pl\/projekt\/budowa-kuchni-madagaskar\/"]}]},{"@type":"ImageObject","inLanguage":"fr-FR","@id":"https:\/\/www.maitri.pl\/projekt\/budowa-kuchni-madagaskar\/#primaryimage","url":"https:\/\/www.maitri.pl\/wp-content\/uploads\/2023\/12\/IMG-20230127-WA0005.jpg","contentUrl":"https:\/\/www.maitri.pl\/wp-content\/uploads\/2023\/12\/IMG-20230127-WA0005.jpg","width":1600,"height":738,"caption":"Budowa kuchni i dost\u0119p do czystej wody w szkole z Madagaskaru - Adopcja Serca Maitri werbi\u015bci pomoc Afryce pomoc ubogim Adopcja Duchowa 05"},{"@type":"BreadcrumbList","@id":"https:\/\/www.maitri.pl\/projekt\/budowa-kuchni-madagaskar\/#breadcrumb","itemListElement":[{"@type":"ListItem","position":1,"name":"Strona g\u0142\u00f3wna","item":"https:\/\/www.maitri.pl\/"},{"@type":"ListItem","position":2,"name":"Sklep","item":"https:\/\/www.maitri.pl\/sklep\/"},{"@type":"ListItem","position":3,"name":"Budowa kuchni oraz dost\u0119p do czystej wody dla dzieci ze szko\u0142y \u015bw. \u0141ukasza"}]},{"@type":"WebSite","@id":"https:\/\/www.maitri.pl\/#website","url":"https:\/\/www.maitri.pl\/","name":"Adopcja Serca Maitri \u2013 pomoc dzieciom w Afryce","description":"Adopcja Serca \u2013 adopcja na odleg\u0142o\u015b\u0107, pomoc Afryce, do\u017cywianie i edukacja w Afryce","publisher":{"@id":"https:\/\/www.maitri.pl\/#organization"},"potentialAction":[{"@type":"SearchAction","target":{"@type":"EntryPoint","urlTemplate":"https:\/\/www.maitri.pl\/?s={search_term_string}"},"query-input":{"@type":"PropertyValueSpecification","valueRequired":true,"valueName":"search_term_string"}}],"inLanguage":"fr-FR"},{"@type":"Organization","@id":"https:\/\/www.maitri.pl\/#organization","name":"Stowarzyszenie Ruchu Maitri","url":"https:\/\/www.maitri.pl\/","logo":{"@type":"ImageObject","inLanguage":"fr-FR","@id":"https:\/\/www.maitri.pl\/#\/schema\/logo\/image\/","url":"https:\/\/www.maitri.pl\/wp-content\/uploads\/2020\/04\/duze_logo-81.png","contentUrl":"https:\/\/www.maitri.pl\/wp-content\/uploads\/2020\/04\/duze_logo-81.png","width":339,"height":321,"caption":"Stowarzyszenie Ruchu Maitri"},"image":{"@id":"https:\/\/www.maitri.pl\/#\/schema\/logo\/image\/"},"sameAs":["https:\/\/www.facebook.com\/MAITRI.Adopcja.Serca.dzieci.Afryki\/"]}]}},"_links":{"self":[{"href":"https:\/\/www.maitri.pl\/fr\/wp-json\/wp\/v2\/product\/30434","targetHints":{"allow":["GET"]}}],"collection":[{"href":"https:\/\/www.maitri.pl\/fr\/wp-json\/wp\/v2\/product"}],"about":[{"href":"https:\/\/www.maitri.pl\/fr\/wp-json\/wp\/v2\/types\/product"}],"wp:featuredmedia":[{"embeddable":true,"href":"https:\/\/www.maitri.pl\/fr\/wp-json\/wp\/v2\/media\/30453"}],"wp:attachment":[{"href":"https:\/\/www.maitri.pl\/fr\/wp-json\/wp\/v2\/media?parent=30434"}],"wp:term":[{"taxonomy":"product_brand","embeddable":true,"href":"https:\/\/www.maitri.pl\/fr\/wp-json\/wp\/v2\/product_brand?post=30434"},{"taxonomy":"product_cat","embeddable":true,"href":"https:\/\/www.maitri.pl\/fr\/wp-json\/wp\/v2\/product_cat?post=30434"},{"taxonomy":"product_tag","embeddable":true,"href":"https:\/\/www.maitri.pl\/fr\/wp-json\/wp\/v2\/product_tag?post=30434"}],"curies":[{"name":"wp","href":"https:\/\/api.w.org\/{rel}","templated":true}]}}