{"id":30405,"date":"2024-01-02T13:54:46","date_gmt":"2024-01-02T12:54:46","guid":{"rendered":"https:\/\/www.maitri.pl\/?post_type=product&#038;p=30405"},"modified":"2025-03-31T14:16:39","modified_gmt":"2025-03-31T12:16:39","slug":"centrum-ksztalcenia-zawodowego-sw-wincentego-pallottiego-w-masaka-rwanda","status":"publish","type":"product","link":"https:\/\/www.maitri.pl\/fr\/projekt\/centrum-ksztalcenia-zawodowego-sw-wincentego-pallottiego-w-masaka-rwanda\/","title":{"rendered":"Centrum Kszta\u0142cenia Zawodowego \u015bw. Wincentego Pallottiego w Masaka, Rwanda"},"content":{"rendered":"<p><strong><a href=\"https:\/\/www.maitri.pl\/\">Stowarzyszenia Ruchu MAITRI<\/a> dzi\u0119ki wsparciu uzyskanemu od <a href=\"https:\/\/fondation-amani.ch\/\">Fundacji Amani<\/a> zrealizowa\u0142o projekt o nazwie \u00ab\u00a0Centrum Kszta\u0142cenia Zawodowego \u015bw. Wincentego Pallottiego w Masaka, Rwanda\u00a0\u00bb. Bud\u017cet projektu wyni\u00f3s\u0142 79 000 EUR. Projekt rozpocz\u0105\u0142 si\u0119 we wrze\u015bniu 2023 roku. Okres finansowania pierwszej edycji projektu wyni\u00f3s\u0142 6 miesi\u0119cy, w czasie kt\u00f3rych ze szkole\u0144 skorzysta\u0142o 180 m\u0142odych ludzi.<\/strong><\/p>\n<p>Centrum zosta\u0142o za\u0142o\u017cone przez Zgromadzenie Si\u00f3str Apostolstwa Katolickiego (Siostry Pallotynki) w stolicy Rwandy &#8211; Kigali, w dzielnicy Masaka. Projekt zak\u0142ada\u0142 stworzenie systemu sze\u015bciomiesi\u0119cznych szkole\u0144 zawodowych w zakresie stolarstwa, spawania, krawiectwa, zaplatania w\u0142os\u00f3w, strzy\u017cenia w\u0142os\u00f3w i mechaniki samochodowej. Pierwszy okres dzia\u0142alno\u015bci Centrum obj\u0105\u0142 wsparciem 30 uczni\u00f3w z ka\u017cdego zawodu, czyli w sumie 180 m\u0142odych ludzi. Przez\u00a0 kolejnych 5 lat w ramach dzi\u0119ki projektowi szans\u0119 na nauk\u0119 zawodu dostanie 2100 os\u00f3b.<\/p>\n<p>W celu zapewnienia jak najlepszych warunk\u00f3w w miejscu pracy oraz aby umo\u017cliwi\u0107 dost\u0119p formalno-prawny do pomocy ze strony w\u0142adz pa\u0144stwowych i bank\u00f3w, podopieczni Centrum s\u0105 zach\u0119cani do zak\u0142adania sp\u00f3\u0142dzielni pracowniczych. W zwi\u0105zku z tym powsta\u0142y 3 sp\u00f3\u0142dzielnie pilota\u017cowe z pierwszymi podopiecznymi, a 25 kolejnych zostanie utworzonych w ci\u0105gu 5 lat. Dodatkowo sp\u00f3\u0142dzielnie te w za\u0142o\u017ceniu maja zapewni\u0107 zatrudnienie dla ponad 1000 os\u00f3b nieb\u0119d\u0105cych ich cz\u0142onkami.<\/p>\n<p>W ten spos\u00f3b projekt wy\u015ble 2100 przeszkolonych m\u0142odych ludzi na rynek pracy w ci\u0105gu 5 lat i pozwoli na utworzenie 1000 dodatkowych miejsc pracy, zapewniaj\u0105c jednocze\u015bnie doch\u00f3d beneficjentom po\u015brednim, takim jak sprzedawcy produkt\u00f3w wykorzystywanych w r\u00f3\u017cnych warsztatach, pracownicy zaanga\u017cowani w utworzone sp\u00f3\u0142dzielnie itp.<\/p>\n<p>Dodatkowym elementem dzia\u0142alno\u015bci Centrum jest wsp\u00f3\u0142praca z Fundacj\u0105 Marka Kami\u0144skiego i realizacja programu Life Plan Academy w\u015br\u00f3d podopiecznych. Program ten ma na celu podnoszenie \u015bwiadomo\u015bci m\u0142odych ludzi oraz rozwijanie ich umiej\u0119tno\u015bci wyznaczania i osi\u0105gania cel\u00f3w \u017cyciowych.<\/p>\n<p>W d\u0142u\u017cszej perspektywie Centrum b\u0119dzie wspierane finansowo poprzez sk\u0142adki rodzic\u00f3w (czesne) oraz dzia\u0142ania generuj\u0105ce doch\u00f3d. Fundusze przyznane w ramach projektu zostan\u0105 wykorzystane w nast\u0119puj\u0105cych obszarach:<\/p>\n<ul>\n<li>Materia\u0142y i sprz\u0119t:<\/li>\n<li>Wyposa\u017cenie pomieszcze\u0144 dyrekcji, ksi\u0119gowo\u015bci, sekretariatu, pokoju nauczycielskiego i sal lekcyjnych.<\/li>\n<li>Narz\u0119dzia i sprz\u0119t do warsztat\u00f3w.<\/li>\n<li>Materia\u0142y eksploatacyjne do warsztat\u00f3w.<\/li>\n<li>Wynagrodzenia przez okres 6 miesi\u0119cy dla personelu administracyjnego i nauczycieli i trener\u00f3w prowadz\u0105cych warsztaty.<\/li>\n<li>Wdro\u017cenie szkolenia Life Plan Academy.<\/li>\n<li>Administracja projektu i wizyta monitoruj\u0105ca.<\/li>\n<\/ul>\n<h3 style=\"text-align: center;\">Centrum Kszta\u0142cenia Zawodowego \u015bw. Wincentego Pallottiego w Masaka, Rwanda<\/h3>\n","protected":false},"excerpt":{"rendered":"<p>Projekt: s. Cecile Bimenyimana, <a href=\"http:\/\/www.u-pallotynek.pl\/\" target=\"_blank\" rel=\"noopener\">Zgromadzenie Si\u00f3str Misjonarek Apostolstwa Katolickiego<\/a><br \/>\nMisja: Masaka, Rwanda<br \/>\n<strong><span style=\"color: #ff0000;\">Zbierana kwota: 79.000 \u20ac<\/span><\/strong><\/p>\n","protected":false},"featured_media":30566,"template":"","meta":[],"product_brand":[],"product_cat":[656],"product_tag":[990,847,931,707],"class_list":{"0":"post-30405","1":"product","2":"type-product","3":"status-publish","4":"has-post-thumbnail","6":"product_cat-bez-kategorii","7":"product_tag-centrum-ksztalcenia-zawodowego","8":"product_tag-pallotynki","9":"product_tag-projekt-pomocowy","10":"product_tag-rwanda","12":"first","13":"instock","14":"shipping-taxable","15":"product-type-simple"},"yoast_head":"<!-- This site is optimized with the Yoast SEO plugin v27.2 - https:\/\/yoast.com\/product\/yoast-seo-wordpress\/ -->\n<title>Centrum Kszta\u0142cenia Zawodowego \u015bw. Wincentego Pallottiego w Masaka, Rwanda<\/title>\n<meta name=\"description\" content=\"SR &quot;Maitri&quot; dzi\u0119ki wsparciu Fundacji Amani zrealizowa\u0142o projekt Centrum Kszta\u0142cenia Zawodowego \u015bw. Wincentego Pallottiego w Masaka, Rwanda&quot;.\" \/>\n<meta name=\"robots\" content=\"index, follow, max-snippet:-1, max-image-preview:large, max-video-preview:-1\" \/>\n<link rel=\"canonical\" href=\"https:\/\/www.maitri.pl\/projekt\/centrum-ksztalcenia-zawodowego-sw-wincentego-pallottiego-w-masaka-rwanda\/\" \/>\n<meta property=\"og:locale\" content=\"fr_FR\" \/>\n<meta property=\"og:type\" content=\"article\" \/>\n<meta property=\"og:title\" content=\"Centrum Kszta\u0142cenia Zawodowego \u015bw. Wincentego Pallottiego w Masaka, Rwanda\" \/>\n<meta property=\"og:description\" content=\"SR &quot;Maitri&quot; dzi\u0119ki wsparciu Fundacji Amani zrealizowa\u0142o projekt Centrum Kszta\u0142cenia Zawodowego \u015bw. Wincentego Pallottiego w Masaka, Rwanda&quot;.\" \/>\n<meta property=\"og:url\" content=\"https:\/\/www.maitri.pl\/projekt\/centrum-ksztalcenia-zawodowego-sw-wincentego-pallottiego-w-masaka-rwanda\/\" \/>\n<meta property=\"og:site_name\" content=\"Ruch Maitri - Adopcja Serca pomoc Afryce\" \/>\n<meta property=\"article:publisher\" content=\"https:\/\/www.facebook.com\/MAITRI.Adopcja.Serca.dzieci.Afryki\/\" \/>\n<meta property=\"article:modified_time\" content=\"2025-03-31T12:16:39+00:00\" \/>\n<meta property=\"og:image\" content=\"https:\/\/www.maitri.pl\/wp-content\/uploads\/2024\/01\/Miedzynarodowy-Dzien-Wolontariusza.png\" \/>\n\t<meta property=\"og:image:width\" content=\"1920\" \/>\n\t<meta property=\"og:image:height\" content=\"1080\" \/>\n\t<meta property=\"og:image:type\" content=\"image\/png\" \/>\n<meta name=\"twitter:card\" content=\"summary_large_image\" \/>\n<meta name=\"twitter:label1\" content=\"Dur\u00e9e de lecture estim\u00e9e\" \/>\n\t<meta name=\"twitter:data1\" content=\"3 minutes\" \/>\n<script type=\"application\/ld+json\" class=\"yoast-schema-graph\">{\"@context\":\"https:\/\/schema.org\",\"@graph\":[{\"@type\":\"WebPage\",\"@id\":\"https:\/\/www.maitri.pl\/projekt\/centrum-ksztalcenia-zawodowego-sw-wincentego-pallottiego-w-masaka-rwanda\/\",\"url\":\"https:\/\/www.maitri.pl\/projekt\/centrum-ksztalcenia-zawodowego-sw-wincentego-pallottiego-w-masaka-rwanda\/\",\"name\":\"Centrum Kszta\u0142cenia Zawodowego \u015bw. Wincentego Pallottiego w Masaka, Rwanda\",\"isPartOf\":{\"@id\":\"https:\/\/www.maitri.pl\/#website\"},\"primaryImageOfPage\":{\"@id\":\"https:\/\/www.maitri.pl\/projekt\/centrum-ksztalcenia-zawodowego-sw-wincentego-pallottiego-w-masaka-rwanda\/#primaryimage\"},\"image\":{\"@id\":\"https:\/\/www.maitri.pl\/projekt\/centrum-ksztalcenia-zawodowego-sw-wincentego-pallottiego-w-masaka-rwanda\/#primaryimage\"},\"thumbnailUrl\":\"https:\/\/www.maitri.pl\/wp-content\/uploads\/2024\/01\/Miedzynarodowy-Dzien-Wolontariusza.png\",\"datePublished\":\"2024-01-02T12:54:46+00:00\",\"dateModified\":\"2025-03-31T12:16:39+00:00\",\"description\":\"SR \\\"Maitri\\\" dzi\u0119ki wsparciu Fundacji Amani zrealizowa\u0142o projekt Centrum Kszta\u0142cenia Zawodowego \u015bw. Wincentego Pallottiego w Masaka, Rwanda\\\".\",\"breadcrumb\":{\"@id\":\"https:\/\/www.maitri.pl\/projekt\/centrum-ksztalcenia-zawodowego-sw-wincentego-pallottiego-w-masaka-rwanda\/#breadcrumb\"},\"inLanguage\":\"fr-FR\",\"potentialAction\":[{\"@type\":\"ReadAction\",\"target\":[\"https:\/\/www.maitri.pl\/projekt\/centrum-ksztalcenia-zawodowego-sw-wincentego-pallottiego-w-masaka-rwanda\/\"]}]},{\"@type\":\"ImageObject\",\"inLanguage\":\"fr-FR\",\"@id\":\"https:\/\/www.maitri.pl\/projekt\/centrum-ksztalcenia-zawodowego-sw-wincentego-pallottiego-w-masaka-rwanda\/#primaryimage\",\"url\":\"https:\/\/www.maitri.pl\/wp-content\/uploads\/2024\/01\/Miedzynarodowy-Dzien-Wolontariusza.png\",\"contentUrl\":\"https:\/\/www.maitri.pl\/wp-content\/uploads\/2024\/01\/Miedzynarodowy-Dzien-Wolontariusza.png\",\"width\":1920,\"height\":1080,\"caption\":\"Budynek szko\u0142y, w kt\u00f3rej odbywaj\u0105 si\u0119 zaj\u0119cia w ramach VET School w Masaka w Rwandzie\"},{\"@type\":\"BreadcrumbList\",\"@id\":\"https:\/\/www.maitri.pl\/projekt\/centrum-ksztalcenia-zawodowego-sw-wincentego-pallottiego-w-masaka-rwanda\/#breadcrumb\",\"itemListElement\":[{\"@type\":\"ListItem\",\"position\":1,\"name\":\"Strona g\u0142\u00f3wna\",\"item\":\"https:\/\/www.maitri.pl\/\"},{\"@type\":\"ListItem\",\"position\":2,\"name\":\"Sklep\",\"item\":\"https:\/\/www.maitri.pl\/sklep\/\"},{\"@type\":\"ListItem\",\"position\":3,\"name\":\"Centrum Kszta\u0142cenia Zawodowego \u015bw. Wincentego Pallottiego w Masaka, Rwanda\"}]},{\"@type\":\"WebSite\",\"@id\":\"https:\/\/www.maitri.pl\/#website\",\"url\":\"https:\/\/www.maitri.pl\/\",\"name\":\"Adopcja Serca Maitri \u2013 pomoc dzieciom w Afryce\",\"description\":\"Adopcja Serca \u2013 adopcja na odleg\u0142o\u015b\u0107, pomoc Afryce, do\u017cywianie i edukacja w Afryce\",\"publisher\":{\"@id\":\"https:\/\/www.maitri.pl\/#organization\"},\"potentialAction\":[{\"@type\":\"SearchAction\",\"target\":{\"@type\":\"EntryPoint\",\"urlTemplate\":\"https:\/\/www.maitri.pl\/?s={search_term_string}\"},\"query-input\":{\"@type\":\"PropertyValueSpecification\",\"valueRequired\":true,\"valueName\":\"search_term_string\"}}],\"inLanguage\":\"fr-FR\"},{\"@type\":\"Organization\",\"@id\":\"https:\/\/www.maitri.pl\/#organization\",\"name\":\"Stowarzyszenie Ruchu Maitri\",\"url\":\"https:\/\/www.maitri.pl\/\",\"logo\":{\"@type\":\"ImageObject\",\"inLanguage\":\"fr-FR\",\"@id\":\"https:\/\/www.maitri.pl\/#\/schema\/logo\/image\/\",\"url\":\"https:\/\/www.maitri.pl\/wp-content\/uploads\/2020\/04\/duze_logo-81.png\",\"contentUrl\":\"https:\/\/www.maitri.pl\/wp-content\/uploads\/2020\/04\/duze_logo-81.png\",\"width\":339,\"height\":321,\"caption\":\"Stowarzyszenie Ruchu Maitri\"},\"image\":{\"@id\":\"https:\/\/www.maitri.pl\/#\/schema\/logo\/image\/\"},\"sameAs\":[\"https:\/\/www.facebook.com\/MAITRI.Adopcja.Serca.dzieci.Afryki\/\"]}]}<\/script>\n<!-- \/ Yoast SEO plugin. -->","yoast_head_json":{"title":"Centrum Kszta\u0142cenia Zawodowego \u015bw. Wincentego Pallottiego w Masaka, Rwanda","description":"SR \"Maitri\" dzi\u0119ki wsparciu Fundacji Amani zrealizowa\u0142o projekt Centrum Kszta\u0142cenia Zawodowego \u015bw. Wincentego Pallottiego w Masaka, Rwanda\".","robots":{"index":"index","follow":"follow","max-snippet":"max-snippet:-1","max-image-preview":"max-image-preview:large","max-video-preview":"max-video-preview:-1"},"canonical":"https:\/\/www.maitri.pl\/projekt\/centrum-ksztalcenia-zawodowego-sw-wincentego-pallottiego-w-masaka-rwanda\/","og_locale":"fr_FR","og_type":"article","og_title":"Centrum Kszta\u0142cenia Zawodowego \u015bw. Wincentego Pallottiego w Masaka, Rwanda","og_description":"SR \"Maitri\" dzi\u0119ki wsparciu Fundacji Amani zrealizowa\u0142o projekt Centrum Kszta\u0142cenia Zawodowego \u015bw. Wincentego Pallottiego w Masaka, Rwanda\".","og_url":"https:\/\/www.maitri.pl\/projekt\/centrum-ksztalcenia-zawodowego-sw-wincentego-pallottiego-w-masaka-rwanda\/","og_site_name":"Ruch Maitri - Adopcja Serca pomoc Afryce","article_publisher":"https:\/\/www.facebook.com\/MAITRI.Adopcja.Serca.dzieci.Afryki\/","article_modified_time":"2025-03-31T12:16:39+00:00","og_image":[{"width":1920,"height":1080,"url":"https:\/\/www.maitri.pl\/wp-content\/uploads\/2024\/01\/Miedzynarodowy-Dzien-Wolontariusza.png","type":"image\/png"}],"twitter_card":"summary_large_image","twitter_misc":{"Dur\u00e9e de lecture estim\u00e9e":"3 minutes"},"schema":{"@context":"https:\/\/schema.org","@graph":[{"@type":"WebPage","@id":"https:\/\/www.maitri.pl\/projekt\/centrum-ksztalcenia-zawodowego-sw-wincentego-pallottiego-w-masaka-rwanda\/","url":"https:\/\/www.maitri.pl\/projekt\/centrum-ksztalcenia-zawodowego-sw-wincentego-pallottiego-w-masaka-rwanda\/","name":"Centrum Kszta\u0142cenia Zawodowego \u015bw. Wincentego Pallottiego w Masaka, Rwanda","isPartOf":{"@id":"https:\/\/www.maitri.pl\/#website"},"primaryImageOfPage":{"@id":"https:\/\/www.maitri.pl\/projekt\/centrum-ksztalcenia-zawodowego-sw-wincentego-pallottiego-w-masaka-rwanda\/#primaryimage"},"image":{"@id":"https:\/\/www.maitri.pl\/projekt\/centrum-ksztalcenia-zawodowego-sw-wincentego-pallottiego-w-masaka-rwanda\/#primaryimage"},"thumbnailUrl":"https:\/\/www.maitri.pl\/wp-content\/uploads\/2024\/01\/Miedzynarodowy-Dzien-Wolontariusza.png","datePublished":"2024-01-02T12:54:46+00:00","dateModified":"2025-03-31T12:16:39+00:00","description":"SR \"Maitri\" dzi\u0119ki wsparciu Fundacji Amani zrealizowa\u0142o projekt Centrum Kszta\u0142cenia Zawodowego \u015bw. Wincentego Pallottiego w Masaka, Rwanda\".","breadcrumb":{"@id":"https:\/\/www.maitri.pl\/projekt\/centrum-ksztalcenia-zawodowego-sw-wincentego-pallottiego-w-masaka-rwanda\/#breadcrumb"},"inLanguage":"fr-FR","potentialAction":[{"@type":"ReadAction","target":["https:\/\/www.maitri.pl\/projekt\/centrum-ksztalcenia-zawodowego-sw-wincentego-pallottiego-w-masaka-rwanda\/"]}]},{"@type":"ImageObject","inLanguage":"fr-FR","@id":"https:\/\/www.maitri.pl\/projekt\/centrum-ksztalcenia-zawodowego-sw-wincentego-pallottiego-w-masaka-rwanda\/#primaryimage","url":"https:\/\/www.maitri.pl\/wp-content\/uploads\/2024\/01\/Miedzynarodowy-Dzien-Wolontariusza.png","contentUrl":"https:\/\/www.maitri.pl\/wp-content\/uploads\/2024\/01\/Miedzynarodowy-Dzien-Wolontariusza.png","width":1920,"height":1080,"caption":"Budynek szko\u0142y, w kt\u00f3rej odbywaj\u0105 si\u0119 zaj\u0119cia w ramach VET School w Masaka w Rwandzie"},{"@type":"BreadcrumbList","@id":"https:\/\/www.maitri.pl\/projekt\/centrum-ksztalcenia-zawodowego-sw-wincentego-pallottiego-w-masaka-rwanda\/#breadcrumb","itemListElement":[{"@type":"ListItem","position":1,"name":"Strona g\u0142\u00f3wna","item":"https:\/\/www.maitri.pl\/"},{"@type":"ListItem","position":2,"name":"Sklep","item":"https:\/\/www.maitri.pl\/sklep\/"},{"@type":"ListItem","position":3,"name":"Centrum Kszta\u0142cenia Zawodowego \u015bw. Wincentego Pallottiego w Masaka, Rwanda"}]},{"@type":"WebSite","@id":"https:\/\/www.maitri.pl\/#website","url":"https:\/\/www.maitri.pl\/","name":"Adopcja Serca Maitri \u2013 pomoc dzieciom w Afryce","description":"Adopcja Serca \u2013 adopcja na odleg\u0142o\u015b\u0107, pomoc Afryce, do\u017cywianie i edukacja w Afryce","publisher":{"@id":"https:\/\/www.maitri.pl\/#organization"},"potentialAction":[{"@type":"SearchAction","target":{"@type":"EntryPoint","urlTemplate":"https:\/\/www.maitri.pl\/?s={search_term_string}"},"query-input":{"@type":"PropertyValueSpecification","valueRequired":true,"valueName":"search_term_string"}}],"inLanguage":"fr-FR"},{"@type":"Organization","@id":"https:\/\/www.maitri.pl\/#organization","name":"Stowarzyszenie Ruchu Maitri","url":"https:\/\/www.maitri.pl\/","logo":{"@type":"ImageObject","inLanguage":"fr-FR","@id":"https:\/\/www.maitri.pl\/#\/schema\/logo\/image\/","url":"https:\/\/www.maitri.pl\/wp-content\/uploads\/2020\/04\/duze_logo-81.png","contentUrl":"https:\/\/www.maitri.pl\/wp-content\/uploads\/2020\/04\/duze_logo-81.png","width":339,"height":321,"caption":"Stowarzyszenie Ruchu Maitri"},"image":{"@id":"https:\/\/www.maitri.pl\/#\/schema\/logo\/image\/"},"sameAs":["https:\/\/www.facebook.com\/MAITRI.Adopcja.Serca.dzieci.Afryki\/"]}]}},"_links":{"self":[{"href":"https:\/\/www.maitri.pl\/fr\/wp-json\/wp\/v2\/product\/30405","targetHints":{"allow":["GET"]}}],"collection":[{"href":"https:\/\/www.maitri.pl\/fr\/wp-json\/wp\/v2\/product"}],"about":[{"href":"https:\/\/www.maitri.pl\/fr\/wp-json\/wp\/v2\/types\/product"}],"wp:featuredmedia":[{"embeddable":true,"href":"https:\/\/www.maitri.pl\/fr\/wp-json\/wp\/v2\/media\/30566"}],"wp:attachment":[{"href":"https:\/\/www.maitri.pl\/fr\/wp-json\/wp\/v2\/media?parent=30405"}],"wp:term":[{"taxonomy":"product_brand","embeddable":true,"href":"https:\/\/www.maitri.pl\/fr\/wp-json\/wp\/v2\/product_brand?post=30405"},{"taxonomy":"product_cat","embeddable":true,"href":"https:\/\/www.maitri.pl\/fr\/wp-json\/wp\/v2\/product_cat?post=30405"},{"taxonomy":"product_tag","embeddable":true,"href":"https:\/\/www.maitri.pl\/fr\/wp-json\/wp\/v2\/product_tag?post=30405"}],"curies":[{"name":"wp","href":"https:\/\/api.w.org\/{rel}","templated":true}]}}