{"id":30247,"date":"2023-11-15T19:16:29","date_gmt":"2023-11-15T18:16:29","guid":{"rendered":"https:\/\/www.maitri.pl\/?post_type=product&#038;p=30247"},"modified":"2025-03-31T14:16:19","modified_gmt":"2025-03-31T12:16:19","slug":"posilki-dla-uczniow-kongo","status":"publish","type":"product","link":"https:\/\/www.maitri.pl\/fr\/projekt\/posilki-dla-uczniow-kongo\/","title":{"rendered":"Posi\u0142ki dla uczni\u00f3w ze szko\u0142y pod wezwaniem \u015bw. J\u00f3zefa w Makabandilou"},"content":{"rendered":"<h4>Tam nie jedz\u0105 codziennie<\/h4>\n<p>Makabandilou to ubogie przedmie\u015bcie dwumilionowego miasta Brazzaville, stolicy Republiki Konga. Kraj wci\u0105\u017c podnosi si\u0119 ze skutk\u00f3w wojny domowej z pocz\u0105tku wieku, kt\u00f3ra niestety powraca w postaci kolejnych rebelii (ostatnio w 2017). W tych warunkach bardzo wiele os\u00f3b zosta\u0142o pozbawionych dachu nad g\u0142ow\u0105 i uciek\u0142o do przeludnionych miast. Dlatego w takich miejscach, jak Makabandilou panuje bieda i nie ma perspektyw. Dla wielu dzieci jedyn\u0105 szans\u0105 na lepsze jutro jest pomoc ludzi dobrej woli <a href=\"https:\/\/www.maitri.pl\/adopcja-serca\/\" target=\"_blank\" rel=\"noopener\">Maitri<\/a>. Z tego powodu w szkole \u015bw. J\u00f3zefa uczy si\u0119 du\u017ca liczba ubogich dzieci. Szko\u0142\u0119 od lat prowadz\u0105 Siostry J\u00f3zefitki. Posi\u0142ki dla uczni\u00f3w szko\u0142y to niezb\u0119dna pomoc w roku szkolnym 2023\/2024.<\/p>\n<h4>Obiad tylko w szkole<\/h4>\n<p>Dzieci, kt\u00f3re s\u0105 w naszej szkole ju\u017c wiedz\u0105, \u017ce warto do nas przychodzi\u0107. Nawet gdy s\u0105 g\u0142odne, id\u0105 na lekcje z rado\u015bci\u0105. Lubi\u0105 si\u0119 uczy\u0107, bo wiedz\u0105, \u017ce Siostry dadz\u0105 im co\u015b do zjedzenia. Problem do\u017cywiania najbiedniejszych dzieci z Makabandilou jest bardzo pilny i wa\u017cny. Niezb\u0119dne jest do\u017cywianie dzieci chocia\u017cby przez prosty posi\u0142ek. Dostaj\u0105 u nas maj\u0105 chleb z mas\u0142em, lub czekolad\u0105, lub sardynk\u0105, lub z jajkiem oraz mleko, kakao lub sok. W tych najbiedniejszych rodzinach cz\u0119sto rodzic\u00f3w nie sta\u0107 absolutnie, aby da\u0107 dzieciom cokolwiek na \u015bniadanie. Dlatego dzieci przychodz\u0105 do szko\u0142y g\u0142odne. Jedyny mo\u017cliwy posi\u0142ek zdarza si\u0119 pod wiecz\u00f3r w domu, ale nie zawsze. Z tego powodu te dzieci cz\u0119sto nie maj\u0105 si\u0142y by si\u0119 uczy\u0107. Dopiero dzi\u0119ki Waszej pomocy, gdy otrzymaj\u0105 posi\u0142ek, u\u015bmiech wraca im na twarz. Wasza pomoc jest bardzo wa\u017cna dla przysz\u0142o\u015bci tych dzieci. Drodzy ofiarodawcy, Wasza nagroda b\u0119dzie wielka. Pilnej pomocy potrzebuje 30 uczni\u00f3w przez ca\u0142y rok.<\/p>\n<h4>Kosztorys:<\/h4>\n<p><img loading=\"lazy\" decoding=\"async\" class=\"alignnone wp-image-30248 size-full\" src=\"https:\/\/www.maitri.pl\/wp-content\/uploads\/2023\/11\/25-jozef.png\" alt=\"\" width=\"983\" height=\"185\" srcset=\"https:\/\/www.maitri.pl\/wp-content\/uploads\/2023\/11\/25-jozef.png 983w, https:\/\/www.maitri.pl\/wp-content\/uploads\/2023\/11\/25-jozef-300x56.png 300w, https:\/\/www.maitri.pl\/wp-content\/uploads\/2023\/11\/25-jozef-768x145.png 768w, https:\/\/www.maitri.pl\/wp-content\/uploads\/2023\/11\/25-jozef-600x113.png 600w\" sizes=\"auto, (max-width: 983px) 100vw, 983px\" \/><\/p>\n<p><em>s. Liliosa Romanek, <a href=\"https:\/\/www.jozefitki.pl\/\" target=\"_blank\" rel=\"noopener\">Zgromadzenie Si\u00f3str \u015bw. J\u00f3zefa<\/a><\/em><\/p>\n<p>Numer projektu:\u00a0<strong>25\/JOZEF<\/strong><\/p>\n<p style=\"text-align: justify;\"><span style=\"color: #ff0000;\"><span style=\"font-size: large;\"><b>Kwota projektu : 1110 \u20ac <\/b><\/span><\/span><\/p>\n<p style=\"text-align: justify;\"><span style=\"font-size: large;\"><em><span style=\"color: #999999;\"><span style=\"font-size: medium;\">Stowarzyszenie Ruchu Maitri przeznacza do 10% otrzymanych \u015brodk\u00f3w na koszty funkcjonowania biura i pozyskiwanie funduszy pomocowych.<\/span><\/span><\/em><\/span><\/p>\n<h3 style=\"text-align: justify;\" align=\"JUSTIFY\"><span style=\"color: #808080;\">Posi\u0142ki dla uczni\u00f3w ze szko\u0142y pod wezwaniem \u015bw. J\u00f3zefa w Makabandilou<\/span><\/h3>\n","protected":false},"excerpt":{"rendered":"<p><strong>Projekt:\u00a0<\/strong> <em>s. Liliosa Romanek, <a href=\"https:\/\/www.jozefitki.pl\/\" target=\"_blank\" rel=\"noopener\">Zgromadzenie Si\u00f3str \u015bw. J\u00f3zefa<\/a><\/em><br \/>\n<strong>Misja:<\/strong> Makabandilou, <a href=\"https:\/\/www.maitri.pl\/gdzie-pomagamy\/\" target=\"_blank\" rel=\"noopener\">Republika Konga<\/a><br \/>\n<strong>Kwota projektu: <span style=\"color: #ff0000;\">1110 \u20ac<\/span><\/strong><\/p>\n","protected":false},"featured_media":30251,"template":"","meta":[],"product_brand":[],"product_cat":[656],"product_tag":[676,988,909,800],"class_list":{"0":"post-30247","1":"product","2":"type-product","3":"status-publish","4":"has-post-thumbnail","6":"product_cat-bez-kategorii","7":"product_tag-dozywianie","8":"product_tag-republika-kongo","9":"product_tag-siostra-liliosa-romanek","10":"product_tag-zgromadzenie-siostr-sw-jozefa","12":"first","13":"instock","14":"virtual","15":"purchasable","16":"product-type-simple"},"yoast_head":"<!-- This site is optimized with the Yoast SEO plugin v27.2 - https:\/\/yoast.com\/product\/yoast-seo-wordpress\/ -->\n<title>Posi\u0142ki dla uczni\u00f3w ze szko\u0142y pod wezwaniem \u015bw. J\u00f3zefa (Kongo)<\/title>\n<meta name=\"description\" content=\"Posi\u0142ki dla uczni\u00f3w ze szko\u0142y pod wezwaniem \u015bw. J\u00f3zefa w Makabandilou w Republice Konga. O pomoc prosz\u0105 Siostry J\u00f3zefitki.\" \/>\n<meta name=\"robots\" content=\"index, follow, max-snippet:-1, max-image-preview:large, max-video-preview:-1\" \/>\n<link rel=\"canonical\" href=\"https:\/\/www.maitri.pl\/projekt\/posilki-dla-uczniow-kongo\/\" \/>\n<meta property=\"og:locale\" content=\"fr_FR\" \/>\n<meta property=\"og:type\" content=\"article\" \/>\n<meta property=\"og:title\" content=\"Posi\u0142ki dla uczni\u00f3w ze szko\u0142y pod wezwaniem \u015bw. J\u00f3zefa (Kongo)\" \/>\n<meta property=\"og:description\" content=\"Posi\u0142ki dla uczni\u00f3w ze szko\u0142y pod wezwaniem \u015bw. J\u00f3zefa w Makabandilou w Republice Konga. O pomoc prosz\u0105 Siostry J\u00f3zefitki.\" \/>\n<meta property=\"og:url\" content=\"https:\/\/www.maitri.pl\/projekt\/posilki-dla-uczniow-kongo\/\" \/>\n<meta property=\"og:site_name\" content=\"Ruch Maitri - Adopcja Serca pomoc Afryce\" \/>\n<meta property=\"article:publisher\" content=\"https:\/\/www.facebook.com\/MAITRI.Adopcja.Serca.dzieci.Afryki\/\" \/>\n<meta property=\"article:modified_time\" content=\"2025-03-31T12:16:19+00:00\" \/>\n<meta property=\"og:image\" content=\"https:\/\/www.maitri.pl\/wp-content\/uploads\/2023\/11\/25-jozef_Ecole-St-Joseph-1.png\" \/>\n\t<meta property=\"og:image:width\" content=\"1238\" \/>\n\t<meta property=\"og:image:height\" content=\"928\" \/>\n\t<meta property=\"og:image:type\" content=\"image\/png\" \/>\n<meta name=\"twitter:card\" content=\"summary_large_image\" \/>\n<meta name=\"twitter:label1\" content=\"Dur\u00e9e de lecture estim\u00e9e\" \/>\n\t<meta name=\"twitter:data1\" content=\"3 minutes\" \/>\n<script type=\"application\/ld+json\" class=\"yoast-schema-graph\">{\"@context\":\"https:\/\/schema.org\",\"@graph\":[{\"@type\":\"WebPage\",\"@id\":\"https:\/\/www.maitri.pl\/projekt\/posilki-dla-uczniow-kongo\/\",\"url\":\"https:\/\/www.maitri.pl\/projekt\/posilki-dla-uczniow-kongo\/\",\"name\":\"Posi\u0142ki dla uczni\u00f3w ze szko\u0142y pod wezwaniem \u015bw. J\u00f3zefa (Kongo)\",\"isPartOf\":{\"@id\":\"https:\/\/www.maitri.pl\/#website\"},\"primaryImageOfPage\":{\"@id\":\"https:\/\/www.maitri.pl\/projekt\/posilki-dla-uczniow-kongo\/#primaryimage\"},\"image\":{\"@id\":\"https:\/\/www.maitri.pl\/projekt\/posilki-dla-uczniow-kongo\/#primaryimage\"},\"thumbnailUrl\":\"https:\/\/www.maitri.pl\/wp-content\/uploads\/2023\/11\/25-jozef_Ecole-St-Joseph-1.png\",\"datePublished\":\"2023-11-15T18:16:29+00:00\",\"dateModified\":\"2025-03-31T12:16:19+00:00\",\"description\":\"Posi\u0142ki dla uczni\u00f3w ze szko\u0142y pod wezwaniem \u015bw. J\u00f3zefa w Makabandilou w Republice Konga. O pomoc prosz\u0105 Siostry J\u00f3zefitki.\",\"breadcrumb\":{\"@id\":\"https:\/\/www.maitri.pl\/projekt\/posilki-dla-uczniow-kongo\/#breadcrumb\"},\"inLanguage\":\"fr-FR\",\"potentialAction\":[{\"@type\":\"ReadAction\",\"target\":[\"https:\/\/www.maitri.pl\/projekt\/posilki-dla-uczniow-kongo\/\"]}]},{\"@type\":\"ImageObject\",\"inLanguage\":\"fr-FR\",\"@id\":\"https:\/\/www.maitri.pl\/projekt\/posilki-dla-uczniow-kongo\/#primaryimage\",\"url\":\"https:\/\/www.maitri.pl\/wp-content\/uploads\/2023\/11\/25-jozef_Ecole-St-Joseph-1.png\",\"contentUrl\":\"https:\/\/www.maitri.pl\/wp-content\/uploads\/2023\/11\/25-jozef_Ecole-St-Joseph-1.png\",\"width\":1238,\"height\":928,\"caption\":\"Posi\u0142ki dla uczni\u00f3w ze szko\u0142y pod wezwaniem \u015bw. J\u00f3zefa w Makabandilou Adopcja Serca Maitri pomoc ubogim pomoc Afryce do\u017cywianie 01\"},{\"@type\":\"BreadcrumbList\",\"@id\":\"https:\/\/www.maitri.pl\/projekt\/posilki-dla-uczniow-kongo\/#breadcrumb\",\"itemListElement\":[{\"@type\":\"ListItem\",\"position\":1,\"name\":\"Strona g\u0142\u00f3wna\",\"item\":\"https:\/\/www.maitri.pl\/\"},{\"@type\":\"ListItem\",\"position\":2,\"name\":\"Sklep\",\"item\":\"https:\/\/www.maitri.pl\/sklep\/\"},{\"@type\":\"ListItem\",\"position\":3,\"name\":\"Posi\u0142ki dla uczni\u00f3w ze szko\u0142y pod wezwaniem \u015bw. J\u00f3zefa w Makabandilou\"}]},{\"@type\":\"WebSite\",\"@id\":\"https:\/\/www.maitri.pl\/#website\",\"url\":\"https:\/\/www.maitri.pl\/\",\"name\":\"Adopcja Serca Maitri \u2013 pomoc dzieciom w Afryce\",\"description\":\"Adopcja Serca \u2013 adopcja na odleg\u0142o\u015b\u0107, pomoc Afryce, do\u017cywianie i edukacja w Afryce\",\"publisher\":{\"@id\":\"https:\/\/www.maitri.pl\/#organization\"},\"potentialAction\":[{\"@type\":\"SearchAction\",\"target\":{\"@type\":\"EntryPoint\",\"urlTemplate\":\"https:\/\/www.maitri.pl\/?s={search_term_string}\"},\"query-input\":{\"@type\":\"PropertyValueSpecification\",\"valueRequired\":true,\"valueName\":\"search_term_string\"}}],\"inLanguage\":\"fr-FR\"},{\"@type\":\"Organization\",\"@id\":\"https:\/\/www.maitri.pl\/#organization\",\"name\":\"Stowarzyszenie Ruchu Maitri\",\"url\":\"https:\/\/www.maitri.pl\/\",\"logo\":{\"@type\":\"ImageObject\",\"inLanguage\":\"fr-FR\",\"@id\":\"https:\/\/www.maitri.pl\/#\/schema\/logo\/image\/\",\"url\":\"https:\/\/www.maitri.pl\/wp-content\/uploads\/2020\/04\/duze_logo-81.png\",\"contentUrl\":\"https:\/\/www.maitri.pl\/wp-content\/uploads\/2020\/04\/duze_logo-81.png\",\"width\":339,\"height\":321,\"caption\":\"Stowarzyszenie Ruchu Maitri\"},\"image\":{\"@id\":\"https:\/\/www.maitri.pl\/#\/schema\/logo\/image\/\"},\"sameAs\":[\"https:\/\/www.facebook.com\/MAITRI.Adopcja.Serca.dzieci.Afryki\/\"]}]}<\/script>\n<!-- \/ Yoast SEO plugin. -->","yoast_head_json":{"title":"Posi\u0142ki dla uczni\u00f3w ze szko\u0142y pod wezwaniem \u015bw. J\u00f3zefa (Kongo)","description":"Posi\u0142ki dla uczni\u00f3w ze szko\u0142y pod wezwaniem \u015bw. J\u00f3zefa w Makabandilou w Republice Konga. O pomoc prosz\u0105 Siostry J\u00f3zefitki.","robots":{"index":"index","follow":"follow","max-snippet":"max-snippet:-1","max-image-preview":"max-image-preview:large","max-video-preview":"max-video-preview:-1"},"canonical":"https:\/\/www.maitri.pl\/projekt\/posilki-dla-uczniow-kongo\/","og_locale":"fr_FR","og_type":"article","og_title":"Posi\u0142ki dla uczni\u00f3w ze szko\u0142y pod wezwaniem \u015bw. J\u00f3zefa (Kongo)","og_description":"Posi\u0142ki dla uczni\u00f3w ze szko\u0142y pod wezwaniem \u015bw. J\u00f3zefa w Makabandilou w Republice Konga. O pomoc prosz\u0105 Siostry J\u00f3zefitki.","og_url":"https:\/\/www.maitri.pl\/projekt\/posilki-dla-uczniow-kongo\/","og_site_name":"Ruch Maitri - Adopcja Serca pomoc Afryce","article_publisher":"https:\/\/www.facebook.com\/MAITRI.Adopcja.Serca.dzieci.Afryki\/","article_modified_time":"2025-03-31T12:16:19+00:00","og_image":[{"width":1238,"height":928,"url":"https:\/\/www.maitri.pl\/wp-content\/uploads\/2023\/11\/25-jozef_Ecole-St-Joseph-1.png","type":"image\/png"}],"twitter_card":"summary_large_image","twitter_misc":{"Dur\u00e9e de lecture estim\u00e9e":"3 minutes"},"schema":{"@context":"https:\/\/schema.org","@graph":[{"@type":"WebPage","@id":"https:\/\/www.maitri.pl\/projekt\/posilki-dla-uczniow-kongo\/","url":"https:\/\/www.maitri.pl\/projekt\/posilki-dla-uczniow-kongo\/","name":"Posi\u0142ki dla uczni\u00f3w ze szko\u0142y pod wezwaniem \u015bw. J\u00f3zefa (Kongo)","isPartOf":{"@id":"https:\/\/www.maitri.pl\/#website"},"primaryImageOfPage":{"@id":"https:\/\/www.maitri.pl\/projekt\/posilki-dla-uczniow-kongo\/#primaryimage"},"image":{"@id":"https:\/\/www.maitri.pl\/projekt\/posilki-dla-uczniow-kongo\/#primaryimage"},"thumbnailUrl":"https:\/\/www.maitri.pl\/wp-content\/uploads\/2023\/11\/25-jozef_Ecole-St-Joseph-1.png","datePublished":"2023-11-15T18:16:29+00:00","dateModified":"2025-03-31T12:16:19+00:00","description":"Posi\u0142ki dla uczni\u00f3w ze szko\u0142y pod wezwaniem \u015bw. J\u00f3zefa w Makabandilou w Republice Konga. O pomoc prosz\u0105 Siostry J\u00f3zefitki.","breadcrumb":{"@id":"https:\/\/www.maitri.pl\/projekt\/posilki-dla-uczniow-kongo\/#breadcrumb"},"inLanguage":"fr-FR","potentialAction":[{"@type":"ReadAction","target":["https:\/\/www.maitri.pl\/projekt\/posilki-dla-uczniow-kongo\/"]}]},{"@type":"ImageObject","inLanguage":"fr-FR","@id":"https:\/\/www.maitri.pl\/projekt\/posilki-dla-uczniow-kongo\/#primaryimage","url":"https:\/\/www.maitri.pl\/wp-content\/uploads\/2023\/11\/25-jozef_Ecole-St-Joseph-1.png","contentUrl":"https:\/\/www.maitri.pl\/wp-content\/uploads\/2023\/11\/25-jozef_Ecole-St-Joseph-1.png","width":1238,"height":928,"caption":"Posi\u0142ki dla uczni\u00f3w ze szko\u0142y pod wezwaniem \u015bw. J\u00f3zefa w Makabandilou Adopcja Serca Maitri pomoc ubogim pomoc Afryce do\u017cywianie 01"},{"@type":"BreadcrumbList","@id":"https:\/\/www.maitri.pl\/projekt\/posilki-dla-uczniow-kongo\/#breadcrumb","itemListElement":[{"@type":"ListItem","position":1,"name":"Strona g\u0142\u00f3wna","item":"https:\/\/www.maitri.pl\/"},{"@type":"ListItem","position":2,"name":"Sklep","item":"https:\/\/www.maitri.pl\/sklep\/"},{"@type":"ListItem","position":3,"name":"Posi\u0142ki dla uczni\u00f3w ze szko\u0142y pod wezwaniem \u015bw. J\u00f3zefa w Makabandilou"}]},{"@type":"WebSite","@id":"https:\/\/www.maitri.pl\/#website","url":"https:\/\/www.maitri.pl\/","name":"Adopcja Serca Maitri \u2013 pomoc dzieciom w Afryce","description":"Adopcja Serca \u2013 adopcja na odleg\u0142o\u015b\u0107, pomoc Afryce, do\u017cywianie i edukacja w Afryce","publisher":{"@id":"https:\/\/www.maitri.pl\/#organization"},"potentialAction":[{"@type":"SearchAction","target":{"@type":"EntryPoint","urlTemplate":"https:\/\/www.maitri.pl\/?s={search_term_string}"},"query-input":{"@type":"PropertyValueSpecification","valueRequired":true,"valueName":"search_term_string"}}],"inLanguage":"fr-FR"},{"@type":"Organization","@id":"https:\/\/www.maitri.pl\/#organization","name":"Stowarzyszenie Ruchu Maitri","url":"https:\/\/www.maitri.pl\/","logo":{"@type":"ImageObject","inLanguage":"fr-FR","@id":"https:\/\/www.maitri.pl\/#\/schema\/logo\/image\/","url":"https:\/\/www.maitri.pl\/wp-content\/uploads\/2020\/04\/duze_logo-81.png","contentUrl":"https:\/\/www.maitri.pl\/wp-content\/uploads\/2020\/04\/duze_logo-81.png","width":339,"height":321,"caption":"Stowarzyszenie Ruchu Maitri"},"image":{"@id":"https:\/\/www.maitri.pl\/#\/schema\/logo\/image\/"},"sameAs":["https:\/\/www.facebook.com\/MAITRI.Adopcja.Serca.dzieci.Afryki\/"]}]}},"_links":{"self":[{"href":"https:\/\/www.maitri.pl\/fr\/wp-json\/wp\/v2\/product\/30247","targetHints":{"allow":["GET"]}}],"collection":[{"href":"https:\/\/www.maitri.pl\/fr\/wp-json\/wp\/v2\/product"}],"about":[{"href":"https:\/\/www.maitri.pl\/fr\/wp-json\/wp\/v2\/types\/product"}],"wp:featuredmedia":[{"embeddable":true,"href":"https:\/\/www.maitri.pl\/fr\/wp-json\/wp\/v2\/media\/30251"}],"wp:attachment":[{"href":"https:\/\/www.maitri.pl\/fr\/wp-json\/wp\/v2\/media?parent=30247"}],"wp:term":[{"taxonomy":"product_brand","embeddable":true,"href":"https:\/\/www.maitri.pl\/fr\/wp-json\/wp\/v2\/product_brand?post=30247"},{"taxonomy":"product_cat","embeddable":true,"href":"https:\/\/www.maitri.pl\/fr\/wp-json\/wp\/v2\/product_cat?post=30247"},{"taxonomy":"product_tag","embeddable":true,"href":"https:\/\/www.maitri.pl\/fr\/wp-json\/wp\/v2\/product_tag?post=30247"}],"curies":[{"name":"wp","href":"https:\/\/api.w.org\/{rel}","templated":true}]}}