{"id":30036,"date":"2023-10-23T16:50:14","date_gmt":"2023-10-23T14:50:14","guid":{"rendered":"https:\/\/www.maitri.pl\/?post_type=product&#038;p=30036"},"modified":"2025-03-31T14:15:48","modified_gmt":"2025-03-31T12:15:48","slug":"pomoc-w-dozywianiu-kamerun-2","status":"publish","type":"product","link":"https:\/\/www.maitri.pl\/fr\/projekt\/pomoc-w-dozywianiu-kamerun-2\/","title":{"rendered":"Pomoc w do\u017cywianiu 420 dzieci ze szko\u0142y podstawowej w Doume w Kamerunie"},"content":{"rendered":"<h4>Do\u0142\u0105cz do walki z niedo\u017cywieniem w\u015br\u00f3d dzieci!<\/h4>\n<p>Pom\u00f3\u017c nakarmi\u0107 najs\u0142abszych! Prosimy o pomoc w do\u017cywianiu 420 dzieci ze szko\u0142y podstawowej w Doume. Obecnie mamy 11 klas po 40-45 dzieci. Spora cz\u0119\u015b\u0107 dzieci jest sierotami lub p\u00f3\u0142sierotami. Nasi podopieczni mieszkaj\u0105 ze swoimi babciami, ciociami, wujkami. Niestety zdarza si\u0119 r\u00f3wnie\u017c, \u017ce przebywaj\u0105 u zupe\u0142nie obcych ludzi. Dzieje si\u0119 tak, gdy nie maj\u0105 nikogo bliskiego w pobli\u017cu naszej szko\u0142y, a chc\u0105 si\u0119 uczy\u0107 czyta\u0107 i pisa\u0107. Ich opiekunowie pracuj\u0105 ci\u0119\u017cko na polu, \u017ceby przynie\u015b\u0107 cokolwiek do jedzenia. Cz\u0119sto ta \u017cywno\u015b\u0107 jest niewystarczaj\u0105ca dla ca\u0142ej rodzinny. Dlatego dzieci cz\u0119sto przychodz\u0105 do szko\u0142y g\u0142odne. Niestety, du\u017ce odleg\u0142o\u015bci do pokonania, wczesne wstawanie i p\u00f3\u017any powr\u00f3t do domu, a przy tym g\u0142\u00f3d towarzysz\u0105cy dzieciom sprawi\u0142y, \u017ce ponownie zwracam si\u0119 z pro\u015bb\u0105 o pomoc w zakupie \u017cywno\u015bci dla uczni\u00f3w z naszej szko\u0142y.<\/p>\n<h4>Kryzys, bieda i susza<\/h4>\n<p>Aby zmniejszy\u0107 problem g\u0142odu w\u015br\u00f3d dzieci i chor\u00f3b zwi\u0105zanych z niedo\u017cywieniem, chcia\u0142abym kontynuowa\u0107 do\u017cywianie w szkole. Nasza akcja polega na wydawaniu 2 razy w tygodniu ciep\u0142ego posi\u0142ku oraz kolejne 2 razy w tygodniu kaszy manna z kukurydzy i chleba z mas\u0142em albo z czekolad\u0105, kt\u00f3re dzieci bardzo lubi\u0105. Problem niedo\u017cywienia dzieci jest wci\u0105\u017c aktualny we wschodniej cz\u0119\u015bci Kamerunu. Pog\u0142\u0119biaj\u0105cy si\u0119 kryzys ekonomiczny na \u015bwiecie sprawia, \u017ce sytuacja si\u0119 zaostrza. Brakuje \u017cywno\u015bci r\u00f3wnie\u017c wtedy gdy jest susza, bo ziemia jest za sucha i nie daje du\u017co \u017cywno\u015bci. Gdy jest deszcz, to nadchodzi okres zasiew\u00f3w, wi\u0119c nie ma jeszcze jedzenia na polach.<\/p>\n<h4>Jedz\u0105 tylko w szkole, bo w domu nie ma nic<\/h4>\n<p>Pomoc w do\u017cywianiu to wielki dar dla ca\u0142ych rodzin. Zdarza si\u0119, \u017ce dzieci wynosz\u0105 w kieszeniach albo w ma\u0142ych woreczkach ry\u017c dla swojego rodze\u0144stwa, kt\u00f3re jest w domu. Niekt\u00f3re dzieci przychodz\u0105 do szko\u0142y w\u0142a\u015bnie dlatego, \u017ce mog\u0105 tu liczy\u0107 na co\u015b do zjedzenia. S\u0105 te\u017c bardzo wdzi\u0119czne za ten dar. W tym roku chc\u0105c pom\u00f3c rodzicom podj\u0119\u0142am akcj\u0119 zakupu orzeszk\u00f3w arachidowych i kukurydzy od miejscowych rodzin. Na zakup tych produkt\u00f3w uda\u0142o mi si\u0119 pozyska\u0107 ofiary od dobrodziej\u00f3w. Jednak ta pomoc w do\u017cywianiu nie za\u0142atwia problemu i konieczne jest wsparcie od darczy\u0144c\u00f3w <a href=\"https:\/\/www.maitri.pl\/projekty-pomocowe\/\" target=\"_blank\" rel=\"noopener\">Maitri<\/a>. Z g\u00f3ry dzi\u0119kuj\u0119 za przychylno\u015b\u0107 i dobro\u0107 serca. Niech Pan B\u00f3g Wam za wszystko wynagrodzi. Pami\u0119tam w modlitwie razem z moimi uczniami.<\/p>\n<h4><strong>Kosztorys:<\/strong><\/h4>\n<p><img loading=\"lazy\" decoding=\"async\" class=\"alignnone wp-image-30209 size-full\" src=\"https:\/\/www.maitri.pl\/wp-content\/uploads\/2023\/10\/389-palls.png\" alt=\"\" width=\"959\" height=\"494\" srcset=\"https:\/\/www.maitri.pl\/wp-content\/uploads\/2023\/10\/389-palls.png 959w, https:\/\/www.maitri.pl\/wp-content\/uploads\/2023\/10\/389-palls-300x155.png 300w, https:\/\/www.maitri.pl\/wp-content\/uploads\/2023\/10\/389-palls-768x396.png 768w, https:\/\/www.maitri.pl\/wp-content\/uploads\/2023\/10\/389-palls-600x309.png 600w\" sizes=\"auto, (max-width: 959px) 100vw, 959px\" \/><\/p>\n<p><em>Siostra Agnieszka D\u0105browska SAC, <a href=\"http:\/\/www.u-pallotynek.pl\/\" target=\"_blank\" rel=\"noopener\">Zgromadzenie Si\u00f3str Misjonarek Apostolstwa Katolickiego<\/a><\/em><\/p>\n<p><b style=\"font-size: large; color: #ff0000;\">Kwota: 3670 \u20ac <\/b><\/p>\n<p style=\"text-align: justify;\"><strong>Podsumowanie w miejscowej walucie &#8211; 2 127 000 frank\u00f3w CFA<\/strong><\/p>\n<p style=\"text-align: justify;\" align=\"JUSTIFY\"><span style=\"color: #808080;\">Stowarzyszenie Ruchu\u00a0<em>Maitri<\/em> przeznacza do 10% otrzymanych \u015brodk\u00f3w na koszty funkcjonowania biura i pozyskiwanie funduszy pomocowych. <\/span><\/p>\n<h3 style=\"text-align: justify;\" align=\"JUSTIFY\"><span style=\"color: #808080;\">Pomoc w do\u017cywianiu 420 dzieci ze szko\u0142y podstawowej w Doume w Kamerunie<\/span><\/h3>\n","protected":false},"excerpt":{"rendered":"<p><strong>Projekt:<\/strong> Siostra Agnieszka D\u0105browska, <a href=\"http:\/\/www.u-pallotynek.pl\/\" target=\"_blank\" rel=\"noopener\">Zgromadzenie Si\u00f3str Misjonarek Apostolstwa Katolickiego<\/a><br \/>\n<strong>Misja:<\/strong> Doume, <a href=\"https:\/\/www.maitri.pl\/gdzie-pomagamy\/\" target=\"_blank\" rel=\"noopener noreferrer\">Kamerun<\/a><br \/>\n<strong>Zbierana kwota:<\/strong> <span style=\"color: #ff0000;\"><strong>3470 \u20ac<\/strong><\/span><\/p>\n","protected":false},"featured_media":30046,"template":"","meta":[],"product_brand":[],"product_cat":[656],"product_tag":[687,658,847,969,689],"class_list":{"0":"post-30036","1":"product","2":"type-product","3":"status-publish","4":"has-post-thumbnail","6":"product_cat-bez-kategorii","7":"product_tag-doume","8":"product_tag-kamerun","9":"product_tag-pallotynki","10":"product_tag-siostra-agnieszka-dabrowska","11":"product_tag-zgromadzenie-siostr-misjonarek-apostolstwa-katolickiego","13":"first","14":"instock","15":"virtual","16":"purchasable","17":"product-type-simple"},"yoast_head":"<!-- This site is optimized with the Yoast SEO plugin v27.2 - https:\/\/yoast.com\/product\/yoast-seo-wordpress\/ -->\n<title>Pomoc w do\u017cywianiu 420 dzieci ze szko\u0142y w Doume w Kamerunie<\/title>\n<meta name=\"description\" content=\"Pomoc w do\u017cywianiu 420 dzieci ze szko\u0142y podstawowej w Doume w Kamerunie. O wsparcie akcji prosz\u0105 Siostry Pallotynki. Ka\u017cda z\u0142ot\u00f3wka pomaga!\" \/>\n<meta name=\"robots\" content=\"index, follow, max-snippet:-1, max-image-preview:large, max-video-preview:-1\" \/>\n<link rel=\"canonical\" href=\"https:\/\/www.maitri.pl\/projekt\/pomoc-w-dozywianiu-kamerun-2\/\" \/>\n<meta property=\"og:locale\" content=\"fr_FR\" \/>\n<meta property=\"og:type\" content=\"article\" \/>\n<meta property=\"og:title\" content=\"Pomoc w do\u017cywianiu 420 dzieci ze szko\u0142y w Doume w Kamerunie\" \/>\n<meta property=\"og:description\" content=\"Pomoc w do\u017cywianiu 420 dzieci ze szko\u0142y podstawowej w Doume w Kamerunie. O wsparcie akcji prosz\u0105 Siostry Pallotynki. Ka\u017cda z\u0142ot\u00f3wka pomaga!\" \/>\n<meta property=\"og:url\" content=\"https:\/\/www.maitri.pl\/projekt\/pomoc-w-dozywianiu-kamerun-2\/\" \/>\n<meta property=\"og:site_name\" content=\"Ruch Maitri - Adopcja Serca pomoc Afryce\" \/>\n<meta property=\"article:publisher\" content=\"https:\/\/www.facebook.com\/MAITRI.Adopcja.Serca.dzieci.Afryki\/\" \/>\n<meta property=\"article:modified_time\" content=\"2025-03-31T12:15:48+00:00\" \/>\n<meta property=\"og:image\" content=\"https:\/\/www.maitri.pl\/wp-content\/uploads\/2023\/10\/389-palls-4.jpg\" \/>\n\t<meta property=\"og:image:width\" content=\"2312\" \/>\n\t<meta property=\"og:image:height\" content=\"1734\" \/>\n\t<meta property=\"og:image:type\" content=\"image\/jpeg\" \/>\n<meta name=\"twitter:card\" content=\"summary_large_image\" \/>\n<meta name=\"twitter:label1\" content=\"Dur\u00e9e de lecture estim\u00e9e\" \/>\n\t<meta name=\"twitter:data1\" content=\"3 minutes\" \/>\n<script type=\"application\/ld+json\" class=\"yoast-schema-graph\">{\"@context\":\"https:\/\/schema.org\",\"@graph\":[{\"@type\":\"WebPage\",\"@id\":\"https:\/\/www.maitri.pl\/projekt\/pomoc-w-dozywianiu-kamerun-2\/\",\"url\":\"https:\/\/www.maitri.pl\/projekt\/pomoc-w-dozywianiu-kamerun-2\/\",\"name\":\"Pomoc w do\u017cywianiu 420 dzieci ze szko\u0142y w Doume w Kamerunie\",\"isPartOf\":{\"@id\":\"https:\/\/www.maitri.pl\/#website\"},\"primaryImageOfPage\":{\"@id\":\"https:\/\/www.maitri.pl\/projekt\/pomoc-w-dozywianiu-kamerun-2\/#primaryimage\"},\"image\":{\"@id\":\"https:\/\/www.maitri.pl\/projekt\/pomoc-w-dozywianiu-kamerun-2\/#primaryimage\"},\"thumbnailUrl\":\"https:\/\/www.maitri.pl\/wp-content\/uploads\/2023\/10\/389-palls-4.jpg\",\"datePublished\":\"2023-10-23T14:50:14+00:00\",\"dateModified\":\"2025-03-31T12:15:48+00:00\",\"description\":\"Pomoc w do\u017cywianiu 420 dzieci ze szko\u0142y podstawowej w Doume w Kamerunie. O wsparcie akcji prosz\u0105 Siostry Pallotynki. Ka\u017cda z\u0142ot\u00f3wka pomaga!\",\"breadcrumb\":{\"@id\":\"https:\/\/www.maitri.pl\/projekt\/pomoc-w-dozywianiu-kamerun-2\/#breadcrumb\"},\"inLanguage\":\"fr-FR\",\"potentialAction\":[{\"@type\":\"ReadAction\",\"target\":[\"https:\/\/www.maitri.pl\/projekt\/pomoc-w-dozywianiu-kamerun-2\/\"]}]},{\"@type\":\"ImageObject\",\"inLanguage\":\"fr-FR\",\"@id\":\"https:\/\/www.maitri.pl\/projekt\/pomoc-w-dozywianiu-kamerun-2\/#primaryimage\",\"url\":\"https:\/\/www.maitri.pl\/wp-content\/uploads\/2023\/10\/389-palls-4.jpg\",\"contentUrl\":\"https:\/\/www.maitri.pl\/wp-content\/uploads\/2023\/10\/389-palls-4.jpg\",\"width\":2312,\"height\":1734,\"caption\":\"Pomoc w do\u017cywianiu 420 dzieci ze szko\u0142y podstawowej w Doume w Kamerunie Adopcja Serca Adopcja Maitri pomoc ubogim do\u017cywianie dzieci 01\"},{\"@type\":\"BreadcrumbList\",\"@id\":\"https:\/\/www.maitri.pl\/projekt\/pomoc-w-dozywianiu-kamerun-2\/#breadcrumb\",\"itemListElement\":[{\"@type\":\"ListItem\",\"position\":1,\"name\":\"Strona g\u0142\u00f3wna\",\"item\":\"https:\/\/www.maitri.pl\/\"},{\"@type\":\"ListItem\",\"position\":2,\"name\":\"Sklep\",\"item\":\"https:\/\/www.maitri.pl\/sklep\/\"},{\"@type\":\"ListItem\",\"position\":3,\"name\":\"Pomoc w do\u017cywianiu 420 dzieci ze szko\u0142y podstawowej w Doume w Kamerunie\"}]},{\"@type\":\"WebSite\",\"@id\":\"https:\/\/www.maitri.pl\/#website\",\"url\":\"https:\/\/www.maitri.pl\/\",\"name\":\"Adopcja Serca Maitri \u2013 pomoc dzieciom w Afryce\",\"description\":\"Adopcja Serca \u2013 adopcja na odleg\u0142o\u015b\u0107, pomoc Afryce, do\u017cywianie i edukacja w Afryce\",\"publisher\":{\"@id\":\"https:\/\/www.maitri.pl\/#organization\"},\"potentialAction\":[{\"@type\":\"SearchAction\",\"target\":{\"@type\":\"EntryPoint\",\"urlTemplate\":\"https:\/\/www.maitri.pl\/?s={search_term_string}\"},\"query-input\":{\"@type\":\"PropertyValueSpecification\",\"valueRequired\":true,\"valueName\":\"search_term_string\"}}],\"inLanguage\":\"fr-FR\"},{\"@type\":\"Organization\",\"@id\":\"https:\/\/www.maitri.pl\/#organization\",\"name\":\"Stowarzyszenie Ruchu Maitri\",\"url\":\"https:\/\/www.maitri.pl\/\",\"logo\":{\"@type\":\"ImageObject\",\"inLanguage\":\"fr-FR\",\"@id\":\"https:\/\/www.maitri.pl\/#\/schema\/logo\/image\/\",\"url\":\"https:\/\/www.maitri.pl\/wp-content\/uploads\/2020\/04\/duze_logo-81.png\",\"contentUrl\":\"https:\/\/www.maitri.pl\/wp-content\/uploads\/2020\/04\/duze_logo-81.png\",\"width\":339,\"height\":321,\"caption\":\"Stowarzyszenie Ruchu Maitri\"},\"image\":{\"@id\":\"https:\/\/www.maitri.pl\/#\/schema\/logo\/image\/\"},\"sameAs\":[\"https:\/\/www.facebook.com\/MAITRI.Adopcja.Serca.dzieci.Afryki\/\"]}]}<\/script>\n<!-- \/ Yoast SEO plugin. -->","yoast_head_json":{"title":"Pomoc w do\u017cywianiu 420 dzieci ze szko\u0142y w Doume w Kamerunie","description":"Pomoc w do\u017cywianiu 420 dzieci ze szko\u0142y podstawowej w Doume w Kamerunie. O wsparcie akcji prosz\u0105 Siostry Pallotynki. Ka\u017cda z\u0142ot\u00f3wka pomaga!","robots":{"index":"index","follow":"follow","max-snippet":"max-snippet:-1","max-image-preview":"max-image-preview:large","max-video-preview":"max-video-preview:-1"},"canonical":"https:\/\/www.maitri.pl\/projekt\/pomoc-w-dozywianiu-kamerun-2\/","og_locale":"fr_FR","og_type":"article","og_title":"Pomoc w do\u017cywianiu 420 dzieci ze szko\u0142y w Doume w Kamerunie","og_description":"Pomoc w do\u017cywianiu 420 dzieci ze szko\u0142y podstawowej w Doume w Kamerunie. O wsparcie akcji prosz\u0105 Siostry Pallotynki. Ka\u017cda z\u0142ot\u00f3wka pomaga!","og_url":"https:\/\/www.maitri.pl\/projekt\/pomoc-w-dozywianiu-kamerun-2\/","og_site_name":"Ruch Maitri - Adopcja Serca pomoc Afryce","article_publisher":"https:\/\/www.facebook.com\/MAITRI.Adopcja.Serca.dzieci.Afryki\/","article_modified_time":"2025-03-31T12:15:48+00:00","og_image":[{"width":2312,"height":1734,"url":"https:\/\/www.maitri.pl\/wp-content\/uploads\/2023\/10\/389-palls-4.jpg","type":"image\/jpeg"}],"twitter_card":"summary_large_image","twitter_misc":{"Dur\u00e9e de lecture estim\u00e9e":"3 minutes"},"schema":{"@context":"https:\/\/schema.org","@graph":[{"@type":"WebPage","@id":"https:\/\/www.maitri.pl\/projekt\/pomoc-w-dozywianiu-kamerun-2\/","url":"https:\/\/www.maitri.pl\/projekt\/pomoc-w-dozywianiu-kamerun-2\/","name":"Pomoc w do\u017cywianiu 420 dzieci ze szko\u0142y w Doume w Kamerunie","isPartOf":{"@id":"https:\/\/www.maitri.pl\/#website"},"primaryImageOfPage":{"@id":"https:\/\/www.maitri.pl\/projekt\/pomoc-w-dozywianiu-kamerun-2\/#primaryimage"},"image":{"@id":"https:\/\/www.maitri.pl\/projekt\/pomoc-w-dozywianiu-kamerun-2\/#primaryimage"},"thumbnailUrl":"https:\/\/www.maitri.pl\/wp-content\/uploads\/2023\/10\/389-palls-4.jpg","datePublished":"2023-10-23T14:50:14+00:00","dateModified":"2025-03-31T12:15:48+00:00","description":"Pomoc w do\u017cywianiu 420 dzieci ze szko\u0142y podstawowej w Doume w Kamerunie. O wsparcie akcji prosz\u0105 Siostry Pallotynki. Ka\u017cda z\u0142ot\u00f3wka pomaga!","breadcrumb":{"@id":"https:\/\/www.maitri.pl\/projekt\/pomoc-w-dozywianiu-kamerun-2\/#breadcrumb"},"inLanguage":"fr-FR","potentialAction":[{"@type":"ReadAction","target":["https:\/\/www.maitri.pl\/projekt\/pomoc-w-dozywianiu-kamerun-2\/"]}]},{"@type":"ImageObject","inLanguage":"fr-FR","@id":"https:\/\/www.maitri.pl\/projekt\/pomoc-w-dozywianiu-kamerun-2\/#primaryimage","url":"https:\/\/www.maitri.pl\/wp-content\/uploads\/2023\/10\/389-palls-4.jpg","contentUrl":"https:\/\/www.maitri.pl\/wp-content\/uploads\/2023\/10\/389-palls-4.jpg","width":2312,"height":1734,"caption":"Pomoc w do\u017cywianiu 420 dzieci ze szko\u0142y podstawowej w Doume w Kamerunie Adopcja Serca Adopcja Maitri pomoc ubogim do\u017cywianie dzieci 01"},{"@type":"BreadcrumbList","@id":"https:\/\/www.maitri.pl\/projekt\/pomoc-w-dozywianiu-kamerun-2\/#breadcrumb","itemListElement":[{"@type":"ListItem","position":1,"name":"Strona g\u0142\u00f3wna","item":"https:\/\/www.maitri.pl\/"},{"@type":"ListItem","position":2,"name":"Sklep","item":"https:\/\/www.maitri.pl\/sklep\/"},{"@type":"ListItem","position":3,"name":"Pomoc w do\u017cywianiu 420 dzieci ze szko\u0142y podstawowej w Doume w Kamerunie"}]},{"@type":"WebSite","@id":"https:\/\/www.maitri.pl\/#website","url":"https:\/\/www.maitri.pl\/","name":"Adopcja Serca Maitri \u2013 pomoc dzieciom w Afryce","description":"Adopcja Serca \u2013 adopcja na odleg\u0142o\u015b\u0107, pomoc Afryce, do\u017cywianie i edukacja w Afryce","publisher":{"@id":"https:\/\/www.maitri.pl\/#organization"},"potentialAction":[{"@type":"SearchAction","target":{"@type":"EntryPoint","urlTemplate":"https:\/\/www.maitri.pl\/?s={search_term_string}"},"query-input":{"@type":"PropertyValueSpecification","valueRequired":true,"valueName":"search_term_string"}}],"inLanguage":"fr-FR"},{"@type":"Organization","@id":"https:\/\/www.maitri.pl\/#organization","name":"Stowarzyszenie Ruchu Maitri","url":"https:\/\/www.maitri.pl\/","logo":{"@type":"ImageObject","inLanguage":"fr-FR","@id":"https:\/\/www.maitri.pl\/#\/schema\/logo\/image\/","url":"https:\/\/www.maitri.pl\/wp-content\/uploads\/2020\/04\/duze_logo-81.png","contentUrl":"https:\/\/www.maitri.pl\/wp-content\/uploads\/2020\/04\/duze_logo-81.png","width":339,"height":321,"caption":"Stowarzyszenie Ruchu Maitri"},"image":{"@id":"https:\/\/www.maitri.pl\/#\/schema\/logo\/image\/"},"sameAs":["https:\/\/www.facebook.com\/MAITRI.Adopcja.Serca.dzieci.Afryki\/"]}]}},"_links":{"self":[{"href":"https:\/\/www.maitri.pl\/fr\/wp-json\/wp\/v2\/product\/30036","targetHints":{"allow":["GET"]}}],"collection":[{"href":"https:\/\/www.maitri.pl\/fr\/wp-json\/wp\/v2\/product"}],"about":[{"href":"https:\/\/www.maitri.pl\/fr\/wp-json\/wp\/v2\/types\/product"}],"wp:featuredmedia":[{"embeddable":true,"href":"https:\/\/www.maitri.pl\/fr\/wp-json\/wp\/v2\/media\/30046"}],"wp:attachment":[{"href":"https:\/\/www.maitri.pl\/fr\/wp-json\/wp\/v2\/media?parent=30036"}],"wp:term":[{"taxonomy":"product_brand","embeddable":true,"href":"https:\/\/www.maitri.pl\/fr\/wp-json\/wp\/v2\/product_brand?post=30036"},{"taxonomy":"product_cat","embeddable":true,"href":"https:\/\/www.maitri.pl\/fr\/wp-json\/wp\/v2\/product_cat?post=30036"},{"taxonomy":"product_tag","embeddable":true,"href":"https:\/\/www.maitri.pl\/fr\/wp-json\/wp\/v2\/product_tag?post=30036"}],"curies":[{"name":"wp","href":"https:\/\/api.w.org\/{rel}","templated":true}]}}