{"id":29864,"date":"2023-09-22T17:13:56","date_gmt":"2023-09-22T15:13:56","guid":{"rendered":"https:\/\/www.maitri.pl\/?post_type=product&#038;p=29864"},"modified":"2025-03-31T14:15:43","modified_gmt":"2025-03-31T12:15:43","slug":"misjoarnki-prosza-o-zakup-lekow","status":"publish","type":"product","link":"https:\/\/www.maitri.pl\/fr\/projekt\/misjoarnki-prosza-o-zakup-lekow\/","title":{"rendered":"Misjonarki prosz\u0105 o zakup lek\u00f3w dla o\u015brodka zdrowia w Abong Mbang"},"content":{"rendered":"<h4>Jedyny szpital w buszu<\/h4>\n<p>W Abong Mbang w Kamerunie misjonarki prowadz\u0105 misj\u0119 i przychodni\u0119 zdrowia. W O\u015brodku pomimo skromnych warunk\u00f3w kobiety rodz\u0105ce\u00a0 i przychodz\u0105ce na \u015bwiat dzieci otrzymuj\u0105 fachow\u0105 pomoc medyczn\u0105.<\/p>\n<h4>List od Siostry Nazariuszy<\/h4>\n<p>\u00ab\u00a0Praktycznie od samego pocz\u0105tku jeste\u015bcie dla mnie wsparciem w mojej pracy misyjnej. Dzi\u0119ki Waszej <a href=\"https:\/\/www.maitri.pl\/projekt\/fundusz-pomocy-ubogim-wplata-na-dowolny-projekt\/\" target=\"_blank\" rel=\"noopener\">sta\u0142ej i ci\u0105g\u0142ej pomocy<\/a> mog\u0119 pomaga\u0107 wi\u0119kszej liczbie chorych. Osoby zg\u0142aszaj\u0105ce si\u0119 do naszej przychodni nie posiadaj\u0105 \u015brodk\u00f3w materialnych. Mimo to zawsze ich przyjmujemy. Otrzymuj\u0105 podstawow\u0105 pomoc medyczn\u0105, a je\u015bli jest konieczno\u015b\u0107 to przewozimy ich do szpitala. Cz\u0119sto jest taka sytuacja, \u017ce osoba potrzebuj\u0105ca pomocy, kt\u00f3rej nie sta\u0107 na leczenie, zg\u0142asza si\u0119 do naszej przechodni ju\u017c w ci\u0119\u017ckim stanie chorobowym. Je\u015bli nie b\u0119dzie jej udzielona darmowa pomoc medyczna,\u00a0 pozostaje osamotniona w cierpieniu, z bardzo przykrymi skutkami. Dzi\u0119ki tej pomocy chorzy odzyskuj\u0105 zdrowie i s\u0105 ogromnie wdzi\u0119czni \u017ce otrzymali pomoc\u00a0\u00bb.<\/p>\n<h4>Nikomu nie odmawia si\u0119 pomocy<\/h4>\n<p>Siostry misjonarki z misji uwa\u017caj\u0105, \u017ce pomoc darczy\u0144c\u00f3w Maitri jest kluczowa dla ich dzia\u0142alno\u015bci. \u00ab\u00a0Nie tylko finansowa, ale te\u017c duchowa i psychiczna pomoc. Dzi\u0119ki niej nie musz\u0119 odsy\u0142a\u0107 chorego bez wsparcia, bo nie ma on za co kupi\u0107 lek\u00f3w lub zap\u0142aci\u0107 za opatrunki. Gdyby nie ta sta\u0142a pomoc,\u00a0 by\u0142abym zmuszona odmawia\u0107 pomocy. A wtedy w moim sercu bym to bardzo mocno prze\u017cywa\u0142a i psychicznie bym si\u0119 czu\u0142a \u017ale, gdy\u017c odmawianie pomocy tam gdzie chodzi o \u017cycie cz\u0142owieka nigdy i nigdzie nie jest \u0142atwe. Dzi\u0119ki Waszemu wsparciu wiele ludzi chorych i ubogich odzyskuje si\u0142y, a ich \u017cycie staje si\u0119 dla nich\u00a0 \u0142atwiejsze i pe\u0142ne nadziei. Ufam, \u017ce moja pro\u015bba o pomoc zostanie pozytywnie przyj\u0119ta, jak w poprzednich latach. Jestem\u00a0 wdzi\u0119czna za ka\u017cde udzielone wsparcie.\u00a0\u00bb<\/p>\n<p><img loading=\"lazy\" decoding=\"async\" class=\"alignnone wp-image-30212 size-full\" src=\"https:\/\/www.maitri.pl\/wp-content\/uploads\/2023\/09\/159-chrys.png\" alt=\"\" width=\"952\" height=\"383\" srcset=\"https:\/\/www.maitri.pl\/wp-content\/uploads\/2023\/09\/159-chrys.png 952w, https:\/\/www.maitri.pl\/wp-content\/uploads\/2023\/09\/159-chrys-300x121.png 300w, https:\/\/www.maitri.pl\/wp-content\/uploads\/2023\/09\/159-chrys-768x309.png 768w, https:\/\/www.maitri.pl\/wp-content\/uploads\/2023\/09\/159-chrys-600x241.png 600w\" sizes=\"auto, (max-width: 952px) 100vw, 952px\" \/><\/p>\n<p><em>s. Nazariusza \u017buczek, <a href=\"http:\/\/duszajezusa.pl\/\" target=\"_blank\" rel=\"noopener noreferrer\">Zgromadzenie Si\u00f3str Naj\u015bwi\u0119tszej Duszy Chrystusa Pana<\/a><\/em><\/p>\n<p><strong>PODSUMOWANIE<\/strong> (w miejscowej walucie) &#8211; razem <strong>2 670 000 frank\u00f3w CFA<\/strong><\/p>\n<p style=\"text-align: justify;\" align=\"JUSTIFY\"><span style=\"color: #ff0000;\"><span style=\"font-size: large;\"><b>Kwota projektu: 4440 \u20ac<br \/>\n<\/b><\/span><\/span><\/p>\n<p style=\"text-align: justify;\"><strong>Numer projektu: 159\/CHRYS <\/strong><\/p>\n<p style=\"text-align: justify;\" align=\"JUSTIFY\"><span style=\"color: #808080;\">Stowarzyszenie Ruchu\u00a0<em>Maitri<\/em>\u00a0przeznacza do 10% otrzymanych \u015brodk\u00f3w na koszty funkcjonowania biura i pozyskiwanie funduszy pomocowych.<\/span><\/p>\n<h3 style=\"text-align: justify;\" align=\"JUSTIFY\"><span style=\"color: #808080;\">Misjonarki prosz\u0105 o zakup lek\u00f3w i \u017cywno\u015bci dla najbiedniejszych oraz zakupu mleka dla noworodk\u00f3w dla o\u015brodka zdrowia w Abong Mbang w Kamerunie<\/span><\/h3>\n","protected":false},"excerpt":{"rendered":"<p><strong>Projekt: <\/strong><em>s. Nazariusza \u017buczek, <a href=\"http:\/\/duszajezusa.pl\/\" target=\"_blank\" rel=\"noopener noreferrer\">Zgromadzenie Si\u00f3str Naj\u015bwi\u0119tszej Duszy Chrystusa Pana<\/a><\/em><br \/>\n<strong>Misja:<\/strong> Abong Mbang, <a href=\"https:\/\/www.maitri.pl\/gdzie-pomagamy\/\" target=\"_blank\" rel=\"noopener noreferrer\">Kamerun<\/a><br \/>\n<strong>Kwota projektu: <span style=\"color: #ff0000;\">4440 \u20ac<\/span><\/strong><\/p>\n","protected":false},"featured_media":29871,"template":"","meta":[],"product_brand":[],"product_cat":[656],"product_tag":[662,658,837,986,875],"class_list":{"0":"post-29864","1":"product","2":"type-product","3":"status-publish","4":"has-post-thumbnail","6":"product_cat-bez-kategorii","7":"product_tag-abong-mbang","8":"product_tag-kamerun","9":"product_tag-siostra-nazariusza-zuczek","10":"product_tag-siostry-duchaczki","11":"product_tag-zgromadzenie-siostr-duszy-chrystusowej","13":"first","14":"instock","15":"virtual","16":"purchasable","17":"product-type-simple"},"yoast_head":"<!-- This site is optimized with the Yoast SEO plugin v27.2 - https:\/\/yoast.com\/product\/yoast-seo-wordpress\/ -->\n<title>Misjonarki prosz\u0105 o zakup lek\u00f3w dla o\u015brodka zdrowia (Kamerun)<\/title>\n<meta name=\"description\" content=\"Misjonarki o zakup lek\u00f3w i \u017cywno\u015bci dla najbiedniejszych oraz zakupu mleka dla noworodk\u00f3w z o\u015brodka zdrowia w Abong Mbang w Kamerunie.\" \/>\n<meta name=\"robots\" content=\"index, follow, max-snippet:-1, max-image-preview:large, max-video-preview:-1\" \/>\n<link rel=\"canonical\" href=\"https:\/\/www.maitri.pl\/projekt\/misjoarnki-prosza-o-zakup-lekow\/\" \/>\n<meta property=\"og:locale\" content=\"fr_FR\" \/>\n<meta property=\"og:type\" content=\"article\" \/>\n<meta property=\"og:title\" content=\"Misjonarki prosz\u0105 o zakup lek\u00f3w dla o\u015brodka zdrowia (Kamerun)\" \/>\n<meta property=\"og:description\" content=\"Misjonarki o zakup lek\u00f3w i \u017cywno\u015bci dla najbiedniejszych oraz zakupu mleka dla noworodk\u00f3w z o\u015brodka zdrowia w Abong Mbang w Kamerunie.\" \/>\n<meta property=\"og:url\" content=\"https:\/\/www.maitri.pl\/projekt\/misjoarnki-prosza-o-zakup-lekow\/\" \/>\n<meta property=\"og:site_name\" content=\"Ruch Maitri - Adopcja Serca pomoc Afryce\" \/>\n<meta property=\"article:publisher\" content=\"https:\/\/www.facebook.com\/MAITRI.Adopcja.Serca.dzieci.Afryki\/\" \/>\n<meta property=\"article:modified_time\" content=\"2025-03-31T12:15:43+00:00\" \/>\n<meta property=\"og:image\" content=\"https:\/\/www.maitri.pl\/wp-content\/uploads\/2023\/09\/IMG_2612.jpg\" \/>\n\t<meta property=\"og:image:width\" content=\"800\" \/>\n\t<meta property=\"og:image:height\" content=\"600\" \/>\n\t<meta property=\"og:image:type\" content=\"image\/jpeg\" \/>\n<meta name=\"twitter:card\" content=\"summary_large_image\" \/>\n<meta name=\"twitter:label1\" content=\"Dur\u00e9e de lecture estim\u00e9e\" \/>\n\t<meta name=\"twitter:data1\" content=\"3 minutes\" \/>\n<script type=\"application\/ld+json\" class=\"yoast-schema-graph\">{\"@context\":\"https:\/\/schema.org\",\"@graph\":[{\"@type\":\"WebPage\",\"@id\":\"https:\/\/www.maitri.pl\/projekt\/misjoarnki-prosza-o-zakup-lekow\/\",\"url\":\"https:\/\/www.maitri.pl\/projekt\/misjoarnki-prosza-o-zakup-lekow\/\",\"name\":\"Misjonarki prosz\u0105 o zakup lek\u00f3w dla o\u015brodka zdrowia (Kamerun)\",\"isPartOf\":{\"@id\":\"https:\/\/www.maitri.pl\/#website\"},\"primaryImageOfPage\":{\"@id\":\"https:\/\/www.maitri.pl\/projekt\/misjoarnki-prosza-o-zakup-lekow\/#primaryimage\"},\"image\":{\"@id\":\"https:\/\/www.maitri.pl\/projekt\/misjoarnki-prosza-o-zakup-lekow\/#primaryimage\"},\"thumbnailUrl\":\"https:\/\/www.maitri.pl\/wp-content\/uploads\/2023\/09\/IMG_2612.jpg\",\"datePublished\":\"2023-09-22T15:13:56+00:00\",\"dateModified\":\"2025-03-31T12:15:43+00:00\",\"description\":\"Misjonarki o zakup lek\u00f3w i \u017cywno\u015bci dla najbiedniejszych oraz zakupu mleka dla noworodk\u00f3w z o\u015brodka zdrowia w Abong Mbang w Kamerunie.\",\"breadcrumb\":{\"@id\":\"https:\/\/www.maitri.pl\/projekt\/misjoarnki-prosza-o-zakup-lekow\/#breadcrumb\"},\"inLanguage\":\"fr-FR\",\"potentialAction\":[{\"@type\":\"ReadAction\",\"target\":[\"https:\/\/www.maitri.pl\/projekt\/misjoarnki-prosza-o-zakup-lekow\/\"]}]},{\"@type\":\"ImageObject\",\"inLanguage\":\"fr-FR\",\"@id\":\"https:\/\/www.maitri.pl\/projekt\/misjoarnki-prosza-o-zakup-lekow\/#primaryimage\",\"url\":\"https:\/\/www.maitri.pl\/wp-content\/uploads\/2023\/09\/IMG_2612.jpg\",\"contentUrl\":\"https:\/\/www.maitri.pl\/wp-content\/uploads\/2023\/09\/IMG_2612.jpg\",\"width\":800,\"height\":600,\"caption\":\"Duchaczki prosz\u0105 o zakup lek\u00f3w dla o\u015brodka zdrowia w Abong Mbang Adopcja Serca Adopcja duchowa Adopcja Maitri pomoc ubogim pomoc Afryce 01\"},{\"@type\":\"BreadcrumbList\",\"@id\":\"https:\/\/www.maitri.pl\/projekt\/misjoarnki-prosza-o-zakup-lekow\/#breadcrumb\",\"itemListElement\":[{\"@type\":\"ListItem\",\"position\":1,\"name\":\"Strona g\u0142\u00f3wna\",\"item\":\"https:\/\/www.maitri.pl\/\"},{\"@type\":\"ListItem\",\"position\":2,\"name\":\"Sklep\",\"item\":\"https:\/\/www.maitri.pl\/sklep\/\"},{\"@type\":\"ListItem\",\"position\":3,\"name\":\"Misjonarki prosz\u0105 o zakup lek\u00f3w dla o\u015brodka zdrowia w Abong Mbang\"}]},{\"@type\":\"WebSite\",\"@id\":\"https:\/\/www.maitri.pl\/#website\",\"url\":\"https:\/\/www.maitri.pl\/\",\"name\":\"Adopcja Serca Maitri \u2013 pomoc dzieciom w Afryce\",\"description\":\"Adopcja Serca \u2013 adopcja na odleg\u0142o\u015b\u0107, pomoc Afryce, do\u017cywianie i edukacja w Afryce\",\"publisher\":{\"@id\":\"https:\/\/www.maitri.pl\/#organization\"},\"potentialAction\":[{\"@type\":\"SearchAction\",\"target\":{\"@type\":\"EntryPoint\",\"urlTemplate\":\"https:\/\/www.maitri.pl\/?s={search_term_string}\"},\"query-input\":{\"@type\":\"PropertyValueSpecification\",\"valueRequired\":true,\"valueName\":\"search_term_string\"}}],\"inLanguage\":\"fr-FR\"},{\"@type\":\"Organization\",\"@id\":\"https:\/\/www.maitri.pl\/#organization\",\"name\":\"Stowarzyszenie Ruchu Maitri\",\"url\":\"https:\/\/www.maitri.pl\/\",\"logo\":{\"@type\":\"ImageObject\",\"inLanguage\":\"fr-FR\",\"@id\":\"https:\/\/www.maitri.pl\/#\/schema\/logo\/image\/\",\"url\":\"https:\/\/www.maitri.pl\/wp-content\/uploads\/2020\/04\/duze_logo-81.png\",\"contentUrl\":\"https:\/\/www.maitri.pl\/wp-content\/uploads\/2020\/04\/duze_logo-81.png\",\"width\":339,\"height\":321,\"caption\":\"Stowarzyszenie Ruchu Maitri\"},\"image\":{\"@id\":\"https:\/\/www.maitri.pl\/#\/schema\/logo\/image\/\"},\"sameAs\":[\"https:\/\/www.facebook.com\/MAITRI.Adopcja.Serca.dzieci.Afryki\/\"]}]}<\/script>\n<!-- \/ Yoast SEO plugin. -->","yoast_head_json":{"title":"Misjonarki prosz\u0105 o zakup lek\u00f3w dla o\u015brodka zdrowia (Kamerun)","description":"Misjonarki o zakup lek\u00f3w i \u017cywno\u015bci dla najbiedniejszych oraz zakupu mleka dla noworodk\u00f3w z o\u015brodka zdrowia w Abong Mbang w Kamerunie.","robots":{"index":"index","follow":"follow","max-snippet":"max-snippet:-1","max-image-preview":"max-image-preview:large","max-video-preview":"max-video-preview:-1"},"canonical":"https:\/\/www.maitri.pl\/projekt\/misjoarnki-prosza-o-zakup-lekow\/","og_locale":"fr_FR","og_type":"article","og_title":"Misjonarki prosz\u0105 o zakup lek\u00f3w dla o\u015brodka zdrowia (Kamerun)","og_description":"Misjonarki o zakup lek\u00f3w i \u017cywno\u015bci dla najbiedniejszych oraz zakupu mleka dla noworodk\u00f3w z o\u015brodka zdrowia w Abong Mbang w Kamerunie.","og_url":"https:\/\/www.maitri.pl\/projekt\/misjoarnki-prosza-o-zakup-lekow\/","og_site_name":"Ruch Maitri - Adopcja Serca pomoc Afryce","article_publisher":"https:\/\/www.facebook.com\/MAITRI.Adopcja.Serca.dzieci.Afryki\/","article_modified_time":"2025-03-31T12:15:43+00:00","og_image":[{"width":800,"height":600,"url":"https:\/\/www.maitri.pl\/wp-content\/uploads\/2023\/09\/IMG_2612.jpg","type":"image\/jpeg"}],"twitter_card":"summary_large_image","twitter_misc":{"Dur\u00e9e de lecture estim\u00e9e":"3 minutes"},"schema":{"@context":"https:\/\/schema.org","@graph":[{"@type":"WebPage","@id":"https:\/\/www.maitri.pl\/projekt\/misjoarnki-prosza-o-zakup-lekow\/","url":"https:\/\/www.maitri.pl\/projekt\/misjoarnki-prosza-o-zakup-lekow\/","name":"Misjonarki prosz\u0105 o zakup lek\u00f3w dla o\u015brodka zdrowia (Kamerun)","isPartOf":{"@id":"https:\/\/www.maitri.pl\/#website"},"primaryImageOfPage":{"@id":"https:\/\/www.maitri.pl\/projekt\/misjoarnki-prosza-o-zakup-lekow\/#primaryimage"},"image":{"@id":"https:\/\/www.maitri.pl\/projekt\/misjoarnki-prosza-o-zakup-lekow\/#primaryimage"},"thumbnailUrl":"https:\/\/www.maitri.pl\/wp-content\/uploads\/2023\/09\/IMG_2612.jpg","datePublished":"2023-09-22T15:13:56+00:00","dateModified":"2025-03-31T12:15:43+00:00","description":"Misjonarki o zakup lek\u00f3w i \u017cywno\u015bci dla najbiedniejszych oraz zakupu mleka dla noworodk\u00f3w z o\u015brodka zdrowia w Abong Mbang w Kamerunie.","breadcrumb":{"@id":"https:\/\/www.maitri.pl\/projekt\/misjoarnki-prosza-o-zakup-lekow\/#breadcrumb"},"inLanguage":"fr-FR","potentialAction":[{"@type":"ReadAction","target":["https:\/\/www.maitri.pl\/projekt\/misjoarnki-prosza-o-zakup-lekow\/"]}]},{"@type":"ImageObject","inLanguage":"fr-FR","@id":"https:\/\/www.maitri.pl\/projekt\/misjoarnki-prosza-o-zakup-lekow\/#primaryimage","url":"https:\/\/www.maitri.pl\/wp-content\/uploads\/2023\/09\/IMG_2612.jpg","contentUrl":"https:\/\/www.maitri.pl\/wp-content\/uploads\/2023\/09\/IMG_2612.jpg","width":800,"height":600,"caption":"Duchaczki prosz\u0105 o zakup lek\u00f3w dla o\u015brodka zdrowia w Abong Mbang Adopcja Serca Adopcja duchowa Adopcja Maitri pomoc ubogim pomoc Afryce 01"},{"@type":"BreadcrumbList","@id":"https:\/\/www.maitri.pl\/projekt\/misjoarnki-prosza-o-zakup-lekow\/#breadcrumb","itemListElement":[{"@type":"ListItem","position":1,"name":"Strona g\u0142\u00f3wna","item":"https:\/\/www.maitri.pl\/"},{"@type":"ListItem","position":2,"name":"Sklep","item":"https:\/\/www.maitri.pl\/sklep\/"},{"@type":"ListItem","position":3,"name":"Misjonarki prosz\u0105 o zakup lek\u00f3w dla o\u015brodka zdrowia w Abong Mbang"}]},{"@type":"WebSite","@id":"https:\/\/www.maitri.pl\/#website","url":"https:\/\/www.maitri.pl\/","name":"Adopcja Serca Maitri \u2013 pomoc dzieciom w Afryce","description":"Adopcja Serca \u2013 adopcja na odleg\u0142o\u015b\u0107, pomoc Afryce, do\u017cywianie i edukacja w Afryce","publisher":{"@id":"https:\/\/www.maitri.pl\/#organization"},"potentialAction":[{"@type":"SearchAction","target":{"@type":"EntryPoint","urlTemplate":"https:\/\/www.maitri.pl\/?s={search_term_string}"},"query-input":{"@type":"PropertyValueSpecification","valueRequired":true,"valueName":"search_term_string"}}],"inLanguage":"fr-FR"},{"@type":"Organization","@id":"https:\/\/www.maitri.pl\/#organization","name":"Stowarzyszenie Ruchu Maitri","url":"https:\/\/www.maitri.pl\/","logo":{"@type":"ImageObject","inLanguage":"fr-FR","@id":"https:\/\/www.maitri.pl\/#\/schema\/logo\/image\/","url":"https:\/\/www.maitri.pl\/wp-content\/uploads\/2020\/04\/duze_logo-81.png","contentUrl":"https:\/\/www.maitri.pl\/wp-content\/uploads\/2020\/04\/duze_logo-81.png","width":339,"height":321,"caption":"Stowarzyszenie Ruchu Maitri"},"image":{"@id":"https:\/\/www.maitri.pl\/#\/schema\/logo\/image\/"},"sameAs":["https:\/\/www.facebook.com\/MAITRI.Adopcja.Serca.dzieci.Afryki\/"]}]}},"_links":{"self":[{"href":"https:\/\/www.maitri.pl\/fr\/wp-json\/wp\/v2\/product\/29864","targetHints":{"allow":["GET"]}}],"collection":[{"href":"https:\/\/www.maitri.pl\/fr\/wp-json\/wp\/v2\/product"}],"about":[{"href":"https:\/\/www.maitri.pl\/fr\/wp-json\/wp\/v2\/types\/product"}],"wp:featuredmedia":[{"embeddable":true,"href":"https:\/\/www.maitri.pl\/fr\/wp-json\/wp\/v2\/media\/29871"}],"wp:attachment":[{"href":"https:\/\/www.maitri.pl\/fr\/wp-json\/wp\/v2\/media?parent=29864"}],"wp:term":[{"taxonomy":"product_brand","embeddable":true,"href":"https:\/\/www.maitri.pl\/fr\/wp-json\/wp\/v2\/product_brand?post=29864"},{"taxonomy":"product_cat","embeddable":true,"href":"https:\/\/www.maitri.pl\/fr\/wp-json\/wp\/v2\/product_cat?post=29864"},{"taxonomy":"product_tag","embeddable":true,"href":"https:\/\/www.maitri.pl\/fr\/wp-json\/wp\/v2\/product_tag?post=29864"}],"curies":[{"name":"wp","href":"https:\/\/api.w.org\/{rel}","templated":true}]}}