{"id":29852,"date":"2023-09-22T15:46:57","date_gmt":"2023-09-22T13:46:57","guid":{"rendered":"https:\/\/www.maitri.pl\/?post_type=product&#038;p=29852"},"modified":"2025-03-31T14:15:37","modified_gmt":"2025-03-31T12:15:37","slug":"siostry-prosza-o-zakup-opon-do-samochodu","status":"publish","type":"product","link":"https:\/\/www.maitri.pl\/fr\/projekt\/siostry-prosza-o-zakup-opon-do-samochodu\/","title":{"rendered":"Siostry misjonarki prosz\u0105 o zakup opon do samochodu z o\u015brodka zdrowia w Abong Mbang"},"content":{"rendered":"<h4>List od siostry Nazariuszy z Kamerunu:<\/h4>\n<p>\u201eNa misjach jestem ju\u017c 21 lat i prowadz\u0119 przychodni\u0119 zdrowia. Misj\u0119 w Abong Mbag prowadz\u0105 Siostry misjonarki ze Zgromadzenia Naj\u015bw. Duszy Chrystusa Pana. Praktycznie od samego pocz\u0105tku Maitri jest dla mnie wsparciem w mojej pracy misyjnej. Obecnie od 2 lat rozpocz\u0119\u0142am budow\u0119 wi\u0119kszej przychodni, gdy\u017c obecna na dzie\u0144 dzisiejszy nie spe\u0142nia warunk\u00f3w, poniewa\u017c nie mamy sali porodowej. Niestety misjonarz bez modlitwy i samochodu nie ma co robi\u0107 na misjach. Modlitwa umacnia i dodaje nowego \u015bwiat\u0142a do wykonywania zada\u0144 i rozwi\u0105zywania problem\u00f3w, z kt\u00f3rymi misjonarz si\u0119 boryka. Samoch\u00f3d jest po to, by mo\u017cna by\u0142o realizowa\u0107 te obowi\u0105zki. Dlatego zwracam si\u0119 do Was z pro\u015bb\u0105 o zakup opon oraz op\u0142at\u0119 bada\u0144 technicznych, bym te zadania mog\u0142a wykonywa\u0107 bezpiecznie.<\/p>\n<h4>Misja na bezdro\u017cach<\/h4>\n<p>Praca misyjna bez samochodu jest prawie niemo\u017cliwa. Wiedz\u0105 to wszyscy kt\u00f3rzy bli\u017cej spotkali si\u0119 z prac\u0105 na misjach.<\/p>\n<p>&#8211; Samoch\u00f3d na misji jest mi potrzebny, gdy\u017c bez niego by\u0142o by bardzo trudno zaopatrywa\u0107 przychodni\u0119 w podstawowe leki i materia\u0142y.<\/p>\n<p>&#8211; Samoch\u00f3d s\u0142u\u017cy r\u00f3wnie\u017c do przewo\u017cenia\u00a0 chorych do szpitala i na badania.<\/p>\n<p>&#8211; Jest bardzo pomocny by dowie\u017a\u0107 wolontariuszy na wiosk\u0119, by mo\u017cna by\u0142o udzieli\u0107 pomocy medycznej najbardziej potrzebuj\u0105cym.<\/p>\n<p>Zakup opon umo\u017cliwi dalsz\u0105 prac\u0119 i dojazdy do chorych.<\/p>\n<h4>Wsparcie z Polski ratuje \u017cycie<\/h4>\n<p>Moje serce pragn\u0119\u0142o by leczy\u0107 wszystkich ludzi chorych za darmo, jednak wtedy przychodnia nie da\u0142aby rady funkcjonowa\u0107. Tylko dzi\u0119ki <a href=\"https:\/\/www.maitri.pl\/projekt\/fundusz-pomocy-ubogim-wplata-na-dowolny-projekt\/\" target=\"_blank\" rel=\"noopener\">Waszemu regularnemu wsparciu<\/a> mog\u0119 pomaga\u0107 ludziom potrzebuj\u0105cym i nie nara\u017ca\u0107 przychodni na d\u0142ugi, a ludziom przynosi\u0107 ulg\u0119 w cierpieniu oraz cieszy\u0107 si\u0119 razem z nimi, gdy przychodz\u0105 do zdrowia. Ufam, \u017ce i tym razem moja pro\u015bba o pomoc zostanie wys\u0142uchana\u201d.<\/p>\n<h4>Kosztorys:<\/h4>\n<p><img loading=\"lazy\" decoding=\"async\" class=\"alignnone wp-image-30215 size-full\" src=\"https:\/\/www.maitri.pl\/wp-content\/uploads\/2023\/09\/158-chrys.png\" alt=\"\" width=\"893\" height=\"412\" srcset=\"https:\/\/www.maitri.pl\/wp-content\/uploads\/2023\/09\/158-chrys.png 893w, https:\/\/www.maitri.pl\/wp-content\/uploads\/2023\/09\/158-chrys-300x138.png 300w, https:\/\/www.maitri.pl\/wp-content\/uploads\/2023\/09\/158-chrys-768x354.png 768w, https:\/\/www.maitri.pl\/wp-content\/uploads\/2023\/09\/158-chrys-600x277.png 600w\" sizes=\"auto, (max-width: 893px) 100vw, 893px\" \/><\/p>\n<p><em>s. Nazariusza \u017buczek, <a href=\"http:\/\/duszajezusa.pl\/\" target=\"_blank\" rel=\"noopener noreferrer\">Zgromadzenie Si\u00f3str Naj\u015bwi\u0119tszej Duszy Chrystusa Pana<\/a><\/em><\/p>\n<p><strong>PODSUMOWANIE<\/strong> (w miejscowej walucie) &#8211; razem <strong>750 000 frank\u00f3w CFA<\/strong><\/p>\n<p style=\"text-align: justify;\" align=\"JUSTIFY\"><span style=\"color: #ff0000;\"><span style=\"font-size: large;\"><b>Kwota projektu: 1270 \u20ac<br \/>\n<\/b><\/span><\/span><\/p>\n<p style=\"text-align: justify;\"><strong>Numer projektu: 158\/CHRYS <\/strong><\/p>\n<p style=\"text-align: justify;\" align=\"JUSTIFY\"><span style=\"color: #808080;\">Stowarzyszenie Ruchu\u00a0<em>Maitri<\/em>\u00a0przeznacza do 10% otrzymanych \u015brodk\u00f3w na koszty funkcjonowania biura i pozyskiwanie funduszy pomocowych.<\/span><\/p>\n<h3 style=\"text-align: justify;\" align=\"JUSTIFY\"><span style=\"color: #808080;\">Siostry misjonarki prosz\u0105 o zakup opon i \u015brodki na badanie techniczne samochodu z o\u015brodka zdrowia w Abong Mbang w Kamerunie<\/span><\/h3>\n","protected":false},"excerpt":{"rendered":"<p><strong>Projekt: <\/strong><em>s. Nazariusza \u017buczek, <a href=\"http:\/\/duszajezusa.pl\/\" target=\"_blank\" rel=\"noopener noreferrer\">Zgromadzenie Si\u00f3str Naj\u015bwi\u0119tszej Duszy Chrystusa Pana<\/a><\/em><br \/>\n<strong>Misja:<\/strong> Abong Mbang, <a href=\"https:\/\/www.maitri.pl\/gdzie-pomagamy\/\" target=\"_blank\" rel=\"noopener noreferrer\">Kamerun<\/a><br \/>\n<strong>Kwota projektu: <span style=\"color: #ff0000;\">1270 \u20ac<\/span><\/strong><\/p>\n","protected":false},"featured_media":29860,"template":"","meta":[],"product_brand":[],"product_cat":[656],"product_tag":[662,985,658,837,875],"class_list":{"0":"post-29852","1":"product","2":"type-product","3":"status-publish","4":"has-post-thumbnail","6":"product_cat-bez-kategorii","7":"product_tag-abong-mbang","8":"product_tag-duchaczki","9":"product_tag-kamerun","10":"product_tag-siostra-nazariusza-zuczek","11":"product_tag-zgromadzenie-siostr-duszy-chrystusowej","13":"first","14":"instock","15":"virtual","16":"purchasable","17":"product-type-simple"},"yoast_head":"<!-- This site is optimized with the Yoast SEO plugin v27.2 - https:\/\/yoast.com\/product\/yoast-seo-wordpress\/ -->\n<title>Siostry misjonarki prosz\u0105 o zakup opon do samochodu O\u015brodka Zdrowia<\/title>\n<meta name=\"description\" content=\"Siostry misjonarki prosz\u0105 o zakup opon do samochodu O\u015brodka Zdrowia w Abong Mbang w Kamerunie. O pomoc prosz\u0105 Siostry Duchaczki. Ka\u017cda z\u0142ot\u00f3wka pomaga!\" \/>\n<meta name=\"robots\" content=\"index, follow, max-snippet:-1, max-image-preview:large, max-video-preview:-1\" \/>\n<link rel=\"canonical\" href=\"https:\/\/www.maitri.pl\/projekt\/siostry-prosza-o-zakup-opon-do-samochodu\/\" \/>\n<meta property=\"og:locale\" content=\"fr_FR\" \/>\n<meta property=\"og:type\" content=\"article\" \/>\n<meta property=\"og:title\" content=\"Siostry misjonarki prosz\u0105 o zakup opon do samochodu O\u015brodka Zdrowia\" \/>\n<meta property=\"og:description\" content=\"Siostry misjonarki prosz\u0105 o zakup opon do samochodu O\u015brodka Zdrowia w Abong Mbang w Kamerunie. O pomoc prosz\u0105 Siostry Duchaczki. Ka\u017cda z\u0142ot\u00f3wka pomaga!\" \/>\n<meta property=\"og:url\" content=\"https:\/\/www.maitri.pl\/projekt\/siostry-prosza-o-zakup-opon-do-samochodu\/\" \/>\n<meta property=\"og:site_name\" content=\"Ruch Maitri - Adopcja Serca pomoc Afryce\" \/>\n<meta property=\"article:publisher\" content=\"https:\/\/www.facebook.com\/MAITRI.Adopcja.Serca.dzieci.Afryki\/\" \/>\n<meta property=\"article:modified_time\" content=\"2025-03-31T12:15:37+00:00\" \/>\n<meta property=\"og:image\" content=\"https:\/\/www.maitri.pl\/wp-content\/uploads\/2023\/09\/DSCF3180.jpg\" \/>\n\t<meta property=\"og:image:width\" content=\"2204\" \/>\n\t<meta property=\"og:image:height\" content=\"1469\" \/>\n\t<meta property=\"og:image:type\" content=\"image\/jpeg\" \/>\n<meta name=\"twitter:card\" content=\"summary_large_image\" \/>\n<meta name=\"twitter:label1\" content=\"Dur\u00e9e de lecture estim\u00e9e\" \/>\n\t<meta name=\"twitter:data1\" content=\"3 minutes\" \/>\n<script type=\"application\/ld+json\" class=\"yoast-schema-graph\">{\"@context\":\"https:\/\/schema.org\",\"@graph\":[{\"@type\":\"WebPage\",\"@id\":\"https:\/\/www.maitri.pl\/projekt\/siostry-prosza-o-zakup-opon-do-samochodu\/\",\"url\":\"https:\/\/www.maitri.pl\/projekt\/siostry-prosza-o-zakup-opon-do-samochodu\/\",\"name\":\"Siostry misjonarki prosz\u0105 o zakup opon do samochodu O\u015brodka Zdrowia\",\"isPartOf\":{\"@id\":\"https:\/\/www.maitri.pl\/#website\"},\"primaryImageOfPage\":{\"@id\":\"https:\/\/www.maitri.pl\/projekt\/siostry-prosza-o-zakup-opon-do-samochodu\/#primaryimage\"},\"image\":{\"@id\":\"https:\/\/www.maitri.pl\/projekt\/siostry-prosza-o-zakup-opon-do-samochodu\/#primaryimage\"},\"thumbnailUrl\":\"https:\/\/www.maitri.pl\/wp-content\/uploads\/2023\/09\/DSCF3180.jpg\",\"datePublished\":\"2023-09-22T13:46:57+00:00\",\"dateModified\":\"2025-03-31T12:15:37+00:00\",\"description\":\"Siostry misjonarki prosz\u0105 o zakup opon do samochodu O\u015brodka Zdrowia w Abong Mbang w Kamerunie. O pomoc prosz\u0105 Siostry Duchaczki. Ka\u017cda z\u0142ot\u00f3wka pomaga!\",\"breadcrumb\":{\"@id\":\"https:\/\/www.maitri.pl\/projekt\/siostry-prosza-o-zakup-opon-do-samochodu\/#breadcrumb\"},\"inLanguage\":\"fr-FR\",\"potentialAction\":[{\"@type\":\"ReadAction\",\"target\":[\"https:\/\/www.maitri.pl\/projekt\/siostry-prosza-o-zakup-opon-do-samochodu\/\"]}]},{\"@type\":\"ImageObject\",\"inLanguage\":\"fr-FR\",\"@id\":\"https:\/\/www.maitri.pl\/projekt\/siostry-prosza-o-zakup-opon-do-samochodu\/#primaryimage\",\"url\":\"https:\/\/www.maitri.pl\/wp-content\/uploads\/2023\/09\/DSCF3180.jpg\",\"contentUrl\":\"https:\/\/www.maitri.pl\/wp-content\/uploads\/2023\/09\/DSCF3180.jpg\",\"width\":2204,\"height\":1469,\"caption\":\"Duchaczki prosz\u0105 o zakup opon do samochodu z o\u015brodka zdrowia w Abong Mbang Adopcja Serca Adopcja duchowa Adopcja Maitri 03\"},{\"@type\":\"BreadcrumbList\",\"@id\":\"https:\/\/www.maitri.pl\/projekt\/siostry-prosza-o-zakup-opon-do-samochodu\/#breadcrumb\",\"itemListElement\":[{\"@type\":\"ListItem\",\"position\":1,\"name\":\"Strona g\u0142\u00f3wna\",\"item\":\"https:\/\/www.maitri.pl\/\"},{\"@type\":\"ListItem\",\"position\":2,\"name\":\"Sklep\",\"item\":\"https:\/\/www.maitri.pl\/sklep\/\"},{\"@type\":\"ListItem\",\"position\":3,\"name\":\"Siostry misjonarki prosz\u0105 o zakup opon do samochodu z o\u015brodka zdrowia w Abong Mbang\"}]},{\"@type\":\"WebSite\",\"@id\":\"https:\/\/www.maitri.pl\/#website\",\"url\":\"https:\/\/www.maitri.pl\/\",\"name\":\"Adopcja Serca Maitri \u2013 pomoc dzieciom w Afryce\",\"description\":\"Adopcja Serca \u2013 adopcja na odleg\u0142o\u015b\u0107, pomoc Afryce, do\u017cywianie i edukacja w Afryce\",\"publisher\":{\"@id\":\"https:\/\/www.maitri.pl\/#organization\"},\"potentialAction\":[{\"@type\":\"SearchAction\",\"target\":{\"@type\":\"EntryPoint\",\"urlTemplate\":\"https:\/\/www.maitri.pl\/?s={search_term_string}\"},\"query-input\":{\"@type\":\"PropertyValueSpecification\",\"valueRequired\":true,\"valueName\":\"search_term_string\"}}],\"inLanguage\":\"fr-FR\"},{\"@type\":\"Organization\",\"@id\":\"https:\/\/www.maitri.pl\/#organization\",\"name\":\"Stowarzyszenie Ruchu Maitri\",\"url\":\"https:\/\/www.maitri.pl\/\",\"logo\":{\"@type\":\"ImageObject\",\"inLanguage\":\"fr-FR\",\"@id\":\"https:\/\/www.maitri.pl\/#\/schema\/logo\/image\/\",\"url\":\"https:\/\/www.maitri.pl\/wp-content\/uploads\/2020\/04\/duze_logo-81.png\",\"contentUrl\":\"https:\/\/www.maitri.pl\/wp-content\/uploads\/2020\/04\/duze_logo-81.png\",\"width\":339,\"height\":321,\"caption\":\"Stowarzyszenie Ruchu Maitri\"},\"image\":{\"@id\":\"https:\/\/www.maitri.pl\/#\/schema\/logo\/image\/\"},\"sameAs\":[\"https:\/\/www.facebook.com\/MAITRI.Adopcja.Serca.dzieci.Afryki\/\"]}]}<\/script>\n<!-- \/ Yoast SEO plugin. -->","yoast_head_json":{"title":"Siostry misjonarki prosz\u0105 o zakup opon do samochodu O\u015brodka Zdrowia","description":"Siostry misjonarki prosz\u0105 o zakup opon do samochodu O\u015brodka Zdrowia w Abong Mbang w Kamerunie. O pomoc prosz\u0105 Siostry Duchaczki. Ka\u017cda z\u0142ot\u00f3wka pomaga!","robots":{"index":"index","follow":"follow","max-snippet":"max-snippet:-1","max-image-preview":"max-image-preview:large","max-video-preview":"max-video-preview:-1"},"canonical":"https:\/\/www.maitri.pl\/projekt\/siostry-prosza-o-zakup-opon-do-samochodu\/","og_locale":"fr_FR","og_type":"article","og_title":"Siostry misjonarki prosz\u0105 o zakup opon do samochodu O\u015brodka Zdrowia","og_description":"Siostry misjonarki prosz\u0105 o zakup opon do samochodu O\u015brodka Zdrowia w Abong Mbang w Kamerunie. O pomoc prosz\u0105 Siostry Duchaczki. Ka\u017cda z\u0142ot\u00f3wka pomaga!","og_url":"https:\/\/www.maitri.pl\/projekt\/siostry-prosza-o-zakup-opon-do-samochodu\/","og_site_name":"Ruch Maitri - Adopcja Serca pomoc Afryce","article_publisher":"https:\/\/www.facebook.com\/MAITRI.Adopcja.Serca.dzieci.Afryki\/","article_modified_time":"2025-03-31T12:15:37+00:00","og_image":[{"width":2204,"height":1469,"url":"https:\/\/www.maitri.pl\/wp-content\/uploads\/2023\/09\/DSCF3180.jpg","type":"image\/jpeg"}],"twitter_card":"summary_large_image","twitter_misc":{"Dur\u00e9e de lecture estim\u00e9e":"3 minutes"},"schema":{"@context":"https:\/\/schema.org","@graph":[{"@type":"WebPage","@id":"https:\/\/www.maitri.pl\/projekt\/siostry-prosza-o-zakup-opon-do-samochodu\/","url":"https:\/\/www.maitri.pl\/projekt\/siostry-prosza-o-zakup-opon-do-samochodu\/","name":"Siostry misjonarki prosz\u0105 o zakup opon do samochodu O\u015brodka Zdrowia","isPartOf":{"@id":"https:\/\/www.maitri.pl\/#website"},"primaryImageOfPage":{"@id":"https:\/\/www.maitri.pl\/projekt\/siostry-prosza-o-zakup-opon-do-samochodu\/#primaryimage"},"image":{"@id":"https:\/\/www.maitri.pl\/projekt\/siostry-prosza-o-zakup-opon-do-samochodu\/#primaryimage"},"thumbnailUrl":"https:\/\/www.maitri.pl\/wp-content\/uploads\/2023\/09\/DSCF3180.jpg","datePublished":"2023-09-22T13:46:57+00:00","dateModified":"2025-03-31T12:15:37+00:00","description":"Siostry misjonarki prosz\u0105 o zakup opon do samochodu O\u015brodka Zdrowia w Abong Mbang w Kamerunie. O pomoc prosz\u0105 Siostry Duchaczki. Ka\u017cda z\u0142ot\u00f3wka pomaga!","breadcrumb":{"@id":"https:\/\/www.maitri.pl\/projekt\/siostry-prosza-o-zakup-opon-do-samochodu\/#breadcrumb"},"inLanguage":"fr-FR","potentialAction":[{"@type":"ReadAction","target":["https:\/\/www.maitri.pl\/projekt\/siostry-prosza-o-zakup-opon-do-samochodu\/"]}]},{"@type":"ImageObject","inLanguage":"fr-FR","@id":"https:\/\/www.maitri.pl\/projekt\/siostry-prosza-o-zakup-opon-do-samochodu\/#primaryimage","url":"https:\/\/www.maitri.pl\/wp-content\/uploads\/2023\/09\/DSCF3180.jpg","contentUrl":"https:\/\/www.maitri.pl\/wp-content\/uploads\/2023\/09\/DSCF3180.jpg","width":2204,"height":1469,"caption":"Duchaczki prosz\u0105 o zakup opon do samochodu z o\u015brodka zdrowia w Abong Mbang Adopcja Serca Adopcja duchowa Adopcja Maitri 03"},{"@type":"BreadcrumbList","@id":"https:\/\/www.maitri.pl\/projekt\/siostry-prosza-o-zakup-opon-do-samochodu\/#breadcrumb","itemListElement":[{"@type":"ListItem","position":1,"name":"Strona g\u0142\u00f3wna","item":"https:\/\/www.maitri.pl\/"},{"@type":"ListItem","position":2,"name":"Sklep","item":"https:\/\/www.maitri.pl\/sklep\/"},{"@type":"ListItem","position":3,"name":"Siostry misjonarki prosz\u0105 o zakup opon do samochodu z o\u015brodka zdrowia w Abong Mbang"}]},{"@type":"WebSite","@id":"https:\/\/www.maitri.pl\/#website","url":"https:\/\/www.maitri.pl\/","name":"Adopcja Serca Maitri \u2013 pomoc dzieciom w Afryce","description":"Adopcja Serca \u2013 adopcja na odleg\u0142o\u015b\u0107, pomoc Afryce, do\u017cywianie i edukacja w Afryce","publisher":{"@id":"https:\/\/www.maitri.pl\/#organization"},"potentialAction":[{"@type":"SearchAction","target":{"@type":"EntryPoint","urlTemplate":"https:\/\/www.maitri.pl\/?s={search_term_string}"},"query-input":{"@type":"PropertyValueSpecification","valueRequired":true,"valueName":"search_term_string"}}],"inLanguage":"fr-FR"},{"@type":"Organization","@id":"https:\/\/www.maitri.pl\/#organization","name":"Stowarzyszenie Ruchu Maitri","url":"https:\/\/www.maitri.pl\/","logo":{"@type":"ImageObject","inLanguage":"fr-FR","@id":"https:\/\/www.maitri.pl\/#\/schema\/logo\/image\/","url":"https:\/\/www.maitri.pl\/wp-content\/uploads\/2020\/04\/duze_logo-81.png","contentUrl":"https:\/\/www.maitri.pl\/wp-content\/uploads\/2020\/04\/duze_logo-81.png","width":339,"height":321,"caption":"Stowarzyszenie Ruchu Maitri"},"image":{"@id":"https:\/\/www.maitri.pl\/#\/schema\/logo\/image\/"},"sameAs":["https:\/\/www.facebook.com\/MAITRI.Adopcja.Serca.dzieci.Afryki\/"]}]}},"_links":{"self":[{"href":"https:\/\/www.maitri.pl\/fr\/wp-json\/wp\/v2\/product\/29852","targetHints":{"allow":["GET"]}}],"collection":[{"href":"https:\/\/www.maitri.pl\/fr\/wp-json\/wp\/v2\/product"}],"about":[{"href":"https:\/\/www.maitri.pl\/fr\/wp-json\/wp\/v2\/types\/product"}],"wp:featuredmedia":[{"embeddable":true,"href":"https:\/\/www.maitri.pl\/fr\/wp-json\/wp\/v2\/media\/29860"}],"wp:attachment":[{"href":"https:\/\/www.maitri.pl\/fr\/wp-json\/wp\/v2\/media?parent=29852"}],"wp:term":[{"taxonomy":"product_brand","embeddable":true,"href":"https:\/\/www.maitri.pl\/fr\/wp-json\/wp\/v2\/product_brand?post=29852"},{"taxonomy":"product_cat","embeddable":true,"href":"https:\/\/www.maitri.pl\/fr\/wp-json\/wp\/v2\/product_cat?post=29852"},{"taxonomy":"product_tag","embeddable":true,"href":"https:\/\/www.maitri.pl\/fr\/wp-json\/wp\/v2\/product_tag?post=29852"}],"curies":[{"name":"wp","href":"https:\/\/api.w.org\/{rel}","templated":true}]}}