{"id":29824,"date":"2023-09-22T12:19:27","date_gmt":"2023-09-22T10:19:27","guid":{"rendered":"https:\/\/www.maitri.pl\/?post_type=product&#038;p=29824"},"modified":"2025-03-31T14:15:32","modified_gmt":"2025-03-31T12:15:32","slug":"zakup-lekow-kamerun-3","status":"publish","type":"product","link":"https:\/\/www.maitri.pl\/fr\/projekt\/zakup-lekow-kamerun-3\/","title":{"rendered":"Zakup lek\u00f3w dla chorych pacjent\u00f3w O\u015brodka Zdrowia w Dimako w Kamerunie"},"content":{"rendered":"<h4>Dwie dekady ratowania ludzi<\/h4>\n<p>Nasz O\u015brodek Zdrowia w Dimako funkcjonuje od 20 lat. Przez te lata uda\u0142o si\u0119 nam uko\u0144czy\u0107 budow\u0119 siedziby. W ostatnim czasie postawili\u015bmy finalny budynek. Dzi\u0119ki temu warunki pracy i warunki leczenia uleg\u0142y poprawie. Wszystko to, co uda\u0142o si\u0119 nam dokona\u0107 jest dzie\u0142em naszych dobrodziej\u00f3w, w tym <a href=\"https:\/\/www.maitri.pl\/projekt\/fundusz-pomocy-ubogim-wplata-na-dowolny-projekt\/\" target=\"_blank\" rel=\"noopener\">darczy\u0144c\u00f3w Maitri<\/a>. Prawie od pocz\u0105tku istnienia O\u015brodka przychodzicie nam z pomoc\u0105. Kolejny raz musimy poprosi\u0107 o zakup lek\u00f3w dla naszych chorych i cierpi\u0105cych pacjent\u00f3w.\u00a0Dzi\u0119ki Waszemu wsparciu mo\u017cemy pomaga\u0107 wszystkim, kt\u00f3rzy przychodz\u0105 do naszego O\u015brodka. Pomoc obejmuje tak\u017ce tych, kt\u00f3rych nie sta\u0107 na op\u0142acenie leczenia, zrobienie bada\u0144 czy zakup lek\u00f3w. Trudno sobie wyobrazi\u0107 funkcjonowanie O\u015brodka bez Waszego wk\u0142adu!<\/p>\n<h4>Chorych nie sta\u0107 na leki<\/h4>\n<p>Miejscowa ludno\u015b\u0107, kt\u00f3ra przychodzi do nas, jest bardzo biedna, \u017cyje g\u0142\u00f3wnie z uprawy ziemi. Do tego dochodzi jeszcze fakt wojny, kt\u00f3ra toczy si\u0119 w angloj\u0119zycznej cz\u0119\u015bci Kamerunu. Coraz wi\u0119cej ludzi z region\u00f3w obj\u0119tych wojn\u0105 przesiedla si\u0119 w nasze strony w poszukiwaniu spokojnego \u017cycia. Ta grupa ludzi jest przedmiotem naszej szczeg\u00f3lnej troski, gdy\u017c cz\u0119sto s\u0105 pozbawieni podstawowych \u015brodk\u00f3w do \u017cycia. Leki s\u0105 bardzo drogie i coraz trudniej je dosta\u0107. Wasz udzia\u0142 jest nieoceniony i pomaga nam zaopatrzy\u0107 nasz O\u015brodek Zdrowia w podstawowe leki.<\/p>\n<h4>Jedyna lecznica w mie\u015bcie<\/h4>\n<p>Dzi\u0119ki Waszej pomocy nasz O\u015brodek mo\u017ce sprawnie funkcjonowa\u0107 i jest gotowy nie\u015b\u0107 pomoc tym najbardziej potrzebuj\u0105cym: kobietom w ci\u0105\u017cy, rannym po wypadkach z ci\u0119\u017ckimi obra\u017ceniami, wycie\u0144czonym przesiedle\u0144com. Mo\u017cna powiedzie\u0107, \u017ce w obecnej sytuacji jeste\u015bmy jedn\u0105 plac\u00f3wk\u0105 medyczn\u0105 w mie\u015bcie, kt\u00f3ra spe\u0142nia swoj\u0105 funkcj\u0119 wobec chorych. Szpital pa\u0144stwowy prawie nie funkcjonuje. Musimy stawia\u0107 czo\u0142a trudnym przypadkom i sytuacjom. Zakup lek\u00f3w to konieczno\u015b\u0107, by pom\u00f3c ratowa\u0107 zdrowie ludzi dotkni\u0119tych chorobami i schorzeniami.\u00a0Kwota, o kt\u00f3r\u0105 prosimy pomo\u017ce nam w zgromadzeniu medykament\u00f3w potrzebnych na okres 3-4 miesi\u0119cy.<\/p>\n<p>Dzi\u0119kujemy Wam z serca za Wasz udzia\u0142 i obiecujemy modlitw\u0119 w Waszej intencji ka\u017cdego dnia!<\/p>\n<h4><img loading=\"lazy\" decoding=\"async\" class=\"aligncenter wp-image-30219 size-full\" src=\"https:\/\/www.maitri.pl\/wp-content\/uploads\/2023\/09\/122-karml.png\" alt=\"\" width=\"994\" height=\"1057\" srcset=\"https:\/\/www.maitri.pl\/wp-content\/uploads\/2023\/09\/122-karml.png 994w, https:\/\/www.maitri.pl\/wp-content\/uploads\/2023\/09\/122-karml-282x300.png 282w, https:\/\/www.maitri.pl\/wp-content\/uploads\/2023\/09\/122-karml-963x1024.png 963w, https:\/\/www.maitri.pl\/wp-content\/uploads\/2023\/09\/122-karml-768x817.png 768w, https:\/\/www.maitri.pl\/wp-content\/uploads\/2023\/09\/122-karml-600x638.png 600w\" sizes=\"auto, (max-width: 994px) 100vw, 994px\" \/><\/h4>\n<h4><em>s. Wirgilia Bondel, <a href=\"http:\/\/www.karmelitanki.pl\/\" target=\"_blank\" rel=\"noopener noreferrer\">Zgromadzenie Si\u00f3str Karmelitanek Dzieci\u0105tka Jezus<\/a><\/em><\/h4>\n<p><strong>Podsumowanie w miejscowej walucie: 2 972 500 frank\u00f3w CFA<\/strong><\/p>\n<p>Numer projektu:\u00a0<strong>122\/KARML<\/strong><\/p>\n<p style=\"text-align: justify;\"><span style=\"color: #ff0000;\"><span style=\"font-size: large;\"><b>Kwota projektu : 4440 \u20ac<\/b><\/span><\/span><\/p>\n<p style=\"text-align: justify;\"><span style=\"font-size: large;\"><em><span style=\"color: #999999;\"><span style=\"font-size: medium;\">Stowarzyszenie Ruchu Maitri przeznacza do 10% otrzymanych \u015brodk\u00f3w na koszty funkcjonowania biura i pozyskiwanie funduszy pomocowych.<\/span><\/span><\/em><\/span><\/p>\n<h3 style=\"text-align: justify;\" align=\"JUSTIFY\"><span style=\"color: #808080;\">Zakup lek\u00f3w dla chorych pacjent\u00f3w O\u015brodka Zdrowia w Dimako w Kamerunie<\/span><\/h3>\n","protected":false},"excerpt":{"rendered":"<p><strong>Projekt:\u00a0<\/strong> <em>s. Wirgilia Bondel, <a href=\"http:\/\/www.karmelitanki.pl\/\" target=\"_blank\" rel=\"noopener noreferrer\">Zgromadzenie Si\u00f3str Karmelitanek Dzieci\u0105tka Jezus<\/a><\/em><br \/>\n<strong>Misja:<\/strong> Dimako, <a href=\"https:\/\/www.maitri.pl\/gdzie-pomagamy\/\" target=\"_blank\" rel=\"noopener noreferrer\">Kamerun<\/a><br \/>\n<strong>Kwota projektu: <span style=\"color: #ff0000;\">4440 \u20ac<\/span><\/strong><\/p>\n","protected":false},"featured_media":29831,"template":"","meta":[],"product_brand":[],"product_cat":[656],"product_tag":[675,658,790,677],"class_list":{"0":"post-29824","1":"product","2":"type-product","3":"status-publish","4":"has-post-thumbnail","6":"product_cat-bez-kategorii","7":"product_tag-dimako","8":"product_tag-kamerun","9":"product_tag-karmelitanki","10":"product_tag-zgromadzenie-siostr-karmelitanek-dzieciatka-jezus","12":"first","13":"instock","14":"virtual","15":"purchasable","16":"product-type-simple"},"yoast_head":"<!-- This site is optimized with the Yoast SEO plugin v27.2 - https:\/\/yoast.com\/product\/yoast-seo-wordpress\/ -->\n<title>Zakup lek\u00f3w dla chorych pacjent\u00f3w O\u015brodka Zdrowia w Dimako<\/title>\n<meta name=\"description\" content=\"Zakup lek\u00f3w dla chorych pacjent\u00f3w O\u015brodka Zdrowia w Dimako w Kamerunie. O pomoc prosz\u0105 Siostry Karmelitanki. Ka\u017cda z\u0142ot\u00f3wka pomaga!\" \/>\n<meta name=\"robots\" content=\"index, follow, max-snippet:-1, max-image-preview:large, max-video-preview:-1\" \/>\n<link rel=\"canonical\" href=\"https:\/\/www.maitri.pl\/projekt\/zakup-lekow-kamerun-3\/\" \/>\n<meta property=\"og:locale\" content=\"fr_FR\" \/>\n<meta property=\"og:type\" content=\"article\" \/>\n<meta property=\"og:title\" content=\"Zakup lek\u00f3w dla chorych pacjent\u00f3w O\u015brodka Zdrowia w Dimako\" \/>\n<meta property=\"og:description\" content=\"Zakup lek\u00f3w dla chorych pacjent\u00f3w O\u015brodka Zdrowia w Dimako w Kamerunie. O pomoc prosz\u0105 Siostry Karmelitanki. Ka\u017cda z\u0142ot\u00f3wka pomaga!\" \/>\n<meta property=\"og:url\" content=\"https:\/\/www.maitri.pl\/projekt\/zakup-lekow-kamerun-3\/\" \/>\n<meta property=\"og:site_name\" content=\"Ruch Maitri - Adopcja Serca pomoc Afryce\" \/>\n<meta property=\"article:publisher\" content=\"https:\/\/www.facebook.com\/MAITRI.Adopcja.Serca.dzieci.Afryki\/\" \/>\n<meta property=\"article:modified_time\" content=\"2025-03-31T12:15:32+00:00\" \/>\n<meta property=\"og:image\" content=\"https:\/\/www.maitri.pl\/wp-content\/uploads\/2023\/09\/1-IMG_3197.jpg\" \/>\n\t<meta property=\"og:image:width\" content=\"1600\" \/>\n\t<meta property=\"og:image:height\" content=\"1200\" \/>\n\t<meta property=\"og:image:type\" content=\"image\/jpeg\" \/>\n<meta name=\"twitter:card\" content=\"summary_large_image\" \/>\n<meta name=\"twitter:label1\" content=\"Dur\u00e9e de lecture estim\u00e9e\" \/>\n\t<meta name=\"twitter:data1\" content=\"3 minutes\" \/>\n<script type=\"application\/ld+json\" class=\"yoast-schema-graph\">{\"@context\":\"https:\/\/schema.org\",\"@graph\":[{\"@type\":\"WebPage\",\"@id\":\"https:\/\/www.maitri.pl\/projekt\/zakup-lekow-kamerun-3\/\",\"url\":\"https:\/\/www.maitri.pl\/projekt\/zakup-lekow-kamerun-3\/\",\"name\":\"Zakup lek\u00f3w dla chorych pacjent\u00f3w O\u015brodka Zdrowia w Dimako\",\"isPartOf\":{\"@id\":\"https:\/\/www.maitri.pl\/#website\"},\"primaryImageOfPage\":{\"@id\":\"https:\/\/www.maitri.pl\/projekt\/zakup-lekow-kamerun-3\/#primaryimage\"},\"image\":{\"@id\":\"https:\/\/www.maitri.pl\/projekt\/zakup-lekow-kamerun-3\/#primaryimage\"},\"thumbnailUrl\":\"https:\/\/www.maitri.pl\/wp-content\/uploads\/2023\/09\/1-IMG_3197.jpg\",\"datePublished\":\"2023-09-22T10:19:27+00:00\",\"dateModified\":\"2025-03-31T12:15:32+00:00\",\"description\":\"Zakup lek\u00f3w dla chorych pacjent\u00f3w O\u015brodka Zdrowia w Dimako w Kamerunie. O pomoc prosz\u0105 Siostry Karmelitanki. Ka\u017cda z\u0142ot\u00f3wka pomaga!\",\"breadcrumb\":{\"@id\":\"https:\/\/www.maitri.pl\/projekt\/zakup-lekow-kamerun-3\/#breadcrumb\"},\"inLanguage\":\"fr-FR\",\"potentialAction\":[{\"@type\":\"ReadAction\",\"target\":[\"https:\/\/www.maitri.pl\/projekt\/zakup-lekow-kamerun-3\/\"]}]},{\"@type\":\"ImageObject\",\"inLanguage\":\"fr-FR\",\"@id\":\"https:\/\/www.maitri.pl\/projekt\/zakup-lekow-kamerun-3\/#primaryimage\",\"url\":\"https:\/\/www.maitri.pl\/wp-content\/uploads\/2023\/09\/1-IMG_3197.jpg\",\"contentUrl\":\"https:\/\/www.maitri.pl\/wp-content\/uploads\/2023\/09\/1-IMG_3197.jpg\",\"width\":1600,\"height\":1200,\"caption\":\"Zakup lek\u00f3w dla chorych pacjent\u00f3w O\u015brodka Zdrowia w Dimako w Kamerunie pomoc ubogim Adopcja Serca Adopcja duchowa Adopcja Maitri 03\"},{\"@type\":\"BreadcrumbList\",\"@id\":\"https:\/\/www.maitri.pl\/projekt\/zakup-lekow-kamerun-3\/#breadcrumb\",\"itemListElement\":[{\"@type\":\"ListItem\",\"position\":1,\"name\":\"Strona g\u0142\u00f3wna\",\"item\":\"https:\/\/www.maitri.pl\/\"},{\"@type\":\"ListItem\",\"position\":2,\"name\":\"Sklep\",\"item\":\"https:\/\/www.maitri.pl\/sklep\/\"},{\"@type\":\"ListItem\",\"position\":3,\"name\":\"Zakup lek\u00f3w dla chorych pacjent\u00f3w O\u015brodka Zdrowia w Dimako w Kamerunie\"}]},{\"@type\":\"WebSite\",\"@id\":\"https:\/\/www.maitri.pl\/#website\",\"url\":\"https:\/\/www.maitri.pl\/\",\"name\":\"Adopcja Serca Maitri \u2013 pomoc dzieciom w Afryce\",\"description\":\"Adopcja Serca \u2013 adopcja na odleg\u0142o\u015b\u0107, pomoc Afryce, do\u017cywianie i edukacja w Afryce\",\"publisher\":{\"@id\":\"https:\/\/www.maitri.pl\/#organization\"},\"potentialAction\":[{\"@type\":\"SearchAction\",\"target\":{\"@type\":\"EntryPoint\",\"urlTemplate\":\"https:\/\/www.maitri.pl\/?s={search_term_string}\"},\"query-input\":{\"@type\":\"PropertyValueSpecification\",\"valueRequired\":true,\"valueName\":\"search_term_string\"}}],\"inLanguage\":\"fr-FR\"},{\"@type\":\"Organization\",\"@id\":\"https:\/\/www.maitri.pl\/#organization\",\"name\":\"Stowarzyszenie Ruchu Maitri\",\"url\":\"https:\/\/www.maitri.pl\/\",\"logo\":{\"@type\":\"ImageObject\",\"inLanguage\":\"fr-FR\",\"@id\":\"https:\/\/www.maitri.pl\/#\/schema\/logo\/image\/\",\"url\":\"https:\/\/www.maitri.pl\/wp-content\/uploads\/2020\/04\/duze_logo-81.png\",\"contentUrl\":\"https:\/\/www.maitri.pl\/wp-content\/uploads\/2020\/04\/duze_logo-81.png\",\"width\":339,\"height\":321,\"caption\":\"Stowarzyszenie Ruchu Maitri\"},\"image\":{\"@id\":\"https:\/\/www.maitri.pl\/#\/schema\/logo\/image\/\"},\"sameAs\":[\"https:\/\/www.facebook.com\/MAITRI.Adopcja.Serca.dzieci.Afryki\/\"]}]}<\/script>\n<!-- \/ Yoast SEO plugin. -->","yoast_head_json":{"title":"Zakup lek\u00f3w dla chorych pacjent\u00f3w O\u015brodka Zdrowia w Dimako","description":"Zakup lek\u00f3w dla chorych pacjent\u00f3w O\u015brodka Zdrowia w Dimako w Kamerunie. O pomoc prosz\u0105 Siostry Karmelitanki. Ka\u017cda z\u0142ot\u00f3wka pomaga!","robots":{"index":"index","follow":"follow","max-snippet":"max-snippet:-1","max-image-preview":"max-image-preview:large","max-video-preview":"max-video-preview:-1"},"canonical":"https:\/\/www.maitri.pl\/projekt\/zakup-lekow-kamerun-3\/","og_locale":"fr_FR","og_type":"article","og_title":"Zakup lek\u00f3w dla chorych pacjent\u00f3w O\u015brodka Zdrowia w Dimako","og_description":"Zakup lek\u00f3w dla chorych pacjent\u00f3w O\u015brodka Zdrowia w Dimako w Kamerunie. O pomoc prosz\u0105 Siostry Karmelitanki. Ka\u017cda z\u0142ot\u00f3wka pomaga!","og_url":"https:\/\/www.maitri.pl\/projekt\/zakup-lekow-kamerun-3\/","og_site_name":"Ruch Maitri - Adopcja Serca pomoc Afryce","article_publisher":"https:\/\/www.facebook.com\/MAITRI.Adopcja.Serca.dzieci.Afryki\/","article_modified_time":"2025-03-31T12:15:32+00:00","og_image":[{"width":1600,"height":1200,"url":"https:\/\/www.maitri.pl\/wp-content\/uploads\/2023\/09\/1-IMG_3197.jpg","type":"image\/jpeg"}],"twitter_card":"summary_large_image","twitter_misc":{"Dur\u00e9e de lecture estim\u00e9e":"3 minutes"},"schema":{"@context":"https:\/\/schema.org","@graph":[{"@type":"WebPage","@id":"https:\/\/www.maitri.pl\/projekt\/zakup-lekow-kamerun-3\/","url":"https:\/\/www.maitri.pl\/projekt\/zakup-lekow-kamerun-3\/","name":"Zakup lek\u00f3w dla chorych pacjent\u00f3w O\u015brodka Zdrowia w Dimako","isPartOf":{"@id":"https:\/\/www.maitri.pl\/#website"},"primaryImageOfPage":{"@id":"https:\/\/www.maitri.pl\/projekt\/zakup-lekow-kamerun-3\/#primaryimage"},"image":{"@id":"https:\/\/www.maitri.pl\/projekt\/zakup-lekow-kamerun-3\/#primaryimage"},"thumbnailUrl":"https:\/\/www.maitri.pl\/wp-content\/uploads\/2023\/09\/1-IMG_3197.jpg","datePublished":"2023-09-22T10:19:27+00:00","dateModified":"2025-03-31T12:15:32+00:00","description":"Zakup lek\u00f3w dla chorych pacjent\u00f3w O\u015brodka Zdrowia w Dimako w Kamerunie. O pomoc prosz\u0105 Siostry Karmelitanki. Ka\u017cda z\u0142ot\u00f3wka pomaga!","breadcrumb":{"@id":"https:\/\/www.maitri.pl\/projekt\/zakup-lekow-kamerun-3\/#breadcrumb"},"inLanguage":"fr-FR","potentialAction":[{"@type":"ReadAction","target":["https:\/\/www.maitri.pl\/projekt\/zakup-lekow-kamerun-3\/"]}]},{"@type":"ImageObject","inLanguage":"fr-FR","@id":"https:\/\/www.maitri.pl\/projekt\/zakup-lekow-kamerun-3\/#primaryimage","url":"https:\/\/www.maitri.pl\/wp-content\/uploads\/2023\/09\/1-IMG_3197.jpg","contentUrl":"https:\/\/www.maitri.pl\/wp-content\/uploads\/2023\/09\/1-IMG_3197.jpg","width":1600,"height":1200,"caption":"Zakup lek\u00f3w dla chorych pacjent\u00f3w O\u015brodka Zdrowia w Dimako w Kamerunie pomoc ubogim Adopcja Serca Adopcja duchowa Adopcja Maitri 03"},{"@type":"BreadcrumbList","@id":"https:\/\/www.maitri.pl\/projekt\/zakup-lekow-kamerun-3\/#breadcrumb","itemListElement":[{"@type":"ListItem","position":1,"name":"Strona g\u0142\u00f3wna","item":"https:\/\/www.maitri.pl\/"},{"@type":"ListItem","position":2,"name":"Sklep","item":"https:\/\/www.maitri.pl\/sklep\/"},{"@type":"ListItem","position":3,"name":"Zakup lek\u00f3w dla chorych pacjent\u00f3w O\u015brodka Zdrowia w Dimako w Kamerunie"}]},{"@type":"WebSite","@id":"https:\/\/www.maitri.pl\/#website","url":"https:\/\/www.maitri.pl\/","name":"Adopcja Serca Maitri \u2013 pomoc dzieciom w Afryce","description":"Adopcja Serca \u2013 adopcja na odleg\u0142o\u015b\u0107, pomoc Afryce, do\u017cywianie i edukacja w Afryce","publisher":{"@id":"https:\/\/www.maitri.pl\/#organization"},"potentialAction":[{"@type":"SearchAction","target":{"@type":"EntryPoint","urlTemplate":"https:\/\/www.maitri.pl\/?s={search_term_string}"},"query-input":{"@type":"PropertyValueSpecification","valueRequired":true,"valueName":"search_term_string"}}],"inLanguage":"fr-FR"},{"@type":"Organization","@id":"https:\/\/www.maitri.pl\/#organization","name":"Stowarzyszenie Ruchu Maitri","url":"https:\/\/www.maitri.pl\/","logo":{"@type":"ImageObject","inLanguage":"fr-FR","@id":"https:\/\/www.maitri.pl\/#\/schema\/logo\/image\/","url":"https:\/\/www.maitri.pl\/wp-content\/uploads\/2020\/04\/duze_logo-81.png","contentUrl":"https:\/\/www.maitri.pl\/wp-content\/uploads\/2020\/04\/duze_logo-81.png","width":339,"height":321,"caption":"Stowarzyszenie Ruchu Maitri"},"image":{"@id":"https:\/\/www.maitri.pl\/#\/schema\/logo\/image\/"},"sameAs":["https:\/\/www.facebook.com\/MAITRI.Adopcja.Serca.dzieci.Afryki\/"]}]}},"_links":{"self":[{"href":"https:\/\/www.maitri.pl\/fr\/wp-json\/wp\/v2\/product\/29824","targetHints":{"allow":["GET"]}}],"collection":[{"href":"https:\/\/www.maitri.pl\/fr\/wp-json\/wp\/v2\/product"}],"about":[{"href":"https:\/\/www.maitri.pl\/fr\/wp-json\/wp\/v2\/types\/product"}],"wp:featuredmedia":[{"embeddable":true,"href":"https:\/\/www.maitri.pl\/fr\/wp-json\/wp\/v2\/media\/29831"}],"wp:attachment":[{"href":"https:\/\/www.maitri.pl\/fr\/wp-json\/wp\/v2\/media?parent=29824"}],"wp:term":[{"taxonomy":"product_brand","embeddable":true,"href":"https:\/\/www.maitri.pl\/fr\/wp-json\/wp\/v2\/product_brand?post=29824"},{"taxonomy":"product_cat","embeddable":true,"href":"https:\/\/www.maitri.pl\/fr\/wp-json\/wp\/v2\/product_cat?post=29824"},{"taxonomy":"product_tag","embeddable":true,"href":"https:\/\/www.maitri.pl\/fr\/wp-json\/wp\/v2\/product_tag?post=29824"}],"curies":[{"name":"wp","href":"https:\/\/api.w.org\/{rel}","templated":true}]}}