{"id":29814,"date":"2023-09-22T12:03:51","date_gmt":"2023-09-22T10:03:51","guid":{"rendered":"https:\/\/www.maitri.pl\/?post_type=product&#038;p=29814"},"modified":"2023-11-09T15:20:51","modified_gmt":"2023-11-09T14:20:51","slug":"dozywianie-dzieci-kamerun-3","status":"publish","type":"product","link":"https:\/\/www.maitri.pl\/fr\/projekt\/dozywianie-dzieci-kamerun-3\/","title":{"rendered":"Do\u017cywianie 200 dzieci z przedszkola i 350 dzieci ze Szko\u0142y Podstawowej w Kamerunie"},"content":{"rendered":"<h4>Wielki dar dla dzieci<\/h4>\n<p>Ju\u017c od wielu lat <a href=\"https:\/\/www.maitri.pl\/projekt\/fundusz-dozywianie-glodujacych-dzieci-2\/\" target=\"_blank\" rel=\"noopener\">darczy\u0144cy Maitri<\/a> bierze udzia\u0142 w do\u017cywianiu naszych dzieci z przedszkola i ze szko\u0142y podstawowej \u015bw. Jakuba w Dimako. Dzi\u0119ki temu ka\u017cdego dnia dzieci spo\u017cywaj\u0105 skromny posi\u0142ek. Dwa razy w tygodniu ry\u017c z sardynkami i pomidorami, dwa razy w tygodniu ma\u0142e p\u0105czki z bouille (co\u015b jak kaszka na bazie m\u0105ki z manioku oraz kukurydzy), raz paczuszka herbatnik\u00f3w z mlekiem. Na \u015bwi\u0119ta otrzymuj\u0105 skromn\u0105 paczk\u0119 s\u0142odyczy i spo\u017cywaj\u0105 \u015bwi\u0105teczny posi\u0142ek, kt\u00f3ry jest bogatszy od tego w normalne dni w szkole. Do\u017cywianie ma wielk\u0105 warto\u015b\u0107 dla tych dzieci. Dzi\u0119ki Waszej pomocy nie s\u0105 g\u0142odne, ch\u0119tnie przychodz\u0105 do przedszkola i szko\u0142y.\u00a0 Cz\u0119sto ich stan zdrowia polepsza si\u0119, gdy zaczyna si\u0119 rok szkolny i do\u017cywianie.<\/p>\n<h4>Jedyny posi\u0142ek to ten w szkole<\/h4>\n<p>Dzieci w Kamerunie cz\u0119sto id\u0105 na zaj\u0119cia g\u0142odne. Niekt\u00f3re z nich przybywaj\u0105 z odleg\u0142ych wiosek oddalonych o 15-20 km od Dimako. Bardzo du\u017co naszych podopiecznych pochodzi z bardzo biednych rodzin, kt\u00f3re posi\u0142ek spo\u017cywaj\u0105 raz dziennie, zawsze wieczorem. ich rodzic\u00f3w nie sta\u0107 na to, by dziecko zjad\u0142o co\u015b przed wyj\u015bciem lub wzi\u0119\u0142o z sob\u0105 cokolwiek do zjedzenia. Dla niekt\u00f3rych dzieci ten szkolny posi\u0142ek jest g\u0142\u00f3wnym posi\u0142kiem dnia. To, \u017ce dzieci maj\u0105 do\u017cywianie w szkole jest ogromnym plusem. Nasze przedszkole oraz szko\u0142a od kilku lat s\u0105 na pierwszym miejscu w regionie. To dzi\u0119ki Waszej pomocy dzieci nie s\u0105 g\u0142odne, ch\u0119tnie przychodz\u0105 do szko\u0142y i ch\u0119tnie si\u0119 ucz\u0105 oraz osi\u0105gaj\u0105 wspania\u0142e wyniki. Wdzi\u0119czni za ten dar dla naszych dzieci, ka\u017cdego dnia wyra\u017camy ogromn\u0105 wdzi\u0119czno\u015b\u0107 w codziennej modlitwie za naszych dobrodziei.<\/p>\n<p>&nbsp;<\/p>\n<h4><strong>Kosztorys:<\/strong><\/h4>\n<table>\n<tbody>\n<tr>\n<td width=\"34\">Lp.<\/td>\n<td width=\"291\">OPIS<\/td>\n<td width=\"91\">ilo\u015b\u0107<\/td>\n<td width=\"128\">Cena w miejscowej walucie<\/td>\n<td width=\"100\">Kwota w miejscowej walucie<\/td>\n<\/tr>\n<tr>\n<td width=\"34\">1<\/td>\n<td width=\"291\">Bouille (kaszka)<\/td>\n<td width=\"91\">380 kg<\/td>\n<td width=\"128\">1 500<\/td>\n<td width=\"100\">570 000<\/td>\n<\/tr>\n<tr>\n<td width=\"34\">2<\/td>\n<td width=\"291\">Ry\u017c<\/td>\n<td width=\"91\">1600 kg<\/td>\n<td width=\"128\">50 kg \/ 22 000<\/td>\n<td width=\"100\">704 000<\/td>\n<\/tr>\n<tr>\n<td width=\"34\">3<\/td>\n<td width=\"291\">M\u0105ka<\/td>\n<td width=\"91\">1300 kg<\/td>\n<td width=\"128\">50 kg \/ 22 000<\/td>\n<td width=\"100\">572 000<\/td>\n<\/tr>\n<tr>\n<td width=\"34\">4<\/td>\n<td width=\"291\">Olej<\/td>\n<td width=\"91\">480 l<\/td>\n<td width=\"128\">20 l \/ 22 000<\/td>\n<td width=\"100\">528 000<\/td>\n<\/tr>\n<tr>\n<td width=\"34\">5<\/td>\n<td width=\"291\">Sardynki<\/td>\n<td width=\"91\">30 paczek<\/td>\n<td width=\"128\">17 000<\/td>\n<td width=\"100\">510 000<\/td>\n<\/tr>\n<tr>\n<td width=\"34\">6<\/td>\n<td width=\"291\">Cukier<\/td>\n<td width=\"91\">550 kg<\/td>\n<td width=\"128\">25 kg \/ 35 000<\/td>\n<td width=\"100\">770 000<\/td>\n<\/tr>\n<tr>\n<td width=\"34\">7<\/td>\n<td width=\"291\">Przecier pomidorowy<\/td>\n<td width=\"91\">30 paczek<\/td>\n<td width=\"128\">4 500<\/td>\n<td width=\"100\">135 000<\/td>\n<\/tr>\n<tr>\n<td width=\"34\">8<\/td>\n<td width=\"291\">Dodatki (cebula, jarzyny, przyprawy, s\u00f3l)<\/td>\n<td width=\"91\"><\/td>\n<td width=\"128\"><\/td>\n<td width=\"100\">320 000<\/td>\n<\/tr>\n<tr>\n<td width=\"34\">9<\/td>\n<td width=\"291\">Wynagrodzenie kucharek<\/td>\n<td width=\"91\">10 miesi\u0119cy<\/td>\n<td width=\"128\">80 000<\/td>\n<td width=\"100\">800 000<\/td>\n<\/tr>\n<tr>\n<td width=\"34\">10<\/td>\n<td width=\"291\">Transport \/ palowo<\/td>\n<td width=\"91\">400 l<\/td>\n<td width=\"128\">734<\/td>\n<td width=\"100\">293 600<\/td>\n<\/tr>\n<tr>\n<td width=\"34\">11<\/td>\n<td width=\"291\">Drewno do kuchni<\/td>\n<td width=\"91\"><\/td>\n<td width=\"128\"><\/td>\n<td width=\"100\">160 000<\/td>\n<\/tr>\n<tr>\n<td width=\"34\">12<\/td>\n<td width=\"291\">Herbatniki, soki, lizaki<\/td>\n<td width=\"91\"><\/td>\n<td width=\"128\"><\/td>\n<td width=\"100\">380 000<\/td>\n<\/tr>\n<tr>\n<td width=\"34\">13<\/td>\n<td width=\"291\">Mleko<\/td>\n<td width=\"91\"><\/td>\n<td width=\"128\">85 000<\/td>\n<td width=\"100\">85 000<\/td>\n<\/tr>\n<tr>\n<td width=\"34\">14<\/td>\n<td width=\"291\">Orzechy arachidowe<\/td>\n<td width=\"91\">3 worki<\/td>\n<td width=\"128\">35 000<\/td>\n<td width=\"100\">105 000<\/td>\n<\/tr>\n<tr>\n<td width=\"34\"><strong>\u00a0<\/strong><\/td>\n<td width=\"291\"><strong>PODSUMOWANIE<\/strong><\/td>\n<td width=\"91\"><strong>\u00a0<\/strong><\/td>\n<td width=\"128\"><strong>\u00a0<\/strong><\/td>\n<td width=\"100\"><strong>5 932 600 frank\u00f3w CFA<\/strong><\/td>\n<\/tr>\n<\/tbody>\n<\/table>\n<p><em>s. Wirgilia Bondel, <a href=\"http:\/\/www.karmelitanki.pl\/\" target=\"_blank\" rel=\"noopener noreferrer\">Zgromadzenie Si\u00f3str Karmelitanek Dzieci\u0105tka Jezus<\/a><\/em><\/p>\n<p><strong>Podsumowanie w miejscowej walucie: 5 932 600 frank\u00f3w CFA<\/strong><\/p>\n<p>Numer projektu:\u00a0<strong>123-124\/KARML<\/strong><\/p>\n<p style=\"text-align: justify;\"><span style=\"color: #ff0000;\"><span style=\"font-size: large;\"><b>Kwota projektu : 10 000 \u20ac<\/b><\/span><\/span><\/p>\n<p style=\"text-align: justify;\"><span style=\"font-size: large;\"><em><span style=\"color: #999999;\"><span style=\"font-size: medium;\">Stowarzyszenie Ruchu Maitri przeznacza do 10% otrzymanych \u015brodk\u00f3w na koszty funkcjonowania biura i pozyskiwanie funduszy pomocowych.<\/span><\/span><\/em><\/span><\/p>\n<h3 style=\"text-align: justify;\" align=\"JUSTIFY\"><span style=\"color: #808080;\">Do\u017cywianie 200 dzieci z przedszkola i 350 dzieci ze Szko\u0142y Podstawowej w Kamerunie<\/span><\/h3>\n","protected":false},"excerpt":{"rendered":"<p><strong>Projekt:\u00a0<\/strong> <em>s. Wirgilia Bondel, <a href=\"http:\/\/www.karmelitanki.pl\/\" target=\"_blank\" rel=\"noopener noreferrer\">Zgromadzenie Si\u00f3str Karmelitanek Dzieci\u0105tka Jezus<\/a><\/em><br \/>\n<strong>Misja:<\/strong> Dimako, <a href=\"https:\/\/www.maitri.pl\/gdzie-pomagamy\/\" target=\"_blank\" rel=\"noopener noreferrer\">Kamerun<\/a><br \/>\n<strong>Kwota projektu: <span style=\"color: #ff0000;\">10 000 \u20ac<\/span><\/strong><\/p>\n","protected":false},"featured_media":29815,"template":"","meta":[],"product_brand":[],"product_cat":[661],"product_tag":[675,676,658,790,680,753,677],"class_list":{"0":"post-29814","1":"product","2":"type-product","3":"status-publish","4":"has-post-thumbnail","6":"product_cat-dozywianie","7":"product_tag-dimako","8":"product_tag-dozywianie","9":"product_tag-kamerun","10":"product_tag-karmelitanki","11":"product_tag-siostra-wirgilia-bondel","12":"product_tag-siostry-karmelitanki","13":"product_tag-zgromadzenie-siostr-karmelitanek-dzieciatka-jezus","15":"first","16":"instock","17":"virtual","18":"purchasable","19":"product-type-simple"},"yoast_head":"<!-- This site is optimized with the Yoast SEO plugin v27.2 - https:\/\/yoast.com\/product\/yoast-seo-wordpress\/ -->\n<title>Do\u017cywianie 200 dzieci z przedszkola i 350 dzieci ze szko\u0142y<\/title>\n<meta name=\"description\" content=\"Do\u017cywianie 200 dzieci z przedszkola i 350 dzieci ze Szko\u0142y Podstawowej w Kamerunie. O pomoc prosz\u0105 Siostry Karmelitanki. Ka\u017cda z\u0142ot\u00f3wka pomaga!\" \/>\n<meta name=\"robots\" content=\"index, follow, max-snippet:-1, max-image-preview:large, max-video-preview:-1\" \/>\n<link rel=\"canonical\" href=\"https:\/\/www.maitri.pl\/projekt\/dozywianie-dzieci-kamerun-3\/\" \/>\n<meta property=\"og:locale\" content=\"fr_FR\" \/>\n<meta property=\"og:type\" content=\"article\" \/>\n<meta property=\"og:title\" content=\"Do\u017cywianie 200 dzieci z przedszkola i 350 dzieci ze szko\u0142y\" \/>\n<meta property=\"og:description\" content=\"Do\u017cywianie 200 dzieci z przedszkola i 350 dzieci ze Szko\u0142y Podstawowej w Kamerunie. O pomoc prosz\u0105 Siostry Karmelitanki. Ka\u017cda z\u0142ot\u00f3wka pomaga!\" \/>\n<meta property=\"og:url\" content=\"https:\/\/www.maitri.pl\/projekt\/dozywianie-dzieci-kamerun-3\/\" \/>\n<meta property=\"og:site_name\" content=\"Ruch Maitri - Adopcja Serca pomoc Afryce\" \/>\n<meta property=\"article:publisher\" content=\"https:\/\/www.facebook.com\/MAITRI.Adopcja.Serca.dzieci.Afryki\/\" \/>\n<meta property=\"article:modified_time\" content=\"2023-11-09T14:20:51+00:00\" \/>\n<meta property=\"og:image\" content=\"https:\/\/www.maitri.pl\/wp-content\/uploads\/2023\/09\/123-124-karml.jpg\" \/>\n\t<meta property=\"og:image:width\" content=\"2040\" \/>\n\t<meta property=\"og:image:height\" content=\"1530\" \/>\n\t<meta property=\"og:image:type\" content=\"image\/jpeg\" \/>\n<meta name=\"twitter:card\" content=\"summary_large_image\" \/>\n<meta name=\"twitter:label1\" content=\"Dur\u00e9e de lecture estim\u00e9e\" \/>\n\t<meta name=\"twitter:data1\" content=\"3 minutes\" \/>\n<script type=\"application\/ld+json\" class=\"yoast-schema-graph\">{\"@context\":\"https:\/\/schema.org\",\"@graph\":[{\"@type\":\"WebPage\",\"@id\":\"https:\/\/www.maitri.pl\/projekt\/dozywianie-dzieci-kamerun-3\/\",\"url\":\"https:\/\/www.maitri.pl\/projekt\/dozywianie-dzieci-kamerun-3\/\",\"name\":\"Do\u017cywianie 200 dzieci z przedszkola i 350 dzieci ze szko\u0142y\",\"isPartOf\":{\"@id\":\"https:\/\/www.maitri.pl\/#website\"},\"primaryImageOfPage\":{\"@id\":\"https:\/\/www.maitri.pl\/projekt\/dozywianie-dzieci-kamerun-3\/#primaryimage\"},\"image\":{\"@id\":\"https:\/\/www.maitri.pl\/projekt\/dozywianie-dzieci-kamerun-3\/#primaryimage\"},\"thumbnailUrl\":\"https:\/\/www.maitri.pl\/wp-content\/uploads\/2023\/09\/123-124-karml.jpg\",\"datePublished\":\"2023-09-22T10:03:51+00:00\",\"dateModified\":\"2023-11-09T14:20:51+00:00\",\"description\":\"Do\u017cywianie 200 dzieci z przedszkola i 350 dzieci ze Szko\u0142y Podstawowej w Kamerunie. O pomoc prosz\u0105 Siostry Karmelitanki. Ka\u017cda z\u0142ot\u00f3wka pomaga!\",\"breadcrumb\":{\"@id\":\"https:\/\/www.maitri.pl\/projekt\/dozywianie-dzieci-kamerun-3\/#breadcrumb\"},\"inLanguage\":\"fr-FR\",\"potentialAction\":[{\"@type\":\"ReadAction\",\"target\":[\"https:\/\/www.maitri.pl\/projekt\/dozywianie-dzieci-kamerun-3\/\"]}]},{\"@type\":\"ImageObject\",\"inLanguage\":\"fr-FR\",\"@id\":\"https:\/\/www.maitri.pl\/projekt\/dozywianie-dzieci-kamerun-3\/#primaryimage\",\"url\":\"https:\/\/www.maitri.pl\/wp-content\/uploads\/2023\/09\/123-124-karml.jpg\",\"contentUrl\":\"https:\/\/www.maitri.pl\/wp-content\/uploads\/2023\/09\/123-124-karml.jpg\",\"width\":2040,\"height\":1530,\"caption\":\"Do\u017cywianie 200 dzieci z przedszkola i 350 dzieci ze Szko\u0142y Podstawowej w Kamerunie do\u017cywianie dzieci pomoc ubogim Adopcja Serca Adopcja duchowa Adopcja Maitri 01\"},{\"@type\":\"BreadcrumbList\",\"@id\":\"https:\/\/www.maitri.pl\/projekt\/dozywianie-dzieci-kamerun-3\/#breadcrumb\",\"itemListElement\":[{\"@type\":\"ListItem\",\"position\":1,\"name\":\"Strona g\u0142\u00f3wna\",\"item\":\"https:\/\/www.maitri.pl\/\"},{\"@type\":\"ListItem\",\"position\":2,\"name\":\"Sklep\",\"item\":\"https:\/\/www.maitri.pl\/sklep\/\"},{\"@type\":\"ListItem\",\"position\":3,\"name\":\"Do\u017cywianie 200 dzieci z przedszkola i 350 dzieci ze Szko\u0142y Podstawowej w Kamerunie\"}]},{\"@type\":\"WebSite\",\"@id\":\"https:\/\/www.maitri.pl\/#website\",\"url\":\"https:\/\/www.maitri.pl\/\",\"name\":\"Adopcja Serca Maitri \u2013 pomoc dzieciom w Afryce\",\"description\":\"Adopcja Serca \u2013 adopcja na odleg\u0142o\u015b\u0107, pomoc Afryce, do\u017cywianie i edukacja w Afryce\",\"publisher\":{\"@id\":\"https:\/\/www.maitri.pl\/#organization\"},\"potentialAction\":[{\"@type\":\"SearchAction\",\"target\":{\"@type\":\"EntryPoint\",\"urlTemplate\":\"https:\/\/www.maitri.pl\/?s={search_term_string}\"},\"query-input\":{\"@type\":\"PropertyValueSpecification\",\"valueRequired\":true,\"valueName\":\"search_term_string\"}}],\"inLanguage\":\"fr-FR\"},{\"@type\":\"Organization\",\"@id\":\"https:\/\/www.maitri.pl\/#organization\",\"name\":\"Stowarzyszenie Ruchu Maitri\",\"url\":\"https:\/\/www.maitri.pl\/\",\"logo\":{\"@type\":\"ImageObject\",\"inLanguage\":\"fr-FR\",\"@id\":\"https:\/\/www.maitri.pl\/#\/schema\/logo\/image\/\",\"url\":\"https:\/\/www.maitri.pl\/wp-content\/uploads\/2020\/04\/duze_logo-81.png\",\"contentUrl\":\"https:\/\/www.maitri.pl\/wp-content\/uploads\/2020\/04\/duze_logo-81.png\",\"width\":339,\"height\":321,\"caption\":\"Stowarzyszenie Ruchu Maitri\"},\"image\":{\"@id\":\"https:\/\/www.maitri.pl\/#\/schema\/logo\/image\/\"},\"sameAs\":[\"https:\/\/www.facebook.com\/MAITRI.Adopcja.Serca.dzieci.Afryki\/\"]}]}<\/script>\n<!-- \/ Yoast SEO plugin. -->","yoast_head_json":{"title":"Do\u017cywianie 200 dzieci z przedszkola i 350 dzieci ze szko\u0142y","description":"Do\u017cywianie 200 dzieci z przedszkola i 350 dzieci ze Szko\u0142y Podstawowej w Kamerunie. O pomoc prosz\u0105 Siostry Karmelitanki. Ka\u017cda z\u0142ot\u00f3wka pomaga!","robots":{"index":"index","follow":"follow","max-snippet":"max-snippet:-1","max-image-preview":"max-image-preview:large","max-video-preview":"max-video-preview:-1"},"canonical":"https:\/\/www.maitri.pl\/projekt\/dozywianie-dzieci-kamerun-3\/","og_locale":"fr_FR","og_type":"article","og_title":"Do\u017cywianie 200 dzieci z przedszkola i 350 dzieci ze szko\u0142y","og_description":"Do\u017cywianie 200 dzieci z przedszkola i 350 dzieci ze Szko\u0142y Podstawowej w Kamerunie. O pomoc prosz\u0105 Siostry Karmelitanki. Ka\u017cda z\u0142ot\u00f3wka pomaga!","og_url":"https:\/\/www.maitri.pl\/projekt\/dozywianie-dzieci-kamerun-3\/","og_site_name":"Ruch Maitri - Adopcja Serca pomoc Afryce","article_publisher":"https:\/\/www.facebook.com\/MAITRI.Adopcja.Serca.dzieci.Afryki\/","article_modified_time":"2023-11-09T14:20:51+00:00","og_image":[{"width":2040,"height":1530,"url":"https:\/\/www.maitri.pl\/wp-content\/uploads\/2023\/09\/123-124-karml.jpg","type":"image\/jpeg"}],"twitter_card":"summary_large_image","twitter_misc":{"Dur\u00e9e de lecture estim\u00e9e":"3 minutes"},"schema":{"@context":"https:\/\/schema.org","@graph":[{"@type":"WebPage","@id":"https:\/\/www.maitri.pl\/projekt\/dozywianie-dzieci-kamerun-3\/","url":"https:\/\/www.maitri.pl\/projekt\/dozywianie-dzieci-kamerun-3\/","name":"Do\u017cywianie 200 dzieci z przedszkola i 350 dzieci ze szko\u0142y","isPartOf":{"@id":"https:\/\/www.maitri.pl\/#website"},"primaryImageOfPage":{"@id":"https:\/\/www.maitri.pl\/projekt\/dozywianie-dzieci-kamerun-3\/#primaryimage"},"image":{"@id":"https:\/\/www.maitri.pl\/projekt\/dozywianie-dzieci-kamerun-3\/#primaryimage"},"thumbnailUrl":"https:\/\/www.maitri.pl\/wp-content\/uploads\/2023\/09\/123-124-karml.jpg","datePublished":"2023-09-22T10:03:51+00:00","dateModified":"2023-11-09T14:20:51+00:00","description":"Do\u017cywianie 200 dzieci z przedszkola i 350 dzieci ze Szko\u0142y Podstawowej w Kamerunie. O pomoc prosz\u0105 Siostry Karmelitanki. Ka\u017cda z\u0142ot\u00f3wka pomaga!","breadcrumb":{"@id":"https:\/\/www.maitri.pl\/projekt\/dozywianie-dzieci-kamerun-3\/#breadcrumb"},"inLanguage":"fr-FR","potentialAction":[{"@type":"ReadAction","target":["https:\/\/www.maitri.pl\/projekt\/dozywianie-dzieci-kamerun-3\/"]}]},{"@type":"ImageObject","inLanguage":"fr-FR","@id":"https:\/\/www.maitri.pl\/projekt\/dozywianie-dzieci-kamerun-3\/#primaryimage","url":"https:\/\/www.maitri.pl\/wp-content\/uploads\/2023\/09\/123-124-karml.jpg","contentUrl":"https:\/\/www.maitri.pl\/wp-content\/uploads\/2023\/09\/123-124-karml.jpg","width":2040,"height":1530,"caption":"Do\u017cywianie 200 dzieci z przedszkola i 350 dzieci ze Szko\u0142y Podstawowej w Kamerunie do\u017cywianie dzieci pomoc ubogim Adopcja Serca Adopcja duchowa Adopcja Maitri 01"},{"@type":"BreadcrumbList","@id":"https:\/\/www.maitri.pl\/projekt\/dozywianie-dzieci-kamerun-3\/#breadcrumb","itemListElement":[{"@type":"ListItem","position":1,"name":"Strona g\u0142\u00f3wna","item":"https:\/\/www.maitri.pl\/"},{"@type":"ListItem","position":2,"name":"Sklep","item":"https:\/\/www.maitri.pl\/sklep\/"},{"@type":"ListItem","position":3,"name":"Do\u017cywianie 200 dzieci z przedszkola i 350 dzieci ze Szko\u0142y Podstawowej w Kamerunie"}]},{"@type":"WebSite","@id":"https:\/\/www.maitri.pl\/#website","url":"https:\/\/www.maitri.pl\/","name":"Adopcja Serca Maitri \u2013 pomoc dzieciom w Afryce","description":"Adopcja Serca \u2013 adopcja na odleg\u0142o\u015b\u0107, pomoc Afryce, do\u017cywianie i edukacja w Afryce","publisher":{"@id":"https:\/\/www.maitri.pl\/#organization"},"potentialAction":[{"@type":"SearchAction","target":{"@type":"EntryPoint","urlTemplate":"https:\/\/www.maitri.pl\/?s={search_term_string}"},"query-input":{"@type":"PropertyValueSpecification","valueRequired":true,"valueName":"search_term_string"}}],"inLanguage":"fr-FR"},{"@type":"Organization","@id":"https:\/\/www.maitri.pl\/#organization","name":"Stowarzyszenie Ruchu Maitri","url":"https:\/\/www.maitri.pl\/","logo":{"@type":"ImageObject","inLanguage":"fr-FR","@id":"https:\/\/www.maitri.pl\/#\/schema\/logo\/image\/","url":"https:\/\/www.maitri.pl\/wp-content\/uploads\/2020\/04\/duze_logo-81.png","contentUrl":"https:\/\/www.maitri.pl\/wp-content\/uploads\/2020\/04\/duze_logo-81.png","width":339,"height":321,"caption":"Stowarzyszenie Ruchu Maitri"},"image":{"@id":"https:\/\/www.maitri.pl\/#\/schema\/logo\/image\/"},"sameAs":["https:\/\/www.facebook.com\/MAITRI.Adopcja.Serca.dzieci.Afryki\/"]}]}},"_links":{"self":[{"href":"https:\/\/www.maitri.pl\/fr\/wp-json\/wp\/v2\/product\/29814","targetHints":{"allow":["GET"]}}],"collection":[{"href":"https:\/\/www.maitri.pl\/fr\/wp-json\/wp\/v2\/product"}],"about":[{"href":"https:\/\/www.maitri.pl\/fr\/wp-json\/wp\/v2\/types\/product"}],"wp:featuredmedia":[{"embeddable":true,"href":"https:\/\/www.maitri.pl\/fr\/wp-json\/wp\/v2\/media\/29815"}],"wp:attachment":[{"href":"https:\/\/www.maitri.pl\/fr\/wp-json\/wp\/v2\/media?parent=29814"}],"wp:term":[{"taxonomy":"product_brand","embeddable":true,"href":"https:\/\/www.maitri.pl\/fr\/wp-json\/wp\/v2\/product_brand?post=29814"},{"taxonomy":"product_cat","embeddable":true,"href":"https:\/\/www.maitri.pl\/fr\/wp-json\/wp\/v2\/product_cat?post=29814"},{"taxonomy":"product_tag","embeddable":true,"href":"https:\/\/www.maitri.pl\/fr\/wp-json\/wp\/v2\/product_tag?post=29814"}],"curies":[{"name":"wp","href":"https:\/\/api.w.org\/{rel}","templated":true}]}}