{"id":29795,"date":"2023-09-22T11:47:07","date_gmt":"2023-09-22T09:47:07","guid":{"rendered":"https:\/\/www.maitri.pl\/?post_type=product&#038;p=29795"},"modified":"2023-11-09T15:27:08","modified_gmt":"2023-11-09T14:27:08","slug":"dozywianie-dzieci-esseng","status":"publish","type":"product","link":"https:\/\/www.maitri.pl\/fr\/projekt\/dozywianie-dzieci-esseng\/","title":{"rendered":"Do\u017cywianie 120 dzieci w przedszkolu w Esseng w Kamerunie w roku szkolnym 2023\/2024"},"content":{"rendered":"<h4>Uboga wioska w d\u017cungli<\/h4>\n<p>Nasza wioska Esseng po\u0142o\u017cona jest w d\u017cungli, na wschodzie Kamerunu, gdzie dojazd jest utrudniony &#8211; nie ma asfaltu, a ludzie mieszkaj\u0105 w domach ulepionych z gliny, w warunkach bardzo ci\u0119\u017ckich. Rodziny utrzymuj\u0105 si\u0119 z r\u00f3\u017cnych upraw, a szczeg\u00f3lnie orzeszk\u00f3w arachidowych i kawy. Dzieci cz\u0119sto nie maj\u0105 rodzic\u00f3w lub s\u0105 p\u00f3\u0142sierotami. \u017byj\u0105 albo u dziadk\u00f3w, albo u wujostwa. Bardzo du\u017co dzieci jest niedo\u017cywionych i chorych. Niestety cz\u0119sto choruj\u0105 na malari\u0119 i na AIDS. W tych warunkach do\u017cywianie dzieci to konieczno\u015b\u0107, by pom\u00f3c uratowa\u0107 je przed chorobami i da\u0107 im si\u0142y do zdrowego dorastania. Prosimy o pomoc!<\/p>\n<h4>Nikt nie dba o dzieci<\/h4>\n<p>W domu dzieci zmuszone s\u0105 radzi\u0107 sobie same lub powierzone s\u0105 starszemu rodze\u0144stwu, niewiele starszemu od nich samych. Wszyscy jedz\u0105 posi\u0142ek raz dziennie, zawsze wieczorem. Dlatego gdy dzieci przychodz\u0105 do przedszkola s\u0105 g\u0142odne i nie my\u015bl\u0105 o nauce, tylko o tym aby co\u015b zje\u015b\u0107. Niekt\u00f3re maj\u0105 do szko\u0142y a\u017c 5 km w jedn\u0105 stron\u0119, a nawet je\u015bli id\u0105 kr\u00f3cej, to przep\u0142ywaj\u0105 pirogami rzek\u0119. Cz\u0119sto rano \u015bpi\u0105 w \u0142awkach, by zapomnie\u0107 o g\u0142odzie lub zaczynaj\u0105 p\u0142aka\u0107, co nie jest rzadkim przypadkiem. Wtedy wiadomo, \u017ce w domu nic nie jad\u0142y.<\/p>\n<h4>Najubo\u017cszy region Kamerunu<\/h4>\n<p>Zwracam si\u0119 ogromn\u0105 pro\u015bb\u0105 o\u00a0 do\u017cywianie dzieci w przedszkolu St. Jean Bosco w Esseng w roku szkolnym 2023\/2024. Nasz region jest jest najubo\u017cszym regionem w Kamerunie, dzieci pochodz\u0105 z rodzin bardzo biednych. Posi\u0142ek w przedszkolu to cz\u0119sto ich jedyne jedzenie w ci\u0105gu dnia. Obiad pozwala im lepiej my\u015ble\u0107, bra\u0107 czynny udzia\u0142 w zaj\u0119ciach, a tym samym lepiej si\u0119 rozwija\u0107 i nie chorowa\u0107. Dzieci niedo\u017cywione cz\u0119\u015bciej choruj\u0105 na malari\u0119 i czasem niestety zdarza si\u0119, \u017ce umieraj\u0105, poniewa\u017c organizm nie ma si\u0142y walczy\u0107 z chorob\u0105. Dlatego do\u017cywianie jest tak wa\u017cne. Na mleko nikogo tu nie sta\u0107, mog\u0105 je wypi\u0107 tylko w przedszkolu, co pomaga im w prawid\u0142owym rozwoju.<\/p>\n<h4>Bez Was nie mo\u017cemy im pom\u00f3c<\/h4>\n<p>Zwracam si\u0119 do Was po raz kolejny z ogromn\u0105 pro\u015bb\u0105 o pomoc w do\u017cywianiu naszych dzieci. Bez Waszego wsparcia nie jeste\u015bmy w stanie zrealizowa\u0107 tej pomocy. B\u0119d\u0105c tu mo\u017cemy by\u0107 przed\u0142u\u017ceniem Waszych r\u0105k, prowadzimy program <a href=\"https:\/\/www.maitri.pl\/adopcja-serca\/\">Adopcja Serca<\/a>. Za Wasze wsparcie i pomoc dzi\u0119kuj\u0119 w imieniu swoim i dzieci. Zapewniamy o naszej pami\u0119ci i modlitwie. W ka\u017cdym miesi\u0105cu odprawiana jest msza za dobroczy\u0144c\u00f3w.<\/p>\n<p>Gor\u0105co Was pozdrawiam.\u00a0 Siostra Anna Ma\u0142kowska, Zgromadzenie Si\u00f3str od Anio\u0142\u00f3w<\/p>\n<h4><strong>Kosztorys:<\/strong><\/h4>\n<table>\n<tbody>\n<tr>\n<td width=\"34\">LP<\/td>\n<td width=\"257\">OPIS<\/td>\n<td width=\"83\">Jedn. miary<\/td>\n<td width=\"129\">CENA w walucie miejscowej<\/td>\n<td width=\"156\">KWOTA w walucie miejscowej<\/td>\n<\/tr>\n<tr>\n<td width=\"34\">1<\/td>\n<td width=\"257\">mleko<\/td>\n<td width=\"83\">4 worki<\/td>\n<td width=\"129\">90.000<\/td>\n<td width=\"156\">360.000<\/td>\n<\/tr>\n<tr>\n<td width=\"34\">2<\/td>\n<td width=\"257\">ry\u017c<\/td>\n<td width=\"83\">9 work\u00f3w<\/td>\n<td width=\"129\">21.000<\/td>\n<td width=\"156\">189.000<\/td>\n<\/tr>\n<tr>\n<td width=\"34\">3<\/td>\n<td width=\"257\">cukier<\/td>\n<td width=\"83\">4 worki<\/td>\n<td width=\"129\">34.000<\/td>\n<td width=\"156\">136.000<\/td>\n<\/tr>\n<tr>\n<td width=\"34\">4<\/td>\n<td width=\"257\">sardynki<\/td>\n<td width=\"83\">4 kartony<\/td>\n<td width=\"129\">19.000<\/td>\n<td width=\"156\">76.000<\/td>\n<\/tr>\n<tr>\n<td width=\"34\">5<\/td>\n<td width=\"257\">olej palmowy<\/td>\n<td width=\"83\">40 l<\/td>\n<td width=\"129\">900<\/td>\n<td width=\"156\">36.000<\/td>\n<\/tr>\n<tr>\n<td width=\"34\">6<\/td>\n<td width=\"257\">orzeszki ziemne<\/td>\n<td width=\"83\">2 worki<\/td>\n<td width=\"129\">28.000<\/td>\n<td width=\"156\">56.000<\/td>\n<\/tr>\n<tr>\n<td width=\"34\">7<\/td>\n<td width=\"257\">mi\u0119so na \u015bwi\u0119ta<\/td>\n<td width=\"83\"><\/td>\n<td width=\"129\"><\/td>\n<td width=\"156\">123.000<\/td>\n<\/tr>\n<tr>\n<td width=\"34\">8<\/td>\n<td width=\"257\">s\u00f3l<\/td>\n<td width=\"83\">1 worek<\/td>\n<td width=\"129\">4.000<\/td>\n<td width=\"156\">4.000<\/td>\n<\/tr>\n<tr>\n<td width=\"34\">9<\/td>\n<td width=\"257\">m\u0105ka<\/td>\n<td width=\"83\">3 worki<\/td>\n<td width=\"129\">28.000<\/td>\n<td width=\"156\">84.000<\/td>\n<\/tr>\n<tr>\n<td width=\"34\">10<\/td>\n<td width=\"257\">ciastka, cukierki, lizaki<\/td>\n<td width=\"83\"><\/td>\n<td width=\"129\"><\/td>\n<td width=\"156\">150.000<\/td>\n<\/tr>\n<tr>\n<td width=\"34\">11<\/td>\n<td width=\"257\">czekolada<\/td>\n<td width=\"83\">1 wiaderko<\/td>\n<td width=\"129\">25.000<\/td>\n<td width=\"156\">25.000<\/td>\n<\/tr>\n<tr>\n<td width=\"34\">12<\/td>\n<td width=\"257\">Koncentrat pomidorowy<\/td>\n<td width=\"83\">3 kartony<\/td>\n<td width=\"129\">7.000<\/td>\n<td width=\"156\">21.000<\/td>\n<\/tr>\n<tr>\n<td width=\"34\">13<\/td>\n<td width=\"257\">wynagrodzenie za prac\u0119<\/td>\n<td width=\"83\"><\/td>\n<td width=\"129\"><\/td>\n<td width=\"156\">65.000<\/td>\n<\/tr>\n<tr>\n<td width=\"34\">14<\/td>\n<td width=\"257\">Za p\u0105czki<\/td>\n<td width=\"83\"><\/td>\n<td width=\"129\"><\/td>\n<td width=\"156\">300.000<\/td>\n<\/tr>\n<tr>\n<td colspan=\"3\" width=\"374\"><strong>PODSUMOWANIE <\/strong>w miejscowej walucie<\/td>\n<td width=\"129\"><\/td>\n<td width=\"156\"><strong>1.625.000<\/strong><\/td>\n<\/tr>\n<\/tbody>\n<\/table>\n<p>Siostra Anna Ma\u0142kowska, <a href=\"https:\/\/www.karmelitanki.pl\/\" target=\"_blank\" rel=\"noopener noreferrer\">Zgromadzenie Si\u00f3str od Anio\u0142\u00f3w<\/a><\/p>\n<p><b style=\"font-size: large; color: #ff0000;\">Kwota: 2.780 \u20ac <\/b><\/p>\n<p style=\"text-align: justify;\" align=\"JUSTIFY\"><span style=\"color: #808080;\">Stowarzyszenie Ruchu\u00a0<em>Maitri<\/em> przeznacza do 10% otrzymanych \u015brodk\u00f3w na koszty funkcjonowania biura i pozyskiwanie funduszy pomocowych. <\/span><\/p>\n<h2 style=\"text-align: justify;\" align=\"JUSTIFY\"><span style=\"color: #808080;\">Do\u017cywianie <strong>120 dzieci w przedszkolu w Esseng w Kamerunie w roku szkolnym 2023\/2024<\/strong><\/span><\/h2>\n<p>&nbsp;<\/p>\n","protected":false},"excerpt":{"rendered":"<p><strong>Projekt:<\/strong> Siostra Anna Ma\u0142kowska, <a href=\"https:\/\/www.karmelitanki.pl\/\" target=\"_blank\" rel=\"noopener noreferrer\">Zgromadzenie Si\u00f3str od Anio\u0142\u00f3w<\/a><br \/>\n<strong>Misja:<\/strong> Esseng, <a href=\"https:\/\/www.maitri.pl\/gdzie-pomagamy\/\" target=\"_blank\" rel=\"noopener noreferrer\">Kamerun<\/a><br \/>\n<strong>Kwota projektu:<\/strong> <span style=\"color: #ff0000;\"><strong>2.780 \u20ac<\/strong><\/span><\/p>\n","protected":false},"featured_media":29799,"template":"","meta":[],"product_brand":[],"product_cat":[656],"product_tag":[663,658,709,716,665],"class_list":{"0":"post-29795","1":"product","2":"type-product","3":"status-publish","4":"has-post-thumbnail","6":"product_cat-bez-kategorii","7":"product_tag-esseng","8":"product_tag-kamerun","9":"product_tag-siostra-anna-malkowska","10":"product_tag-siostry-od-aniolow","11":"product_tag-zgromadzenie-siostr-od-aniolow","13":"first","14":"instock","15":"virtual","16":"purchasable","17":"product-type-simple"},"yoast_head":"<!-- This site is optimized with the Yoast SEO plugin v27.2 - https:\/\/yoast.com\/product\/yoast-seo-wordpress\/ -->\n<title>Do\u017cywianie 120 dzieci w przedszkolu w Esseng w Kamerunie<\/title>\n<meta name=\"description\" content=\"Do\u017cywianie 120 dzieci w przedszkolu w Esseng w Kamerunie w roku szkolnym 2023\/2024. O pomoc prosz\u0105 Siostry od Anio\u0142\u00f3w. Ka\u017cda z\u0142ot\u00f3wka pomaga!\" \/>\n<meta name=\"robots\" content=\"index, follow, max-snippet:-1, max-image-preview:large, max-video-preview:-1\" \/>\n<link rel=\"canonical\" href=\"https:\/\/www.maitri.pl\/projekt\/dozywianie-dzieci-esseng\/\" \/>\n<meta property=\"og:locale\" content=\"fr_FR\" \/>\n<meta property=\"og:type\" content=\"article\" \/>\n<meta property=\"og:title\" content=\"Do\u017cywianie 120 dzieci w przedszkolu w Esseng w Kamerunie\" \/>\n<meta property=\"og:description\" content=\"Do\u017cywianie 120 dzieci w przedszkolu w Esseng w Kamerunie w roku szkolnym 2023\/2024. O pomoc prosz\u0105 Siostry od Anio\u0142\u00f3w. Ka\u017cda z\u0142ot\u00f3wka pomaga!\" \/>\n<meta property=\"og:url\" content=\"https:\/\/www.maitri.pl\/projekt\/dozywianie-dzieci-esseng\/\" \/>\n<meta property=\"og:site_name\" content=\"Ruch Maitri - Adopcja Serca pomoc Afryce\" \/>\n<meta property=\"article:publisher\" content=\"https:\/\/www.facebook.com\/MAITRI.Adopcja.Serca.dzieci.Afryki\/\" \/>\n<meta property=\"article:modified_time\" content=\"2023-11-09T14:27:08+00:00\" \/>\n<meta property=\"og:image\" content=\"https:\/\/www.maitri.pl\/wp-content\/uploads\/2023\/09\/158-aniol-2.jpg\" \/>\n\t<meta property=\"og:image:width\" content=\"1556\" \/>\n\t<meta property=\"og:image:height\" content=\"2074\" \/>\n\t<meta property=\"og:image:type\" content=\"image\/jpeg\" \/>\n<meta name=\"twitter:card\" content=\"summary_large_image\" \/>\n<meta name=\"twitter:label1\" content=\"Dur\u00e9e de lecture estim\u00e9e\" \/>\n\t<meta name=\"twitter:data1\" content=\"4 minutes\" \/>\n<script type=\"application\/ld+json\" class=\"yoast-schema-graph\">{\"@context\":\"https:\/\/schema.org\",\"@graph\":[{\"@type\":\"WebPage\",\"@id\":\"https:\/\/www.maitri.pl\/projekt\/dozywianie-dzieci-esseng\/\",\"url\":\"https:\/\/www.maitri.pl\/projekt\/dozywianie-dzieci-esseng\/\",\"name\":\"Do\u017cywianie 120 dzieci w przedszkolu w Esseng w Kamerunie\",\"isPartOf\":{\"@id\":\"https:\/\/www.maitri.pl\/#website\"},\"primaryImageOfPage\":{\"@id\":\"https:\/\/www.maitri.pl\/projekt\/dozywianie-dzieci-esseng\/#primaryimage\"},\"image\":{\"@id\":\"https:\/\/www.maitri.pl\/projekt\/dozywianie-dzieci-esseng\/#primaryimage\"},\"thumbnailUrl\":\"https:\/\/www.maitri.pl\/wp-content\/uploads\/2023\/09\/158-aniol-2.jpg\",\"datePublished\":\"2023-09-22T09:47:07+00:00\",\"dateModified\":\"2023-11-09T14:27:08+00:00\",\"description\":\"Do\u017cywianie 120 dzieci w przedszkolu w Esseng w Kamerunie w roku szkolnym 2023\/2024. O pomoc prosz\u0105 Siostry od Anio\u0142\u00f3w. Ka\u017cda z\u0142ot\u00f3wka pomaga!\",\"breadcrumb\":{\"@id\":\"https:\/\/www.maitri.pl\/projekt\/dozywianie-dzieci-esseng\/#breadcrumb\"},\"inLanguage\":\"fr-FR\",\"potentialAction\":[{\"@type\":\"ReadAction\",\"target\":[\"https:\/\/www.maitri.pl\/projekt\/dozywianie-dzieci-esseng\/\"]}]},{\"@type\":\"ImageObject\",\"inLanguage\":\"fr-FR\",\"@id\":\"https:\/\/www.maitri.pl\/projekt\/dozywianie-dzieci-esseng\/#primaryimage\",\"url\":\"https:\/\/www.maitri.pl\/wp-content\/uploads\/2023\/09\/158-aniol-2.jpg\",\"contentUrl\":\"https:\/\/www.maitri.pl\/wp-content\/uploads\/2023\/09\/158-aniol-2.jpg\",\"width\":1556,\"height\":2074,\"caption\":\"Do\u017cywianie 120 dzieci w przedszkolu w Esseng w Kamerunie Adopcja Serca Adopcja Maitri Adopcja duchowa pomoc ubogim do\u017cywianie 05\"},{\"@type\":\"BreadcrumbList\",\"@id\":\"https:\/\/www.maitri.pl\/projekt\/dozywianie-dzieci-esseng\/#breadcrumb\",\"itemListElement\":[{\"@type\":\"ListItem\",\"position\":1,\"name\":\"Strona g\u0142\u00f3wna\",\"item\":\"https:\/\/www.maitri.pl\/\"},{\"@type\":\"ListItem\",\"position\":2,\"name\":\"Sklep\",\"item\":\"https:\/\/www.maitri.pl\/sklep\/\"},{\"@type\":\"ListItem\",\"position\":3,\"name\":\"Do\u017cywianie 120 dzieci w przedszkolu w Esseng w Kamerunie w roku szkolnym 2023\/2024\"}]},{\"@type\":\"WebSite\",\"@id\":\"https:\/\/www.maitri.pl\/#website\",\"url\":\"https:\/\/www.maitri.pl\/\",\"name\":\"Adopcja Serca Maitri \u2013 pomoc dzieciom w Afryce\",\"description\":\"Adopcja Serca \u2013 adopcja na odleg\u0142o\u015b\u0107, pomoc Afryce, do\u017cywianie i edukacja w Afryce\",\"publisher\":{\"@id\":\"https:\/\/www.maitri.pl\/#organization\"},\"potentialAction\":[{\"@type\":\"SearchAction\",\"target\":{\"@type\":\"EntryPoint\",\"urlTemplate\":\"https:\/\/www.maitri.pl\/?s={search_term_string}\"},\"query-input\":{\"@type\":\"PropertyValueSpecification\",\"valueRequired\":true,\"valueName\":\"search_term_string\"}}],\"inLanguage\":\"fr-FR\"},{\"@type\":\"Organization\",\"@id\":\"https:\/\/www.maitri.pl\/#organization\",\"name\":\"Stowarzyszenie Ruchu Maitri\",\"url\":\"https:\/\/www.maitri.pl\/\",\"logo\":{\"@type\":\"ImageObject\",\"inLanguage\":\"fr-FR\",\"@id\":\"https:\/\/www.maitri.pl\/#\/schema\/logo\/image\/\",\"url\":\"https:\/\/www.maitri.pl\/wp-content\/uploads\/2020\/04\/duze_logo-81.png\",\"contentUrl\":\"https:\/\/www.maitri.pl\/wp-content\/uploads\/2020\/04\/duze_logo-81.png\",\"width\":339,\"height\":321,\"caption\":\"Stowarzyszenie Ruchu Maitri\"},\"image\":{\"@id\":\"https:\/\/www.maitri.pl\/#\/schema\/logo\/image\/\"},\"sameAs\":[\"https:\/\/www.facebook.com\/MAITRI.Adopcja.Serca.dzieci.Afryki\/\"]}]}<\/script>\n<!-- \/ Yoast SEO plugin. -->","yoast_head_json":{"title":"Do\u017cywianie 120 dzieci w przedszkolu w Esseng w Kamerunie","description":"Do\u017cywianie 120 dzieci w przedszkolu w Esseng w Kamerunie w roku szkolnym 2023\/2024. O pomoc prosz\u0105 Siostry od Anio\u0142\u00f3w. Ka\u017cda z\u0142ot\u00f3wka pomaga!","robots":{"index":"index","follow":"follow","max-snippet":"max-snippet:-1","max-image-preview":"max-image-preview:large","max-video-preview":"max-video-preview:-1"},"canonical":"https:\/\/www.maitri.pl\/projekt\/dozywianie-dzieci-esseng\/","og_locale":"fr_FR","og_type":"article","og_title":"Do\u017cywianie 120 dzieci w przedszkolu w Esseng w Kamerunie","og_description":"Do\u017cywianie 120 dzieci w przedszkolu w Esseng w Kamerunie w roku szkolnym 2023\/2024. O pomoc prosz\u0105 Siostry od Anio\u0142\u00f3w. Ka\u017cda z\u0142ot\u00f3wka pomaga!","og_url":"https:\/\/www.maitri.pl\/projekt\/dozywianie-dzieci-esseng\/","og_site_name":"Ruch Maitri - Adopcja Serca pomoc Afryce","article_publisher":"https:\/\/www.facebook.com\/MAITRI.Adopcja.Serca.dzieci.Afryki\/","article_modified_time":"2023-11-09T14:27:08+00:00","og_image":[{"width":1556,"height":2074,"url":"https:\/\/www.maitri.pl\/wp-content\/uploads\/2023\/09\/158-aniol-2.jpg","type":"image\/jpeg"}],"twitter_card":"summary_large_image","twitter_misc":{"Dur\u00e9e de lecture estim\u00e9e":"4 minutes"},"schema":{"@context":"https:\/\/schema.org","@graph":[{"@type":"WebPage","@id":"https:\/\/www.maitri.pl\/projekt\/dozywianie-dzieci-esseng\/","url":"https:\/\/www.maitri.pl\/projekt\/dozywianie-dzieci-esseng\/","name":"Do\u017cywianie 120 dzieci w przedszkolu w Esseng w Kamerunie","isPartOf":{"@id":"https:\/\/www.maitri.pl\/#website"},"primaryImageOfPage":{"@id":"https:\/\/www.maitri.pl\/projekt\/dozywianie-dzieci-esseng\/#primaryimage"},"image":{"@id":"https:\/\/www.maitri.pl\/projekt\/dozywianie-dzieci-esseng\/#primaryimage"},"thumbnailUrl":"https:\/\/www.maitri.pl\/wp-content\/uploads\/2023\/09\/158-aniol-2.jpg","datePublished":"2023-09-22T09:47:07+00:00","dateModified":"2023-11-09T14:27:08+00:00","description":"Do\u017cywianie 120 dzieci w przedszkolu w Esseng w Kamerunie w roku szkolnym 2023\/2024. O pomoc prosz\u0105 Siostry od Anio\u0142\u00f3w. Ka\u017cda z\u0142ot\u00f3wka pomaga!","breadcrumb":{"@id":"https:\/\/www.maitri.pl\/projekt\/dozywianie-dzieci-esseng\/#breadcrumb"},"inLanguage":"fr-FR","potentialAction":[{"@type":"ReadAction","target":["https:\/\/www.maitri.pl\/projekt\/dozywianie-dzieci-esseng\/"]}]},{"@type":"ImageObject","inLanguage":"fr-FR","@id":"https:\/\/www.maitri.pl\/projekt\/dozywianie-dzieci-esseng\/#primaryimage","url":"https:\/\/www.maitri.pl\/wp-content\/uploads\/2023\/09\/158-aniol-2.jpg","contentUrl":"https:\/\/www.maitri.pl\/wp-content\/uploads\/2023\/09\/158-aniol-2.jpg","width":1556,"height":2074,"caption":"Do\u017cywianie 120 dzieci w przedszkolu w Esseng w Kamerunie Adopcja Serca Adopcja Maitri Adopcja duchowa pomoc ubogim do\u017cywianie 05"},{"@type":"BreadcrumbList","@id":"https:\/\/www.maitri.pl\/projekt\/dozywianie-dzieci-esseng\/#breadcrumb","itemListElement":[{"@type":"ListItem","position":1,"name":"Strona g\u0142\u00f3wna","item":"https:\/\/www.maitri.pl\/"},{"@type":"ListItem","position":2,"name":"Sklep","item":"https:\/\/www.maitri.pl\/sklep\/"},{"@type":"ListItem","position":3,"name":"Do\u017cywianie 120 dzieci w przedszkolu w Esseng w Kamerunie w roku szkolnym 2023\/2024"}]},{"@type":"WebSite","@id":"https:\/\/www.maitri.pl\/#website","url":"https:\/\/www.maitri.pl\/","name":"Adopcja Serca Maitri \u2013 pomoc dzieciom w Afryce","description":"Adopcja Serca \u2013 adopcja na odleg\u0142o\u015b\u0107, pomoc Afryce, do\u017cywianie i edukacja w Afryce","publisher":{"@id":"https:\/\/www.maitri.pl\/#organization"},"potentialAction":[{"@type":"SearchAction","target":{"@type":"EntryPoint","urlTemplate":"https:\/\/www.maitri.pl\/?s={search_term_string}"},"query-input":{"@type":"PropertyValueSpecification","valueRequired":true,"valueName":"search_term_string"}}],"inLanguage":"fr-FR"},{"@type":"Organization","@id":"https:\/\/www.maitri.pl\/#organization","name":"Stowarzyszenie Ruchu Maitri","url":"https:\/\/www.maitri.pl\/","logo":{"@type":"ImageObject","inLanguage":"fr-FR","@id":"https:\/\/www.maitri.pl\/#\/schema\/logo\/image\/","url":"https:\/\/www.maitri.pl\/wp-content\/uploads\/2020\/04\/duze_logo-81.png","contentUrl":"https:\/\/www.maitri.pl\/wp-content\/uploads\/2020\/04\/duze_logo-81.png","width":339,"height":321,"caption":"Stowarzyszenie Ruchu Maitri"},"image":{"@id":"https:\/\/www.maitri.pl\/#\/schema\/logo\/image\/"},"sameAs":["https:\/\/www.facebook.com\/MAITRI.Adopcja.Serca.dzieci.Afryki\/"]}]}},"_links":{"self":[{"href":"https:\/\/www.maitri.pl\/fr\/wp-json\/wp\/v2\/product\/29795","targetHints":{"allow":["GET"]}}],"collection":[{"href":"https:\/\/www.maitri.pl\/fr\/wp-json\/wp\/v2\/product"}],"about":[{"href":"https:\/\/www.maitri.pl\/fr\/wp-json\/wp\/v2\/types\/product"}],"wp:featuredmedia":[{"embeddable":true,"href":"https:\/\/www.maitri.pl\/fr\/wp-json\/wp\/v2\/media\/29799"}],"wp:attachment":[{"href":"https:\/\/www.maitri.pl\/fr\/wp-json\/wp\/v2\/media?parent=29795"}],"wp:term":[{"taxonomy":"product_brand","embeddable":true,"href":"https:\/\/www.maitri.pl\/fr\/wp-json\/wp\/v2\/product_brand?post=29795"},{"taxonomy":"product_cat","embeddable":true,"href":"https:\/\/www.maitri.pl\/fr\/wp-json\/wp\/v2\/product_cat?post=29795"},{"taxonomy":"product_tag","embeddable":true,"href":"https:\/\/www.maitri.pl\/fr\/wp-json\/wp\/v2\/product_tag?post=29795"}],"curies":[{"name":"wp","href":"https:\/\/api.w.org\/{rel}","templated":true}]}}