{"id":29778,"date":"2023-09-22T11:14:48","date_gmt":"2023-09-22T09:14:48","guid":{"rendered":"https:\/\/www.maitri.pl\/?post_type=product&#038;p=29778"},"modified":"2023-11-09T15:27:59","modified_gmt":"2023-11-09T14:27:59","slug":"dofinansowanie-dozywianie-kamerun","status":"publish","type":"product","link":"https:\/\/www.maitri.pl\/fr\/projekt\/dofinansowanie-dozywianie-kamerun\/","title":{"rendered":"Dofinansowanie do\u017cywiania oraz pobytu w \u017c\u0142obku dla dzieci z biednych rodzin z Bertoua"},"content":{"rendered":"<h4>Ka\u017cdy otrzyma pomoc!<\/h4>\n<p>Potrzebne dofinansowanie dla \u017c\u0142obka Anio\u0142\u00f3w Str\u00f3\u017c\u00f3w w Bertoua-Kboglota! O\u015brodek istnieje od 11 lat. Ucz\u0119szczaj\u0105 do niego dzieci w wieku od 3 miesi\u0119cy do 3 lat. Nasi podopieczni przebywaj\u0105 w nim od 7:00 do 16:00. W tym czasie ich mamy mog\u0105 pracowa\u0107 lub uczy\u0107 si\u0119. Cz\u0119sto zdarza si\u0119, \u017ce ich matki nadal s\u0105 uczennicami, maj\u0105 po 15, 16 lat. Do \u017c\u0142obka przyjmujemy dzieci nie tylko zdrowe, ale r\u00f3wnie\u017c te, kt\u00f3re maj\u0105 problemy zdrowotne np. dzieci g\u0142uchonieme. To wielka zaleta naszej plac\u00f3wki, poniewa\u017c w innych o\u015brodkach te dzieci s\u0105 odrzucane. Nie zawsze to jest \u0142atwe, bo takim dzieciom trzeba po\u015bwi\u0119ci\u0107 wi\u0119cej uwagi i cierpliwo\u015bci.<\/p>\n<h4>Celem jest zdrowy rozw\u00f3j dzieci<\/h4>\n<p>Dzienny pobyt w \u017c\u0142obku jest p\u0142atny. Rodzice p\u0142ac\u0105 za dzieci, poniewa\u017c trzeba utrzyma\u0107 personel. Na sta\u0142e zatrudnione s\u0105 4 opiekunki, kucharka i str\u00f3\u017c. Jednak ka\u017cdego roku mamy kilkoro dzieci, kt\u00f3re wychowywane s\u0105 przez matki ob\u0142o\u017cnie chore lub matki bardzo m\u0142ode, kt\u00f3re nie s\u0105 w stanie op\u0142aci\u0107 opieki w \u017c\u0142obku. Dofinansowanie pobytu obejmie w\u0142a\u015bnie takie dzieci. Wszyscy podopieczni naszego \u017c\u0142obka maj\u0105 fachow\u0105 opiek\u0119, s\u0105 zadbani i przede wszystkim dobrze od\u017cywieni. Dzieci maj\u0105 tu zapewniony rozw\u00f3j intelektualny i fizyczny. Prowadzimy tak\u017ce program <a href=\"https:\/\/www.maitri.pl\/adopcja-serca\/\" target=\"_blank\" rel=\"noopener\">Adopcja Serca<\/a>.<\/p>\n<h4>Niedo\u017cywieni s\u0105 mniej odporni na choroby<\/h4>\n<p>Ka\u017cdego dnia maj\u0105 zapewnione wy\u017cywienie, co jest bardzo wa\u017cne. Jednak wielu nowym dzieciom brakuje witamin. W swoich domach spo\u017cywaj\u0105 cz\u0119sto tylko jeden posi\u0142ek dziennie. Przez z\u0142e od\u017cywianie zmniejsza si\u0119 odporno\u015b\u0107 organizmu, wi\u0119c rozwijaj\u0105 si\u0119 r\u00f3\u017cne choroby. Temu chcemy zapobiega\u0107. Dlatego prosimy o dofinansowanie akcji do\u017cywiania w naszym \u017c\u0142obku. Jednocze\u015bnie chcemy pom\u00f3c m\u0142odym dziewcz\u0119tom-matkom, aby i one sta\u0142y si\u0119 samodzielne i mog\u0142y sko\u0144czy\u0107 szko\u0142\u0119, a tym samym mie\u0107 szans\u0119 na znalezienie pracy i wychowanie swoich dzieci.<\/p>\n<h4>Kosztorys:<\/h4>\n<table>\n<tbody>\n<tr>\n<td width=\"38\"><strong>Lp<\/strong><\/td>\n<td width=\"295\"><strong>opis<\/strong><\/td>\n<td width=\"109\"><strong>ilo\u015b\u0107<\/strong><\/td>\n<td width=\"106\"><strong>Cena <\/strong><strong>w miejscowej walucie (FR)<\/strong><\/td>\n<td width=\"95\"><strong>kwota<\/strong><\/td>\n<\/tr>\n<tr>\n<td width=\"38\">1<\/td>\n<td width=\"295\">mleko<\/td>\n<td width=\"109\">100 paczek<\/td>\n<td width=\"106\">2 000<\/td>\n<td width=\"95\">200 000<\/td>\n<\/tr>\n<tr>\n<td width=\"38\">2<\/td>\n<td width=\"295\">Ry\u017c 50 kg<\/td>\n<td width=\"109\">4 worki<\/td>\n<td width=\"106\">23 000<\/td>\n<td width=\"95\">92 000<\/td>\n<\/tr>\n<tr>\n<td width=\"38\">3<\/td>\n<td width=\"295\">cukier<\/td>\n<td width=\"109\">1 worek<\/td>\n<td width=\"106\">36 000<\/td>\n<td width=\"95\">36 000<\/td>\n<\/tr>\n<tr>\n<td width=\"38\">4<\/td>\n<td width=\"295\">czekolada<\/td>\n<td width=\"109\">4 op.<\/td>\n<td width=\"106\">8 700<\/td>\n<td width=\"95\">34 800<\/td>\n<\/tr>\n<tr>\n<td width=\"38\">5<\/td>\n<td width=\"295\">olej<\/td>\n<td width=\"109\">10 karton\u00f3w<\/td>\n<td width=\"106\">21 800<\/td>\n<td width=\"95\">218 000<\/td>\n<\/tr>\n<tr>\n<td width=\"38\">6<\/td>\n<td width=\"295\">sardynki<\/td>\n<td width=\"109\">20 karton\u00f3w<\/td>\n<td width=\"106\">24 000<\/td>\n<td width=\"95\">480 000<\/td>\n<\/tr>\n<tr>\n<td width=\"38\">7<\/td>\n<td width=\"295\">makaron<\/td>\n<td width=\"109\">200 paczek<\/td>\n<td width=\"106\">400<\/td>\n<td width=\"95\">80 000<\/td>\n<\/tr>\n<tr>\n<td width=\"38\">8<\/td>\n<td width=\"295\">Sos pomidorowy<\/td>\n<td width=\"109\">4 kartony<\/td>\n<td width=\"106\">14 000<\/td>\n<td width=\"95\">56 000<\/td>\n<\/tr>\n<tr>\n<td width=\"38\">9<\/td>\n<td width=\"295\">s\u00f3l<\/td>\n<td width=\"109\">20 op.<\/td>\n<td width=\"106\">250<\/td>\n<td width=\"95\">5 000<\/td>\n<\/tr>\n<tr>\n<td width=\"38\">10<\/td>\n<td width=\"295\">Banany, maniok, orzeszki ziemne, suszone ryby<\/td>\n<td width=\"109\"><\/td>\n<td width=\"106\"><\/td>\n<td width=\"95\">175 000<\/td>\n<\/tr>\n<tr>\n<td width=\"38\">11<\/td>\n<td width=\"295\">\u015arodki czysto\u015bci oraz dezynfekuj\u0105ce<\/td>\n<td width=\"109\"><\/td>\n<td width=\"106\"><\/td>\n<td width=\"95\">180 000<\/td>\n<\/tr>\n<tr>\n<td width=\"38\">12<\/td>\n<td width=\"295\">Drewno do kuchni<\/td>\n<td width=\"109\"><\/td>\n<td width=\"106\"><\/td>\n<td width=\"95\">160 000<\/td>\n<\/tr>\n<tr>\n<td width=\"38\"><\/td>\n<td colspan=\"2\" width=\"404\"><strong>PODSUMOWANIE w miejscowej walucie<\/strong><\/td>\n<td width=\"106\"><\/td>\n<td width=\"95\"><strong>1 716 800 frank\u00f3w CFA<\/strong><\/td>\n<\/tr>\n<\/tbody>\n<\/table>\n<p>Odpowiedzialna za projekt: <em>Siostra Norberta Banaszek, <a href=\"http:\/\/www.siostrypasjonistki.pl\/\" target=\"_blank\" rel=\"noopener noreferrer\">Zgromadzenie Si\u00f3str M\u0119ki Pana Naszego Jezusa Chrystusa<\/a><\/em><\/p>\n<p><b style=\"font-size: large; color: #ff0000;\">Kwota: 2670 \u20ac <\/b><\/p>\n<p style=\"text-align: justify;\" align=\"JUSTIFY\"><span style=\"color: #808080;\">Stowarzyszenie Ruchu\u00a0<em>Maitri<\/em> przeznacza do 10% otrzymanych \u015brodk\u00f3w na koszty funkcjonowania biura i pozyskiwanie funduszy pomocowych. <\/span><\/p>\n<h3 style=\"text-align: justify;\" align=\"JUSTIFY\"><span style=\"color: #808080;\">Dofinansowanie do\u017cywiania oraz pobytu w \u017c\u0142obku dla dzieci z biednych rodzin z Bertoua-Kboglota w Kamerunie<\/span><\/h3>\n","protected":false},"excerpt":{"rendered":"<p><strong>Projekt:<\/strong> Siostra <em>Norberta Banaszek, <a href=\"http:\/\/www.siostrypasjonistki.pl\/\" target=\"_blank\" rel=\"noopener noreferrer\">Zgromadzenie Si\u00f3str M\u0119ki Pana Naszego Jezusa Chrystusa<\/a><\/em><br \/>\n<strong>Misja:<\/strong> Bertoua-Kboglota, <a href=\"https:\/\/www.maitri.pl\/gdzie-pomagamy\/\" target=\"_blank\" rel=\"noopener noreferrer\">Kamerun<\/a><br \/>\n<strong>Zbierana kwota:<\/strong> <span style=\"color: #ff0000;\"><strong>2670 \u20ac<\/strong><\/span><\/p>\n","protected":false},"featured_media":29786,"template":"","meta":[],"product_brand":[],"product_cat":[656],"product_tag":[856,937,676,658,915,834,740],"class_list":{"0":"post-29778","1":"product","2":"type-product","3":"status-publish","4":"has-post-thumbnail","6":"product_cat-bez-kategorii","7":"product_tag-bertoua","8":"product_tag-bertoua-kboglota","9":"product_tag-dozywianie","10":"product_tag-kamerun","11":"product_tag-pasjonistki","12":"product_tag-siostra-norberta-banaszek","13":"product_tag-zgromadzenie-siostr-meki-pana-naszego-jezusa-chrystusa","15":"first","16":"instock","17":"virtual","18":"purchasable","19":"product-type-simple"},"yoast_head":"<!-- This site is optimized with the Yoast SEO plugin v27.2 - https:\/\/yoast.com\/product\/yoast-seo-wordpress\/ -->\n<title>Dofinansowanie do\u017cywiania oraz pobytu w \u017c\u0142obku dla dzieci<\/title>\n<meta name=\"description\" content=\"Dofinansowanie do\u017cywiania oraz pobytu w \u017c\u0142obku dla dzieci z biednych rodzin. O pomoc prosz\u0105 Siostry Pasjonistki z misjji Bertoua-Kboglota w Kamerunie.\" \/>\n<meta name=\"robots\" content=\"index, follow, max-snippet:-1, max-image-preview:large, max-video-preview:-1\" \/>\n<link rel=\"canonical\" href=\"https:\/\/www.maitri.pl\/projekt\/dofinansowanie-dozywianie-kamerun\/\" \/>\n<meta property=\"og:locale\" content=\"fr_FR\" \/>\n<meta property=\"og:type\" content=\"article\" \/>\n<meta property=\"og:title\" content=\"Dofinansowanie do\u017cywiania oraz pobytu w \u017c\u0142obku dla dzieci\" \/>\n<meta property=\"og:description\" content=\"Dofinansowanie do\u017cywiania oraz pobytu w \u017c\u0142obku dla dzieci z biednych rodzin. O pomoc prosz\u0105 Siostry Pasjonistki z misjji Bertoua-Kboglota w Kamerunie.\" \/>\n<meta property=\"og:url\" content=\"https:\/\/www.maitri.pl\/projekt\/dofinansowanie-dozywianie-kamerun\/\" \/>\n<meta property=\"og:site_name\" content=\"Ruch Maitri - Adopcja Serca pomoc Afryce\" \/>\n<meta property=\"article:publisher\" content=\"https:\/\/www.facebook.com\/MAITRI.Adopcja.Serca.dzieci.Afryki\/\" \/>\n<meta property=\"article:modified_time\" content=\"2023-11-09T14:27:59+00:00\" \/>\n<meta property=\"og:image\" content=\"https:\/\/www.maitri.pl\/wp-content\/uploads\/2023\/09\/152-pasjo-scaled.jpg\" \/>\n\t<meta property=\"og:image:width\" content=\"2560\" \/>\n\t<meta property=\"og:image:height\" content=\"1440\" \/>\n\t<meta property=\"og:image:type\" content=\"image\/jpeg\" \/>\n<meta name=\"twitter:card\" content=\"summary_large_image\" \/>\n<meta name=\"twitter:label1\" content=\"Dur\u00e9e de lecture estim\u00e9e\" \/>\n\t<meta name=\"twitter:data1\" content=\"3 minutes\" \/>\n<script type=\"application\/ld+json\" class=\"yoast-schema-graph\">{\"@context\":\"https:\/\/schema.org\",\"@graph\":[{\"@type\":\"WebPage\",\"@id\":\"https:\/\/www.maitri.pl\/projekt\/dofinansowanie-dozywianie-kamerun\/\",\"url\":\"https:\/\/www.maitri.pl\/projekt\/dofinansowanie-dozywianie-kamerun\/\",\"name\":\"Dofinansowanie do\u017cywiania oraz pobytu w \u017c\u0142obku dla dzieci\",\"isPartOf\":{\"@id\":\"https:\/\/www.maitri.pl\/#website\"},\"primaryImageOfPage\":{\"@id\":\"https:\/\/www.maitri.pl\/projekt\/dofinansowanie-dozywianie-kamerun\/#primaryimage\"},\"image\":{\"@id\":\"https:\/\/www.maitri.pl\/projekt\/dofinansowanie-dozywianie-kamerun\/#primaryimage\"},\"thumbnailUrl\":\"https:\/\/www.maitri.pl\/wp-content\/uploads\/2023\/09\/152-pasjo-scaled.jpg\",\"datePublished\":\"2023-09-22T09:14:48+00:00\",\"dateModified\":\"2023-11-09T14:27:59+00:00\",\"description\":\"Dofinansowanie do\u017cywiania oraz pobytu w \u017c\u0142obku dla dzieci z biednych rodzin. O pomoc prosz\u0105 Siostry Pasjonistki z misjji Bertoua-Kboglota w Kamerunie.\",\"breadcrumb\":{\"@id\":\"https:\/\/www.maitri.pl\/projekt\/dofinansowanie-dozywianie-kamerun\/#breadcrumb\"},\"inLanguage\":\"fr-FR\",\"potentialAction\":[{\"@type\":\"ReadAction\",\"target\":[\"https:\/\/www.maitri.pl\/projekt\/dofinansowanie-dozywianie-kamerun\/\"]}]},{\"@type\":\"ImageObject\",\"inLanguage\":\"fr-FR\",\"@id\":\"https:\/\/www.maitri.pl\/projekt\/dofinansowanie-dozywianie-kamerun\/#primaryimage\",\"url\":\"https:\/\/www.maitri.pl\/wp-content\/uploads\/2023\/09\/152-pasjo-scaled.jpg\",\"contentUrl\":\"https:\/\/www.maitri.pl\/wp-content\/uploads\/2023\/09\/152-pasjo-scaled.jpg\",\"width\":2560,\"height\":1440,\"caption\":\"Dofinansowanie do\u017cywiania oraz pobytu w \u017c\u0142obku dla dzieci z biednych rodzin z Bertoua w Kamerunie Adopcja Serca Adopcja Maitri do\u017cywianie Adopcja duchowa pomoc ubogim 02\"},{\"@type\":\"BreadcrumbList\",\"@id\":\"https:\/\/www.maitri.pl\/projekt\/dofinansowanie-dozywianie-kamerun\/#breadcrumb\",\"itemListElement\":[{\"@type\":\"ListItem\",\"position\":1,\"name\":\"Strona g\u0142\u00f3wna\",\"item\":\"https:\/\/www.maitri.pl\/\"},{\"@type\":\"ListItem\",\"position\":2,\"name\":\"Sklep\",\"item\":\"https:\/\/www.maitri.pl\/sklep\/\"},{\"@type\":\"ListItem\",\"position\":3,\"name\":\"Dofinansowanie do\u017cywiania oraz pobytu w \u017c\u0142obku dla dzieci z biednych rodzin z Bertoua\"}]},{\"@type\":\"WebSite\",\"@id\":\"https:\/\/www.maitri.pl\/#website\",\"url\":\"https:\/\/www.maitri.pl\/\",\"name\":\"Adopcja Serca Maitri \u2013 pomoc dzieciom w Afryce\",\"description\":\"Adopcja Serca \u2013 adopcja na odleg\u0142o\u015b\u0107, pomoc Afryce, do\u017cywianie i edukacja w Afryce\",\"publisher\":{\"@id\":\"https:\/\/www.maitri.pl\/#organization\"},\"potentialAction\":[{\"@type\":\"SearchAction\",\"target\":{\"@type\":\"EntryPoint\",\"urlTemplate\":\"https:\/\/www.maitri.pl\/?s={search_term_string}\"},\"query-input\":{\"@type\":\"PropertyValueSpecification\",\"valueRequired\":true,\"valueName\":\"search_term_string\"}}],\"inLanguage\":\"fr-FR\"},{\"@type\":\"Organization\",\"@id\":\"https:\/\/www.maitri.pl\/#organization\",\"name\":\"Stowarzyszenie Ruchu Maitri\",\"url\":\"https:\/\/www.maitri.pl\/\",\"logo\":{\"@type\":\"ImageObject\",\"inLanguage\":\"fr-FR\",\"@id\":\"https:\/\/www.maitri.pl\/#\/schema\/logo\/image\/\",\"url\":\"https:\/\/www.maitri.pl\/wp-content\/uploads\/2020\/04\/duze_logo-81.png\",\"contentUrl\":\"https:\/\/www.maitri.pl\/wp-content\/uploads\/2020\/04\/duze_logo-81.png\",\"width\":339,\"height\":321,\"caption\":\"Stowarzyszenie Ruchu Maitri\"},\"image\":{\"@id\":\"https:\/\/www.maitri.pl\/#\/schema\/logo\/image\/\"},\"sameAs\":[\"https:\/\/www.facebook.com\/MAITRI.Adopcja.Serca.dzieci.Afryki\/\"]}]}<\/script>\n<!-- \/ Yoast SEO plugin. -->","yoast_head_json":{"title":"Dofinansowanie do\u017cywiania oraz pobytu w \u017c\u0142obku dla dzieci","description":"Dofinansowanie do\u017cywiania oraz pobytu w \u017c\u0142obku dla dzieci z biednych rodzin. O pomoc prosz\u0105 Siostry Pasjonistki z misjji Bertoua-Kboglota w Kamerunie.","robots":{"index":"index","follow":"follow","max-snippet":"max-snippet:-1","max-image-preview":"max-image-preview:large","max-video-preview":"max-video-preview:-1"},"canonical":"https:\/\/www.maitri.pl\/projekt\/dofinansowanie-dozywianie-kamerun\/","og_locale":"fr_FR","og_type":"article","og_title":"Dofinansowanie do\u017cywiania oraz pobytu w \u017c\u0142obku dla dzieci","og_description":"Dofinansowanie do\u017cywiania oraz pobytu w \u017c\u0142obku dla dzieci z biednych rodzin. O pomoc prosz\u0105 Siostry Pasjonistki z misjji Bertoua-Kboglota w Kamerunie.","og_url":"https:\/\/www.maitri.pl\/projekt\/dofinansowanie-dozywianie-kamerun\/","og_site_name":"Ruch Maitri - Adopcja Serca pomoc Afryce","article_publisher":"https:\/\/www.facebook.com\/MAITRI.Adopcja.Serca.dzieci.Afryki\/","article_modified_time":"2023-11-09T14:27:59+00:00","og_image":[{"width":2560,"height":1440,"url":"https:\/\/www.maitri.pl\/wp-content\/uploads\/2023\/09\/152-pasjo-scaled.jpg","type":"image\/jpeg"}],"twitter_card":"summary_large_image","twitter_misc":{"Dur\u00e9e de lecture estim\u00e9e":"3 minutes"},"schema":{"@context":"https:\/\/schema.org","@graph":[{"@type":"WebPage","@id":"https:\/\/www.maitri.pl\/projekt\/dofinansowanie-dozywianie-kamerun\/","url":"https:\/\/www.maitri.pl\/projekt\/dofinansowanie-dozywianie-kamerun\/","name":"Dofinansowanie do\u017cywiania oraz pobytu w \u017c\u0142obku dla dzieci","isPartOf":{"@id":"https:\/\/www.maitri.pl\/#website"},"primaryImageOfPage":{"@id":"https:\/\/www.maitri.pl\/projekt\/dofinansowanie-dozywianie-kamerun\/#primaryimage"},"image":{"@id":"https:\/\/www.maitri.pl\/projekt\/dofinansowanie-dozywianie-kamerun\/#primaryimage"},"thumbnailUrl":"https:\/\/www.maitri.pl\/wp-content\/uploads\/2023\/09\/152-pasjo-scaled.jpg","datePublished":"2023-09-22T09:14:48+00:00","dateModified":"2023-11-09T14:27:59+00:00","description":"Dofinansowanie do\u017cywiania oraz pobytu w \u017c\u0142obku dla dzieci z biednych rodzin. O pomoc prosz\u0105 Siostry Pasjonistki z misjji Bertoua-Kboglota w Kamerunie.","breadcrumb":{"@id":"https:\/\/www.maitri.pl\/projekt\/dofinansowanie-dozywianie-kamerun\/#breadcrumb"},"inLanguage":"fr-FR","potentialAction":[{"@type":"ReadAction","target":["https:\/\/www.maitri.pl\/projekt\/dofinansowanie-dozywianie-kamerun\/"]}]},{"@type":"ImageObject","inLanguage":"fr-FR","@id":"https:\/\/www.maitri.pl\/projekt\/dofinansowanie-dozywianie-kamerun\/#primaryimage","url":"https:\/\/www.maitri.pl\/wp-content\/uploads\/2023\/09\/152-pasjo-scaled.jpg","contentUrl":"https:\/\/www.maitri.pl\/wp-content\/uploads\/2023\/09\/152-pasjo-scaled.jpg","width":2560,"height":1440,"caption":"Dofinansowanie do\u017cywiania oraz pobytu w \u017c\u0142obku dla dzieci z biednych rodzin z Bertoua w Kamerunie Adopcja Serca Adopcja Maitri do\u017cywianie Adopcja duchowa pomoc ubogim 02"},{"@type":"BreadcrumbList","@id":"https:\/\/www.maitri.pl\/projekt\/dofinansowanie-dozywianie-kamerun\/#breadcrumb","itemListElement":[{"@type":"ListItem","position":1,"name":"Strona g\u0142\u00f3wna","item":"https:\/\/www.maitri.pl\/"},{"@type":"ListItem","position":2,"name":"Sklep","item":"https:\/\/www.maitri.pl\/sklep\/"},{"@type":"ListItem","position":3,"name":"Dofinansowanie do\u017cywiania oraz pobytu w \u017c\u0142obku dla dzieci z biednych rodzin z Bertoua"}]},{"@type":"WebSite","@id":"https:\/\/www.maitri.pl\/#website","url":"https:\/\/www.maitri.pl\/","name":"Adopcja Serca Maitri \u2013 pomoc dzieciom w Afryce","description":"Adopcja Serca \u2013 adopcja na odleg\u0142o\u015b\u0107, pomoc Afryce, do\u017cywianie i edukacja w Afryce","publisher":{"@id":"https:\/\/www.maitri.pl\/#organization"},"potentialAction":[{"@type":"SearchAction","target":{"@type":"EntryPoint","urlTemplate":"https:\/\/www.maitri.pl\/?s={search_term_string}"},"query-input":{"@type":"PropertyValueSpecification","valueRequired":true,"valueName":"search_term_string"}}],"inLanguage":"fr-FR"},{"@type":"Organization","@id":"https:\/\/www.maitri.pl\/#organization","name":"Stowarzyszenie Ruchu Maitri","url":"https:\/\/www.maitri.pl\/","logo":{"@type":"ImageObject","inLanguage":"fr-FR","@id":"https:\/\/www.maitri.pl\/#\/schema\/logo\/image\/","url":"https:\/\/www.maitri.pl\/wp-content\/uploads\/2020\/04\/duze_logo-81.png","contentUrl":"https:\/\/www.maitri.pl\/wp-content\/uploads\/2020\/04\/duze_logo-81.png","width":339,"height":321,"caption":"Stowarzyszenie Ruchu Maitri"},"image":{"@id":"https:\/\/www.maitri.pl\/#\/schema\/logo\/image\/"},"sameAs":["https:\/\/www.facebook.com\/MAITRI.Adopcja.Serca.dzieci.Afryki\/"]}]}},"_links":{"self":[{"href":"https:\/\/www.maitri.pl\/fr\/wp-json\/wp\/v2\/product\/29778","targetHints":{"allow":["GET"]}}],"collection":[{"href":"https:\/\/www.maitri.pl\/fr\/wp-json\/wp\/v2\/product"}],"about":[{"href":"https:\/\/www.maitri.pl\/fr\/wp-json\/wp\/v2\/types\/product"}],"wp:featuredmedia":[{"embeddable":true,"href":"https:\/\/www.maitri.pl\/fr\/wp-json\/wp\/v2\/media\/29786"}],"wp:attachment":[{"href":"https:\/\/www.maitri.pl\/fr\/wp-json\/wp\/v2\/media?parent=29778"}],"wp:term":[{"taxonomy":"product_brand","embeddable":true,"href":"https:\/\/www.maitri.pl\/fr\/wp-json\/wp\/v2\/product_brand?post=29778"},{"taxonomy":"product_cat","embeddable":true,"href":"https:\/\/www.maitri.pl\/fr\/wp-json\/wp\/v2\/product_cat?post=29778"},{"taxonomy":"product_tag","embeddable":true,"href":"https:\/\/www.maitri.pl\/fr\/wp-json\/wp\/v2\/product_tag?post=29778"}],"curies":[{"name":"wp","href":"https:\/\/api.w.org\/{rel}","templated":true}]}}