{"id":29682,"date":"2023-09-04T16:22:50","date_gmt":"2023-09-04T14:22:50","guid":{"rendered":"https:\/\/www.maitri.pl\/?post_type=product&#038;p=29682"},"modified":"2023-09-04T16:22:50","modified_gmt":"2023-09-04T14:22:50","slug":"pallotynki-pomoc-narzedzia","status":"publish","type":"product","link":"https:\/\/www.maitri.pl\/fr\/projekt\/pallotynki-pomoc-narzedzia\/","title":{"rendered":"Pallotynki prosz\u0105 o pomoc w zakupie narz\u0119dzi dla 27 absolwent\u00f3w z Rutshuru"},"content":{"rendered":"<h4>Udany start dla najbiedniejszych<\/h4>\n<p>Pom\u00f3\u017cmy im wystartowa\u0107! Tak jak w ubieg\u0142ych latach, Siostry Pallotynki z misji w Rutshuru skierowa\u0142y do nas pro\u015bb\u0119 o sfinansowanie zakupu narz\u0119dzi dla absolwent\u00f3w szk\u00f3\u0142 zawodowych. Miejscowy opiekun przekaza\u0142 list\u0119 dzieci z programu <a href=\"https:\/\/www.maitri.pl\/adopcja-serca\/\" target=\"_blank\" rel=\"noopener\">Adopcja Serca<\/a>, kt\u00f3re w tym roku zako\u0144cz\u0105 szkolenie w r\u00f3\u017cnych zawodach. Rodziny dzieci nie maj\u0105 \u015brodk\u00f3w, aby zapewni\u0107 ka\u017cdemu absolwentowi na w\u0142asno\u015b\u0107 narz\u0119dzia, kt\u00f3re umo\u017cliwi\u0105 mu wykonywanie wyuczonego zawodu i zarabianie w\u0142asn\u0105 prac\u0105 na swoje utrzymanie. Prosimy o wsparcie zakupu narz\u0119dzi dla absolwent\u00f3w szko\u0142y w Rutshuru.<\/p>\n<h4>Nie maj\u0105 nic poza talentem<\/h4>\n<p>To niezwykle wa\u017cne, bo dzi\u0119ki niewielkiej pomocy b\u0119d\u0105 w stanie sami zarabia\u0107 na chleb i w\u0142asne utrzymanie. Gdy rozpoczn\u0105 prac\u0119 stolarzy, krawcowych i mechanik\u00f3w b\u0119da mogli pom\u00f3c finansowo r\u00f3wnie\u017c rodzinom. Siostry Pallotynki i my dzia\u0142amy tam zgodnie z zasad\u0105 \u00ab\u00a0daj w\u0119dk\u0119, a nie ryb\u0119\u00a0\u00bb. Nasi podopieczni potrafi\u0105 naprawia\u0107 auta, konstruowa\u0107 meble, zajmuj\u0105 si\u0119 ciesielk\u0105, fryzjerstwem i innymi pracami. Zakup narz\u0119dzi umo\u017cliwi im otworzenie w\u0142asnych przydomowych zak\u0142ad\u00f3w i zarabianie na \u017cycie.<\/p>\n<p>Nasi podopieczni odbywaj\u0105 szkolenie w zawodach:<\/p>\n<ul>\n<li>krawiectwo &#8211; dla nich trzeba kupi\u0107 maszyny do szycia i akcesoria, kt\u00f3re pomog\u0105 im prowadzi\u0107 niezale\u017cne \u017cycie.<\/li>\n<li>stolarstwo &#8211; dla nich trzeba kupi\u0107 zestawy narz\u0119dzi stolarskich,<\/li>\n<li>mechanika samochodowa &#8211; dla nich trzeba kupi\u0107 komplety narz\u0119dzi dla mechanika.<\/li>\n<\/ul>\n<h4><strong>Kosztorys:<\/strong><strong>\u00a0<\/strong><\/h4>\n<table>\n<tbody>\n<tr>\n<td width=\"34\"><strong>LP<\/strong><\/td>\n<td width=\"223\"><strong>OPIS<\/strong><\/td>\n<td width=\"128\"><strong>ilo\u015b\u0107<\/strong><\/td>\n<td width=\"129\"><strong>Cena <\/strong><strong>w miejscowej walucie<\/strong><\/td>\n<td width=\"129\"><strong>Kwota <\/strong><strong>w miejscowej walucie<\/strong><\/td>\n<\/tr>\n<tr>\n<td width=\"34\">1<\/td>\n<td width=\"223\">Maszyna do szycia + akcesoria<\/td>\n<td width=\"128\">19 szt.<\/td>\n<td width=\"129\">200<\/td>\n<td width=\"129\">3.800<\/td>\n<\/tr>\n<tr>\n<td width=\"34\">2<\/td>\n<td width=\"223\">Zestaw narz\u0119dzi dla mechanika<\/td>\n<td width=\"128\">2 kpl.<\/td>\n<td width=\"129\">400<\/td>\n<td width=\"129\">400<\/td>\n<\/tr>\n<tr>\n<td width=\"34\">3<\/td>\n<td width=\"223\">Zestaw narz\u0119dzi dla stolarza<\/td>\n<td width=\"128\">6 kpl.<\/td>\n<td width=\"129\">200<\/td>\n<td width=\"129\">1.200<\/td>\n<\/tr>\n<tr>\n<td width=\"34\"><strong>\u00a0<\/strong><\/td>\n<td width=\"223\"><strong>RAZEM<\/strong><\/td>\n<td width=\"128\"><strong>\u00a0<\/strong><\/td>\n<td width=\"129\"><strong>\u00a0<\/strong><\/td>\n<td width=\"129\"><strong>5.400<\/strong><\/td>\n<\/tr>\n<\/tbody>\n<\/table>\n<p><strong>\u00a0<\/strong><\/p>\n<p>\u201eMaj\u0105c nadziej\u0119, \u017ce pro\u015bba zostanie wys\u0142uchana i jeszcze raz dzi\u0119kuj\u0105c, prosimy o wsparcie, wierz\u0105c w nasz\u0105 wieloletni\u0105 wsp\u00f3\u0142prac\u0119.\u201d<\/p>\n<p>W imieniu misji Adelard Matsipa, organizator<\/p>\n<p><em>s. Diane Iradukunda, <a href=\"http:\/\/www.pallotynki.pl\/\" target=\"_blank\" rel=\"noopener noreferrer\">Zgromadzenie Si\u00f3str Apostolstwa Katolickiego (Pallotynki)<\/a>, misja Rutshuru, Demokratyczna Republika Konga<\/em><\/p>\n<p style=\"text-align: justify;\" align=\"JUSTIFY\"><strong>Numer projektu 380\/PALLS<\/strong><\/p>\n<p style=\"text-align: justify;\" align=\"JUSTIFY\"><span style=\"color: #ff0000;\"><span style=\"font-size: large;\"><b>Kwota projektu: 5400 \u20ac<\/b><\/span><\/span><\/p>\n<p style=\"text-align: justify;\" align=\"JUSTIFY\"><span style=\"color: #808080;\">Stowarzyszenie Ruchu\u00a0<em>Maitri<\/em>\u00a0przeznacza do 10% otrzymanych \u015brodk\u00f3w na koszty funkcjonowania biura i pozyskiwanie funduszy pomocowych.<\/span><\/p>\n<h3 style=\"text-align: justify;\" align=\"JUSTIFY\"><span style=\"color: #808080;\">Pallotynki prosz\u0105 o pomoc w zakupie narz\u0119dzi dla 27 absolwent\u00f3w z Rutshuru<\/span><\/h3>\n","protected":false},"excerpt":{"rendered":"<p><strong>Projekt:\u00a0<\/strong> S. Diane Iradukunda, <a href=\"http:\/\/www.pallotynki.pl\/\" target=\"_blank\" rel=\"noopener noreferrer\">Zgromadzenie Si\u00f3str Misjonarek Apostolstwa Katolickiego<\/a><br \/>\n<strong>Misja:<\/strong> Rutshuru, <a href=\"https:\/\/www.maitri.pl\/gdzie-pomagamy\/\" target=\"_blank\" rel=\"noopener noreferrer\">DR Kongo<\/a><br \/>\n<strong>Kwota projektu: <span style=\"color: #ff0000;\">5400 \u20ac<\/span><\/strong><\/p>\n","protected":false},"featured_media":29683,"template":"","meta":[],"product_brand":[],"product_cat":[656],"product_tag":[690,847,764],"class_list":{"0":"post-29682","1":"product","2":"type-product","3":"status-publish","4":"has-post-thumbnail","6":"product_cat-bez-kategorii","7":"product_tag-dr-kongo","8":"product_tag-pallotynki","9":"product_tag-rutshuru","11":"first","12":"instock","13":"virtual","14":"purchasable","15":"product-type-simple"},"yoast_head":"<!-- This site is optimized with the Yoast SEO plugin v27.2 - https:\/\/yoast.com\/product\/yoast-seo-wordpress\/ -->\n<title>Pallotynki prosz\u0105 o pomoc w zakupie narz\u0119dzi dla 27 absolwent\u00f3w z Rutshuru<\/title>\n<meta name=\"description\" content=\"Pallotynki prosz\u0105 o pomoc w zakupie narz\u0119dzi dla 27 absolwent\u00f3w z Rutshuru. Wsparcie obejmie podopiecznych programu Adopcja Serca z DR Kongo.\" \/>\n<meta name=\"robots\" content=\"index, follow, max-snippet:-1, max-image-preview:large, max-video-preview:-1\" \/>\n<link rel=\"canonical\" href=\"https:\/\/www.maitri.pl\/projekt\/pallotynki-pomoc-narzedzia\/\" \/>\n<meta property=\"og:locale\" content=\"fr_FR\" \/>\n<meta property=\"og:type\" content=\"article\" \/>\n<meta property=\"og:title\" content=\"Pallotynki prosz\u0105 o pomoc w zakupie narz\u0119dzi dla 27 absolwent\u00f3w z Rutshuru\" \/>\n<meta property=\"og:description\" content=\"Pallotynki prosz\u0105 o pomoc w zakupie narz\u0119dzi dla 27 absolwent\u00f3w z Rutshuru. Wsparcie obejmie podopiecznych programu Adopcja Serca z DR Kongo.\" \/>\n<meta property=\"og:url\" content=\"https:\/\/www.maitri.pl\/projekt\/pallotynki-pomoc-narzedzia\/\" \/>\n<meta property=\"og:site_name\" content=\"Ruch Maitri - Adopcja Serca pomoc Afryce\" \/>\n<meta property=\"article:publisher\" content=\"https:\/\/www.facebook.com\/MAITRI.Adopcja.Serca.dzieci.Afryki\/\" \/>\n<meta property=\"og:image\" content=\"https:\/\/www.maitri.pl\/wp-content\/uploads\/2023\/09\/DSCF7091.jpg\" \/>\n\t<meta property=\"og:image:width\" content=\"1469\" \/>\n\t<meta property=\"og:image:height\" content=\"980\" \/>\n\t<meta property=\"og:image:type\" content=\"image\/jpeg\" \/>\n<meta name=\"twitter:card\" content=\"summary_large_image\" \/>\n<meta name=\"twitter:label1\" content=\"Dur\u00e9e de lecture estim\u00e9e\" \/>\n\t<meta name=\"twitter:data1\" content=\"2 minutes\" \/>\n<script type=\"application\/ld+json\" class=\"yoast-schema-graph\">{\"@context\":\"https:\/\/schema.org\",\"@graph\":[{\"@type\":\"WebPage\",\"@id\":\"https:\/\/www.maitri.pl\/projekt\/pallotynki-pomoc-narzedzia\/\",\"url\":\"https:\/\/www.maitri.pl\/projekt\/pallotynki-pomoc-narzedzia\/\",\"name\":\"Pallotynki prosz\u0105 o pomoc w zakupie narz\u0119dzi dla 27 absolwent\u00f3w z Rutshuru\",\"isPartOf\":{\"@id\":\"https:\/\/www.maitri.pl\/#website\"},\"primaryImageOfPage\":{\"@id\":\"https:\/\/www.maitri.pl\/projekt\/pallotynki-pomoc-narzedzia\/#primaryimage\"},\"image\":{\"@id\":\"https:\/\/www.maitri.pl\/projekt\/pallotynki-pomoc-narzedzia\/#primaryimage\"},\"thumbnailUrl\":\"https:\/\/www.maitri.pl\/wp-content\/uploads\/2023\/09\/DSCF7091.jpg\",\"datePublished\":\"2023-09-04T14:22:50+00:00\",\"description\":\"Pallotynki prosz\u0105 o pomoc w zakupie narz\u0119dzi dla 27 absolwent\u00f3w z Rutshuru. Wsparcie obejmie podopiecznych programu Adopcja Serca z DR Kongo.\",\"breadcrumb\":{\"@id\":\"https:\/\/www.maitri.pl\/projekt\/pallotynki-pomoc-narzedzia\/#breadcrumb\"},\"inLanguage\":\"fr-FR\",\"potentialAction\":[{\"@type\":\"ReadAction\",\"target\":[\"https:\/\/www.maitri.pl\/projekt\/pallotynki-pomoc-narzedzia\/\"]}]},{\"@type\":\"ImageObject\",\"inLanguage\":\"fr-FR\",\"@id\":\"https:\/\/www.maitri.pl\/projekt\/pallotynki-pomoc-narzedzia\/#primaryimage\",\"url\":\"https:\/\/www.maitri.pl\/wp-content\/uploads\/2023\/09\/DSCF7091.jpg\",\"contentUrl\":\"https:\/\/www.maitri.pl\/wp-content\/uploads\/2023\/09\/DSCF7091.jpg\",\"width\":1469,\"height\":980,\"caption\":\"Pallotynki prosz\u0105 o pomoc w zakupie narz\u0119dzi dla 27 absolwent\u00f3w z Rutshuru Adopcja Serca Adopcja Maitri Adopcja duchowa 03\"},{\"@type\":\"BreadcrumbList\",\"@id\":\"https:\/\/www.maitri.pl\/projekt\/pallotynki-pomoc-narzedzia\/#breadcrumb\",\"itemListElement\":[{\"@type\":\"ListItem\",\"position\":1,\"name\":\"Strona g\u0142\u00f3wna\",\"item\":\"https:\/\/www.maitri.pl\/\"},{\"@type\":\"ListItem\",\"position\":2,\"name\":\"Sklep\",\"item\":\"https:\/\/www.maitri.pl\/sklep\/\"},{\"@type\":\"ListItem\",\"position\":3,\"name\":\"Pallotynki prosz\u0105 o pomoc w zakupie narz\u0119dzi dla 27 absolwent\u00f3w z Rutshuru\"}]},{\"@type\":\"WebSite\",\"@id\":\"https:\/\/www.maitri.pl\/#website\",\"url\":\"https:\/\/www.maitri.pl\/\",\"name\":\"Adopcja Serca Maitri \u2013 pomoc dzieciom w Afryce\",\"description\":\"Adopcja Serca \u2013 adopcja na odleg\u0142o\u015b\u0107, pomoc Afryce, do\u017cywianie i edukacja w Afryce\",\"publisher\":{\"@id\":\"https:\/\/www.maitri.pl\/#organization\"},\"potentialAction\":[{\"@type\":\"SearchAction\",\"target\":{\"@type\":\"EntryPoint\",\"urlTemplate\":\"https:\/\/www.maitri.pl\/?s={search_term_string}\"},\"query-input\":{\"@type\":\"PropertyValueSpecification\",\"valueRequired\":true,\"valueName\":\"search_term_string\"}}],\"inLanguage\":\"fr-FR\"},{\"@type\":\"Organization\",\"@id\":\"https:\/\/www.maitri.pl\/#organization\",\"name\":\"Stowarzyszenie Ruchu Maitri\",\"url\":\"https:\/\/www.maitri.pl\/\",\"logo\":{\"@type\":\"ImageObject\",\"inLanguage\":\"fr-FR\",\"@id\":\"https:\/\/www.maitri.pl\/#\/schema\/logo\/image\/\",\"url\":\"https:\/\/www.maitri.pl\/wp-content\/uploads\/2020\/04\/duze_logo-81.png\",\"contentUrl\":\"https:\/\/www.maitri.pl\/wp-content\/uploads\/2020\/04\/duze_logo-81.png\",\"width\":339,\"height\":321,\"caption\":\"Stowarzyszenie Ruchu Maitri\"},\"image\":{\"@id\":\"https:\/\/www.maitri.pl\/#\/schema\/logo\/image\/\"},\"sameAs\":[\"https:\/\/www.facebook.com\/MAITRI.Adopcja.Serca.dzieci.Afryki\/\"]}]}<\/script>\n<!-- \/ Yoast SEO plugin. -->","yoast_head_json":{"title":"Pallotynki prosz\u0105 o pomoc w zakupie narz\u0119dzi dla 27 absolwent\u00f3w z Rutshuru","description":"Pallotynki prosz\u0105 o pomoc w zakupie narz\u0119dzi dla 27 absolwent\u00f3w z Rutshuru. Wsparcie obejmie podopiecznych programu Adopcja Serca z DR Kongo.","robots":{"index":"index","follow":"follow","max-snippet":"max-snippet:-1","max-image-preview":"max-image-preview:large","max-video-preview":"max-video-preview:-1"},"canonical":"https:\/\/www.maitri.pl\/projekt\/pallotynki-pomoc-narzedzia\/","og_locale":"fr_FR","og_type":"article","og_title":"Pallotynki prosz\u0105 o pomoc w zakupie narz\u0119dzi dla 27 absolwent\u00f3w z Rutshuru","og_description":"Pallotynki prosz\u0105 o pomoc w zakupie narz\u0119dzi dla 27 absolwent\u00f3w z Rutshuru. Wsparcie obejmie podopiecznych programu Adopcja Serca z DR Kongo.","og_url":"https:\/\/www.maitri.pl\/projekt\/pallotynki-pomoc-narzedzia\/","og_site_name":"Ruch Maitri - Adopcja Serca pomoc Afryce","article_publisher":"https:\/\/www.facebook.com\/MAITRI.Adopcja.Serca.dzieci.Afryki\/","og_image":[{"width":1469,"height":980,"url":"https:\/\/www.maitri.pl\/wp-content\/uploads\/2023\/09\/DSCF7091.jpg","type":"image\/jpeg"}],"twitter_card":"summary_large_image","twitter_misc":{"Dur\u00e9e de lecture estim\u00e9e":"2 minutes"},"schema":{"@context":"https:\/\/schema.org","@graph":[{"@type":"WebPage","@id":"https:\/\/www.maitri.pl\/projekt\/pallotynki-pomoc-narzedzia\/","url":"https:\/\/www.maitri.pl\/projekt\/pallotynki-pomoc-narzedzia\/","name":"Pallotynki prosz\u0105 o pomoc w zakupie narz\u0119dzi dla 27 absolwent\u00f3w z Rutshuru","isPartOf":{"@id":"https:\/\/www.maitri.pl\/#website"},"primaryImageOfPage":{"@id":"https:\/\/www.maitri.pl\/projekt\/pallotynki-pomoc-narzedzia\/#primaryimage"},"image":{"@id":"https:\/\/www.maitri.pl\/projekt\/pallotynki-pomoc-narzedzia\/#primaryimage"},"thumbnailUrl":"https:\/\/www.maitri.pl\/wp-content\/uploads\/2023\/09\/DSCF7091.jpg","datePublished":"2023-09-04T14:22:50+00:00","description":"Pallotynki prosz\u0105 o pomoc w zakupie narz\u0119dzi dla 27 absolwent\u00f3w z Rutshuru. Wsparcie obejmie podopiecznych programu Adopcja Serca z DR Kongo.","breadcrumb":{"@id":"https:\/\/www.maitri.pl\/projekt\/pallotynki-pomoc-narzedzia\/#breadcrumb"},"inLanguage":"fr-FR","potentialAction":[{"@type":"ReadAction","target":["https:\/\/www.maitri.pl\/projekt\/pallotynki-pomoc-narzedzia\/"]}]},{"@type":"ImageObject","inLanguage":"fr-FR","@id":"https:\/\/www.maitri.pl\/projekt\/pallotynki-pomoc-narzedzia\/#primaryimage","url":"https:\/\/www.maitri.pl\/wp-content\/uploads\/2023\/09\/DSCF7091.jpg","contentUrl":"https:\/\/www.maitri.pl\/wp-content\/uploads\/2023\/09\/DSCF7091.jpg","width":1469,"height":980,"caption":"Pallotynki prosz\u0105 o pomoc w zakupie narz\u0119dzi dla 27 absolwent\u00f3w z Rutshuru Adopcja Serca Adopcja Maitri Adopcja duchowa 03"},{"@type":"BreadcrumbList","@id":"https:\/\/www.maitri.pl\/projekt\/pallotynki-pomoc-narzedzia\/#breadcrumb","itemListElement":[{"@type":"ListItem","position":1,"name":"Strona g\u0142\u00f3wna","item":"https:\/\/www.maitri.pl\/"},{"@type":"ListItem","position":2,"name":"Sklep","item":"https:\/\/www.maitri.pl\/sklep\/"},{"@type":"ListItem","position":3,"name":"Pallotynki prosz\u0105 o pomoc w zakupie narz\u0119dzi dla 27 absolwent\u00f3w z Rutshuru"}]},{"@type":"WebSite","@id":"https:\/\/www.maitri.pl\/#website","url":"https:\/\/www.maitri.pl\/","name":"Adopcja Serca Maitri \u2013 pomoc dzieciom w Afryce","description":"Adopcja Serca \u2013 adopcja na odleg\u0142o\u015b\u0107, pomoc Afryce, do\u017cywianie i edukacja w Afryce","publisher":{"@id":"https:\/\/www.maitri.pl\/#organization"},"potentialAction":[{"@type":"SearchAction","target":{"@type":"EntryPoint","urlTemplate":"https:\/\/www.maitri.pl\/?s={search_term_string}"},"query-input":{"@type":"PropertyValueSpecification","valueRequired":true,"valueName":"search_term_string"}}],"inLanguage":"fr-FR"},{"@type":"Organization","@id":"https:\/\/www.maitri.pl\/#organization","name":"Stowarzyszenie Ruchu Maitri","url":"https:\/\/www.maitri.pl\/","logo":{"@type":"ImageObject","inLanguage":"fr-FR","@id":"https:\/\/www.maitri.pl\/#\/schema\/logo\/image\/","url":"https:\/\/www.maitri.pl\/wp-content\/uploads\/2020\/04\/duze_logo-81.png","contentUrl":"https:\/\/www.maitri.pl\/wp-content\/uploads\/2020\/04\/duze_logo-81.png","width":339,"height":321,"caption":"Stowarzyszenie Ruchu Maitri"},"image":{"@id":"https:\/\/www.maitri.pl\/#\/schema\/logo\/image\/"},"sameAs":["https:\/\/www.facebook.com\/MAITRI.Adopcja.Serca.dzieci.Afryki\/"]}]}},"_links":{"self":[{"href":"https:\/\/www.maitri.pl\/fr\/wp-json\/wp\/v2\/product\/29682","targetHints":{"allow":["GET"]}}],"collection":[{"href":"https:\/\/www.maitri.pl\/fr\/wp-json\/wp\/v2\/product"}],"about":[{"href":"https:\/\/www.maitri.pl\/fr\/wp-json\/wp\/v2\/types\/product"}],"wp:featuredmedia":[{"embeddable":true,"href":"https:\/\/www.maitri.pl\/fr\/wp-json\/wp\/v2\/media\/29683"}],"wp:attachment":[{"href":"https:\/\/www.maitri.pl\/fr\/wp-json\/wp\/v2\/media?parent=29682"}],"wp:term":[{"taxonomy":"product_brand","embeddable":true,"href":"https:\/\/www.maitri.pl\/fr\/wp-json\/wp\/v2\/product_brand?post=29682"},{"taxonomy":"product_cat","embeddable":true,"href":"https:\/\/www.maitri.pl\/fr\/wp-json\/wp\/v2\/product_cat?post=29682"},{"taxonomy":"product_tag","embeddable":true,"href":"https:\/\/www.maitri.pl\/fr\/wp-json\/wp\/v2\/product_tag?post=29682"}],"curies":[{"name":"wp","href":"https:\/\/api.w.org\/{rel}","templated":true}]}}