{"id":26741,"date":"2023-06-30T16:57:34","date_gmt":"2023-06-30T14:57:34","guid":{"rendered":"https:\/\/www.maitri.pl\/?post_type=product&#038;p=26741"},"modified":"2024-02-07T13:00:05","modified_gmt":"2024-02-07T12:00:05","slug":"pomoc-finansowa-aleppo","status":"publish","type":"product","link":"https:\/\/www.maitri.pl\/fr\/projekt\/pomoc-finansowa-aleppo\/","title":{"rendered":"Pomoc finansowa na zakup oleju opa\u0142owego dla 600 ubogich rodzin z Aleppo"},"content":{"rendered":"<h4>Wo\u0142anie ze zniszczonego miasta<\/h4>\n<p>Bracia i Siostry, wo\u0142amy z Aleppo, zniszczonego miasta. Cierpia\u0142o ono i cierpi do dzi\u015b. Najpierw wojna, bomby i rakiety, potem embargo gospodarcze, koronawirus, a niedawno trz\u0119sienie ziemi\u2026 Rodziny w Aleppo cierpia\u0142y i wci\u0105\u017c cierpi\u0105 z powodu strachu, g\u0142odu, zimna i chor\u00f3b. Obecnie rodziny Aleppo cierpi\u0105 dodatkowo z powodu powa\u017cnego niedoboru wszystkich wa\u017cnych \u015brodk\u00f3w do \u017cycia. W\u015br\u00f3d tych zasob\u00f3w jest olej opa\u0142owy potrzebny do ogrzewania w zimie, zw\u0142aszcza \u017ce w Aleppo zim\u0105 jest bardzo zimno. Miejscowe w\u0142adze daj\u0105 ka\u017cdej rodzinie tylko 50 litr\u00f3w oleju nap\u0119dowego na ca\u0142y sezon zimowy. Pomoc finansowa na zakup oleju opa\u0142owego dla 600 ubogich rodzin z Aleppo pomo\u017ce im uchroni\u0107 si\u0119 przed zimnem i uratowa\u0107 zdrowie przed chorobami. Prosimy o wsparcie!<\/p>\n<h4>W ruinach bez pr\u0105du<\/h4>\n<p>Ze wzgl\u0119du na brak elektryczno\u015bci rodziny s\u0105 zmuszone u\u017cywa\u0107 grzejnik\u00f3w na olej nap\u0119dowy do ogrzewania. Dlatego pilnie potrzebujemy pomocy w zakupie dodatkowej ilo\u015bci oleju nap\u0119dowego. Zu\u017cycie w rodzinie wynosi co najmniej 100 litr\u00f3w miesi\u0119cznie, a czas trwania sezonu zimowego wynosi minimalnie 3 miesi\u0105ce. Oznacza to, \u017ce ka\u017cda rodzina potrzebuje co najmniej 300 litr\u00f3w. Cena litra wynosi oko\u0142o 10 000 funt\u00f3w syryjskich na czarnym rynku. Pomoc finansowa na zakup oleju opa\u0142owego dla 600 ubogich rodzin z Aleppo przekracza nasze mo\u017cliwo\u015bci finansowe, dlatego apelujemy o pomoc ludzi dobrej woli &#8211; darczy\u0144c\u00f3w <a href=\"https:\/\/www.maitri.pl\/adopcja-serca\/\" target=\"_blank\" rel=\"noopener\">Maitri<\/a>.<\/p>\n<h4>Aby dzieci nie marz\u0142y w domach<\/h4>\n<p>Zastanawiamy si\u0119 nad dystrybucj\u0105 dotacji dla ka\u017cdej rodziny na zakup 50 litr\u00f3w oleju nap\u0119dowego za kwot\u0119 500 000 funt\u00f3w syryjskich Rodziny z Aleppo potrzebuj\u0105 pomocy, aby ich dzieci mog\u0142y dorasta\u0107 w cieple i nie marzn\u0105\u0107 w domu, dlatego Ko\u015bci\u00f3\u0142 stara si\u0119 wyci\u0105gn\u0105\u0107 do nich pomocn\u0105 d\u0142o\u0144 za waszym po\u015brednictwem. Mi\u0142osierdzie jest jednym z atrybut\u00f3w Boga i najwi\u0119kszym darem, jaki cz\u0142owiek mo\u017ce ofiarowa\u0107 bli\u017aniemu. Pomoc finansowa b\u0119dzie pi\u0119knym \u015bwiadectwem bezinteresownego wsparcia dla cierpi\u0105cych bli\u017anich. Apelujemy o ofiarno\u015b\u0107!<\/p>\n<p><img loading=\"lazy\" decoding=\"async\" class=\"alignnone wp-image-30231 size-full\" src=\"https:\/\/www.maitri.pl\/wp-content\/uploads\/2023\/06\/15-frach.png\" alt=\"\" width=\"893\" height=\"267\" srcset=\"https:\/\/www.maitri.pl\/wp-content\/uploads\/2023\/06\/15-frach.png 893w, https:\/\/www.maitri.pl\/wp-content\/uploads\/2023\/06\/15-frach-300x90.png 300w, https:\/\/www.maitri.pl\/wp-content\/uploads\/2023\/06\/15-frach-768x230.png 768w, https:\/\/www.maitri.pl\/wp-content\/uploads\/2023\/06\/15-frach-600x179.png 600w\" sizes=\"auto, (max-width: 893px) 100vw, 893px\" \/><\/p>\n<p>Odpowiedzialna za projekt: Roula Mistrich, Wsp\u00f3lnota ruchu \u201cWiara i \u015awiat\u0142o\u201d przy <a href=\"https:\/\/www.facebook.com\/latinparish.aleppo\/?fref=ts\">Parafii \u015aw. Franciszka Aleppo, Syria<\/a>, koordynator pomocy<\/p>\n<p style=\"text-align: justify;\" align=\"JUSTIFY\"><span style=\"color: #ff0000;\"><span style=\"font-size: large;\"><b>Kwota projektu: 37 000 \u20ac<br \/>\n<\/b><\/span><\/span><\/p>\n<p align=\"JUSTIFY\">Kwota zebrana: 3000 euro<\/p>\n<p align=\"JUSTIFY\">Projekt zako\u0144czony.<\/p>\n<p style=\"text-align: justify;\"><strong>Numer projektu: 15\/FRACH<\/strong><\/p>\n<p style=\"text-align: justify;\" align=\"JUSTIFY\"><span style=\"color: #808080;\">Stowarzyszenie Ruchu\u00a0<em>Maitri<\/em>\u00a0przeznacza do 10% otrzymanych \u015brodk\u00f3w na koszty funkcjonowania biura i pozyskiwanie funduszy pomocowych.<\/span><\/p>\n<h3 style=\"text-align: justify;\" align=\"JUSTIFY\"><span style=\"color: #808080;\">Pomoc finansowa na zakup oleju opa\u0142owego dla 600 ubogich rodzin z <a href=\"https:\/\/www.maitri.pl\/pomoc-dla-aleppo-koszmar-w-cieniu-globalnej-pandemii\/\">Aleppo<\/a><\/span><\/h3>\n","protected":false},"excerpt":{"rendered":"<p><strong>Projekt:<\/strong> Roula Mistrich &#8211; koordynatorka pomocy humanitarnej<br \/>\n<strong>Misja:\u00a0<\/strong><a href=\"https:\/\/www.facebook.com\/latinparish.aleppo\/?fref=ts\">Parafia \u015aw. Franciszka Aleppo, Syria<\/a><\/p>\n<p class=\"maitri-project-nr\"><strong>Kwota projektu:<\/strong> <span style=\"color: #ff0000;\"><strong>37.000 \u20ac\u00a0 <\/strong><\/span><\/p>\n","protected":false},"featured_media":26751,"template":"","meta":[],"product_brand":[],"product_cat":[656],"product_tag":[725,726,941,728],"class_list":{"0":"post-26741","1":"product","2":"type-product","3":"status-publish","4":"has-post-thumbnail","6":"product_cat-bez-kategorii","7":"product_tag-aleppo","8":"product_tag-parafia-sw-franciszka-aleppo","9":"product_tag-roula-mistrich","10":"product_tag-syria","12":"first","13":"instock","14":"virtual","15":"purchasable","16":"product-type-simple"},"yoast_head":"<!-- This site is optimized with the Yoast SEO plugin v27.2 - https:\/\/yoast.com\/product\/yoast-seo-wordpress\/ -->\n<title>Pomoc finansowa na zakup oleju opa\u0142owego dla rodzin z Aleppo<\/title>\n<meta name=\"description\" content=\"Pomoc finansowa na zakup oleju opa\u0142owego dla 600 ubogich rodzin z Aleppo. Chcemy obdarowa\u0107 ka\u017cd\u0105 rodzin\u0119 50 litrami oleju, potrzebnego do ogrzewania dom\u00f3w.\" \/>\n<meta name=\"robots\" content=\"index, follow, max-snippet:-1, max-image-preview:large, max-video-preview:-1\" \/>\n<link rel=\"canonical\" href=\"https:\/\/www.maitri.pl\/projekt\/pomoc-finansowa-aleppo\/\" \/>\n<meta property=\"og:locale\" content=\"fr_FR\" \/>\n<meta property=\"og:type\" content=\"article\" \/>\n<meta property=\"og:title\" content=\"Pomoc finansowa na zakup oleju opa\u0142owego dla rodzin z Aleppo\" \/>\n<meta property=\"og:description\" content=\"Pomoc finansowa na zakup oleju opa\u0142owego dla 600 ubogich rodzin z Aleppo. Chcemy obdarowa\u0107 ka\u017cd\u0105 rodzin\u0119 50 litrami oleju, potrzebnego do ogrzewania dom\u00f3w.\" \/>\n<meta property=\"og:url\" content=\"https:\/\/www.maitri.pl\/projekt\/pomoc-finansowa-aleppo\/\" \/>\n<meta property=\"og:site_name\" content=\"Ruch Maitri - Adopcja Serca pomoc Afryce\" \/>\n<meta property=\"article:publisher\" content=\"https:\/\/www.facebook.com\/MAITRI.Adopcja.Serca.dzieci.Afryki\/\" \/>\n<meta property=\"article:modified_time\" content=\"2024-02-07T12:00:05+00:00\" \/>\n<meta property=\"og:image\" content=\"https:\/\/www.maitri.pl\/wp-content\/uploads\/2023\/06\/15-frach_1.jpg\" \/>\n\t<meta property=\"og:image:width\" content=\"1000\" \/>\n\t<meta property=\"og:image:height\" content=\"666\" \/>\n\t<meta property=\"og:image:type\" content=\"image\/jpeg\" \/>\n<meta name=\"twitter:card\" content=\"summary_large_image\" \/>\n<meta name=\"twitter:label1\" content=\"Dur\u00e9e de lecture estim\u00e9e\" \/>\n\t<meta name=\"twitter:data1\" content=\"3 minutes\" \/>\n<script type=\"application\/ld+json\" class=\"yoast-schema-graph\">{\"@context\":\"https:\/\/schema.org\",\"@graph\":[{\"@type\":\"WebPage\",\"@id\":\"https:\/\/www.maitri.pl\/projekt\/pomoc-finansowa-aleppo\/\",\"url\":\"https:\/\/www.maitri.pl\/projekt\/pomoc-finansowa-aleppo\/\",\"name\":\"Pomoc finansowa na zakup oleju opa\u0142owego dla rodzin z Aleppo\",\"isPartOf\":{\"@id\":\"https:\/\/www.maitri.pl\/#website\"},\"primaryImageOfPage\":{\"@id\":\"https:\/\/www.maitri.pl\/projekt\/pomoc-finansowa-aleppo\/#primaryimage\"},\"image\":{\"@id\":\"https:\/\/www.maitri.pl\/projekt\/pomoc-finansowa-aleppo\/#primaryimage\"},\"thumbnailUrl\":\"https:\/\/www.maitri.pl\/wp-content\/uploads\/2023\/06\/15-frach_1.jpg\",\"datePublished\":\"2023-06-30T14:57:34+00:00\",\"dateModified\":\"2024-02-07T12:00:05+00:00\",\"description\":\"Pomoc finansowa na zakup oleju opa\u0142owego dla 600 ubogich rodzin z Aleppo. Chcemy obdarowa\u0107 ka\u017cd\u0105 rodzin\u0119 50 litrami oleju, potrzebnego do ogrzewania dom\u00f3w.\",\"breadcrumb\":{\"@id\":\"https:\/\/www.maitri.pl\/projekt\/pomoc-finansowa-aleppo\/#breadcrumb\"},\"inLanguage\":\"fr-FR\",\"potentialAction\":[{\"@type\":\"ReadAction\",\"target\":[\"https:\/\/www.maitri.pl\/projekt\/pomoc-finansowa-aleppo\/\"]}]},{\"@type\":\"ImageObject\",\"inLanguage\":\"fr-FR\",\"@id\":\"https:\/\/www.maitri.pl\/projekt\/pomoc-finansowa-aleppo\/#primaryimage\",\"url\":\"https:\/\/www.maitri.pl\/wp-content\/uploads\/2023\/06\/15-frach_1.jpg\",\"contentUrl\":\"https:\/\/www.maitri.pl\/wp-content\/uploads\/2023\/06\/15-frach_1.jpg\",\"width\":1000,\"height\":666,\"caption\":\"Pomoc finansowa na zakup oleju opa\u0142owego dla 600 ubogich rodzin z Aleppo Adopcja Serca Maitri Adopcja duchowa pomoc Syrii 01\"},{\"@type\":\"BreadcrumbList\",\"@id\":\"https:\/\/www.maitri.pl\/projekt\/pomoc-finansowa-aleppo\/#breadcrumb\",\"itemListElement\":[{\"@type\":\"ListItem\",\"position\":1,\"name\":\"Strona g\u0142\u00f3wna\",\"item\":\"https:\/\/www.maitri.pl\/\"},{\"@type\":\"ListItem\",\"position\":2,\"name\":\"Sklep\",\"item\":\"https:\/\/www.maitri.pl\/sklep\/\"},{\"@type\":\"ListItem\",\"position\":3,\"name\":\"Pomoc finansowa na zakup oleju opa\u0142owego dla 600 ubogich rodzin z Aleppo\"}]},{\"@type\":\"WebSite\",\"@id\":\"https:\/\/www.maitri.pl\/#website\",\"url\":\"https:\/\/www.maitri.pl\/\",\"name\":\"Adopcja Serca Maitri \u2013 pomoc dzieciom w Afryce\",\"description\":\"Adopcja Serca \u2013 adopcja na odleg\u0142o\u015b\u0107, pomoc Afryce, do\u017cywianie i edukacja w Afryce\",\"publisher\":{\"@id\":\"https:\/\/www.maitri.pl\/#organization\"},\"potentialAction\":[{\"@type\":\"SearchAction\",\"target\":{\"@type\":\"EntryPoint\",\"urlTemplate\":\"https:\/\/www.maitri.pl\/?s={search_term_string}\"},\"query-input\":{\"@type\":\"PropertyValueSpecification\",\"valueRequired\":true,\"valueName\":\"search_term_string\"}}],\"inLanguage\":\"fr-FR\"},{\"@type\":\"Organization\",\"@id\":\"https:\/\/www.maitri.pl\/#organization\",\"name\":\"Stowarzyszenie Ruchu Maitri\",\"url\":\"https:\/\/www.maitri.pl\/\",\"logo\":{\"@type\":\"ImageObject\",\"inLanguage\":\"fr-FR\",\"@id\":\"https:\/\/www.maitri.pl\/#\/schema\/logo\/image\/\",\"url\":\"https:\/\/www.maitri.pl\/wp-content\/uploads\/2020\/04\/duze_logo-81.png\",\"contentUrl\":\"https:\/\/www.maitri.pl\/wp-content\/uploads\/2020\/04\/duze_logo-81.png\",\"width\":339,\"height\":321,\"caption\":\"Stowarzyszenie Ruchu Maitri\"},\"image\":{\"@id\":\"https:\/\/www.maitri.pl\/#\/schema\/logo\/image\/\"},\"sameAs\":[\"https:\/\/www.facebook.com\/MAITRI.Adopcja.Serca.dzieci.Afryki\/\"]}]}<\/script>\n<!-- \/ Yoast SEO plugin. -->","yoast_head_json":{"title":"Pomoc finansowa na zakup oleju opa\u0142owego dla rodzin z Aleppo","description":"Pomoc finansowa na zakup oleju opa\u0142owego dla 600 ubogich rodzin z Aleppo. Chcemy obdarowa\u0107 ka\u017cd\u0105 rodzin\u0119 50 litrami oleju, potrzebnego do ogrzewania dom\u00f3w.","robots":{"index":"index","follow":"follow","max-snippet":"max-snippet:-1","max-image-preview":"max-image-preview:large","max-video-preview":"max-video-preview:-1"},"canonical":"https:\/\/www.maitri.pl\/projekt\/pomoc-finansowa-aleppo\/","og_locale":"fr_FR","og_type":"article","og_title":"Pomoc finansowa na zakup oleju opa\u0142owego dla rodzin z Aleppo","og_description":"Pomoc finansowa na zakup oleju opa\u0142owego dla 600 ubogich rodzin z Aleppo. Chcemy obdarowa\u0107 ka\u017cd\u0105 rodzin\u0119 50 litrami oleju, potrzebnego do ogrzewania dom\u00f3w.","og_url":"https:\/\/www.maitri.pl\/projekt\/pomoc-finansowa-aleppo\/","og_site_name":"Ruch Maitri - Adopcja Serca pomoc Afryce","article_publisher":"https:\/\/www.facebook.com\/MAITRI.Adopcja.Serca.dzieci.Afryki\/","article_modified_time":"2024-02-07T12:00:05+00:00","og_image":[{"width":1000,"height":666,"url":"https:\/\/www.maitri.pl\/wp-content\/uploads\/2023\/06\/15-frach_1.jpg","type":"image\/jpeg"}],"twitter_card":"summary_large_image","twitter_misc":{"Dur\u00e9e de lecture estim\u00e9e":"3 minutes"},"schema":{"@context":"https:\/\/schema.org","@graph":[{"@type":"WebPage","@id":"https:\/\/www.maitri.pl\/projekt\/pomoc-finansowa-aleppo\/","url":"https:\/\/www.maitri.pl\/projekt\/pomoc-finansowa-aleppo\/","name":"Pomoc finansowa na zakup oleju opa\u0142owego dla rodzin z Aleppo","isPartOf":{"@id":"https:\/\/www.maitri.pl\/#website"},"primaryImageOfPage":{"@id":"https:\/\/www.maitri.pl\/projekt\/pomoc-finansowa-aleppo\/#primaryimage"},"image":{"@id":"https:\/\/www.maitri.pl\/projekt\/pomoc-finansowa-aleppo\/#primaryimage"},"thumbnailUrl":"https:\/\/www.maitri.pl\/wp-content\/uploads\/2023\/06\/15-frach_1.jpg","datePublished":"2023-06-30T14:57:34+00:00","dateModified":"2024-02-07T12:00:05+00:00","description":"Pomoc finansowa na zakup oleju opa\u0142owego dla 600 ubogich rodzin z Aleppo. Chcemy obdarowa\u0107 ka\u017cd\u0105 rodzin\u0119 50 litrami oleju, potrzebnego do ogrzewania dom\u00f3w.","breadcrumb":{"@id":"https:\/\/www.maitri.pl\/projekt\/pomoc-finansowa-aleppo\/#breadcrumb"},"inLanguage":"fr-FR","potentialAction":[{"@type":"ReadAction","target":["https:\/\/www.maitri.pl\/projekt\/pomoc-finansowa-aleppo\/"]}]},{"@type":"ImageObject","inLanguage":"fr-FR","@id":"https:\/\/www.maitri.pl\/projekt\/pomoc-finansowa-aleppo\/#primaryimage","url":"https:\/\/www.maitri.pl\/wp-content\/uploads\/2023\/06\/15-frach_1.jpg","contentUrl":"https:\/\/www.maitri.pl\/wp-content\/uploads\/2023\/06\/15-frach_1.jpg","width":1000,"height":666,"caption":"Pomoc finansowa na zakup oleju opa\u0142owego dla 600 ubogich rodzin z Aleppo Adopcja Serca Maitri Adopcja duchowa pomoc Syrii 01"},{"@type":"BreadcrumbList","@id":"https:\/\/www.maitri.pl\/projekt\/pomoc-finansowa-aleppo\/#breadcrumb","itemListElement":[{"@type":"ListItem","position":1,"name":"Strona g\u0142\u00f3wna","item":"https:\/\/www.maitri.pl\/"},{"@type":"ListItem","position":2,"name":"Sklep","item":"https:\/\/www.maitri.pl\/sklep\/"},{"@type":"ListItem","position":3,"name":"Pomoc finansowa na zakup oleju opa\u0142owego dla 600 ubogich rodzin z Aleppo"}]},{"@type":"WebSite","@id":"https:\/\/www.maitri.pl\/#website","url":"https:\/\/www.maitri.pl\/","name":"Adopcja Serca Maitri \u2013 pomoc dzieciom w Afryce","description":"Adopcja Serca \u2013 adopcja na odleg\u0142o\u015b\u0107, pomoc Afryce, do\u017cywianie i edukacja w Afryce","publisher":{"@id":"https:\/\/www.maitri.pl\/#organization"},"potentialAction":[{"@type":"SearchAction","target":{"@type":"EntryPoint","urlTemplate":"https:\/\/www.maitri.pl\/?s={search_term_string}"},"query-input":{"@type":"PropertyValueSpecification","valueRequired":true,"valueName":"search_term_string"}}],"inLanguage":"fr-FR"},{"@type":"Organization","@id":"https:\/\/www.maitri.pl\/#organization","name":"Stowarzyszenie Ruchu Maitri","url":"https:\/\/www.maitri.pl\/","logo":{"@type":"ImageObject","inLanguage":"fr-FR","@id":"https:\/\/www.maitri.pl\/#\/schema\/logo\/image\/","url":"https:\/\/www.maitri.pl\/wp-content\/uploads\/2020\/04\/duze_logo-81.png","contentUrl":"https:\/\/www.maitri.pl\/wp-content\/uploads\/2020\/04\/duze_logo-81.png","width":339,"height":321,"caption":"Stowarzyszenie Ruchu Maitri"},"image":{"@id":"https:\/\/www.maitri.pl\/#\/schema\/logo\/image\/"},"sameAs":["https:\/\/www.facebook.com\/MAITRI.Adopcja.Serca.dzieci.Afryki\/"]}]}},"_links":{"self":[{"href":"https:\/\/www.maitri.pl\/fr\/wp-json\/wp\/v2\/product\/26741","targetHints":{"allow":["GET"]}}],"collection":[{"href":"https:\/\/www.maitri.pl\/fr\/wp-json\/wp\/v2\/product"}],"about":[{"href":"https:\/\/www.maitri.pl\/fr\/wp-json\/wp\/v2\/types\/product"}],"wp:featuredmedia":[{"embeddable":true,"href":"https:\/\/www.maitri.pl\/fr\/wp-json\/wp\/v2\/media\/26751"}],"wp:attachment":[{"href":"https:\/\/www.maitri.pl\/fr\/wp-json\/wp\/v2\/media?parent=26741"}],"wp:term":[{"taxonomy":"product_brand","embeddable":true,"href":"https:\/\/www.maitri.pl\/fr\/wp-json\/wp\/v2\/product_brand?post=26741"},{"taxonomy":"product_cat","embeddable":true,"href":"https:\/\/www.maitri.pl\/fr\/wp-json\/wp\/v2\/product_cat?post=26741"},{"taxonomy":"product_tag","embeddable":true,"href":"https:\/\/www.maitri.pl\/fr\/wp-json\/wp\/v2\/product_tag?post=26741"}],"curies":[{"name":"wp","href":"https:\/\/api.w.org\/{rel}","templated":true}]}}