{"id":26740,"date":"2023-06-30T17:14:58","date_gmt":"2023-06-30T15:14:58","guid":{"rendered":"https:\/\/www.maitri.pl\/?post_type=product&#038;p=26740"},"modified":"2025-03-31T14:15:20","modified_gmt":"2025-03-31T12:15:20","slug":"dozywianie-ubogich-kamerun","status":"publish","type":"product","link":"https:\/\/www.maitri.pl\/fr\/projekt\/dozywianie-ubogich-kamerun\/","title":{"rendered":"Do\u017cywianie ubogich &#8211; posi\u0142ki dla dzieci i m\u0142odzie\u017cy z Abong-Mbang w Kamerunie"},"content":{"rendered":"<p><strong>Nie przerywajmy pomocy!<\/strong><\/p>\n<p>Ju\u017c od 12 lat dzieci ze szko\u0142y \u015bw. Alojzego w Abong Mbang w Kamerunie korzystaj\u0105 z do\u017cywiania. Pocz\u0105tkowo prowadzili\u015bmy akcj\u0119 tylko w Szkole Podstawowej, a od 5 lat r\u00f3wnie\u017c w tamtejszym przedszkolu. Kupujemy i podajemy dzieciom na zmian\u0119 ry\u017c z fasol\u0105, ryby, a czasem chleb z czekolad\u0105, mleko, olej i inne produkty. Do\u017cywianie ubogich maluch\u00f3w ma wielki wp\u0142yw na ich regularne ucz\u0119szczanie do szko\u0142y. Regularne posi\u0142ki zapobiegaj\u0105 omdleniom, uodparniaj\u0105 na zachorowania itd. Dla wielu dzieci jest to jedyny posi\u0142ek w ci\u0105gu dnia, pomimo tego, \u017ce szko\u0142a znajduje si\u0119 w miasteczku. Wielu uczni\u00f3w pochodzi z okolicznych wiosek, gdzie nie ma szko\u0142y katolickiej. Szko\u0142y publiczne s\u0105 bardzo zaniedbane i z niskim poziomem nauczania. O korzystnym wp\u0142ywie do\u017cywiania \u015bwiadczy r\u00f3wnie\u017c wzrost liczby uczni\u00f3w naszej szko\u0142y ze 140 do 360 w bie\u017c\u0105cym roku.<\/p>\n<h4>Uczniowie mdlej\u0105 z g\u0142odu<\/h4>\n<p>Dzi\u0119ki temu, \u017ce dzieci otrzymuj\u0105 regularny posi\u0142ek w szkole mo\u017cemy zapobiec zm\u0119czeniu przed zako\u0144czeniem godzin nauki. Czasem z powodu niedo\u017cywienia\u00a0 pojawia\u0142y si\u0119 przypadki omdlenia albo ucieczki dzieci ze szko\u0142y. Po wielu latach prowadzenia akcji do\u017cywiania w\u015br\u00f3d dzieci w szkole widoczne s\u0105 pozytywne zmiany. Kolejne pokolenia dzieci pojawiaj\u0105 si\u0119 regularnie w szkole, co rzadko wyst\u0119puje w okolicznych szko\u0142ach pa\u0144stwowych, nawet prywatnych. Jednocze\u015bnie wzrasta zaufanie rodzic\u00f3w i ich zaanga\u017cowanie w dzia\u0142ania szko\u0142y. Wzrost poziomu nauczania zmieni\u0142 obraz i renom\u0119 naszej szko\u0142y. Od kilku lat jeste\u015bmy jedn\u0105 z najlepszych szk\u00f3\u0142 w miasteczku, jak r\u00f3wnie\u017c w diecezji. Wszyscy uczniowie zdali egzaminy wst\u0119pne do szk\u00f3\u0142 \u015brednich.<\/p>\n<h4>Najedzeni lepiej si\u0119 ucz\u0105<\/h4>\n<p>Dzi\u0119ki do\u017cywianiu nie tylko dzieci s\u0105 mniej zm\u0119czone, ale r\u00f3wnie\u017c nauczyciele. Przy okazji akcji do\u017cywiania ofiarujemy r\u00f3wnie\u017c im talerz ry\u017cu b\u0105d\u017a kubek mleka. Sami co miesi\u0105c ofiaruj\u0105 ma\u0142\u0105 sum\u0119 za mo\u017cliwo\u015b\u0107 zjedzenia posi\u0142ku. Z kolei dzieci zamiast zapracowywa\u0107 za wszelk\u0105 cen\u0119 na jedzenie po\u015bwi\u0119caj\u0105 wi\u0119cej czasu na nauk\u0119. Do\u017cywianie ubogich uczni\u00f3w ma same zalety i efekty tego programu trudno przeceni\u0107. Niestety koszt programu jest na tyle wysoki, \u017ce nie jeste\u015bmy w stanie go pokry\u0107 w ca\u0142o\u015bci. Prosimy o wsparcie. Realizacja projektu przewidziana jest w okresie wrzesie\u0144 2023 \u2013 sierpie\u0144 2024. Og\u00f3\u0142em do\u017cywianie obejmie 580 dzieci i m\u0142odzie\u017cy przez 10 miesi\u0119cy. R\u00f3wnowarto\u015b\u0107 do\u017cywiania na 1 dziecko to ok. 1,25 \u20ac na miesi\u0105c.<\/p>\n<h4><strong>Kosztorys<\/strong><\/h4>\n<table>\n<tbody>\n<tr>\n<td width=\"34\">LP<\/td>\n<td width=\"287\"><strong>OPIS<\/strong><\/td>\n<td width=\"110\">Jednostki miary<\/td>\n<td width=\"95\"><strong>Cena<\/strong>\u00a0\u00a0\u00a0\u00a0\u00a0\u00a0\u00a0\u00a0\u00a0\u00a0\u00a0\u00a0\u00a0 (w miejscowej walucie)<\/td>\n<td width=\"113\"><strong>Kwota\u00a0\u00a0\u00a0\u00a0\u00a0\u00a0\u00a0\u00a0\u00a0\u00a0\u00a0\u00a0\u00a0\u00a0\u00a0\u00a0\u00a0\u00a0\u00a0\u00a0\u00a0 <\/strong>(w miejscowej walucie)<\/td>\n<\/tr>\n<tr>\n<td width=\"34\">1<\/td>\n<td width=\"287\">Ry\u017c\u00a0\u00a0 (4 worki \/ miesi\u0105c \/ x\u00a0 12 )<\/td>\n<td width=\"110\">48 work\u00f3w<\/td>\n<td width=\"95\">25 000<\/td>\n<td width=\"113\">1 200 000<\/td>\n<\/tr>\n<tr>\n<td width=\"34\">2<\/td>\n<td width=\"287\">Sardynki (4 x 12)<\/td>\n<td width=\"110\">48 opakowa\u0144<\/td>\n<td width=\"95\">34 000<\/td>\n<td width=\"113\">1 632 000<\/td>\n<\/tr>\n<tr>\n<td width=\"34\">3<\/td>\n<td width=\"287\">Olej<\/td>\n<td width=\"110\">12<\/td>\n<td width=\"95\">27 000<\/td>\n<td width=\"113\">324 000<\/td>\n<\/tr>\n<tr>\n<td width=\"34\">4<\/td>\n<td width=\"287\">S\u00f3l<\/td>\n<td width=\"110\">12<\/td>\n<td width=\"95\">5 000<\/td>\n<td width=\"113\">60 000<\/td>\n<\/tr>\n<tr>\n<td width=\"34\">5<\/td>\n<td width=\"287\">Pomidory<\/td>\n<td width=\"110\">12<\/td>\n<td width=\"95\">5 000<\/td>\n<td width=\"113\">60 000<\/td>\n<\/tr>\n<tr>\n<td width=\"34\">6<\/td>\n<td width=\"287\">Przyprawy<\/td>\n<td width=\"110\">\u00a0pakiet<\/td>\n<td width=\"95\">100 000<\/td>\n<td width=\"113\">100 000<\/td>\n<\/tr>\n<tr>\n<td width=\"34\">7<\/td>\n<td width=\"287\">Orzeszki, fasola, ryby<\/td>\n<td width=\"110\">12<\/td>\n<td width=\"95\">100 000<\/td>\n<td width=\"113\">1 200 000<\/td>\n<\/tr>\n<tr>\n<td width=\"34\">8<\/td>\n<td width=\"287\">Mleko<\/td>\n<td width=\"110\">5\u00a0 work\u00f3w<\/td>\n<td width=\"95\">110 000<\/td>\n<td width=\"113\">550 000<\/td>\n<\/tr>\n<tr>\n<td width=\"34\">9<\/td>\n<td width=\"287\">Cukier<\/td>\n<td width=\"110\">6 work\u00f3w<\/td>\n<td width=\"95\">37 000<\/td>\n<td width=\"113\">222 000<\/td>\n<\/tr>\n<tr>\n<td width=\"34\">10<\/td>\n<td width=\"287\">Kakao (1 karton \/mc)<\/td>\n<td width=\"110\">12 op.<\/td>\n<td width=\"95\">27 000<\/td>\n<td width=\"113\">324 000<\/td>\n<\/tr>\n<tr>\n<td width=\"34\"><\/td>\n<td width=\"287\"><\/td>\n<td width=\"110\"><\/td>\n<td width=\"95\"><\/td>\n<td width=\"113\"><\/td>\n<\/tr>\n<tr>\n<td width=\"34\"><\/td>\n<td width=\"287\"><\/td>\n<td width=\"110\"><\/td>\n<td width=\"95\"><\/td>\n<td width=\"113\"><\/td>\n<\/tr>\n<tr>\n<td width=\"34\"><\/td>\n<td width=\"287\"><strong>PODSUMOWANIE <\/strong>(w miejscowej walucie)<\/td>\n<td width=\"110\">&nbsp;<\/p>\n<p>&nbsp;<\/td>\n<td width=\"95\"><\/td>\n<td width=\"113\">5 627 000<\/td>\n<\/tr>\n<\/tbody>\n<\/table>\n<p><em>s. Alicja Adamska, <a href=\"http:\/\/duszajezusa.pl\/\" target=\"_blank\" rel=\"noopener noreferrer\">Zgromadzenie Si\u00f3str Naj\u015bwi\u0119tszej Duszy Chrystusa Pana<\/a><\/em><\/p>\n<p><strong>PODSUMOWANIE<\/strong> (w miejscowej walucie) &#8211; razem <strong>5.627.000 frank\u00f3w CFA<\/strong><\/p>\n<p style=\"text-align: justify;\" align=\"JUSTIFY\"><span style=\"color: #ff0000;\"><span style=\"font-size: large;\"><b>Kwota projektu: 7220 \u20ac<br \/>\n<\/b><\/span><\/span><\/p>\n<p style=\"text-align: justify;\"><strong>Numer projektu: 156\/CHRYS <\/strong><\/p>\n<p style=\"text-align: justify;\" align=\"JUSTIFY\"><span style=\"color: #808080;\">Stowarzyszenie Ruchu\u00a0<em>Maitri<\/em>\u00a0przeznacza do 10% otrzymanych \u015brodk\u00f3w na koszty funkcjonowania biura i pozyskiwanie funduszy pomocowych.<\/span><\/p>\n<h3 style=\"text-align: justify;\" align=\"JUSTIFY\"><span style=\"color: #808080;\">Do\u017cywianie ubogich &#8211; posi\u0142ki dla dzieci i m\u0142odzie\u017cy z Abong-Mbang w Kamerunie<\/span><\/h3>\n","protected":false},"excerpt":{"rendered":"<p><strong>Projekt:\u00a0<\/strong> <em>s. Alicja Adamska, <a href=\"http:\/\/duszajezusa.pl\/\" target=\"_blank\" rel=\"noopener noreferrer\">Zgromadzenie Si\u00f3str Naj\u015bwi\u0119tszej Duszy Chrystusa Pana<\/a><\/em><br \/>\n<strong>Misja:<\/strong> Abong Mbang, <a href=\"https:\/\/www.maitri.pl\/gdzie-pomagamy\/\" target=\"_blank\" rel=\"noopener noreferrer\">Kamerun<\/a><br \/>\n<strong>Kwota projektu: <span style=\"color: #ff0000;\">7220 \u20ac<\/span><\/strong><\/p>\n","protected":false},"featured_media":26769,"template":"","meta":[],"product_brand":[],"product_cat":[656],"product_tag":[662,676,658,659,660],"class_list":{"0":"post-26740","1":"product","2":"type-product","3":"status-publish","4":"has-post-thumbnail","6":"product_cat-bez-kategorii","7":"product_tag-abong-mbang","8":"product_tag-dozywianie","9":"product_tag-kamerun","10":"product_tag-siostra-alicja-adamska","11":"product_tag-zgromadzenie-siostr-najswietszej-duszy-chrystusa-pana","13":"first","14":"instock","15":"virtual","16":"purchasable","17":"product-type-simple"},"yoast_head":"<!-- This site is optimized with the Yoast SEO plugin v27.2 - https:\/\/yoast.com\/product\/yoast-seo-wordpress\/ -->\n<title>Do\u017cywianie ubogich - posi\u0142ki dla dzieci i m\u0142odzie\u017cy z Kamerunu<\/title>\n<meta name=\"description\" content=\"Do\u017cywianie ubogich - posi\u0142ki dla dzieci i m\u0142odzie\u017cy z Abong-Mbang w Kamerunie. O pomoc prosz\u0105 siostry ze Zgromadzenia Naj\u015bw. Duszy Chrystusa Pana.\" \/>\n<meta name=\"robots\" content=\"index, follow, max-snippet:-1, max-image-preview:large, max-video-preview:-1\" \/>\n<link rel=\"canonical\" href=\"https:\/\/www.maitri.pl\/projekt\/dozywianie-ubogich-kamerun\/\" \/>\n<meta property=\"og:locale\" content=\"fr_FR\" \/>\n<meta property=\"og:type\" content=\"article\" \/>\n<meta property=\"og:title\" content=\"Do\u017cywianie ubogich - posi\u0142ki dla dzieci i m\u0142odzie\u017cy z Kamerunu\" \/>\n<meta property=\"og:description\" content=\"Do\u017cywianie ubogich - posi\u0142ki dla dzieci i m\u0142odzie\u017cy z Abong-Mbang w Kamerunie. O pomoc prosz\u0105 siostry ze Zgromadzenia Naj\u015bw. Duszy Chrystusa Pana.\" \/>\n<meta property=\"og:url\" content=\"https:\/\/www.maitri.pl\/projekt\/dozywianie-ubogich-kamerun\/\" \/>\n<meta property=\"og:site_name\" content=\"Ruch Maitri - Adopcja Serca pomoc Afryce\" \/>\n<meta property=\"article:publisher\" content=\"https:\/\/www.facebook.com\/MAITRI.Adopcja.Serca.dzieci.Afryki\/\" \/>\n<meta property=\"article:modified_time\" content=\"2025-03-31T12:15:20+00:00\" \/>\n<meta property=\"og:image\" content=\"https:\/\/www.maitri.pl\/wp-content\/uploads\/2023\/06\/DSC00488.jpg\" \/>\n\t<meta property=\"og:image:width\" content=\"1469\" \/>\n\t<meta property=\"og:image:height\" content=\"1102\" \/>\n\t<meta property=\"og:image:type\" content=\"image\/jpeg\" \/>\n<meta name=\"twitter:card\" content=\"summary_large_image\" \/>\n<meta name=\"twitter:label1\" content=\"Dur\u00e9e de lecture estim\u00e9e\" \/>\n\t<meta name=\"twitter:data1\" content=\"4 minutes\" \/>\n<script type=\"application\/ld+json\" class=\"yoast-schema-graph\">{\"@context\":\"https:\/\/schema.org\",\"@graph\":[{\"@type\":\"WebPage\",\"@id\":\"https:\/\/www.maitri.pl\/projekt\/dozywianie-ubogich-kamerun\/\",\"url\":\"https:\/\/www.maitri.pl\/projekt\/dozywianie-ubogich-kamerun\/\",\"name\":\"Do\u017cywianie ubogich - posi\u0142ki dla dzieci i m\u0142odzie\u017cy z Kamerunu\",\"isPartOf\":{\"@id\":\"https:\/\/www.maitri.pl\/#website\"},\"primaryImageOfPage\":{\"@id\":\"https:\/\/www.maitri.pl\/projekt\/dozywianie-ubogich-kamerun\/#primaryimage\"},\"image\":{\"@id\":\"https:\/\/www.maitri.pl\/projekt\/dozywianie-ubogich-kamerun\/#primaryimage\"},\"thumbnailUrl\":\"https:\/\/www.maitri.pl\/wp-content\/uploads\/2023\/06\/DSC00488.jpg\",\"datePublished\":\"2023-06-30T15:14:58+00:00\",\"dateModified\":\"2025-03-31T12:15:20+00:00\",\"description\":\"Do\u017cywianie ubogich - posi\u0142ki dla dzieci i m\u0142odzie\u017cy z Abong-Mbang w Kamerunie. O pomoc prosz\u0105 siostry ze Zgromadzenia Naj\u015bw. Duszy Chrystusa Pana.\",\"breadcrumb\":{\"@id\":\"https:\/\/www.maitri.pl\/projekt\/dozywianie-ubogich-kamerun\/#breadcrumb\"},\"inLanguage\":\"fr-FR\",\"potentialAction\":[{\"@type\":\"ReadAction\",\"target\":[\"https:\/\/www.maitri.pl\/projekt\/dozywianie-ubogich-kamerun\/\"]}]},{\"@type\":\"ImageObject\",\"inLanguage\":\"fr-FR\",\"@id\":\"https:\/\/www.maitri.pl\/projekt\/dozywianie-ubogich-kamerun\/#primaryimage\",\"url\":\"https:\/\/www.maitri.pl\/wp-content\/uploads\/2023\/06\/DSC00488.jpg\",\"contentUrl\":\"https:\/\/www.maitri.pl\/wp-content\/uploads\/2023\/06\/DSC00488.jpg\",\"width\":1469,\"height\":1102,\"caption\":\"Do\u017cywianie ubogich - posi\u0142ki dla dzieci i m\u0142odzie\u017cy z Abong-Mbang w Kamerunie\"},{\"@type\":\"BreadcrumbList\",\"@id\":\"https:\/\/www.maitri.pl\/projekt\/dozywianie-ubogich-kamerun\/#breadcrumb\",\"itemListElement\":[{\"@type\":\"ListItem\",\"position\":1,\"name\":\"Strona g\u0142\u00f3wna\",\"item\":\"https:\/\/www.maitri.pl\/\"},{\"@type\":\"ListItem\",\"position\":2,\"name\":\"Sklep\",\"item\":\"https:\/\/www.maitri.pl\/sklep\/\"},{\"@type\":\"ListItem\",\"position\":3,\"name\":\"Do\u017cywianie ubogich &#8211; posi\u0142ki dla dzieci i m\u0142odzie\u017cy z Abong-Mbang w Kamerunie\"}]},{\"@type\":\"WebSite\",\"@id\":\"https:\/\/www.maitri.pl\/#website\",\"url\":\"https:\/\/www.maitri.pl\/\",\"name\":\"Adopcja Serca Maitri \u2013 pomoc dzieciom w Afryce\",\"description\":\"Adopcja Serca \u2013 adopcja na odleg\u0142o\u015b\u0107, pomoc Afryce, do\u017cywianie i edukacja w Afryce\",\"publisher\":{\"@id\":\"https:\/\/www.maitri.pl\/#organization\"},\"potentialAction\":[{\"@type\":\"SearchAction\",\"target\":{\"@type\":\"EntryPoint\",\"urlTemplate\":\"https:\/\/www.maitri.pl\/?s={search_term_string}\"},\"query-input\":{\"@type\":\"PropertyValueSpecification\",\"valueRequired\":true,\"valueName\":\"search_term_string\"}}],\"inLanguage\":\"fr-FR\"},{\"@type\":\"Organization\",\"@id\":\"https:\/\/www.maitri.pl\/#organization\",\"name\":\"Stowarzyszenie Ruchu Maitri\",\"url\":\"https:\/\/www.maitri.pl\/\",\"logo\":{\"@type\":\"ImageObject\",\"inLanguage\":\"fr-FR\",\"@id\":\"https:\/\/www.maitri.pl\/#\/schema\/logo\/image\/\",\"url\":\"https:\/\/www.maitri.pl\/wp-content\/uploads\/2020\/04\/duze_logo-81.png\",\"contentUrl\":\"https:\/\/www.maitri.pl\/wp-content\/uploads\/2020\/04\/duze_logo-81.png\",\"width\":339,\"height\":321,\"caption\":\"Stowarzyszenie Ruchu Maitri\"},\"image\":{\"@id\":\"https:\/\/www.maitri.pl\/#\/schema\/logo\/image\/\"},\"sameAs\":[\"https:\/\/www.facebook.com\/MAITRI.Adopcja.Serca.dzieci.Afryki\/\"]}]}<\/script>\n<!-- \/ Yoast SEO plugin. -->","yoast_head_json":{"title":"Do\u017cywianie ubogich - posi\u0142ki dla dzieci i m\u0142odzie\u017cy z Kamerunu","description":"Do\u017cywianie ubogich - posi\u0142ki dla dzieci i m\u0142odzie\u017cy z Abong-Mbang w Kamerunie. O pomoc prosz\u0105 siostry ze Zgromadzenia Naj\u015bw. Duszy Chrystusa Pana.","robots":{"index":"index","follow":"follow","max-snippet":"max-snippet:-1","max-image-preview":"max-image-preview:large","max-video-preview":"max-video-preview:-1"},"canonical":"https:\/\/www.maitri.pl\/projekt\/dozywianie-ubogich-kamerun\/","og_locale":"fr_FR","og_type":"article","og_title":"Do\u017cywianie ubogich - posi\u0142ki dla dzieci i m\u0142odzie\u017cy z Kamerunu","og_description":"Do\u017cywianie ubogich - posi\u0142ki dla dzieci i m\u0142odzie\u017cy z Abong-Mbang w Kamerunie. O pomoc prosz\u0105 siostry ze Zgromadzenia Naj\u015bw. Duszy Chrystusa Pana.","og_url":"https:\/\/www.maitri.pl\/projekt\/dozywianie-ubogich-kamerun\/","og_site_name":"Ruch Maitri - Adopcja Serca pomoc Afryce","article_publisher":"https:\/\/www.facebook.com\/MAITRI.Adopcja.Serca.dzieci.Afryki\/","article_modified_time":"2025-03-31T12:15:20+00:00","og_image":[{"width":1469,"height":1102,"url":"https:\/\/www.maitri.pl\/wp-content\/uploads\/2023\/06\/DSC00488.jpg","type":"image\/jpeg"}],"twitter_card":"summary_large_image","twitter_misc":{"Dur\u00e9e de lecture estim\u00e9e":"4 minutes"},"schema":{"@context":"https:\/\/schema.org","@graph":[{"@type":"WebPage","@id":"https:\/\/www.maitri.pl\/projekt\/dozywianie-ubogich-kamerun\/","url":"https:\/\/www.maitri.pl\/projekt\/dozywianie-ubogich-kamerun\/","name":"Do\u017cywianie ubogich - posi\u0142ki dla dzieci i m\u0142odzie\u017cy z Kamerunu","isPartOf":{"@id":"https:\/\/www.maitri.pl\/#website"},"primaryImageOfPage":{"@id":"https:\/\/www.maitri.pl\/projekt\/dozywianie-ubogich-kamerun\/#primaryimage"},"image":{"@id":"https:\/\/www.maitri.pl\/projekt\/dozywianie-ubogich-kamerun\/#primaryimage"},"thumbnailUrl":"https:\/\/www.maitri.pl\/wp-content\/uploads\/2023\/06\/DSC00488.jpg","datePublished":"2023-06-30T15:14:58+00:00","dateModified":"2025-03-31T12:15:20+00:00","description":"Do\u017cywianie ubogich - posi\u0142ki dla dzieci i m\u0142odzie\u017cy z Abong-Mbang w Kamerunie. O pomoc prosz\u0105 siostry ze Zgromadzenia Naj\u015bw. Duszy Chrystusa Pana.","breadcrumb":{"@id":"https:\/\/www.maitri.pl\/projekt\/dozywianie-ubogich-kamerun\/#breadcrumb"},"inLanguage":"fr-FR","potentialAction":[{"@type":"ReadAction","target":["https:\/\/www.maitri.pl\/projekt\/dozywianie-ubogich-kamerun\/"]}]},{"@type":"ImageObject","inLanguage":"fr-FR","@id":"https:\/\/www.maitri.pl\/projekt\/dozywianie-ubogich-kamerun\/#primaryimage","url":"https:\/\/www.maitri.pl\/wp-content\/uploads\/2023\/06\/DSC00488.jpg","contentUrl":"https:\/\/www.maitri.pl\/wp-content\/uploads\/2023\/06\/DSC00488.jpg","width":1469,"height":1102,"caption":"Do\u017cywianie ubogich - posi\u0142ki dla dzieci i m\u0142odzie\u017cy z Abong-Mbang w Kamerunie"},{"@type":"BreadcrumbList","@id":"https:\/\/www.maitri.pl\/projekt\/dozywianie-ubogich-kamerun\/#breadcrumb","itemListElement":[{"@type":"ListItem","position":1,"name":"Strona g\u0142\u00f3wna","item":"https:\/\/www.maitri.pl\/"},{"@type":"ListItem","position":2,"name":"Sklep","item":"https:\/\/www.maitri.pl\/sklep\/"},{"@type":"ListItem","position":3,"name":"Do\u017cywianie ubogich &#8211; posi\u0142ki dla dzieci i m\u0142odzie\u017cy z Abong-Mbang w Kamerunie"}]},{"@type":"WebSite","@id":"https:\/\/www.maitri.pl\/#website","url":"https:\/\/www.maitri.pl\/","name":"Adopcja Serca Maitri \u2013 pomoc dzieciom w Afryce","description":"Adopcja Serca \u2013 adopcja na odleg\u0142o\u015b\u0107, pomoc Afryce, do\u017cywianie i edukacja w Afryce","publisher":{"@id":"https:\/\/www.maitri.pl\/#organization"},"potentialAction":[{"@type":"SearchAction","target":{"@type":"EntryPoint","urlTemplate":"https:\/\/www.maitri.pl\/?s={search_term_string}"},"query-input":{"@type":"PropertyValueSpecification","valueRequired":true,"valueName":"search_term_string"}}],"inLanguage":"fr-FR"},{"@type":"Organization","@id":"https:\/\/www.maitri.pl\/#organization","name":"Stowarzyszenie Ruchu Maitri","url":"https:\/\/www.maitri.pl\/","logo":{"@type":"ImageObject","inLanguage":"fr-FR","@id":"https:\/\/www.maitri.pl\/#\/schema\/logo\/image\/","url":"https:\/\/www.maitri.pl\/wp-content\/uploads\/2020\/04\/duze_logo-81.png","contentUrl":"https:\/\/www.maitri.pl\/wp-content\/uploads\/2020\/04\/duze_logo-81.png","width":339,"height":321,"caption":"Stowarzyszenie Ruchu Maitri"},"image":{"@id":"https:\/\/www.maitri.pl\/#\/schema\/logo\/image\/"},"sameAs":["https:\/\/www.facebook.com\/MAITRI.Adopcja.Serca.dzieci.Afryki\/"]}]}},"_links":{"self":[{"href":"https:\/\/www.maitri.pl\/fr\/wp-json\/wp\/v2\/product\/26740","targetHints":{"allow":["GET"]}}],"collection":[{"href":"https:\/\/www.maitri.pl\/fr\/wp-json\/wp\/v2\/product"}],"about":[{"href":"https:\/\/www.maitri.pl\/fr\/wp-json\/wp\/v2\/types\/product"}],"wp:featuredmedia":[{"embeddable":true,"href":"https:\/\/www.maitri.pl\/fr\/wp-json\/wp\/v2\/media\/26769"}],"wp:attachment":[{"href":"https:\/\/www.maitri.pl\/fr\/wp-json\/wp\/v2\/media?parent=26740"}],"wp:term":[{"taxonomy":"product_brand","embeddable":true,"href":"https:\/\/www.maitri.pl\/fr\/wp-json\/wp\/v2\/product_brand?post=26740"},{"taxonomy":"product_cat","embeddable":true,"href":"https:\/\/www.maitri.pl\/fr\/wp-json\/wp\/v2\/product_cat?post=26740"},{"taxonomy":"product_tag","embeddable":true,"href":"https:\/\/www.maitri.pl\/fr\/wp-json\/wp\/v2\/product_tag?post=26740"}],"curies":[{"name":"wp","href":"https:\/\/api.w.org\/{rel}","templated":true}]}}