{"id":26738,"date":"2023-06-30T17:41:13","date_gmt":"2023-06-30T15:41:13","guid":{"rendered":"https:\/\/www.maitri.pl\/?post_type=product&#038;p=26738"},"modified":"2025-03-31T14:15:25","modified_gmt":"2025-03-31T12:15:25","slug":"boze-narodzenie-kamerun","status":"publish","type":"product","link":"https:\/\/www.maitri.pl\/fr\/projekt\/boze-narodzenie-kamerun\/","title":{"rendered":"Bo\u017ce Narodzenie w Afryce &#8211; podaruj rado\u015b\u0107 ubogim dzieciom z Kamerunu!"},"content":{"rendered":"<h4>Uchyl dzieciom r\u0105bek nieba<\/h4>\n<p>Po wielokrotnym do\u015bwiadczeniu organizowania \u015bwi\u0119ta dla dzieci z okazji Bo\u017cego Narodzenia, pielgrzymek diecezjalnych oraz Dnia M\u0142odo\u015bci 11 lutego, o\u015bmielam si\u0119 zwr\u00f3ci\u0107 ponownie z pro\u015bb\u0105 o dofinansowanie tych uroczysto\u015bci. Cel tej pro\u015bby jest ci\u0105gle ten sam. Dzi\u0119ki Waszemu wsparciu uchylamy dzieciom r\u0105bka nieba. Dla dzieci Afryki \u015bwi\u0119to to nabiera warto\u015bci chrze\u015bcija\u0144skich dzi\u0119ki pomocy ludzi wielkich serc. Bo\u017ce Narodzenie w Afryce to okazja do podarowania u\u015bmiechu najbiedniejszym z biednych.<\/p>\n<h4>Ka\u017cdy otrzymuje podarunek<\/h4>\n<p>W Kamerunie spotykamy mn\u00f3stwo b\u0142yskotek i zabawek, ale s\u0105 one dost\u0119pne tylko dla niekt\u00f3rych &#8211; bogatszych. Wiele dzieci patrzy z zazdro\u015bci\u0105 na zabawki innych. Jednak dzi\u0119ki Waszemu wsparciu ca\u0142a nasza szko\u0142a i dzieci z parafii korzystaj\u0105 z rado\u015bci loterii fantowej, a tak\u017ce uroczystego posi\u0142ku z okazji Bo\u017cego Narodzenia. Ka\u017cde dziecko otrzymuje jak\u0105\u015b zabawk\u0119, skarpetki oraz s\u0142odycze. Dzieci uczestnicz\u0105 w diecezjalnej pielgrzymce. Ostatnio z powodu pandemii jest ona organizowana w dekanatach, bo tutaj nadal obowi\u0105zuj\u0105 ograniczenia. Poni\u017cszy projekt planuj\u0119 zrealizowa\u0107\u00a0 w okresie wrzesie\u0144\u00a0 2022 \u2013 luty\u00a0 2023. Pomoc od darczy\u0144c\u00f3w Maitri pos\u0142u\u017cy na <a href=\"https:\/\/www.maitri.pl\/projekt\/fundusz-dozywianie-glodujacych-dzieci-2\/\" target=\"_blank\" rel=\"noopener\">zakup \u017cywno\u015bci<\/a>, s\u0142odyczy, zorganizowanie loterii fantowej, wyjazd na pielgrzymk\u0119 oraz zakup skarpetek dla wszystkich dzieci ze szko\u0142y, a tak\u017ce kupno s\u0142odyczy w dniu m\u0142odo\u015bci itp.<\/p>\n<h4>\u015awi\u0119ta bez choinki<\/h4>\n<p>W Kamerunie jestem od ponad 30 lat. Zauwa\u017cy\u0142am tu brak tradycji i wynikaj\u0105cej z niej rado\u015bci prze\u017cywania \u015awi\u0105t Bo\u017cego Narodzenia. W wielu domach nie ma \u015bwi\u0105tecznego posi\u0142ku. Czasem dzie\u0144 \u015bwi\u0105teczny nie ro\u017cni si\u0119 od tego najbardziej zwyk\u0142ego w ci\u0105gu roku, wiele dzieci chodzi bezczynnie po ulicach. W tym czasie rodzice zaj\u0119ci s\u0105 sob\u0105.<\/p>\n<p>Z kolei w okresie miedzy Bo\u017cym Narodzeniem i Nowym Rokiem wyje\u017cd\u017camy z dzie\u0107mi na pielgrzymk\u0119 diecezjaln\u0105 dzieci. Gdyby nie pomoc otrzymana od Was prawdopodobnie nie by\u0142oby takiego wyjazdu.<\/p>\n<p>Wasza pomoc na powy\u017cszy cel, mo\u017ce ofiarowa\u0107 rado\u015b\u0107 i mi\u0142o\u015b\u0107 dzieciom. B\u0119dzie ona r\u00f3wnie\u017c powodem u\u015bmiechu na wielu twarzach dzieci\u0119cych i okazj\u0105 do\u015bwiadczenia mi\u0142o\u015bci Bo\u017cej.<\/p>\n<p>Dzi\u0119ki Waszemu wsparciu ca\u0142a nasza szko\u0142a i dzieci z parafii korzystaj\u0105 z rado\u015bci loterii fantowej oraz uroczystego posi\u0142ku Bo\u017cego Narodzenia. Ka\u017cde dziecko otrzymuje jak\u0105\u015b zabawk\u0119, skarpetki oraz s\u0142odycze. Dzieci uczestnicz\u0105 w diecezjalnej pielgrzymce. Ostatnio z powodu pandemii jest ona organizowana w dekanatach.<\/p>\n<p>Wasza pomoc na zorganizowanie Dnia M\u0142odo\u015bci 11 lutego pozwoli\u0142a nam na zdobycie\u00a0 tradycyjnie\u00a0 pierwszego miejsca w mie\u015bcie w ramach defilady szkolnej.<\/p>\n<p><strong>Poni\u017cszy projekt planuje si\u0119 zrealizowa\u0107\u00a0\u00a0\u00a0 wrzesie\u0144\u00a0 20<\/strong><strong>23 \u2013 luty\u00a0 20<\/strong><strong>24<\/strong><\/p>\n<h4><strong>Kosztorys:<\/strong><\/h4>\n<h4><strong><img loading=\"lazy\" decoding=\"async\" class=\"alignnone wp-image-30227 size-full\" src=\"https:\/\/www.maitri.pl\/wp-content\/uploads\/2023\/06\/157-chrys.png\" alt=\"\" width=\"888\" height=\"1303\" srcset=\"https:\/\/www.maitri.pl\/wp-content\/uploads\/2023\/06\/157-chrys.png 888w, https:\/\/www.maitri.pl\/wp-content\/uploads\/2023\/06\/157-chrys-204x300.png 204w, https:\/\/www.maitri.pl\/wp-content\/uploads\/2023\/06\/157-chrys-698x1024.png 698w, https:\/\/www.maitri.pl\/wp-content\/uploads\/2023\/06\/157-chrys-768x1127.png 768w, https:\/\/www.maitri.pl\/wp-content\/uploads\/2023\/06\/157-chrys-600x880.png 600w\" sizes=\"auto, (max-width: 888px) 100vw, 888px\" \/><\/strong><\/h4>\n<p><em>s. Alicja Adamska, <a href=\"http:\/\/duszajezusa.pl\/\" target=\"_blank\" rel=\"noopener noreferrer\">Zgromadzenie Si\u00f3str Naj\u015bwi\u0119tszej Duszy Chrystusa Pana<\/a><\/em><\/p>\n<p><strong>PODSUMOWANIE<\/strong> (w miejscowej walucie) &#8211; razem <strong>2 099 000 frank\u00f3w CFA<\/strong><\/p>\n<p style=\"text-align: justify;\" align=\"JUSTIFY\"><span style=\"color: #ff0000;\"><span style=\"font-size: large;\"><b>Kwota projektu: 3560 \u20ac<br \/>\n<\/b><\/span><\/span><\/p>\n<p style=\"text-align: justify;\"><strong>Numer projektu: 157\/CHRYS <\/strong><\/p>\n<p style=\"text-align: justify;\" align=\"JUSTIFY\"><span style=\"color: #808080;\">Stowarzyszenie Ruchu\u00a0<em>Maitri<\/em>\u00a0przeznacza do 10% otrzymanych \u015brodk\u00f3w na koszty funkcjonowania biura i pozyskiwanie funduszy pomocowych.<\/span><\/p>\n<h3 style=\"text-align: justify;\" align=\"JUSTIFY\"><span style=\"color: #808080;\">Bo\u017ce Narodzenie w Afryce &#8211; podaruj rado\u015b\u0107 ubogim dzieciom z Abong-Mbang w Kamerunie<\/span><\/h3>\n","protected":false},"excerpt":{"rendered":"<p><strong>Projekt:\u00a0<\/strong> <em>s. Alicja Adamska, <a href=\"http:\/\/duszajezusa.pl\/\" target=\"_blank\" rel=\"noopener noreferrer\">Zgromadzenie Si\u00f3str Naj\u015bwi\u0119tszej Duszy Chrystusa Pana<\/a><\/em><br \/>\n<strong>Misja:<\/strong> Abong Mbang, <a href=\"https:\/\/www.maitri.pl\/gdzie-pomagamy\/\" target=\"_blank\" rel=\"noopener noreferrer\">Kamerun<\/a><br \/>\n<strong>Kwota projektu: <span style=\"color: #ff0000;\">3560 \u20ac<\/span><\/strong><\/p>\n","protected":false},"featured_media":26774,"template":"","meta":[],"product_brand":[],"product_cat":[656],"product_tag":[662,658,659,660],"class_list":{"0":"post-26738","1":"product","2":"type-product","3":"status-publish","4":"has-post-thumbnail","6":"product_cat-bez-kategorii","7":"product_tag-abong-mbang","8":"product_tag-kamerun","9":"product_tag-siostra-alicja-adamska","10":"product_tag-zgromadzenie-siostr-najswietszej-duszy-chrystusa-pana","12":"first","13":"instock","14":"virtual","15":"purchasable","16":"product-type-simple"},"yoast_head":"<!-- This site is optimized with the Yoast SEO plugin v27.2 - https:\/\/yoast.com\/product\/yoast-seo-wordpress\/ -->\n<title>Bo\u017ce Narodzenie w Afryce - podaruj rado\u015b\u0107 dzieciom z Kamerunu<\/title>\n<meta name=\"description\" content=\"Bo\u017ce Narodzenie w Afryce - podaruj rado\u015b\u0107 ubogim dzieciom z Abong-Mbang w Kamerunie. O pomoc prosz\u0105 Siostry ze Zgromadzenia Naj\u015bw. Duszy Chrystusa Pana.\" \/>\n<meta name=\"robots\" content=\"index, follow, max-snippet:-1, max-image-preview:large, max-video-preview:-1\" \/>\n<link rel=\"canonical\" href=\"https:\/\/www.maitri.pl\/projekt\/boze-narodzenie-kamerun\/\" \/>\n<meta property=\"og:locale\" content=\"fr_FR\" \/>\n<meta property=\"og:type\" content=\"article\" \/>\n<meta property=\"og:title\" content=\"Bo\u017ce Narodzenie w Afryce - podaruj rado\u015b\u0107 dzieciom z Kamerunu\" \/>\n<meta property=\"og:description\" content=\"Bo\u017ce Narodzenie w Afryce - podaruj rado\u015b\u0107 ubogim dzieciom z Abong-Mbang w Kamerunie. O pomoc prosz\u0105 Siostry ze Zgromadzenia Naj\u015bw. Duszy Chrystusa Pana.\" \/>\n<meta property=\"og:url\" content=\"https:\/\/www.maitri.pl\/projekt\/boze-narodzenie-kamerun\/\" \/>\n<meta property=\"og:site_name\" content=\"Ruch Maitri - Adopcja Serca pomoc Afryce\" \/>\n<meta property=\"article:publisher\" content=\"https:\/\/www.facebook.com\/MAITRI.Adopcja.Serca.dzieci.Afryki\/\" \/>\n<meta property=\"article:modified_time\" content=\"2025-03-31T12:15:25+00:00\" \/>\n<meta property=\"og:image\" content=\"https:\/\/www.maitri.pl\/wp-content\/uploads\/2023\/06\/157-chrys-1.jpg\" \/>\n\t<meta property=\"og:image:width\" content=\"1200\" \/>\n\t<meta property=\"og:image:height\" content=\"900\" \/>\n\t<meta property=\"og:image:type\" content=\"image\/jpeg\" \/>\n<meta name=\"twitter:card\" content=\"summary_large_image\" \/>\n<meta name=\"twitter:label1\" content=\"Dur\u00e9e de lecture estim\u00e9e\" \/>\n\t<meta name=\"twitter:data1\" content=\"3 minutes\" \/>\n<script type=\"application\/ld+json\" class=\"yoast-schema-graph\">{\"@context\":\"https:\/\/schema.org\",\"@graph\":[{\"@type\":\"WebPage\",\"@id\":\"https:\/\/www.maitri.pl\/projekt\/boze-narodzenie-kamerun\/\",\"url\":\"https:\/\/www.maitri.pl\/projekt\/boze-narodzenie-kamerun\/\",\"name\":\"Bo\u017ce Narodzenie w Afryce - podaruj rado\u015b\u0107 dzieciom z Kamerunu\",\"isPartOf\":{\"@id\":\"https:\/\/www.maitri.pl\/#website\"},\"primaryImageOfPage\":{\"@id\":\"https:\/\/www.maitri.pl\/projekt\/boze-narodzenie-kamerun\/#primaryimage\"},\"image\":{\"@id\":\"https:\/\/www.maitri.pl\/projekt\/boze-narodzenie-kamerun\/#primaryimage\"},\"thumbnailUrl\":\"https:\/\/www.maitri.pl\/wp-content\/uploads\/2023\/06\/157-chrys-1.jpg\",\"datePublished\":\"2023-06-30T15:41:13+00:00\",\"dateModified\":\"2025-03-31T12:15:25+00:00\",\"description\":\"Bo\u017ce Narodzenie w Afryce - podaruj rado\u015b\u0107 ubogim dzieciom z Abong-Mbang w Kamerunie. O pomoc prosz\u0105 Siostry ze Zgromadzenia Naj\u015bw. Duszy Chrystusa Pana.\",\"breadcrumb\":{\"@id\":\"https:\/\/www.maitri.pl\/projekt\/boze-narodzenie-kamerun\/#breadcrumb\"},\"inLanguage\":\"fr-FR\",\"potentialAction\":[{\"@type\":\"ReadAction\",\"target\":[\"https:\/\/www.maitri.pl\/projekt\/boze-narodzenie-kamerun\/\"]}]},{\"@type\":\"ImageObject\",\"inLanguage\":\"fr-FR\",\"@id\":\"https:\/\/www.maitri.pl\/projekt\/boze-narodzenie-kamerun\/#primaryimage\",\"url\":\"https:\/\/www.maitri.pl\/wp-content\/uploads\/2023\/06\/157-chrys-1.jpg\",\"contentUrl\":\"https:\/\/www.maitri.pl\/wp-content\/uploads\/2023\/06\/157-chrys-1.jpg\",\"width\":1200,\"height\":900,\"caption\":\"Bo\u017ce Narodzenie w Afryce - podaruj rado\u015b\u0107 ubogim dzieciom z Kamerunu! Adopcja Serca Maitri Adopcja Duchowa pomoc Afryce pomoc dzieciom pomoc ubogim 01\"},{\"@type\":\"BreadcrumbList\",\"@id\":\"https:\/\/www.maitri.pl\/projekt\/boze-narodzenie-kamerun\/#breadcrumb\",\"itemListElement\":[{\"@type\":\"ListItem\",\"position\":1,\"name\":\"Strona g\u0142\u00f3wna\",\"item\":\"https:\/\/www.maitri.pl\/\"},{\"@type\":\"ListItem\",\"position\":2,\"name\":\"Sklep\",\"item\":\"https:\/\/www.maitri.pl\/sklep\/\"},{\"@type\":\"ListItem\",\"position\":3,\"name\":\"Bo\u017ce Narodzenie w Afryce &#8211; podaruj rado\u015b\u0107 ubogim dzieciom z Kamerunu!\"}]},{\"@type\":\"WebSite\",\"@id\":\"https:\/\/www.maitri.pl\/#website\",\"url\":\"https:\/\/www.maitri.pl\/\",\"name\":\"Adopcja Serca Maitri \u2013 pomoc dzieciom w Afryce\",\"description\":\"Adopcja Serca \u2013 adopcja na odleg\u0142o\u015b\u0107, pomoc Afryce, do\u017cywianie i edukacja w Afryce\",\"publisher\":{\"@id\":\"https:\/\/www.maitri.pl\/#organization\"},\"potentialAction\":[{\"@type\":\"SearchAction\",\"target\":{\"@type\":\"EntryPoint\",\"urlTemplate\":\"https:\/\/www.maitri.pl\/?s={search_term_string}\"},\"query-input\":{\"@type\":\"PropertyValueSpecification\",\"valueRequired\":true,\"valueName\":\"search_term_string\"}}],\"inLanguage\":\"fr-FR\"},{\"@type\":\"Organization\",\"@id\":\"https:\/\/www.maitri.pl\/#organization\",\"name\":\"Stowarzyszenie Ruchu Maitri\",\"url\":\"https:\/\/www.maitri.pl\/\",\"logo\":{\"@type\":\"ImageObject\",\"inLanguage\":\"fr-FR\",\"@id\":\"https:\/\/www.maitri.pl\/#\/schema\/logo\/image\/\",\"url\":\"https:\/\/www.maitri.pl\/wp-content\/uploads\/2020\/04\/duze_logo-81.png\",\"contentUrl\":\"https:\/\/www.maitri.pl\/wp-content\/uploads\/2020\/04\/duze_logo-81.png\",\"width\":339,\"height\":321,\"caption\":\"Stowarzyszenie Ruchu Maitri\"},\"image\":{\"@id\":\"https:\/\/www.maitri.pl\/#\/schema\/logo\/image\/\"},\"sameAs\":[\"https:\/\/www.facebook.com\/MAITRI.Adopcja.Serca.dzieci.Afryki\/\"]}]}<\/script>\n<!-- \/ Yoast SEO plugin. -->","yoast_head_json":{"title":"Bo\u017ce Narodzenie w Afryce - podaruj rado\u015b\u0107 dzieciom z Kamerunu","description":"Bo\u017ce Narodzenie w Afryce - podaruj rado\u015b\u0107 ubogim dzieciom z Abong-Mbang w Kamerunie. O pomoc prosz\u0105 Siostry ze Zgromadzenia Naj\u015bw. Duszy Chrystusa Pana.","robots":{"index":"index","follow":"follow","max-snippet":"max-snippet:-1","max-image-preview":"max-image-preview:large","max-video-preview":"max-video-preview:-1"},"canonical":"https:\/\/www.maitri.pl\/projekt\/boze-narodzenie-kamerun\/","og_locale":"fr_FR","og_type":"article","og_title":"Bo\u017ce Narodzenie w Afryce - podaruj rado\u015b\u0107 dzieciom z Kamerunu","og_description":"Bo\u017ce Narodzenie w Afryce - podaruj rado\u015b\u0107 ubogim dzieciom z Abong-Mbang w Kamerunie. O pomoc prosz\u0105 Siostry ze Zgromadzenia Naj\u015bw. Duszy Chrystusa Pana.","og_url":"https:\/\/www.maitri.pl\/projekt\/boze-narodzenie-kamerun\/","og_site_name":"Ruch Maitri - Adopcja Serca pomoc Afryce","article_publisher":"https:\/\/www.facebook.com\/MAITRI.Adopcja.Serca.dzieci.Afryki\/","article_modified_time":"2025-03-31T12:15:25+00:00","og_image":[{"width":1200,"height":900,"url":"https:\/\/www.maitri.pl\/wp-content\/uploads\/2023\/06\/157-chrys-1.jpg","type":"image\/jpeg"}],"twitter_card":"summary_large_image","twitter_misc":{"Dur\u00e9e de lecture estim\u00e9e":"3 minutes"},"schema":{"@context":"https:\/\/schema.org","@graph":[{"@type":"WebPage","@id":"https:\/\/www.maitri.pl\/projekt\/boze-narodzenie-kamerun\/","url":"https:\/\/www.maitri.pl\/projekt\/boze-narodzenie-kamerun\/","name":"Bo\u017ce Narodzenie w Afryce - podaruj rado\u015b\u0107 dzieciom z Kamerunu","isPartOf":{"@id":"https:\/\/www.maitri.pl\/#website"},"primaryImageOfPage":{"@id":"https:\/\/www.maitri.pl\/projekt\/boze-narodzenie-kamerun\/#primaryimage"},"image":{"@id":"https:\/\/www.maitri.pl\/projekt\/boze-narodzenie-kamerun\/#primaryimage"},"thumbnailUrl":"https:\/\/www.maitri.pl\/wp-content\/uploads\/2023\/06\/157-chrys-1.jpg","datePublished":"2023-06-30T15:41:13+00:00","dateModified":"2025-03-31T12:15:25+00:00","description":"Bo\u017ce Narodzenie w Afryce - podaruj rado\u015b\u0107 ubogim dzieciom z Abong-Mbang w Kamerunie. O pomoc prosz\u0105 Siostry ze Zgromadzenia Naj\u015bw. Duszy Chrystusa Pana.","breadcrumb":{"@id":"https:\/\/www.maitri.pl\/projekt\/boze-narodzenie-kamerun\/#breadcrumb"},"inLanguage":"fr-FR","potentialAction":[{"@type":"ReadAction","target":["https:\/\/www.maitri.pl\/projekt\/boze-narodzenie-kamerun\/"]}]},{"@type":"ImageObject","inLanguage":"fr-FR","@id":"https:\/\/www.maitri.pl\/projekt\/boze-narodzenie-kamerun\/#primaryimage","url":"https:\/\/www.maitri.pl\/wp-content\/uploads\/2023\/06\/157-chrys-1.jpg","contentUrl":"https:\/\/www.maitri.pl\/wp-content\/uploads\/2023\/06\/157-chrys-1.jpg","width":1200,"height":900,"caption":"Bo\u017ce Narodzenie w Afryce - podaruj rado\u015b\u0107 ubogim dzieciom z Kamerunu! Adopcja Serca Maitri Adopcja Duchowa pomoc Afryce pomoc dzieciom pomoc ubogim 01"},{"@type":"BreadcrumbList","@id":"https:\/\/www.maitri.pl\/projekt\/boze-narodzenie-kamerun\/#breadcrumb","itemListElement":[{"@type":"ListItem","position":1,"name":"Strona g\u0142\u00f3wna","item":"https:\/\/www.maitri.pl\/"},{"@type":"ListItem","position":2,"name":"Sklep","item":"https:\/\/www.maitri.pl\/sklep\/"},{"@type":"ListItem","position":3,"name":"Bo\u017ce Narodzenie w Afryce &#8211; podaruj rado\u015b\u0107 ubogim dzieciom z Kamerunu!"}]},{"@type":"WebSite","@id":"https:\/\/www.maitri.pl\/#website","url":"https:\/\/www.maitri.pl\/","name":"Adopcja Serca Maitri \u2013 pomoc dzieciom w Afryce","description":"Adopcja Serca \u2013 adopcja na odleg\u0142o\u015b\u0107, pomoc Afryce, do\u017cywianie i edukacja w Afryce","publisher":{"@id":"https:\/\/www.maitri.pl\/#organization"},"potentialAction":[{"@type":"SearchAction","target":{"@type":"EntryPoint","urlTemplate":"https:\/\/www.maitri.pl\/?s={search_term_string}"},"query-input":{"@type":"PropertyValueSpecification","valueRequired":true,"valueName":"search_term_string"}}],"inLanguage":"fr-FR"},{"@type":"Organization","@id":"https:\/\/www.maitri.pl\/#organization","name":"Stowarzyszenie Ruchu Maitri","url":"https:\/\/www.maitri.pl\/","logo":{"@type":"ImageObject","inLanguage":"fr-FR","@id":"https:\/\/www.maitri.pl\/#\/schema\/logo\/image\/","url":"https:\/\/www.maitri.pl\/wp-content\/uploads\/2020\/04\/duze_logo-81.png","contentUrl":"https:\/\/www.maitri.pl\/wp-content\/uploads\/2020\/04\/duze_logo-81.png","width":339,"height":321,"caption":"Stowarzyszenie Ruchu Maitri"},"image":{"@id":"https:\/\/www.maitri.pl\/#\/schema\/logo\/image\/"},"sameAs":["https:\/\/www.facebook.com\/MAITRI.Adopcja.Serca.dzieci.Afryki\/"]}]}},"_links":{"self":[{"href":"https:\/\/www.maitri.pl\/fr\/wp-json\/wp\/v2\/product\/26738","targetHints":{"allow":["GET"]}}],"collection":[{"href":"https:\/\/www.maitri.pl\/fr\/wp-json\/wp\/v2\/product"}],"about":[{"href":"https:\/\/www.maitri.pl\/fr\/wp-json\/wp\/v2\/types\/product"}],"wp:featuredmedia":[{"embeddable":true,"href":"https:\/\/www.maitri.pl\/fr\/wp-json\/wp\/v2\/media\/26774"}],"wp:attachment":[{"href":"https:\/\/www.maitri.pl\/fr\/wp-json\/wp\/v2\/media?parent=26738"}],"wp:term":[{"taxonomy":"product_brand","embeddable":true,"href":"https:\/\/www.maitri.pl\/fr\/wp-json\/wp\/v2\/product_brand?post=26738"},{"taxonomy":"product_cat","embeddable":true,"href":"https:\/\/www.maitri.pl\/fr\/wp-json\/wp\/v2\/product_cat?post=26738"},{"taxonomy":"product_tag","embeddable":true,"href":"https:\/\/www.maitri.pl\/fr\/wp-json\/wp\/v2\/product_tag?post=26738"}],"curies":[{"name":"wp","href":"https:\/\/api.w.org\/{rel}","templated":true}]}}