{"id":26674,"date":"2023-06-16T15:24:35","date_gmt":"2023-06-16T13:24:35","guid":{"rendered":"https:\/\/www.maitri.pl\/?post_type=product&#038;p=26674"},"modified":"2025-03-31T14:15:13","modified_gmt":"2025-03-31T12:15:13","slug":"posiilki-dla-dzieci-w-nepalskich-szkolach","status":"publish","type":"product","link":"https:\/\/www.maitri.pl\/fr\/projekt\/posiilki-dla-dzieci-w-nepalskich-szkolach\/","title":{"rendered":"Uratuj dzieci: podaruj codzienny obiad najbiedniejszym uczniom z Nepalu"},"content":{"rendered":"<h3>Wcze\u015bniej dzieci z tej okolicy w zasadzie nie by\u0142y wysy\u0142ane do szko\u0142y. W ci\u0119\u017ckich warunkach pracowa\u0142y na polu i przy zwierz\u0119tach. Cz\u0119sto nie dostawa\u0142y \u017cadnego po\u017cywnego posi\u0142ku w domu. Niestety ta sytuacja wci\u0105\u017c nie jest rzadko\u015bci\u0105, poniewa\u017c w tym regionie panuje ekstremalna bieda.Uratuj dzieci: podaruj codzienny obiad najbiedniejszych uczniom z Nepalu<\/h3>\n<p>W 2024 r. niedo\u017cywienie pozostanie kluczowym problemem dla dzieci z odleg\u0142ych i upo\u015bledzonych \u015brodowisk, szczeg\u00f3lnie w regionach s\u0142abiej rozwini\u0119tych. Aktualne statystyki wskazuj\u0105, \u017ce oko\u0142o jedna trzecia dzieci na tych terenach cierpi na chroniczne niedo\u017cywienie, co znacz\u0105co wp\u0142ywa na ich wzrost i rozw\u00f3j poznawczy. Aby stawi\u0107 czo\u0142a temu wszechobecnemu wyzwaniu, niezb\u0119dne s\u0105 wysi\u0142ki na rzecz poprawy dost\u0119pu do po\u017cywnej \u017cywno\u015bci i opieki zdrowotnej. Uratuj dzieci razem z nami!<\/p>\n<h4>Kuchnia Dakshinkali &#8211; sukces w walce z g\u0142odem<\/h4>\n<p>\u00ab\u00a0Po pi\u0119ciu latach zapewniania po\u017cywnych posi\u0142k\u00f3w w szkole nasze dzieci sta\u0142y si\u0119 jednymi z najsilniejszych, najbardziej zdolnych umys\u0142owo i najszcz\u0119\u015bliwszych dzieci w ca\u0142ej dzielnicy. Nasza wdzi\u0119czno\u015b\u0107 za Wasze konsekwentne wsparcie wywo\u0142uje \u0142zy w naszych oczach na sam\u0105 my\u015bl o znacz\u0105cym wp\u0142ywie, jaki mo\u017cemy mie\u0107 na dobro innych\u00a0\u00bb &#8211; czytamy w li\u015bcie od Pani Aleksandry Kurnickiej z Fundacji Karunika. W 2020 roku Stowarzyszenie Ruchu \u00ab\u00a0Maitri\u00a0\u00bb wraz z nepalsk\u0105 Fundacj\u0105 Karunika rozpocz\u0119\u0142o program pomocowy skierowany do dzieci w Nepalu. W tym g\u00f3rskim kraju w ub\u00f3stwie \u017cyje ponad 70% spo\u0142ecze\u0144stwa.\u00a0 Do wiosek takich jak Kulekhani czy Dakshinkali, w kt\u00f3rych od kilku lat prowadzimy akcj\u0119 do\u017cywiania, dociera si\u0119 \u0142\u00f3dkami i wspina ponad 1,5 godziny g\u00f3rskimi \u015bcie\u017ckami. Tamtejsze dzieci z najubo\u017cszych rodzin zosta\u0142y zapisane do programu <a href=\"https:\/\/www.maitri.pl\/adopcja-serca\/\" target=\"_blank\" rel=\"noopener\">Adopcja Serca<\/a>. Nast\u0119pnie rozpocz\u0119ty zosta\u0142 tak\u017ce program dodatkowego do\u017cywiania, kt\u00f3ry okaza\u0142 si\u0119 wielkim sukcesem. Dzi\u0119ki obu tym programom kilkukrotnie wzros\u0142a liczba uczni\u00f3w w lokalnych szko\u0142ach, w kt\u00f3rych prowadzone jest do\u017cywianie.<\/p>\n<h4>Ogromna warto\u015b\u0107 pomocy<\/h4>\n<p>Wcze\u015bniej dzieci z tej okolicy w zasadzie nie by\u0142y wysy\u0142ane do szko\u0142y. W ci\u0119\u017ckich warunkach pracowa\u0142y na polu i przy zwierz\u0119tach. Cz\u0119sto nie dostawa\u0142y \u017cadnego po\u017cywnego posi\u0142ku w domu. Niestety ta sytuacja wci\u0105\u017c nie jest rzadko\u015bci\u0105, poniewa\u017c w tym regionie panuje ekstremalna bieda. Dzi\u0119ki programowi do\u017cywiania dzieci wysy\u0142ane s\u0105 obecnie do szko\u0142y i nie chodz\u0105 g\u0142odne ca\u0142y dzie\u0144. Codzienne \u017cycie dzieci niemal w ca\u0142o\u015bci opiera si\u0119 na tej pomocy. Wsparcie darczy\u0144c\u00f3w z Polski ratuje je przed g\u0142odem. Daje im te\u017c szans\u0119 na lepsze \u017cycie poprzez uzyskanie podstawowej edukacji. Chroni r\u00f3wnie\u017c ma\u0142e dziewczynki przed wczesnym wydawaniem za m\u0105\u017c, co jest cz\u0119st\u0105 praktyk\u0105 maj\u0105c\u0105 na celu odci\u0105\u017cenie rodziny w kwestii \u017cywienia. Codzienny ciep\u0142y posi\u0142ek stanowi wi\u0119c dla nich ogromn\u0105 warto\u015b\u0107. Jedzenie przygotowywane jest rano przez kucharza, a wydawane ok. godz. 13:00 przez kadr\u0119 nauczycielsk\u0105. Akcja do\u017cywiania trwa ca\u0142y rok.<\/p>\n<h4>Serce ro\u015bnie, gdy maj\u0105 co je\u015b\u0107<\/h4>\n<p>W okresie zimowym dzieci marzn\u0105 na ko\u015b\u0107, bo ich szko\u0142a to nieogrzewany niczym surowy budynek. Ciep\u0142y posi\u0142ek to dla nich szansa na zachowanie zdrowia. Normalnie dzieci nie by\u0142yby wysy\u0142ane o takiej porze roku do szko\u0142y, gdyby nie jedzenie. To pomoc na miar\u0119 podarowania komu\u015b \u017cycia, zdrowia, oraz edukacji \u2013 dziecku, kt\u00f3re najbardziej tego potrzebuje. Wszystkie dzieci, kt\u00f3rym pomagamy, wywodz\u0105 si\u0119 z najni\u017cszej kasty spo\u0142ecznej Nepalu i \u017cyj\u0105 w skrajnym ub\u00f3stwie. Cz\u0119sto nie maj\u0105 nawet w\u0142asnych ubra\u0144 czy but\u00f3w. Wszystko co maja i jedz\u0105 to zas\u0142uga darczy\u0144c\u00f3w z Polski. To wielki dar serca. Dzi\u015b te serce ro\u015bnie, gdy widzimy jak zajadaj\u0105 posi\u0142ki, nie s\u0105 ot\u0119pia\u0142e i smutne, chodz\u0105 do szko\u0142y. Kondycja zdrowotna i przysz\u0142o\u015b\u0107 dzieci zale\u017cy od kontynuacji programu pomocy. Jedynie regularna, ci\u0105g\u0142a pomoc warunkuje zdrowie, nauk\u0119 i przysz\u0142o\u015b\u0107 tych dzieci. Bez naszej pomocy wr\u00f3c\u0105 do analfabetyzmu. Uratuj dzieci!<\/p>\n<p>Dzi\u0119ki Wam dzieje si\u0119 dobro. Prosimy o kontynuacj\u0119 akcji do\u017cywiania!<\/p>\n<h4><strong>Kosztorys pomocy w osadach Dakshinkali i Kulekhani:<\/strong><\/h4>\n<p><img loading=\"lazy\" decoding=\"async\" class=\"alignnone size-full wp-image-30848\" src=\"https:\/\/www.maitri.pl\/wp-content\/uploads\/2023\/06\/Kosztorys-Nepal-2024.png\" alt=\"\" width=\"832\" height=\"251\" srcset=\"https:\/\/www.maitri.pl\/wp-content\/uploads\/2023\/06\/Kosztorys-Nepal-2024.png 832w, https:\/\/www.maitri.pl\/wp-content\/uploads\/2023\/06\/Kosztorys-Nepal-2024-300x91.png 300w, https:\/\/www.maitri.pl\/wp-content\/uploads\/2023\/06\/Kosztorys-Nepal-2024-768x232.png 768w, https:\/\/www.maitri.pl\/wp-content\/uploads\/2023\/06\/Kosztorys-Nepal-2024-600x181.png 600w\" sizes=\"auto, (max-width: 832px) 100vw, 832px\" \/><\/p>\n<p><b>Wnioskowana kwota: <strong>38.820 <\/strong> \u20ac. Za t\u0119 kwot\u0119 dzieciom wydanych zostanie 102.746 posi\u0142k\u00f3w.\u00a0 \u015arednia cena jednego posi\u0142ku to 0,32 \u20ac\u00a0 czyli ok. 2 z\u0142.<\/b><\/p>\n<p><strong>Numer projektu<\/strong> <strong>45-58\/KARTC<\/strong><\/p>\n<p>Stowarzyszenie Ruchu\u00a0<em>Maitri<\/em>\u00a0przeznacza do 10% otrzymanych \u015brodk\u00f3w na koszty funkcjonowania biura i pozyskiwanie funduszy pomocowych.<\/p>\n<h3><strong>Uratuj dzieci: podaruj codzienny obiad najbiedniejszym uczniom z Dashinkali, Kulekhani, Shaktkikhor i Gorkha w <a href=\"https:\/\/pl.wikipedia.org\/wiki\/Nepal\">Nepalu<\/a><\/strong><\/h3>\n","protected":false},"excerpt":{"rendered":"<p><strong>Projekt: <\/strong><em>Aleksandra<\/em><em>\u00a0Kurnicka, <a href=\"https:\/\/www.facebook.com\/karunikatuitioncenterNEPAL\" target=\"_blank\" rel=\"noopener\">Karunika Foundation<\/a><\/em><br \/>\n<strong>Miejsce:<\/strong> Kathmandu, <a href=\"https:\/\/www.maitri.pl\/gdzie-pomagamy\/\" target=\"_blank\" rel=\"noopener\">Nepal<\/a><br \/>\n<span style=\"color: #ff0000;\"><strong><span style=\"color: #000000;\">Kwota projektu:<\/span> 38.820 \u20ac (koszt jednego posi\u0142ku ok. 2 z\u0142)<\/strong><\/span><br \/>\nNazwa projektu:<strong> 45-48\/KARTC<\/strong><\/p>\n","protected":false},"featured_media":31416,"template":"","meta":[],"product_brand":[],"product_cat":[656],"product_tag":[670,978,676,928,967,672],"class_list":{"0":"post-26674","1":"product","2":"type-product","3":"status-publish","4":"has-post-thumbnail","6":"product_cat-bez-kategorii","7":"product_tag-aleksandra-kurnicka","8":"product_tag-dakshinkali","9":"product_tag-dozywianie","10":"product_tag-karunika-foundation","11":"product_tag-kulekhani","12":"product_tag-nepal","14":"first","15":"instock","16":"virtual","17":"purchasable","18":"product-type-simple"},"yoast_head":"<!-- This site is optimized with the Yoast SEO plugin v27.2 - https:\/\/yoast.com\/product\/yoast-seo-wordpress\/ -->\n<title>Uratuj dzieci: podaruj codzienny obiad najbiedniejszym uczniom z Nepalu<\/title>\n<meta name=\"description\" content=\"Uratuj dzieci: podaruj codzienny obiad najbiedniejszym uczniom z Nepalu. Akcja do\u017cywiania - zapewniamy 1 posi\u0142ek dziennie przez ca\u0142y rok dla ok. 350 dzieci.\" \/>\n<meta name=\"robots\" content=\"index, follow, max-snippet:-1, max-image-preview:large, max-video-preview:-1\" \/>\n<link rel=\"canonical\" href=\"https:\/\/www.maitri.pl\/projekt\/posiilki-dla-dzieci-w-nepalskich-szkolach\/\" \/>\n<meta property=\"og:locale\" content=\"fr_FR\" \/>\n<meta property=\"og:type\" content=\"article\" \/>\n<meta property=\"og:title\" content=\"Uratuj dzieci: podaruj codzienny obiad najbiedniejszym uczniom z Nepalu\" \/>\n<meta property=\"og:description\" content=\"Uratuj dzieci: podaruj codzienny obiad najbiedniejszym uczniom z Nepalu. Akcja do\u017cywiania - zapewniamy 1 posi\u0142ek dziennie przez ca\u0142y rok dla ok. 350 dzieci.\" \/>\n<meta property=\"og:url\" content=\"https:\/\/www.maitri.pl\/projekt\/posiilki-dla-dzieci-w-nepalskich-szkolach\/\" \/>\n<meta property=\"og:site_name\" content=\"Ruch Maitri - Adopcja Serca pomoc Afryce\" \/>\n<meta property=\"article:publisher\" content=\"https:\/\/www.facebook.com\/MAITRI.Adopcja.Serca.dzieci.Afryki\/\" \/>\n<meta property=\"article:modified_time\" content=\"2025-03-31T12:15:13+00:00\" \/>\n<meta property=\"og:image\" content=\"https:\/\/www.maitri.pl\/wp-content\/uploads\/2023\/06\/IMG-20240520-WA0003.jpg\" \/>\n\t<meta property=\"og:image:width\" content=\"1280\" \/>\n\t<meta property=\"og:image:height\" content=\"960\" \/>\n\t<meta property=\"og:image:type\" content=\"image\/jpeg\" \/>\n<meta name=\"twitter:card\" content=\"summary_large_image\" \/>\n<meta name=\"twitter:label1\" content=\"Dur\u00e9e de lecture estim\u00e9e\" \/>\n\t<meta name=\"twitter:data1\" content=\"5 minutes\" \/>\n<script type=\"application\/ld+json\" class=\"yoast-schema-graph\">{\"@context\":\"https:\/\/schema.org\",\"@graph\":[{\"@type\":\"WebPage\",\"@id\":\"https:\/\/www.maitri.pl\/projekt\/posiilki-dla-dzieci-w-nepalskich-szkolach\/\",\"url\":\"https:\/\/www.maitri.pl\/projekt\/posiilki-dla-dzieci-w-nepalskich-szkolach\/\",\"name\":\"Uratuj dzieci: podaruj codzienny obiad najbiedniejszym uczniom z Nepalu\",\"isPartOf\":{\"@id\":\"https:\/\/www.maitri.pl\/#website\"},\"primaryImageOfPage\":{\"@id\":\"https:\/\/www.maitri.pl\/projekt\/posiilki-dla-dzieci-w-nepalskich-szkolach\/#primaryimage\"},\"image\":{\"@id\":\"https:\/\/www.maitri.pl\/projekt\/posiilki-dla-dzieci-w-nepalskich-szkolach\/#primaryimage\"},\"thumbnailUrl\":\"https:\/\/www.maitri.pl\/wp-content\/uploads\/2023\/06\/IMG-20240520-WA0003.jpg\",\"datePublished\":\"2023-06-16T13:24:35+00:00\",\"dateModified\":\"2025-03-31T12:15:13+00:00\",\"description\":\"Uratuj dzieci: podaruj codzienny obiad najbiedniejszym uczniom z Nepalu. Akcja do\u017cywiania - zapewniamy 1 posi\u0142ek dziennie przez ca\u0142y rok dla ok. 350 dzieci.\",\"breadcrumb\":{\"@id\":\"https:\/\/www.maitri.pl\/projekt\/posiilki-dla-dzieci-w-nepalskich-szkolach\/#breadcrumb\"},\"inLanguage\":\"fr-FR\",\"potentialAction\":[{\"@type\":\"ReadAction\",\"target\":[\"https:\/\/www.maitri.pl\/projekt\/posiilki-dla-dzieci-w-nepalskich-szkolach\/\"]}]},{\"@type\":\"ImageObject\",\"inLanguage\":\"fr-FR\",\"@id\":\"https:\/\/www.maitri.pl\/projekt\/posiilki-dla-dzieci-w-nepalskich-szkolach\/#primaryimage\",\"url\":\"https:\/\/www.maitri.pl\/wp-content\/uploads\/2023\/06\/IMG-20240520-WA0003.jpg\",\"contentUrl\":\"https:\/\/www.maitri.pl\/wp-content\/uploads\/2023\/06\/IMG-20240520-WA0003.jpg\",\"width\":1280,\"height\":960,\"caption\":\"Uratuj dzieci: podaruj codzienny obiad najbiedniejszym uczniom z Nepalu 01\"},{\"@type\":\"BreadcrumbList\",\"@id\":\"https:\/\/www.maitri.pl\/projekt\/posiilki-dla-dzieci-w-nepalskich-szkolach\/#breadcrumb\",\"itemListElement\":[{\"@type\":\"ListItem\",\"position\":1,\"name\":\"Strona g\u0142\u00f3wna\",\"item\":\"https:\/\/www.maitri.pl\/\"},{\"@type\":\"ListItem\",\"position\":2,\"name\":\"Sklep\",\"item\":\"https:\/\/www.maitri.pl\/sklep\/\"},{\"@type\":\"ListItem\",\"position\":3,\"name\":\"Uratuj dzieci: podaruj codzienny obiad najbiedniejszym uczniom z Nepalu\"}]},{\"@type\":\"WebSite\",\"@id\":\"https:\/\/www.maitri.pl\/#website\",\"url\":\"https:\/\/www.maitri.pl\/\",\"name\":\"Adopcja Serca Maitri \u2013 pomoc dzieciom w Afryce\",\"description\":\"Adopcja Serca \u2013 adopcja na odleg\u0142o\u015b\u0107, pomoc Afryce, do\u017cywianie i edukacja w Afryce\",\"publisher\":{\"@id\":\"https:\/\/www.maitri.pl\/#organization\"},\"potentialAction\":[{\"@type\":\"SearchAction\",\"target\":{\"@type\":\"EntryPoint\",\"urlTemplate\":\"https:\/\/www.maitri.pl\/?s={search_term_string}\"},\"query-input\":{\"@type\":\"PropertyValueSpecification\",\"valueRequired\":true,\"valueName\":\"search_term_string\"}}],\"inLanguage\":\"fr-FR\"},{\"@type\":\"Organization\",\"@id\":\"https:\/\/www.maitri.pl\/#organization\",\"name\":\"Stowarzyszenie Ruchu Maitri\",\"url\":\"https:\/\/www.maitri.pl\/\",\"logo\":{\"@type\":\"ImageObject\",\"inLanguage\":\"fr-FR\",\"@id\":\"https:\/\/www.maitri.pl\/#\/schema\/logo\/image\/\",\"url\":\"https:\/\/www.maitri.pl\/wp-content\/uploads\/2020\/04\/duze_logo-81.png\",\"contentUrl\":\"https:\/\/www.maitri.pl\/wp-content\/uploads\/2020\/04\/duze_logo-81.png\",\"width\":339,\"height\":321,\"caption\":\"Stowarzyszenie Ruchu Maitri\"},\"image\":{\"@id\":\"https:\/\/www.maitri.pl\/#\/schema\/logo\/image\/\"},\"sameAs\":[\"https:\/\/www.facebook.com\/MAITRI.Adopcja.Serca.dzieci.Afryki\/\"]}]}<\/script>\n<!-- \/ Yoast SEO plugin. -->","yoast_head_json":{"title":"Uratuj dzieci: podaruj codzienny obiad najbiedniejszym uczniom z Nepalu","description":"Uratuj dzieci: podaruj codzienny obiad najbiedniejszym uczniom z Nepalu. Akcja do\u017cywiania - zapewniamy 1 posi\u0142ek dziennie przez ca\u0142y rok dla ok. 350 dzieci.","robots":{"index":"index","follow":"follow","max-snippet":"max-snippet:-1","max-image-preview":"max-image-preview:large","max-video-preview":"max-video-preview:-1"},"canonical":"https:\/\/www.maitri.pl\/projekt\/posiilki-dla-dzieci-w-nepalskich-szkolach\/","og_locale":"fr_FR","og_type":"article","og_title":"Uratuj dzieci: podaruj codzienny obiad najbiedniejszym uczniom z Nepalu","og_description":"Uratuj dzieci: podaruj codzienny obiad najbiedniejszym uczniom z Nepalu. Akcja do\u017cywiania - zapewniamy 1 posi\u0142ek dziennie przez ca\u0142y rok dla ok. 350 dzieci.","og_url":"https:\/\/www.maitri.pl\/projekt\/posiilki-dla-dzieci-w-nepalskich-szkolach\/","og_site_name":"Ruch Maitri - Adopcja Serca pomoc Afryce","article_publisher":"https:\/\/www.facebook.com\/MAITRI.Adopcja.Serca.dzieci.Afryki\/","article_modified_time":"2025-03-31T12:15:13+00:00","og_image":[{"width":1280,"height":960,"url":"https:\/\/www.maitri.pl\/wp-content\/uploads\/2023\/06\/IMG-20240520-WA0003.jpg","type":"image\/jpeg"}],"twitter_card":"summary_large_image","twitter_misc":{"Dur\u00e9e de lecture estim\u00e9e":"5 minutes"},"schema":{"@context":"https:\/\/schema.org","@graph":[{"@type":"WebPage","@id":"https:\/\/www.maitri.pl\/projekt\/posiilki-dla-dzieci-w-nepalskich-szkolach\/","url":"https:\/\/www.maitri.pl\/projekt\/posiilki-dla-dzieci-w-nepalskich-szkolach\/","name":"Uratuj dzieci: podaruj codzienny obiad najbiedniejszym uczniom z Nepalu","isPartOf":{"@id":"https:\/\/www.maitri.pl\/#website"},"primaryImageOfPage":{"@id":"https:\/\/www.maitri.pl\/projekt\/posiilki-dla-dzieci-w-nepalskich-szkolach\/#primaryimage"},"image":{"@id":"https:\/\/www.maitri.pl\/projekt\/posiilki-dla-dzieci-w-nepalskich-szkolach\/#primaryimage"},"thumbnailUrl":"https:\/\/www.maitri.pl\/wp-content\/uploads\/2023\/06\/IMG-20240520-WA0003.jpg","datePublished":"2023-06-16T13:24:35+00:00","dateModified":"2025-03-31T12:15:13+00:00","description":"Uratuj dzieci: podaruj codzienny obiad najbiedniejszym uczniom z Nepalu. Akcja do\u017cywiania - zapewniamy 1 posi\u0142ek dziennie przez ca\u0142y rok dla ok. 350 dzieci.","breadcrumb":{"@id":"https:\/\/www.maitri.pl\/projekt\/posiilki-dla-dzieci-w-nepalskich-szkolach\/#breadcrumb"},"inLanguage":"fr-FR","potentialAction":[{"@type":"ReadAction","target":["https:\/\/www.maitri.pl\/projekt\/posiilki-dla-dzieci-w-nepalskich-szkolach\/"]}]},{"@type":"ImageObject","inLanguage":"fr-FR","@id":"https:\/\/www.maitri.pl\/projekt\/posiilki-dla-dzieci-w-nepalskich-szkolach\/#primaryimage","url":"https:\/\/www.maitri.pl\/wp-content\/uploads\/2023\/06\/IMG-20240520-WA0003.jpg","contentUrl":"https:\/\/www.maitri.pl\/wp-content\/uploads\/2023\/06\/IMG-20240520-WA0003.jpg","width":1280,"height":960,"caption":"Uratuj dzieci: podaruj codzienny obiad najbiedniejszym uczniom z Nepalu 01"},{"@type":"BreadcrumbList","@id":"https:\/\/www.maitri.pl\/projekt\/posiilki-dla-dzieci-w-nepalskich-szkolach\/#breadcrumb","itemListElement":[{"@type":"ListItem","position":1,"name":"Strona g\u0142\u00f3wna","item":"https:\/\/www.maitri.pl\/"},{"@type":"ListItem","position":2,"name":"Sklep","item":"https:\/\/www.maitri.pl\/sklep\/"},{"@type":"ListItem","position":3,"name":"Uratuj dzieci: podaruj codzienny obiad najbiedniejszym uczniom z Nepalu"}]},{"@type":"WebSite","@id":"https:\/\/www.maitri.pl\/#website","url":"https:\/\/www.maitri.pl\/","name":"Adopcja Serca Maitri \u2013 pomoc dzieciom w Afryce","description":"Adopcja Serca \u2013 adopcja na odleg\u0142o\u015b\u0107, pomoc Afryce, do\u017cywianie i edukacja w Afryce","publisher":{"@id":"https:\/\/www.maitri.pl\/#organization"},"potentialAction":[{"@type":"SearchAction","target":{"@type":"EntryPoint","urlTemplate":"https:\/\/www.maitri.pl\/?s={search_term_string}"},"query-input":{"@type":"PropertyValueSpecification","valueRequired":true,"valueName":"search_term_string"}}],"inLanguage":"fr-FR"},{"@type":"Organization","@id":"https:\/\/www.maitri.pl\/#organization","name":"Stowarzyszenie Ruchu Maitri","url":"https:\/\/www.maitri.pl\/","logo":{"@type":"ImageObject","inLanguage":"fr-FR","@id":"https:\/\/www.maitri.pl\/#\/schema\/logo\/image\/","url":"https:\/\/www.maitri.pl\/wp-content\/uploads\/2020\/04\/duze_logo-81.png","contentUrl":"https:\/\/www.maitri.pl\/wp-content\/uploads\/2020\/04\/duze_logo-81.png","width":339,"height":321,"caption":"Stowarzyszenie Ruchu Maitri"},"image":{"@id":"https:\/\/www.maitri.pl\/#\/schema\/logo\/image\/"},"sameAs":["https:\/\/www.facebook.com\/MAITRI.Adopcja.Serca.dzieci.Afryki\/"]}]}},"_links":{"self":[{"href":"https:\/\/www.maitri.pl\/fr\/wp-json\/wp\/v2\/product\/26674","targetHints":{"allow":["GET"]}}],"collection":[{"href":"https:\/\/www.maitri.pl\/fr\/wp-json\/wp\/v2\/product"}],"about":[{"href":"https:\/\/www.maitri.pl\/fr\/wp-json\/wp\/v2\/types\/product"}],"wp:featuredmedia":[{"embeddable":true,"href":"https:\/\/www.maitri.pl\/fr\/wp-json\/wp\/v2\/media\/31416"}],"wp:attachment":[{"href":"https:\/\/www.maitri.pl\/fr\/wp-json\/wp\/v2\/media?parent=26674"}],"wp:term":[{"taxonomy":"product_brand","embeddable":true,"href":"https:\/\/www.maitri.pl\/fr\/wp-json\/wp\/v2\/product_brand?post=26674"},{"taxonomy":"product_cat","embeddable":true,"href":"https:\/\/www.maitri.pl\/fr\/wp-json\/wp\/v2\/product_cat?post=26674"},{"taxonomy":"product_tag","embeddable":true,"href":"https:\/\/www.maitri.pl\/fr\/wp-json\/wp\/v2\/product_tag?post=26674"}],"curies":[{"name":"wp","href":"https:\/\/api.w.org\/{rel}","templated":true}]}}