{"id":26639,"date":"2023-06-07T17:27:50","date_gmt":"2023-06-07T15:27:50","guid":{"rendered":"https:\/\/www.maitri.pl\/?post_type=product&#038;p=26639"},"modified":"2024-02-07T13:00:13","modified_gmt":"2024-02-07T12:00:13","slug":"budowa-domu-rutshuru","status":"publish","type":"product","link":"https:\/\/www.maitri.pl\/fr\/projekt\/budowa-domu-rutshuru\/","title":{"rendered":"Budowa domu dla wsp\u00f3\u0142pracownika Adopcji Serca w Rutshuru w DR Kongo"},"content":{"rendered":"<h4>Zbudujmy dom dla dobrego cz\u0142owieka!<\/h4>\n<p>Adelard Matsip to jeden z najbardziej zaufanych wsp\u00f3\u0142pracownik\u00f3w Stowarzyszenia Maitri oraz Si\u00f3str Pallotynek. W trudnych warunkach, kt\u00f3re\u00a0 od lat panuj\u0105 w DR Kongo, potrafi zorganizowa\u0107 dostawy zaopatrzenia dla misji na czas, dotrze\u0107 z pomoc\u0105 do dzieci z programu <a href=\"https:\/\/www.maitri.pl\/adopcja-serca\/\" target=\"_blank\" rel=\"noopener\">Adopcja Serca<\/a> z najdalszych rejon\u00f3w, a tak\u017ce wykorzysta\u0107 ka\u017cd\u0105 chwil\u0119 na wsparcie potrzebuj\u0105cych. A wszystko w obliczu walk z rebeliantami, kryzysu gospodarczego, dro\u017cyzny i epidemii. Adelard jest zaanga\u017cowanym pracownikiem, ale sam \u017cyje skromnie. Obecnie mieszka z 8 dzieci oraz \u017con\u0105 w zbyt ma\u0142ym, lichym domu. Chcemy wesprze\u0107 naszego sta\u0142ego wsp\u00f3\u0142pracownika i pom\u00f3c mu w sfinansowaniu nowego lokum. Budowa domu umo\u017cliwi rodzinie Adelarda nale\u017cyte, godne \u017cycie.<\/p>\n<h4>List od Adelarda<\/h4>\n<p>\u201eJak wiecie od lat pracuj\u0119 w biurze Maitri w Rutshuru, w tej chwili mamy z \u017con\u0105 6 w\u0142asnych dzieci oraz 2 adoptowanych. Chc\u0119 wybudowa\u0107 nowy dom w innym miejscu ze wzgl\u0119du na nast\u0119puj\u0105ce trudno\u015bci:<br \/>\n\u2022 Obecny dom jest za ma\u0142y w por\u00f3wnaniu do wielko\u015bci rodziny.<br \/>\n\u2022 Zgodnie z planem urbanistycznym cz\u0119\u015b\u0107 terenu pod naszym domem zostanie przeznaczona pod drog\u0119.<br \/>\n\u2022 Zmiana \u015brodowiska wynikaj\u0105ca z braku poczucia bezpiecze\u0144stwa w danym \u015brodowisku<br \/>\nZa pieni\u0105dze, kt\u00f3re otrzymuj\u0119 jako pensj\u0119 miesi\u0119czn\u0105, uda\u0142o mi si\u0119 zakupi\u0107 dzia\u0142k\u0119. Sko\u0144czy\u0142em ju\u017c budowa\u0107 fundamenty i podnosi\u0107 \u015bciany do poziomu, na kt\u00f3rym w domu trzeba umie\u015bci\u0107 strop, aby ochroni\u0107 \u015bciany. Tyle zdo\u0142a\u0142em zrobi\u0107 w\u0142asnymi si\u0142ami. Budowa domu dochodzi do etap\u00f3w, kt\u00f3re wymagaj\u0105 znacznie wi\u0119kszych nak\u0142ad\u00f3w finansowych. Niestety zabrak\u0142o mi pieni\u0119dzy. Na kontynuowanie i doko\u0144czenie budowy musia\u0142bym czeka\u0107 wiele lat. Maj\u0105c nadziej\u0119 \u017ce nie zostan\u0119 bez pomocy, jeszcze raz dzi\u0119kuj\u0105c, prosz\u0119 o wsparcie.<\/p>\n<h4>Konstrukcja si\u0119 sypie<\/h4>\n<p>Nie do\u015b\u0107, \u017ce stary dom Adelarda jest lichy, to le\u017cy on na terenach ch\u0119tnie nawiedzanych przez rebeliant\u00f3w. Oznacza to gro\u017ab\u0119 nara\u017cenia na przemoc, a nawet utrat\u0119 \u017cycia. Jednocze\u015bnie budowa nowego domu zosta\u0142a wstrzymana z braku \u015brodk\u00f3w. W obecnej sytuacji postawione wcze\u015bniej bloki betonowe zaczynaj\u0105 niszcze\u0107. Bior\u0105c pod uwag\u0119 powy\u017csze problemy, wyci\u0105gamy nasze r\u0119ce do Maitri i do ludzi, kt\u00f3rzy mog\u0105 wesprze\u0107 nas aktami dobroczynno\u015bci, aby pom\u00f3c nam uko\u0144czy\u0107 nasz\u0105 budow\u0119, aby nasza rodzina mog\u0142a mieszka\u0107 w bezpiecznym miejscu i w domu, kt\u00f3ry mo\u017ce pomie\u015bci\u0107 ca\u0142\u0105 rodzin\u0119.<\/p>\n<p>O pomoc prosi:<\/p>\n<p><em>Adelard Matsip<\/em>, Rutshuru, <a href=\"https:\/\/www.maitri.pl\/gdzie-pomagamy\/\" target=\"_blank\" rel=\"noopener noreferrer\">DR Kongo<\/a><\/p>\n<h4><strong>Kosztorys:<\/strong><\/h4>\n<table>\n<tbody>\n<tr>\n<td width=\"34\"><strong>LP<\/strong><\/td>\n<td width=\"223\"><strong>OPIS<\/strong><\/td>\n<td width=\"128\"><strong>ilo\u015b\u0107<\/strong><\/td>\n<td width=\"129\"><strong>Cena <\/strong><strong>w miejscowej walucie ($)<\/strong><\/td>\n<td width=\"130\"><strong>Kwota <\/strong><strong>w miejscowej walucie<\/strong><\/td>\n<\/tr>\n<tr>\n<td width=\"34\">1<\/td>\n<td width=\"223\">Pr\u0119ty zbrojeniowe 6 mm<\/td>\n<td width=\"128\">50 szt.<\/td>\n<td width=\"129\">9<\/td>\n<td width=\"130\">450<\/td>\n<\/tr>\n<tr>\n<td width=\"34\">2<\/td>\n<td width=\"223\">Zakup cementu pod brukowanie i tynkowanie<\/td>\n<td width=\"128\">100 work\u00f3w<\/td>\n<td width=\"129\">13,50<\/td>\n<td width=\"130\">1.350<\/td>\n<\/tr>\n<tr>\n<td width=\"34\">3<\/td>\n<td width=\"223\">Deski i krokwie na dach i strop<\/td>\n<td width=\"128\">262 szt.<\/td>\n<td width=\"129\">4,0<\/td>\n<td width=\"130\">1.050<\/td>\n<\/tr>\n<tr>\n<td width=\"34\">4<\/td>\n<td width=\"223\">Zakup blachy<\/td>\n<td width=\"128\">65 ark.<\/td>\n<td width=\"129\">17<\/td>\n<td width=\"130\">1.105<\/td>\n<\/tr>\n<tr>\n<td width=\"34\">5<\/td>\n<td width=\"223\">Zakup tripleks\u00f3w do sufitu<\/td>\n<td width=\"128\">80 szt.<\/td>\n<td width=\"129\">5<\/td>\n<td width=\"130\">400<\/td>\n<\/tr>\n<tr>\n<td width=\"34\">6<\/td>\n<td width=\"223\">Zakup kamieni i piasku<\/td>\n<td width=\"128\">8 ci\u0119\u017car\u00f3wek<\/td>\n<td width=\"129\">120<\/td>\n<td width=\"130\">960<\/td>\n<\/tr>\n<tr>\n<td width=\"34\">7<\/td>\n<td width=\"223\">Drzwi i okna:<\/p>\n<p>&#8211; drzwi metalowe\u00a0\u00a0\u00a0\u00a0\u00a0\u00a0\u00a0\u00a0\u00a0\u00a0\u00a0\u00a0\u00a0\u00a0\u00a0\u00a0\u00a0\u00a0\u00a0\u00a0\u00a0\u00a0\u00a0\u00a0\u00a0\u00a0\u00a0\u00a0\u00a0\u00a0\u00a0\u00a0 &#8211; Okna metalowe\u00a0 \u00a0\u00a0\u00a0\u00a0\u00a0\u00a0\u00a0\u00a0\u00a0\u00a0\u00a0\u00a0\u00a0\u00a0\u00a0\u00a0\u00a0\u00a0\u00a0\u00a0\u00a0\u00a0\u00a0\u00a0\u00a0\u00a0\u00a0\u00a0\u00a0\u00a0\u00a0\u00a0\u00a0\u00a0&#8211; Drzwi z desek (9)<\/td>\n<td width=\"128\">&nbsp;<\/p>\n<p>2 szt.<\/p>\n<p>10 szt.<\/p>\n<p>9 szt.<\/td>\n<td width=\"129\">&nbsp;<\/p>\n<p>150 i 200<\/p>\n<p>30<\/p>\n<p>50<\/td>\n<td width=\"130\">&nbsp;<\/p>\n<p>350<\/p>\n<p>300<\/p>\n<p>450<\/td>\n<\/tr>\n<tr>\n<td width=\"34\">8<\/td>\n<td width=\"223\">Robocizna:<\/p>\n<p>&#8211; szkieletowanie i sufity\u00a0\u00a0\u00a0\u00a0\u00a0\u00a0\u00a0\u00a0\u00a0\u00a0\u00a0\u00a0\u00a0\u00a0\u00a0 &#8211; tynkowanie i uk\u0142adanie kostki brukowej<\/td>\n<td width=\"128\"><\/td>\n<td width=\"129\">&nbsp;<\/p>\n<p>350<\/p>\n<p>400<\/td>\n<td width=\"130\">&nbsp;<\/p>\n<p>350<\/p>\n<p>400<\/td>\n<\/tr>\n<tr>\n<td width=\"34\"><strong>\u00a0<\/strong><\/td>\n<td width=\"223\"><strong>RAZEM<\/strong> (waluta lokalna)<\/td>\n<td width=\"128\"><strong>\u00a0<\/strong><\/td>\n<td width=\"129\"><strong>\u00a0<\/strong><\/td>\n<td width=\"130\"><strong>7.165<\/strong><\/td>\n<\/tr>\n<tr>\n<td width=\"34\"><strong>\u00a0<\/strong><\/td>\n<td width=\"223\"><strong>RAZEM\u00a0 &#8211; <\/strong><strong>\u20ac<\/strong><\/td>\n<td width=\"128\"><strong>\u00a0<\/strong><\/td>\n<td width=\"129\"><strong>\u00a0<\/strong><\/td>\n<td width=\"130\"><strong>5.970<\/strong><\/td>\n<\/tr>\n<\/tbody>\n<\/table>\n<p>W imieniu misji Adelard Matsipa, organizator<\/p>\n<p><em>s. Diane Iradukunda, <a href=\"http:\/\/www.pallotynki.pl\/\" target=\"_blank\" rel=\"noopener noreferrer\">Zgromadzenie Si\u00f3str Apostolstwa Katolickiego (Pallotynki)<\/a>, misja Rutshuru, Demokratyczna Republika Konga<\/em><\/p>\n<p style=\"text-align: justify;\" align=\"JUSTIFY\"><strong>Numer projektu 377\/PALLS<\/strong><\/p>\n<p style=\"text-align: justify;\" align=\"JUSTIFY\"><span style=\"color: #ff0000;\"><span style=\"font-size: large;\"><b>Kwota projektu: 6630 \u20ac<\/b><\/span><\/span><\/p>\n<p style=\"text-align: justify;\" align=\"JUSTIFY\"><span style=\"color: #808080;\">Stowarzyszenie Ruchu\u00a0<em>Maitri<\/em>\u00a0przeznacza do 10% otrzymanych \u015brodk\u00f3w na koszty funkcjonowania biura i pozyskiwanie funduszy pomocowych.<\/span><\/p>\n<h3 style=\"text-align: justify;\" align=\"JUSTIFY\"><span style=\"color: #808080;\">Budowa domu dla wsp\u00f3\u0142pracownika Adopcji Serca w Rutshuru w DR Kongo<\/span><\/h3>\n<p>&nbsp;<\/p>\n","protected":false},"excerpt":{"rendered":"<p><strong>Projekt:\u00a0<\/strong> S. Diane Iradukunda, <a href=\"http:\/\/www.pallotynki.pl\/\" target=\"_blank\" rel=\"noopener noreferrer\">Zgromadzenie Si\u00f3str Misjonarek Apostolstwa Katolickiego<\/a><br \/>\n<strong>Misja:<\/strong> Rutshuru, <a href=\"https:\/\/www.maitri.pl\/gdzie-pomagamy\/\" target=\"_blank\" rel=\"noopener noreferrer\">DR Kongo<\/a><br \/>\n<strong>Kwota projektu: <span style=\"color: #ff0000;\">6630 \u20ac<\/span><\/strong><\/p>\n","protected":false},"featured_media":26642,"template":"","meta":[],"product_brand":[],"product_cat":[656],"product_tag":[690,847,764,977,689],"class_list":{"0":"post-26639","1":"product","2":"type-product","3":"status-publish","4":"has-post-thumbnail","6":"product_cat-bez-kategorii","7":"product_tag-dr-kongo","8":"product_tag-pallotynki","9":"product_tag-rutshuru","10":"product_tag-siostra-diane-iradukunda","11":"product_tag-zgromadzenie-siostr-misjonarek-apostolstwa-katolickiego","13":"first","14":"instock","15":"virtual","16":"purchasable","17":"product-type-simple"},"yoast_head":"<!-- This site is optimized with the Yoast SEO plugin v27.2 - https:\/\/yoast.com\/product\/yoast-seo-wordpress\/ -->\n<title>Budowa domu dla wsp\u00f3\u0142pracownika Adopcji Serca w Rutshuru<\/title>\n<meta name=\"description\" content=\"Budowa domu dla wsp\u00f3\u0142pracownika Adopcji Serca w Rutshuru w DR Kongo. Adelard Matsip prosi o wsparcie dla jego wielodzietnej rodziny. Siostry Pallotynki.\" \/>\n<meta name=\"robots\" content=\"index, follow, max-snippet:-1, max-image-preview:large, max-video-preview:-1\" \/>\n<link rel=\"canonical\" href=\"https:\/\/www.maitri.pl\/projekt\/budowa-domu-rutshuru\/\" \/>\n<meta property=\"og:locale\" content=\"fr_FR\" \/>\n<meta property=\"og:type\" content=\"article\" \/>\n<meta property=\"og:title\" content=\"Budowa domu dla wsp\u00f3\u0142pracownika Adopcji Serca w Rutshuru\" \/>\n<meta property=\"og:description\" content=\"Budowa domu dla wsp\u00f3\u0142pracownika Adopcji Serca w Rutshuru w DR Kongo. Adelard Matsip prosi o wsparcie dla jego wielodzietnej rodziny. Siostry Pallotynki.\" \/>\n<meta property=\"og:url\" content=\"https:\/\/www.maitri.pl\/projekt\/budowa-domu-rutshuru\/\" \/>\n<meta property=\"og:site_name\" content=\"Ruch Maitri - Adopcja Serca pomoc Afryce\" \/>\n<meta property=\"article:publisher\" content=\"https:\/\/www.facebook.com\/MAITRI.Adopcja.Serca.dzieci.Afryki\/\" \/>\n<meta property=\"article:modified_time\" content=\"2024-02-07T12:00:13+00:00\" \/>\n<meta property=\"og:image\" content=\"https:\/\/www.maitri.pl\/wp-content\/uploads\/2023\/06\/377-palls_2-scaled.jpg\" \/>\n\t<meta property=\"og:image:width\" content=\"2560\" \/>\n\t<meta property=\"og:image:height\" content=\"1213\" \/>\n\t<meta property=\"og:image:type\" content=\"image\/jpeg\" \/>\n<meta name=\"twitter:card\" content=\"summary_large_image\" \/>\n<meta name=\"twitter:label1\" content=\"Dur\u00e9e de lecture estim\u00e9e\" \/>\n\t<meta name=\"twitter:data1\" content=\"4 minutes\" \/>\n<script type=\"application\/ld+json\" class=\"yoast-schema-graph\">{\"@context\":\"https:\/\/schema.org\",\"@graph\":[{\"@type\":\"WebPage\",\"@id\":\"https:\/\/www.maitri.pl\/projekt\/budowa-domu-rutshuru\/\",\"url\":\"https:\/\/www.maitri.pl\/projekt\/budowa-domu-rutshuru\/\",\"name\":\"Budowa domu dla wsp\u00f3\u0142pracownika Adopcji Serca w Rutshuru\",\"isPartOf\":{\"@id\":\"https:\/\/www.maitri.pl\/#website\"},\"primaryImageOfPage\":{\"@id\":\"https:\/\/www.maitri.pl\/projekt\/budowa-domu-rutshuru\/#primaryimage\"},\"image\":{\"@id\":\"https:\/\/www.maitri.pl\/projekt\/budowa-domu-rutshuru\/#primaryimage\"},\"thumbnailUrl\":\"https:\/\/www.maitri.pl\/wp-content\/uploads\/2023\/06\/377-palls_2-scaled.jpg\",\"datePublished\":\"2023-06-07T15:27:50+00:00\",\"dateModified\":\"2024-02-07T12:00:13+00:00\",\"description\":\"Budowa domu dla wsp\u00f3\u0142pracownika Adopcji Serca w Rutshuru w DR Kongo. Adelard Matsip prosi o wsparcie dla jego wielodzietnej rodziny. Siostry Pallotynki.\",\"breadcrumb\":{\"@id\":\"https:\/\/www.maitri.pl\/projekt\/budowa-domu-rutshuru\/#breadcrumb\"},\"inLanguage\":\"fr-FR\",\"potentialAction\":[{\"@type\":\"ReadAction\",\"target\":[\"https:\/\/www.maitri.pl\/projekt\/budowa-domu-rutshuru\/\"]}]},{\"@type\":\"ImageObject\",\"inLanguage\":\"fr-FR\",\"@id\":\"https:\/\/www.maitri.pl\/projekt\/budowa-domu-rutshuru\/#primaryimage\",\"url\":\"https:\/\/www.maitri.pl\/wp-content\/uploads\/2023\/06\/377-palls_2-scaled.jpg\",\"contentUrl\":\"https:\/\/www.maitri.pl\/wp-content\/uploads\/2023\/06\/377-palls_2-scaled.jpg\",\"width\":2560,\"height\":1213,\"caption\":\"Budowa domu dla wsp\u00f3\u0142pracownika Adopcji Serca w Rutshuru w DR Kongo pomoc Afryce Adopcja Serca Maitri Adopcja duchowa pomoc ubogim 01\"},{\"@type\":\"BreadcrumbList\",\"@id\":\"https:\/\/www.maitri.pl\/projekt\/budowa-domu-rutshuru\/#breadcrumb\",\"itemListElement\":[{\"@type\":\"ListItem\",\"position\":1,\"name\":\"Strona g\u0142\u00f3wna\",\"item\":\"https:\/\/www.maitri.pl\/\"},{\"@type\":\"ListItem\",\"position\":2,\"name\":\"Sklep\",\"item\":\"https:\/\/www.maitri.pl\/sklep\/\"},{\"@type\":\"ListItem\",\"position\":3,\"name\":\"Budowa domu dla wsp\u00f3\u0142pracownika Adopcji Serca w Rutshuru w DR Kongo\"}]},{\"@type\":\"WebSite\",\"@id\":\"https:\/\/www.maitri.pl\/#website\",\"url\":\"https:\/\/www.maitri.pl\/\",\"name\":\"Adopcja Serca Maitri \u2013 pomoc dzieciom w Afryce\",\"description\":\"Adopcja Serca \u2013 adopcja na odleg\u0142o\u015b\u0107, pomoc Afryce, do\u017cywianie i edukacja w Afryce\",\"publisher\":{\"@id\":\"https:\/\/www.maitri.pl\/#organization\"},\"potentialAction\":[{\"@type\":\"SearchAction\",\"target\":{\"@type\":\"EntryPoint\",\"urlTemplate\":\"https:\/\/www.maitri.pl\/?s={search_term_string}\"},\"query-input\":{\"@type\":\"PropertyValueSpecification\",\"valueRequired\":true,\"valueName\":\"search_term_string\"}}],\"inLanguage\":\"fr-FR\"},{\"@type\":\"Organization\",\"@id\":\"https:\/\/www.maitri.pl\/#organization\",\"name\":\"Stowarzyszenie Ruchu Maitri\",\"url\":\"https:\/\/www.maitri.pl\/\",\"logo\":{\"@type\":\"ImageObject\",\"inLanguage\":\"fr-FR\",\"@id\":\"https:\/\/www.maitri.pl\/#\/schema\/logo\/image\/\",\"url\":\"https:\/\/www.maitri.pl\/wp-content\/uploads\/2020\/04\/duze_logo-81.png\",\"contentUrl\":\"https:\/\/www.maitri.pl\/wp-content\/uploads\/2020\/04\/duze_logo-81.png\",\"width\":339,\"height\":321,\"caption\":\"Stowarzyszenie Ruchu Maitri\"},\"image\":{\"@id\":\"https:\/\/www.maitri.pl\/#\/schema\/logo\/image\/\"},\"sameAs\":[\"https:\/\/www.facebook.com\/MAITRI.Adopcja.Serca.dzieci.Afryki\/\"]}]}<\/script>\n<!-- \/ Yoast SEO plugin. -->","yoast_head_json":{"title":"Budowa domu dla wsp\u00f3\u0142pracownika Adopcji Serca w Rutshuru","description":"Budowa domu dla wsp\u00f3\u0142pracownika Adopcji Serca w Rutshuru w DR Kongo. Adelard Matsip prosi o wsparcie dla jego wielodzietnej rodziny. Siostry Pallotynki.","robots":{"index":"index","follow":"follow","max-snippet":"max-snippet:-1","max-image-preview":"max-image-preview:large","max-video-preview":"max-video-preview:-1"},"canonical":"https:\/\/www.maitri.pl\/projekt\/budowa-domu-rutshuru\/","og_locale":"fr_FR","og_type":"article","og_title":"Budowa domu dla wsp\u00f3\u0142pracownika Adopcji Serca w Rutshuru","og_description":"Budowa domu dla wsp\u00f3\u0142pracownika Adopcji Serca w Rutshuru w DR Kongo. Adelard Matsip prosi o wsparcie dla jego wielodzietnej rodziny. Siostry Pallotynki.","og_url":"https:\/\/www.maitri.pl\/projekt\/budowa-domu-rutshuru\/","og_site_name":"Ruch Maitri - Adopcja Serca pomoc Afryce","article_publisher":"https:\/\/www.facebook.com\/MAITRI.Adopcja.Serca.dzieci.Afryki\/","article_modified_time":"2024-02-07T12:00:13+00:00","og_image":[{"width":2560,"height":1213,"url":"https:\/\/www.maitri.pl\/wp-content\/uploads\/2023\/06\/377-palls_2-scaled.jpg","type":"image\/jpeg"}],"twitter_card":"summary_large_image","twitter_misc":{"Dur\u00e9e de lecture estim\u00e9e":"4 minutes"},"schema":{"@context":"https:\/\/schema.org","@graph":[{"@type":"WebPage","@id":"https:\/\/www.maitri.pl\/projekt\/budowa-domu-rutshuru\/","url":"https:\/\/www.maitri.pl\/projekt\/budowa-domu-rutshuru\/","name":"Budowa domu dla wsp\u00f3\u0142pracownika Adopcji Serca w Rutshuru","isPartOf":{"@id":"https:\/\/www.maitri.pl\/#website"},"primaryImageOfPage":{"@id":"https:\/\/www.maitri.pl\/projekt\/budowa-domu-rutshuru\/#primaryimage"},"image":{"@id":"https:\/\/www.maitri.pl\/projekt\/budowa-domu-rutshuru\/#primaryimage"},"thumbnailUrl":"https:\/\/www.maitri.pl\/wp-content\/uploads\/2023\/06\/377-palls_2-scaled.jpg","datePublished":"2023-06-07T15:27:50+00:00","dateModified":"2024-02-07T12:00:13+00:00","description":"Budowa domu dla wsp\u00f3\u0142pracownika Adopcji Serca w Rutshuru w DR Kongo. Adelard Matsip prosi o wsparcie dla jego wielodzietnej rodziny. Siostry Pallotynki.","breadcrumb":{"@id":"https:\/\/www.maitri.pl\/projekt\/budowa-domu-rutshuru\/#breadcrumb"},"inLanguage":"fr-FR","potentialAction":[{"@type":"ReadAction","target":["https:\/\/www.maitri.pl\/projekt\/budowa-domu-rutshuru\/"]}]},{"@type":"ImageObject","inLanguage":"fr-FR","@id":"https:\/\/www.maitri.pl\/projekt\/budowa-domu-rutshuru\/#primaryimage","url":"https:\/\/www.maitri.pl\/wp-content\/uploads\/2023\/06\/377-palls_2-scaled.jpg","contentUrl":"https:\/\/www.maitri.pl\/wp-content\/uploads\/2023\/06\/377-palls_2-scaled.jpg","width":2560,"height":1213,"caption":"Budowa domu dla wsp\u00f3\u0142pracownika Adopcji Serca w Rutshuru w DR Kongo pomoc Afryce Adopcja Serca Maitri Adopcja duchowa pomoc ubogim 01"},{"@type":"BreadcrumbList","@id":"https:\/\/www.maitri.pl\/projekt\/budowa-domu-rutshuru\/#breadcrumb","itemListElement":[{"@type":"ListItem","position":1,"name":"Strona g\u0142\u00f3wna","item":"https:\/\/www.maitri.pl\/"},{"@type":"ListItem","position":2,"name":"Sklep","item":"https:\/\/www.maitri.pl\/sklep\/"},{"@type":"ListItem","position":3,"name":"Budowa domu dla wsp\u00f3\u0142pracownika Adopcji Serca w Rutshuru w DR Kongo"}]},{"@type":"WebSite","@id":"https:\/\/www.maitri.pl\/#website","url":"https:\/\/www.maitri.pl\/","name":"Adopcja Serca Maitri \u2013 pomoc dzieciom w Afryce","description":"Adopcja Serca \u2013 adopcja na odleg\u0142o\u015b\u0107, pomoc Afryce, do\u017cywianie i edukacja w Afryce","publisher":{"@id":"https:\/\/www.maitri.pl\/#organization"},"potentialAction":[{"@type":"SearchAction","target":{"@type":"EntryPoint","urlTemplate":"https:\/\/www.maitri.pl\/?s={search_term_string}"},"query-input":{"@type":"PropertyValueSpecification","valueRequired":true,"valueName":"search_term_string"}}],"inLanguage":"fr-FR"},{"@type":"Organization","@id":"https:\/\/www.maitri.pl\/#organization","name":"Stowarzyszenie Ruchu Maitri","url":"https:\/\/www.maitri.pl\/","logo":{"@type":"ImageObject","inLanguage":"fr-FR","@id":"https:\/\/www.maitri.pl\/#\/schema\/logo\/image\/","url":"https:\/\/www.maitri.pl\/wp-content\/uploads\/2020\/04\/duze_logo-81.png","contentUrl":"https:\/\/www.maitri.pl\/wp-content\/uploads\/2020\/04\/duze_logo-81.png","width":339,"height":321,"caption":"Stowarzyszenie Ruchu Maitri"},"image":{"@id":"https:\/\/www.maitri.pl\/#\/schema\/logo\/image\/"},"sameAs":["https:\/\/www.facebook.com\/MAITRI.Adopcja.Serca.dzieci.Afryki\/"]}]}},"_links":{"self":[{"href":"https:\/\/www.maitri.pl\/fr\/wp-json\/wp\/v2\/product\/26639","targetHints":{"allow":["GET"]}}],"collection":[{"href":"https:\/\/www.maitri.pl\/fr\/wp-json\/wp\/v2\/product"}],"about":[{"href":"https:\/\/www.maitri.pl\/fr\/wp-json\/wp\/v2\/types\/product"}],"wp:featuredmedia":[{"embeddable":true,"href":"https:\/\/www.maitri.pl\/fr\/wp-json\/wp\/v2\/media\/26642"}],"wp:attachment":[{"href":"https:\/\/www.maitri.pl\/fr\/wp-json\/wp\/v2\/media?parent=26639"}],"wp:term":[{"taxonomy":"product_brand","embeddable":true,"href":"https:\/\/www.maitri.pl\/fr\/wp-json\/wp\/v2\/product_brand?post=26639"},{"taxonomy":"product_cat","embeddable":true,"href":"https:\/\/www.maitri.pl\/fr\/wp-json\/wp\/v2\/product_cat?post=26639"},{"taxonomy":"product_tag","embeddable":true,"href":"https:\/\/www.maitri.pl\/fr\/wp-json\/wp\/v2\/product_tag?post=26639"}],"curies":[{"name":"wp","href":"https:\/\/api.w.org\/{rel}","templated":true}]}}