{"id":26613,"date":"2023-06-05T11:43:40","date_gmt":"2023-06-05T09:43:40","guid":{"rendered":"https:\/\/www.maitri.pl\/?post_type=product&#038;p=26613"},"modified":"2024-02-07T13:00:26","modified_gmt":"2024-02-07T12:00:26","slug":"budowa-przedszkola-w-bertoua-enia-w-kamerunie","status":"publish","type":"product","link":"https:\/\/www.maitri.pl\/fr\/projekt\/budowa-przedszkola-w-bertoua-enia-w-kamerunie\/","title":{"rendered":"Budowa przedszkola w Bertoua &#8211; Enia w Kamerunie"},"content":{"rendered":"<p><strong>W odpowiedzi na potrzeby zg\u0142aszane przez mieszka\u0144c\u00f3w Bertoua &#8211; Enia w Kamerunie, kt\u00f3rzy nie maj\u0105 mo\u017cliwo\u015bci pos\u0142ania swoich dzieci do przedszkola, Zgromadzenie Si\u00f3str M\u0119ki Pana Naszego Jezusa Chrystusa (Siostry Pasjonistki) podj\u0119\u0142o decyzj\u0119 o budowie nowej plac\u00f3wki o\u015bwiatowej. Stowarzyszenie Ruchu \u00ab\u00a0Maitri\u00a0\u00bb dzi\u0119ki wsparciu <a href=\"https:\/\/fondation-amani.ch\/\">Fondation Amani<\/a>, zajmie si\u0119 koordynacj\u0105 oraz dofinansowaniem projektu budowy przedszkola.<\/strong><\/p>\n<div id=\"attachment_25259\" style=\"width: 712px\" class=\"wp-caption aligncenter\"><img loading=\"lazy\" decoding=\"async\" aria-describedby=\"caption-attachment-25259\" class=\"wp-image-25259\" src=\"https:\/\/www.maitri.pl\/wp-content\/uploads\/2022\/10\/DSC_0123-1024x681.jpg\" alt=\"Bertoua Ruch Maitri Adopcja Serca \" width=\"702\" height=\"467\" srcset=\"https:\/\/www.maitri.pl\/wp-content\/uploads\/2022\/10\/DSC_0123-1024x681.jpg 1024w, https:\/\/www.maitri.pl\/wp-content\/uploads\/2022\/10\/DSC_0123-300x199.jpg 300w, https:\/\/www.maitri.pl\/wp-content\/uploads\/2022\/10\/DSC_0123-768x511.jpg 768w, https:\/\/www.maitri.pl\/wp-content\/uploads\/2022\/10\/DSC_0123-1536x1021.jpg 1536w, https:\/\/www.maitri.pl\/wp-content\/uploads\/2022\/10\/DSC_0123-600x399.jpg 600w\" sizes=\"auto, (max-width: 702px) 100vw, 702px\" \/><p id=\"caption-attachment-25259\" class=\"wp-caption-text\">Budowa przedszkola w Bertoua &#8211; Enia w Kamerunie. Podopieczni Adopcji Serca w Bertoua &#8211; Enia w Kamerunie.<\/p><\/div>\n<p><strong>Trudna sytuacja szkolnictwa w regionie<\/strong><\/p>\n<p>Szko\u0142y, kt\u00f3re istniej\u0105 w okolicy Bertoua-Enia s\u0105 przepe\u0142nione. Norm\u0105 s\u0105 sytuacje, gdy do jednej klasy ucz\u0119szcza ponad 50 dzieci. Dodatkowo cz\u0119sto szko\u0142y pa\u0144stwowe nie przekazuj\u0105 uczniom nie tylko aktualnej, lecz tak\u017ce faktycznie potrzebnej im wiedzy. Odpowiedzi\u0105 na te wyzwanie jest system szkolnictwa katolickiego, kt\u00f3ry jest prowadzony przez miejscowy struktury ko\u015bcielne. Dzi\u0119ki kontaktom zagranicznym os\u00f3b duchownych, a tak\u017ce obecno\u015bci europejskich misjonarzy, szko\u0142y katolickie maj\u0105 szans\u0119 zapewni\u0107 sobie odpowiednie finansowanie infrastrukturalne. Dzi\u0119ki dodatkowym \u017ar\u00f3d\u0142om finansowania maj\u0105 r\u00f3wnie\u017c mo\u017cliwo\u015b\u0107 zatrudnienia kompetentnych kadr nauczycieli. \u00a0Siostry Pasjonistki maj\u0105 w tym zakresie du\u017ce do\u015bwiadczenie. W s\u0105siedniej dzielnic prowadz\u0105 ju\u017c jedno przedszkole jednak nie ma tam przestrzeni wystarczaj\u0105cej do przyjmowania kolejnych podopiecznych. St\u0105d koncepcja budowy nowego miejsca, gdzie dzieci z regionu b\u0119d\u0105 mia\u0142y szans\u0119 na otrzymanie odpowiedniej edukacji.<\/p>\n<div id=\"attachment_26614\" style=\"width: 710px\" class=\"wp-caption aligncenter\"><img loading=\"lazy\" decoding=\"async\" aria-describedby=\"caption-attachment-26614\" class=\"wp-image-26614\" src=\"https:\/\/www.maitri.pl\/wp-content\/uploads\/2023\/06\/s.Tomasza-z-dziecmi-z-przedszkola-Matki-Jozefy-w-Bertoua-Enia-min-1024x461.jpg\" alt=\"s. Tomasza Sadowska z dzie\u0107mi z przedszkola Matki J\u00f3zefy w Bertoua-Enia\" width=\"700\" height=\"315\" srcset=\"https:\/\/www.maitri.pl\/wp-content\/uploads\/2023\/06\/s.Tomasza-z-dziecmi-z-przedszkola-Matki-Jozefy-w-Bertoua-Enia-min-1024x461.jpg 1024w, https:\/\/www.maitri.pl\/wp-content\/uploads\/2023\/06\/s.Tomasza-z-dziecmi-z-przedszkola-Matki-Jozefy-w-Bertoua-Enia-min-300x135.jpg 300w, https:\/\/www.maitri.pl\/wp-content\/uploads\/2023\/06\/s.Tomasza-z-dziecmi-z-przedszkola-Matki-Jozefy-w-Bertoua-Enia-min-768x346.jpg 768w, https:\/\/www.maitri.pl\/wp-content\/uploads\/2023\/06\/s.Tomasza-z-dziecmi-z-przedszkola-Matki-Jozefy-w-Bertoua-Enia-min-1536x691.jpg 1536w, https:\/\/www.maitri.pl\/wp-content\/uploads\/2023\/06\/s.Tomasza-z-dziecmi-z-przedszkola-Matki-Jozefy-w-Bertoua-Enia-min-600x270.jpg 600w\" sizes=\"auto, (max-width: 700px) 100vw, 700px\" \/><p id=\"caption-attachment-26614\" class=\"wp-caption-text\">Budowa przedszkola w Bertoua &#8211; Enia w Kamerunie. S. Tomasza Sadowska z dzie\u0107mi z przedszkola Matki J\u00f3zefy w Bertoua-Enia<\/p><\/div>\n<p><strong>Projekt budowy<\/strong><\/p>\n<p>Koszt ca\u0142ego projektu to 134.176 Euro. Prace etapu I zosta\u0142y sfinansowane ze \u015brodk\u00f3w pozyskanych przez Siostry Pasjonistki od sponsor\u00f3w i ze \u015brodk\u00f3w w\u0142asnych. Czas trwania projektu to maj 2023 \u2013 maj 2024.\u00a0 W wybudowanej w ramach I etapu prac cz\u0119\u015bci funkcjonuje tymczasowe przedszkole, do kt\u00f3rego aktualnie ucz\u0119szcza ponad 100 dzieci. II etap prac zak\u0142ada mi\u0119dzy innymi dobudowanie pi\u0119tra budynku oraz pokrycie go dachem. Docelowo przedszkole ma sk\u0142ada\u0107 si\u0119 z 9 klas, w tym francusko, angielsko i dwuj\u0119zycznych, do kt\u00f3rych ucz\u0119szcza\u0107 b\u0119dzie oko\u0142o 450 dzieci. Plac\u00f3wka prowadzona b\u0119dzie przez Siostry Pasjonistki na mocy uzyskanej przez nie od w\u0142adz koncesji. Siostry b\u0119d\u0105 stanowi\u0107 tak\u017ce cz\u0119\u015b\u0107 personelu pedagogicznego przedszkola. Do kontynuacji prac niezb\u0119dne jest dofinansowanie w kwocie 93.066 EUR.<\/p>\n<p><strong>Szansa na edukacj\u0119<\/strong><\/p>\n<p>Nowe przedszkole w tym regionie da szans\u0119 setkom dzieci na rozw\u00f3j i dobre przygotowanie do kontynuacji nauki na dalszych etapach edukacji. Wzorem innych funkcjonuj\u0105cych w regionie, szko\u0142a utrzymywa\u0107 b\u0119dzie si\u0119 m.in. z op\u0142at wnoszonych przez uczni\u00f3w w ramach czesnego. Lokalizacja plac\u00f3wki w du\u017cy mie\u015bcie oraz wysoki przyrost naturalny w regionie sprawiaj\u0105, \u017ce nie zabraknie dzieci ch\u0119tnych do nauki. Przedszkole Si\u00f3str Pasjonistek to dla wielu z nich b\u0119dzie jedyna szansa na uzyskanie solidnego wykszta\u0142cenia, kt\u00f3re w przysz\u0142o\u015bci mo\u017ce zaowocowa\u0107 popraw\u0105 sytuacji materialnej lokalnego spo\u0142ecze\u0144stwa.<\/p>\n<p><strong>Projekt sfinansowany we wsp\u00f3\u0142pracy z Fondation Amani.<\/strong><\/p>\n<p><strong>Nazwa projektu: 151\/PASJO<\/strong><\/p>\n<p><span style=\"color: #ff0000;\"><strong>Kwota projektu: 93.066 \u20ac<\/strong><\/span><\/p>\n<p>&nbsp;<\/p>\n<p>&nbsp;<\/p>\n","protected":false},"excerpt":{"rendered":"<p><strong>Projekt: <\/strong>s. Tomasza Sadowska, Zgromadzenie Si\u00f3str M\u0119ki Pana Naszego Jezusa Chrystusa<br \/>\n<strong>Miejsce: <\/strong>Bertoua-Enia, Kamerun<\/p>\n<p class=\"maitri-project-nr\"><strong>Kwota projektu:<\/strong><span style=\"color: #ff0000;\"><strong> 93.066 \u20ac\u00a0<\/strong><\/span><\/p>\n<p class=\"maitri-project-nr\">Nazwa projektu: <strong>151\/PASJO<\/strong><\/p>\n","protected":false},"featured_media":25261,"template":"","meta":[],"product_brand":[],"product_cat":[656],"product_tag":[861,856,970,658,931],"class_list":{"0":"post-26613","1":"product","2":"type-product","3":"status-publish","4":"has-post-thumbnail","6":"product_cat-bez-kategorii","7":"product_tag-adopcja-serca","8":"product_tag-bertoua","9":"product_tag-bertoua-enia","10":"product_tag-kamerun","11":"product_tag-projekt-pomocowy","13":"first","14":"instock","15":"shipping-taxable","16":"product-type-simple"},"yoast_head":"<!-- This site is optimized with the Yoast SEO plugin v27.2 - https:\/\/yoast.com\/product\/yoast-seo-wordpress\/ -->\n<title>Budowa przedszkola w Bertoua - Enia w Kamerunie &#8211; Ruch Maitri - Adopcja Serca pomoc Afryce<\/title>\n<meta name=\"description\" content=\"Projekt budowy przedszkola w Bertoua-Enia w Kamerunie we wsp\u00f3\u0142pracy Stowarzyszenia Ruchu Maitri, Fondation Amani oraz Zgromadzenia Si\u00f3str Pasjonsitek.\" \/>\n<meta name=\"robots\" content=\"index, follow, max-snippet:-1, max-image-preview:large, max-video-preview:-1\" \/>\n<link rel=\"canonical\" href=\"https:\/\/www.maitri.pl\/projekt\/budowa-przedszkola-w-bertoua-enia-w-kamerunie\/\" \/>\n<meta property=\"og:locale\" content=\"fr_FR\" \/>\n<meta property=\"og:type\" content=\"article\" \/>\n<meta property=\"og:title\" content=\"Budowa przedszkola w Bertoua - Enia w Kamerunie &#8211; Ruch Maitri - Adopcja Serca pomoc Afryce\" \/>\n<meta property=\"og:description\" content=\"Projekt budowy przedszkola w Bertoua-Enia w Kamerunie we wsp\u00f3\u0142pracy Stowarzyszenia Ruchu Maitri, Fondation Amani oraz Zgromadzenia Si\u00f3str Pasjonsitek.\" \/>\n<meta property=\"og:url\" content=\"https:\/\/www.maitri.pl\/projekt\/budowa-przedszkola-w-bertoua-enia-w-kamerunie\/\" \/>\n<meta property=\"og:site_name\" content=\"Ruch Maitri - Adopcja Serca pomoc Afryce\" \/>\n<meta property=\"article:publisher\" content=\"https:\/\/www.facebook.com\/MAITRI.Adopcja.Serca.dzieci.Afryki\/\" \/>\n<meta property=\"article:modified_time\" content=\"2024-02-07T12:00:26+00:00\" \/>\n<meta property=\"og:image\" content=\"https:\/\/www.maitri.pl\/wp-content\/uploads\/2022\/10\/DSC_0129-scaled.jpg\" \/>\n\t<meta property=\"og:image:width\" content=\"2560\" \/>\n\t<meta property=\"og:image:height\" content=\"1702\" \/>\n\t<meta property=\"og:image:type\" content=\"image\/jpeg\" \/>\n<meta name=\"twitter:card\" content=\"summary_large_image\" \/>\n<meta name=\"twitter:label1\" content=\"Dur\u00e9e de lecture estim\u00e9e\" \/>\n\t<meta name=\"twitter:data1\" content=\"4 minutes\" \/>\n<script type=\"application\/ld+json\" class=\"yoast-schema-graph\">{\"@context\":\"https:\/\/schema.org\",\"@graph\":[{\"@type\":\"WebPage\",\"@id\":\"https:\/\/www.maitri.pl\/projekt\/budowa-przedszkola-w-bertoua-enia-w-kamerunie\/\",\"url\":\"https:\/\/www.maitri.pl\/projekt\/budowa-przedszkola-w-bertoua-enia-w-kamerunie\/\",\"name\":\"Budowa przedszkola w Bertoua - Enia w Kamerunie &#8211; Ruch Maitri - Adopcja Serca pomoc Afryce\",\"isPartOf\":{\"@id\":\"https:\/\/www.maitri.pl\/#website\"},\"primaryImageOfPage\":{\"@id\":\"https:\/\/www.maitri.pl\/projekt\/budowa-przedszkola-w-bertoua-enia-w-kamerunie\/#primaryimage\"},\"image\":{\"@id\":\"https:\/\/www.maitri.pl\/projekt\/budowa-przedszkola-w-bertoua-enia-w-kamerunie\/#primaryimage\"},\"thumbnailUrl\":\"https:\/\/www.maitri.pl\/wp-content\/uploads\/2022\/10\/DSC_0129-scaled.jpg\",\"datePublished\":\"2023-06-05T09:43:40+00:00\",\"dateModified\":\"2024-02-07T12:00:26+00:00\",\"description\":\"Projekt budowy przedszkola w Bertoua-Enia w Kamerunie we wsp\u00f3\u0142pracy Stowarzyszenia Ruchu Maitri, Fondation Amani oraz Zgromadzenia Si\u00f3str Pasjonsitek.\",\"breadcrumb\":{\"@id\":\"https:\/\/www.maitri.pl\/projekt\/budowa-przedszkola-w-bertoua-enia-w-kamerunie\/#breadcrumb\"},\"inLanguage\":\"fr-FR\",\"potentialAction\":[{\"@type\":\"ReadAction\",\"target\":[\"https:\/\/www.maitri.pl\/projekt\/budowa-przedszkola-w-bertoua-enia-w-kamerunie\/\"]}]},{\"@type\":\"ImageObject\",\"inLanguage\":\"fr-FR\",\"@id\":\"https:\/\/www.maitri.pl\/projekt\/budowa-przedszkola-w-bertoua-enia-w-kamerunie\/#primaryimage\",\"url\":\"https:\/\/www.maitri.pl\/wp-content\/uploads\/2022\/10\/DSC_0129-scaled.jpg\",\"contentUrl\":\"https:\/\/www.maitri.pl\/wp-content\/uploads\/2022\/10\/DSC_0129-scaled.jpg\",\"width\":2560,\"height\":1702,\"caption\":\"pakiety \u017cywno\u015bciowe Bertoua Ruch Maitri Adopcja Serca Adopcja Duchowa pomoc Afryce pomoc ubogim 01\"},{\"@type\":\"BreadcrumbList\",\"@id\":\"https:\/\/www.maitri.pl\/projekt\/budowa-przedszkola-w-bertoua-enia-w-kamerunie\/#breadcrumb\",\"itemListElement\":[{\"@type\":\"ListItem\",\"position\":1,\"name\":\"Strona g\u0142\u00f3wna\",\"item\":\"https:\/\/www.maitri.pl\/\"},{\"@type\":\"ListItem\",\"position\":2,\"name\":\"Sklep\",\"item\":\"https:\/\/www.maitri.pl\/sklep\/\"},{\"@type\":\"ListItem\",\"position\":3,\"name\":\"Budowa przedszkola w Bertoua &#8211; Enia w Kamerunie\"}]},{\"@type\":\"WebSite\",\"@id\":\"https:\/\/www.maitri.pl\/#website\",\"url\":\"https:\/\/www.maitri.pl\/\",\"name\":\"Adopcja Serca Maitri \u2013 pomoc dzieciom w Afryce\",\"description\":\"Adopcja Serca \u2013 adopcja na odleg\u0142o\u015b\u0107, pomoc Afryce, do\u017cywianie i edukacja w Afryce\",\"publisher\":{\"@id\":\"https:\/\/www.maitri.pl\/#organization\"},\"potentialAction\":[{\"@type\":\"SearchAction\",\"target\":{\"@type\":\"EntryPoint\",\"urlTemplate\":\"https:\/\/www.maitri.pl\/?s={search_term_string}\"},\"query-input\":{\"@type\":\"PropertyValueSpecification\",\"valueRequired\":true,\"valueName\":\"search_term_string\"}}],\"inLanguage\":\"fr-FR\"},{\"@type\":\"Organization\",\"@id\":\"https:\/\/www.maitri.pl\/#organization\",\"name\":\"Stowarzyszenie Ruchu Maitri\",\"url\":\"https:\/\/www.maitri.pl\/\",\"logo\":{\"@type\":\"ImageObject\",\"inLanguage\":\"fr-FR\",\"@id\":\"https:\/\/www.maitri.pl\/#\/schema\/logo\/image\/\",\"url\":\"https:\/\/www.maitri.pl\/wp-content\/uploads\/2020\/04\/duze_logo-81.png\",\"contentUrl\":\"https:\/\/www.maitri.pl\/wp-content\/uploads\/2020\/04\/duze_logo-81.png\",\"width\":339,\"height\":321,\"caption\":\"Stowarzyszenie Ruchu Maitri\"},\"image\":{\"@id\":\"https:\/\/www.maitri.pl\/#\/schema\/logo\/image\/\"},\"sameAs\":[\"https:\/\/www.facebook.com\/MAITRI.Adopcja.Serca.dzieci.Afryki\/\"]}]}<\/script>\n<!-- \/ Yoast SEO plugin. -->","yoast_head_json":{"title":"Budowa przedszkola w Bertoua - Enia w Kamerunie &#8211; Ruch Maitri - Adopcja Serca pomoc Afryce","description":"Projekt budowy przedszkola w Bertoua-Enia w Kamerunie we wsp\u00f3\u0142pracy Stowarzyszenia Ruchu Maitri, Fondation Amani oraz Zgromadzenia Si\u00f3str Pasjonsitek.","robots":{"index":"index","follow":"follow","max-snippet":"max-snippet:-1","max-image-preview":"max-image-preview:large","max-video-preview":"max-video-preview:-1"},"canonical":"https:\/\/www.maitri.pl\/projekt\/budowa-przedszkola-w-bertoua-enia-w-kamerunie\/","og_locale":"fr_FR","og_type":"article","og_title":"Budowa przedszkola w Bertoua - Enia w Kamerunie &#8211; Ruch Maitri - Adopcja Serca pomoc Afryce","og_description":"Projekt budowy przedszkola w Bertoua-Enia w Kamerunie we wsp\u00f3\u0142pracy Stowarzyszenia Ruchu Maitri, Fondation Amani oraz Zgromadzenia Si\u00f3str Pasjonsitek.","og_url":"https:\/\/www.maitri.pl\/projekt\/budowa-przedszkola-w-bertoua-enia-w-kamerunie\/","og_site_name":"Ruch Maitri - Adopcja Serca pomoc Afryce","article_publisher":"https:\/\/www.facebook.com\/MAITRI.Adopcja.Serca.dzieci.Afryki\/","article_modified_time":"2024-02-07T12:00:26+00:00","og_image":[{"width":2560,"height":1702,"url":"https:\/\/www.maitri.pl\/wp-content\/uploads\/2022\/10\/DSC_0129-scaled.jpg","type":"image\/jpeg"}],"twitter_card":"summary_large_image","twitter_misc":{"Dur\u00e9e de lecture estim\u00e9e":"4 minutes"},"schema":{"@context":"https:\/\/schema.org","@graph":[{"@type":"WebPage","@id":"https:\/\/www.maitri.pl\/projekt\/budowa-przedszkola-w-bertoua-enia-w-kamerunie\/","url":"https:\/\/www.maitri.pl\/projekt\/budowa-przedszkola-w-bertoua-enia-w-kamerunie\/","name":"Budowa przedszkola w Bertoua - Enia w Kamerunie &#8211; Ruch Maitri - Adopcja Serca pomoc Afryce","isPartOf":{"@id":"https:\/\/www.maitri.pl\/#website"},"primaryImageOfPage":{"@id":"https:\/\/www.maitri.pl\/projekt\/budowa-przedszkola-w-bertoua-enia-w-kamerunie\/#primaryimage"},"image":{"@id":"https:\/\/www.maitri.pl\/projekt\/budowa-przedszkola-w-bertoua-enia-w-kamerunie\/#primaryimage"},"thumbnailUrl":"https:\/\/www.maitri.pl\/wp-content\/uploads\/2022\/10\/DSC_0129-scaled.jpg","datePublished":"2023-06-05T09:43:40+00:00","dateModified":"2024-02-07T12:00:26+00:00","description":"Projekt budowy przedszkola w Bertoua-Enia w Kamerunie we wsp\u00f3\u0142pracy Stowarzyszenia Ruchu Maitri, Fondation Amani oraz Zgromadzenia Si\u00f3str Pasjonsitek.","breadcrumb":{"@id":"https:\/\/www.maitri.pl\/projekt\/budowa-przedszkola-w-bertoua-enia-w-kamerunie\/#breadcrumb"},"inLanguage":"fr-FR","potentialAction":[{"@type":"ReadAction","target":["https:\/\/www.maitri.pl\/projekt\/budowa-przedszkola-w-bertoua-enia-w-kamerunie\/"]}]},{"@type":"ImageObject","inLanguage":"fr-FR","@id":"https:\/\/www.maitri.pl\/projekt\/budowa-przedszkola-w-bertoua-enia-w-kamerunie\/#primaryimage","url":"https:\/\/www.maitri.pl\/wp-content\/uploads\/2022\/10\/DSC_0129-scaled.jpg","contentUrl":"https:\/\/www.maitri.pl\/wp-content\/uploads\/2022\/10\/DSC_0129-scaled.jpg","width":2560,"height":1702,"caption":"pakiety \u017cywno\u015bciowe Bertoua Ruch Maitri Adopcja Serca Adopcja Duchowa pomoc Afryce pomoc ubogim 01"},{"@type":"BreadcrumbList","@id":"https:\/\/www.maitri.pl\/projekt\/budowa-przedszkola-w-bertoua-enia-w-kamerunie\/#breadcrumb","itemListElement":[{"@type":"ListItem","position":1,"name":"Strona g\u0142\u00f3wna","item":"https:\/\/www.maitri.pl\/"},{"@type":"ListItem","position":2,"name":"Sklep","item":"https:\/\/www.maitri.pl\/sklep\/"},{"@type":"ListItem","position":3,"name":"Budowa przedszkola w Bertoua &#8211; Enia w Kamerunie"}]},{"@type":"WebSite","@id":"https:\/\/www.maitri.pl\/#website","url":"https:\/\/www.maitri.pl\/","name":"Adopcja Serca Maitri \u2013 pomoc dzieciom w Afryce","description":"Adopcja Serca \u2013 adopcja na odleg\u0142o\u015b\u0107, pomoc Afryce, do\u017cywianie i edukacja w Afryce","publisher":{"@id":"https:\/\/www.maitri.pl\/#organization"},"potentialAction":[{"@type":"SearchAction","target":{"@type":"EntryPoint","urlTemplate":"https:\/\/www.maitri.pl\/?s={search_term_string}"},"query-input":{"@type":"PropertyValueSpecification","valueRequired":true,"valueName":"search_term_string"}}],"inLanguage":"fr-FR"},{"@type":"Organization","@id":"https:\/\/www.maitri.pl\/#organization","name":"Stowarzyszenie Ruchu Maitri","url":"https:\/\/www.maitri.pl\/","logo":{"@type":"ImageObject","inLanguage":"fr-FR","@id":"https:\/\/www.maitri.pl\/#\/schema\/logo\/image\/","url":"https:\/\/www.maitri.pl\/wp-content\/uploads\/2020\/04\/duze_logo-81.png","contentUrl":"https:\/\/www.maitri.pl\/wp-content\/uploads\/2020\/04\/duze_logo-81.png","width":339,"height":321,"caption":"Stowarzyszenie Ruchu Maitri"},"image":{"@id":"https:\/\/www.maitri.pl\/#\/schema\/logo\/image\/"},"sameAs":["https:\/\/www.facebook.com\/MAITRI.Adopcja.Serca.dzieci.Afryki\/"]}]}},"_links":{"self":[{"href":"https:\/\/www.maitri.pl\/fr\/wp-json\/wp\/v2\/product\/26613","targetHints":{"allow":["GET"]}}],"collection":[{"href":"https:\/\/www.maitri.pl\/fr\/wp-json\/wp\/v2\/product"}],"about":[{"href":"https:\/\/www.maitri.pl\/fr\/wp-json\/wp\/v2\/types\/product"}],"wp:featuredmedia":[{"embeddable":true,"href":"https:\/\/www.maitri.pl\/fr\/wp-json\/wp\/v2\/media\/25261"}],"wp:attachment":[{"href":"https:\/\/www.maitri.pl\/fr\/wp-json\/wp\/v2\/media?parent=26613"}],"wp:term":[{"taxonomy":"product_brand","embeddable":true,"href":"https:\/\/www.maitri.pl\/fr\/wp-json\/wp\/v2\/product_brand?post=26613"},{"taxonomy":"product_cat","embeddable":true,"href":"https:\/\/www.maitri.pl\/fr\/wp-json\/wp\/v2\/product_cat?post=26613"},{"taxonomy":"product_tag","embeddable":true,"href":"https:\/\/www.maitri.pl\/fr\/wp-json\/wp\/v2\/product_tag?post=26613"}],"curies":[{"name":"wp","href":"https:\/\/api.w.org\/{rel}","templated":true}]}}