{"id":26572,"date":"2023-05-23T17:05:23","date_gmt":"2023-05-23T15:05:23","guid":{"rendered":"https:\/\/www.maitri.pl\/?post_type=product&#038;p=26572"},"modified":"2024-02-07T12:54:48","modified_gmt":"2024-02-07T11:54:48","slug":"zakup-lekow-kamerun-2","status":"publish","type":"product","link":"https:\/\/www.maitri.pl\/fr\/projekt\/zakup-lekow-kamerun-2\/","title":{"rendered":"Zakup lek\u00f3w dla potrzebuj\u0105cych z Koudandeng w Kamerunie"},"content":{"rendered":"<h4>Tam leki s\u0105 luksusem<\/h4>\n<p>Nasz O\u015brodek Zdrowia s\u0142u\u017cy pomoc\u0105 chorym z kilku s\u0105siednich wiosek. Plac\u00f3wka w Koudadeng \u015bwiadczy ca\u0142odobow\u0105 pomoc dla wszystkich chorych. W naszym regionie ludzie najcz\u0119\u015bciej choruj\u0105 na malari\u0119, choroby salmonellozowe i anemi\u0119. Schorzenia znacznie cz\u0119\u015bciej dotykaj\u0105 dzieci. Rodzice, z powodu braku \u015brodk\u00f3w finansowych cz\u0119sto docieraj\u0105 z nimi do o\u015brodka zdrowia za p\u00f3\u017ano. Wtedy zwykle stan dziecka jest bardzo ci\u0119\u017cki, a leczenie d\u0142u\u017csze i du\u017co dro\u017csze. Staramy si\u0119 u\u015bwiadamia\u0107 tutejsz\u0105 ludno\u015b\u0107, jak wa\u017cne jest to, by w por\u0119 zdiagnozowa\u0107 i zacz\u0105\u0107 leczenie. Realia s\u0105 jednak takie, \u017ce leki s\u0105 za drogie w stosunku do mo\u017cliwo\u015bci finansowych tutejszych ludzi. Ub\u00f3stwo miejscowego spo\u0142ecze\u0144stwa, kt\u00f3re utrzymuje si\u0119 jedynie z uprawy ziemi, daje o sobie zna\u0107 coraz bardziej. Dla cz\u0119\u015bci rodzin wybawieniem jest program <a href=\"https:\/\/www.maitri.pl\/adopcja-serca\/\" target=\"_blank\" rel=\"noopener\">Adopcja Serca<\/a>, ale aby pom\u00f3c pozosta\u0142ym konieczny jest zakup lek\u00f3w dla miejscowych chorych.<\/p>\n<h4>Pomoc niesiona najs\u0142abszym<\/h4>\n<p>Pragniemy, aby nasz o\u015brodek zdrowia m\u00f3g\u0142 dobrze funkcjonowa\u0107. Udzielamy pomocy ka\u017cdemu choremu, niezale\u017cnie od tego czy mo\u017ce on pokry\u0107 w ca\u0142o\u015bci koszty leczenia czy te\u017c nie. W tym celu potrzebujemy Waszego wsparcia. Rocznie zakup lek\u00f3w, \u015brodk\u00f3w opatrunkowych i dezynfekcyjnych poch\u0142ania oko\u0142o 15 970 \u20ac. Z kolei roczny udzia\u0142 chorych w pokryciu koszt\u00f3w leczenia pokry\u0142 w ubieg\u0142ym roku oko\u0142o 12 500 \u20ac. O reszt\u0119 \u015brodk\u00f3w na zakup lek\u00f3w jeste\u015bmy zmuszeni poprosi\u0107 darczy\u0144c\u00f3w <a href=\"https:\/\/www.maitri.pl\/\" target=\"_blank\" rel=\"noopener\">Maitri<\/a>. Zwracamy si\u0119 z gor\u0105c\u0105 pro\u015bb\u0105 o dofinansowanie dla dzia\u0142ania przychodni.<\/p>\n<h4>Kontynuujemy nasz\u0105 misj\u0119<\/h4>\n<p>Dzi\u0119ki Waszemu wsparciu, Waszej wra\u017cliwo\u015bci i pomocy, kt\u00f3rej do\u015bwiadczamy ju\u017c od kilku lat, mo\u017cemy kontynuowa\u0107 nasz\u0105 misj\u0119 niesienia pomocy tym, kt\u00f3rzy najbardziej jej potrzebuj\u0105. A zw\u0142aszcza dzieciom, kt\u00f3re s\u0105 najwra\u017cliwsze i najmniej odporne na choroby. Chorzy maj\u0105 \u015bwiadomo\u015b\u0107, \u017ce zawsze zostanie im udzielona pomoc w naszym o\u015brodku zdrowia, nawet pomimo ich ubogich \u015brodk\u00f3w finansowych. Wiedz\u0105c o tym, \u017ce b\u0119d\u0105 mieli dost\u0119p do lek\u00f3w, b\u0119da mieli wi\u0119ksz\u0105 mobilizacj\u0119, aby na czas rozpocz\u0105\u0107 leczenie dzieci. Zbyt p\u00f3\u017ane zg\u0142aszanie si\u0119 to tutaj prawdziwy problem.\u00a0Dzi\u0119ki Waszej pomocy b\u0119dziemy mogli op\u0142aci\u0107 faktury za leki i przyj\u015b\u0107 z pomoc\u0105 biednym, kt\u00f3rzy nie s\u0105 w stanie zap\u0142aci\u0107&#8230;<\/p>\n<h4><strong>Kosztorys:<\/strong><\/h4>\n<table>\n<tbody>\n<tr>\n<td width=\"34\">Lp<\/td>\n<td width=\"238\">opis<\/td>\n<td width=\"123\">ilo\u015b\u0107<\/td>\n<td width=\"115\">cena<\/td>\n<td width=\"149\">Kwota w miejscowej walucie<\/td>\n<\/tr>\n<tr>\n<td width=\"34\">1<\/td>\n<td width=\"238\">Ceftriaxon 1 g inj B\/1<\/td>\n<td width=\"123\">1.000 fl<\/td>\n<td width=\"115\">400 FCFA<\/td>\n<td width=\"149\">400.000 frank\u00f3w CFA<\/td>\n<\/tr>\n<tr>\n<td width=\"34\">2<\/td>\n<td width=\"238\">Hemafer sirop<\/td>\n<td width=\"123\">80 fl<\/td>\n<td width=\"115\">2.800 FCFA<\/td>\n<td width=\"149\">224.000 <strong>frank\u00f3w CFA<\/strong><\/td>\n<\/tr>\n<tr>\n<td width=\"34\">3<\/td>\n<td width=\"238\">Hemafer fol cp.<\/td>\n<td width=\"123\">40 bts x 10 cp.<\/td>\n<td width=\"115\">3.400 FCFA<\/td>\n<td width=\"149\">136.000 <strong>frank\u00f3w CFA<\/strong><\/td>\n<\/tr>\n<tr>\n<td width=\"34\">4<\/td>\n<td width=\"238\">Tothema<\/td>\n<td width=\"123\">120 bts x 20 amp<\/td>\n<td width=\"115\">3.500 FCFA<\/td>\n<td width=\"149\">420.000 <strong>frank\u00f3w CFA<\/strong><\/td>\n<\/tr>\n<tr>\n<td width=\"34\">5<\/td>\n<td width=\"238\">Hemafer inj<\/td>\n<td width=\"123\">40 bts x 5 amp<\/td>\n<td width=\"115\">11.200 FCFA<\/td>\n<td width=\"149\">448.000 <strong>frank\u00f3w CFA<\/strong><\/td>\n<\/tr>\n<tr>\n<td width=\"34\">6<\/td>\n<td width=\"238\">Artemethere 80 mg<\/td>\n<td width=\"123\">50 bts x 60 amp<\/td>\n<td width=\"115\">7.500 FCFA<\/td>\n<td width=\"149\">375.000 <strong>frank\u00f3w CFA<\/strong><\/td>\n<\/tr>\n<tr>\n<td width=\"34\">7<\/td>\n<td width=\"238\">Clavamox 312,5 mg sirop<\/td>\n<td width=\"123\">100 fl<\/td>\n<td width=\"115\">1.800 FCFA<\/td>\n<td width=\"149\"><strong>180.000 frank\u00f3w CFA<\/strong><\/td>\n<\/tr>\n<tr>\n<td width=\"34\">8<\/td>\n<td width=\"238\">Fleming 1.125 mg<\/td>\n<td width=\"123\">35 bts<\/td>\n<td width=\"115\">4.500 FCFA<\/td>\n<td width=\"149\"><strong>157.500 frank\u00f3w CFA<\/strong><\/td>\n<\/tr>\n<tr>\n<td width=\"34\"><\/td>\n<td width=\"238\"><strong>PODSUMOWANIE<\/strong><\/td>\n<td width=\"123\"><strong>\u00a0<\/strong><\/td>\n<td width=\"115\"><strong>\u00a0<\/strong><\/td>\n<td width=\"149\"><strong>2.340.500 frank\u00f3w CFA<\/strong><\/td>\n<\/tr>\n<\/tbody>\n<\/table>\n<p>&nbsp;<\/p>\n<p>Siostra Krescencja Konderak, <a href=\"http:\/\/www.karmelitanki.pl\/\" target=\"_blank\" rel=\"noopener noreferrer\">Zgromadzenie Si\u00f3str Karmelitanek Dzieci\u0105tka Jezus<\/a><\/p>\n<p>Zwracam si\u0119 z gor\u0105c\u0105 pro\u015bb\u0105 o pomoc!<\/p>\n<p style=\"text-align: justify;\" align=\"JUSTIFY\"><span style=\"color: #ff0000;\"><span style=\"font-size: large;\"><b>Kwota projektu: 3890 \u20ac<\/b><\/span><\/span><\/p>\n<p style=\"text-align: justify;\"><strong>Numer projektu: 121\/KARML<\/strong><\/p>\n<p style=\"text-align: justify;\" align=\"JUSTIFY\"><span style=\"color: #808080;\">Stowarzyszenie Ruchu\u00a0<em>Maitri<\/em>\u00a0przeznacza do 10% otrzymanych \u015brodk\u00f3w na koszty funkcjonowania biura i pozyskiwanie funduszy pomocowych.<\/span><\/p>\n<h3 style=\"text-align: justify;\" align=\"JUSTIFY\"><span style=\"color: #808080;\">Zakup lek\u00f3w dla potrzebuj\u0105cych z O\u015brodka Zdrowia w Koudandeng w Kamerunie<\/span><\/h3>\n","protected":false},"excerpt":{"rendered":"<p><strong>Projekt:<\/strong> s. Krescencja Konderak, <a href=\"http:\/\/www.karmelitanki.pl\/\" target=\"_blank\" rel=\"noopener noreferrer\">Zgromadzenie Si\u00f3str Karmelitanek Dzieci\u0105tka Jezus<\/a><br \/>\n<strong>Misja:<\/strong> Koudadeng, <a href=\"https:\/\/www.maitri.pl\/gdzie-pomagamy\/\" target=\"_blank\" rel=\"noopener noreferrer\">Kamerun<\/a><br \/>\n<strong>Kwota projektu: <span style=\"color: #ff0000;\">3 890 \u20ac<\/span><\/strong><\/p>\n","protected":false},"featured_media":26583,"template":"","meta":[],"product_brand":[],"product_cat":[656],"product_tag":[658,678,711,677],"class_list":{"0":"post-26572","1":"product","2":"type-product","3":"status-publish","4":"has-post-thumbnail","6":"product_cat-bez-kategorii","7":"product_tag-kamerun","8":"product_tag-koudadeng","9":"product_tag-siostra-krescencja-konderak","10":"product_tag-zgromadzenie-siostr-karmelitanek-dzieciatka-jezus","12":"first","13":"instock","14":"virtual","15":"purchasable","16":"product-type-simple"},"yoast_head":"<!-- This site is optimized with the Yoast SEO plugin v27.2 - https:\/\/yoast.com\/product\/yoast-seo-wordpress\/ -->\n<title>Zakup lek\u00f3w dla potrzebuj\u0105cych z Koudandeng w Kamerunie<\/title>\n<meta name=\"description\" content=\"Zbi\u00f3rka na zakup lek\u00f3w dla potrzebuj\u0105cych z Koudandeng w Kamerunie. O pomoc prosz\u0105 Siostry Karmelitanki, kt\u00f3re prowadz\u0105 tam O\u015brodek Zdrowia.\" \/>\n<meta name=\"robots\" content=\"index, follow, max-snippet:-1, max-image-preview:large, max-video-preview:-1\" \/>\n<link rel=\"canonical\" href=\"https:\/\/www.maitri.pl\/projekt\/zakup-lekow-kamerun-2\/\" \/>\n<meta property=\"og:locale\" content=\"fr_FR\" \/>\n<meta property=\"og:type\" content=\"article\" \/>\n<meta property=\"og:title\" content=\"Zakup lek\u00f3w dla potrzebuj\u0105cych z Koudandeng w Kamerunie\" \/>\n<meta property=\"og:description\" content=\"Zbi\u00f3rka na zakup lek\u00f3w dla potrzebuj\u0105cych z Koudandeng w Kamerunie. O pomoc prosz\u0105 Siostry Karmelitanki, kt\u00f3re prowadz\u0105 tam O\u015brodek Zdrowia.\" \/>\n<meta property=\"og:url\" content=\"https:\/\/www.maitri.pl\/projekt\/zakup-lekow-kamerun-2\/\" \/>\n<meta property=\"og:site_name\" content=\"Ruch Maitri - Adopcja Serca pomoc Afryce\" \/>\n<meta property=\"article:publisher\" content=\"https:\/\/www.facebook.com\/MAITRI.Adopcja.Serca.dzieci.Afryki\/\" \/>\n<meta property=\"article:modified_time\" content=\"2024-02-07T11:54:48+00:00\" \/>\n<meta property=\"og:image\" content=\"https:\/\/www.maitri.pl\/wp-content\/uploads\/2023\/05\/DSCF4624-1-scaled.jpg\" \/>\n\t<meta property=\"og:image:width\" content=\"2560\" \/>\n\t<meta property=\"og:image:height\" content=\"1707\" \/>\n\t<meta property=\"og:image:type\" content=\"image\/jpeg\" \/>\n<meta name=\"twitter:card\" content=\"summary_large_image\" \/>\n<meta name=\"twitter:label1\" content=\"Dur\u00e9e de lecture estim\u00e9e\" \/>\n\t<meta name=\"twitter:data1\" content=\"3 minutes\" \/>\n<script type=\"application\/ld+json\" class=\"yoast-schema-graph\">{\"@context\":\"https:\/\/schema.org\",\"@graph\":[{\"@type\":\"WebPage\",\"@id\":\"https:\/\/www.maitri.pl\/projekt\/zakup-lekow-kamerun-2\/\",\"url\":\"https:\/\/www.maitri.pl\/projekt\/zakup-lekow-kamerun-2\/\",\"name\":\"Zakup lek\u00f3w dla potrzebuj\u0105cych z Koudandeng w Kamerunie\",\"isPartOf\":{\"@id\":\"https:\/\/www.maitri.pl\/#website\"},\"primaryImageOfPage\":{\"@id\":\"https:\/\/www.maitri.pl\/projekt\/zakup-lekow-kamerun-2\/#primaryimage\"},\"image\":{\"@id\":\"https:\/\/www.maitri.pl\/projekt\/zakup-lekow-kamerun-2\/#primaryimage\"},\"thumbnailUrl\":\"https:\/\/www.maitri.pl\/wp-content\/uploads\/2023\/05\/DSCF4624-1-scaled.jpg\",\"datePublished\":\"2023-05-23T15:05:23+00:00\",\"dateModified\":\"2024-02-07T11:54:48+00:00\",\"description\":\"Zbi\u00f3rka na zakup lek\u00f3w dla potrzebuj\u0105cych z Koudandeng w Kamerunie. O pomoc prosz\u0105 Siostry Karmelitanki, kt\u00f3re prowadz\u0105 tam O\u015brodek Zdrowia.\",\"breadcrumb\":{\"@id\":\"https:\/\/www.maitri.pl\/projekt\/zakup-lekow-kamerun-2\/#breadcrumb\"},\"inLanguage\":\"fr-FR\",\"potentialAction\":[{\"@type\":\"ReadAction\",\"target\":[\"https:\/\/www.maitri.pl\/projekt\/zakup-lekow-kamerun-2\/\"]}]},{\"@type\":\"ImageObject\",\"inLanguage\":\"fr-FR\",\"@id\":\"https:\/\/www.maitri.pl\/projekt\/zakup-lekow-kamerun-2\/#primaryimage\",\"url\":\"https:\/\/www.maitri.pl\/wp-content\/uploads\/2023\/05\/DSCF4624-1-scaled.jpg\",\"contentUrl\":\"https:\/\/www.maitri.pl\/wp-content\/uploads\/2023\/05\/DSCF4624-1-scaled.jpg\",\"width\":2560,\"height\":1707,\"caption\":\"Zakup lek\u00f3w dla potrzebuj\u0105cych z Koudandeng w Kamerunie 02\"},{\"@type\":\"BreadcrumbList\",\"@id\":\"https:\/\/www.maitri.pl\/projekt\/zakup-lekow-kamerun-2\/#breadcrumb\",\"itemListElement\":[{\"@type\":\"ListItem\",\"position\":1,\"name\":\"Strona g\u0142\u00f3wna\",\"item\":\"https:\/\/www.maitri.pl\/\"},{\"@type\":\"ListItem\",\"position\":2,\"name\":\"Sklep\",\"item\":\"https:\/\/www.maitri.pl\/sklep\/\"},{\"@type\":\"ListItem\",\"position\":3,\"name\":\"Zakup lek\u00f3w dla potrzebuj\u0105cych z Koudandeng w Kamerunie\"}]},{\"@type\":\"WebSite\",\"@id\":\"https:\/\/www.maitri.pl\/#website\",\"url\":\"https:\/\/www.maitri.pl\/\",\"name\":\"Adopcja Serca Maitri \u2013 pomoc dzieciom w Afryce\",\"description\":\"Adopcja Serca \u2013 adopcja na odleg\u0142o\u015b\u0107, pomoc Afryce, do\u017cywianie i edukacja w Afryce\",\"publisher\":{\"@id\":\"https:\/\/www.maitri.pl\/#organization\"},\"potentialAction\":[{\"@type\":\"SearchAction\",\"target\":{\"@type\":\"EntryPoint\",\"urlTemplate\":\"https:\/\/www.maitri.pl\/?s={search_term_string}\"},\"query-input\":{\"@type\":\"PropertyValueSpecification\",\"valueRequired\":true,\"valueName\":\"search_term_string\"}}],\"inLanguage\":\"fr-FR\"},{\"@type\":\"Organization\",\"@id\":\"https:\/\/www.maitri.pl\/#organization\",\"name\":\"Stowarzyszenie Ruchu Maitri\",\"url\":\"https:\/\/www.maitri.pl\/\",\"logo\":{\"@type\":\"ImageObject\",\"inLanguage\":\"fr-FR\",\"@id\":\"https:\/\/www.maitri.pl\/#\/schema\/logo\/image\/\",\"url\":\"https:\/\/www.maitri.pl\/wp-content\/uploads\/2020\/04\/duze_logo-81.png\",\"contentUrl\":\"https:\/\/www.maitri.pl\/wp-content\/uploads\/2020\/04\/duze_logo-81.png\",\"width\":339,\"height\":321,\"caption\":\"Stowarzyszenie Ruchu Maitri\"},\"image\":{\"@id\":\"https:\/\/www.maitri.pl\/#\/schema\/logo\/image\/\"},\"sameAs\":[\"https:\/\/www.facebook.com\/MAITRI.Adopcja.Serca.dzieci.Afryki\/\"]}]}<\/script>\n<!-- \/ Yoast SEO plugin. -->","yoast_head_json":{"title":"Zakup lek\u00f3w dla potrzebuj\u0105cych z Koudandeng w Kamerunie","description":"Zbi\u00f3rka na zakup lek\u00f3w dla potrzebuj\u0105cych z Koudandeng w Kamerunie. O pomoc prosz\u0105 Siostry Karmelitanki, kt\u00f3re prowadz\u0105 tam O\u015brodek Zdrowia.","robots":{"index":"index","follow":"follow","max-snippet":"max-snippet:-1","max-image-preview":"max-image-preview:large","max-video-preview":"max-video-preview:-1"},"canonical":"https:\/\/www.maitri.pl\/projekt\/zakup-lekow-kamerun-2\/","og_locale":"fr_FR","og_type":"article","og_title":"Zakup lek\u00f3w dla potrzebuj\u0105cych z Koudandeng w Kamerunie","og_description":"Zbi\u00f3rka na zakup lek\u00f3w dla potrzebuj\u0105cych z Koudandeng w Kamerunie. O pomoc prosz\u0105 Siostry Karmelitanki, kt\u00f3re prowadz\u0105 tam O\u015brodek Zdrowia.","og_url":"https:\/\/www.maitri.pl\/projekt\/zakup-lekow-kamerun-2\/","og_site_name":"Ruch Maitri - Adopcja Serca pomoc Afryce","article_publisher":"https:\/\/www.facebook.com\/MAITRI.Adopcja.Serca.dzieci.Afryki\/","article_modified_time":"2024-02-07T11:54:48+00:00","og_image":[{"width":2560,"height":1707,"url":"https:\/\/www.maitri.pl\/wp-content\/uploads\/2023\/05\/DSCF4624-1-scaled.jpg","type":"image\/jpeg"}],"twitter_card":"summary_large_image","twitter_misc":{"Dur\u00e9e de lecture estim\u00e9e":"3 minutes"},"schema":{"@context":"https:\/\/schema.org","@graph":[{"@type":"WebPage","@id":"https:\/\/www.maitri.pl\/projekt\/zakup-lekow-kamerun-2\/","url":"https:\/\/www.maitri.pl\/projekt\/zakup-lekow-kamerun-2\/","name":"Zakup lek\u00f3w dla potrzebuj\u0105cych z Koudandeng w Kamerunie","isPartOf":{"@id":"https:\/\/www.maitri.pl\/#website"},"primaryImageOfPage":{"@id":"https:\/\/www.maitri.pl\/projekt\/zakup-lekow-kamerun-2\/#primaryimage"},"image":{"@id":"https:\/\/www.maitri.pl\/projekt\/zakup-lekow-kamerun-2\/#primaryimage"},"thumbnailUrl":"https:\/\/www.maitri.pl\/wp-content\/uploads\/2023\/05\/DSCF4624-1-scaled.jpg","datePublished":"2023-05-23T15:05:23+00:00","dateModified":"2024-02-07T11:54:48+00:00","description":"Zbi\u00f3rka na zakup lek\u00f3w dla potrzebuj\u0105cych z Koudandeng w Kamerunie. O pomoc prosz\u0105 Siostry Karmelitanki, kt\u00f3re prowadz\u0105 tam O\u015brodek Zdrowia.","breadcrumb":{"@id":"https:\/\/www.maitri.pl\/projekt\/zakup-lekow-kamerun-2\/#breadcrumb"},"inLanguage":"fr-FR","potentialAction":[{"@type":"ReadAction","target":["https:\/\/www.maitri.pl\/projekt\/zakup-lekow-kamerun-2\/"]}]},{"@type":"ImageObject","inLanguage":"fr-FR","@id":"https:\/\/www.maitri.pl\/projekt\/zakup-lekow-kamerun-2\/#primaryimage","url":"https:\/\/www.maitri.pl\/wp-content\/uploads\/2023\/05\/DSCF4624-1-scaled.jpg","contentUrl":"https:\/\/www.maitri.pl\/wp-content\/uploads\/2023\/05\/DSCF4624-1-scaled.jpg","width":2560,"height":1707,"caption":"Zakup lek\u00f3w dla potrzebuj\u0105cych z Koudandeng w Kamerunie 02"},{"@type":"BreadcrumbList","@id":"https:\/\/www.maitri.pl\/projekt\/zakup-lekow-kamerun-2\/#breadcrumb","itemListElement":[{"@type":"ListItem","position":1,"name":"Strona g\u0142\u00f3wna","item":"https:\/\/www.maitri.pl\/"},{"@type":"ListItem","position":2,"name":"Sklep","item":"https:\/\/www.maitri.pl\/sklep\/"},{"@type":"ListItem","position":3,"name":"Zakup lek\u00f3w dla potrzebuj\u0105cych z Koudandeng w Kamerunie"}]},{"@type":"WebSite","@id":"https:\/\/www.maitri.pl\/#website","url":"https:\/\/www.maitri.pl\/","name":"Adopcja Serca Maitri \u2013 pomoc dzieciom w Afryce","description":"Adopcja Serca \u2013 adopcja na odleg\u0142o\u015b\u0107, pomoc Afryce, do\u017cywianie i edukacja w Afryce","publisher":{"@id":"https:\/\/www.maitri.pl\/#organization"},"potentialAction":[{"@type":"SearchAction","target":{"@type":"EntryPoint","urlTemplate":"https:\/\/www.maitri.pl\/?s={search_term_string}"},"query-input":{"@type":"PropertyValueSpecification","valueRequired":true,"valueName":"search_term_string"}}],"inLanguage":"fr-FR"},{"@type":"Organization","@id":"https:\/\/www.maitri.pl\/#organization","name":"Stowarzyszenie Ruchu Maitri","url":"https:\/\/www.maitri.pl\/","logo":{"@type":"ImageObject","inLanguage":"fr-FR","@id":"https:\/\/www.maitri.pl\/#\/schema\/logo\/image\/","url":"https:\/\/www.maitri.pl\/wp-content\/uploads\/2020\/04\/duze_logo-81.png","contentUrl":"https:\/\/www.maitri.pl\/wp-content\/uploads\/2020\/04\/duze_logo-81.png","width":339,"height":321,"caption":"Stowarzyszenie Ruchu Maitri"},"image":{"@id":"https:\/\/www.maitri.pl\/#\/schema\/logo\/image\/"},"sameAs":["https:\/\/www.facebook.com\/MAITRI.Adopcja.Serca.dzieci.Afryki\/"]}]}},"_links":{"self":[{"href":"https:\/\/www.maitri.pl\/fr\/wp-json\/wp\/v2\/product\/26572","targetHints":{"allow":["GET"]}}],"collection":[{"href":"https:\/\/www.maitri.pl\/fr\/wp-json\/wp\/v2\/product"}],"about":[{"href":"https:\/\/www.maitri.pl\/fr\/wp-json\/wp\/v2\/types\/product"}],"wp:featuredmedia":[{"embeddable":true,"href":"https:\/\/www.maitri.pl\/fr\/wp-json\/wp\/v2\/media\/26583"}],"wp:attachment":[{"href":"https:\/\/www.maitri.pl\/fr\/wp-json\/wp\/v2\/media?parent=26572"}],"wp:term":[{"taxonomy":"product_brand","embeddable":true,"href":"https:\/\/www.maitri.pl\/fr\/wp-json\/wp\/v2\/product_brand?post=26572"},{"taxonomy":"product_cat","embeddable":true,"href":"https:\/\/www.maitri.pl\/fr\/wp-json\/wp\/v2\/product_cat?post=26572"},{"taxonomy":"product_tag","embeddable":true,"href":"https:\/\/www.maitri.pl\/fr\/wp-json\/wp\/v2\/product_tag?post=26572"}],"curies":[{"name":"wp","href":"https:\/\/api.w.org\/{rel}","templated":true}]}}