{"id":26548,"date":"2023-05-17T14:56:12","date_gmt":"2023-05-17T12:56:12","guid":{"rendered":"https:\/\/www.maitri.pl\/?post_type=product&#038;p=26548"},"modified":"2024-02-07T12:54:40","modified_gmt":"2024-02-07T11:54:40","slug":"pallotynki-rutshuru","status":"publish","type":"product","link":"https:\/\/www.maitri.pl\/fr\/projekt\/pallotynki-rutshuru\/","title":{"rendered":"Pallotynki prosz\u0105 o pomoc w zakupie narz\u0119dzi dla 5 absolwent\u00f3w z Rutshuru"},"content":{"rendered":"<h4><strong>Biedni, ale zdolni<\/strong><\/h4>\n<p>Wesprzyj udany start m\u0142odych ludzi w doros\u0142e \u017cycie. Tak jak w ubieg\u0142ych latach, zwracamy si\u0119 z pro\u015bb\u0105 o dodatkowe wsparcie dla\u00a0 dzieci, kt\u00f3re z ko\u0144cem czerwca 2023 roku zako\u0144cz\u0105 nauk\u0119 w r\u00f3\u017cnych zawodach. To nasi wychowankowie, kt\u00f3rzy przez ostatnie lata zdobywali zaw\u00f3d w szkole przy misji. Siostry Pallotynki razem z Maitri zapewni\u0142y im edukacj\u0119 i opiek\u0119 poprzez program <a href=\"https:\/\/www.maitri.pl\/adopcja-serca\/\">Adopcja Serca<\/a>. Po zako\u0144czeniu nauki potrzebuj\u0105 oni narz\u0119dzi i r\u00f3\u017cnych materia\u0142\u00f3w na w\u0142asno\u015b\u0107. Dzi\u0119ki temu b\u0119d\u0105 mogli wystartowa\u0107 z w\u0142asn\u0105 dzia\u0142alno\u015bci\u0105 gospodarcz\u0105 i otworzy\u0107 warsztaty stolarskie lub zak\u0142ady fryzjerskie. Pomoc na zakup narz\u0119dzi jest konieczna, aby mogli lepiej wykonywa\u0107 swoj\u0105 prac\u0119 i by\u0107 u\u017cytecznymi dla spo\u0142ecze\u0144stwa.<\/p>\n<h4>Pom\u00f3\u017c im wystartowa\u0107!<\/h4>\n<p>Nasi podopieczni uczestniczyli w kursach zawodu organizowanych w Szkole Zawodu w Rutshuru. Misj\u0119 prowadz\u0105 tam Siostry Pallotynki. Cz\u0119\u015b\u0107 szkol si\u0119 w treningu kroju i szycia. Trzeba dla nich kupi\u0107 maszyny do szycia i akcesoria, kt\u00f3re pomog\u0105 im prowadzi\u0107 niezale\u017cne \u017cycie. S\u0105 te\u017c osoby zajmuj\u0105ce si\u0119 krojem i szyciem oraz haftem, dla nich trzeba kupi\u0107 nie tylko maszyny do szycia, ale tak\u017ce hafciarki, kt\u00f3r\u0105 b\u0119d\u0105 si\u0119 pos\u0142ugiwa\u0107 oraz jej akcesoria. Z kolei ci, kt\u00f3rzy uczestnicz\u0105 w szkoleniu stolarskim, potrzebuj\u0105 komplety narz\u0119dzi stolarskich, kt\u00f3re pomog\u0105 im prowadzi\u0107 samodzielne \u017cycie. Maj\u0105c nadziej\u0119 na korzystny wynik i jeszcze raz dzi\u0119kuj\u0105c, prosimy o wsparcie, wierz\u0105c w nasz\u0105 wieloletni\u0105 wsp\u00f3\u0142prac\u0119.<\/p>\n<h4><strong>Kosztorys:<\/strong><\/h4>\n<table>\n<tbody>\n<tr>\n<td width=\"34\"><strong>LP<\/strong><\/td>\n<td width=\"223\"><strong>OPIS<\/strong><\/td>\n<td width=\"128\"><strong>ilo\u015b\u0107<\/strong><\/td>\n<td width=\"129\"><strong>Cena <\/strong><strong>w miejscowej walucie<\/strong><\/td>\n<td width=\"129\"><strong>Kwota <\/strong><strong>w miejscowej walucie<\/strong><\/td>\n<\/tr>\n<tr>\n<td width=\"34\">1<\/td>\n<td width=\"223\">Maszyna do szycia + akcesoria<\/td>\n<td width=\"128\">2 szt.<\/td>\n<td width=\"129\">200<\/td>\n<td width=\"129\">400<\/td>\n<\/tr>\n<tr>\n<td width=\"34\">2<\/td>\n<td width=\"223\">Maszyna do szycia + hafciarka<\/td>\n<td width=\"128\">2 kpl.<\/td>\n<td width=\"129\">400<\/td>\n<td width=\"129\">800<\/td>\n<\/tr>\n<tr>\n<td width=\"34\">3<\/td>\n<td width=\"223\">Narz\u0119dzia stolarskie<\/td>\n<td width=\"128\">1 kpl.<\/td>\n<td width=\"129\">200<\/td>\n<td width=\"129\">200<\/td>\n<\/tr>\n<tr>\n<td width=\"34\"><strong>\u00a0<\/strong><\/td>\n<td width=\"223\"><strong>RAZEM<\/strong><\/td>\n<td width=\"128\"><strong>\u00a0<\/strong><\/td>\n<td width=\"129\"><strong>\u00a0<\/strong><\/td>\n<td width=\"129\"><strong>1.400<\/strong><\/td>\n<\/tr>\n<\/tbody>\n<\/table>\n<p>W imieniu misji Adelard Matsipa, organizator<\/p>\n<p><em>s. Diane Iradukunda, <a href=\"http:\/\/www.pallotynki.pl\/\" target=\"_blank\" rel=\"noopener noreferrer\">Zgromadzenie Si\u00f3str Apostolstwa Katolickiego (Pallotynki)<\/a>, misja Rutshuru, Demokratyczna Republika Konga<\/em><\/p>\n<p style=\"text-align: justify;\" align=\"JUSTIFY\"><strong>Numer projektu 374\/PALLS<\/strong><\/p>\n<p style=\"text-align: justify;\" align=\"JUSTIFY\"><span style=\"color: #ff0000;\"><span style=\"font-size: large;\"><b>Kwota projektu: 1400 \u20ac<\/b><\/span><\/span><\/p>\n<p style=\"text-align: justify;\" align=\"JUSTIFY\"><span style=\"color: #808080;\">Stowarzyszenie Ruchu\u00a0<em>Maitri<\/em>\u00a0przeznacza do 10% otrzymanych \u015brodk\u00f3w na koszty funkcjonowania biura i pozyskiwanie funduszy pomocowych.<\/span><\/p>\n<h3 style=\"text-align: justify;\" align=\"JUSTIFY\"><span style=\"color: #808080;\">Pallotynki prosz\u0105 o pomoc w zakupie narz\u0119dzi dla 5 absolwent\u00f3w z Rutshuru<\/span><\/h3>\n","protected":false},"excerpt":{"rendered":"<p><strong>Projekt:\u00a0<\/strong> S. Diane Iradukunda, <a href=\"http:\/\/www.pallotynki.pl\/\" target=\"_blank\" rel=\"noopener noreferrer\">Zgromadzenie Si\u00f3str Misjonarek Apostolstwa Katolickiego<\/a><br \/>\n<strong>Misja:<\/strong> Rutshuru, <a href=\"https:\/\/www.maitri.pl\/gdzie-pomagamy\/\" target=\"_blank\" rel=\"noopener noreferrer\">DR Kongo<\/a><br \/>\n<strong>Kwota projektu: <span style=\"color: #ff0000;\">1400 \u20ac<\/span><\/strong><\/p>\n","protected":false},"featured_media":26549,"template":"","meta":[],"product_brand":[],"product_cat":[656],"product_tag":[690,847,764],"class_list":{"0":"post-26548","1":"product","2":"type-product","3":"status-publish","4":"has-post-thumbnail","6":"product_cat-bez-kategorii","7":"product_tag-dr-kongo","8":"product_tag-pallotynki","9":"product_tag-rutshuru","11":"first","12":"instock","13":"virtual","14":"purchasable","15":"product-type-simple"},"yoast_head":"<!-- This site is optimized with the Yoast SEO plugin v27.2 - https:\/\/yoast.com\/product\/yoast-seo-wordpress\/ -->\n<title>Pallotynki prosz\u0105 o pomoc w zakupie narz\u0119dzi dla absolwent\u00f3w<\/title>\n<meta name=\"description\" content=\"Pallotynki prosz\u0105 o pomoc w zakupie narz\u0119dzi dla absolwent\u00f3w z Rutshuru. Wsparcie obejmie podopiecznych programu Adopcja Serca z DR Kongo.\" \/>\n<meta name=\"robots\" content=\"index, follow, max-snippet:-1, max-image-preview:large, max-video-preview:-1\" \/>\n<link rel=\"canonical\" href=\"https:\/\/www.maitri.pl\/projekt\/pallotynki-rutshuru\/\" \/>\n<meta property=\"og:locale\" content=\"fr_FR\" \/>\n<meta property=\"og:type\" content=\"article\" \/>\n<meta property=\"og:title\" content=\"Pallotynki prosz\u0105 o pomoc w zakupie narz\u0119dzi dla absolwent\u00f3w\" \/>\n<meta property=\"og:description\" content=\"Pallotynki prosz\u0105 o pomoc w zakupie narz\u0119dzi dla absolwent\u00f3w z Rutshuru. Wsparcie obejmie podopiecznych programu Adopcja Serca z DR Kongo.\" \/>\n<meta property=\"og:url\" content=\"https:\/\/www.maitri.pl\/projekt\/pallotynki-rutshuru\/\" \/>\n<meta property=\"og:site_name\" content=\"Ruch Maitri - Adopcja Serca pomoc Afryce\" \/>\n<meta property=\"article:publisher\" content=\"https:\/\/www.facebook.com\/MAITRI.Adopcja.Serca.dzieci.Afryki\/\" \/>\n<meta property=\"article:modified_time\" content=\"2024-02-07T11:54:40+00:00\" \/>\n<meta property=\"og:image\" content=\"https:\/\/www.maitri.pl\/wp-content\/uploads\/2023\/05\/DSCF7134.jpg\" \/>\n\t<meta property=\"og:image:width\" content=\"1714\" \/>\n\t<meta property=\"og:image:height\" content=\"1143\" \/>\n\t<meta property=\"og:image:type\" content=\"image\/jpeg\" \/>\n<meta name=\"twitter:card\" content=\"summary_large_image\" \/>\n<meta name=\"twitter:label1\" content=\"Dur\u00e9e de lecture estim\u00e9e\" \/>\n\t<meta name=\"twitter:data1\" content=\"2 minutes\" \/>\n<script type=\"application\/ld+json\" class=\"yoast-schema-graph\">{\"@context\":\"https:\/\/schema.org\",\"@graph\":[{\"@type\":\"WebPage\",\"@id\":\"https:\/\/www.maitri.pl\/projekt\/pallotynki-rutshuru\/\",\"url\":\"https:\/\/www.maitri.pl\/projekt\/pallotynki-rutshuru\/\",\"name\":\"Pallotynki prosz\u0105 o pomoc w zakupie narz\u0119dzi dla absolwent\u00f3w\",\"isPartOf\":{\"@id\":\"https:\/\/www.maitri.pl\/#website\"},\"primaryImageOfPage\":{\"@id\":\"https:\/\/www.maitri.pl\/projekt\/pallotynki-rutshuru\/#primaryimage\"},\"image\":{\"@id\":\"https:\/\/www.maitri.pl\/projekt\/pallotynki-rutshuru\/#primaryimage\"},\"thumbnailUrl\":\"https:\/\/www.maitri.pl\/wp-content\/uploads\/2023\/05\/DSCF7134.jpg\",\"datePublished\":\"2023-05-17T12:56:12+00:00\",\"dateModified\":\"2024-02-07T11:54:40+00:00\",\"description\":\"Pallotynki prosz\u0105 o pomoc w zakupie narz\u0119dzi dla absolwent\u00f3w z Rutshuru. Wsparcie obejmie podopiecznych programu Adopcja Serca z DR Kongo.\",\"breadcrumb\":{\"@id\":\"https:\/\/www.maitri.pl\/projekt\/pallotynki-rutshuru\/#breadcrumb\"},\"inLanguage\":\"fr-FR\",\"potentialAction\":[{\"@type\":\"ReadAction\",\"target\":[\"https:\/\/www.maitri.pl\/projekt\/pallotynki-rutshuru\/\"]}]},{\"@type\":\"ImageObject\",\"inLanguage\":\"fr-FR\",\"@id\":\"https:\/\/www.maitri.pl\/projekt\/pallotynki-rutshuru\/#primaryimage\",\"url\":\"https:\/\/www.maitri.pl\/wp-content\/uploads\/2023\/05\/DSCF7134.jpg\",\"contentUrl\":\"https:\/\/www.maitri.pl\/wp-content\/uploads\/2023\/05\/DSCF7134.jpg\",\"width\":1714,\"height\":1143,\"caption\":\"Pallotynki prosz\u0105 o pomoc w zakupie narz\u0119dzi dla 5 absolwent\u00f3w z Rutshuru Adopcja Serca Maitri 01\"},{\"@type\":\"BreadcrumbList\",\"@id\":\"https:\/\/www.maitri.pl\/projekt\/pallotynki-rutshuru\/#breadcrumb\",\"itemListElement\":[{\"@type\":\"ListItem\",\"position\":1,\"name\":\"Strona g\u0142\u00f3wna\",\"item\":\"https:\/\/www.maitri.pl\/\"},{\"@type\":\"ListItem\",\"position\":2,\"name\":\"Sklep\",\"item\":\"https:\/\/www.maitri.pl\/sklep\/\"},{\"@type\":\"ListItem\",\"position\":3,\"name\":\"Pallotynki prosz\u0105 o pomoc w zakupie narz\u0119dzi dla 5 absolwent\u00f3w z Rutshuru\"}]},{\"@type\":\"WebSite\",\"@id\":\"https:\/\/www.maitri.pl\/#website\",\"url\":\"https:\/\/www.maitri.pl\/\",\"name\":\"Adopcja Serca Maitri \u2013 pomoc dzieciom w Afryce\",\"description\":\"Adopcja Serca \u2013 adopcja na odleg\u0142o\u015b\u0107, pomoc Afryce, do\u017cywianie i edukacja w Afryce\",\"publisher\":{\"@id\":\"https:\/\/www.maitri.pl\/#organization\"},\"potentialAction\":[{\"@type\":\"SearchAction\",\"target\":{\"@type\":\"EntryPoint\",\"urlTemplate\":\"https:\/\/www.maitri.pl\/?s={search_term_string}\"},\"query-input\":{\"@type\":\"PropertyValueSpecification\",\"valueRequired\":true,\"valueName\":\"search_term_string\"}}],\"inLanguage\":\"fr-FR\"},{\"@type\":\"Organization\",\"@id\":\"https:\/\/www.maitri.pl\/#organization\",\"name\":\"Stowarzyszenie Ruchu Maitri\",\"url\":\"https:\/\/www.maitri.pl\/\",\"logo\":{\"@type\":\"ImageObject\",\"inLanguage\":\"fr-FR\",\"@id\":\"https:\/\/www.maitri.pl\/#\/schema\/logo\/image\/\",\"url\":\"https:\/\/www.maitri.pl\/wp-content\/uploads\/2020\/04\/duze_logo-81.png\",\"contentUrl\":\"https:\/\/www.maitri.pl\/wp-content\/uploads\/2020\/04\/duze_logo-81.png\",\"width\":339,\"height\":321,\"caption\":\"Stowarzyszenie Ruchu Maitri\"},\"image\":{\"@id\":\"https:\/\/www.maitri.pl\/#\/schema\/logo\/image\/\"},\"sameAs\":[\"https:\/\/www.facebook.com\/MAITRI.Adopcja.Serca.dzieci.Afryki\/\"]}]}<\/script>\n<!-- \/ Yoast SEO plugin. -->","yoast_head_json":{"title":"Pallotynki prosz\u0105 o pomoc w zakupie narz\u0119dzi dla absolwent\u00f3w","description":"Pallotynki prosz\u0105 o pomoc w zakupie narz\u0119dzi dla absolwent\u00f3w z Rutshuru. Wsparcie obejmie podopiecznych programu Adopcja Serca z DR Kongo.","robots":{"index":"index","follow":"follow","max-snippet":"max-snippet:-1","max-image-preview":"max-image-preview:large","max-video-preview":"max-video-preview:-1"},"canonical":"https:\/\/www.maitri.pl\/projekt\/pallotynki-rutshuru\/","og_locale":"fr_FR","og_type":"article","og_title":"Pallotynki prosz\u0105 o pomoc w zakupie narz\u0119dzi dla absolwent\u00f3w","og_description":"Pallotynki prosz\u0105 o pomoc w zakupie narz\u0119dzi dla absolwent\u00f3w z Rutshuru. Wsparcie obejmie podopiecznych programu Adopcja Serca z DR Kongo.","og_url":"https:\/\/www.maitri.pl\/projekt\/pallotynki-rutshuru\/","og_site_name":"Ruch Maitri - Adopcja Serca pomoc Afryce","article_publisher":"https:\/\/www.facebook.com\/MAITRI.Adopcja.Serca.dzieci.Afryki\/","article_modified_time":"2024-02-07T11:54:40+00:00","og_image":[{"width":1714,"height":1143,"url":"https:\/\/www.maitri.pl\/wp-content\/uploads\/2023\/05\/DSCF7134.jpg","type":"image\/jpeg"}],"twitter_card":"summary_large_image","twitter_misc":{"Dur\u00e9e de lecture estim\u00e9e":"2 minutes"},"schema":{"@context":"https:\/\/schema.org","@graph":[{"@type":"WebPage","@id":"https:\/\/www.maitri.pl\/projekt\/pallotynki-rutshuru\/","url":"https:\/\/www.maitri.pl\/projekt\/pallotynki-rutshuru\/","name":"Pallotynki prosz\u0105 o pomoc w zakupie narz\u0119dzi dla absolwent\u00f3w","isPartOf":{"@id":"https:\/\/www.maitri.pl\/#website"},"primaryImageOfPage":{"@id":"https:\/\/www.maitri.pl\/projekt\/pallotynki-rutshuru\/#primaryimage"},"image":{"@id":"https:\/\/www.maitri.pl\/projekt\/pallotynki-rutshuru\/#primaryimage"},"thumbnailUrl":"https:\/\/www.maitri.pl\/wp-content\/uploads\/2023\/05\/DSCF7134.jpg","datePublished":"2023-05-17T12:56:12+00:00","dateModified":"2024-02-07T11:54:40+00:00","description":"Pallotynki prosz\u0105 o pomoc w zakupie narz\u0119dzi dla absolwent\u00f3w z Rutshuru. Wsparcie obejmie podopiecznych programu Adopcja Serca z DR Kongo.","breadcrumb":{"@id":"https:\/\/www.maitri.pl\/projekt\/pallotynki-rutshuru\/#breadcrumb"},"inLanguage":"fr-FR","potentialAction":[{"@type":"ReadAction","target":["https:\/\/www.maitri.pl\/projekt\/pallotynki-rutshuru\/"]}]},{"@type":"ImageObject","inLanguage":"fr-FR","@id":"https:\/\/www.maitri.pl\/projekt\/pallotynki-rutshuru\/#primaryimage","url":"https:\/\/www.maitri.pl\/wp-content\/uploads\/2023\/05\/DSCF7134.jpg","contentUrl":"https:\/\/www.maitri.pl\/wp-content\/uploads\/2023\/05\/DSCF7134.jpg","width":1714,"height":1143,"caption":"Pallotynki prosz\u0105 o pomoc w zakupie narz\u0119dzi dla 5 absolwent\u00f3w z Rutshuru Adopcja Serca Maitri 01"},{"@type":"BreadcrumbList","@id":"https:\/\/www.maitri.pl\/projekt\/pallotynki-rutshuru\/#breadcrumb","itemListElement":[{"@type":"ListItem","position":1,"name":"Strona g\u0142\u00f3wna","item":"https:\/\/www.maitri.pl\/"},{"@type":"ListItem","position":2,"name":"Sklep","item":"https:\/\/www.maitri.pl\/sklep\/"},{"@type":"ListItem","position":3,"name":"Pallotynki prosz\u0105 o pomoc w zakupie narz\u0119dzi dla 5 absolwent\u00f3w z Rutshuru"}]},{"@type":"WebSite","@id":"https:\/\/www.maitri.pl\/#website","url":"https:\/\/www.maitri.pl\/","name":"Adopcja Serca Maitri \u2013 pomoc dzieciom w Afryce","description":"Adopcja Serca \u2013 adopcja na odleg\u0142o\u015b\u0107, pomoc Afryce, do\u017cywianie i edukacja w Afryce","publisher":{"@id":"https:\/\/www.maitri.pl\/#organization"},"potentialAction":[{"@type":"SearchAction","target":{"@type":"EntryPoint","urlTemplate":"https:\/\/www.maitri.pl\/?s={search_term_string}"},"query-input":{"@type":"PropertyValueSpecification","valueRequired":true,"valueName":"search_term_string"}}],"inLanguage":"fr-FR"},{"@type":"Organization","@id":"https:\/\/www.maitri.pl\/#organization","name":"Stowarzyszenie Ruchu Maitri","url":"https:\/\/www.maitri.pl\/","logo":{"@type":"ImageObject","inLanguage":"fr-FR","@id":"https:\/\/www.maitri.pl\/#\/schema\/logo\/image\/","url":"https:\/\/www.maitri.pl\/wp-content\/uploads\/2020\/04\/duze_logo-81.png","contentUrl":"https:\/\/www.maitri.pl\/wp-content\/uploads\/2020\/04\/duze_logo-81.png","width":339,"height":321,"caption":"Stowarzyszenie Ruchu Maitri"},"image":{"@id":"https:\/\/www.maitri.pl\/#\/schema\/logo\/image\/"},"sameAs":["https:\/\/www.facebook.com\/MAITRI.Adopcja.Serca.dzieci.Afryki\/"]}]}},"_links":{"self":[{"href":"https:\/\/www.maitri.pl\/fr\/wp-json\/wp\/v2\/product\/26548","targetHints":{"allow":["GET"]}}],"collection":[{"href":"https:\/\/www.maitri.pl\/fr\/wp-json\/wp\/v2\/product"}],"about":[{"href":"https:\/\/www.maitri.pl\/fr\/wp-json\/wp\/v2\/types\/product"}],"wp:featuredmedia":[{"embeddable":true,"href":"https:\/\/www.maitri.pl\/fr\/wp-json\/wp\/v2\/media\/26549"}],"wp:attachment":[{"href":"https:\/\/www.maitri.pl\/fr\/wp-json\/wp\/v2\/media?parent=26548"}],"wp:term":[{"taxonomy":"product_brand","embeddable":true,"href":"https:\/\/www.maitri.pl\/fr\/wp-json\/wp\/v2\/product_brand?post=26548"},{"taxonomy":"product_cat","embeddable":true,"href":"https:\/\/www.maitri.pl\/fr\/wp-json\/wp\/v2\/product_cat?post=26548"},{"taxonomy":"product_tag","embeddable":true,"href":"https:\/\/www.maitri.pl\/fr\/wp-json\/wp\/v2\/product_tag?post=26548"}],"curies":[{"name":"wp","href":"https:\/\/api.w.org\/{rel}","templated":true}]}}