{"id":26463,"date":"2023-04-13T15:13:55","date_gmt":"2023-04-13T13:13:55","guid":{"rendered":"https:\/\/www.maitri.pl\/?post_type=product&#038;p=26463"},"modified":"2024-02-07T12:54:34","modified_gmt":"2024-02-07T11:54:34","slug":"dobre-narzedzia-burundi","status":"publish","type":"product","link":"https:\/\/www.maitri.pl\/fr\/projekt\/dobre-narzedzia-burundi\/","title":{"rendered":"Dobre narz\u0119dzia pracy &#8211; pomoc dla absolwent\u00f3w szk\u00f3\u0142 zawodowych w Buraniro"},"content":{"rendered":"<h4>Same umiej\u0119tno\u015bci nie wystarcz\u0105<\/h4>\n<p>Jak co roku zwracamy si\u0119 z gor\u0105c\u0105 pro\u015bb\u0105 o sfinansowanie narz\u0119dzi w podarunku dla absolwent\u00f3w naszej szko\u0142y zawodowej. Ta dodatkowa pomoc dla podopiecznych programu <a href=\"https:\/\/www.maitri.pl\/adopcja-serca\/\" target=\"_blank\" rel=\"noopener\">Adopcja Serca<\/a> misji Buraniro jest bardzo potrzebna. Szko\u0142a zawodowa pomaga zdoby\u0107 zaw\u00f3d, ale nie ma mo\u017cliwo\u015bci sfinansowania zakupu narz\u0119dzi dla uczni\u00f3w, kt\u00f3rzy uko\u0144czyli nauk\u0119, aby mogli otrzyma\u0107 je na w\u0142asno\u015b\u0107 i zabra\u0107 do domu. Ci, kt\u00f3rzy ko\u0144cz\u0105 nauk\u0119 zawodu w r\u00f3\u017cnych specjalizacjach, potrzebuj\u0105 sprz\u0119tu. Bez niego nie otworz\u0105 swoich warsztat\u00f3w. To zdolni ludzie, szybko opanowali sw\u00f3j fach. Dobre narz\u0119dzia to podstawa dla ka\u017cdego fachowca. Jednak umiej\u0119tno\u015bci nie wystarcz\u0105, gdy nie ma sprz\u0119tu.<\/p>\n<h4>Dobry start w doros\u0142o\u015b\u0107<\/h4>\n<p>Ch\u0142opcy, kt\u00f3rzy uko\u0144cz\u0105 nauk\u0119 stolarza potrzebuj\u0105 r\u00f3\u017cne rodzaje narz\u0119dzi: hebel, d\u0142uta, m\u0142otek, pi\u0142a r\u0119czna, wiertarka r\u0119czna, wiert\u0142a, obc\u0119gi, pilniki. To wydatek ok. 495.000 frank\u00f3w burundyjskich na osob\u0119. Z kolei dla dziewcz\u0105t po szkole krawieckiej potrzebne s\u0105 maszyny do szycia, no\u017cyce, centymetr krawiecki i inne akcesoria. To r\u00f3wnie\u017c koszt ok. 495.000 frank\u00f3w burundyjskich na osob\u0119.\u00a0W tym roku szko\u0142\u0119 \u017cycia ko\u0144czy 25 uczni\u00f3w. By m\u00f3c praktykowa\u0107 i zarobi\u0107 na \u017cycie po uko\u0144czeniu nauki, potrzebne im s\u0105 ich w\u0142asne narz\u0119dzia pracy. Wa\u017cne jest, by po szkole usamodzielnili si\u0119 i nie pozostawali bez pracy. Dobre narz\u0119dzia zapewni\u0105 im odpowiedni start w doros\u0142o\u015b\u0107. Nie zostawiajmy ich bez pomocy. Dzi\u0119ki zdobytym umiej\u0119tno\u015bciom b\u0119d\u0105 mogli rozpocz\u0105\u0107 samodzielne \u017cycie. W ten spos\u00f3b z pewno\u015bci\u0105 pomog\u0105 dalszym krewnym i rodzinie, a \u015brodki przekazane na zakup narz\u0119dzi zaowocuj\u0105 w dw\u00f3jnas\u00f3b. Pom\u00f3\u017cmy Afryce i jej zdolnej m\u0142odzie\u017cy!<\/p>\n<h4><strong>Kosztorys:<\/strong><\/h4>\n<ol>\n<li>Maszyny do szycia &#8211; 18 uczni\u00f3w &#8211; 8.910.000 frank\u00f3w burundyjskich<\/li>\n<li>Narz\u0119dzia dla stolarzy &#8211; 7 uczni\u00f3w &#8211; 3.465.000 frank\u00f3w burundyjskich<\/li>\n<\/ol>\n<p><em><strong>Podsumowanie w miejscowej walucie: 12 375 000 frank\u00f3w burundyjskich<\/strong><\/em><\/p>\n<p><em>Siostra Ezechiela Pyszka<\/em>, <a href=\"http:\/\/kanoniczki.pl\/index.php\/pojdz-za-mna\/moje-powolanie\/260-jestem-afrykanka\"> Zgromadzenie Si\u00f3str Kanoniczek Ducha \u015awi\u0119tego de Saxia<\/a>, misja Buraniro, <a href=\"https:\/\/www.maitri.pl\/gdzie-pomagamy\/\" target=\"_blank\" rel=\"noopener\">Burundi<\/a><\/p>\n<p style=\"text-align: justify;\" align=\"JUSTIFY\"><span style=\"color: #ff0000;\"><span style=\"font-size: large;\"><b>Kwota projektu: 4 175 \u20ac<br \/>\n<\/b><\/span><\/span><\/p>\n<p style=\"text-align: justify;\"><strong>Numer projektu: 217\/DUCHA<\/strong><\/p>\n<p style=\"text-align: justify;\" align=\"JUSTIFY\"><span style=\"color: #808080;\">Stowarzyszenie Ruchu\u00a0<em>Maitri<\/em>\u00a0przeznacza do 10% otrzymanych \u015brodk\u00f3w na koszty funkcjonowania biura i pozyskiwanie funduszy pomocowych.<\/span><\/p>\n<h3 style=\"text-align: justify;\" align=\"JUSTIFY\"><span style=\"color: #808080;\">Dobre narz\u0119dzia pracy &#8211; pomoc dla absolwent\u00f3w szk\u00f3\u0142 zawodowych w Buraniro w Burundi<\/span><\/h3>\n","protected":false},"excerpt":{"rendered":"<p><strong>Projekt:<\/strong> <em>Siostra Ezechiela Pyszka<\/em>, <a href=\"http:\/\/kanoniczki.pl\/index.php\/pojdz-za-mna\/moje-powolanie\/260-jestem-afrykanka\"> Zgromadzenie Si\u00f3str Kanoniczek Ducha \u015awi\u0119tego de Saxia<\/a><br \/>\n<strong>Misja:<\/strong> Buraniro, <a href=\"https:\/\/www.maitri.pl\/gdzie-pomagamy\/\" target=\"_blank\" rel=\"noopener noreferrer\">Burundi<\/a><br \/>\n<strong>Zbierana kwota: <span style=\"color: #ff0000;\">4 175 \u20ac<\/span><\/strong><\/p>\n","protected":false},"featured_media":26466,"template":"","meta":[],"product_brand":[],"product_cat":[656],"product_tag":[666,667,668,845],"class_list":{"0":"post-26463","1":"product","2":"type-product","3":"status-publish","4":"has-post-thumbnail","6":"product_cat-bez-kategorii","7":"product_tag-buraniro","8":"product_tag-burundi","9":"product_tag-siostra-ezechiela-pyszka","10":"product_tag-zgromadzenie-siostr-kanoniczek-ducha-swietego","12":"first","13":"instock","14":"virtual","15":"purchasable","16":"product-type-simple"},"yoast_head":"<!-- This site is optimized with the Yoast SEO plugin v27.2 - https:\/\/yoast.com\/product\/yoast-seo-wordpress\/ -->\n<title>Dobre narz\u0119dzia pracy - pomoc dla absolwent\u00f3w z Buraniro<\/title>\n<meta name=\"description\" content=\"Dobre narz\u0119dzia pracy - pomoc dla absolwent\u00f3w szk\u00f3\u0142 zawodowych w Buraniro w Burundi. O pomoc prosz\u0105 siostry Kanoniczki. Ka\u017cda z\u0142ot\u00f3wka pomaga!\" \/>\n<meta name=\"robots\" content=\"index, follow, max-snippet:-1, max-image-preview:large, max-video-preview:-1\" \/>\n<link rel=\"canonical\" href=\"https:\/\/www.maitri.pl\/projekt\/dobre-narzedzia-burundi\/\" \/>\n<meta property=\"og:locale\" content=\"fr_FR\" \/>\n<meta property=\"og:type\" content=\"article\" \/>\n<meta property=\"og:title\" content=\"Dobre narz\u0119dzia pracy - pomoc dla absolwent\u00f3w z Buraniro\" \/>\n<meta property=\"og:description\" content=\"Dobre narz\u0119dzia pracy - pomoc dla absolwent\u00f3w szk\u00f3\u0142 zawodowych w Buraniro w Burundi. O pomoc prosz\u0105 siostry Kanoniczki. Ka\u017cda z\u0142ot\u00f3wka pomaga!\" \/>\n<meta property=\"og:url\" content=\"https:\/\/www.maitri.pl\/projekt\/dobre-narzedzia-burundi\/\" \/>\n<meta property=\"og:site_name\" content=\"Ruch Maitri - Adopcja Serca pomoc Afryce\" \/>\n<meta property=\"article:publisher\" content=\"https:\/\/www.facebook.com\/MAITRI.Adopcja.Serca.dzieci.Afryki\/\" \/>\n<meta property=\"article:modified_time\" content=\"2024-02-07T11:54:34+00:00\" \/>\n<meta property=\"og:image\" content=\"https:\/\/www.maitri.pl\/wp-content\/uploads\/2023\/04\/DSCF1527.jpg\" \/>\n\t<meta property=\"og:image:width\" content=\"1469\" \/>\n\t<meta property=\"og:image:height\" content=\"980\" \/>\n\t<meta property=\"og:image:type\" content=\"image\/jpeg\" \/>\n<meta name=\"twitter:card\" content=\"summary_large_image\" \/>\n<meta name=\"twitter:label1\" content=\"Dur\u00e9e de lecture estim\u00e9e\" \/>\n\t<meta name=\"twitter:data1\" content=\"2 minutes\" \/>\n<script type=\"application\/ld+json\" class=\"yoast-schema-graph\">{\"@context\":\"https:\/\/schema.org\",\"@graph\":[{\"@type\":\"WebPage\",\"@id\":\"https:\/\/www.maitri.pl\/projekt\/dobre-narzedzia-burundi\/\",\"url\":\"https:\/\/www.maitri.pl\/projekt\/dobre-narzedzia-burundi\/\",\"name\":\"Dobre narz\u0119dzia pracy - pomoc dla absolwent\u00f3w z Buraniro\",\"isPartOf\":{\"@id\":\"https:\/\/www.maitri.pl\/#website\"},\"primaryImageOfPage\":{\"@id\":\"https:\/\/www.maitri.pl\/projekt\/dobre-narzedzia-burundi\/#primaryimage\"},\"image\":{\"@id\":\"https:\/\/www.maitri.pl\/projekt\/dobre-narzedzia-burundi\/#primaryimage\"},\"thumbnailUrl\":\"https:\/\/www.maitri.pl\/wp-content\/uploads\/2023\/04\/DSCF1527.jpg\",\"datePublished\":\"2023-04-13T13:13:55+00:00\",\"dateModified\":\"2024-02-07T11:54:34+00:00\",\"description\":\"Dobre narz\u0119dzia pracy - pomoc dla absolwent\u00f3w szk\u00f3\u0142 zawodowych w Buraniro w Burundi. O pomoc prosz\u0105 siostry Kanoniczki. Ka\u017cda z\u0142ot\u00f3wka pomaga!\",\"breadcrumb\":{\"@id\":\"https:\/\/www.maitri.pl\/projekt\/dobre-narzedzia-burundi\/#breadcrumb\"},\"inLanguage\":\"fr-FR\",\"potentialAction\":[{\"@type\":\"ReadAction\",\"target\":[\"https:\/\/www.maitri.pl\/projekt\/dobre-narzedzia-burundi\/\"]}]},{\"@type\":\"ImageObject\",\"inLanguage\":\"fr-FR\",\"@id\":\"https:\/\/www.maitri.pl\/projekt\/dobre-narzedzia-burundi\/#primaryimage\",\"url\":\"https:\/\/www.maitri.pl\/wp-content\/uploads\/2023\/04\/DSCF1527.jpg\",\"contentUrl\":\"https:\/\/www.maitri.pl\/wp-content\/uploads\/2023\/04\/DSCF1527.jpg\",\"width\":1469,\"height\":980,\"caption\":\"Dobre narz\u0119dzia pracy - pomoc dla absolwent\u00f3w szk\u00f3\u0142 zawodowych w Buraniro w Burundi pomoc Afryce pomoc ubogim Adopcja Duchowa Maitri Adopcja Serca 01\"},{\"@type\":\"BreadcrumbList\",\"@id\":\"https:\/\/www.maitri.pl\/projekt\/dobre-narzedzia-burundi\/#breadcrumb\",\"itemListElement\":[{\"@type\":\"ListItem\",\"position\":1,\"name\":\"Strona g\u0142\u00f3wna\",\"item\":\"https:\/\/www.maitri.pl\/\"},{\"@type\":\"ListItem\",\"position\":2,\"name\":\"Sklep\",\"item\":\"https:\/\/www.maitri.pl\/sklep\/\"},{\"@type\":\"ListItem\",\"position\":3,\"name\":\"Dobre narz\u0119dzia pracy &#8211; pomoc dla absolwent\u00f3w szk\u00f3\u0142 zawodowych w Buraniro\"}]},{\"@type\":\"WebSite\",\"@id\":\"https:\/\/www.maitri.pl\/#website\",\"url\":\"https:\/\/www.maitri.pl\/\",\"name\":\"Adopcja Serca Maitri \u2013 pomoc dzieciom w Afryce\",\"description\":\"Adopcja Serca \u2013 adopcja na odleg\u0142o\u015b\u0107, pomoc Afryce, do\u017cywianie i edukacja w Afryce\",\"publisher\":{\"@id\":\"https:\/\/www.maitri.pl\/#organization\"},\"potentialAction\":[{\"@type\":\"SearchAction\",\"target\":{\"@type\":\"EntryPoint\",\"urlTemplate\":\"https:\/\/www.maitri.pl\/?s={search_term_string}\"},\"query-input\":{\"@type\":\"PropertyValueSpecification\",\"valueRequired\":true,\"valueName\":\"search_term_string\"}}],\"inLanguage\":\"fr-FR\"},{\"@type\":\"Organization\",\"@id\":\"https:\/\/www.maitri.pl\/#organization\",\"name\":\"Stowarzyszenie Ruchu Maitri\",\"url\":\"https:\/\/www.maitri.pl\/\",\"logo\":{\"@type\":\"ImageObject\",\"inLanguage\":\"fr-FR\",\"@id\":\"https:\/\/www.maitri.pl\/#\/schema\/logo\/image\/\",\"url\":\"https:\/\/www.maitri.pl\/wp-content\/uploads\/2020\/04\/duze_logo-81.png\",\"contentUrl\":\"https:\/\/www.maitri.pl\/wp-content\/uploads\/2020\/04\/duze_logo-81.png\",\"width\":339,\"height\":321,\"caption\":\"Stowarzyszenie Ruchu Maitri\"},\"image\":{\"@id\":\"https:\/\/www.maitri.pl\/#\/schema\/logo\/image\/\"},\"sameAs\":[\"https:\/\/www.facebook.com\/MAITRI.Adopcja.Serca.dzieci.Afryki\/\"]}]}<\/script>\n<!-- \/ Yoast SEO plugin. -->","yoast_head_json":{"title":"Dobre narz\u0119dzia pracy - pomoc dla absolwent\u00f3w z Buraniro","description":"Dobre narz\u0119dzia pracy - pomoc dla absolwent\u00f3w szk\u00f3\u0142 zawodowych w Buraniro w Burundi. O pomoc prosz\u0105 siostry Kanoniczki. Ka\u017cda z\u0142ot\u00f3wka pomaga!","robots":{"index":"index","follow":"follow","max-snippet":"max-snippet:-1","max-image-preview":"max-image-preview:large","max-video-preview":"max-video-preview:-1"},"canonical":"https:\/\/www.maitri.pl\/projekt\/dobre-narzedzia-burundi\/","og_locale":"fr_FR","og_type":"article","og_title":"Dobre narz\u0119dzia pracy - pomoc dla absolwent\u00f3w z Buraniro","og_description":"Dobre narz\u0119dzia pracy - pomoc dla absolwent\u00f3w szk\u00f3\u0142 zawodowych w Buraniro w Burundi. O pomoc prosz\u0105 siostry Kanoniczki. Ka\u017cda z\u0142ot\u00f3wka pomaga!","og_url":"https:\/\/www.maitri.pl\/projekt\/dobre-narzedzia-burundi\/","og_site_name":"Ruch Maitri - Adopcja Serca pomoc Afryce","article_publisher":"https:\/\/www.facebook.com\/MAITRI.Adopcja.Serca.dzieci.Afryki\/","article_modified_time":"2024-02-07T11:54:34+00:00","og_image":[{"width":1469,"height":980,"url":"https:\/\/www.maitri.pl\/wp-content\/uploads\/2023\/04\/DSCF1527.jpg","type":"image\/jpeg"}],"twitter_card":"summary_large_image","twitter_misc":{"Dur\u00e9e de lecture estim\u00e9e":"2 minutes"},"schema":{"@context":"https:\/\/schema.org","@graph":[{"@type":"WebPage","@id":"https:\/\/www.maitri.pl\/projekt\/dobre-narzedzia-burundi\/","url":"https:\/\/www.maitri.pl\/projekt\/dobre-narzedzia-burundi\/","name":"Dobre narz\u0119dzia pracy - pomoc dla absolwent\u00f3w z Buraniro","isPartOf":{"@id":"https:\/\/www.maitri.pl\/#website"},"primaryImageOfPage":{"@id":"https:\/\/www.maitri.pl\/projekt\/dobre-narzedzia-burundi\/#primaryimage"},"image":{"@id":"https:\/\/www.maitri.pl\/projekt\/dobre-narzedzia-burundi\/#primaryimage"},"thumbnailUrl":"https:\/\/www.maitri.pl\/wp-content\/uploads\/2023\/04\/DSCF1527.jpg","datePublished":"2023-04-13T13:13:55+00:00","dateModified":"2024-02-07T11:54:34+00:00","description":"Dobre narz\u0119dzia pracy - pomoc dla absolwent\u00f3w szk\u00f3\u0142 zawodowych w Buraniro w Burundi. O pomoc prosz\u0105 siostry Kanoniczki. Ka\u017cda z\u0142ot\u00f3wka pomaga!","breadcrumb":{"@id":"https:\/\/www.maitri.pl\/projekt\/dobre-narzedzia-burundi\/#breadcrumb"},"inLanguage":"fr-FR","potentialAction":[{"@type":"ReadAction","target":["https:\/\/www.maitri.pl\/projekt\/dobre-narzedzia-burundi\/"]}]},{"@type":"ImageObject","inLanguage":"fr-FR","@id":"https:\/\/www.maitri.pl\/projekt\/dobre-narzedzia-burundi\/#primaryimage","url":"https:\/\/www.maitri.pl\/wp-content\/uploads\/2023\/04\/DSCF1527.jpg","contentUrl":"https:\/\/www.maitri.pl\/wp-content\/uploads\/2023\/04\/DSCF1527.jpg","width":1469,"height":980,"caption":"Dobre narz\u0119dzia pracy - pomoc dla absolwent\u00f3w szk\u00f3\u0142 zawodowych w Buraniro w Burundi pomoc Afryce pomoc ubogim Adopcja Duchowa Maitri Adopcja Serca 01"},{"@type":"BreadcrumbList","@id":"https:\/\/www.maitri.pl\/projekt\/dobre-narzedzia-burundi\/#breadcrumb","itemListElement":[{"@type":"ListItem","position":1,"name":"Strona g\u0142\u00f3wna","item":"https:\/\/www.maitri.pl\/"},{"@type":"ListItem","position":2,"name":"Sklep","item":"https:\/\/www.maitri.pl\/sklep\/"},{"@type":"ListItem","position":3,"name":"Dobre narz\u0119dzia pracy &#8211; pomoc dla absolwent\u00f3w szk\u00f3\u0142 zawodowych w Buraniro"}]},{"@type":"WebSite","@id":"https:\/\/www.maitri.pl\/#website","url":"https:\/\/www.maitri.pl\/","name":"Adopcja Serca Maitri \u2013 pomoc dzieciom w Afryce","description":"Adopcja Serca \u2013 adopcja na odleg\u0142o\u015b\u0107, pomoc Afryce, do\u017cywianie i edukacja w Afryce","publisher":{"@id":"https:\/\/www.maitri.pl\/#organization"},"potentialAction":[{"@type":"SearchAction","target":{"@type":"EntryPoint","urlTemplate":"https:\/\/www.maitri.pl\/?s={search_term_string}"},"query-input":{"@type":"PropertyValueSpecification","valueRequired":true,"valueName":"search_term_string"}}],"inLanguage":"fr-FR"},{"@type":"Organization","@id":"https:\/\/www.maitri.pl\/#organization","name":"Stowarzyszenie Ruchu Maitri","url":"https:\/\/www.maitri.pl\/","logo":{"@type":"ImageObject","inLanguage":"fr-FR","@id":"https:\/\/www.maitri.pl\/#\/schema\/logo\/image\/","url":"https:\/\/www.maitri.pl\/wp-content\/uploads\/2020\/04\/duze_logo-81.png","contentUrl":"https:\/\/www.maitri.pl\/wp-content\/uploads\/2020\/04\/duze_logo-81.png","width":339,"height":321,"caption":"Stowarzyszenie Ruchu Maitri"},"image":{"@id":"https:\/\/www.maitri.pl\/#\/schema\/logo\/image\/"},"sameAs":["https:\/\/www.facebook.com\/MAITRI.Adopcja.Serca.dzieci.Afryki\/"]}]}},"_links":{"self":[{"href":"https:\/\/www.maitri.pl\/fr\/wp-json\/wp\/v2\/product\/26463","targetHints":{"allow":["GET"]}}],"collection":[{"href":"https:\/\/www.maitri.pl\/fr\/wp-json\/wp\/v2\/product"}],"about":[{"href":"https:\/\/www.maitri.pl\/fr\/wp-json\/wp\/v2\/types\/product"}],"wp:featuredmedia":[{"embeddable":true,"href":"https:\/\/www.maitri.pl\/fr\/wp-json\/wp\/v2\/media\/26466"}],"wp:attachment":[{"href":"https:\/\/www.maitri.pl\/fr\/wp-json\/wp\/v2\/media?parent=26463"}],"wp:term":[{"taxonomy":"product_brand","embeddable":true,"href":"https:\/\/www.maitri.pl\/fr\/wp-json\/wp\/v2\/product_brand?post=26463"},{"taxonomy":"product_cat","embeddable":true,"href":"https:\/\/www.maitri.pl\/fr\/wp-json\/wp\/v2\/product_cat?post=26463"},{"taxonomy":"product_tag","embeddable":true,"href":"https:\/\/www.maitri.pl\/fr\/wp-json\/wp\/v2\/product_tag?post=26463"}],"curies":[{"name":"wp","href":"https:\/\/api.w.org\/{rel}","templated":true}]}}