{"id":26341,"date":"2023-04-13T12:49:45","date_gmt":"2023-04-13T10:49:45","guid":{"rendered":"https:\/\/www.maitri.pl\/?post_type=product&#038;p=26341"},"modified":"2024-02-07T12:54:09","modified_gmt":"2024-02-07T11:54:09","slug":"pomoc-w-dozywianiu-doume","status":"publish","type":"product","link":"https:\/\/www.maitri.pl\/fr\/projekt\/pomoc-w-dozywianiu-doume\/","title":{"rendered":"Pomoc w do\u017cywianiu 475 dzieci ze szko\u0142y podstawowej w Doume"},"content":{"rendered":"<h4>Niedo\u017cywione sieroty<\/h4>\n<p>Prosimy o pomoc w do\u017cywianiu 475 dzieci ze szko\u0142y podstawowej w Doume. Obecnie mamy 12 klas po 40-50 dzieci ka\u017cda. Zdecydowana wi\u0119kszo\u015b\u0107 dzieci pochodzi z biednych rodzin. Spora cz\u0119\u015b\u0107 jest sierotami lub p\u00f3\u0142sierotami. Mieszkaj\u0105 ze swoimi babciami, ciociami, wujkami. Zdarza si\u0119 te\u017c, \u017ce \u017cyj\u0105 u zupe\u0142nie obcych ludzi, poniewa\u017c nie maj\u0105 nikogo bliskiego. Ich opiekunowie pracuj\u0105 ci\u0119\u017cko na polu, \u017ceby przynie\u015b\u0107 co\u015b do jedzenia, ale cz\u0119sto tej \u017cywno\u015bci jest za ma\u0142o. Dlatego dzieci cz\u0119sto przychodz\u0105 do szko\u0142y g\u0142odne. Na lekcjach trudno im si\u0119 skupi\u0107, boli je z g\u0142odu brzuch albo g\u0142owa. W naszym tropikalnym klimacie niedo\u017cywienie wi\u0105\u017ce si\u0119 z brakiem odporno\u015bci i dzieci \u0142atwo zapadaj\u0105 na malari\u0119 lub inne choroby tropikalne. Aby zmniejszy\u0107 problem niedo\u017cywienia i chor\u00f3b w\u015br\u00f3d dzieci chcia\u0142abym kontynuowa\u0107 do\u017cywianie w szkole. Dzieci otrzymuj\u0105 ciep\u0142y posi\u0142ek 2 razy w tygodniu. Dodatkowo 1 raz w tygodniu podawana jest kasza manna z kukurydzy i chleb z mas\u0142em albo z czekolad\u0105.<\/p>\n<h4>Dzieci wynosz\u0105 ry\u017c dla rodze\u0144stwa<\/h4>\n<p>Problem niedo\u017cywiania dzieci jest wci\u0105\u017c aktualny we wschodniej cz\u0119\u015bci Kamerunu. Pog\u0142\u0119biaj\u0105cy si\u0119 kryzys ekonomiczny na \u015bwiecie dotyka te\u017c nasz region. Trudna sytuacja, wysokie ceny \u017cywno\u015bci i brak pracy najbardziej doskwiera tym najbiedniejszym. Gdy jest susza brakuje jedzenia, bo ziemia jest za sucha i nie daje du\u017co \u017cywno\u015bci. Gdy jest deszcz, to okres zasiew\u00f3w dopiero nadchodzi, wi\u0119c nie ma jeszcze jedzenia na polach. Pomoc w do\u017cywianiu dzieci przez <a href=\"https:\/\/www.maitri.pl\/projekt\/fundusz-dozywianie-glodujacych-dzieci-2\/\" target=\"_blank\" rel=\"noopener\">darczy\u0144c\u00f3w Maitri<\/a> to tak naprawd\u0119 ogromne wsparcie dla ca\u0142ych rodzin. Dokarmiamy nie tylko uczni\u00f3w szko\u0142y, ale i ich siostry i braci. Zdarza si\u0119, \u017ce dzieci wynosz\u0105 w kieszeniach ry\u017c dla swojego m\u0142odszego rodze\u0144stwa, kt\u00f3re zosta\u0142o w domu.<\/p>\n<h4>Podaruj im u\u015bmiech!<\/h4>\n<p>Zauwa\u017cy\u0142am, \u017ce dzieci po posi\u0142kach s\u0105 bardziej o\u017cywione i maj\u0105 wi\u0119cej energii, s\u0105 u\u015bmiechni\u0119te. Podczas przerw bawi\u0105 si\u0119 i wymy\u015blaj\u0105 r\u00f3\u017cne gry. Niekt\u00f3re dzieci przychodz\u0105 do szko\u0142y w\u0142a\u015bnie dlatego, \u017ce mog\u0105 tu dosta\u0107 co\u015b do zjedzenia. Pomoc w do\u017cywianiu dzieci to jedna z form wspierania ich edukacji. Dzi\u0119ki akcji dokarmiania ubogich maluch\u00f3w mo\u017cemy zach\u0119ca\u0107 ich do kszta\u0142cenia. Zar\u00f3wno dzieci, jak i rodzice s\u0105 bardzo wdzi\u0119czne za ten dar. Zwracam si\u0119 do Was z gor\u0105c\u0105 pro\u015bb\u0105 o kontynuowanie akcji do\u017cywiania. Z g\u00f3ry dzi\u0119kuj\u0119 za przychylno\u015b\u0107 i dobro\u0107 serca, niech Pan B\u00f3g Wam za wszystko wynagrodzi.<\/p>\n<h4><strong>Kosztorys:<\/strong><\/h4>\n<table>\n<tbody>\n<tr>\n<td width=\"36\"><strong>LP<\/strong><\/td>\n<td width=\"162\"><strong>OPIS<\/strong><\/td>\n<td width=\"105\"><strong>ilo\u015b\u0107<\/strong><\/td>\n<td width=\"165\"><strong>Cena <\/strong><strong>w miejscowej walucie<\/strong><\/td>\n<td width=\"175\"><strong>Kwota <\/strong><strong>w miejscowej walucie<\/strong><\/td>\n<\/tr>\n<tr>\n<td width=\"36\">1<\/td>\n<td width=\"162\">Ry\u017c 50 kg<\/td>\n<td width=\"105\">28 work\u00f3w<\/td>\n<td width=\"165\">23 000<\/td>\n<td width=\"175\">644 000<\/td>\n<\/tr>\n<tr>\n<td width=\"36\">2<\/td>\n<td width=\"162\">Olej<\/td>\n<td width=\"105\">180 l<\/td>\n<td width=\"165\">1 750<\/td>\n<td width=\"175\">315 000<\/td>\n<\/tr>\n<tr>\n<td width=\"36\">3<\/td>\n<td width=\"162\">Sardynki 50 puszek<\/td>\n<td width=\"105\">12 karton\u00f3w<\/td>\n<td width=\"165\">22 500<\/td>\n<td width=\"175\">270 000<\/td>\n<\/tr>\n<tr>\n<td width=\"36\">4<\/td>\n<td width=\"162\">Cukier 50 kg<\/td>\n<td width=\"105\">6 work\u00f3w<\/td>\n<td width=\"165\">36 000<\/td>\n<td width=\"175\">216 000<\/td>\n<\/tr>\n<tr>\n<td width=\"36\">5<\/td>\n<td width=\"162\">Kukurydza 100 kg<\/td>\n<td width=\"105\">4 worki<\/td>\n<td width=\"165\">30 000<\/td>\n<td width=\"175\">120 000<\/td>\n<\/tr>\n<tr>\n<td width=\"36\">6<\/td>\n<td width=\"162\">Orzeszki ziemne 50 kg<\/td>\n<td width=\"105\">12 work\u00f3w<\/td>\n<td width=\"165\">30 000<\/td>\n<td width=\"175\">360 000<\/td>\n<\/tr>\n<tr>\n<td width=\"36\">7<\/td>\n<td width=\"162\">Sos pomidorowy<\/td>\n<td width=\"105\">7 karton\u00f3w<\/td>\n<td width=\"165\">13 500<\/td>\n<td width=\"175\">94 500<\/td>\n<\/tr>\n<tr>\n<td width=\"36\">8<\/td>\n<td width=\"162\">S\u00f3l<\/td>\n<td width=\"105\">2 worek<\/td>\n<td width=\"165\">3 500<\/td>\n<td width=\"175\">7 000<\/td>\n<\/tr>\n<tr>\n<td width=\"36\">9<\/td>\n<td width=\"162\">Zapa\u0142ki 10 paczek<\/td>\n<td width=\"105\">4 opakowania<\/td>\n<td width=\"165\">200<\/td>\n<td width=\"175\">800<\/td>\n<\/tr>\n<tr>\n<td width=\"36\">10<\/td>\n<td width=\"162\">Przyprawy (maggi ttp)<\/td>\n<td width=\"105\">20 paczek<\/td>\n<td width=\"165\">1 000<\/td>\n<td width=\"175\">20 000<\/td>\n<\/tr>\n<tr>\n<td width=\"36\"><strong>\u00a0<\/strong><\/td>\n<td width=\"162\"><strong>RAZEM<\/strong><\/td>\n<td width=\"105\"><strong>\u00a0<\/strong><\/td>\n<td width=\"165\"><strong>\u00a0<\/strong><\/td>\n<td width=\"175\"><strong>2 047 300 frank\u00f3w CFA<\/strong><\/td>\n<\/tr>\n<\/tbody>\n<\/table>\n<p><em>Siostra Agnieszka D\u0105browska SAC, <a href=\"http:\/\/www.u-pallotynek.pl\/\" target=\"_blank\" rel=\"noopener\">Zgromadzenie Si\u00f3str Misjonarek Apostolstwa Katolickiego<\/a><\/em><\/p>\n<p><b style=\"font-size: large; color: #ff0000;\">Kwota: 3470 \u20ac <\/b><\/p>\n<p style=\"text-align: justify;\"><strong>Podsumowanie w miejscowej walucie &#8211; 2 047 300 frank\u00f3w CFA<\/strong><\/p>\n<p style=\"text-align: justify;\" align=\"JUSTIFY\"><span style=\"color: #808080;\">Stowarzyszenie Ruchu\u00a0<em>Maitri<\/em> przeznacza do 10% otrzymanych \u015brodk\u00f3w na koszty funkcjonowania biura i pozyskiwanie funduszy pomocowych. <\/span><\/p>\n<h3 style=\"text-align: justify;\" align=\"JUSTIFY\"><span style=\"color: #808080;\">Pomoc w do\u017cywianiu 475 dzieci ze szko\u0142y podstawowej w Doume w Kamerunie<\/span><\/h3>\n","protected":false},"excerpt":{"rendered":"<p><strong>Projekt:<\/strong> Siostra Agnieszka D\u0105browska, <a href=\"http:\/\/www.u-pallotynek.pl\/\" target=\"_blank\" rel=\"noopener\">Zgromadzenie Si\u00f3str Misjonarek Apostolstwa Katolickiego<\/a><br \/>\n<strong>Misja:<\/strong> Doume, <a href=\"https:\/\/www.maitri.pl\/gdzie-pomagamy\/\" target=\"_blank\" rel=\"noopener noreferrer\">Kamerun<\/a><br \/>\n<strong>Zbierana kwota:<\/strong> <span style=\"color: #ff0000;\"><strong>3470 \u20ac<\/strong><\/span><\/p>\n","protected":false},"featured_media":26429,"template":"","meta":[],"product_brand":[],"product_cat":[656],"product_tag":[676,658,969,688,689],"class_list":{"0":"post-26341","1":"product","2":"type-product","3":"status-publish","4":"has-post-thumbnail","6":"product_cat-bez-kategorii","7":"product_tag-dozywianie","8":"product_tag-kamerun","9":"product_tag-siostra-agnieszka-dabrowska","10":"product_tag-siostry-pallotynki","11":"product_tag-zgromadzenie-siostr-misjonarek-apostolstwa-katolickiego","13":"first","14":"instock","15":"virtual","16":"purchasable","17":"product-type-simple"},"yoast_head":"<!-- This site is optimized with the Yoast SEO plugin v27.2 - https:\/\/yoast.com\/product\/yoast-seo-wordpress\/ -->\n<title>Pomoc w do\u017cywianiu 475 dzieci ze szko\u0142y podstawowej w Doume<\/title>\n<meta name=\"description\" content=\"Pomoc w do\u017cywianiu dzieci ze szko\u0142y podstawowej w Doume. O pomoc prosz\u0105 Siostry Pallotynki. Akcja obejmie a\u017c 475 dzieci przez ca\u0142y rok.\" \/>\n<meta name=\"robots\" content=\"index, follow, max-snippet:-1, max-image-preview:large, max-video-preview:-1\" \/>\n<link rel=\"canonical\" href=\"https:\/\/www.maitri.pl\/projekt\/pomoc-w-dozywianiu-doume\/\" \/>\n<meta property=\"og:locale\" content=\"fr_FR\" \/>\n<meta property=\"og:type\" content=\"article\" \/>\n<meta property=\"og:title\" content=\"Pomoc w do\u017cywianiu 475 dzieci ze szko\u0142y podstawowej w Doume\" \/>\n<meta property=\"og:description\" content=\"Pomoc w do\u017cywianiu dzieci ze szko\u0142y podstawowej w Doume. O pomoc prosz\u0105 Siostry Pallotynki. Akcja obejmie a\u017c 475 dzieci przez ca\u0142y rok.\" \/>\n<meta property=\"og:url\" content=\"https:\/\/www.maitri.pl\/projekt\/pomoc-w-dozywianiu-doume\/\" \/>\n<meta property=\"og:site_name\" content=\"Ruch Maitri - Adopcja Serca pomoc Afryce\" \/>\n<meta property=\"article:publisher\" content=\"https:\/\/www.facebook.com\/MAITRI.Adopcja.Serca.dzieci.Afryki\/\" \/>\n<meta property=\"article:modified_time\" content=\"2024-02-07T11:54:09+00:00\" \/>\n<meta property=\"og:image\" content=\"https:\/\/www.maitri.pl\/wp-content\/uploads\/2023\/04\/IMG-20211214-WA0000-1.jpg\" \/>\n\t<meta property=\"og:image:width\" content=\"1280\" \/>\n\t<meta property=\"og:image:height\" content=\"960\" \/>\n\t<meta property=\"og:image:type\" content=\"image\/jpeg\" \/>\n<meta name=\"twitter:card\" content=\"summary_large_image\" \/>\n<meta name=\"twitter:label1\" content=\"Dur\u00e9e de lecture estim\u00e9e\" \/>\n\t<meta name=\"twitter:data1\" content=\"4 minutes\" \/>\n<script type=\"application\/ld+json\" class=\"yoast-schema-graph\">{\"@context\":\"https:\/\/schema.org\",\"@graph\":[{\"@type\":\"WebPage\",\"@id\":\"https:\/\/www.maitri.pl\/projekt\/pomoc-w-dozywianiu-doume\/\",\"url\":\"https:\/\/www.maitri.pl\/projekt\/pomoc-w-dozywianiu-doume\/\",\"name\":\"Pomoc w do\u017cywianiu 475 dzieci ze szko\u0142y podstawowej w Doume\",\"isPartOf\":{\"@id\":\"https:\/\/www.maitri.pl\/#website\"},\"primaryImageOfPage\":{\"@id\":\"https:\/\/www.maitri.pl\/projekt\/pomoc-w-dozywianiu-doume\/#primaryimage\"},\"image\":{\"@id\":\"https:\/\/www.maitri.pl\/projekt\/pomoc-w-dozywianiu-doume\/#primaryimage\"},\"thumbnailUrl\":\"https:\/\/www.maitri.pl\/wp-content\/uploads\/2023\/04\/IMG-20211214-WA0000-1.jpg\",\"datePublished\":\"2023-04-13T10:49:45+00:00\",\"dateModified\":\"2024-02-07T11:54:09+00:00\",\"description\":\"Pomoc w do\u017cywianiu dzieci ze szko\u0142y podstawowej w Doume. O pomoc prosz\u0105 Siostry Pallotynki. Akcja obejmie a\u017c 475 dzieci przez ca\u0142y rok.\",\"breadcrumb\":{\"@id\":\"https:\/\/www.maitri.pl\/projekt\/pomoc-w-dozywianiu-doume\/#breadcrumb\"},\"inLanguage\":\"fr-FR\",\"potentialAction\":[{\"@type\":\"ReadAction\",\"target\":[\"https:\/\/www.maitri.pl\/projekt\/pomoc-w-dozywianiu-doume\/\"]}]},{\"@type\":\"ImageObject\",\"inLanguage\":\"fr-FR\",\"@id\":\"https:\/\/www.maitri.pl\/projekt\/pomoc-w-dozywianiu-doume\/#primaryimage\",\"url\":\"https:\/\/www.maitri.pl\/wp-content\/uploads\/2023\/04\/IMG-20211214-WA0000-1.jpg\",\"contentUrl\":\"https:\/\/www.maitri.pl\/wp-content\/uploads\/2023\/04\/IMG-20211214-WA0000-1.jpg\",\"width\":1280,\"height\":960,\"caption\":\"Pomoc w do\u017cywianiu 475 dzieci ze szko\u0142y podstawowej w Doume w Kamerunie pomoc Afryce pomoc ubogim Maitri Adopcja Serca Adopcja duchowa 01\"},{\"@type\":\"BreadcrumbList\",\"@id\":\"https:\/\/www.maitri.pl\/projekt\/pomoc-w-dozywianiu-doume\/#breadcrumb\",\"itemListElement\":[{\"@type\":\"ListItem\",\"position\":1,\"name\":\"Strona g\u0142\u00f3wna\",\"item\":\"https:\/\/www.maitri.pl\/\"},{\"@type\":\"ListItem\",\"position\":2,\"name\":\"Sklep\",\"item\":\"https:\/\/www.maitri.pl\/sklep\/\"},{\"@type\":\"ListItem\",\"position\":3,\"name\":\"Pomoc w do\u017cywianiu 475 dzieci ze szko\u0142y podstawowej w Doume\"}]},{\"@type\":\"WebSite\",\"@id\":\"https:\/\/www.maitri.pl\/#website\",\"url\":\"https:\/\/www.maitri.pl\/\",\"name\":\"Adopcja Serca Maitri \u2013 pomoc dzieciom w Afryce\",\"description\":\"Adopcja Serca \u2013 adopcja na odleg\u0142o\u015b\u0107, pomoc Afryce, do\u017cywianie i edukacja w Afryce\",\"publisher\":{\"@id\":\"https:\/\/www.maitri.pl\/#organization\"},\"potentialAction\":[{\"@type\":\"SearchAction\",\"target\":{\"@type\":\"EntryPoint\",\"urlTemplate\":\"https:\/\/www.maitri.pl\/?s={search_term_string}\"},\"query-input\":{\"@type\":\"PropertyValueSpecification\",\"valueRequired\":true,\"valueName\":\"search_term_string\"}}],\"inLanguage\":\"fr-FR\"},{\"@type\":\"Organization\",\"@id\":\"https:\/\/www.maitri.pl\/#organization\",\"name\":\"Stowarzyszenie Ruchu Maitri\",\"url\":\"https:\/\/www.maitri.pl\/\",\"logo\":{\"@type\":\"ImageObject\",\"inLanguage\":\"fr-FR\",\"@id\":\"https:\/\/www.maitri.pl\/#\/schema\/logo\/image\/\",\"url\":\"https:\/\/www.maitri.pl\/wp-content\/uploads\/2020\/04\/duze_logo-81.png\",\"contentUrl\":\"https:\/\/www.maitri.pl\/wp-content\/uploads\/2020\/04\/duze_logo-81.png\",\"width\":339,\"height\":321,\"caption\":\"Stowarzyszenie Ruchu Maitri\"},\"image\":{\"@id\":\"https:\/\/www.maitri.pl\/#\/schema\/logo\/image\/\"},\"sameAs\":[\"https:\/\/www.facebook.com\/MAITRI.Adopcja.Serca.dzieci.Afryki\/\"]}]}<\/script>\n<!-- \/ Yoast SEO plugin. -->","yoast_head_json":{"title":"Pomoc w do\u017cywianiu 475 dzieci ze szko\u0142y podstawowej w Doume","description":"Pomoc w do\u017cywianiu dzieci ze szko\u0142y podstawowej w Doume. O pomoc prosz\u0105 Siostry Pallotynki. Akcja obejmie a\u017c 475 dzieci przez ca\u0142y rok.","robots":{"index":"index","follow":"follow","max-snippet":"max-snippet:-1","max-image-preview":"max-image-preview:large","max-video-preview":"max-video-preview:-1"},"canonical":"https:\/\/www.maitri.pl\/projekt\/pomoc-w-dozywianiu-doume\/","og_locale":"fr_FR","og_type":"article","og_title":"Pomoc w do\u017cywianiu 475 dzieci ze szko\u0142y podstawowej w Doume","og_description":"Pomoc w do\u017cywianiu dzieci ze szko\u0142y podstawowej w Doume. O pomoc prosz\u0105 Siostry Pallotynki. Akcja obejmie a\u017c 475 dzieci przez ca\u0142y rok.","og_url":"https:\/\/www.maitri.pl\/projekt\/pomoc-w-dozywianiu-doume\/","og_site_name":"Ruch Maitri - Adopcja Serca pomoc Afryce","article_publisher":"https:\/\/www.facebook.com\/MAITRI.Adopcja.Serca.dzieci.Afryki\/","article_modified_time":"2024-02-07T11:54:09+00:00","og_image":[{"width":1280,"height":960,"url":"https:\/\/www.maitri.pl\/wp-content\/uploads\/2023\/04\/IMG-20211214-WA0000-1.jpg","type":"image\/jpeg"}],"twitter_card":"summary_large_image","twitter_misc":{"Dur\u00e9e de lecture estim\u00e9e":"4 minutes"},"schema":{"@context":"https:\/\/schema.org","@graph":[{"@type":"WebPage","@id":"https:\/\/www.maitri.pl\/projekt\/pomoc-w-dozywianiu-doume\/","url":"https:\/\/www.maitri.pl\/projekt\/pomoc-w-dozywianiu-doume\/","name":"Pomoc w do\u017cywianiu 475 dzieci ze szko\u0142y podstawowej w Doume","isPartOf":{"@id":"https:\/\/www.maitri.pl\/#website"},"primaryImageOfPage":{"@id":"https:\/\/www.maitri.pl\/projekt\/pomoc-w-dozywianiu-doume\/#primaryimage"},"image":{"@id":"https:\/\/www.maitri.pl\/projekt\/pomoc-w-dozywianiu-doume\/#primaryimage"},"thumbnailUrl":"https:\/\/www.maitri.pl\/wp-content\/uploads\/2023\/04\/IMG-20211214-WA0000-1.jpg","datePublished":"2023-04-13T10:49:45+00:00","dateModified":"2024-02-07T11:54:09+00:00","description":"Pomoc w do\u017cywianiu dzieci ze szko\u0142y podstawowej w Doume. O pomoc prosz\u0105 Siostry Pallotynki. Akcja obejmie a\u017c 475 dzieci przez ca\u0142y rok.","breadcrumb":{"@id":"https:\/\/www.maitri.pl\/projekt\/pomoc-w-dozywianiu-doume\/#breadcrumb"},"inLanguage":"fr-FR","potentialAction":[{"@type":"ReadAction","target":["https:\/\/www.maitri.pl\/projekt\/pomoc-w-dozywianiu-doume\/"]}]},{"@type":"ImageObject","inLanguage":"fr-FR","@id":"https:\/\/www.maitri.pl\/projekt\/pomoc-w-dozywianiu-doume\/#primaryimage","url":"https:\/\/www.maitri.pl\/wp-content\/uploads\/2023\/04\/IMG-20211214-WA0000-1.jpg","contentUrl":"https:\/\/www.maitri.pl\/wp-content\/uploads\/2023\/04\/IMG-20211214-WA0000-1.jpg","width":1280,"height":960,"caption":"Pomoc w do\u017cywianiu 475 dzieci ze szko\u0142y podstawowej w Doume w Kamerunie pomoc Afryce pomoc ubogim Maitri Adopcja Serca Adopcja duchowa 01"},{"@type":"BreadcrumbList","@id":"https:\/\/www.maitri.pl\/projekt\/pomoc-w-dozywianiu-doume\/#breadcrumb","itemListElement":[{"@type":"ListItem","position":1,"name":"Strona g\u0142\u00f3wna","item":"https:\/\/www.maitri.pl\/"},{"@type":"ListItem","position":2,"name":"Sklep","item":"https:\/\/www.maitri.pl\/sklep\/"},{"@type":"ListItem","position":3,"name":"Pomoc w do\u017cywianiu 475 dzieci ze szko\u0142y podstawowej w Doume"}]},{"@type":"WebSite","@id":"https:\/\/www.maitri.pl\/#website","url":"https:\/\/www.maitri.pl\/","name":"Adopcja Serca Maitri \u2013 pomoc dzieciom w Afryce","description":"Adopcja Serca \u2013 adopcja na odleg\u0142o\u015b\u0107, pomoc Afryce, do\u017cywianie i edukacja w Afryce","publisher":{"@id":"https:\/\/www.maitri.pl\/#organization"},"potentialAction":[{"@type":"SearchAction","target":{"@type":"EntryPoint","urlTemplate":"https:\/\/www.maitri.pl\/?s={search_term_string}"},"query-input":{"@type":"PropertyValueSpecification","valueRequired":true,"valueName":"search_term_string"}}],"inLanguage":"fr-FR"},{"@type":"Organization","@id":"https:\/\/www.maitri.pl\/#organization","name":"Stowarzyszenie Ruchu Maitri","url":"https:\/\/www.maitri.pl\/","logo":{"@type":"ImageObject","inLanguage":"fr-FR","@id":"https:\/\/www.maitri.pl\/#\/schema\/logo\/image\/","url":"https:\/\/www.maitri.pl\/wp-content\/uploads\/2020\/04\/duze_logo-81.png","contentUrl":"https:\/\/www.maitri.pl\/wp-content\/uploads\/2020\/04\/duze_logo-81.png","width":339,"height":321,"caption":"Stowarzyszenie Ruchu Maitri"},"image":{"@id":"https:\/\/www.maitri.pl\/#\/schema\/logo\/image\/"},"sameAs":["https:\/\/www.facebook.com\/MAITRI.Adopcja.Serca.dzieci.Afryki\/"]}]}},"_links":{"self":[{"href":"https:\/\/www.maitri.pl\/fr\/wp-json\/wp\/v2\/product\/26341","targetHints":{"allow":["GET"]}}],"collection":[{"href":"https:\/\/www.maitri.pl\/fr\/wp-json\/wp\/v2\/product"}],"about":[{"href":"https:\/\/www.maitri.pl\/fr\/wp-json\/wp\/v2\/types\/product"}],"wp:featuredmedia":[{"embeddable":true,"href":"https:\/\/www.maitri.pl\/fr\/wp-json\/wp\/v2\/media\/26429"}],"wp:attachment":[{"href":"https:\/\/www.maitri.pl\/fr\/wp-json\/wp\/v2\/media?parent=26341"}],"wp:term":[{"taxonomy":"product_brand","embeddable":true,"href":"https:\/\/www.maitri.pl\/fr\/wp-json\/wp\/v2\/product_brand?post=26341"},{"taxonomy":"product_cat","embeddable":true,"href":"https:\/\/www.maitri.pl\/fr\/wp-json\/wp\/v2\/product_cat?post=26341"},{"taxonomy":"product_tag","embeddable":true,"href":"https:\/\/www.maitri.pl\/fr\/wp-json\/wp\/v2\/product_tag?post=26341"}],"curies":[{"name":"wp","href":"https:\/\/api.w.org\/{rel}","templated":true}]}}