{"id":26340,"date":"2023-04-13T13:15:47","date_gmt":"2023-04-13T11:15:47","guid":{"rendered":"https:\/\/www.maitri.pl\/?post_type=product&#038;p=26340"},"modified":"2024-02-07T12:54:17","modified_gmt":"2024-02-07T11:54:17","slug":"cieple-posilki-nepal","status":"publish","type":"product","link":"https:\/\/www.maitri.pl\/fr\/projekt\/cieple-posilki-nepal\/","title":{"rendered":"Ciep\u0142e posi\u0142ki dla 103 dzieci z osady Shaktikhor w Nepalu"},"content":{"rendered":"<h4>Codzienny obiad to ich marzenie<\/h4>\n<p>Podaruj ciep\u0142e posi\u0142ki dla ponad setki dzieci z Shaktikhor w Nepalu! To ekstremalnie odizolowana od \u015bwiata osada w g\u00f3rach. Dzia\u0142a tam szko\u0142a, w kt\u00f3rej obecnie uczy si\u0119 103 maluch\u00f3w w wieku od przedszkolnego do kilku lat. Dzieci pochodz\u0105 z najni\u017cszej kasty. Cierpi\u0105 g\u0142\u00f3d. Cz\u0119sto nie jedz\u0105 \u017cadnego ciep\u0142ego posi\u0142ku przez ca\u0142y dzie\u0144. Wiele z nich nigdy w \u017cyciu nie mia\u0142o w\u0142asnych but\u00f3w czy ciep\u0142ego ubrania. Pomoc jest niezb\u0119dna i to ju\u017c teraz. Trzeba ratowa\u0107 ludzkie malutkie \u017cycia!<\/p>\n<h4>Ratujemy je przed g\u0142odem<\/h4>\n<p>Nasza pomoc dotar\u0142a do Shaktikhor w zesz\u0142ym roku. Od tamtej pory jeste\u015bmy tam stale obecni i codziennie wydajemy ciep\u0142e posi\u0142ki. Rezultat jest taki, \u017ce trudno nie p\u0142aka\u0107, gdy widzi si\u0119, jak nasz\u0105 pomoc przyjmuj\u0105 dzieci. Jedz\u0105 talerz ry\u017cu za talerzem, praktycznie ca\u0142y czas, p\u00f3ki jest ry\u017c w kocio\u0142ku. Przychodz\u0105 z dom\u00f3w bardzo g\u0142odne i chc\u0105 naje\u015b\u0107 si\u0119 \u00ab\u00a0na zapas\u00a0\u00bb. Ich wdzi\u0119czno\u015b\u0107 jest bez granic. 103 dzieci potrzebuje kontynuacji pomocy \u017cywieniowej. Niestety g\u0142\u00f3d cierpi\u0105 r\u00f3wnie\u017c doro\u015bli. To straszny widok. Nigdy nie widzieli\u015bmy ludzi w takim stanie. Teraz dzieci s\u0105 spokojniejsze, przetrwa\u0142y zim\u0119, ale pomoc nadal jest potrzebna, by ratowa\u0107 ich \u017cycia przed niedo\u017cywieniem i chorobami.<\/p>\n<h4>Bez jedzenia kar\u0142owaciej\u0105<\/h4>\n<p>W Shaktkihor kuchnia ju\u017c jest i z powodzeniem funkcjonuje, cho\u0107 wymaga ma\u0142ego dofinansowania na garnki i naczynia. Wszystkie tamtejsze dzieci to maluchy. Bardzo nam zale\u017cy, \u017ceby kontynuowa\u0107 akcj\u0119 i wydawa\u0107 ciep\u0142e posi\u0142ki.\u00a0Dzieci s\u0105 ospa\u0142e i ot\u0119pia\u0142e. Niekt\u00f3re z braku jedzenie w og\u00f3le nie rosn\u0105 niekt\u00f3re, kar\u0142owaciej\u0105. To wielka tragedia, a sytuacja si\u0119 sama nie zmieni w domu nie ma jedzenia. Dzieci mog\u0105 przetrwa\u0107 ten kryzys jedynie dzi\u0119ki do\u017cywianiu finansowanemu przez <a href=\"https:\/\/www.maitri.pl\/projekt\/fundusz-dozywianie-glodujacych-dzieci-2\/\" target=\"_blank\" rel=\"noopener\">darczy\u0144c\u00f3w Maitri<\/a>. Prosimy, nie odrzucajcie naszej pro\u015bby!<\/p>\n<p><em>Aleksandra<\/em><em>\u00a0Kurnicka, <a href=\"https:\/\/www.facebook.com\/karunikatuitioncenterNEPAL\" target=\"_blank\" rel=\"noopener\">Karunika Foundation<\/a>, <\/em>Kathmandu, <a href=\"https:\/\/www.maitri.pl\/gdzie-pomagamy\/\" target=\"_blank\" rel=\"noopener\">Nepal<\/a><\/p>\n<p><strong>Kosztorys:<\/strong><\/p>\n<p>ciep\u0142y pe\u0142nowarto\u015bciowy posi\u0142ek (ry\u017c, soczewica, warzywa) to koszt:<\/p>\n<p><strong>\u00a035 NPR (waluta miejscowa) x 103 dzieci x 343 dni = 1 236 515 NPR<\/strong><\/p>\n<p><span style=\"color: #ff0000;\"><span style=\"font-size: large;\"><b>Wnioskowana kwota: 9680 \u20ac<\/b><\/span><\/span><\/p>\n<p><strong>Numer projektu<\/strong> <strong><span style=\"color: #ff0000;\">40\/KARTC<\/span><\/strong><\/p>\n<p><span style=\"color: #999999;\">Stowarzyszenie Ruchu\u00a0<em>Maitri<\/em>\u00a0przeznacza do 10% otrzymanych \u015brodk\u00f3w na koszty funkcjonowania biura i pozyskiwanie funduszy pomocowych.<\/span><\/p>\n<h3><strong><span style=\"color: #999999;\">Ciep\u0142e posi\u0142ki dla 103 dzieci z osady Shaktikhor w Nepalu<\/span><\/strong><\/h3>\n","protected":false},"excerpt":{"rendered":"<p><strong>Projekt: <\/strong><em>Aleksandra<\/em><em>\u00a0Kurnicka, <a href=\"https:\/\/www.facebook.com\/karunikatuitioncenterNEPAL\" target=\"_blank\" rel=\"noopener\">Karunika Foundation<\/a><\/em><br \/>\n<strong>Miejsce:<\/strong> Kathmandu, <a href=\"https:\/\/www.maitri.pl\/gdzie-pomagamy\/\" target=\"_blank\" rel=\"noopener\">Nepal<\/a><br \/>\n<strong>Kwota projektu: <span style=\"color: #ff0000;\">9680\u20ac<\/span><\/strong><\/p>\n","protected":false},"featured_media":26435,"template":"","meta":[],"product_brand":[],"product_cat":[656],"product_tag":[670,676,928,672],"class_list":{"0":"post-26340","1":"product","2":"type-product","3":"status-publish","4":"has-post-thumbnail","6":"product_cat-bez-kategorii","7":"product_tag-aleksandra-kurnicka","8":"product_tag-dozywianie","9":"product_tag-karunika-foundation","10":"product_tag-nepal","12":"first","13":"instock","14":"virtual","15":"purchasable","16":"product-type-simple"},"yoast_head":"<!-- This site is optimized with the Yoast SEO plugin v27.2 - https:\/\/yoast.com\/product\/yoast-seo-wordpress\/ -->\n<title>Ciep\u0142e posi\u0142ki dla 103 dzieci z osady Shaktikhor w Nepalu<\/title>\n<meta name=\"description\" content=\"Ciep\u0142e posi\u0142ki dla 103 dzieci z osady Shaktikhor w Nepalu. O pomoc prosi Aleksandra Kurnicka z Karunika Foundation. Akcja do\u017cywiania dla najbiedniejszych.\" \/>\n<meta name=\"robots\" content=\"index, follow, max-snippet:-1, max-image-preview:large, max-video-preview:-1\" \/>\n<link rel=\"canonical\" href=\"https:\/\/www.maitri.pl\/projekt\/cieple-posilki-nepal\/\" \/>\n<meta property=\"og:locale\" content=\"fr_FR\" \/>\n<meta property=\"og:type\" content=\"article\" \/>\n<meta property=\"og:title\" content=\"Ciep\u0142e posi\u0142ki dla 103 dzieci z osady Shaktikhor w Nepalu\" \/>\n<meta property=\"og:description\" content=\"Ciep\u0142e posi\u0142ki dla 103 dzieci z osady Shaktikhor w Nepalu. O pomoc prosi Aleksandra Kurnicka z Karunika Foundation. Akcja do\u017cywiania dla najbiedniejszych.\" \/>\n<meta property=\"og:url\" content=\"https:\/\/www.maitri.pl\/projekt\/cieple-posilki-nepal\/\" \/>\n<meta property=\"og:site_name\" content=\"Ruch Maitri - Adopcja Serca pomoc Afryce\" \/>\n<meta property=\"article:publisher\" content=\"https:\/\/www.facebook.com\/MAITRI.Adopcja.Serca.dzieci.Afryki\/\" \/>\n<meta property=\"article:modified_time\" content=\"2024-02-07T11:54:17+00:00\" \/>\n<meta property=\"og:image\" content=\"https:\/\/www.maitri.pl\/wp-content\/uploads\/2023\/04\/40-kartc-1.jpg\" \/>\n\t<meta property=\"og:image:width\" content=\"1242\" \/>\n\t<meta property=\"og:image:height\" content=\"931\" \/>\n\t<meta property=\"og:image:type\" content=\"image\/jpeg\" \/>\n<meta name=\"twitter:card\" content=\"summary_large_image\" \/>\n<meta name=\"twitter:label1\" content=\"Dur\u00e9e de lecture estim\u00e9e\" \/>\n\t<meta name=\"twitter:data1\" content=\"3 minutes\" \/>\n<script type=\"application\/ld+json\" class=\"yoast-schema-graph\">{\"@context\":\"https:\/\/schema.org\",\"@graph\":[{\"@type\":\"WebPage\",\"@id\":\"https:\/\/www.maitri.pl\/projekt\/cieple-posilki-nepal\/\",\"url\":\"https:\/\/www.maitri.pl\/projekt\/cieple-posilki-nepal\/\",\"name\":\"Ciep\u0142e posi\u0142ki dla 103 dzieci z osady Shaktikhor w Nepalu\",\"isPartOf\":{\"@id\":\"https:\/\/www.maitri.pl\/#website\"},\"primaryImageOfPage\":{\"@id\":\"https:\/\/www.maitri.pl\/projekt\/cieple-posilki-nepal\/#primaryimage\"},\"image\":{\"@id\":\"https:\/\/www.maitri.pl\/projekt\/cieple-posilki-nepal\/#primaryimage\"},\"thumbnailUrl\":\"https:\/\/www.maitri.pl\/wp-content\/uploads\/2023\/04\/40-kartc-1.jpg\",\"datePublished\":\"2023-04-13T11:15:47+00:00\",\"dateModified\":\"2024-02-07T11:54:17+00:00\",\"description\":\"Ciep\u0142e posi\u0142ki dla 103 dzieci z osady Shaktikhor w Nepalu. O pomoc prosi Aleksandra Kurnicka z Karunika Foundation. Akcja do\u017cywiania dla najbiedniejszych.\",\"breadcrumb\":{\"@id\":\"https:\/\/www.maitri.pl\/projekt\/cieple-posilki-nepal\/#breadcrumb\"},\"inLanguage\":\"fr-FR\",\"potentialAction\":[{\"@type\":\"ReadAction\",\"target\":[\"https:\/\/www.maitri.pl\/projekt\/cieple-posilki-nepal\/\"]}]},{\"@type\":\"ImageObject\",\"inLanguage\":\"fr-FR\",\"@id\":\"https:\/\/www.maitri.pl\/projekt\/cieple-posilki-nepal\/#primaryimage\",\"url\":\"https:\/\/www.maitri.pl\/wp-content\/uploads\/2023\/04\/40-kartc-1.jpg\",\"contentUrl\":\"https:\/\/www.maitri.pl\/wp-content\/uploads\/2023\/04\/40-kartc-1.jpg\",\"width\":1242,\"height\":931,\"caption\":\"Ciep\u0142e posi\u0142ki dla 103 dzieci z osady Shaktikhor w Nepalu Adopcja Duchowa Maitri Adopcja Serca pomoc ubogim dzieciom 01\"},{\"@type\":\"BreadcrumbList\",\"@id\":\"https:\/\/www.maitri.pl\/projekt\/cieple-posilki-nepal\/#breadcrumb\",\"itemListElement\":[{\"@type\":\"ListItem\",\"position\":1,\"name\":\"Strona g\u0142\u00f3wna\",\"item\":\"https:\/\/www.maitri.pl\/\"},{\"@type\":\"ListItem\",\"position\":2,\"name\":\"Sklep\",\"item\":\"https:\/\/www.maitri.pl\/sklep\/\"},{\"@type\":\"ListItem\",\"position\":3,\"name\":\"Ciep\u0142e posi\u0142ki dla 103 dzieci z osady Shaktikhor w Nepalu\"}]},{\"@type\":\"WebSite\",\"@id\":\"https:\/\/www.maitri.pl\/#website\",\"url\":\"https:\/\/www.maitri.pl\/\",\"name\":\"Adopcja Serca Maitri \u2013 pomoc dzieciom w Afryce\",\"description\":\"Adopcja Serca \u2013 adopcja na odleg\u0142o\u015b\u0107, pomoc Afryce, do\u017cywianie i edukacja w Afryce\",\"publisher\":{\"@id\":\"https:\/\/www.maitri.pl\/#organization\"},\"potentialAction\":[{\"@type\":\"SearchAction\",\"target\":{\"@type\":\"EntryPoint\",\"urlTemplate\":\"https:\/\/www.maitri.pl\/?s={search_term_string}\"},\"query-input\":{\"@type\":\"PropertyValueSpecification\",\"valueRequired\":true,\"valueName\":\"search_term_string\"}}],\"inLanguage\":\"fr-FR\"},{\"@type\":\"Organization\",\"@id\":\"https:\/\/www.maitri.pl\/#organization\",\"name\":\"Stowarzyszenie Ruchu Maitri\",\"url\":\"https:\/\/www.maitri.pl\/\",\"logo\":{\"@type\":\"ImageObject\",\"inLanguage\":\"fr-FR\",\"@id\":\"https:\/\/www.maitri.pl\/#\/schema\/logo\/image\/\",\"url\":\"https:\/\/www.maitri.pl\/wp-content\/uploads\/2020\/04\/duze_logo-81.png\",\"contentUrl\":\"https:\/\/www.maitri.pl\/wp-content\/uploads\/2020\/04\/duze_logo-81.png\",\"width\":339,\"height\":321,\"caption\":\"Stowarzyszenie Ruchu Maitri\"},\"image\":{\"@id\":\"https:\/\/www.maitri.pl\/#\/schema\/logo\/image\/\"},\"sameAs\":[\"https:\/\/www.facebook.com\/MAITRI.Adopcja.Serca.dzieci.Afryki\/\"]}]}<\/script>\n<!-- \/ Yoast SEO plugin. -->","yoast_head_json":{"title":"Ciep\u0142e posi\u0142ki dla 103 dzieci z osady Shaktikhor w Nepalu","description":"Ciep\u0142e posi\u0142ki dla 103 dzieci z osady Shaktikhor w Nepalu. O pomoc prosi Aleksandra Kurnicka z Karunika Foundation. Akcja do\u017cywiania dla najbiedniejszych.","robots":{"index":"index","follow":"follow","max-snippet":"max-snippet:-1","max-image-preview":"max-image-preview:large","max-video-preview":"max-video-preview:-1"},"canonical":"https:\/\/www.maitri.pl\/projekt\/cieple-posilki-nepal\/","og_locale":"fr_FR","og_type":"article","og_title":"Ciep\u0142e posi\u0142ki dla 103 dzieci z osady Shaktikhor w Nepalu","og_description":"Ciep\u0142e posi\u0142ki dla 103 dzieci z osady Shaktikhor w Nepalu. O pomoc prosi Aleksandra Kurnicka z Karunika Foundation. Akcja do\u017cywiania dla najbiedniejszych.","og_url":"https:\/\/www.maitri.pl\/projekt\/cieple-posilki-nepal\/","og_site_name":"Ruch Maitri - Adopcja Serca pomoc Afryce","article_publisher":"https:\/\/www.facebook.com\/MAITRI.Adopcja.Serca.dzieci.Afryki\/","article_modified_time":"2024-02-07T11:54:17+00:00","og_image":[{"width":1242,"height":931,"url":"https:\/\/www.maitri.pl\/wp-content\/uploads\/2023\/04\/40-kartc-1.jpg","type":"image\/jpeg"}],"twitter_card":"summary_large_image","twitter_misc":{"Dur\u00e9e de lecture estim\u00e9e":"3 minutes"},"schema":{"@context":"https:\/\/schema.org","@graph":[{"@type":"WebPage","@id":"https:\/\/www.maitri.pl\/projekt\/cieple-posilki-nepal\/","url":"https:\/\/www.maitri.pl\/projekt\/cieple-posilki-nepal\/","name":"Ciep\u0142e posi\u0142ki dla 103 dzieci z osady Shaktikhor w Nepalu","isPartOf":{"@id":"https:\/\/www.maitri.pl\/#website"},"primaryImageOfPage":{"@id":"https:\/\/www.maitri.pl\/projekt\/cieple-posilki-nepal\/#primaryimage"},"image":{"@id":"https:\/\/www.maitri.pl\/projekt\/cieple-posilki-nepal\/#primaryimage"},"thumbnailUrl":"https:\/\/www.maitri.pl\/wp-content\/uploads\/2023\/04\/40-kartc-1.jpg","datePublished":"2023-04-13T11:15:47+00:00","dateModified":"2024-02-07T11:54:17+00:00","description":"Ciep\u0142e posi\u0142ki dla 103 dzieci z osady Shaktikhor w Nepalu. O pomoc prosi Aleksandra Kurnicka z Karunika Foundation. Akcja do\u017cywiania dla najbiedniejszych.","breadcrumb":{"@id":"https:\/\/www.maitri.pl\/projekt\/cieple-posilki-nepal\/#breadcrumb"},"inLanguage":"fr-FR","potentialAction":[{"@type":"ReadAction","target":["https:\/\/www.maitri.pl\/projekt\/cieple-posilki-nepal\/"]}]},{"@type":"ImageObject","inLanguage":"fr-FR","@id":"https:\/\/www.maitri.pl\/projekt\/cieple-posilki-nepal\/#primaryimage","url":"https:\/\/www.maitri.pl\/wp-content\/uploads\/2023\/04\/40-kartc-1.jpg","contentUrl":"https:\/\/www.maitri.pl\/wp-content\/uploads\/2023\/04\/40-kartc-1.jpg","width":1242,"height":931,"caption":"Ciep\u0142e posi\u0142ki dla 103 dzieci z osady Shaktikhor w Nepalu Adopcja Duchowa Maitri Adopcja Serca pomoc ubogim dzieciom 01"},{"@type":"BreadcrumbList","@id":"https:\/\/www.maitri.pl\/projekt\/cieple-posilki-nepal\/#breadcrumb","itemListElement":[{"@type":"ListItem","position":1,"name":"Strona g\u0142\u00f3wna","item":"https:\/\/www.maitri.pl\/"},{"@type":"ListItem","position":2,"name":"Sklep","item":"https:\/\/www.maitri.pl\/sklep\/"},{"@type":"ListItem","position":3,"name":"Ciep\u0142e posi\u0142ki dla 103 dzieci z osady Shaktikhor w Nepalu"}]},{"@type":"WebSite","@id":"https:\/\/www.maitri.pl\/#website","url":"https:\/\/www.maitri.pl\/","name":"Adopcja Serca Maitri \u2013 pomoc dzieciom w Afryce","description":"Adopcja Serca \u2013 adopcja na odleg\u0142o\u015b\u0107, pomoc Afryce, do\u017cywianie i edukacja w Afryce","publisher":{"@id":"https:\/\/www.maitri.pl\/#organization"},"potentialAction":[{"@type":"SearchAction","target":{"@type":"EntryPoint","urlTemplate":"https:\/\/www.maitri.pl\/?s={search_term_string}"},"query-input":{"@type":"PropertyValueSpecification","valueRequired":true,"valueName":"search_term_string"}}],"inLanguage":"fr-FR"},{"@type":"Organization","@id":"https:\/\/www.maitri.pl\/#organization","name":"Stowarzyszenie Ruchu Maitri","url":"https:\/\/www.maitri.pl\/","logo":{"@type":"ImageObject","inLanguage":"fr-FR","@id":"https:\/\/www.maitri.pl\/#\/schema\/logo\/image\/","url":"https:\/\/www.maitri.pl\/wp-content\/uploads\/2020\/04\/duze_logo-81.png","contentUrl":"https:\/\/www.maitri.pl\/wp-content\/uploads\/2020\/04\/duze_logo-81.png","width":339,"height":321,"caption":"Stowarzyszenie Ruchu Maitri"},"image":{"@id":"https:\/\/www.maitri.pl\/#\/schema\/logo\/image\/"},"sameAs":["https:\/\/www.facebook.com\/MAITRI.Adopcja.Serca.dzieci.Afryki\/"]}]}},"_links":{"self":[{"href":"https:\/\/www.maitri.pl\/fr\/wp-json\/wp\/v2\/product\/26340","targetHints":{"allow":["GET"]}}],"collection":[{"href":"https:\/\/www.maitri.pl\/fr\/wp-json\/wp\/v2\/product"}],"about":[{"href":"https:\/\/www.maitri.pl\/fr\/wp-json\/wp\/v2\/types\/product"}],"wp:featuredmedia":[{"embeddable":true,"href":"https:\/\/www.maitri.pl\/fr\/wp-json\/wp\/v2\/media\/26435"}],"wp:attachment":[{"href":"https:\/\/www.maitri.pl\/fr\/wp-json\/wp\/v2\/media?parent=26340"}],"wp:term":[{"taxonomy":"product_brand","embeddable":true,"href":"https:\/\/www.maitri.pl\/fr\/wp-json\/wp\/v2\/product_brand?post=26340"},{"taxonomy":"product_cat","embeddable":true,"href":"https:\/\/www.maitri.pl\/fr\/wp-json\/wp\/v2\/product_cat?post=26340"},{"taxonomy":"product_tag","embeddable":true,"href":"https:\/\/www.maitri.pl\/fr\/wp-json\/wp\/v2\/product_tag?post=26340"}],"curies":[{"name":"wp","href":"https:\/\/api.w.org\/{rel}","templated":true}]}}