{"id":26339,"date":"2023-04-13T13:58:09","date_gmt":"2023-04-13T11:58:09","guid":{"rendered":"https:\/\/www.maitri.pl\/?post_type=product&#038;p=26339"},"modified":"2024-02-07T12:54:25","modified_gmt":"2024-02-07T11:54:25","slug":"codzienny-obiad-nepal","status":"publish","type":"product","link":"https:\/\/www.maitri.pl\/fr\/projekt\/codzienny-obiad-nepal\/","title":{"rendered":"Codzienny obiad dla najbiedniejszych dzieci z Gorkha w Nepalu"},"content":{"rendered":"<h4>To dla nich szansa na przetrwanie<\/h4>\n<p>Podaruj codzienny obiad dla najbiedniejszych dzieci z Gorkha w Nepalu! To ma\u0142a, oddalona od cywilizacji osada, do kt\u00f3rej trudno dotrze\u0107. Tamtejsze dzieci \u017cyj\u0105 w skrajnej n\u0119dzy i cierpi\u0105 g\u0142\u00f3d. Wszystkie dzieci pochodz\u0105 z najni\u017cszej kasty \u2013 Tamang i Chepang. Obecnie chodz\u0105 do szko\u0142y dzi\u0119ki programowi do\u017cywiania. To w\u0142a\u015bnie nasza wsp\u00f3lna akcja pomocowa daje im szans\u0119 na przetrwanie i zachowuje w zdrowiu. Szczeg\u00f3lnie, \u017ce zimy s\u0105 tu bardzo ci\u0119\u017ckie. Tymczasem w domach rodzinnych dzieci cz\u0119sto nie maj\u0105 szansy zje\u015b\u0107 po\u017cywnego posi\u0142ku. Codzienny obiad to dla nich nieosi\u0105galny luksus. Dlatego nasza pomoc jest na miar\u0119 ratowania ich \u017cycia. One nie maj\u0105 nic, chodz\u0105 w ubraniach, kt\u00f3re wygl\u0105daj\u0105 jak ze \u015bmietnika, nie maj\u0105 but\u00f3w. Bardzo prosimy o pomoc \u017cywieniow\u0105 dla dzieci z Gorkha.<\/p>\n<h4>Ochro\u0144my je przed skar\u0142owaceniem!<\/h4>\n<p>Gdy przybyli\u015bmy tu po raz pierwszy, zobaczyli\u015bmy tak\u0105 n\u0119dz\u0119 i g\u0142\u00f3d, \u017ce napr\u0119dce zakupili\u015bmy dla nich ry\u017c na miesi\u0105c z g\u00f3ry. Dzieci podgryza\u0142y ten suchy ry\u017c jeszcze przed ugotowaniem. Przez niedo\u017cywienie by\u0142y ot\u0119pia\u0142e, wida\u0107 by\u0142o im \u017cebra. Wiele z nich ma wzrost poni\u017cej normy, wyst\u0119puj\u0105 skar\u0142owacenia, a ich og\u00f3lny rozw\u00f3j jest op\u00f3\u017aniony. Pojechali\u015bmy tam zaj\u0105\u0107 si\u0119 szkolnictwem, a pomoc jedyna jak\u0105 chcieli to jedzenie. Codzienny obiad to ich wielkie marzenie. Wsp\u00f3lnie z <a href=\"https:\/\/www.maitri.pl\/projekt\/fundusz-dozywianie-glodujacych-dzieci-2\/\" target=\"_blank\" rel=\"noopener\">darczy\u0144cami Maitri<\/a> udaje si\u0119 je spe\u0142ni\u0107. Dlatego chcemy kontynuowa\u0107 projekt do\u017cywiania rozpocz\u0119ty w ubieg\u0142ym roku.<\/p>\n<h4>Wiecznie g\u0142odni<\/h4>\n<p>Wszystkie dzieci potrzebuj\u0105 jedzenia. Wi\u0119kszo\u015b\u0107 dzieci w domach ci\u0119\u017cko pracuje i g\u0142oduje. Poprzez mo\u017cliwo\u015b\u0107 zjedzenia posi\u0142ku b\u0119d\u0105 ch\u0119tnie chodzi\u0107 do szko\u0142y, b\u0119d\u0105 zdrowe i b\u0119d\u0105 mog\u0142y rozwija\u0107 si\u0119 prawid\u0142owo. Daje to im szans\u0119 na uko\u0144czenie przynajmniej kilku klas szko\u0142y. Tutaj to nie jest tylko do\u017cywianie, ale pomoc niezb\u0119dna dla ratowania i utrzymania \u017cycia. Z akcji pomocowej skorzystaj\u0105 ma\u0142e dzieci od przedszkola do 6 klasy. Nasza kuchnia mie\u015bci si\u0119 w ma\u0142ym pomieszczeniu, specjalnie wydzielonym w szkole. Posi\u0142ki s\u0105 gotowane rano przez kuchark\u0119, wydawane ok. godz. 13 przez nauczycieli. Prosimy o wsparcie!<\/p>\n<p><em>Aleksandra<\/em><em>\u00a0Kurnicka, <a href=\"https:\/\/www.facebook.com\/karunikatuitioncenterNEPAL\" target=\"_blank\" rel=\"noopener\">Karunika Foundation<\/a>,<\/em>\u00a0Kathmandu, <a href=\"https:\/\/www.maitri.pl\/gdzie-pomagamy\/\" target=\"_blank\" rel=\"noopener\">Nepal<\/a><\/p>\n<h4><strong>Kosztorys:<\/strong><\/h4>\n<p>ciep\u0142y pe\u0142nowarto\u015bciowy posi\u0142ek (ry\u017c, soczewica, warzywa, chleb etc.) to koszt:<\/p>\n<p><strong>45 NPR (waluta miejscowa) x 70 dzieci x 343 dni = 1 080 450 NPR<\/strong><\/p>\n<p><span style=\"color: #ff0000;\"><span style=\"font-size: large;\"><b>Wnioskowana kwota: 3040 \u20ac<\/b><\/span><\/span><\/p>\n<p><strong>Numer projektu<\/strong> <strong><span style=\"color: #ff0000;\">39\/KARTC<\/span><\/strong><\/p>\n<p><span style=\"color: #999999;\">Stowarzyszenie Ruchu\u00a0<em>Maitri<\/em>\u00a0przeznacza do 10% otrzymanych \u015brodk\u00f3w na koszty funkcjonowania biura i pozyskiwanie funduszy pomocowych.<\/span><\/p>\n<h3><strong><span style=\"color: #999999;\">Codzienny obiad dla najbiedniejszych dzieci z Gorkha w Nepalu<\/span><\/strong><\/h3>\n","protected":false},"excerpt":{"rendered":"<p><strong>Projekt: <\/strong><em>Aleksandra<\/em><em>\u00a0Kurnicka, <a href=\"https:\/\/www.facebook.com\/karunikatuitioncenterNEPAL\" target=\"_blank\" rel=\"noopener\">Karunika Foundation<\/a><\/em><br \/>\n<strong>Miejsce:<\/strong> Kathmandu, <a href=\"https:\/\/www.maitri.pl\/gdzie-pomagamy\/\" target=\"_blank\" rel=\"noopener\">Nepal<\/a><br \/>\n<strong>Kwota projektu: <span style=\"color: #ff0000;\">8 460\u20ac<\/span><\/strong><\/p>\n","protected":false},"featured_media":26455,"template":"","meta":[],"product_brand":[],"product_cat":[656],"product_tag":[676,968,928,672],"class_list":{"0":"post-26339","1":"product","2":"type-product","3":"status-publish","4":"has-post-thumbnail","6":"product_cat-bez-kategorii","7":"product_tag-dozywianie","8":"product_tag-gorkha","9":"product_tag-karunika-foundation","10":"product_tag-nepal","12":"first","13":"instock","14":"virtual","15":"purchasable","16":"product-type-simple"},"yoast_head":"<!-- This site is optimized with the Yoast SEO plugin v27.2 - https:\/\/yoast.com\/product\/yoast-seo-wordpress\/ -->\n<title>Codzienny obiad dla najbiedniejszych dzieci z Gorkha w Nepalu<\/title>\n<meta name=\"description\" content=\"Codzienny obiad dla najbiedniejszych dzieci z Gorkha w Nepalu. O pomoc prosi Aleksandra Kurnicka z Karunika Foundation. Nakarmimy 70 dzieci przez ca\u0142y rok.\" \/>\n<meta name=\"robots\" content=\"index, follow, max-snippet:-1, max-image-preview:large, max-video-preview:-1\" \/>\n<link rel=\"canonical\" href=\"https:\/\/www.maitri.pl\/projekt\/codzienny-obiad-nepal\/\" \/>\n<meta property=\"og:locale\" content=\"fr_FR\" \/>\n<meta property=\"og:type\" content=\"article\" \/>\n<meta property=\"og:title\" content=\"Codzienny obiad dla najbiedniejszych dzieci z Gorkha w Nepalu\" \/>\n<meta property=\"og:description\" content=\"Codzienny obiad dla najbiedniejszych dzieci z Gorkha w Nepalu. O pomoc prosi Aleksandra Kurnicka z Karunika Foundation. Nakarmimy 70 dzieci przez ca\u0142y rok.\" \/>\n<meta property=\"og:url\" content=\"https:\/\/www.maitri.pl\/projekt\/codzienny-obiad-nepal\/\" \/>\n<meta property=\"og:site_name\" content=\"Ruch Maitri - Adopcja Serca pomoc Afryce\" \/>\n<meta property=\"article:publisher\" content=\"https:\/\/www.facebook.com\/MAITRI.Adopcja.Serca.dzieci.Afryki\/\" \/>\n<meta property=\"article:modified_time\" content=\"2024-02-07T11:54:25+00:00\" \/>\n<meta property=\"og:image\" content=\"https:\/\/www.maitri.pl\/wp-content\/uploads\/2023\/04\/39-kartc-3.jpg\" \/>\n\t<meta property=\"og:image:width\" content=\"1242\" \/>\n\t<meta property=\"og:image:height\" content=\"930\" \/>\n\t<meta property=\"og:image:type\" content=\"image\/jpeg\" \/>\n<meta name=\"twitter:card\" content=\"summary_large_image\" \/>\n<meta name=\"twitter:label1\" content=\"Dur\u00e9e de lecture estim\u00e9e\" \/>\n\t<meta name=\"twitter:data1\" content=\"3 minutes\" \/>\n<script type=\"application\/ld+json\" class=\"yoast-schema-graph\">{\"@context\":\"https:\/\/schema.org\",\"@graph\":[{\"@type\":\"WebPage\",\"@id\":\"https:\/\/www.maitri.pl\/projekt\/codzienny-obiad-nepal\/\",\"url\":\"https:\/\/www.maitri.pl\/projekt\/codzienny-obiad-nepal\/\",\"name\":\"Codzienny obiad dla najbiedniejszych dzieci z Gorkha w Nepalu\",\"isPartOf\":{\"@id\":\"https:\/\/www.maitri.pl\/#website\"},\"primaryImageOfPage\":{\"@id\":\"https:\/\/www.maitri.pl\/projekt\/codzienny-obiad-nepal\/#primaryimage\"},\"image\":{\"@id\":\"https:\/\/www.maitri.pl\/projekt\/codzienny-obiad-nepal\/#primaryimage\"},\"thumbnailUrl\":\"https:\/\/www.maitri.pl\/wp-content\/uploads\/2023\/04\/39-kartc-3.jpg\",\"datePublished\":\"2023-04-13T11:58:09+00:00\",\"dateModified\":\"2024-02-07T11:54:25+00:00\",\"description\":\"Codzienny obiad dla najbiedniejszych dzieci z Gorkha w Nepalu. O pomoc prosi Aleksandra Kurnicka z Karunika Foundation. Nakarmimy 70 dzieci przez ca\u0142y rok.\",\"breadcrumb\":{\"@id\":\"https:\/\/www.maitri.pl\/projekt\/codzienny-obiad-nepal\/#breadcrumb\"},\"inLanguage\":\"fr-FR\",\"potentialAction\":[{\"@type\":\"ReadAction\",\"target\":[\"https:\/\/www.maitri.pl\/projekt\/codzienny-obiad-nepal\/\"]}]},{\"@type\":\"ImageObject\",\"inLanguage\":\"fr-FR\",\"@id\":\"https:\/\/www.maitri.pl\/projekt\/codzienny-obiad-nepal\/#primaryimage\",\"url\":\"https:\/\/www.maitri.pl\/wp-content\/uploads\/2023\/04\/39-kartc-3.jpg\",\"contentUrl\":\"https:\/\/www.maitri.pl\/wp-content\/uploads\/2023\/04\/39-kartc-3.jpg\",\"width\":1242,\"height\":930,\"caption\":\"Codzienny obiad dla najbiedniejszych dzieci z Gorkha w Nepalu Adopcja Duchowa Maitri Adopcja Serca pomoc ubogim do\u017cywianie 03\"},{\"@type\":\"BreadcrumbList\",\"@id\":\"https:\/\/www.maitri.pl\/projekt\/codzienny-obiad-nepal\/#breadcrumb\",\"itemListElement\":[{\"@type\":\"ListItem\",\"position\":1,\"name\":\"Strona g\u0142\u00f3wna\",\"item\":\"https:\/\/www.maitri.pl\/\"},{\"@type\":\"ListItem\",\"position\":2,\"name\":\"Sklep\",\"item\":\"https:\/\/www.maitri.pl\/sklep\/\"},{\"@type\":\"ListItem\",\"position\":3,\"name\":\"Codzienny obiad dla najbiedniejszych dzieci z Gorkha w Nepalu\"}]},{\"@type\":\"WebSite\",\"@id\":\"https:\/\/www.maitri.pl\/#website\",\"url\":\"https:\/\/www.maitri.pl\/\",\"name\":\"Adopcja Serca Maitri \u2013 pomoc dzieciom w Afryce\",\"description\":\"Adopcja Serca \u2013 adopcja na odleg\u0142o\u015b\u0107, pomoc Afryce, do\u017cywianie i edukacja w Afryce\",\"publisher\":{\"@id\":\"https:\/\/www.maitri.pl\/#organization\"},\"potentialAction\":[{\"@type\":\"SearchAction\",\"target\":{\"@type\":\"EntryPoint\",\"urlTemplate\":\"https:\/\/www.maitri.pl\/?s={search_term_string}\"},\"query-input\":{\"@type\":\"PropertyValueSpecification\",\"valueRequired\":true,\"valueName\":\"search_term_string\"}}],\"inLanguage\":\"fr-FR\"},{\"@type\":\"Organization\",\"@id\":\"https:\/\/www.maitri.pl\/#organization\",\"name\":\"Stowarzyszenie Ruchu Maitri\",\"url\":\"https:\/\/www.maitri.pl\/\",\"logo\":{\"@type\":\"ImageObject\",\"inLanguage\":\"fr-FR\",\"@id\":\"https:\/\/www.maitri.pl\/#\/schema\/logo\/image\/\",\"url\":\"https:\/\/www.maitri.pl\/wp-content\/uploads\/2020\/04\/duze_logo-81.png\",\"contentUrl\":\"https:\/\/www.maitri.pl\/wp-content\/uploads\/2020\/04\/duze_logo-81.png\",\"width\":339,\"height\":321,\"caption\":\"Stowarzyszenie Ruchu Maitri\"},\"image\":{\"@id\":\"https:\/\/www.maitri.pl\/#\/schema\/logo\/image\/\"},\"sameAs\":[\"https:\/\/www.facebook.com\/MAITRI.Adopcja.Serca.dzieci.Afryki\/\"]}]}<\/script>\n<!-- \/ Yoast SEO plugin. -->","yoast_head_json":{"title":"Codzienny obiad dla najbiedniejszych dzieci z Gorkha w Nepalu","description":"Codzienny obiad dla najbiedniejszych dzieci z Gorkha w Nepalu. O pomoc prosi Aleksandra Kurnicka z Karunika Foundation. Nakarmimy 70 dzieci przez ca\u0142y rok.","robots":{"index":"index","follow":"follow","max-snippet":"max-snippet:-1","max-image-preview":"max-image-preview:large","max-video-preview":"max-video-preview:-1"},"canonical":"https:\/\/www.maitri.pl\/projekt\/codzienny-obiad-nepal\/","og_locale":"fr_FR","og_type":"article","og_title":"Codzienny obiad dla najbiedniejszych dzieci z Gorkha w Nepalu","og_description":"Codzienny obiad dla najbiedniejszych dzieci z Gorkha w Nepalu. O pomoc prosi Aleksandra Kurnicka z Karunika Foundation. Nakarmimy 70 dzieci przez ca\u0142y rok.","og_url":"https:\/\/www.maitri.pl\/projekt\/codzienny-obiad-nepal\/","og_site_name":"Ruch Maitri - Adopcja Serca pomoc Afryce","article_publisher":"https:\/\/www.facebook.com\/MAITRI.Adopcja.Serca.dzieci.Afryki\/","article_modified_time":"2024-02-07T11:54:25+00:00","og_image":[{"width":1242,"height":930,"url":"https:\/\/www.maitri.pl\/wp-content\/uploads\/2023\/04\/39-kartc-3.jpg","type":"image\/jpeg"}],"twitter_card":"summary_large_image","twitter_misc":{"Dur\u00e9e de lecture estim\u00e9e":"3 minutes"},"schema":{"@context":"https:\/\/schema.org","@graph":[{"@type":"WebPage","@id":"https:\/\/www.maitri.pl\/projekt\/codzienny-obiad-nepal\/","url":"https:\/\/www.maitri.pl\/projekt\/codzienny-obiad-nepal\/","name":"Codzienny obiad dla najbiedniejszych dzieci z Gorkha w Nepalu","isPartOf":{"@id":"https:\/\/www.maitri.pl\/#website"},"primaryImageOfPage":{"@id":"https:\/\/www.maitri.pl\/projekt\/codzienny-obiad-nepal\/#primaryimage"},"image":{"@id":"https:\/\/www.maitri.pl\/projekt\/codzienny-obiad-nepal\/#primaryimage"},"thumbnailUrl":"https:\/\/www.maitri.pl\/wp-content\/uploads\/2023\/04\/39-kartc-3.jpg","datePublished":"2023-04-13T11:58:09+00:00","dateModified":"2024-02-07T11:54:25+00:00","description":"Codzienny obiad dla najbiedniejszych dzieci z Gorkha w Nepalu. O pomoc prosi Aleksandra Kurnicka z Karunika Foundation. Nakarmimy 70 dzieci przez ca\u0142y rok.","breadcrumb":{"@id":"https:\/\/www.maitri.pl\/projekt\/codzienny-obiad-nepal\/#breadcrumb"},"inLanguage":"fr-FR","potentialAction":[{"@type":"ReadAction","target":["https:\/\/www.maitri.pl\/projekt\/codzienny-obiad-nepal\/"]}]},{"@type":"ImageObject","inLanguage":"fr-FR","@id":"https:\/\/www.maitri.pl\/projekt\/codzienny-obiad-nepal\/#primaryimage","url":"https:\/\/www.maitri.pl\/wp-content\/uploads\/2023\/04\/39-kartc-3.jpg","contentUrl":"https:\/\/www.maitri.pl\/wp-content\/uploads\/2023\/04\/39-kartc-3.jpg","width":1242,"height":930,"caption":"Codzienny obiad dla najbiedniejszych dzieci z Gorkha w Nepalu Adopcja Duchowa Maitri Adopcja Serca pomoc ubogim do\u017cywianie 03"},{"@type":"BreadcrumbList","@id":"https:\/\/www.maitri.pl\/projekt\/codzienny-obiad-nepal\/#breadcrumb","itemListElement":[{"@type":"ListItem","position":1,"name":"Strona g\u0142\u00f3wna","item":"https:\/\/www.maitri.pl\/"},{"@type":"ListItem","position":2,"name":"Sklep","item":"https:\/\/www.maitri.pl\/sklep\/"},{"@type":"ListItem","position":3,"name":"Codzienny obiad dla najbiedniejszych dzieci z Gorkha w Nepalu"}]},{"@type":"WebSite","@id":"https:\/\/www.maitri.pl\/#website","url":"https:\/\/www.maitri.pl\/","name":"Adopcja Serca Maitri \u2013 pomoc dzieciom w Afryce","description":"Adopcja Serca \u2013 adopcja na odleg\u0142o\u015b\u0107, pomoc Afryce, do\u017cywianie i edukacja w Afryce","publisher":{"@id":"https:\/\/www.maitri.pl\/#organization"},"potentialAction":[{"@type":"SearchAction","target":{"@type":"EntryPoint","urlTemplate":"https:\/\/www.maitri.pl\/?s={search_term_string}"},"query-input":{"@type":"PropertyValueSpecification","valueRequired":true,"valueName":"search_term_string"}}],"inLanguage":"fr-FR"},{"@type":"Organization","@id":"https:\/\/www.maitri.pl\/#organization","name":"Stowarzyszenie Ruchu Maitri","url":"https:\/\/www.maitri.pl\/","logo":{"@type":"ImageObject","inLanguage":"fr-FR","@id":"https:\/\/www.maitri.pl\/#\/schema\/logo\/image\/","url":"https:\/\/www.maitri.pl\/wp-content\/uploads\/2020\/04\/duze_logo-81.png","contentUrl":"https:\/\/www.maitri.pl\/wp-content\/uploads\/2020\/04\/duze_logo-81.png","width":339,"height":321,"caption":"Stowarzyszenie Ruchu Maitri"},"image":{"@id":"https:\/\/www.maitri.pl\/#\/schema\/logo\/image\/"},"sameAs":["https:\/\/www.facebook.com\/MAITRI.Adopcja.Serca.dzieci.Afryki\/"]}]}},"_links":{"self":[{"href":"https:\/\/www.maitri.pl\/fr\/wp-json\/wp\/v2\/product\/26339","targetHints":{"allow":["GET"]}}],"collection":[{"href":"https:\/\/www.maitri.pl\/fr\/wp-json\/wp\/v2\/product"}],"about":[{"href":"https:\/\/www.maitri.pl\/fr\/wp-json\/wp\/v2\/types\/product"}],"wp:featuredmedia":[{"embeddable":true,"href":"https:\/\/www.maitri.pl\/fr\/wp-json\/wp\/v2\/media\/26455"}],"wp:attachment":[{"href":"https:\/\/www.maitri.pl\/fr\/wp-json\/wp\/v2\/media?parent=26339"}],"wp:term":[{"taxonomy":"product_brand","embeddable":true,"href":"https:\/\/www.maitri.pl\/fr\/wp-json\/wp\/v2\/product_brand?post=26339"},{"taxonomy":"product_cat","embeddable":true,"href":"https:\/\/www.maitri.pl\/fr\/wp-json\/wp\/v2\/product_cat?post=26339"},{"taxonomy":"product_tag","embeddable":true,"href":"https:\/\/www.maitri.pl\/fr\/wp-json\/wp\/v2\/product_tag?post=26339"}],"curies":[{"name":"wp","href":"https:\/\/api.w.org\/{rel}","templated":true}]}}