{"id":26336,"date":"2023-04-06T17:03:20","date_gmt":"2023-04-06T15:03:20","guid":{"rendered":"https:\/\/www.maitri.pl\/?post_type=product&#038;p=26336"},"modified":"2024-02-07T12:53:40","modified_gmt":"2024-02-07T11:53:40","slug":"dozywianie-osieroconych-niemowlat-burundi","status":"publish","type":"product","link":"https:\/\/www.maitri.pl\/fr\/projekt\/dozywianie-osieroconych-niemowlat-burundi\/","title":{"rendered":"Do\u017cywianie osieroconych niemowl\u0105t oraz chorych w O\u015brodku Zdrowia w Buraniro"},"content":{"rendered":"<h4>Osierocone po narodzinach<\/h4>\n<p>W naszym o\u015brodku zdrowia od kilku lat zauwa\u017camy wzrost zapotrzebowania na mleko w proszku dla ma\u0142ych dzieci. Trafia do nas sporo osieroconych noworodk\u00f3w ze szpitala pa\u0144stwowego. To dzieci, kt\u00f3re straci\u0142y mam\u0119 po cesarskim ci\u0119ciu lub z powodu innych chor\u00f3b. Nasze zapasy mleka w proszku ko\u0144cz\u0105 si\u0119 z regu\u0142y przed \u015bwi\u0119tami Bo\u017cego Narodzenia. Do tej pory ka\u017cde dziecko dostawa\u0142o 1 kg mleka w proszku raz na 2 tygodnie. Og\u00f3\u0142em opiek\u0105 i trosk\u0105 obj\u0119li\u015bmy 61 dzieci. Najwi\u0119kszym problemem jest obecnie zakup mleka w proszku, niezb\u0119dnego by pom\u00f3c rodzinie po stracie matki nowo narodzonego dziecka. Oczywi\u015bcie, bardzo potrzebujemy te\u017c jedzenia dla chorych, ale zdajemy sobie spraw\u0119, \u017ce mleko jest bardzo drogie, a zapotrzebowanie na jedno dziecko przez 8 miesi\u0119cy wyniesie 32 kg. Dlatego najwa\u017cniejsz\u0105 spraw\u0105 jest zakup mleka, a problem \u017cywienia chorych stawiam na 2 miejscu. Do\u017cywianie osieroconych niemowl\u0105t jest priorytetem.<\/p>\n<h4>Niezb\u0119dne mleko w proszku<\/h4>\n<p>Niestety Burundi z miesi\u0105ca na miesi\u0105c coraz bardziej ubo\u017ceje. Wida\u0107 to po rosn\u0105cych op\u0142atach oraz bardzo wysokich cenach \u017cywno\u015bci. Chorzy przewa\u017cnie z dalszych okolic, a tak\u017ce ci najbli\u017cej mieszkaj\u0105cy, nie zawsze s\u0105 wstanie zakupi\u0107 odpowiednie jedzenie. Jednocze\u015bnie cz\u0119sto w chorobie cierpi\u0105 na brak apetytu. Dlatego pomoc w postaci mieszanki od\u017cywczej, przygotowanej z r\u00f3\u017cnego rodzaju m\u0105k, po\u0142\u0105czonych z mlekiem i cukrem, okazuje si\u0119 bardzo praktyczna i pomaga w powrocie do zdrowia w czasie leczenia i rekonwalescencji. Prosz\u0119 o sum\u0119 potrzebn\u0105 na zakup 4 300 kg mieszanki dla najbardziej potrzebuj\u0105cych. Chcemy zakupi\u0107 30 work\u00f3w po 25 kg mleka w proszku, kt\u00f3re wystarczy dla 50 dzieci od chwili urodzenia do 8 miesi\u0105ca \u017cycia w\u0142\u0105cznie. Zazwyczaj mleko jest rozdawane co drugi tydzie\u0144 po 1 kg na dziecko. Prowadzimy kartotek\u0119 dziecka, gdzie notujemy jego wag\u0119 przy ka\u017cdorazowym kontakcie. Do\u017cywianie osieroconych niemowl\u0105t pomaga uratowa\u0107 ich \u017cycia.<\/p>\n<h4>Paczka mleka za 10 dni pracy<\/h4>\n<p>Dla chorych przebywaj\u0105cych w szpitalu i na porod\u00f3wce (ok.160 os\u00f3b dziennie) b\u0119dziemy udziela\u0107 pomoc indywidualn\u0105 wed\u0142ug potrzeb. Dla chorych na gru\u017alic\u0119 wydawa\u0107 b\u0119dziemy po 2 kg mieszanki raz na 2 tygodnie przez okres leczenia, czyli 6 miesi\u0119cy. Przewidujemy pomoc dla 62 pacjent\u00f3w chorych na TBC w ilo\u015bci ok. 744 kg mieszanki, natomiast reszta tj. 3556 kg rozdana b\u0119dzie najbardziej potrzebuj\u0105cym chorym w szpitalu i na porod\u00f3wce. W okresie \u015bwi\u0105t Bo\u017cego Narodzenia i Wielkanocy ka\u017cdy z chorych otrzymuje paczk\u0119 z kg ry\u017cu i fasoli oraz troch\u0119 suszonych rybek i 20g oleju palmowego. Og\u00f3lnie pomoc\u0105 z wnioskowanej sumy pieni\u0119\u017cnej zostanie obj\u0119tych ok. 3500 os\u00f3b przez okres ca\u0142ego roku tj.12 miesi\u0119cy. B\u0119dzie to wielka pomoc dla rodzin i\u00a0 dzieci kt\u00f3re utraci\u0142y matk\u0119, gdy\u017c nie s\u0105 oni w stanie zakupi\u0107 mleka, kt\u00f3re jest bardzo drogie. W tutejszych sklepach kg kosztuje 35 tys. frank\u00f3w (tj. prawie 10 \u20ac) a dzienny zarobek to 0.8 \u20ac. Jako wyraz wdzi\u0119czno\u015bci w tym okresie jest te\u017c odprawiana Msza \u015awi\u0119ta wraz z chorymi za dobrodziej\u00f3w z Polski.<\/p>\n<h4>Kosztorys:<\/h4>\n<table>\n<tbody>\n<tr>\n<td width=\"34\">LP<\/td>\n<td width=\"234\">opis<\/td>\n<td width=\"127\">ilo\u015b\u0107<\/td>\n<td width=\"132\">Cena w miejscowej walucie FrBu<\/td>\n<td width=\"132\">Kwota w miejscowej walucie<\/td>\n<\/tr>\n<tr>\n<td width=\"34\">1<\/td>\n<td width=\"234\">Mleko w proszku po 25 kg<\/td>\n<td width=\"127\">30 work\u00f3w<\/td>\n<td width=\"132\">550.000<\/td>\n<td width=\"132\">16.500.000<\/td>\n<\/tr>\n<tr>\n<td width=\"34\">2<\/td>\n<td width=\"234\">Musalak<\/td>\n<td width=\"127\">500 kg<\/td>\n<td width=\"132\">3.500<\/td>\n<td width=\"132\">1.750.000<\/td>\n<\/tr>\n<tr>\n<td width=\"34\">3<\/td>\n<td width=\"234\">Ry\u017c<\/td>\n<td width=\"127\">200 kg<\/td>\n<td width=\"132\">3.200<\/td>\n<td width=\"132\">640.000<\/td>\n<\/tr>\n<tr>\n<td width=\"34\">4<\/td>\n<td width=\"234\">Rybki suszone<\/td>\n<td width=\"127\">10 kg<\/td>\n<td width=\"132\">7.500<\/td>\n<td width=\"132\">75.000<\/td>\n<\/tr>\n<tr>\n<td width=\"34\">5<\/td>\n<td width=\"234\">Fasola<\/td>\n<td width=\"127\">200 kg<\/td>\n<td width=\"132\">2.200<\/td>\n<td width=\"132\">440.000<\/td>\n<\/tr>\n<tr>\n<td width=\"34\">6<\/td>\n<td width=\"234\">Olej palmowy<\/td>\n<td width=\"127\">20 kg<\/td>\n<td width=\"132\">5.000<\/td>\n<td width=\"132\">100.000<\/td>\n<\/tr>\n<tr>\n<td width=\"34\"><\/td>\n<td width=\"234\"><strong>PODSUMOWANIE <\/strong>(w miejscowej walucie)<\/td>\n<td width=\"127\">&nbsp;<\/p>\n<p>&nbsp;<\/td>\n<td width=\"132\"><\/td>\n<td width=\"132\"><strong>19.515.000 <\/strong><\/p>\n<p>&nbsp;<\/td>\n<\/tr>\n<\/tbody>\n<\/table>\n<p><em><strong>Podsumowanie w miejscowej walucie: 19 515 000 frank\u00f3w burundyjskich<\/strong><\/em><\/p>\n<p><em>Siostra Janina Zakrzewska<\/em>, <a href=\"http:\/\/kanoniczki.pl\/index.php\/pojdz-za-mna\/moje-powolanie\/260-jestem-afrykanka\"> Zgromadzenie Si\u00f3str Kanoniczek Ducha \u015awi\u0119tego de Saxia<\/a>, Buraniro, <a href=\"https:\/\/www.maitri.pl\/gdzie-pomagamy\/\" target=\"_blank\" rel=\"noopener noreferrer\">Burundi<\/a><\/p>\n<p style=\"text-align: justify;\" align=\"JUSTIFY\"><span style=\"color: #ff0000;\"><span style=\"font-size: large;\"><b>Kwota projektu: 6 130 \u20ac<br \/>\n<\/b><\/span><\/span><\/p>\n<p style=\"text-align: justify;\"><strong>Numer projektu: 213\/DUCHA<\/strong><\/p>\n<p style=\"text-align: justify;\" align=\"JUSTIFY\"><span style=\"color: #808080;\">Stowarzyszenie Ruchu\u00a0<em>Maitri<\/em>\u00a0przeznacza do 10% otrzymanych \u015brodk\u00f3w na koszty funkcjonowania biura i pozyskiwanie funduszy pomocowych.<\/span><\/p>\n<h3 style=\"text-align: justify;\" align=\"JUSTIFY\"><span style=\"color: #808080;\">Do\u017cywianie osieroconych niemowl\u0105t oraz chorych w O\u015brodku Zdrowia w Buraniro<\/span><\/h3>\n","protected":false},"excerpt":{"rendered":"<p><strong>Projekt:<\/strong> <em>Siostra Janina Zakrzewska<\/em>, <a href=\"http:\/\/kanoniczki.pl\/index.php\/pojdz-za-mna\/moje-powolanie\/260-jestem-afrykanka\"> Zgromadzenie Si\u00f3str Kanoniczek Ducha \u015awi\u0119tego de Saxia<\/a><br \/>\n<strong>Misja:<\/strong> Buraniro, <a href=\"https:\/\/www.maitri.pl\/gdzie-pomagamy\/\" target=\"_blank\" rel=\"noopener noreferrer\">Burundi<\/a><br \/>\n<strong>Zbierana kwota: <span style=\"color: #ff0000;\">6 130 \u20ac<\/span><\/strong><\/p>\n","protected":false},"featured_media":26364,"template":"","meta":[],"product_brand":[],"product_cat":[656],"product_tag":[666,667,854,845],"class_list":{"0":"post-26336","1":"product","2":"type-product","3":"status-publish","4":"has-post-thumbnail","6":"product_cat-bez-kategorii","7":"product_tag-buraniro","8":"product_tag-burundi","9":"product_tag-siostra-janina-zakrzewska","10":"product_tag-zgromadzenie-siostr-kanoniczek-ducha-swietego","12":"first","13":"instock","14":"virtual","15":"purchasable","16":"product-type-simple"},"yoast_head":"<!-- This site is optimized with the Yoast SEO plugin v27.2 - https:\/\/yoast.com\/product\/yoast-seo-wordpress\/ -->\n<title>Do\u017cywianie osieroconych niemowl\u0105t w O\u015brodku Zdrowia w Buraniro<\/title>\n<meta name=\"description\" content=\"Do\u017cywianie osieroconych niemowl\u0105t oraz chorych w O\u015brodku Zdrowia w Buraniro w Burundi. O pomoc prosz\u0105 Siostry Kanoniczki. Wsparcie otrzyma 3,5 tys. os\u00f3b.\" \/>\n<meta name=\"robots\" content=\"index, follow, max-snippet:-1, max-image-preview:large, max-video-preview:-1\" \/>\n<link rel=\"canonical\" href=\"https:\/\/www.maitri.pl\/projekt\/dozywianie-osieroconych-niemowlat-burundi\/\" \/>\n<meta property=\"og:locale\" content=\"fr_FR\" \/>\n<meta property=\"og:type\" content=\"article\" \/>\n<meta property=\"og:title\" content=\"Do\u017cywianie osieroconych niemowl\u0105t w O\u015brodku Zdrowia w Buraniro\" \/>\n<meta property=\"og:description\" content=\"Do\u017cywianie osieroconych niemowl\u0105t oraz chorych w O\u015brodku Zdrowia w Buraniro w Burundi. O pomoc prosz\u0105 Siostry Kanoniczki. Wsparcie otrzyma 3,5 tys. os\u00f3b.\" \/>\n<meta property=\"og:url\" content=\"https:\/\/www.maitri.pl\/projekt\/dozywianie-osieroconych-niemowlat-burundi\/\" \/>\n<meta property=\"og:site_name\" content=\"Ruch Maitri - Adopcja Serca pomoc Afryce\" \/>\n<meta property=\"article:publisher\" content=\"https:\/\/www.facebook.com\/MAITRI.Adopcja.Serca.dzieci.Afryki\/\" \/>\n<meta property=\"article:modified_time\" content=\"2024-02-07T11:53:40+00:00\" \/>\n<meta property=\"og:image\" content=\"https:\/\/www.maitri.pl\/wp-content\/uploads\/2023\/04\/20100202-AFRYKA-10734.jpg\" \/>\n\t<meta property=\"og:image:width\" content=\"2126\" \/>\n\t<meta property=\"og:image:height\" content=\"1415\" \/>\n\t<meta property=\"og:image:type\" content=\"image\/jpeg\" \/>\n<meta name=\"twitter:card\" content=\"summary_large_image\" \/>\n<meta name=\"twitter:label1\" content=\"Dur\u00e9e de lecture estim\u00e9e\" \/>\n\t<meta name=\"twitter:data1\" content=\"4 minutes\" \/>\n<script type=\"application\/ld+json\" class=\"yoast-schema-graph\">{\"@context\":\"https:\/\/schema.org\",\"@graph\":[{\"@type\":\"WebPage\",\"@id\":\"https:\/\/www.maitri.pl\/projekt\/dozywianie-osieroconych-niemowlat-burundi\/\",\"url\":\"https:\/\/www.maitri.pl\/projekt\/dozywianie-osieroconych-niemowlat-burundi\/\",\"name\":\"Do\u017cywianie osieroconych niemowl\u0105t w O\u015brodku Zdrowia w Buraniro\",\"isPartOf\":{\"@id\":\"https:\/\/www.maitri.pl\/#website\"},\"primaryImageOfPage\":{\"@id\":\"https:\/\/www.maitri.pl\/projekt\/dozywianie-osieroconych-niemowlat-burundi\/#primaryimage\"},\"image\":{\"@id\":\"https:\/\/www.maitri.pl\/projekt\/dozywianie-osieroconych-niemowlat-burundi\/#primaryimage\"},\"thumbnailUrl\":\"https:\/\/www.maitri.pl\/wp-content\/uploads\/2023\/04\/20100202-AFRYKA-10734.jpg\",\"datePublished\":\"2023-04-06T15:03:20+00:00\",\"dateModified\":\"2024-02-07T11:53:40+00:00\",\"description\":\"Do\u017cywianie osieroconych niemowl\u0105t oraz chorych w O\u015brodku Zdrowia w Buraniro w Burundi. O pomoc prosz\u0105 Siostry Kanoniczki. Wsparcie otrzyma 3,5 tys. os\u00f3b.\",\"breadcrumb\":{\"@id\":\"https:\/\/www.maitri.pl\/projekt\/dozywianie-osieroconych-niemowlat-burundi\/#breadcrumb\"},\"inLanguage\":\"fr-FR\",\"potentialAction\":[{\"@type\":\"ReadAction\",\"target\":[\"https:\/\/www.maitri.pl\/projekt\/dozywianie-osieroconych-niemowlat-burundi\/\"]}]},{\"@type\":\"ImageObject\",\"inLanguage\":\"fr-FR\",\"@id\":\"https:\/\/www.maitri.pl\/projekt\/dozywianie-osieroconych-niemowlat-burundi\/#primaryimage\",\"url\":\"https:\/\/www.maitri.pl\/wp-content\/uploads\/2023\/04\/20100202-AFRYKA-10734.jpg\",\"contentUrl\":\"https:\/\/www.maitri.pl\/wp-content\/uploads\/2023\/04\/20100202-AFRYKA-10734.jpg\",\"width\":2126,\"height\":1415,\"caption\":\"Do\u017cywianie osieroconych niemowl\u0105t oraz chorych w O\u015brodku Zdrowia w Buraniro Burundi Ruch Maitri Adocpja Serca Adopcja Duchowa Burundi pomoc Afryce 01\"},{\"@type\":\"BreadcrumbList\",\"@id\":\"https:\/\/www.maitri.pl\/projekt\/dozywianie-osieroconych-niemowlat-burundi\/#breadcrumb\",\"itemListElement\":[{\"@type\":\"ListItem\",\"position\":1,\"name\":\"Strona g\u0142\u00f3wna\",\"item\":\"https:\/\/www.maitri.pl\/\"},{\"@type\":\"ListItem\",\"position\":2,\"name\":\"Sklep\",\"item\":\"https:\/\/www.maitri.pl\/sklep\/\"},{\"@type\":\"ListItem\",\"position\":3,\"name\":\"Do\u017cywianie osieroconych niemowl\u0105t oraz chorych w O\u015brodku Zdrowia w Buraniro\"}]},{\"@type\":\"WebSite\",\"@id\":\"https:\/\/www.maitri.pl\/#website\",\"url\":\"https:\/\/www.maitri.pl\/\",\"name\":\"Adopcja Serca Maitri \u2013 pomoc dzieciom w Afryce\",\"description\":\"Adopcja Serca \u2013 adopcja na odleg\u0142o\u015b\u0107, pomoc Afryce, do\u017cywianie i edukacja w Afryce\",\"publisher\":{\"@id\":\"https:\/\/www.maitri.pl\/#organization\"},\"potentialAction\":[{\"@type\":\"SearchAction\",\"target\":{\"@type\":\"EntryPoint\",\"urlTemplate\":\"https:\/\/www.maitri.pl\/?s={search_term_string}\"},\"query-input\":{\"@type\":\"PropertyValueSpecification\",\"valueRequired\":true,\"valueName\":\"search_term_string\"}}],\"inLanguage\":\"fr-FR\"},{\"@type\":\"Organization\",\"@id\":\"https:\/\/www.maitri.pl\/#organization\",\"name\":\"Stowarzyszenie Ruchu Maitri\",\"url\":\"https:\/\/www.maitri.pl\/\",\"logo\":{\"@type\":\"ImageObject\",\"inLanguage\":\"fr-FR\",\"@id\":\"https:\/\/www.maitri.pl\/#\/schema\/logo\/image\/\",\"url\":\"https:\/\/www.maitri.pl\/wp-content\/uploads\/2020\/04\/duze_logo-81.png\",\"contentUrl\":\"https:\/\/www.maitri.pl\/wp-content\/uploads\/2020\/04\/duze_logo-81.png\",\"width\":339,\"height\":321,\"caption\":\"Stowarzyszenie Ruchu Maitri\"},\"image\":{\"@id\":\"https:\/\/www.maitri.pl\/#\/schema\/logo\/image\/\"},\"sameAs\":[\"https:\/\/www.facebook.com\/MAITRI.Adopcja.Serca.dzieci.Afryki\/\"]}]}<\/script>\n<!-- \/ Yoast SEO plugin. -->","yoast_head_json":{"title":"Do\u017cywianie osieroconych niemowl\u0105t w O\u015brodku Zdrowia w Buraniro","description":"Do\u017cywianie osieroconych niemowl\u0105t oraz chorych w O\u015brodku Zdrowia w Buraniro w Burundi. O pomoc prosz\u0105 Siostry Kanoniczki. Wsparcie otrzyma 3,5 tys. os\u00f3b.","robots":{"index":"index","follow":"follow","max-snippet":"max-snippet:-1","max-image-preview":"max-image-preview:large","max-video-preview":"max-video-preview:-1"},"canonical":"https:\/\/www.maitri.pl\/projekt\/dozywianie-osieroconych-niemowlat-burundi\/","og_locale":"fr_FR","og_type":"article","og_title":"Do\u017cywianie osieroconych niemowl\u0105t w O\u015brodku Zdrowia w Buraniro","og_description":"Do\u017cywianie osieroconych niemowl\u0105t oraz chorych w O\u015brodku Zdrowia w Buraniro w Burundi. O pomoc prosz\u0105 Siostry Kanoniczki. Wsparcie otrzyma 3,5 tys. os\u00f3b.","og_url":"https:\/\/www.maitri.pl\/projekt\/dozywianie-osieroconych-niemowlat-burundi\/","og_site_name":"Ruch Maitri - Adopcja Serca pomoc Afryce","article_publisher":"https:\/\/www.facebook.com\/MAITRI.Adopcja.Serca.dzieci.Afryki\/","article_modified_time":"2024-02-07T11:53:40+00:00","og_image":[{"width":2126,"height":1415,"url":"https:\/\/www.maitri.pl\/wp-content\/uploads\/2023\/04\/20100202-AFRYKA-10734.jpg","type":"image\/jpeg"}],"twitter_card":"summary_large_image","twitter_misc":{"Dur\u00e9e de lecture estim\u00e9e":"4 minutes"},"schema":{"@context":"https:\/\/schema.org","@graph":[{"@type":"WebPage","@id":"https:\/\/www.maitri.pl\/projekt\/dozywianie-osieroconych-niemowlat-burundi\/","url":"https:\/\/www.maitri.pl\/projekt\/dozywianie-osieroconych-niemowlat-burundi\/","name":"Do\u017cywianie osieroconych niemowl\u0105t w O\u015brodku Zdrowia w Buraniro","isPartOf":{"@id":"https:\/\/www.maitri.pl\/#website"},"primaryImageOfPage":{"@id":"https:\/\/www.maitri.pl\/projekt\/dozywianie-osieroconych-niemowlat-burundi\/#primaryimage"},"image":{"@id":"https:\/\/www.maitri.pl\/projekt\/dozywianie-osieroconych-niemowlat-burundi\/#primaryimage"},"thumbnailUrl":"https:\/\/www.maitri.pl\/wp-content\/uploads\/2023\/04\/20100202-AFRYKA-10734.jpg","datePublished":"2023-04-06T15:03:20+00:00","dateModified":"2024-02-07T11:53:40+00:00","description":"Do\u017cywianie osieroconych niemowl\u0105t oraz chorych w O\u015brodku Zdrowia w Buraniro w Burundi. O pomoc prosz\u0105 Siostry Kanoniczki. Wsparcie otrzyma 3,5 tys. os\u00f3b.","breadcrumb":{"@id":"https:\/\/www.maitri.pl\/projekt\/dozywianie-osieroconych-niemowlat-burundi\/#breadcrumb"},"inLanguage":"fr-FR","potentialAction":[{"@type":"ReadAction","target":["https:\/\/www.maitri.pl\/projekt\/dozywianie-osieroconych-niemowlat-burundi\/"]}]},{"@type":"ImageObject","inLanguage":"fr-FR","@id":"https:\/\/www.maitri.pl\/projekt\/dozywianie-osieroconych-niemowlat-burundi\/#primaryimage","url":"https:\/\/www.maitri.pl\/wp-content\/uploads\/2023\/04\/20100202-AFRYKA-10734.jpg","contentUrl":"https:\/\/www.maitri.pl\/wp-content\/uploads\/2023\/04\/20100202-AFRYKA-10734.jpg","width":2126,"height":1415,"caption":"Do\u017cywianie osieroconych niemowl\u0105t oraz chorych w O\u015brodku Zdrowia w Buraniro Burundi Ruch Maitri Adocpja Serca Adopcja Duchowa Burundi pomoc Afryce 01"},{"@type":"BreadcrumbList","@id":"https:\/\/www.maitri.pl\/projekt\/dozywianie-osieroconych-niemowlat-burundi\/#breadcrumb","itemListElement":[{"@type":"ListItem","position":1,"name":"Strona g\u0142\u00f3wna","item":"https:\/\/www.maitri.pl\/"},{"@type":"ListItem","position":2,"name":"Sklep","item":"https:\/\/www.maitri.pl\/sklep\/"},{"@type":"ListItem","position":3,"name":"Do\u017cywianie osieroconych niemowl\u0105t oraz chorych w O\u015brodku Zdrowia w Buraniro"}]},{"@type":"WebSite","@id":"https:\/\/www.maitri.pl\/#website","url":"https:\/\/www.maitri.pl\/","name":"Adopcja Serca Maitri \u2013 pomoc dzieciom w Afryce","description":"Adopcja Serca \u2013 adopcja na odleg\u0142o\u015b\u0107, pomoc Afryce, do\u017cywianie i edukacja w Afryce","publisher":{"@id":"https:\/\/www.maitri.pl\/#organization"},"potentialAction":[{"@type":"SearchAction","target":{"@type":"EntryPoint","urlTemplate":"https:\/\/www.maitri.pl\/?s={search_term_string}"},"query-input":{"@type":"PropertyValueSpecification","valueRequired":true,"valueName":"search_term_string"}}],"inLanguage":"fr-FR"},{"@type":"Organization","@id":"https:\/\/www.maitri.pl\/#organization","name":"Stowarzyszenie Ruchu Maitri","url":"https:\/\/www.maitri.pl\/","logo":{"@type":"ImageObject","inLanguage":"fr-FR","@id":"https:\/\/www.maitri.pl\/#\/schema\/logo\/image\/","url":"https:\/\/www.maitri.pl\/wp-content\/uploads\/2020\/04\/duze_logo-81.png","contentUrl":"https:\/\/www.maitri.pl\/wp-content\/uploads\/2020\/04\/duze_logo-81.png","width":339,"height":321,"caption":"Stowarzyszenie Ruchu Maitri"},"image":{"@id":"https:\/\/www.maitri.pl\/#\/schema\/logo\/image\/"},"sameAs":["https:\/\/www.facebook.com\/MAITRI.Adopcja.Serca.dzieci.Afryki\/"]}]}},"_links":{"self":[{"href":"https:\/\/www.maitri.pl\/fr\/wp-json\/wp\/v2\/product\/26336","targetHints":{"allow":["GET"]}}],"collection":[{"href":"https:\/\/www.maitri.pl\/fr\/wp-json\/wp\/v2\/product"}],"about":[{"href":"https:\/\/www.maitri.pl\/fr\/wp-json\/wp\/v2\/types\/product"}],"wp:featuredmedia":[{"embeddable":true,"href":"https:\/\/www.maitri.pl\/fr\/wp-json\/wp\/v2\/media\/26364"}],"wp:attachment":[{"href":"https:\/\/www.maitri.pl\/fr\/wp-json\/wp\/v2\/media?parent=26336"}],"wp:term":[{"taxonomy":"product_brand","embeddable":true,"href":"https:\/\/www.maitri.pl\/fr\/wp-json\/wp\/v2\/product_brand?post=26336"},{"taxonomy":"product_cat","embeddable":true,"href":"https:\/\/www.maitri.pl\/fr\/wp-json\/wp\/v2\/product_cat?post=26336"},{"taxonomy":"product_tag","embeddable":true,"href":"https:\/\/www.maitri.pl\/fr\/wp-json\/wp\/v2\/product_tag?post=26336"}],"curies":[{"name":"wp","href":"https:\/\/api.w.org\/{rel}","templated":true}]}}