{"id":26335,"date":"2023-04-06T16:41:06","date_gmt":"2023-04-06T14:41:06","guid":{"rendered":"https:\/\/www.maitri.pl\/?post_type=product&#038;p=26335"},"modified":"2024-02-07T12:53:32","modified_gmt":"2024-02-07T11:53:32","slug":"leki-dla-chorych-burundi","status":"publish","type":"product","link":"https:\/\/www.maitri.pl\/fr\/projekt\/leki-dla-chorych-burundi\/","title":{"rendered":"Zbi\u00f3rka na leki dla chorych z O\u015brodka Zdrowia w Buraniro"},"content":{"rendered":"<h4>Bieda bez dna<\/h4>\n<p>Przez ostatni rok kraj zubo\u017ca\u0142 jeszcze bardziej. Sytuacja finansowa ludzi nie uleg\u0142a poprawie. Wr\u0119cz przeciwnie &#8211; ludzie s\u0105 coraz biedniejsi, zw\u0142aszcza na wsiach.\u00a0 Wida\u0107\u00a0 to wyra\u017anie po ubiorach i wygl\u0105dzie zewn\u0119trznym. Ludzie s\u0105 coraz bardziej chudzi i cz\u0119sto prosz\u0105 o leczenie za darmo lub za prac\u0119 oraz o jedzenie, m\u00f3wi\u0105c \u017ce s\u0105 g\u0142odni.\u00a0 To nie przesada, tylko prawda, kt\u00f3ra porusza serca. Teraz kupujemy leki dla chorych z naszego O\u015brodka Zdrowia, ale \u015brodki si\u0119 ko\u0144cz\u0105. Apelujemy o pomoc!<\/p>\n<h4>\u017bycie za mniej ni\u017c euro dziennie<\/h4>\n<p>Ceny lek\u00f3w ci\u0105gle rosn\u0105, a warto\u015b\u0107 miejscowej waluty ci\u0105gle maleje. Chorzy nie zawsze s\u0105 w stanie zap\u0142aci\u0107 za podstawowe leczenie. Wprawdzie przez ostatnie 2 lata uda\u0142o si\u0119 prawie opanowa\u0107 malari\u0119, gdy\u017c zosta\u0142y rozdane moskitiery. Jednak nadal najbardziej potrzebuj\u0105cy wymagaj\u0105 leczenia w szpitalu. Faktury dochodz\u0105 czasem do 30 tys. frank\u00f3w i wi\u0119cej. Leczenie ambulatoryjne \u015brednio kosztuje 5 do 5,5 tys. frank\u00f3w, a dni\u00f3wka pracy czy kilogram fasoli 2,2 tys. To r\u00f3wnowarto\u015b\u0107 0,8 euro. Nic dziwnego, \u017ce ludzie niedo\u017cywieni cz\u0119\u015bciej zapadaj\u0105 na choroby spo\u0142eczne, jak np. gru\u017alica, czy cz\u0119ste przezi\u0119bienia oraz covid-19 (podejrzenia, bo trudno o testy). Schorzenia zmniejszaj\u0105 odporno\u015b\u0107 i s\u0105 przyczyn\u0105 wielu komplikacji jak problemy p\u0142ucne lub cukrzyca.<\/p>\n<h4>Uchro\u0144my ich zdrowie<\/h4>\n<p>Niezb\u0119dna jest pomoc dla najbardziej potrzebuj\u0105cych. W ten spos\u00f3b zmniejszymy koszty leczenia i nie doprowadzimy do jeszcze g\u0142\u0119bszego zubo\u017cenia rodzin. W ubieg\u0142ym roku z opieki szpitalnej skorzysta\u0142o og\u00f3\u0142em 8240 os\u00f3b. A\u017c 70% to byli chorzy na zapalenie g\u00f3rnych i dolnych dr\u00f3g oddechowych, malari\u0119 i gru\u017alic\u0119 oraz biegunki, na kt\u00f3re cierpia\u0142y zw\u0142aszcza dzieci do lat 5. Leki dla chorych s\u0105 zbyt drogie w stosunku do zarobk\u00f3w tutejszej ludno\u015bci. Prosz\u0119 pom\u00f3\u017ccie kupi\u0107 medykamenty. Za ka\u017cdy gest \u017cyczliwo\u015bci w imieniu chorych m\u00f3wimy B\u00f3g Zap\u0142a\u0107. W duchu wdzi\u0119czno\u015bci kilka razy w ci\u0105gu roku w kaplicy szpitalnej jest odprawiana Msza \u015bw. za dobrodziej\u00f3w z Polski.<\/p>\n<h4><strong>Kosztorys:<\/strong><\/h4>\n<table>\n<tbody>\n<tr>\n<td width=\"42\"><strong>LP<\/strong><\/td>\n<td width=\"221\"><strong>Opis<\/strong><\/td>\n<td width=\"132\"><strong>ilo\u015b\u0107<\/strong><\/td>\n<td width=\"132\"><strong>Cena w miejscowej walucie<\/strong><\/td>\n<td width=\"132\"><strong>Kwota w miejscowej walucie<\/strong><\/td>\n<\/tr>\n<tr>\n<td width=\"42\">1<\/td>\n<td width=\"221\">Doxycycline 100 mg<\/td>\n<td width=\"132\">20bt x1000 ces<\/td>\n<td width=\"132\">75.000<\/td>\n<td width=\"132\">1.500.000<\/td>\n<\/tr>\n<tr>\n<td width=\"42\">2<\/td>\n<td width=\"221\">Amoxyciline\u00a0 500 mg gel<\/td>\n<td width=\"132\">30 bt x 1000 gel<\/td>\n<td width=\"132\">75.000<\/td>\n<td width=\"132\">2.250.000<\/td>\n<\/tr>\n<tr>\n<td width=\"42\">3<\/td>\n<td width=\"221\">Prometazine 25 mg<\/td>\n<td width=\"132\">10bt x 1000 ces<\/td>\n<td width=\"132\">22.500<\/td>\n<td width=\"132\">225.000<\/td>\n<\/tr>\n<tr>\n<td width=\"42\">4<\/td>\n<td width=\"221\">Mebendazole\u00a0 100 mg<\/td>\n<td width=\"132\">40 bts x1000 ces<\/td>\n<td width=\"132\">22.000<\/td>\n<td width=\"132\">880.000<\/p>\n<p>&nbsp;<\/td>\n<\/tr>\n<tr>\n<td width=\"42\">5<\/td>\n<td width=\"221\">Qunine inj 500 mg<\/td>\n<td width=\"132\">30 bt x 100 amp<\/td>\n<td width=\"132\">1.200<\/td>\n<td width=\"132\">3.600.000<\/td>\n<\/tr>\n<tr>\n<td width=\"42\">6<\/td>\n<td width=\"221\">Hydrocortison 100 mg inj<\/td>\n<td width=\"132\">300 amp<\/td>\n<td width=\"132\">1.000<\/td>\n<td width=\"132\">300.000<\/td>\n<\/tr>\n<tr>\n<td width=\"42\">7<\/td>\n<td width=\"221\">Qunine 500 mg<\/td>\n<td width=\"132\">10bt x (10 x 100)<\/td>\n<td width=\"132\">220.000<\/td>\n<td width=\"132\">2.200.000<\/td>\n<\/tr>\n<tr>\n<td width=\"42\">8<\/td>\n<td width=\"221\">Metronidazole inj<\/td>\n<td width=\"132\">\u00a0500 fl<\/td>\n<td width=\"132\">1.000<\/td>\n<td width=\"132\">500.000<\/td>\n<\/tr>\n<tr>\n<td width=\"42\">9<\/td>\n<td width=\"221\">Cetrjaxone 1g inj<\/td>\n<td width=\"132\">2000 amp<\/td>\n<td width=\"132\">1.000<\/td>\n<td width=\"132\">2.000.000<\/p>\n<p>&nbsp;<\/td>\n<\/tr>\n<tr>\n<td width=\"42\">10<\/td>\n<td width=\"221\">Extanciline 2,4 Mega<\/td>\n<td width=\"132\">1.200 fl<\/td>\n<td width=\"132\">1.000<\/td>\n<td width=\"132\">1.200.000<\/td>\n<\/tr>\n<tr>\n<td width=\"42\">11<\/td>\n<td width=\"221\">Metronidazole 250 mg<\/td>\n<td width=\"132\">50 bt 1000 ces<\/td>\n<td width=\"132\">25.000<\/td>\n<td width=\"132\">1.250.000<\/p>\n<p>&nbsp;<\/td>\n<\/tr>\n<tr>\n<td width=\"42\">12<\/td>\n<td width=\"221\">Amoxyciline 250 mg sirop<\/td>\n<td width=\"132\">500 fl<\/td>\n<td width=\"132\">2.000<\/td>\n<td width=\"132\">1.000.000<\/td>\n<\/tr>\n<tr>\n<td width=\"42\">13<\/td>\n<td width=\"221\">Bactrime 240 mg sirop<\/td>\n<td width=\"132\">500 fl<\/td>\n<td width=\"132\">1.500<\/td>\n<td width=\"132\">750.000<\/td>\n<\/tr>\n<tr>\n<td width=\"42\">14<\/td>\n<td width=\"221\">Paracetamal 100 mg sirop<\/td>\n<td width=\"132\">500 fl<\/td>\n<td width=\"132\">1.000<\/td>\n<td width=\"132\">500.000<\/td>\n<\/tr>\n<tr>\n<td width=\"42\"><strong>\u00a0<\/strong><\/td>\n<td colspan=\"2\" width=\"353\"><strong>PODSUMOWANIE w walucie miejscowej<\/strong><\/td>\n<td width=\"132\"><strong>\u00a0<\/strong><\/td>\n<td width=\"132\"><strong>14.255.000<\/strong><\/p>\n<p><strong>\u00a0<\/strong><\/td>\n<\/tr>\n<\/tbody>\n<\/table>\n<p><em><strong>Podsumowanie w miejscowej walucie: 14 255 000 frank\u00f3w burundyjskich<\/strong><\/em><\/p>\n<p><em>Siostra Janina Zakrzewska<\/em>, <a href=\"http:\/\/kanoniczki.pl\/index.php\/pojdz-za-mna\/moje-powolanie\/260-jestem-afrykanka\"> Zgromadzenie Si\u00f3str Kanoniczek Ducha \u015awi\u0119tego de Saxia<\/a>, Buraniro, <a href=\"https:\/\/www.maitri.pl\/gdzie-pomagamy\/\" target=\"_blank\" rel=\"noopener noreferrer\">Burundi<\/a><\/p>\n<p style=\"text-align: justify;\" align=\"JUSTIFY\"><span style=\"color: #ff0000;\"><span style=\"font-size: large;\"><b>Kwota projektu: 3 970 \u20ac<br \/>\n<\/b><\/span><\/span><\/p>\n<p style=\"text-align: justify;\"><strong>Numer projektu: 214\/DUCHA<\/strong><\/p>\n<p style=\"text-align: justify;\" align=\"JUSTIFY\"><span style=\"color: #808080;\">Stowarzyszenie Ruchu\u00a0<em>Maitri<\/em>\u00a0przeznacza do 10% otrzymanych \u015brodk\u00f3w na koszty funkcjonowania biura i pozyskiwanie funduszy pomocowych.<\/span><\/p>\n<h3 style=\"text-align: justify;\" align=\"JUSTIFY\"><span style=\"color: #808080;\">Kupujemy leki dla chorych z O\u015brodka Zdrowia w Buraniro w Burundi<\/span><\/h3>\n","protected":false},"excerpt":{"rendered":"<p><strong>Projekt:<\/strong> <em>Siostra Janina Zakrzewska<\/em>, <a href=\"http:\/\/kanoniczki.pl\/index.php\/pojdz-za-mna\/moje-powolanie\/260-jestem-afrykanka\"> Zgromadzenie Si\u00f3str Kanoniczek Ducha \u015awi\u0119tego de Saxia<\/a><br \/>\n<strong>Misja:<\/strong> Buraniro, <a href=\"https:\/\/www.maitri.pl\/gdzie-pomagamy\/\" target=\"_blank\" rel=\"noopener noreferrer\">Burundi<\/a><br \/>\n<strong>Zbierana kwota: <span style=\"color: #ff0000;\">3 970\u20ac<\/span><\/strong><\/p>\n","protected":false},"featured_media":26358,"template":"","meta":[],"product_brand":[],"product_cat":[656],"product_tag":[666,667,854],"class_list":{"0":"post-26335","1":"product","2":"type-product","3":"status-publish","4":"has-post-thumbnail","6":"product_cat-bez-kategorii","7":"product_tag-buraniro","8":"product_tag-burundi","9":"product_tag-siostra-janina-zakrzewska","11":"first","12":"instock","13":"virtual","14":"purchasable","15":"product-type-simple"},"yoast_head":"<!-- This site is optimized with the Yoast SEO plugin v27.2 - https:\/\/yoast.com\/product\/yoast-seo-wordpress\/ -->\n<title>Kupujemy leki dla chorych z O\u015brodka Zdrowia w Buraniro<\/title>\n<meta name=\"description\" content=\"Kupujemy leki dla chorych z Buraniro. O pomoc prosz\u0105 Siostry Kanoniczki Ducha \u015aw. Tutejszej ludno\u015bci nie sta\u0107 na leki, a wiele dzieci choruje.\" \/>\n<meta name=\"robots\" content=\"index, follow, max-snippet:-1, max-image-preview:large, max-video-preview:-1\" \/>\n<link rel=\"canonical\" href=\"https:\/\/www.maitri.pl\/projekt\/leki-dla-chorych-burundi\/\" \/>\n<meta property=\"og:locale\" content=\"fr_FR\" \/>\n<meta property=\"og:type\" content=\"article\" \/>\n<meta property=\"og:title\" content=\"Kupujemy leki dla chorych z O\u015brodka Zdrowia w Buraniro\" \/>\n<meta property=\"og:description\" content=\"Kupujemy leki dla chorych z Buraniro. O pomoc prosz\u0105 Siostry Kanoniczki Ducha \u015aw. Tutejszej ludno\u015bci nie sta\u0107 na leki, a wiele dzieci choruje.\" \/>\n<meta property=\"og:url\" content=\"https:\/\/www.maitri.pl\/projekt\/leki-dla-chorych-burundi\/\" \/>\n<meta property=\"og:site_name\" content=\"Ruch Maitri - Adopcja Serca pomoc Afryce\" \/>\n<meta property=\"article:publisher\" content=\"https:\/\/www.facebook.com\/MAITRI.Adopcja.Serca.dzieci.Afryki\/\" \/>\n<meta property=\"article:modified_time\" content=\"2024-02-07T11:53:32+00:00\" \/>\n<meta property=\"og:image\" content=\"https:\/\/www.maitri.pl\/wp-content\/uploads\/2023\/04\/DSCF1916-2-scaled.jpg\" \/>\n\t<meta property=\"og:image:width\" content=\"2560\" \/>\n\t<meta property=\"og:image:height\" content=\"1707\" \/>\n\t<meta property=\"og:image:type\" content=\"image\/jpeg\" \/>\n<meta name=\"twitter:card\" content=\"summary_large_image\" \/>\n<meta name=\"twitter:label1\" content=\"Dur\u00e9e de lecture estim\u00e9e\" \/>\n\t<meta name=\"twitter:data1\" content=\"4 minutes\" \/>\n<script type=\"application\/ld+json\" class=\"yoast-schema-graph\">{\"@context\":\"https:\/\/schema.org\",\"@graph\":[{\"@type\":\"WebPage\",\"@id\":\"https:\/\/www.maitri.pl\/projekt\/leki-dla-chorych-burundi\/\",\"url\":\"https:\/\/www.maitri.pl\/projekt\/leki-dla-chorych-burundi\/\",\"name\":\"Kupujemy leki dla chorych z O\u015brodka Zdrowia w Buraniro\",\"isPartOf\":{\"@id\":\"https:\/\/www.maitri.pl\/#website\"},\"primaryImageOfPage\":{\"@id\":\"https:\/\/www.maitri.pl\/projekt\/leki-dla-chorych-burundi\/#primaryimage\"},\"image\":{\"@id\":\"https:\/\/www.maitri.pl\/projekt\/leki-dla-chorych-burundi\/#primaryimage\"},\"thumbnailUrl\":\"https:\/\/www.maitri.pl\/wp-content\/uploads\/2023\/04\/DSCF1916-2-scaled.jpg\",\"datePublished\":\"2023-04-06T14:41:06+00:00\",\"dateModified\":\"2024-02-07T11:53:32+00:00\",\"description\":\"Kupujemy leki dla chorych z Buraniro. O pomoc prosz\u0105 Siostry Kanoniczki Ducha \u015aw. Tutejszej ludno\u015bci nie sta\u0107 na leki, a wiele dzieci choruje.\",\"breadcrumb\":{\"@id\":\"https:\/\/www.maitri.pl\/projekt\/leki-dla-chorych-burundi\/#breadcrumb\"},\"inLanguage\":\"fr-FR\",\"potentialAction\":[{\"@type\":\"ReadAction\",\"target\":[\"https:\/\/www.maitri.pl\/projekt\/leki-dla-chorych-burundi\/\"]}]},{\"@type\":\"ImageObject\",\"inLanguage\":\"fr-FR\",\"@id\":\"https:\/\/www.maitri.pl\/projekt\/leki-dla-chorych-burundi\/#primaryimage\",\"url\":\"https:\/\/www.maitri.pl\/wp-content\/uploads\/2023\/04\/DSCF1916-2-scaled.jpg\",\"contentUrl\":\"https:\/\/www.maitri.pl\/wp-content\/uploads\/2023\/04\/DSCF1916-2-scaled.jpg\",\"width\":2560,\"height\":1707,\"caption\":\"Kupujemy leki dla chorych z O\u015brodka Zdrowia w Buraniro Adopcja Serca Maitri pomoc Afryce Adopcja duchowa 06\"},{\"@type\":\"BreadcrumbList\",\"@id\":\"https:\/\/www.maitri.pl\/projekt\/leki-dla-chorych-burundi\/#breadcrumb\",\"itemListElement\":[{\"@type\":\"ListItem\",\"position\":1,\"name\":\"Strona g\u0142\u00f3wna\",\"item\":\"https:\/\/www.maitri.pl\/\"},{\"@type\":\"ListItem\",\"position\":2,\"name\":\"Sklep\",\"item\":\"https:\/\/www.maitri.pl\/sklep\/\"},{\"@type\":\"ListItem\",\"position\":3,\"name\":\"Zbi\u00f3rka na leki dla chorych z O\u015brodka Zdrowia w Buraniro\"}]},{\"@type\":\"WebSite\",\"@id\":\"https:\/\/www.maitri.pl\/#website\",\"url\":\"https:\/\/www.maitri.pl\/\",\"name\":\"Adopcja Serca Maitri \u2013 pomoc dzieciom w Afryce\",\"description\":\"Adopcja Serca \u2013 adopcja na odleg\u0142o\u015b\u0107, pomoc Afryce, do\u017cywianie i edukacja w Afryce\",\"publisher\":{\"@id\":\"https:\/\/www.maitri.pl\/#organization\"},\"potentialAction\":[{\"@type\":\"SearchAction\",\"target\":{\"@type\":\"EntryPoint\",\"urlTemplate\":\"https:\/\/www.maitri.pl\/?s={search_term_string}\"},\"query-input\":{\"@type\":\"PropertyValueSpecification\",\"valueRequired\":true,\"valueName\":\"search_term_string\"}}],\"inLanguage\":\"fr-FR\"},{\"@type\":\"Organization\",\"@id\":\"https:\/\/www.maitri.pl\/#organization\",\"name\":\"Stowarzyszenie Ruchu Maitri\",\"url\":\"https:\/\/www.maitri.pl\/\",\"logo\":{\"@type\":\"ImageObject\",\"inLanguage\":\"fr-FR\",\"@id\":\"https:\/\/www.maitri.pl\/#\/schema\/logo\/image\/\",\"url\":\"https:\/\/www.maitri.pl\/wp-content\/uploads\/2020\/04\/duze_logo-81.png\",\"contentUrl\":\"https:\/\/www.maitri.pl\/wp-content\/uploads\/2020\/04\/duze_logo-81.png\",\"width\":339,\"height\":321,\"caption\":\"Stowarzyszenie Ruchu Maitri\"},\"image\":{\"@id\":\"https:\/\/www.maitri.pl\/#\/schema\/logo\/image\/\"},\"sameAs\":[\"https:\/\/www.facebook.com\/MAITRI.Adopcja.Serca.dzieci.Afryki\/\"]}]}<\/script>\n<!-- \/ Yoast SEO plugin. -->","yoast_head_json":{"title":"Kupujemy leki dla chorych z O\u015brodka Zdrowia w Buraniro","description":"Kupujemy leki dla chorych z Buraniro. O pomoc prosz\u0105 Siostry Kanoniczki Ducha \u015aw. Tutejszej ludno\u015bci nie sta\u0107 na leki, a wiele dzieci choruje.","robots":{"index":"index","follow":"follow","max-snippet":"max-snippet:-1","max-image-preview":"max-image-preview:large","max-video-preview":"max-video-preview:-1"},"canonical":"https:\/\/www.maitri.pl\/projekt\/leki-dla-chorych-burundi\/","og_locale":"fr_FR","og_type":"article","og_title":"Kupujemy leki dla chorych z O\u015brodka Zdrowia w Buraniro","og_description":"Kupujemy leki dla chorych z Buraniro. O pomoc prosz\u0105 Siostry Kanoniczki Ducha \u015aw. Tutejszej ludno\u015bci nie sta\u0107 na leki, a wiele dzieci choruje.","og_url":"https:\/\/www.maitri.pl\/projekt\/leki-dla-chorych-burundi\/","og_site_name":"Ruch Maitri - Adopcja Serca pomoc Afryce","article_publisher":"https:\/\/www.facebook.com\/MAITRI.Adopcja.Serca.dzieci.Afryki\/","article_modified_time":"2024-02-07T11:53:32+00:00","og_image":[{"width":2560,"height":1707,"url":"https:\/\/www.maitri.pl\/wp-content\/uploads\/2023\/04\/DSCF1916-2-scaled.jpg","type":"image\/jpeg"}],"twitter_card":"summary_large_image","twitter_misc":{"Dur\u00e9e de lecture estim\u00e9e":"4 minutes"},"schema":{"@context":"https:\/\/schema.org","@graph":[{"@type":"WebPage","@id":"https:\/\/www.maitri.pl\/projekt\/leki-dla-chorych-burundi\/","url":"https:\/\/www.maitri.pl\/projekt\/leki-dla-chorych-burundi\/","name":"Kupujemy leki dla chorych z O\u015brodka Zdrowia w Buraniro","isPartOf":{"@id":"https:\/\/www.maitri.pl\/#website"},"primaryImageOfPage":{"@id":"https:\/\/www.maitri.pl\/projekt\/leki-dla-chorych-burundi\/#primaryimage"},"image":{"@id":"https:\/\/www.maitri.pl\/projekt\/leki-dla-chorych-burundi\/#primaryimage"},"thumbnailUrl":"https:\/\/www.maitri.pl\/wp-content\/uploads\/2023\/04\/DSCF1916-2-scaled.jpg","datePublished":"2023-04-06T14:41:06+00:00","dateModified":"2024-02-07T11:53:32+00:00","description":"Kupujemy leki dla chorych z Buraniro. O pomoc prosz\u0105 Siostry Kanoniczki Ducha \u015aw. Tutejszej ludno\u015bci nie sta\u0107 na leki, a wiele dzieci choruje.","breadcrumb":{"@id":"https:\/\/www.maitri.pl\/projekt\/leki-dla-chorych-burundi\/#breadcrumb"},"inLanguage":"fr-FR","potentialAction":[{"@type":"ReadAction","target":["https:\/\/www.maitri.pl\/projekt\/leki-dla-chorych-burundi\/"]}]},{"@type":"ImageObject","inLanguage":"fr-FR","@id":"https:\/\/www.maitri.pl\/projekt\/leki-dla-chorych-burundi\/#primaryimage","url":"https:\/\/www.maitri.pl\/wp-content\/uploads\/2023\/04\/DSCF1916-2-scaled.jpg","contentUrl":"https:\/\/www.maitri.pl\/wp-content\/uploads\/2023\/04\/DSCF1916-2-scaled.jpg","width":2560,"height":1707,"caption":"Kupujemy leki dla chorych z O\u015brodka Zdrowia w Buraniro Adopcja Serca Maitri pomoc Afryce Adopcja duchowa 06"},{"@type":"BreadcrumbList","@id":"https:\/\/www.maitri.pl\/projekt\/leki-dla-chorych-burundi\/#breadcrumb","itemListElement":[{"@type":"ListItem","position":1,"name":"Strona g\u0142\u00f3wna","item":"https:\/\/www.maitri.pl\/"},{"@type":"ListItem","position":2,"name":"Sklep","item":"https:\/\/www.maitri.pl\/sklep\/"},{"@type":"ListItem","position":3,"name":"Zbi\u00f3rka na leki dla chorych z O\u015brodka Zdrowia w Buraniro"}]},{"@type":"WebSite","@id":"https:\/\/www.maitri.pl\/#website","url":"https:\/\/www.maitri.pl\/","name":"Adopcja Serca Maitri \u2013 pomoc dzieciom w Afryce","description":"Adopcja Serca \u2013 adopcja na odleg\u0142o\u015b\u0107, pomoc Afryce, do\u017cywianie i edukacja w Afryce","publisher":{"@id":"https:\/\/www.maitri.pl\/#organization"},"potentialAction":[{"@type":"SearchAction","target":{"@type":"EntryPoint","urlTemplate":"https:\/\/www.maitri.pl\/?s={search_term_string}"},"query-input":{"@type":"PropertyValueSpecification","valueRequired":true,"valueName":"search_term_string"}}],"inLanguage":"fr-FR"},{"@type":"Organization","@id":"https:\/\/www.maitri.pl\/#organization","name":"Stowarzyszenie Ruchu Maitri","url":"https:\/\/www.maitri.pl\/","logo":{"@type":"ImageObject","inLanguage":"fr-FR","@id":"https:\/\/www.maitri.pl\/#\/schema\/logo\/image\/","url":"https:\/\/www.maitri.pl\/wp-content\/uploads\/2020\/04\/duze_logo-81.png","contentUrl":"https:\/\/www.maitri.pl\/wp-content\/uploads\/2020\/04\/duze_logo-81.png","width":339,"height":321,"caption":"Stowarzyszenie Ruchu Maitri"},"image":{"@id":"https:\/\/www.maitri.pl\/#\/schema\/logo\/image\/"},"sameAs":["https:\/\/www.facebook.com\/MAITRI.Adopcja.Serca.dzieci.Afryki\/"]}]}},"_links":{"self":[{"href":"https:\/\/www.maitri.pl\/fr\/wp-json\/wp\/v2\/product\/26335","targetHints":{"allow":["GET"]}}],"collection":[{"href":"https:\/\/www.maitri.pl\/fr\/wp-json\/wp\/v2\/product"}],"about":[{"href":"https:\/\/www.maitri.pl\/fr\/wp-json\/wp\/v2\/types\/product"}],"wp:featuredmedia":[{"embeddable":true,"href":"https:\/\/www.maitri.pl\/fr\/wp-json\/wp\/v2\/media\/26358"}],"wp:attachment":[{"href":"https:\/\/www.maitri.pl\/fr\/wp-json\/wp\/v2\/media?parent=26335"}],"wp:term":[{"taxonomy":"product_brand","embeddable":true,"href":"https:\/\/www.maitri.pl\/fr\/wp-json\/wp\/v2\/product_brand?post=26335"},{"taxonomy":"product_cat","embeddable":true,"href":"https:\/\/www.maitri.pl\/fr\/wp-json\/wp\/v2\/product_cat?post=26335"},{"taxonomy":"product_tag","embeddable":true,"href":"https:\/\/www.maitri.pl\/fr\/wp-json\/wp\/v2\/product_tag?post=26335"}],"curies":[{"name":"wp","href":"https:\/\/api.w.org\/{rel}","templated":true}]}}