{"id":26324,"date":"2023-04-06T17:03:43","date_gmt":"2023-04-06T15:03:43","guid":{"rendered":"https:\/\/www.maitri.pl\/?post_type=product&#038;p=26324"},"modified":"2024-02-07T12:53:56","modified_gmt":"2024-02-07T11:53:56","slug":"szkola-podstawowa-madagaskar","status":"publish","type":"product","link":"https:\/\/www.maitri.pl\/fr\/projekt\/szkola-podstawowa-madagaskar\/","title":{"rendered":"Szko\u0142a podstawowa \u015aw. \u0141ukasza na Madagaskarze potrzebuje wyposa\u017cenia!"},"content":{"rendered":"<h4>Szko\u0142a w drewnianych chatkach<\/h4>\n<p>Edukacja na prowincji nie jest priorytetem rz\u0105du na Madagaskarze. Nawet szko\u0142y publiczne s\u0105 tam p\u0142atne, dlatego konieczna jest pomoc poprzez program <a href=\"https:\/\/www.maitri.pl\/adopcja-serca\/\" target=\"_blank\" rel=\"noopener\">Adopcja Serca<\/a>. Szko\u0142a podstawowa \u015bw. \u0141ukasza zosta\u0142a za\u0142o\u017cona w misji w diecezji Mananjary. W tym roku budujemy now\u0105 szko\u0142\u0119, kt\u00f3ra zast\u0105pi drewniane domki. Do szko\u0142y potrzebujemy \u0142awek dla dzieci i szafek dla nauczycieli. Dotychczasowe \u0142awki s\u0105 zniszczone, a liczba dzieci w szkole wzrasta.<\/p>\n<h4>Wie\u015b bez pr\u0105du<\/h4>\n<p>Na miejscu nie mamy stolarzy, nie ma te\u017c pr\u0105du. \u0141awki trzeba zrobi\u0107 w Mananjary i przetransportowa\u0107 ok. 80 km. W ka\u017cdej klasie b\u0119dzie 15 podw\u00f3jnych \u0142awek z siedzeniami + biurko dla nauczyciela i szafka. Przewidywany czas produkcji oko\u0142o 5 miesi\u0119cy.\u00a0Obecnie w szkole jest 200 dzieci, ale b\u0119dzie du\u017co wi\u0119cej, bo jest kolejka tych co prosz\u0105 o zapisanie.<\/p>\n<h4>Potrzebne s\u0105 \u0142awki dla uczni\u00f3w<\/h4>\n<p>Szko\u0142a jest budowana dzi\u0119ki Polskiej Fundacji dla Afryki, niestety koszt budowy szko\u0142y okaza\u0142 si\u0119 na tyle du\u017cy (30.000 \u20ac), \u017ce nie chcia\u0142em do tego dok\u0142ada\u0107 jeszcze kosztu mebli.\u00a0Nowe \u0142awki przyczyni\u0105 si\u0119 do poprawienia oferty edukacyjnej szko\u0142y, podniesienia poziomu nauczania, umo\u017cliwi przyj\u0119cie wi\u0119kszej liczby dzieci, co wp\u0142ynie na zmniejszenie analfabetyzmu w rejonie.\u00a0Skorzystaj\u0105 na tym dzieci (obecnie 200 uczni\u00f3w), nauczyciele, rodzice, ca\u0142e miasto i 12 okolicznych wiosek. Apelujemy o pomoc.<\/p>\n<h4><strong>Kosztorys:<\/strong><\/h4>\n<table>\n<tbody>\n<tr>\n<td width=\"34\">LP<\/td>\n<td width=\"227\">OPIS<\/td>\n<td width=\"113\">Jedn. miary<\/td>\n<td width=\"129\">CENA w walucie miejscowej<\/td>\n<td width=\"156\">KWOTA w walucie miejscowej (ariary)<\/td>\n<\/tr>\n<tr>\n<td width=\"34\">1<\/td>\n<td width=\"227\">\u0141awka dla dzieci 60\/35<\/td>\n<td width=\"113\">30<\/td>\n<td width=\"129\">110.000<\/td>\n<td width=\"156\">3.300.000<\/td>\n<\/tr>\n<tr>\n<td width=\"34\">2<\/td>\n<td width=\"227\">\u0141awka dla dzieci 70\/40<\/td>\n<td width=\"113\">30<\/td>\n<td width=\"129\">112.000<\/td>\n<td width=\"156\">3.360.000<\/td>\n<\/tr>\n<tr>\n<td width=\"34\">3<\/td>\n<td width=\"227\">\u0141awka dla dzieci 75\/45<\/td>\n<td width=\"113\">30<\/td>\n<td width=\"129\">115.000<\/td>\n<td width=\"156\">3.450.000<\/td>\n<\/tr>\n<tr>\n<td width=\"34\">4<\/td>\n<td width=\"227\">Biurko dla nauczyciela<\/td>\n<td width=\"113\">\u00a06<\/td>\n<td width=\"129\">110.000<\/td>\n<td width=\"156\">660.000<\/td>\n<\/tr>\n<tr>\n<td width=\"34\">5<\/td>\n<td width=\"227\">Krzes\u0142o dla nauczyciela<\/td>\n<td width=\"113\">\u00a06<\/td>\n<td width=\"129\">55.000<\/td>\n<td width=\"156\">330.000<\/td>\n<\/tr>\n<tr>\n<td width=\"34\">6<\/td>\n<td width=\"227\">Szafka dla nauczyciela<\/td>\n<td width=\"113\">\u00a06<\/td>\n<td width=\"129\">250.000<\/td>\n<td width=\"156\">1.500.000<\/td>\n<\/tr>\n<tr>\n<td width=\"34\">7<\/td>\n<td width=\"227\">Tablica z podp\u00f3rk\u0105 na kred\u0119<\/td>\n<td width=\"113\">12<\/td>\n<td width=\"129\">110.000<\/td>\n<td width=\"156\">1.320.000<\/td>\n<\/tr>\n<tr>\n<td width=\"34\">8<\/td>\n<td width=\"227\">Tablica og\u0142osze\u0144<\/td>\n<td width=\"113\">\u00a02<\/td>\n<td width=\"129\">115.000<\/td>\n<td width=\"156\">230.000<\/td>\n<\/tr>\n<tr>\n<td width=\"34\">9<\/td>\n<td width=\"227\">Transport<\/td>\n<td width=\"113\"><\/td>\n<td width=\"129\"><\/td>\n<td width=\"156\">2.000.000<\/td>\n<\/tr>\n<tr>\n<td colspan=\"3\" width=\"374\"><strong>PODSUMOWANIE <\/strong>w miejscowej walucie<\/td>\n<td width=\"129\"><\/td>\n<td width=\"156\"><strong>16.150.00<\/strong><\/td>\n<\/tr>\n<\/tbody>\n<\/table>\n<p>o. Adam Brodzik SVD<em>, <\/em><a href=\"https:\/\/werbisci.pl\/index.php\/pl\/\" target=\"_blank\" rel=\"noopener\">Zgromadzenie Ksi\u0119\u017cy Werbist\u00f3w<\/a><\/p>\n<p style=\"text-align: justify;\" align=\"JUSTIFY\"><span style=\"color: #ff0000;\"><span style=\"font-size: large;\"><b>Ca\u0142kowity koszt projektu: 3 990 \u20ac<\/b><\/span><\/span><\/p>\n<p style=\"text-align: justify;\" align=\"JUSTIFY\">Numer projektu: <strong>04\/DIEMA<\/strong><\/p>\n<p style=\"text-align: justify;\" align=\"JUSTIFY\"><span style=\"color: #808080;\">Stowarzyszenie Ruchu\u00a0<em>Maitri<\/em> przeznacza do 10% otrzymanych \u015brodk\u00f3w na koszty funkcjonowania biura i pozyskiwanie funduszy pomocowych. <\/span><\/p>\n<h3 style=\"text-align: justify;\" align=\"JUSTIFY\"><span style=\"color: #808080;\">Szko\u0142a podstawowa \u015aw. \u0141ukasza na Madagaskarze potrzebuje wyposa\u017cenia!<\/span><\/h3>\n","protected":false},"excerpt":{"rendered":"<p><strong>Projekt:\u00a0<\/strong> <em>o. Adam Brodzik SVD, <\/em><a href=\"https:\/\/werbisci.pl\/index.php\/pl\/\" target=\"_blank\" rel=\"noopener\">Zgromadzenie Ksi\u0119\u017cy Werbist\u00f3w<\/a><br \/>\n<strong>Misja:<\/strong> Mananjary, <a href=\"https:\/\/www.maitri.pl\/gdzie-pomagamy\/\" target=\"_blank\" rel=\"noopener\">Madagaskar<\/a><br \/>\n<strong>Kwota projektu: <span style=\"color: #ff0000;\">3990 \u20ac<\/span><\/strong><\/p>\n","protected":false},"featured_media":26329,"template":"","meta":[],"product_brand":[],"product_cat":[656],"product_tag":[966,693,957,872],"class_list":{"0":"post-26324","1":"product","2":"type-product","3":"status-publish","4":"has-post-thumbnail","6":"product_cat-bez-kategorii","7":"product_tag-ks-adam-brodzik","8":"product_tag-madagaskar","9":"product_tag-szkola","10":"product_tag-werbisci","12":"first","13":"instock","14":"virtual","15":"purchasable","16":"product-type-simple"},"yoast_head":"<!-- This site is optimized with the Yoast SEO plugin v27.2 - https:\/\/yoast.com\/product\/yoast-seo-wordpress\/ -->\n<title>Szko\u0142a podstawowa na Madagaskarze potrzebuje wyposa\u017cenia!<\/title>\n<meta name=\"description\" content=\"Szko\u0142a podstawowa \u015aw. \u0141ukasza na Madagaskarze potrzebuje wyposa\u017cenia! Potrzebne s\u0105 \u0142awki, stoliki i szafki. O pomoc prosz\u0105 Ksi\u0119\u017ca Werbi\u015bci.\" \/>\n<meta name=\"robots\" content=\"index, follow, max-snippet:-1, max-image-preview:large, max-video-preview:-1\" \/>\n<link rel=\"canonical\" href=\"https:\/\/www.maitri.pl\/projekt\/szkola-podstawowa-madagaskar\/\" \/>\n<meta property=\"og:locale\" content=\"fr_FR\" \/>\n<meta property=\"og:type\" content=\"article\" \/>\n<meta property=\"og:title\" content=\"Szko\u0142a podstawowa na Madagaskarze potrzebuje wyposa\u017cenia!\" \/>\n<meta property=\"og:description\" content=\"Szko\u0142a podstawowa \u015aw. \u0141ukasza na Madagaskarze potrzebuje wyposa\u017cenia! Potrzebne s\u0105 \u0142awki, stoliki i szafki. O pomoc prosz\u0105 Ksi\u0119\u017ca Werbi\u015bci.\" \/>\n<meta property=\"og:url\" content=\"https:\/\/www.maitri.pl\/projekt\/szkola-podstawowa-madagaskar\/\" \/>\n<meta property=\"og:site_name\" content=\"Ruch Maitri - Adopcja Serca pomoc Afryce\" \/>\n<meta property=\"article:publisher\" content=\"https:\/\/www.facebook.com\/MAITRI.Adopcja.Serca.dzieci.Afryki\/\" \/>\n<meta property=\"article:modified_time\" content=\"2024-02-07T11:53:56+00:00\" \/>\n<meta property=\"og:image\" content=\"https:\/\/www.maitri.pl\/wp-content\/uploads\/2023\/04\/IMG-20230127-WA0006.jpg\" \/>\n\t<meta property=\"og:image:width\" content=\"1600\" \/>\n\t<meta property=\"og:image:height\" content=\"738\" \/>\n\t<meta property=\"og:image:type\" content=\"image\/jpeg\" \/>\n<meta name=\"twitter:card\" content=\"summary_large_image\" \/>\n<meta name=\"twitter:label1\" content=\"Dur\u00e9e de lecture estim\u00e9e\" \/>\n\t<meta name=\"twitter:data1\" content=\"2 minutes\" \/>\n<script type=\"application\/ld+json\" class=\"yoast-schema-graph\">{\"@context\":\"https:\/\/schema.org\",\"@graph\":[{\"@type\":\"WebPage\",\"@id\":\"https:\/\/www.maitri.pl\/projekt\/szkola-podstawowa-madagaskar\/\",\"url\":\"https:\/\/www.maitri.pl\/projekt\/szkola-podstawowa-madagaskar\/\",\"name\":\"Szko\u0142a podstawowa na Madagaskarze potrzebuje wyposa\u017cenia!\",\"isPartOf\":{\"@id\":\"https:\/\/www.maitri.pl\/#website\"},\"primaryImageOfPage\":{\"@id\":\"https:\/\/www.maitri.pl\/projekt\/szkola-podstawowa-madagaskar\/#primaryimage\"},\"image\":{\"@id\":\"https:\/\/www.maitri.pl\/projekt\/szkola-podstawowa-madagaskar\/#primaryimage\"},\"thumbnailUrl\":\"https:\/\/www.maitri.pl\/wp-content\/uploads\/2023\/04\/IMG-20230127-WA0006.jpg\",\"datePublished\":\"2023-04-06T15:03:43+00:00\",\"dateModified\":\"2024-02-07T11:53:56+00:00\",\"description\":\"Szko\u0142a podstawowa \u015aw. \u0141ukasza na Madagaskarze potrzebuje wyposa\u017cenia! Potrzebne s\u0105 \u0142awki, stoliki i szafki. O pomoc prosz\u0105 Ksi\u0119\u017ca Werbi\u015bci.\",\"breadcrumb\":{\"@id\":\"https:\/\/www.maitri.pl\/projekt\/szkola-podstawowa-madagaskar\/#breadcrumb\"},\"inLanguage\":\"fr-FR\",\"potentialAction\":[{\"@type\":\"ReadAction\",\"target\":[\"https:\/\/www.maitri.pl\/projekt\/szkola-podstawowa-madagaskar\/\"]}]},{\"@type\":\"ImageObject\",\"inLanguage\":\"fr-FR\",\"@id\":\"https:\/\/www.maitri.pl\/projekt\/szkola-podstawowa-madagaskar\/#primaryimage\",\"url\":\"https:\/\/www.maitri.pl\/wp-content\/uploads\/2023\/04\/IMG-20230127-WA0006.jpg\",\"contentUrl\":\"https:\/\/www.maitri.pl\/wp-content\/uploads\/2023\/04\/IMG-20230127-WA0006.jpg\",\"width\":1600,\"height\":738,\"caption\":\"Szko\u0142a podstawowa \u015aw. \u0141ukasza na Madagaskarze potrzebuje wyposa\u017cenia Adopcja Serca Maitri 03\"},{\"@type\":\"BreadcrumbList\",\"@id\":\"https:\/\/www.maitri.pl\/projekt\/szkola-podstawowa-madagaskar\/#breadcrumb\",\"itemListElement\":[{\"@type\":\"ListItem\",\"position\":1,\"name\":\"Strona g\u0142\u00f3wna\",\"item\":\"https:\/\/www.maitri.pl\/\"},{\"@type\":\"ListItem\",\"position\":2,\"name\":\"Sklep\",\"item\":\"https:\/\/www.maitri.pl\/sklep\/\"},{\"@type\":\"ListItem\",\"position\":3,\"name\":\"Szko\u0142a podstawowa \u015aw. \u0141ukasza na Madagaskarze potrzebuje wyposa\u017cenia!\"}]},{\"@type\":\"WebSite\",\"@id\":\"https:\/\/www.maitri.pl\/#website\",\"url\":\"https:\/\/www.maitri.pl\/\",\"name\":\"Adopcja Serca Maitri \u2013 pomoc dzieciom w Afryce\",\"description\":\"Adopcja Serca \u2013 adopcja na odleg\u0142o\u015b\u0107, pomoc Afryce, do\u017cywianie i edukacja w Afryce\",\"publisher\":{\"@id\":\"https:\/\/www.maitri.pl\/#organization\"},\"potentialAction\":[{\"@type\":\"SearchAction\",\"target\":{\"@type\":\"EntryPoint\",\"urlTemplate\":\"https:\/\/www.maitri.pl\/?s={search_term_string}\"},\"query-input\":{\"@type\":\"PropertyValueSpecification\",\"valueRequired\":true,\"valueName\":\"search_term_string\"}}],\"inLanguage\":\"fr-FR\"},{\"@type\":\"Organization\",\"@id\":\"https:\/\/www.maitri.pl\/#organization\",\"name\":\"Stowarzyszenie Ruchu Maitri\",\"url\":\"https:\/\/www.maitri.pl\/\",\"logo\":{\"@type\":\"ImageObject\",\"inLanguage\":\"fr-FR\",\"@id\":\"https:\/\/www.maitri.pl\/#\/schema\/logo\/image\/\",\"url\":\"https:\/\/www.maitri.pl\/wp-content\/uploads\/2020\/04\/duze_logo-81.png\",\"contentUrl\":\"https:\/\/www.maitri.pl\/wp-content\/uploads\/2020\/04\/duze_logo-81.png\",\"width\":339,\"height\":321,\"caption\":\"Stowarzyszenie Ruchu Maitri\"},\"image\":{\"@id\":\"https:\/\/www.maitri.pl\/#\/schema\/logo\/image\/\"},\"sameAs\":[\"https:\/\/www.facebook.com\/MAITRI.Adopcja.Serca.dzieci.Afryki\/\"]}]}<\/script>\n<!-- \/ Yoast SEO plugin. -->","yoast_head_json":{"title":"Szko\u0142a podstawowa na Madagaskarze potrzebuje wyposa\u017cenia!","description":"Szko\u0142a podstawowa \u015aw. \u0141ukasza na Madagaskarze potrzebuje wyposa\u017cenia! Potrzebne s\u0105 \u0142awki, stoliki i szafki. O pomoc prosz\u0105 Ksi\u0119\u017ca Werbi\u015bci.","robots":{"index":"index","follow":"follow","max-snippet":"max-snippet:-1","max-image-preview":"max-image-preview:large","max-video-preview":"max-video-preview:-1"},"canonical":"https:\/\/www.maitri.pl\/projekt\/szkola-podstawowa-madagaskar\/","og_locale":"fr_FR","og_type":"article","og_title":"Szko\u0142a podstawowa na Madagaskarze potrzebuje wyposa\u017cenia!","og_description":"Szko\u0142a podstawowa \u015aw. \u0141ukasza na Madagaskarze potrzebuje wyposa\u017cenia! Potrzebne s\u0105 \u0142awki, stoliki i szafki. O pomoc prosz\u0105 Ksi\u0119\u017ca Werbi\u015bci.","og_url":"https:\/\/www.maitri.pl\/projekt\/szkola-podstawowa-madagaskar\/","og_site_name":"Ruch Maitri - Adopcja Serca pomoc Afryce","article_publisher":"https:\/\/www.facebook.com\/MAITRI.Adopcja.Serca.dzieci.Afryki\/","article_modified_time":"2024-02-07T11:53:56+00:00","og_image":[{"width":1600,"height":738,"url":"https:\/\/www.maitri.pl\/wp-content\/uploads\/2023\/04\/IMG-20230127-WA0006.jpg","type":"image\/jpeg"}],"twitter_card":"summary_large_image","twitter_misc":{"Dur\u00e9e de lecture estim\u00e9e":"2 minutes"},"schema":{"@context":"https:\/\/schema.org","@graph":[{"@type":"WebPage","@id":"https:\/\/www.maitri.pl\/projekt\/szkola-podstawowa-madagaskar\/","url":"https:\/\/www.maitri.pl\/projekt\/szkola-podstawowa-madagaskar\/","name":"Szko\u0142a podstawowa na Madagaskarze potrzebuje wyposa\u017cenia!","isPartOf":{"@id":"https:\/\/www.maitri.pl\/#website"},"primaryImageOfPage":{"@id":"https:\/\/www.maitri.pl\/projekt\/szkola-podstawowa-madagaskar\/#primaryimage"},"image":{"@id":"https:\/\/www.maitri.pl\/projekt\/szkola-podstawowa-madagaskar\/#primaryimage"},"thumbnailUrl":"https:\/\/www.maitri.pl\/wp-content\/uploads\/2023\/04\/IMG-20230127-WA0006.jpg","datePublished":"2023-04-06T15:03:43+00:00","dateModified":"2024-02-07T11:53:56+00:00","description":"Szko\u0142a podstawowa \u015aw. \u0141ukasza na Madagaskarze potrzebuje wyposa\u017cenia! Potrzebne s\u0105 \u0142awki, stoliki i szafki. O pomoc prosz\u0105 Ksi\u0119\u017ca Werbi\u015bci.","breadcrumb":{"@id":"https:\/\/www.maitri.pl\/projekt\/szkola-podstawowa-madagaskar\/#breadcrumb"},"inLanguage":"fr-FR","potentialAction":[{"@type":"ReadAction","target":["https:\/\/www.maitri.pl\/projekt\/szkola-podstawowa-madagaskar\/"]}]},{"@type":"ImageObject","inLanguage":"fr-FR","@id":"https:\/\/www.maitri.pl\/projekt\/szkola-podstawowa-madagaskar\/#primaryimage","url":"https:\/\/www.maitri.pl\/wp-content\/uploads\/2023\/04\/IMG-20230127-WA0006.jpg","contentUrl":"https:\/\/www.maitri.pl\/wp-content\/uploads\/2023\/04\/IMG-20230127-WA0006.jpg","width":1600,"height":738,"caption":"Szko\u0142a podstawowa \u015aw. \u0141ukasza na Madagaskarze potrzebuje wyposa\u017cenia Adopcja Serca Maitri 03"},{"@type":"BreadcrumbList","@id":"https:\/\/www.maitri.pl\/projekt\/szkola-podstawowa-madagaskar\/#breadcrumb","itemListElement":[{"@type":"ListItem","position":1,"name":"Strona g\u0142\u00f3wna","item":"https:\/\/www.maitri.pl\/"},{"@type":"ListItem","position":2,"name":"Sklep","item":"https:\/\/www.maitri.pl\/sklep\/"},{"@type":"ListItem","position":3,"name":"Szko\u0142a podstawowa \u015aw. \u0141ukasza na Madagaskarze potrzebuje wyposa\u017cenia!"}]},{"@type":"WebSite","@id":"https:\/\/www.maitri.pl\/#website","url":"https:\/\/www.maitri.pl\/","name":"Adopcja Serca Maitri \u2013 pomoc dzieciom w Afryce","description":"Adopcja Serca \u2013 adopcja na odleg\u0142o\u015b\u0107, pomoc Afryce, do\u017cywianie i edukacja w Afryce","publisher":{"@id":"https:\/\/www.maitri.pl\/#organization"},"potentialAction":[{"@type":"SearchAction","target":{"@type":"EntryPoint","urlTemplate":"https:\/\/www.maitri.pl\/?s={search_term_string}"},"query-input":{"@type":"PropertyValueSpecification","valueRequired":true,"valueName":"search_term_string"}}],"inLanguage":"fr-FR"},{"@type":"Organization","@id":"https:\/\/www.maitri.pl\/#organization","name":"Stowarzyszenie Ruchu Maitri","url":"https:\/\/www.maitri.pl\/","logo":{"@type":"ImageObject","inLanguage":"fr-FR","@id":"https:\/\/www.maitri.pl\/#\/schema\/logo\/image\/","url":"https:\/\/www.maitri.pl\/wp-content\/uploads\/2020\/04\/duze_logo-81.png","contentUrl":"https:\/\/www.maitri.pl\/wp-content\/uploads\/2020\/04\/duze_logo-81.png","width":339,"height":321,"caption":"Stowarzyszenie Ruchu Maitri"},"image":{"@id":"https:\/\/www.maitri.pl\/#\/schema\/logo\/image\/"},"sameAs":["https:\/\/www.facebook.com\/MAITRI.Adopcja.Serca.dzieci.Afryki\/"]}]}},"_links":{"self":[{"href":"https:\/\/www.maitri.pl\/fr\/wp-json\/wp\/v2\/product\/26324","targetHints":{"allow":["GET"]}}],"collection":[{"href":"https:\/\/www.maitri.pl\/fr\/wp-json\/wp\/v2\/product"}],"about":[{"href":"https:\/\/www.maitri.pl\/fr\/wp-json\/wp\/v2\/types\/product"}],"wp:featuredmedia":[{"embeddable":true,"href":"https:\/\/www.maitri.pl\/fr\/wp-json\/wp\/v2\/media\/26329"}],"wp:attachment":[{"href":"https:\/\/www.maitri.pl\/fr\/wp-json\/wp\/v2\/media?parent=26324"}],"wp:term":[{"taxonomy":"product_brand","embeddable":true,"href":"https:\/\/www.maitri.pl\/fr\/wp-json\/wp\/v2\/product_brand?post=26324"},{"taxonomy":"product_cat","embeddable":true,"href":"https:\/\/www.maitri.pl\/fr\/wp-json\/wp\/v2\/product_cat?post=26324"},{"taxonomy":"product_tag","embeddable":true,"href":"https:\/\/www.maitri.pl\/fr\/wp-json\/wp\/v2\/product_tag?post=26324"}],"curies":[{"name":"wp","href":"https:\/\/api.w.org\/{rel}","templated":true}]}}