{"id":26155,"date":"2023-03-14T12:39:21","date_gmt":"2023-03-14T11:39:21","guid":{"rendered":"https:\/\/www.maitri.pl\/?post_type=product&#038;p=26155"},"modified":"2024-02-07T12:53:26","modified_gmt":"2024-02-07T11:53:26","slug":"zakup-sadzonek-kamerun","status":"publish","type":"product","link":"https:\/\/www.maitri.pl\/fr\/projekt\/zakup-sadzonek-kamerun\/","title":{"rendered":"Zakup sadzonek dla plantacji kakao w misji w Minkama"},"content":{"rendered":"<h4>Rolnicy z buszu<\/h4>\n<p>Miejscowo\u015b\u0107 Minkama po\u0142o\u017cona jest w centralnej cz\u0119\u015bci Kamerunu w rejonie rolniczym. G\u0142\u00f3wnym \u017ar\u00f3d\u0142em utrzymania miejscowej ludno\u015bci jest uprawa p\u00f3l w buszu. Maniok, planteny, banany, a tak\u017ce r\u00f3\u017cne warzywa stanowi\u0105 podstaw\u0119 wy\u017cywienia miejscowej ludno\u015bci. W\u0142a\u015bnie w Minkama mie\u015bci si\u0119 misja Ksi\u0119\u017cy Marian\u00f3w. Wspomagaj\u0105 j\u0105 darczy\u0144cy Maitri, np. poprzez program <a href=\"https:\/\/www.maitri.pl\/adopcja-serca\/\" target=\"_blank\" rel=\"noopener\">Adopcja Serca<\/a>. Misja posiada 3 parcele na kt\u00f3rych powoli tworzymy pola uprawne i plantacje kakao. Plantacje kakao w zale\u017cno\u015bci od ich wielko\u015bci zapewniaj\u0105 \u015brodki na pokrycie op\u0142at szkolnych, leczenie chorych i inne potrzeby rodzin. Zakup sadzonek i ich zasiew pomo\u017ce zagwarantowa\u0107 na przysz\u0142o\u015b\u0107 finanse na wspieranie dzieci i m\u0142odzie\u017cy w ich kszta\u0142ceniu i wychowaniu.<\/p>\n<h4>\u00ab\u00a0Daj w\u0119dk\u0119, a nie ryb\u0119\u00a0\u00bb<\/h4>\n<p>Na parcelach nale\u017c\u0105cych do misji chcemy stworzy\u0107 plantacje kakao i drzew owocowych. W ten spos\u00f3b, zamiast prosi\u0107 o pomoc finansow\u0105, b\u0119dziemy mie\u0107 okazj\u0119 zbiera\u0107 plony. Uzyskane z nich \u015brodki w przysz\u0142o\u015bci b\u0119d\u0105 wykorzystywane na wsparcie edukacji dzieci i m\u0142odzie\u017cy. W szczeg\u00f3lno\u015bci zale\u017cy nam na utrzymaniu tworz\u0105cego si\u0119 centrum formacji zawodowej dla dziewcz\u0105t i kobiet oraz na tworzenie warsztat\u00f3w dla m\u0142odzie\u017cy m\u0119skiej.<\/p>\n<p>Posiadane przez nas parcele to:<\/p>\n<p>&#8211; pole w Nkol Febe\u00a0 &#8211; ok. 3 ha<\/p>\n<p>&#8211; pole w Nkol Ndjobo \u2013 ok. 1,2 ha<\/p>\n<p>&#8211; pole w Elig Belibi \u2013 ok. 0,5 ha<\/p>\n<p>Kosztorys obejmuje zakup sadzonek kakao, planten\u00f3w, banan\u00f3w i innych drzew owocowych, a tak\u017ce na zakup \u015brodk\u00f3w potrzebnych do piel\u0119gnacji sadzonek. Bardzo prosimy o wsparcie tej inicjatywy i udzielenie nam pomocy finansowej.<\/p>\n<h4><strong>Kosztorys:\u00a0 <\/strong><\/h4>\n<table>\n<tbody>\n<tr>\n<td width=\"44\"><\/td>\n<td width=\"223\">nazwa<\/td>\n<td width=\"98\">ilo\u015b\u0107<\/td>\n<td width=\"129\">Cena jednostkowa (CFA)<\/td>\n<td width=\"106\">Kwota<\/p>\n<p>(CFA)<\/td>\n<\/tr>\n<tr>\n<td width=\"44\">1<\/td>\n<td width=\"223\">Sadzonki kakao<\/td>\n<td width=\"98\">3800 szt.<\/td>\n<td width=\"129\">100<\/td>\n<td width=\"106\">380.000<\/td>\n<\/tr>\n<tr>\n<td width=\"44\">2<\/td>\n<td width=\"223\">Sadzonki planten\u00f3w<\/td>\n<td width=\"98\">1350 szt.<\/td>\n<td width=\"129\">200<\/td>\n<td width=\"106\">270.000<\/td>\n<\/tr>\n<tr>\n<td width=\"44\">3<\/td>\n<td width=\"223\">Sadzonki banan\u00f3w<\/td>\n<td width=\"98\">1850 szt.<\/td>\n<td width=\"129\">200<\/td>\n<td width=\"106\">370.000<\/td>\n<\/tr>\n<tr>\n<td width=\"44\">4<\/td>\n<td width=\"223\">Sadzonki innych drzew owocowych<\/td>\n<td width=\"98\">160 szt.<\/td>\n<td width=\"129\">500<\/td>\n<td width=\"106\">80.000<\/td>\n<\/tr>\n<tr>\n<td width=\"44\">5<\/td>\n<td width=\"223\">\u015arodki ochrony ro\u015blin oraz prace zwi\u0105zane z utrzymaniem<\/td>\n<td width=\"98\">2 lata<\/td>\n<td width=\"129\"><\/td>\n<td width=\"106\">865.000<\/td>\n<\/tr>\n<tr>\n<td width=\"44\"><\/td>\n<td width=\"223\"><strong>R A Z E M<\/strong><\/td>\n<td width=\"98\"><\/td>\n<td width=\"129\"><\/td>\n<td width=\"106\"><strong>1.965.000 frank\u00f3w CFA<\/strong><\/td>\n<\/tr>\n<\/tbody>\n<\/table>\n<p>ks. Krzysztof Pazio MIC, <a href=\"http:\/\/www.marianie.pl\/\" target=\"_blank\" rel=\"noopener noreferrer\">Zgromadzenie Ksi\u0119\u017cy Marian\u00f3w<\/a>, Atok, <a href=\"https:\/\/www.maitri.pl\/mapy-adopcji-kamerun\/\">Kamerun<\/a><\/p>\n<p style=\"text-align: justify;\" align=\"JUSTIFY\"><span style=\"color: #ff0000;\"><span style=\"font-size: large;\"><b>Kwota projektu: <strong>3330 \u20ac<\/strong><br \/>\n<\/b><\/span><\/span><\/p>\n<p style=\"text-align: justify;\"><strong>Numer projektu: 34\/MARIA<\/strong><\/p>\n<p style=\"text-align: justify;\" align=\"JUSTIFY\"><span style=\"color: #808080;\">Stowarzyszenie Ruchu\u00a0<em>Maitri<\/em>\u00a0przeznacza do 10% otrzymanych \u015brodk\u00f3w na koszty funkcjonowania biura i pozyskiwanie funduszy pomocowych.<\/span><\/p>\n<h3 style=\"text-align: justify;\" align=\"JUSTIFY\"><span style=\"color: #808080;\">Zakup sadzonek dla plantacji kakao w misji w Minkama w Kamerunie<\/span><\/h3>\n","protected":false},"excerpt":{"rendered":"<p><strong>Projekt: <\/strong>ks. Krzysztof Pazio MIC, <a href=\"http:\/\/www.marianie.pl\/\" target=\"_blank\" rel=\"noopener noreferrer\">Zgromadzenie Ksi\u0119\u017cy Marian\u00f3w<\/a><br \/>\n<strong>Misja:<\/strong> Minkama, <a href=\"https:\/\/www.maitri.pl\/mapy-adopcji-kamerun\/\">Kamerun<\/a><br \/>\n<strong>Kwota projektu: <span style=\"color: #ff0000;\">3330 \u20ac<\/span><\/strong><\/p>\n","protected":false},"featured_media":26160,"template":"","meta":[],"product_brand":[],"product_cat":[656],"product_tag":[658,961,960,724],"class_list":{"0":"post-26155","1":"product","2":"type-product","3":"status-publish","4":"has-post-thumbnail","6":"product_cat-bez-kategorii","7":"product_tag-kamerun","8":"product_tag-ksiadz-krzysztof-pazio","9":"product_tag-minkama","10":"product_tag-zgromadzenie-ksiezy-marianow","12":"first","13":"instock","14":"virtual","15":"purchasable","16":"product-type-simple"},"yoast_head":"<!-- This site is optimized with the Yoast SEO plugin v27.2 - https:\/\/yoast.com\/product\/yoast-seo-wordpress\/ -->\n<title>Zakup sadzonek dla plantacji kakao w misji w Minkama w Kamerunie<\/title>\n<meta name=\"description\" content=\"Zakup sadzonek dla plantacji kakao w misji w Minkama w Kamerunie. Plony pomog\u0105 utrzyma\u0107 szko\u0142\u0119 dla m\u0142odzie\u017cy. O pomoc prosz\u0105 Ksi\u0119\u017ca Marianie.\" \/>\n<meta name=\"robots\" content=\"index, follow, max-snippet:-1, max-image-preview:large, max-video-preview:-1\" \/>\n<link rel=\"canonical\" href=\"https:\/\/www.maitri.pl\/projekt\/zakup-sadzonek-kamerun\/\" \/>\n<meta property=\"og:locale\" content=\"fr_FR\" \/>\n<meta property=\"og:type\" content=\"article\" \/>\n<meta property=\"og:title\" content=\"Zakup sadzonek dla plantacji kakao w misji w Minkama w Kamerunie\" \/>\n<meta property=\"og:description\" content=\"Zakup sadzonek dla plantacji kakao w misji w Minkama w Kamerunie. Plony pomog\u0105 utrzyma\u0107 szko\u0142\u0119 dla m\u0142odzie\u017cy. O pomoc prosz\u0105 Ksi\u0119\u017ca Marianie.\" \/>\n<meta property=\"og:url\" content=\"https:\/\/www.maitri.pl\/projekt\/zakup-sadzonek-kamerun\/\" \/>\n<meta property=\"og:site_name\" content=\"Ruch Maitri - Adopcja Serca pomoc Afryce\" \/>\n<meta property=\"article:publisher\" content=\"https:\/\/www.facebook.com\/MAITRI.Adopcja.Serca.dzieci.Afryki\/\" \/>\n<meta property=\"article:modified_time\" content=\"2024-02-07T11:53:26+00:00\" \/>\n<meta property=\"og:image\" content=\"https:\/\/www.maitri.pl\/wp-content\/uploads\/2023\/03\/IMG_3212-min-scaled.jpg\" \/>\n\t<meta property=\"og:image:width\" content=\"1920\" \/>\n\t<meta property=\"og:image:height\" content=\"2560\" \/>\n\t<meta property=\"og:image:type\" content=\"image\/jpeg\" \/>\n<meta name=\"twitter:card\" content=\"summary_large_image\" \/>\n<meta name=\"twitter:label1\" content=\"Dur\u00e9e de lecture estim\u00e9e\" \/>\n\t<meta name=\"twitter:data1\" content=\"2 minutes\" \/>\n<script type=\"application\/ld+json\" class=\"yoast-schema-graph\">{\"@context\":\"https:\/\/schema.org\",\"@graph\":[{\"@type\":\"WebPage\",\"@id\":\"https:\/\/www.maitri.pl\/projekt\/zakup-sadzonek-kamerun\/\",\"url\":\"https:\/\/www.maitri.pl\/projekt\/zakup-sadzonek-kamerun\/\",\"name\":\"Zakup sadzonek dla plantacji kakao w misji w Minkama w Kamerunie\",\"isPartOf\":{\"@id\":\"https:\/\/www.maitri.pl\/#website\"},\"primaryImageOfPage\":{\"@id\":\"https:\/\/www.maitri.pl\/projekt\/zakup-sadzonek-kamerun\/#primaryimage\"},\"image\":{\"@id\":\"https:\/\/www.maitri.pl\/projekt\/zakup-sadzonek-kamerun\/#primaryimage\"},\"thumbnailUrl\":\"https:\/\/www.maitri.pl\/wp-content\/uploads\/2023\/03\/IMG_3212-min-scaled.jpg\",\"datePublished\":\"2023-03-14T11:39:21+00:00\",\"dateModified\":\"2024-02-07T11:53:26+00:00\",\"description\":\"Zakup sadzonek dla plantacji kakao w misji w Minkama w Kamerunie. Plony pomog\u0105 utrzyma\u0107 szko\u0142\u0119 dla m\u0142odzie\u017cy. O pomoc prosz\u0105 Ksi\u0119\u017ca Marianie.\",\"breadcrumb\":{\"@id\":\"https:\/\/www.maitri.pl\/projekt\/zakup-sadzonek-kamerun\/#breadcrumb\"},\"inLanguage\":\"fr-FR\",\"potentialAction\":[{\"@type\":\"ReadAction\",\"target\":[\"https:\/\/www.maitri.pl\/projekt\/zakup-sadzonek-kamerun\/\"]}]},{\"@type\":\"ImageObject\",\"inLanguage\":\"fr-FR\",\"@id\":\"https:\/\/www.maitri.pl\/projekt\/zakup-sadzonek-kamerun\/#primaryimage\",\"url\":\"https:\/\/www.maitri.pl\/wp-content\/uploads\/2023\/03\/IMG_3212-min-scaled.jpg\",\"contentUrl\":\"https:\/\/www.maitri.pl\/wp-content\/uploads\/2023\/03\/IMG_3212-min-scaled.jpg\",\"width\":1920,\"height\":2560,\"caption\":\"Zakup sadzonek dla plantacji kakao w misji Minkama w Kamerunie\"},{\"@type\":\"BreadcrumbList\",\"@id\":\"https:\/\/www.maitri.pl\/projekt\/zakup-sadzonek-kamerun\/#breadcrumb\",\"itemListElement\":[{\"@type\":\"ListItem\",\"position\":1,\"name\":\"Strona g\u0142\u00f3wna\",\"item\":\"https:\/\/www.maitri.pl\/\"},{\"@type\":\"ListItem\",\"position\":2,\"name\":\"Sklep\",\"item\":\"https:\/\/www.maitri.pl\/sklep\/\"},{\"@type\":\"ListItem\",\"position\":3,\"name\":\"Zakup sadzonek dla plantacji kakao w misji w Minkama\"}]},{\"@type\":\"WebSite\",\"@id\":\"https:\/\/www.maitri.pl\/#website\",\"url\":\"https:\/\/www.maitri.pl\/\",\"name\":\"Adopcja Serca Maitri \u2013 pomoc dzieciom w Afryce\",\"description\":\"Adopcja Serca \u2013 adopcja na odleg\u0142o\u015b\u0107, pomoc Afryce, do\u017cywianie i edukacja w Afryce\",\"publisher\":{\"@id\":\"https:\/\/www.maitri.pl\/#organization\"},\"potentialAction\":[{\"@type\":\"SearchAction\",\"target\":{\"@type\":\"EntryPoint\",\"urlTemplate\":\"https:\/\/www.maitri.pl\/?s={search_term_string}\"},\"query-input\":{\"@type\":\"PropertyValueSpecification\",\"valueRequired\":true,\"valueName\":\"search_term_string\"}}],\"inLanguage\":\"fr-FR\"},{\"@type\":\"Organization\",\"@id\":\"https:\/\/www.maitri.pl\/#organization\",\"name\":\"Stowarzyszenie Ruchu Maitri\",\"url\":\"https:\/\/www.maitri.pl\/\",\"logo\":{\"@type\":\"ImageObject\",\"inLanguage\":\"fr-FR\",\"@id\":\"https:\/\/www.maitri.pl\/#\/schema\/logo\/image\/\",\"url\":\"https:\/\/www.maitri.pl\/wp-content\/uploads\/2020\/04\/duze_logo-81.png\",\"contentUrl\":\"https:\/\/www.maitri.pl\/wp-content\/uploads\/2020\/04\/duze_logo-81.png\",\"width\":339,\"height\":321,\"caption\":\"Stowarzyszenie Ruchu Maitri\"},\"image\":{\"@id\":\"https:\/\/www.maitri.pl\/#\/schema\/logo\/image\/\"},\"sameAs\":[\"https:\/\/www.facebook.com\/MAITRI.Adopcja.Serca.dzieci.Afryki\/\"]}]}<\/script>\n<!-- \/ Yoast SEO plugin. -->","yoast_head_json":{"title":"Zakup sadzonek dla plantacji kakao w misji w Minkama w Kamerunie","description":"Zakup sadzonek dla plantacji kakao w misji w Minkama w Kamerunie. Plony pomog\u0105 utrzyma\u0107 szko\u0142\u0119 dla m\u0142odzie\u017cy. O pomoc prosz\u0105 Ksi\u0119\u017ca Marianie.","robots":{"index":"index","follow":"follow","max-snippet":"max-snippet:-1","max-image-preview":"max-image-preview:large","max-video-preview":"max-video-preview:-1"},"canonical":"https:\/\/www.maitri.pl\/projekt\/zakup-sadzonek-kamerun\/","og_locale":"fr_FR","og_type":"article","og_title":"Zakup sadzonek dla plantacji kakao w misji w Minkama w Kamerunie","og_description":"Zakup sadzonek dla plantacji kakao w misji w Minkama w Kamerunie. Plony pomog\u0105 utrzyma\u0107 szko\u0142\u0119 dla m\u0142odzie\u017cy. O pomoc prosz\u0105 Ksi\u0119\u017ca Marianie.","og_url":"https:\/\/www.maitri.pl\/projekt\/zakup-sadzonek-kamerun\/","og_site_name":"Ruch Maitri - Adopcja Serca pomoc Afryce","article_publisher":"https:\/\/www.facebook.com\/MAITRI.Adopcja.Serca.dzieci.Afryki\/","article_modified_time":"2024-02-07T11:53:26+00:00","og_image":[{"width":1920,"height":2560,"url":"https:\/\/www.maitri.pl\/wp-content\/uploads\/2023\/03\/IMG_3212-min-scaled.jpg","type":"image\/jpeg"}],"twitter_card":"summary_large_image","twitter_misc":{"Dur\u00e9e de lecture estim\u00e9e":"2 minutes"},"schema":{"@context":"https:\/\/schema.org","@graph":[{"@type":"WebPage","@id":"https:\/\/www.maitri.pl\/projekt\/zakup-sadzonek-kamerun\/","url":"https:\/\/www.maitri.pl\/projekt\/zakup-sadzonek-kamerun\/","name":"Zakup sadzonek dla plantacji kakao w misji w Minkama w Kamerunie","isPartOf":{"@id":"https:\/\/www.maitri.pl\/#website"},"primaryImageOfPage":{"@id":"https:\/\/www.maitri.pl\/projekt\/zakup-sadzonek-kamerun\/#primaryimage"},"image":{"@id":"https:\/\/www.maitri.pl\/projekt\/zakup-sadzonek-kamerun\/#primaryimage"},"thumbnailUrl":"https:\/\/www.maitri.pl\/wp-content\/uploads\/2023\/03\/IMG_3212-min-scaled.jpg","datePublished":"2023-03-14T11:39:21+00:00","dateModified":"2024-02-07T11:53:26+00:00","description":"Zakup sadzonek dla plantacji kakao w misji w Minkama w Kamerunie. Plony pomog\u0105 utrzyma\u0107 szko\u0142\u0119 dla m\u0142odzie\u017cy. O pomoc prosz\u0105 Ksi\u0119\u017ca Marianie.","breadcrumb":{"@id":"https:\/\/www.maitri.pl\/projekt\/zakup-sadzonek-kamerun\/#breadcrumb"},"inLanguage":"fr-FR","potentialAction":[{"@type":"ReadAction","target":["https:\/\/www.maitri.pl\/projekt\/zakup-sadzonek-kamerun\/"]}]},{"@type":"ImageObject","inLanguage":"fr-FR","@id":"https:\/\/www.maitri.pl\/projekt\/zakup-sadzonek-kamerun\/#primaryimage","url":"https:\/\/www.maitri.pl\/wp-content\/uploads\/2023\/03\/IMG_3212-min-scaled.jpg","contentUrl":"https:\/\/www.maitri.pl\/wp-content\/uploads\/2023\/03\/IMG_3212-min-scaled.jpg","width":1920,"height":2560,"caption":"Zakup sadzonek dla plantacji kakao w misji Minkama w Kamerunie"},{"@type":"BreadcrumbList","@id":"https:\/\/www.maitri.pl\/projekt\/zakup-sadzonek-kamerun\/#breadcrumb","itemListElement":[{"@type":"ListItem","position":1,"name":"Strona g\u0142\u00f3wna","item":"https:\/\/www.maitri.pl\/"},{"@type":"ListItem","position":2,"name":"Sklep","item":"https:\/\/www.maitri.pl\/sklep\/"},{"@type":"ListItem","position":3,"name":"Zakup sadzonek dla plantacji kakao w misji w Minkama"}]},{"@type":"WebSite","@id":"https:\/\/www.maitri.pl\/#website","url":"https:\/\/www.maitri.pl\/","name":"Adopcja Serca Maitri \u2013 pomoc dzieciom w Afryce","description":"Adopcja Serca \u2013 adopcja na odleg\u0142o\u015b\u0107, pomoc Afryce, do\u017cywianie i edukacja w Afryce","publisher":{"@id":"https:\/\/www.maitri.pl\/#organization"},"potentialAction":[{"@type":"SearchAction","target":{"@type":"EntryPoint","urlTemplate":"https:\/\/www.maitri.pl\/?s={search_term_string}"},"query-input":{"@type":"PropertyValueSpecification","valueRequired":true,"valueName":"search_term_string"}}],"inLanguage":"fr-FR"},{"@type":"Organization","@id":"https:\/\/www.maitri.pl\/#organization","name":"Stowarzyszenie Ruchu Maitri","url":"https:\/\/www.maitri.pl\/","logo":{"@type":"ImageObject","inLanguage":"fr-FR","@id":"https:\/\/www.maitri.pl\/#\/schema\/logo\/image\/","url":"https:\/\/www.maitri.pl\/wp-content\/uploads\/2020\/04\/duze_logo-81.png","contentUrl":"https:\/\/www.maitri.pl\/wp-content\/uploads\/2020\/04\/duze_logo-81.png","width":339,"height":321,"caption":"Stowarzyszenie Ruchu Maitri"},"image":{"@id":"https:\/\/www.maitri.pl\/#\/schema\/logo\/image\/"},"sameAs":["https:\/\/www.facebook.com\/MAITRI.Adopcja.Serca.dzieci.Afryki\/"]}]}},"_links":{"self":[{"href":"https:\/\/www.maitri.pl\/fr\/wp-json\/wp\/v2\/product\/26155","targetHints":{"allow":["GET"]}}],"collection":[{"href":"https:\/\/www.maitri.pl\/fr\/wp-json\/wp\/v2\/product"}],"about":[{"href":"https:\/\/www.maitri.pl\/fr\/wp-json\/wp\/v2\/types\/product"}],"wp:featuredmedia":[{"embeddable":true,"href":"https:\/\/www.maitri.pl\/fr\/wp-json\/wp\/v2\/media\/26160"}],"wp:attachment":[{"href":"https:\/\/www.maitri.pl\/fr\/wp-json\/wp\/v2\/media?parent=26155"}],"wp:term":[{"taxonomy":"product_brand","embeddable":true,"href":"https:\/\/www.maitri.pl\/fr\/wp-json\/wp\/v2\/product_brand?post=26155"},{"taxonomy":"product_cat","embeddable":true,"href":"https:\/\/www.maitri.pl\/fr\/wp-json\/wp\/v2\/product_cat?post=26155"},{"taxonomy":"product_tag","embeddable":true,"href":"https:\/\/www.maitri.pl\/fr\/wp-json\/wp\/v2\/product_tag?post=26155"}],"curies":[{"name":"wp","href":"https:\/\/api.w.org\/{rel}","templated":true}]}}