{"id":26117,"date":"2023-03-07T10:35:07","date_gmt":"2023-03-07T09:35:07","guid":{"rendered":"https:\/\/www.maitri.pl\/?post_type=product&#038;p=26117"},"modified":"2024-02-07T12:53:19","modified_gmt":"2024-02-07T11:53:19","slug":"sierociniec-kamerun","status":"publish","type":"product","link":"https:\/\/www.maitri.pl\/fr\/projekt\/sierociniec-kamerun\/","title":{"rendered":"Sierociniec w Atok: budowa nowej toalety zamiast dziury w ziemi"},"content":{"rendered":"<h4>Na dnie ub\u00f3stwa<\/h4>\n<p>Sierociniec prowadzony przez ksi\u0119\u017cy Marian\u00f3w jest ulokowany w wiosce Atok. Miejscowo\u015b\u0107 le\u017cy na bezdro\u017cach wschodniego Kamerunu, w regionie Bebend, w g\u00f3rnym dorzeczu rzeki Nyongu. Ca\u0142a prowincja jest bardzo zaniedbana i s\u0142abo rozwini\u0119ta. Dopiero niedawno powsta\u0142a pierwsza droga asfaltowa. Wci\u0105\u017c brakuje elektryczno\u015bci, ma\u0142o jest studni i \u017ar\u00f3de\u0142 wodnych. To znaki ub\u00f3stwa i niedorozwoju. Podobne zacofanie istnieje w kwestii higieny. Tutejsz\u0105 toalet\u0105 s\u0105 dziury wykopane w ziemi. Niestety podopieczni sieroci\u0144ca to ma\u0142e dzieci i istnieje realna gro\u017aba wypadku w postaci utopienia si\u0119 w szambie. Czas na nowoczesne ekologiczne toalety.<\/p>\n<h4>Dziura w ziemi<\/h4>\n<p>Aby toalety mog\u0142y powsta\u0107 konieczne s\u0105 \u015brodki finansowe. Zwracam si\u0119 z pro\u015bb\u0105 o pomoc dla sieroci\u0144ca, kt\u00f3ry dzia\u0142a od kilku lat w naszej parafii i wielokrotnie by\u0142 wspomagany przez darczy\u0144c\u00f3w Maitri, np. w programie <a href=\"https:\/\/www.maitri.pl\/adopcja-serca\/\" target=\"_blank\" rel=\"noopener\">Adopcja Serca<\/a>. Wasze dotacje przeznaczone by\u0142y g\u0142\u00f3wnie na wy\u017cywienie i wyposa\u017cenie dzieci w przybory szkolne, zeszyty, podr\u0119czniki. Teraz powsta\u0142a potrzeba dodatkowego projektu pomocowego. Sierociniec w Atok potrzebuje nowoczesnej, ekologicznej toalety.<\/p>\n<h4>Gro\u017aba tragicznych wypadk\u00f3w<\/h4>\n<p>Do tej pory sierociniec w Atok mia\u0142 tylko prymitywn\u0105 toalet\u0119. Nad wykopan\u0105 w ziemi g\u0142\u0119bok\u0105 dziura sta\u0142y 3 kabiny ze zbitych desek, kt\u00f3re zosta\u0142y nakryte blach\u0105. Ta licha konstrukcja znajduje si\u0119 obecnie w z\u0142ym stanie technicznym. Taki stan rzeczy spowodowa\u0142 wypadek, gdy podczas ulewy dziecko wpad\u0142o do dziury. W konsekwencji musia\u0142o by\u0107 poddane powa\u017cnemu leczeniu. Dlatego istnieje potrzeba wybudowania nowej toalety, zgodnie z wymaganiami ekologicznymi i zdrowotnymi. Prosimy o wsparcie!<\/p>\n<h4>Kosztorys:<\/h4>\n<p><img loading=\"lazy\" decoding=\"async\" class=\"alignnone wp-image-30241 size-full\" src=\"https:\/\/www.maitri.pl\/wp-content\/uploads\/2023\/03\/33-maria-1.png\" alt=\"\" width=\"642\" height=\"1063\" srcset=\"https:\/\/www.maitri.pl\/wp-content\/uploads\/2023\/03\/33-maria-1.png 642w, https:\/\/www.maitri.pl\/wp-content\/uploads\/2023\/03\/33-maria-1-181x300.png 181w, https:\/\/www.maitri.pl\/wp-content\/uploads\/2023\/03\/33-maria-1-618x1024.png 618w, https:\/\/www.maitri.pl\/wp-content\/uploads\/2023\/03\/33-maria-1-600x993.png 600w\" sizes=\"auto, (max-width: 642px) 100vw, 642px\" \/><\/p>\n<p>Projekt b\u0119dzie kosztowa\u0142 1.312.400 frank\u00f3w CFA i obejmuje potrzebne materia\u0142y i prace.<\/p>\n<p>Bardzo prosz\u0119 o rozpatrzenie tej pro\u015bby i udzielenie nam pomocy.<\/p>\n<p>Za ka\u017cdy gest \u017cyczliwo\u015bci i zrozumienia serdecznie dzi\u0119kuj\u0119.<\/p>\n<p>ks. Franciszek Filipiec, <a href=\"http:\/\/www.marianie.pl\/\" target=\"_blank\" rel=\"noopener noreferrer\">Zgromadzenie Ksi\u0119\u017cy Marian\u00f3w<\/a>, Atok, <a href=\"https:\/\/www.maitri.pl\/mapy-adopcji-kamerun\/\">Kamerun<\/a><\/p>\n<p style=\"text-align: justify;\" align=\"JUSTIFY\"><span style=\"color: #ff0000;\"><span style=\"font-size: large;\"><b>Kwota projektu: 2<strong>410 \u20ac<\/strong><br \/>\n<\/b><\/span><\/span><\/p>\n<p style=\"text-align: justify;\"><strong>Numer projektu: 33\/MARIA<\/strong><\/p>\n<p style=\"text-align: justify;\" align=\"JUSTIFY\"><span style=\"color: #808080;\">Stowarzyszenie Ruchu\u00a0<em>Maitri<\/em>\u00a0przeznacza do 10% otrzymanych \u015brodk\u00f3w na koszty funkcjonowania biura i pozyskiwanie funduszy pomocowych.<\/span><\/p>\n<h3 style=\"text-align: justify;\" align=\"JUSTIFY\"><span style=\"color: #808080;\">Sierociniec w Atok: budowa nowej toalety zamiast dziury w ziemi<\/span><\/h3>\n","protected":false},"excerpt":{"rendered":"<p><strong>Projekt: <\/strong>ks. Franciszek Filipiec, <a href=\"http:\/\/www.marianie.pl\/\" target=\"_blank\" rel=\"noopener noreferrer\">Zgromadzenie Ksi\u0119\u017cy Marian\u00f3w<\/a><br \/>\n<strong>Misja:<\/strong> Atok, <a href=\"https:\/\/www.maitri.pl\/mapy-adopcji-kamerun\/\">Kamerun<\/a><br \/>\n<strong>Kwota projektu: <span style=\"color: #ff0000;\">2410 \u20ac<\/span><\/strong><\/p>\n","protected":false},"featured_media":26124,"template":"","meta":[],"product_brand":[],"product_cat":[656],"product_tag":[723,658,828,891,724],"class_list":{"0":"post-26117","1":"product","2":"type-product","3":"status-publish","4":"has-post-thumbnail","6":"product_cat-bez-kategorii","7":"product_tag-atok","8":"product_tag-kamerun","9":"product_tag-ks-franciszek-filipiec","10":"product_tag-sierociniec","11":"product_tag-zgromadzenie-ksiezy-marianow","13":"first","14":"instock","15":"virtual","16":"purchasable","17":"product-type-simple"},"yoast_head":"<!-- This site is optimized with the Yoast SEO plugin v27.2 - https:\/\/yoast.com\/product\/yoast-seo-wordpress\/ -->\n<title>Sierociniec w Atok: budowa nowej toalety zamiast dziury w ziemi<\/title>\n<meta name=\"description\" content=\"Sierociniec w Atok w Kamerunie prowadz\u0105 polscy ksi\u0119\u017ca Marianie. Niezb\u0119dna jest budowa nowej toalety zamiast dziury w ziemi. Prosimy o wsparcie!\" \/>\n<meta name=\"robots\" content=\"index, follow, max-snippet:-1, max-image-preview:large, max-video-preview:-1\" \/>\n<link rel=\"canonical\" href=\"https:\/\/www.maitri.pl\/projekt\/sierociniec-kamerun\/\" \/>\n<meta property=\"og:locale\" content=\"fr_FR\" \/>\n<meta property=\"og:type\" content=\"article\" \/>\n<meta property=\"og:title\" content=\"Sierociniec w Atok: budowa nowej toalety zamiast dziury w ziemi\" \/>\n<meta property=\"og:description\" content=\"Sierociniec w Atok w Kamerunie prowadz\u0105 polscy ksi\u0119\u017ca Marianie. Niezb\u0119dna jest budowa nowej toalety zamiast dziury w ziemi. Prosimy o wsparcie!\" \/>\n<meta property=\"og:url\" content=\"https:\/\/www.maitri.pl\/projekt\/sierociniec-kamerun\/\" \/>\n<meta property=\"og:site_name\" content=\"Ruch Maitri - Adopcja Serca pomoc Afryce\" \/>\n<meta property=\"article:publisher\" content=\"https:\/\/www.facebook.com\/MAITRI.Adopcja.Serca.dzieci.Afryki\/\" \/>\n<meta property=\"article:modified_time\" content=\"2024-02-07T11:53:19+00:00\" \/>\n<meta property=\"og:image\" content=\"https:\/\/www.maitri.pl\/wp-content\/uploads\/2023\/03\/IMG_0002.png\" \/>\n\t<meta property=\"og:image:width\" content=\"778\" \/>\n\t<meta property=\"og:image:height\" content=\"584\" \/>\n\t<meta property=\"og:image:type\" content=\"image\/png\" \/>\n<meta name=\"twitter:card\" content=\"summary_large_image\" \/>\n<meta name=\"twitter:label1\" content=\"Dur\u00e9e de lecture estim\u00e9e\" \/>\n\t<meta name=\"twitter:data1\" content=\"3 minutes\" \/>\n<script type=\"application\/ld+json\" class=\"yoast-schema-graph\">{\"@context\":\"https:\/\/schema.org\",\"@graph\":[{\"@type\":\"WebPage\",\"@id\":\"https:\/\/www.maitri.pl\/projekt\/sierociniec-kamerun\/\",\"url\":\"https:\/\/www.maitri.pl\/projekt\/sierociniec-kamerun\/\",\"name\":\"Sierociniec w Atok: budowa nowej toalety zamiast dziury w ziemi\",\"isPartOf\":{\"@id\":\"https:\/\/www.maitri.pl\/#website\"},\"primaryImageOfPage\":{\"@id\":\"https:\/\/www.maitri.pl\/projekt\/sierociniec-kamerun\/#primaryimage\"},\"image\":{\"@id\":\"https:\/\/www.maitri.pl\/projekt\/sierociniec-kamerun\/#primaryimage\"},\"thumbnailUrl\":\"https:\/\/www.maitri.pl\/wp-content\/uploads\/2023\/03\/IMG_0002.png\",\"datePublished\":\"2023-03-07T09:35:07+00:00\",\"dateModified\":\"2024-02-07T11:53:19+00:00\",\"description\":\"Sierociniec w Atok w Kamerunie prowadz\u0105 polscy ksi\u0119\u017ca Marianie. Niezb\u0119dna jest budowa nowej toalety zamiast dziury w ziemi. Prosimy o wsparcie!\",\"breadcrumb\":{\"@id\":\"https:\/\/www.maitri.pl\/projekt\/sierociniec-kamerun\/#breadcrumb\"},\"inLanguage\":\"fr-FR\",\"potentialAction\":[{\"@type\":\"ReadAction\",\"target\":[\"https:\/\/www.maitri.pl\/projekt\/sierociniec-kamerun\/\"]}]},{\"@type\":\"ImageObject\",\"inLanguage\":\"fr-FR\",\"@id\":\"https:\/\/www.maitri.pl\/projekt\/sierociniec-kamerun\/#primaryimage\",\"url\":\"https:\/\/www.maitri.pl\/wp-content\/uploads\/2023\/03\/IMG_0002.png\",\"contentUrl\":\"https:\/\/www.maitri.pl\/wp-content\/uploads\/2023\/03\/IMG_0002.png\",\"width\":778,\"height\":584,\"caption\":\"Sierociniec w Atok: budowa nowej toalety zamiast dziury w ziemi Stowarzyszenie Maitri Kamerun Adopcja Serca 04\"},{\"@type\":\"BreadcrumbList\",\"@id\":\"https:\/\/www.maitri.pl\/projekt\/sierociniec-kamerun\/#breadcrumb\",\"itemListElement\":[{\"@type\":\"ListItem\",\"position\":1,\"name\":\"Strona g\u0142\u00f3wna\",\"item\":\"https:\/\/www.maitri.pl\/\"},{\"@type\":\"ListItem\",\"position\":2,\"name\":\"Sklep\",\"item\":\"https:\/\/www.maitri.pl\/sklep\/\"},{\"@type\":\"ListItem\",\"position\":3,\"name\":\"Sierociniec w Atok: budowa nowej toalety zamiast dziury w ziemi\"}]},{\"@type\":\"WebSite\",\"@id\":\"https:\/\/www.maitri.pl\/#website\",\"url\":\"https:\/\/www.maitri.pl\/\",\"name\":\"Adopcja Serca Maitri \u2013 pomoc dzieciom w Afryce\",\"description\":\"Adopcja Serca \u2013 adopcja na odleg\u0142o\u015b\u0107, pomoc Afryce, do\u017cywianie i edukacja w Afryce\",\"publisher\":{\"@id\":\"https:\/\/www.maitri.pl\/#organization\"},\"potentialAction\":[{\"@type\":\"SearchAction\",\"target\":{\"@type\":\"EntryPoint\",\"urlTemplate\":\"https:\/\/www.maitri.pl\/?s={search_term_string}\"},\"query-input\":{\"@type\":\"PropertyValueSpecification\",\"valueRequired\":true,\"valueName\":\"search_term_string\"}}],\"inLanguage\":\"fr-FR\"},{\"@type\":\"Organization\",\"@id\":\"https:\/\/www.maitri.pl\/#organization\",\"name\":\"Stowarzyszenie Ruchu Maitri\",\"url\":\"https:\/\/www.maitri.pl\/\",\"logo\":{\"@type\":\"ImageObject\",\"inLanguage\":\"fr-FR\",\"@id\":\"https:\/\/www.maitri.pl\/#\/schema\/logo\/image\/\",\"url\":\"https:\/\/www.maitri.pl\/wp-content\/uploads\/2020\/04\/duze_logo-81.png\",\"contentUrl\":\"https:\/\/www.maitri.pl\/wp-content\/uploads\/2020\/04\/duze_logo-81.png\",\"width\":339,\"height\":321,\"caption\":\"Stowarzyszenie Ruchu Maitri\"},\"image\":{\"@id\":\"https:\/\/www.maitri.pl\/#\/schema\/logo\/image\/\"},\"sameAs\":[\"https:\/\/www.facebook.com\/MAITRI.Adopcja.Serca.dzieci.Afryki\/\"]}]}<\/script>\n<!-- \/ Yoast SEO plugin. -->","yoast_head_json":{"title":"Sierociniec w Atok: budowa nowej toalety zamiast dziury w ziemi","description":"Sierociniec w Atok w Kamerunie prowadz\u0105 polscy ksi\u0119\u017ca Marianie. Niezb\u0119dna jest budowa nowej toalety zamiast dziury w ziemi. Prosimy o wsparcie!","robots":{"index":"index","follow":"follow","max-snippet":"max-snippet:-1","max-image-preview":"max-image-preview:large","max-video-preview":"max-video-preview:-1"},"canonical":"https:\/\/www.maitri.pl\/projekt\/sierociniec-kamerun\/","og_locale":"fr_FR","og_type":"article","og_title":"Sierociniec w Atok: budowa nowej toalety zamiast dziury w ziemi","og_description":"Sierociniec w Atok w Kamerunie prowadz\u0105 polscy ksi\u0119\u017ca Marianie. Niezb\u0119dna jest budowa nowej toalety zamiast dziury w ziemi. Prosimy o wsparcie!","og_url":"https:\/\/www.maitri.pl\/projekt\/sierociniec-kamerun\/","og_site_name":"Ruch Maitri - Adopcja Serca pomoc Afryce","article_publisher":"https:\/\/www.facebook.com\/MAITRI.Adopcja.Serca.dzieci.Afryki\/","article_modified_time":"2024-02-07T11:53:19+00:00","og_image":[{"width":778,"height":584,"url":"https:\/\/www.maitri.pl\/wp-content\/uploads\/2023\/03\/IMG_0002.png","type":"image\/png"}],"twitter_card":"summary_large_image","twitter_misc":{"Dur\u00e9e de lecture estim\u00e9e":"3 minutes"},"schema":{"@context":"https:\/\/schema.org","@graph":[{"@type":"WebPage","@id":"https:\/\/www.maitri.pl\/projekt\/sierociniec-kamerun\/","url":"https:\/\/www.maitri.pl\/projekt\/sierociniec-kamerun\/","name":"Sierociniec w Atok: budowa nowej toalety zamiast dziury w ziemi","isPartOf":{"@id":"https:\/\/www.maitri.pl\/#website"},"primaryImageOfPage":{"@id":"https:\/\/www.maitri.pl\/projekt\/sierociniec-kamerun\/#primaryimage"},"image":{"@id":"https:\/\/www.maitri.pl\/projekt\/sierociniec-kamerun\/#primaryimage"},"thumbnailUrl":"https:\/\/www.maitri.pl\/wp-content\/uploads\/2023\/03\/IMG_0002.png","datePublished":"2023-03-07T09:35:07+00:00","dateModified":"2024-02-07T11:53:19+00:00","description":"Sierociniec w Atok w Kamerunie prowadz\u0105 polscy ksi\u0119\u017ca Marianie. Niezb\u0119dna jest budowa nowej toalety zamiast dziury w ziemi. Prosimy o wsparcie!","breadcrumb":{"@id":"https:\/\/www.maitri.pl\/projekt\/sierociniec-kamerun\/#breadcrumb"},"inLanguage":"fr-FR","potentialAction":[{"@type":"ReadAction","target":["https:\/\/www.maitri.pl\/projekt\/sierociniec-kamerun\/"]}]},{"@type":"ImageObject","inLanguage":"fr-FR","@id":"https:\/\/www.maitri.pl\/projekt\/sierociniec-kamerun\/#primaryimage","url":"https:\/\/www.maitri.pl\/wp-content\/uploads\/2023\/03\/IMG_0002.png","contentUrl":"https:\/\/www.maitri.pl\/wp-content\/uploads\/2023\/03\/IMG_0002.png","width":778,"height":584,"caption":"Sierociniec w Atok: budowa nowej toalety zamiast dziury w ziemi Stowarzyszenie Maitri Kamerun Adopcja Serca 04"},{"@type":"BreadcrumbList","@id":"https:\/\/www.maitri.pl\/projekt\/sierociniec-kamerun\/#breadcrumb","itemListElement":[{"@type":"ListItem","position":1,"name":"Strona g\u0142\u00f3wna","item":"https:\/\/www.maitri.pl\/"},{"@type":"ListItem","position":2,"name":"Sklep","item":"https:\/\/www.maitri.pl\/sklep\/"},{"@type":"ListItem","position":3,"name":"Sierociniec w Atok: budowa nowej toalety zamiast dziury w ziemi"}]},{"@type":"WebSite","@id":"https:\/\/www.maitri.pl\/#website","url":"https:\/\/www.maitri.pl\/","name":"Adopcja Serca Maitri \u2013 pomoc dzieciom w Afryce","description":"Adopcja Serca \u2013 adopcja na odleg\u0142o\u015b\u0107, pomoc Afryce, do\u017cywianie i edukacja w Afryce","publisher":{"@id":"https:\/\/www.maitri.pl\/#organization"},"potentialAction":[{"@type":"SearchAction","target":{"@type":"EntryPoint","urlTemplate":"https:\/\/www.maitri.pl\/?s={search_term_string}"},"query-input":{"@type":"PropertyValueSpecification","valueRequired":true,"valueName":"search_term_string"}}],"inLanguage":"fr-FR"},{"@type":"Organization","@id":"https:\/\/www.maitri.pl\/#organization","name":"Stowarzyszenie Ruchu Maitri","url":"https:\/\/www.maitri.pl\/","logo":{"@type":"ImageObject","inLanguage":"fr-FR","@id":"https:\/\/www.maitri.pl\/#\/schema\/logo\/image\/","url":"https:\/\/www.maitri.pl\/wp-content\/uploads\/2020\/04\/duze_logo-81.png","contentUrl":"https:\/\/www.maitri.pl\/wp-content\/uploads\/2020\/04\/duze_logo-81.png","width":339,"height":321,"caption":"Stowarzyszenie Ruchu Maitri"},"image":{"@id":"https:\/\/www.maitri.pl\/#\/schema\/logo\/image\/"},"sameAs":["https:\/\/www.facebook.com\/MAITRI.Adopcja.Serca.dzieci.Afryki\/"]}]}},"_links":{"self":[{"href":"https:\/\/www.maitri.pl\/fr\/wp-json\/wp\/v2\/product\/26117","targetHints":{"allow":["GET"]}}],"collection":[{"href":"https:\/\/www.maitri.pl\/fr\/wp-json\/wp\/v2\/product"}],"about":[{"href":"https:\/\/www.maitri.pl\/fr\/wp-json\/wp\/v2\/types\/product"}],"wp:featuredmedia":[{"embeddable":true,"href":"https:\/\/www.maitri.pl\/fr\/wp-json\/wp\/v2\/media\/26124"}],"wp:attachment":[{"href":"https:\/\/www.maitri.pl\/fr\/wp-json\/wp\/v2\/media?parent=26117"}],"wp:term":[{"taxonomy":"product_brand","embeddable":true,"href":"https:\/\/www.maitri.pl\/fr\/wp-json\/wp\/v2\/product_brand?post=26117"},{"taxonomy":"product_cat","embeddable":true,"href":"https:\/\/www.maitri.pl\/fr\/wp-json\/wp\/v2\/product_cat?post=26117"},{"taxonomy":"product_tag","embeddable":true,"href":"https:\/\/www.maitri.pl\/fr\/wp-json\/wp\/v2\/product_tag?post=26117"}],"curies":[{"name":"wp","href":"https:\/\/api.w.org\/{rel}","templated":true}]}}