{"id":26016,"date":"2023-02-15T13:14:05","date_gmt":"2023-02-15T12:14:05","guid":{"rendered":"https:\/\/www.maitri.pl\/?post_type=product&#038;p=26016"},"modified":"2024-02-07T12:53:11","modified_gmt":"2024-02-07T11:53:11","slug":"budowa-szkoly-w-togo","status":"publish","type":"product","link":"https:\/\/www.maitri.pl\/fr\/projekt\/budowa-szkoly-w-togo\/","title":{"rendered":"Budowa Szko\u0142y w Togo"},"content":{"rendered":"<p><strong>Dzi\u0119ki \u015brodkom otrzymanym od anonimowego darczy\u0144cy Stowarzyszenie Ruchu \u00ab\u00a0Maitri\u00a0\u00bb w odpowiedzi na potrzeb\u0119 budowy plac\u00f3wki o\u015bwiatowej w Archidiecezji An\u00e9ho w Togo finansuje oraz koordynuje projekt jej budowy. W jego ramach powstanie budynek szko\u0142y podstawowej \u00ab\u00a0Ecole Primaire Catholique Notre Dame\u00a0\u00bb w miejscowo\u015bci Kpogan w Togo, w pobli\u017cu stolicy kraju Lom\u00e9.<\/strong><\/p>\n<h3>Trudna sytuacja szkolnictwa w Togo<\/h3>\n<p>Togo to niewielkie <a href=\"https:\/\/pl.wikipedia.org\/wiki\/Togo\">pa\u0144stwo<\/a> po\u0142o\u017cone w Afryce Zachodniej, kt\u00f3re zamieszkuj\u0119 ponad 8 milion\u00f3w ludzi. Kraj ten ma kr\u00f3tk\u0105 linie brzegow\u0105 daj\u0105c\u0105 dost\u0119p do Oceanu Atlantyckiego, a wi\u0119kszo\u015b\u0107 jego powierzchni zajmuj\u0105 tereny wy\u017cynne. Mieszka\u0144cy regionu zajmuj\u0105 si\u0119 przede wszystkim rolnictwem. PKB per capita wynosi zaledwie 664$, co oznacza, \u017ce przeci\u0119tny Togijczyk zarabia nieca\u0142e 2$ dziennie. Edukacja w Togo jest p\u0142atna i w zwi\u0105zku z tym przeci\u0119tne zarobki nie pozwalaj\u0105 rodzicom na posy\u0142anie dzieci do szko\u0142y. Dlatego nasze Stowarzyszenie prowadzi w Togo program <a href=\"https:\/\/www.maitri.pl\/adopcja-serca\/\">Adopcji Serca<\/a>, kt\u00f3ry umo\u017cliwia dzieciom uzyskanie wykszta\u0142cenia i daje im szans\u0119 na lepsz\u0105 przysz\u0142o\u015b\u0107.<\/p>\n<p>Inny powa\u017cny problem w dziedzinie edukacji w Togo stanowi dost\u0119p do plac\u00f3wek o\u015bwiatowych na dobrym poziomie. Niestety cz\u0119sto szko\u0142y pa\u0144stwowe nie przekazuj\u0105 uczniom nie tylko aktualnej, lecz tak\u017ce faktycznie potrzebnej im wiedzy. Odpowiedzi\u0105 na te wyzwanie jest system szkolnictwa katolickiego, kt\u00f3ry jest prowadzony przez miejscowy struktury ko\u015bcielne. Dzi\u0119ki kontaktom zagranicznym os\u00f3b duchownych, a tak\u017ce obecno\u015bci europejskich misjonarzy, szko\u0142y katolickie maj\u0105 szans\u0119 zapewni\u0107 sobie odpowiednie finansowanie infrastrukturalne. Dzi\u0119ki dodatkowym \u017ar\u00f3d\u0142om finansowania maj\u0105 r\u00f3wnie\u017c mo\u017cliwo\u015b\u0107 zatrudnienia kompetentnych kadr nauczycieli. W odpowiedzi na potrzeb\u0119 budowy nowej szko\u0142y w pobli\u017cu stolicy kraju Lom\u00e9, Stowarzyszenie Ruchu \u00ab\u00a0Maitri\u00a0\u00bb b\u0119dzie koordynowa\u0107 jej budow\u0119 we wsp\u00f3\u0142pracy z Archidiecezj\u0105 An\u00e9ho w Togo.<\/p>\n<h3>Projekt budowy<\/h3>\n<p>Szko\u0142a powstanie zgodnie z przygotowanym projektem na dzia\u0142ce, kt\u00f3ra nale\u017cy do Archidiecezji. Obiekt sk\u0142ada\u0107 si\u0119 b\u0119dzie z 2 kondygnacji. Znajdzie si\u0119 w nim 6 sal lekcyjnych, 2 pomieszczenia biurowe, 12 toalet, a tak\u017ce du\u017cy pok\u00f3j nauczycielski. Instalacja elektryczna i sanitarna b\u0119d\u0105 spe\u0142nia\u0107 wymagania techniczne dla obiekt\u00f3w szkolnych zgodnie z przepisami budowlanymi w Togo. Pomieszczenia zostan\u0105 wyposa\u017cone w sto\u0142y i krzes\u0142a. Przed obiektem zaaran\u017cowane zostan\u0105 tereny zielone oraz powstanie plac zabaw dla dzieci. Budowa szko\u0142y rozpocz\u0119\u0142a si\u0119 w grudniu 2022, a jej zako\u0144czenie planowane jest na sierpie\u0144 2023. Stron\u0119 Archidiecezji w projekcie reprezentuje biskup Isaac Jogues Gaglo oraz Ojciec Luc-Jeremie Amezoli \u2013 dyrektor diecezjalnego szkolnictwa katolickiego.<\/p>\n<h3>Szansa na edukacj\u0119<\/h3>\n<p>Po zako\u0144czeniu budowy do szko\u0142y ucz\u0119szcza\u0107 b\u0119dzie mog\u0142o oko\u0142o 850 dzieci. Wzorem innych funkcjonuj\u0105cych w regionie, szko\u0142a utrzymywa\u0107 b\u0119dzie si\u0119 m.in. z op\u0142at wnoszonych przez uczni\u00f3w w ramach czesnego. Lokalizacja plac\u00f3wki w pobli\u017cu stolicy oraz wysoki przyrost naturalny w regionie sprawiaj\u0105, \u017ce nie zabraknie dzieci ch\u0119tnych do nauki. Szko\u0142a to dla nich szansa na uzyskanie solidnego wykszta\u0142cenia, kt\u00f3re w przysz\u0142o\u015bci mo\u017ce zaowocowa\u0107 popraw\u0105 sytuacji materialnej lokalnego spo\u0142ecze\u0144stwa.<\/p>\n<h4 style=\"text-align: justify;\" align=\"JUSTIFY\"><strong>Numer projektu: 01\/DIETO<\/strong><\/h4>\n<h4 style=\"text-align: justify;\" align=\"JUSTIFY\"><strong><span style=\"color: #ff0000;\"><span style=\"font-size: large;\">Kwota projektu: 90.000 \u20ac<\/span><\/span><\/strong><\/h4>\n","protected":false},"excerpt":{"rendered":"<div class=\"woocommerce-product-details__short-description\">\n<p><strong>Projekt:<\/strong> ks. Jeremie Amezoli &#8211; dyrektor diecezjalnego szkolnictwa<br \/>\n<strong>Miejsce: <\/strong>Diecezja Aneho, Togo<\/p>\n<p class=\"maitri-project-nr\"><strong>Kwota projektu:<\/strong> <span style=\"color: #ff0000;\"><strong>90.000 \u20ac\u00a0 <\/strong><\/span><\/p>\n<p class=\"maitri-project-nr\">Nazwa projektu: <strong>01\/DIETO<\/strong><\/p>\n<\/div>\n","protected":false},"featured_media":25663,"template":"","meta":[],"product_brand":[],"product_cat":[656],"product_tag":[958,957,718,751],"class_list":{"0":"post-26016","1":"product","2":"type-product","3":"status-publish","4":"has-post-thumbnail","6":"product_cat-bez-kategorii","7":"product_tag-projekt","8":"product_tag-szkola","9":"product_tag-togo","10":"product_tag-zgromadzenie-siostr-swietej-katarzyny","12":"first","13":"instock","14":"shipping-taxable","15":"product-type-simple"},"yoast_head":"<!-- This site is optimized with the Yoast SEO plugin v27.2 - https:\/\/yoast.com\/product\/yoast-seo-wordpress\/ -->\n<title>Budowa Szko\u0142y w Togo &#8211; Ruch Maitri - Adopcja Serca pomoc Afryce<\/title>\n<meta name=\"description\" content=\"Dzi\u0119ki \u015brodkom otrzymanym od anonimowego darczy\u0144cy Stowarzyszenie Ruchu &quot;Maitri&quot; w odpowiedzi na potrzeb\u0119 budowy plac\u00f3wki o\u015bwiatowej w Archidiecezji An\u00e9ho w Togo finansuje oraz koordynuje projekt jej budowy. W jego ramach powstanie budynek szko\u0142y podstawowej &quot;Ecole Primaire Catholique Notre Dame&quot; w miejscowo\u015bci Kpogan w Togo, w pobli\u017cu stolicy kraju Lom\u00e9.\" \/>\n<meta name=\"robots\" content=\"index, follow, max-snippet:-1, max-image-preview:large, max-video-preview:-1\" \/>\n<link rel=\"canonical\" href=\"https:\/\/www.maitri.pl\/projekt\/budowa-szkoly-w-togo\/\" \/>\n<meta property=\"og:locale\" content=\"fr_FR\" \/>\n<meta property=\"og:type\" content=\"article\" \/>\n<meta property=\"og:title\" content=\"Budowa Szko\u0142y w Togo &#8211; Ruch Maitri - Adopcja Serca pomoc Afryce\" \/>\n<meta property=\"og:description\" content=\"Dzi\u0119ki \u015brodkom otrzymanym od anonimowego darczy\u0144cy Stowarzyszenie Ruchu &quot;Maitri&quot; w odpowiedzi na potrzeb\u0119 budowy plac\u00f3wki o\u015bwiatowej w Archidiecezji An\u00e9ho w Togo finansuje oraz koordynuje projekt jej budowy. W jego ramach powstanie budynek szko\u0142y podstawowej &quot;Ecole Primaire Catholique Notre Dame&quot; w miejscowo\u015bci Kpogan w Togo, w pobli\u017cu stolicy kraju Lom\u00e9.\" \/>\n<meta property=\"og:url\" content=\"https:\/\/www.maitri.pl\/projekt\/budowa-szkoly-w-togo\/\" \/>\n<meta property=\"og:site_name\" content=\"Ruch Maitri - Adopcja Serca pomoc Afryce\" \/>\n<meta property=\"article:publisher\" content=\"https:\/\/www.facebook.com\/MAITRI.Adopcja.Serca.dzieci.Afryki\/\" \/>\n<meta property=\"article:modified_time\" content=\"2024-02-07T11:53:11+00:00\" \/>\n<meta property=\"og:image\" content=\"https:\/\/www.maitri.pl\/wp-content\/uploads\/2023\/01\/Togo-1.png\" \/>\n\t<meta property=\"og:image:width\" content=\"1080\" \/>\n\t<meta property=\"og:image:height\" content=\"1080\" \/>\n\t<meta property=\"og:image:type\" content=\"image\/png\" \/>\n<meta name=\"twitter:card\" content=\"summary_large_image\" \/>\n<meta name=\"twitter:label1\" content=\"Dur\u00e9e de lecture estim\u00e9e\" \/>\n\t<meta name=\"twitter:data1\" content=\"3 minutes\" \/>\n<script type=\"application\/ld+json\" class=\"yoast-schema-graph\">{\"@context\":\"https:\/\/schema.org\",\"@graph\":[{\"@type\":\"WebPage\",\"@id\":\"https:\/\/www.maitri.pl\/projekt\/budowa-szkoly-w-togo\/\",\"url\":\"https:\/\/www.maitri.pl\/projekt\/budowa-szkoly-w-togo\/\",\"name\":\"Budowa Szko\u0142y w Togo &#8211; Ruch Maitri - Adopcja Serca pomoc Afryce\",\"isPartOf\":{\"@id\":\"https:\/\/www.maitri.pl\/#website\"},\"primaryImageOfPage\":{\"@id\":\"https:\/\/www.maitri.pl\/projekt\/budowa-szkoly-w-togo\/#primaryimage\"},\"image\":{\"@id\":\"https:\/\/www.maitri.pl\/projekt\/budowa-szkoly-w-togo\/#primaryimage\"},\"thumbnailUrl\":\"https:\/\/www.maitri.pl\/wp-content\/uploads\/2023\/01\/Togo-1.png\",\"datePublished\":\"2023-02-15T12:14:05+00:00\",\"dateModified\":\"2024-02-07T11:53:11+00:00\",\"description\":\"Dzi\u0119ki \u015brodkom otrzymanym od anonimowego darczy\u0144cy Stowarzyszenie Ruchu \\\"Maitri\\\" w odpowiedzi na potrzeb\u0119 budowy plac\u00f3wki o\u015bwiatowej w Archidiecezji An\u00e9ho w Togo finansuje oraz koordynuje projekt jej budowy. W jego ramach powstanie budynek szko\u0142y podstawowej \\\"Ecole Primaire Catholique Notre Dame\\\" w miejscowo\u015bci Kpogan w Togo, w pobli\u017cu stolicy kraju Lom\u00e9.\",\"breadcrumb\":{\"@id\":\"https:\/\/www.maitri.pl\/projekt\/budowa-szkoly-w-togo\/#breadcrumb\"},\"inLanguage\":\"fr-FR\",\"potentialAction\":[{\"@type\":\"ReadAction\",\"target\":[\"https:\/\/www.maitri.pl\/projekt\/budowa-szkoly-w-togo\/\"]}]},{\"@type\":\"ImageObject\",\"inLanguage\":\"fr-FR\",\"@id\":\"https:\/\/www.maitri.pl\/projekt\/budowa-szkoly-w-togo\/#primaryimage\",\"url\":\"https:\/\/www.maitri.pl\/wp-content\/uploads\/2023\/01\/Togo-1.png\",\"contentUrl\":\"https:\/\/www.maitri.pl\/wp-content\/uploads\/2023\/01\/Togo-1.png\",\"width\":1080,\"height\":1080,\"caption\":\"Kpogan w Togo\"},{\"@type\":\"BreadcrumbList\",\"@id\":\"https:\/\/www.maitri.pl\/projekt\/budowa-szkoly-w-togo\/#breadcrumb\",\"itemListElement\":[{\"@type\":\"ListItem\",\"position\":1,\"name\":\"Strona g\u0142\u00f3wna\",\"item\":\"https:\/\/www.maitri.pl\/\"},{\"@type\":\"ListItem\",\"position\":2,\"name\":\"Sklep\",\"item\":\"https:\/\/www.maitri.pl\/sklep\/\"},{\"@type\":\"ListItem\",\"position\":3,\"name\":\"Budowa Szko\u0142y w Togo\"}]},{\"@type\":\"WebSite\",\"@id\":\"https:\/\/www.maitri.pl\/#website\",\"url\":\"https:\/\/www.maitri.pl\/\",\"name\":\"Adopcja Serca Maitri \u2013 pomoc dzieciom w Afryce\",\"description\":\"Adopcja Serca \u2013 adopcja na odleg\u0142o\u015b\u0107, pomoc Afryce, do\u017cywianie i edukacja w Afryce\",\"publisher\":{\"@id\":\"https:\/\/www.maitri.pl\/#organization\"},\"potentialAction\":[{\"@type\":\"SearchAction\",\"target\":{\"@type\":\"EntryPoint\",\"urlTemplate\":\"https:\/\/www.maitri.pl\/?s={search_term_string}\"},\"query-input\":{\"@type\":\"PropertyValueSpecification\",\"valueRequired\":true,\"valueName\":\"search_term_string\"}}],\"inLanguage\":\"fr-FR\"},{\"@type\":\"Organization\",\"@id\":\"https:\/\/www.maitri.pl\/#organization\",\"name\":\"Stowarzyszenie Ruchu Maitri\",\"url\":\"https:\/\/www.maitri.pl\/\",\"logo\":{\"@type\":\"ImageObject\",\"inLanguage\":\"fr-FR\",\"@id\":\"https:\/\/www.maitri.pl\/#\/schema\/logo\/image\/\",\"url\":\"https:\/\/www.maitri.pl\/wp-content\/uploads\/2020\/04\/duze_logo-81.png\",\"contentUrl\":\"https:\/\/www.maitri.pl\/wp-content\/uploads\/2020\/04\/duze_logo-81.png\",\"width\":339,\"height\":321,\"caption\":\"Stowarzyszenie Ruchu Maitri\"},\"image\":{\"@id\":\"https:\/\/www.maitri.pl\/#\/schema\/logo\/image\/\"},\"sameAs\":[\"https:\/\/www.facebook.com\/MAITRI.Adopcja.Serca.dzieci.Afryki\/\"]}]}<\/script>\n<!-- \/ Yoast SEO plugin. -->","yoast_head_json":{"title":"Budowa Szko\u0142y w Togo &#8211; Ruch Maitri - Adopcja Serca pomoc Afryce","description":"Dzi\u0119ki \u015brodkom otrzymanym od anonimowego darczy\u0144cy Stowarzyszenie Ruchu \"Maitri\" w odpowiedzi na potrzeb\u0119 budowy plac\u00f3wki o\u015bwiatowej w Archidiecezji An\u00e9ho w Togo finansuje oraz koordynuje projekt jej budowy. W jego ramach powstanie budynek szko\u0142y podstawowej \"Ecole Primaire Catholique Notre Dame\" w miejscowo\u015bci Kpogan w Togo, w pobli\u017cu stolicy kraju Lom\u00e9.","robots":{"index":"index","follow":"follow","max-snippet":"max-snippet:-1","max-image-preview":"max-image-preview:large","max-video-preview":"max-video-preview:-1"},"canonical":"https:\/\/www.maitri.pl\/projekt\/budowa-szkoly-w-togo\/","og_locale":"fr_FR","og_type":"article","og_title":"Budowa Szko\u0142y w Togo &#8211; Ruch Maitri - Adopcja Serca pomoc Afryce","og_description":"Dzi\u0119ki \u015brodkom otrzymanym od anonimowego darczy\u0144cy Stowarzyszenie Ruchu \"Maitri\" w odpowiedzi na potrzeb\u0119 budowy plac\u00f3wki o\u015bwiatowej w Archidiecezji An\u00e9ho w Togo finansuje oraz koordynuje projekt jej budowy. W jego ramach powstanie budynek szko\u0142y podstawowej \"Ecole Primaire Catholique Notre Dame\" w miejscowo\u015bci Kpogan w Togo, w pobli\u017cu stolicy kraju Lom\u00e9.","og_url":"https:\/\/www.maitri.pl\/projekt\/budowa-szkoly-w-togo\/","og_site_name":"Ruch Maitri - Adopcja Serca pomoc Afryce","article_publisher":"https:\/\/www.facebook.com\/MAITRI.Adopcja.Serca.dzieci.Afryki\/","article_modified_time":"2024-02-07T11:53:11+00:00","og_image":[{"width":1080,"height":1080,"url":"https:\/\/www.maitri.pl\/wp-content\/uploads\/2023\/01\/Togo-1.png","type":"image\/png"}],"twitter_card":"summary_large_image","twitter_misc":{"Dur\u00e9e de lecture estim\u00e9e":"3 minutes"},"schema":{"@context":"https:\/\/schema.org","@graph":[{"@type":"WebPage","@id":"https:\/\/www.maitri.pl\/projekt\/budowa-szkoly-w-togo\/","url":"https:\/\/www.maitri.pl\/projekt\/budowa-szkoly-w-togo\/","name":"Budowa Szko\u0142y w Togo &#8211; Ruch Maitri - Adopcja Serca pomoc Afryce","isPartOf":{"@id":"https:\/\/www.maitri.pl\/#website"},"primaryImageOfPage":{"@id":"https:\/\/www.maitri.pl\/projekt\/budowa-szkoly-w-togo\/#primaryimage"},"image":{"@id":"https:\/\/www.maitri.pl\/projekt\/budowa-szkoly-w-togo\/#primaryimage"},"thumbnailUrl":"https:\/\/www.maitri.pl\/wp-content\/uploads\/2023\/01\/Togo-1.png","datePublished":"2023-02-15T12:14:05+00:00","dateModified":"2024-02-07T11:53:11+00:00","description":"Dzi\u0119ki \u015brodkom otrzymanym od anonimowego darczy\u0144cy Stowarzyszenie Ruchu \"Maitri\" w odpowiedzi na potrzeb\u0119 budowy plac\u00f3wki o\u015bwiatowej w Archidiecezji An\u00e9ho w Togo finansuje oraz koordynuje projekt jej budowy. W jego ramach powstanie budynek szko\u0142y podstawowej \"Ecole Primaire Catholique Notre Dame\" w miejscowo\u015bci Kpogan w Togo, w pobli\u017cu stolicy kraju Lom\u00e9.","breadcrumb":{"@id":"https:\/\/www.maitri.pl\/projekt\/budowa-szkoly-w-togo\/#breadcrumb"},"inLanguage":"fr-FR","potentialAction":[{"@type":"ReadAction","target":["https:\/\/www.maitri.pl\/projekt\/budowa-szkoly-w-togo\/"]}]},{"@type":"ImageObject","inLanguage":"fr-FR","@id":"https:\/\/www.maitri.pl\/projekt\/budowa-szkoly-w-togo\/#primaryimage","url":"https:\/\/www.maitri.pl\/wp-content\/uploads\/2023\/01\/Togo-1.png","contentUrl":"https:\/\/www.maitri.pl\/wp-content\/uploads\/2023\/01\/Togo-1.png","width":1080,"height":1080,"caption":"Kpogan w Togo"},{"@type":"BreadcrumbList","@id":"https:\/\/www.maitri.pl\/projekt\/budowa-szkoly-w-togo\/#breadcrumb","itemListElement":[{"@type":"ListItem","position":1,"name":"Strona g\u0142\u00f3wna","item":"https:\/\/www.maitri.pl\/"},{"@type":"ListItem","position":2,"name":"Sklep","item":"https:\/\/www.maitri.pl\/sklep\/"},{"@type":"ListItem","position":3,"name":"Budowa Szko\u0142y w Togo"}]},{"@type":"WebSite","@id":"https:\/\/www.maitri.pl\/#website","url":"https:\/\/www.maitri.pl\/","name":"Adopcja Serca Maitri \u2013 pomoc dzieciom w Afryce","description":"Adopcja Serca \u2013 adopcja na odleg\u0142o\u015b\u0107, pomoc Afryce, do\u017cywianie i edukacja w Afryce","publisher":{"@id":"https:\/\/www.maitri.pl\/#organization"},"potentialAction":[{"@type":"SearchAction","target":{"@type":"EntryPoint","urlTemplate":"https:\/\/www.maitri.pl\/?s={search_term_string}"},"query-input":{"@type":"PropertyValueSpecification","valueRequired":true,"valueName":"search_term_string"}}],"inLanguage":"fr-FR"},{"@type":"Organization","@id":"https:\/\/www.maitri.pl\/#organization","name":"Stowarzyszenie Ruchu Maitri","url":"https:\/\/www.maitri.pl\/","logo":{"@type":"ImageObject","inLanguage":"fr-FR","@id":"https:\/\/www.maitri.pl\/#\/schema\/logo\/image\/","url":"https:\/\/www.maitri.pl\/wp-content\/uploads\/2020\/04\/duze_logo-81.png","contentUrl":"https:\/\/www.maitri.pl\/wp-content\/uploads\/2020\/04\/duze_logo-81.png","width":339,"height":321,"caption":"Stowarzyszenie Ruchu Maitri"},"image":{"@id":"https:\/\/www.maitri.pl\/#\/schema\/logo\/image\/"},"sameAs":["https:\/\/www.facebook.com\/MAITRI.Adopcja.Serca.dzieci.Afryki\/"]}]}},"_links":{"self":[{"href":"https:\/\/www.maitri.pl\/fr\/wp-json\/wp\/v2\/product\/26016","targetHints":{"allow":["GET"]}}],"collection":[{"href":"https:\/\/www.maitri.pl\/fr\/wp-json\/wp\/v2\/product"}],"about":[{"href":"https:\/\/www.maitri.pl\/fr\/wp-json\/wp\/v2\/types\/product"}],"wp:featuredmedia":[{"embeddable":true,"href":"https:\/\/www.maitri.pl\/fr\/wp-json\/wp\/v2\/media\/25663"}],"wp:attachment":[{"href":"https:\/\/www.maitri.pl\/fr\/wp-json\/wp\/v2\/media?parent=26016"}],"wp:term":[{"taxonomy":"product_brand","embeddable":true,"href":"https:\/\/www.maitri.pl\/fr\/wp-json\/wp\/v2\/product_brand?post=26016"},{"taxonomy":"product_cat","embeddable":true,"href":"https:\/\/www.maitri.pl\/fr\/wp-json\/wp\/v2\/product_cat?post=26016"},{"taxonomy":"product_tag","embeddable":true,"href":"https:\/\/www.maitri.pl\/fr\/wp-json\/wp\/v2\/product_tag?post=26016"}],"curies":[{"name":"wp","href":"https:\/\/api.w.org\/{rel}","templated":true}]}}