{"id":25994,"date":"2023-02-14T15:16:21","date_gmt":"2023-02-14T14:16:21","guid":{"rendered":"https:\/\/www.maitri.pl\/?post_type=product&#038;p=25994"},"modified":"2025-03-31T14:15:07","modified_gmt":"2025-03-31T12:15:07","slug":"pomoc-niepelnosprawnym-rwanda","status":"publish","type":"product","link":"https:\/\/www.maitri.pl\/fr\/projekt\/pomoc-niepelnosprawnym-rwanda\/","title":{"rendered":"Pomoc niepe\u0142nosprawnym: op\u0142a\u0107 internat uczniom z Nyakinamy w Rwandzie"},"content":{"rendered":"<h4>Podaj d\u0142o\u0144 najs\u0142abszym<\/h4>\n<p>Wsp\u00f3lnie z darczy\u0144cami Maitri w Nyakinama od lat niesiemy pomoc niepe\u0142nosprawnym dzieciom. Razem prowadzimy program Adopcja Medyczna. Dzi\u0119ki programowi nasi podopieczni zyskuj\u0105 szans\u0119 lepszego rozwoju nawet w bardzo trudnych, afryka\u0144skich warunkach. Sytuacja niepe\u0142nosprawnych dzieci jest tam z regu\u0142y dramatyczna. W tym programie mamy g\u0142\u00f3wnie dzieci z kalectwem fizycznym, powsta\u0142ym wskutek r\u00f3\u017cnych problem\u00f3w porodowych lub chor\u00f3b, dzieci z wrodzonymi deformacjami ko\u0144czyn dolnych i g\u00f3rnych, po pra\u017ceniu m\u00f3zgowym itd. Jest te\u017c grupa z zaburzeniami psychicznymi. Ich niedo\u0142\u0119\u017cno\u015b\u0107 jest tak wielka, \u017ce cz\u0119sto s\u0105 ca\u0142kowicie uzale\u017cnione od swoich opiekun\u00f3w, niezdolne do samodzielnej egzystencji.<\/p>\n<h4>Leczenie to luksus<\/h4>\n<p>W Rwandzie koszty leczenia specjalistycznego, operacji chirurgicznych i rehabilitacji s\u0105 bardzo wysokie, przez co wi\u0119kszo\u015b\u0107 spo\u0142ecze\u0144stwa nie korzysta z tego.\u00a0Poznaj\u0105c bli\u017cej warunki \u017cycia rodzin naszych chorych zauwa\u017cyli\u015bmy, \u017ce wi\u0119kszo\u015b\u0107 z nich \u017cyje w ekstremalnie ci\u0119\u017ckich warunkach. Cz\u0119sto brakuje im podstawowych \u015brodk\u00f3w do \u017cycia m.in. odpowiedniego wy\u017cywienia, \u015brodk\u00f3w sanitarnych. Problem ten dotyczy g\u0142\u00f3wnie dzieci z upo\u015bledzeniem umys\u0142owym. Pomoc niepe\u0142nosprawnym pozwoli z\u0142agodzi\u0107 trudne warunki egzystencji.<\/p>\n<h4>Czesne poza zasi\u0119giem<\/h4>\n<p>Wiele dzieci z kalectwem fizycznym pragnie ucz\u0119szcza\u0107 do szko\u0142y, zdoby\u0107 wiedz\u0119, tak jak inne, zdrowe dzieci. Pobyt w szkole daje im zawsze wi\u0119cej rado\u015bci ni\u017c pozostawanie w domu. W wielu przypadkach jest potrzebna szko\u0142a z internatem. Niestety, op\u0142aty za tego rodzaju szko\u0142\u0119 s\u0105 wysokie i rodzic\u00f3w nie sta\u0107 na zap\u0142acenie czesnego. Dlatego te\u017c w ich imieniu zwracam si\u0119 do Was z gor\u0105c\u0105 pro\u015bb\u0105 o pomoc w sfinansowaniu nauki w szkole z internatem dla takich dzieci. To nasza kolejna pro\u015bba o op\u0142aty za internat. Dzi\u0119kujemy bardzo za t\u0119 pomoc dzi\u0119ki kt\u00f3rej dzieci mog\u0105 pozostawa\u0107 w szkole z internatem i skorzysta\u0107 z edukacji na miar\u0119 ich mo\u017cliwo\u015bci. B\u00f3g zap\u0142a\u0107 wszystkim Darczy\u0144com i ca\u0142ej Waszej ekipie dzi\u0119ki kt\u00f3rej te \u015brodki mog\u0105 do nas dociera\u0107.<\/p>\n<h4><strong>Kosztorys:<\/strong><\/h4>\n<p>Pomoc w op\u0142aceniu szko\u0142y z internatem za okres 10 miesi\u0119cy dla 14 podopiecznych \u2013 3.480 \u20ac.<\/p>\n<p>Z pami\u0119ci\u0105 w modlitwie i wdzi\u0119czno\u015bci\u0105 pozostaje.<\/p>\n<p>Siostra Agnieszka Czajkowska, <a href=\"https:\/\/www.siostryodaniolow.pl\/\" target=\"_blank\" rel=\"noopener noreferrer\">Zgromadzenie Si\u00f3str od Anio\u0142\u00f3w<\/a>,\u00a0Nyakinama, <a href=\"https:\/\/www.maitri.pl\/gdzie-pomagamy\/\" target=\"_blank\" rel=\"noopener noreferrer\">Rwanda<\/a><\/p>\n<p style=\"text-align: justify;\" align=\"JUSTIFY\"><span style=\"color: #ff0000;\"><span style=\"font-size: large;\"><b>Kwota projektu: 3 480 \u20ac<br \/>\n<\/b><\/span><\/span><\/p>\n<p style=\"text-align: justify;\"><strong>Numer projektu: 160\/ANIOL <\/strong><\/p>\n<p style=\"text-align: justify;\" align=\"JUSTIFY\"><span style=\"color: #808080;\">Stowarzyszenie Ruchu\u00a0<em>Maitri<\/em>\u00a0przeznacza do 10% otrzymanych \u015brodk\u00f3w na koszty funkcjonowania biura i pozyskiwanie funduszy pomocowych.<\/span><\/p>\n<h3 style=\"text-align: justify;\" align=\"JUSTIFY\"><span style=\"color: #808080;\">Pomoc niepe\u0142nosprawnym: op\u0142a\u0107 internat uczniom z Nyakinamy w Rwandzie<\/span><\/h3>\n","protected":false},"excerpt":{"rendered":"<p><strong>Projekt:<\/strong> Siostra Agnieszka Czajkowska, <a href=\"https:\/\/www.siostryodaniolow.pl\/\" target=\"_blank\" rel=\"noopener noreferrer\">Zgromadzenie Si\u00f3str od Anio\u0142\u00f3w<\/a><br \/>\n<strong>Misja:<\/strong> Nyakinama, <a href=\"https:\/\/www.maitri.pl\/gdzie-pomagamy\/\" target=\"_blank\" rel=\"noopener noreferrer\">Rwanda<\/a><br \/>\n<strong>Kwota projektu:<\/strong> <span style=\"color: #ff0000;\"><strong>3 480 \u20ac<\/strong><\/span><\/p>\n","protected":false},"featured_media":25998,"template":"","meta":[],"product_brand":[],"product_cat":[656],"product_tag":[705,707,708,716,665],"class_list":{"0":"post-25994","1":"product","2":"type-product","3":"status-publish","4":"has-post-thumbnail","6":"product_cat-bez-kategorii","7":"product_tag-nyakinama","8":"product_tag-rwanda","9":"product_tag-siostra-agnieszka-czajkowska","10":"product_tag-siostry-od-aniolow","11":"product_tag-zgromadzenie-siostr-od-aniolow","13":"first","14":"instock","15":"virtual","16":"purchasable","17":"product-type-simple"},"yoast_head":"<!-- This site is optimized with the Yoast SEO plugin v27.2 - https:\/\/yoast.com\/product\/yoast-seo-wordpress\/ -->\n<title>Pomoc niepe\u0142nosprawnym: op\u0142a\u0107 internat uczniom z Nyakinamy<\/title>\n<meta name=\"description\" content=\"Pomoc niepe\u0142nosprawnym: op\u0142a\u0107 internat uczniom z Nyakinamy w Rwandzie. Na wsparcie czeka 15 dzieci. O szlachetno\u015b\u0107 prosz\u0105 Siostry od Anio\u0142\u00f3w.\" \/>\n<meta name=\"robots\" content=\"index, follow, max-snippet:-1, max-image-preview:large, max-video-preview:-1\" \/>\n<link rel=\"canonical\" href=\"https:\/\/www.maitri.pl\/projekt\/pomoc-niepelnosprawnym-rwanda\/\" \/>\n<meta property=\"og:locale\" content=\"fr_FR\" \/>\n<meta property=\"og:type\" content=\"article\" \/>\n<meta property=\"og:title\" content=\"Pomoc niepe\u0142nosprawnym: op\u0142a\u0107 internat uczniom z Nyakinamy\" \/>\n<meta property=\"og:description\" content=\"Pomoc niepe\u0142nosprawnym: op\u0142a\u0107 internat uczniom z Nyakinamy w Rwandzie. Na wsparcie czeka 15 dzieci. O szlachetno\u015b\u0107 prosz\u0105 Siostry od Anio\u0142\u00f3w.\" \/>\n<meta property=\"og:url\" content=\"https:\/\/www.maitri.pl\/projekt\/pomoc-niepelnosprawnym-rwanda\/\" \/>\n<meta property=\"og:site_name\" content=\"Ruch Maitri - Adopcja Serca pomoc Afryce\" \/>\n<meta property=\"article:publisher\" content=\"https:\/\/www.facebook.com\/MAITRI.Adopcja.Serca.dzieci.Afryki\/\" \/>\n<meta property=\"article:modified_time\" content=\"2025-03-31T12:15:07+00:00\" \/>\n<meta property=\"og:image\" content=\"https:\/\/www.maitri.pl\/wp-content\/uploads\/2023\/02\/Zalacznik-bez-tytulu-00086.jpg\" \/>\n\t<meta property=\"og:image:width\" content=\"1984\" \/>\n\t<meta property=\"og:image:height\" content=\"1488\" \/>\n\t<meta property=\"og:image:type\" content=\"image\/jpeg\" \/>\n<meta name=\"twitter:card\" content=\"summary_large_image\" \/>\n<meta name=\"twitter:label1\" content=\"Dur\u00e9e de lecture estim\u00e9e\" \/>\n\t<meta name=\"twitter:data1\" content=\"3 minutes\" \/>\n<script type=\"application\/ld+json\" class=\"yoast-schema-graph\">{\"@context\":\"https:\/\/schema.org\",\"@graph\":[{\"@type\":\"WebPage\",\"@id\":\"https:\/\/www.maitri.pl\/projekt\/pomoc-niepelnosprawnym-rwanda\/\",\"url\":\"https:\/\/www.maitri.pl\/projekt\/pomoc-niepelnosprawnym-rwanda\/\",\"name\":\"Pomoc niepe\u0142nosprawnym: op\u0142a\u0107 internat uczniom z Nyakinamy\",\"isPartOf\":{\"@id\":\"https:\/\/www.maitri.pl\/#website\"},\"primaryImageOfPage\":{\"@id\":\"https:\/\/www.maitri.pl\/projekt\/pomoc-niepelnosprawnym-rwanda\/#primaryimage\"},\"image\":{\"@id\":\"https:\/\/www.maitri.pl\/projekt\/pomoc-niepelnosprawnym-rwanda\/#primaryimage\"},\"thumbnailUrl\":\"https:\/\/www.maitri.pl\/wp-content\/uploads\/2023\/02\/Zalacznik-bez-tytulu-00086.jpg\",\"datePublished\":\"2023-02-14T14:16:21+00:00\",\"dateModified\":\"2025-03-31T12:15:07+00:00\",\"description\":\"Pomoc niepe\u0142nosprawnym: op\u0142a\u0107 internat uczniom z Nyakinamy w Rwandzie. Na wsparcie czeka 15 dzieci. O szlachetno\u015b\u0107 prosz\u0105 Siostry od Anio\u0142\u00f3w.\",\"breadcrumb\":{\"@id\":\"https:\/\/www.maitri.pl\/projekt\/pomoc-niepelnosprawnym-rwanda\/#breadcrumb\"},\"inLanguage\":\"fr-FR\",\"potentialAction\":[{\"@type\":\"ReadAction\",\"target\":[\"https:\/\/www.maitri.pl\/projekt\/pomoc-niepelnosprawnym-rwanda\/\"]}]},{\"@type\":\"ImageObject\",\"inLanguage\":\"fr-FR\",\"@id\":\"https:\/\/www.maitri.pl\/projekt\/pomoc-niepelnosprawnym-rwanda\/#primaryimage\",\"url\":\"https:\/\/www.maitri.pl\/wp-content\/uploads\/2023\/02\/Zalacznik-bez-tytulu-00086.jpg\",\"contentUrl\":\"https:\/\/www.maitri.pl\/wp-content\/uploads\/2023\/02\/Zalacznik-bez-tytulu-00086.jpg\",\"width\":1984,\"height\":1488,\"caption\":\"Pomoc niepe\u0142nosprawnym: op\u0142a\u0107 internat uczniom z Nyakinamy w Rwandzie Ruch Maitri Adopcja Serca 01\"},{\"@type\":\"BreadcrumbList\",\"@id\":\"https:\/\/www.maitri.pl\/projekt\/pomoc-niepelnosprawnym-rwanda\/#breadcrumb\",\"itemListElement\":[{\"@type\":\"ListItem\",\"position\":1,\"name\":\"Strona g\u0142\u00f3wna\",\"item\":\"https:\/\/www.maitri.pl\/\"},{\"@type\":\"ListItem\",\"position\":2,\"name\":\"Sklep\",\"item\":\"https:\/\/www.maitri.pl\/sklep\/\"},{\"@type\":\"ListItem\",\"position\":3,\"name\":\"Pomoc niepe\u0142nosprawnym: op\u0142a\u0107 internat uczniom z Nyakinamy w Rwandzie\"}]},{\"@type\":\"WebSite\",\"@id\":\"https:\/\/www.maitri.pl\/#website\",\"url\":\"https:\/\/www.maitri.pl\/\",\"name\":\"Adopcja Serca Maitri \u2013 pomoc dzieciom w Afryce\",\"description\":\"Adopcja Serca \u2013 adopcja na odleg\u0142o\u015b\u0107, pomoc Afryce, do\u017cywianie i edukacja w Afryce\",\"publisher\":{\"@id\":\"https:\/\/www.maitri.pl\/#organization\"},\"potentialAction\":[{\"@type\":\"SearchAction\",\"target\":{\"@type\":\"EntryPoint\",\"urlTemplate\":\"https:\/\/www.maitri.pl\/?s={search_term_string}\"},\"query-input\":{\"@type\":\"PropertyValueSpecification\",\"valueRequired\":true,\"valueName\":\"search_term_string\"}}],\"inLanguage\":\"fr-FR\"},{\"@type\":\"Organization\",\"@id\":\"https:\/\/www.maitri.pl\/#organization\",\"name\":\"Stowarzyszenie Ruchu Maitri\",\"url\":\"https:\/\/www.maitri.pl\/\",\"logo\":{\"@type\":\"ImageObject\",\"inLanguage\":\"fr-FR\",\"@id\":\"https:\/\/www.maitri.pl\/#\/schema\/logo\/image\/\",\"url\":\"https:\/\/www.maitri.pl\/wp-content\/uploads\/2020\/04\/duze_logo-81.png\",\"contentUrl\":\"https:\/\/www.maitri.pl\/wp-content\/uploads\/2020\/04\/duze_logo-81.png\",\"width\":339,\"height\":321,\"caption\":\"Stowarzyszenie Ruchu Maitri\"},\"image\":{\"@id\":\"https:\/\/www.maitri.pl\/#\/schema\/logo\/image\/\"},\"sameAs\":[\"https:\/\/www.facebook.com\/MAITRI.Adopcja.Serca.dzieci.Afryki\/\"]}]}<\/script>\n<!-- \/ Yoast SEO plugin. -->","yoast_head_json":{"title":"Pomoc niepe\u0142nosprawnym: op\u0142a\u0107 internat uczniom z Nyakinamy","description":"Pomoc niepe\u0142nosprawnym: op\u0142a\u0107 internat uczniom z Nyakinamy w Rwandzie. Na wsparcie czeka 15 dzieci. O szlachetno\u015b\u0107 prosz\u0105 Siostry od Anio\u0142\u00f3w.","robots":{"index":"index","follow":"follow","max-snippet":"max-snippet:-1","max-image-preview":"max-image-preview:large","max-video-preview":"max-video-preview:-1"},"canonical":"https:\/\/www.maitri.pl\/projekt\/pomoc-niepelnosprawnym-rwanda\/","og_locale":"fr_FR","og_type":"article","og_title":"Pomoc niepe\u0142nosprawnym: op\u0142a\u0107 internat uczniom z Nyakinamy","og_description":"Pomoc niepe\u0142nosprawnym: op\u0142a\u0107 internat uczniom z Nyakinamy w Rwandzie. Na wsparcie czeka 15 dzieci. O szlachetno\u015b\u0107 prosz\u0105 Siostry od Anio\u0142\u00f3w.","og_url":"https:\/\/www.maitri.pl\/projekt\/pomoc-niepelnosprawnym-rwanda\/","og_site_name":"Ruch Maitri - Adopcja Serca pomoc Afryce","article_publisher":"https:\/\/www.facebook.com\/MAITRI.Adopcja.Serca.dzieci.Afryki\/","article_modified_time":"2025-03-31T12:15:07+00:00","og_image":[{"width":1984,"height":1488,"url":"https:\/\/www.maitri.pl\/wp-content\/uploads\/2023\/02\/Zalacznik-bez-tytulu-00086.jpg","type":"image\/jpeg"}],"twitter_card":"summary_large_image","twitter_misc":{"Dur\u00e9e de lecture estim\u00e9e":"3 minutes"},"schema":{"@context":"https:\/\/schema.org","@graph":[{"@type":"WebPage","@id":"https:\/\/www.maitri.pl\/projekt\/pomoc-niepelnosprawnym-rwanda\/","url":"https:\/\/www.maitri.pl\/projekt\/pomoc-niepelnosprawnym-rwanda\/","name":"Pomoc niepe\u0142nosprawnym: op\u0142a\u0107 internat uczniom z Nyakinamy","isPartOf":{"@id":"https:\/\/www.maitri.pl\/#website"},"primaryImageOfPage":{"@id":"https:\/\/www.maitri.pl\/projekt\/pomoc-niepelnosprawnym-rwanda\/#primaryimage"},"image":{"@id":"https:\/\/www.maitri.pl\/projekt\/pomoc-niepelnosprawnym-rwanda\/#primaryimage"},"thumbnailUrl":"https:\/\/www.maitri.pl\/wp-content\/uploads\/2023\/02\/Zalacznik-bez-tytulu-00086.jpg","datePublished":"2023-02-14T14:16:21+00:00","dateModified":"2025-03-31T12:15:07+00:00","description":"Pomoc niepe\u0142nosprawnym: op\u0142a\u0107 internat uczniom z Nyakinamy w Rwandzie. Na wsparcie czeka 15 dzieci. O szlachetno\u015b\u0107 prosz\u0105 Siostry od Anio\u0142\u00f3w.","breadcrumb":{"@id":"https:\/\/www.maitri.pl\/projekt\/pomoc-niepelnosprawnym-rwanda\/#breadcrumb"},"inLanguage":"fr-FR","potentialAction":[{"@type":"ReadAction","target":["https:\/\/www.maitri.pl\/projekt\/pomoc-niepelnosprawnym-rwanda\/"]}]},{"@type":"ImageObject","inLanguage":"fr-FR","@id":"https:\/\/www.maitri.pl\/projekt\/pomoc-niepelnosprawnym-rwanda\/#primaryimage","url":"https:\/\/www.maitri.pl\/wp-content\/uploads\/2023\/02\/Zalacznik-bez-tytulu-00086.jpg","contentUrl":"https:\/\/www.maitri.pl\/wp-content\/uploads\/2023\/02\/Zalacznik-bez-tytulu-00086.jpg","width":1984,"height":1488,"caption":"Pomoc niepe\u0142nosprawnym: op\u0142a\u0107 internat uczniom z Nyakinamy w Rwandzie Ruch Maitri Adopcja Serca 01"},{"@type":"BreadcrumbList","@id":"https:\/\/www.maitri.pl\/projekt\/pomoc-niepelnosprawnym-rwanda\/#breadcrumb","itemListElement":[{"@type":"ListItem","position":1,"name":"Strona g\u0142\u00f3wna","item":"https:\/\/www.maitri.pl\/"},{"@type":"ListItem","position":2,"name":"Sklep","item":"https:\/\/www.maitri.pl\/sklep\/"},{"@type":"ListItem","position":3,"name":"Pomoc niepe\u0142nosprawnym: op\u0142a\u0107 internat uczniom z Nyakinamy w Rwandzie"}]},{"@type":"WebSite","@id":"https:\/\/www.maitri.pl\/#website","url":"https:\/\/www.maitri.pl\/","name":"Adopcja Serca Maitri \u2013 pomoc dzieciom w Afryce","description":"Adopcja Serca \u2013 adopcja na odleg\u0142o\u015b\u0107, pomoc Afryce, do\u017cywianie i edukacja w Afryce","publisher":{"@id":"https:\/\/www.maitri.pl\/#organization"},"potentialAction":[{"@type":"SearchAction","target":{"@type":"EntryPoint","urlTemplate":"https:\/\/www.maitri.pl\/?s={search_term_string}"},"query-input":{"@type":"PropertyValueSpecification","valueRequired":true,"valueName":"search_term_string"}}],"inLanguage":"fr-FR"},{"@type":"Organization","@id":"https:\/\/www.maitri.pl\/#organization","name":"Stowarzyszenie Ruchu Maitri","url":"https:\/\/www.maitri.pl\/","logo":{"@type":"ImageObject","inLanguage":"fr-FR","@id":"https:\/\/www.maitri.pl\/#\/schema\/logo\/image\/","url":"https:\/\/www.maitri.pl\/wp-content\/uploads\/2020\/04\/duze_logo-81.png","contentUrl":"https:\/\/www.maitri.pl\/wp-content\/uploads\/2020\/04\/duze_logo-81.png","width":339,"height":321,"caption":"Stowarzyszenie Ruchu Maitri"},"image":{"@id":"https:\/\/www.maitri.pl\/#\/schema\/logo\/image\/"},"sameAs":["https:\/\/www.facebook.com\/MAITRI.Adopcja.Serca.dzieci.Afryki\/"]}]}},"_links":{"self":[{"href":"https:\/\/www.maitri.pl\/fr\/wp-json\/wp\/v2\/product\/25994","targetHints":{"allow":["GET"]}}],"collection":[{"href":"https:\/\/www.maitri.pl\/fr\/wp-json\/wp\/v2\/product"}],"about":[{"href":"https:\/\/www.maitri.pl\/fr\/wp-json\/wp\/v2\/types\/product"}],"wp:featuredmedia":[{"embeddable":true,"href":"https:\/\/www.maitri.pl\/fr\/wp-json\/wp\/v2\/media\/25998"}],"wp:attachment":[{"href":"https:\/\/www.maitri.pl\/fr\/wp-json\/wp\/v2\/media?parent=25994"}],"wp:term":[{"taxonomy":"product_brand","embeddable":true,"href":"https:\/\/www.maitri.pl\/fr\/wp-json\/wp\/v2\/product_brand?post=25994"},{"taxonomy":"product_cat","embeddable":true,"href":"https:\/\/www.maitri.pl\/fr\/wp-json\/wp\/v2\/product_cat?post=25994"},{"taxonomy":"product_tag","embeddable":true,"href":"https:\/\/www.maitri.pl\/fr\/wp-json\/wp\/v2\/product_tag?post=25994"}],"curies":[{"name":"wp","href":"https:\/\/api.w.org\/{rel}","templated":true}]}}